{"id":1162,"date":"2025-05-23T15:59:02","date_gmt":"2025-05-23T08:59:02","guid":{"rendered":"https:\/\/noithathuuthinh.vn\/san-pham\/ban-giam-doc-the-one-dt1890h17\/"},"modified":"2025-09-20T16:04:40","modified_gmt":"2025-09-20T09:04:40","slug":"ban-giam-doc-dt1890h17","status":"publish","type":"product","link":"https:\/\/www.noithathuuthinh.vn\/zh-hans\/san-pham\/ban-giam-doc-dt1890h17\/","title":{"rendered":"B\u00e0n Gi\u00e1m \u0110\u1ed1c DT1890H17"},"content":{"rendered":"<p data-start=\"539\" data-end=\"629\"><strong data-start=\"539\" data-end=\"627\">B\u00e0n Gi\u00e1m \u0111\u1ed1c DT1890H17 \u2013 Thi\u1ebft k\u1ebf l\u01b0\u1ee3n cong hi\u1ec7n \u0111\u1ea1i, kh\u1eb3ng \u0111\u1ecbnh phong th\u00e1i l\u00e3nh \u0111\u1ea1o<\/strong><\/p>\n<p data-start=\"631\" data-end=\"1041\">Kh\u00f4ng gian v\u0103n ph\u00f2ng c\u1ee7a l\u00e3nh \u0111\u1ea1o lu\u00f4n \u0111\u00f2i h\u1ecfi s\u1ef1 ch\u1ec9n chu, sang tr\u1ecdng v\u00e0 th\u1ec3 hi\u1ec7n r\u00f5 c\u00e1 t\u00ednh, v\u1ecb th\u1ebf c\u1ee7a ng\u01b0\u1eddi \u0111\u1ee9ng \u0111\u1ea7u. Trong s\u1ed1 nh\u1eefng l\u1ef1a ch\u1ecdn b\u00e0n gi\u00e1m \u0111\u1ed1c hi\u1ec7n nay, <strong data-start=\"800\" data-end=\"826\">B\u00e0n Gi\u00e1m \u0111\u1ed1c DT1890H17<\/strong> n\u1ed5i b\u1eadt v\u1edbi phong c\u00e1ch thi\u1ebft k\u1ebf l\u01b0\u1ee3n cong m\u1ec1m m\u1ea1i, chi ti\u1ebft trang tr\u00ed tinh t\u1ebf v\u00e0 ch\u1ea5t li\u1ec7u s\u01a1n PU cao c\u1ea5p. \u0110\u00e2y kh\u00f4ng ch\u1ec9 l\u00e0 chi\u1ebfc b\u00e0n l\u00e0m vi\u1ec7c th\u00f4ng th\u01b0\u1eddng m\u00e0 c\u00f2n l\u00e0 \u201ctuy\u00ean ng\u00f4n\u201d cho s\u1ef1 chuy\u00ean nghi\u1ec7p v\u00e0 \u0111\u1eb3ng c\u1ea5p.<\/p>\n<h4 data-start=\"1043\" data-end=\"1086\">Thi\u1ebft k\u1ebf l\u01b0\u1ee3n cong m\u1ec1m m\u1ea1i, hi\u1ec7n \u0111\u1ea1i<\/h4>\n<p data-start=\"1087\" data-end=\"1384\">\u0110i\u1ec3m \u0111\u1eb7c bi\u1ec7t \u0111\u1ea7u ti\u00ean c\u1ee7a DT1890H17 n\u1eb1m \u1edf <strong data-start=\"1130\" data-end=\"1151\">m\u1eb7t b\u00e0n l\u01b0\u1ee3n cong<\/strong> \u2013 thi\u1ebft k\u1ebf v\u1eeba mang t\u00ednh th\u1ea9m m\u1ef9, v\u1eeba t\u1ea1o c\u1ea3m gi\u00e1c g\u1ea7n g\u0169i v\u00e0 c\u1edfi m\u1edf khi ti\u1ebfp x\u00fac v\u1edbi \u0111\u1ed1i t\u00e1c, kh\u00e1ch h\u00e0ng. So v\u1edbi ki\u1ec3u d\u00e1ng ch\u1eef nh\u1eadt truy\u1ec1n th\u1ed1ng, b\u00e0n l\u01b0\u1ee3n cong mang \u0111\u1ebfn n\u00e9t m\u1edbi m\u1ebb, m\u1ec1m m\u1ea1i, ph\u00f9 h\u1ee3p v\u1edbi xu h\u01b0\u1edbng n\u1ed9i th\u1ea5t hi\u1ec7n \u0111\u1ea1i.<\/p>\n<p data-start=\"1386\" data-end=\"1730\">Ph\u1ea7n <strong data-start=\"1391\" data-end=\"1421\">y\u1ebfm b\u00e0n \u1ed1p n\u1ed5i t\u1ea5m PVC \u0111en<\/strong> ch\u00ednh l\u00e0 chi ti\u1ebft nh\u1ea5n nh\u00e1 gi\u00fap b\u00e0n tr\u1edf n\u00ean n\u1ed5i b\u1eadt h\u01a1n. T\u00f4ng m\u00e0u \u0111en m\u1ea1nh m\u1ebd k\u1ebft h\u1ee3p c\u00f9ng l\u1edbp s\u01a1n PU b\u00f3ng m\u1ecbn t\u1ea1o n\u00ean s\u1ef1 t\u01b0\u01a1ng ph\u1ea3n tinh t\u1ebf, v\u1eeba sang tr\u1ecdng v\u1eeba quy\u1ec1n l\u1ef1c. Ngo\u00e0i ra, ph\u1ea7n <strong data-start=\"1609\" data-end=\"1636\">ch\u00e2n b\u00e0n gh\u00e9p h\u1ed9p ch\u1eef L<\/strong>, m\u1eb7t tr\u01b0\u1edbc \u0111\u01b0\u1ee3c <strong data-start=\"1653\" data-end=\"1682\">soi ch\u1ec9 s\u01a1n \u0111en trang tr\u00ed<\/strong>, th\u1ec3 hi\u1ec7n s\u1ef1 t\u1ec9 m\u1ec9 v\u00e0 tinh t\u1ebf trong thi\u1ebft k\u1ebf.<\/p>\n<h4 data-start=\"1732\" data-end=\"1788\">Ch\u1ea5t li\u1ec7u s\u01a1n PU cao c\u1ea5p \u2013 b\u1ec1n \u0111\u1eb9p theo th\u1eddi gian<\/h4>\n<p data-start=\"1789\" data-end=\"2055\">B\u00e0n DT1890H17 \u0111\u01b0\u1ee3c ho\u00e0n thi\u1ec7n b\u1eb1ng <strong data-start=\"1824\" data-end=\"1842\">s\u01a1n PU cao c\u1ea5p<\/strong>, mang l\u1ea1i b\u1ec1 m\u1eb7t l\u00e1ng m\u1ecbn, s\u00e1ng b\u00f3ng, ch\u1ed1ng tr\u1ea7y x\u01b0\u1edbc v\u00e0 h\u1ea1n ch\u1ebf b\u00e1m b\u1ee5i hi\u1ec7u qu\u1ea3. L\u1edbp s\u01a1n PU kh\u00f4ng ch\u1ec9 b\u1ea3o v\u1ec7 c\u1ed1t g\u1ed7 b\u00ean trong m\u00e0 c\u00f2n gi\u00fap gi\u1eef m\u00e0u s\u1eafc b\u1ec1n \u0111\u1eb9p l\u00e2u d\u00e0i, ph\u00f9 h\u1ee3p v\u1edbi kh\u00ed h\u1eadu n\u00f3ng \u1ea9m t\u1ea1i Vi\u1ec7t Nam.<\/p>\n<p data-start=\"2057\" data-end=\"2239\">Ch\u1ea5t li\u1ec7u g\u1ed7 c\u00f4ng nghi\u1ec7p ch\u1ea5t l\u01b0\u1ee3ng cao, k\u1ebft h\u1ee3p c\u00f9ng c\u00f4ng ngh\u1ec7 s\u1ea3n xu\u1ea5t hi\u1ec7n \u0111\u1ea1i c\u1ee7a N\u1ed8I TH\u1ea4T THE ONE, gi\u00fap b\u00e0n c\u00f3 \u0111\u1ed9 b\u1ec1n v\u01b0\u1ee3t tr\u1ed9i, h\u1ea1n ch\u1ebf cong v\u00eanh v\u00e0 \u0111\u1ea3m b\u1ea3o tu\u1ed5i th\u1ecd l\u00e2u d\u00e0i.<\/p>\n<h4 data-start=\"2241\" data-end=\"2301\">K\u00edch th\u01b0\u1edbc ti\u00eau chu\u1ea9n \u2013 kh\u00f4ng gian l\u00e0m vi\u1ec7c tho\u1ea3i m\u00e1i<\/h4>\n<p data-start=\"2302\" data-end=\"2581\">V\u1edbi k\u00edch th\u01b0\u1edbc <strong data-start=\"2317\" data-end=\"2343\">W1800 x D900 x H760 mm<\/strong>, b\u00e0n mang \u0111\u1ebfn b\u1ec1 m\u1eb7t \u0111\u1ee7 r\u1ed9ng r\u00e3i cho vi\u1ec7c b\u1ed1 tr\u00ed m\u00e1y t\u00ednh, t\u00e0i li\u1ec7u, s\u1ed5 s\u00e1ch c\u0169ng nh\u01b0 c\u00e1c v\u1eadt d\u1ee5ng c\u00e1 nh\u00e2n ho\u1eb7c \u0111\u1ed3 trang tr\u00ed phong th\u1ee7y. Chi\u1ec1u cao ti\u00eau chu\u1ea9n 760 mm \u0111\u1ea3m b\u1ea3o s\u1ef1 tho\u1ea3i m\u00e1i cho ng\u01b0\u1eddi d\u00f9ng trong su\u1ed1t qu\u00e1 tr\u00ecnh l\u00e0m vi\u1ec7c d\u00e0i.<\/p>\n<p data-start=\"2583\" data-end=\"2758\">Ngo\u00e0i ra, thi\u1ebft k\u1ebf b\u00e0n c\u00f3 th\u1ec3 k\u1ebft h\u1ee3p c\u00f9ng h\u1ed9c di \u0111\u1ed9ng, t\u1ee7 ph\u1ee5 ho\u1eb7c gh\u1ebf gi\u00e1m \u0111\u1ed1c cao c\u1ea5p, t\u1ea1o th\u00e0nh m\u1ed9t b\u1ed9 s\u1ea3n ph\u1ea9m \u0111\u1ed3ng b\u1ed9, n\u00e2ng cao ti\u1ec7n \u00edch v\u00e0 t\u00ednh th\u1ea9m m\u1ef9 cho v\u0103n ph\u00f2ng.<\/p>\n<h4 data-start=\"2760\" data-end=\"2803\">T\u1ea1o d\u1ef1ng h\u00ecnh \u1ea3nh l\u00e3nh \u0111\u1ea1o quy\u1ec1n l\u1ef1c<\/h4>\n<p data-start=\"2804\" data-end=\"3164\">Kh\u00f4ng ch\u1ec9 d\u1eebng l\u1ea1i \u1edf c\u00f4ng n\u0103ng, b\u00e0n gi\u00e1m \u0111\u1ed1c DT1890H17 c\u00f2n g\u00f3p ph\u1ea7n quan tr\u1ecdng trong vi\u1ec7c \u0111\u1ecbnh h\u00ecnh phong th\u00e1i l\u00e3nh \u0111\u1ea1o. Ki\u1ec3u d\u00e1ng l\u01b0\u1ee3n cong m\u1ec1m m\u1ea1i k\u1ebft h\u1ee3p v\u1edbi chi ti\u1ebft trang tr\u00ed \u0111en sang tr\u1ecdng mang \u0111\u1ebfn s\u1ef1 c\u00e2n b\u1eb1ng gi\u1eefa uy nghi\u00eam v\u00e0 hi\u1ec7n \u0111\u1ea1i. \u0110\u00e2y l\u00e0 chi\u1ebfc b\u00e0n l\u00fd t\u01b0\u1edfng cho nh\u1eefng nh\u00e0 qu\u1ea3n l\u00fd, gi\u00e1m \u0111\u1ed1c mu\u1ed1n kh\u1eb3ng \u0111\u1ecbnh b\u1ea3n l\u0129nh l\u00e3nh \u0111\u1ea1o v\u00e0 gu th\u1ea9m m\u1ef9 tinh t\u1ebf.<\/p>\n<p data-start=\"3166\" data-end=\"3420\">Khi \u0111\u1eb7t trong v\u0103n ph\u00f2ng, s\u1ea3n ph\u1ea9m kh\u00f4ng ch\u1ec9 n\u00e2ng t\u1ea7m kh\u00f4ng gian l\u00e0m vi\u1ec7c m\u00e0 c\u00f2n t\u1ea1o d\u1ef1ng s\u1ef1 tin t\u01b0\u1edfng v\u00e0 \u1ea5n t\u01b0\u1ee3ng m\u1ea1nh m\u1ebd v\u1edbi \u0111\u1ed1i t\u00e1c, kh\u00e1ch h\u00e0ng. \u0110\u1ed3ng th\u1eddi, thi\u1ebft k\u1ebf khoa h\u1ecdc v\u00e0 ti\u1ec7n nghi c\u0169ng truy\u1ec1n c\u1ea3m h\u1ee9ng l\u00e0m vi\u1ec7c t\u00edch c\u1ef1c cho ch\u00ednh ng\u01b0\u1eddi s\u1eed d\u1ee5ng.<\/p>\n<h4 data-start=\"3422\" data-end=\"3437\">K\u1ebft lu\u1eadn<\/h4>\n<p data-start=\"3438\" data-end=\"3850\"><strong data-start=\"3438\" data-end=\"3464\">B\u00e0n Gi\u00e1m \u0111\u1ed1c DT1890H17<\/strong> l\u00e0 s\u1ef1 l\u1ef1a ch\u1ecdn ho\u00e0n h\u1ea3o cho c\u00e1c kh\u00f4ng gian v\u0103n ph\u00f2ng l\u00e3nh \u0111\u1ea1o hi\u1ec7n \u0111\u1ea1i. V\u1edbi thi\u1ebft k\u1ebf l\u01b0\u1ee3n cong tinh t\u1ebf, ch\u1ea5t li\u1ec7u s\u01a1n PU cao c\u1ea5p v\u00e0 nh\u1eefng chi ti\u1ebft trang tr\u00ed \u0111\u1eb3ng c\u1ea5p, s\u1ea3n ph\u1ea9m kh\u00f4ng ch\u1ec9 mang \u0111\u1ebfn c\u00f4ng n\u0103ng v\u01b0\u1ee3t tr\u1ed9i m\u00e0 c\u00f2n kh\u1eb3ng \u0111\u1ecbnh phong c\u00e1ch l\u00e3nh \u0111\u1ea1o sang tr\u1ecdng, quy\u1ec1n l\u1ef1c. \u0110\u00e2y ch\u1eafc ch\u1eafn l\u00e0 s\u1ef1 \u0111\u1ea7u t\u01b0 x\u1ee9ng \u0111\u00e1ng \u0111\u1ec3 n\u00e2ng t\u1ea7m kh\u00f4ng gian l\u00e0m vi\u1ec7c v\u00e0 th\u1ec3 hi\u1ec7n v\u1ecb th\u1ebf c\u1ee7a ng\u01b0\u1eddi \u0111\u1ee9ng \u0111\u1ea7u.<\/p>\n<p data-start=\"3852\" data-end=\"4028\"><em data-start=\"3852\" data-end=\"4026\">L\u01b0u \u00fd: M\u00e0u s\u1eafc s\u1ea3n ph\u1ea9m c\u00f3 th\u1ec3 kh\u00e1c bi\u1ec7t so v\u1edbi th\u1ef1c t\u1ebf do \u00e1nh s\u00e1ng v\u00e0 h\u00ecnh \u1ea3nh m\u00f4 ph\u1ecfng. Qu\u00fd kh\u00e1ch vui l\u00f2ng ki\u1ec3m tra tr\u1ef1c ti\u1ebfp tr\u01b0\u1edbc khi \u0111\u1eb7t h\u00e0ng \u0111\u1ec3 c\u00f3 l\u1ef1a ch\u1ecdn ch\u00ednh x\u00e1c.<\/em><\/p>\n","protected":false},"excerpt":{"rendered":"<p data-start=\"31\" data-end=\"152\"><strong data-start=\"31\" data-end=\"150\">B\u00e0n Gi\u00e1m \u0111\u1ed1c DT1890H17 \u2013 B\u00e0n l\u00e3nh \u0111\u1ea1o s\u01a1n PU cao c\u1ea5p m\u1eb7t l\u01b0\u1ee3n cong, y\u1ebfm b\u00e0n \u1ed1p n\u1ed5i PVC \u0111en, ch\u00e2n b\u00e0n gh\u00e9p h\u1ed9p ch\u1eef L<\/strong><\/p>\n<p data-start=\"154\" data-end=\"490\">K\u00edch th\u01b0\u1edbc: W1800 x D900 x H760 (mm)<br data-start=\"190\" data-end=\"193\" \/>Xu\u1ea5t x\u1ee9: S\u1ea3n ph\u1ea9m c\u1ee7a c\u00f4ng ty N\u1ed8I TH\u1ea4T THE ONE \u2013 Ph\u00e2n ph\u1ed1i b\u1edfi C\u00d4NG TY TNHH SXTM TTNT H\u1eeeU TH\u1ecaNH<br data-start=\"288\" data-end=\"291\" \/>B\u1ea3o h\u00e0nh: 12 th\u00e1ng theo ti\u00eau chu\u1ea9n nh\u00e0 m\u00e1y<br data-start=\"333\" data-end=\"336\" \/><span style=\"color: #ed1c24;\"><em data-start=\"336\" data-end=\"488\">L\u01b0u \u00fd: Gi\u00e1 tr\u00ean ch\u01b0a bao g\u1ed3m VAT v\u00e0 ph\u00ed v\u1eadn chuy\u1ec3n. Gi\u00e1 s\u1ea3n ph\u1ea9m c\u00f3 th\u1ec3 thay \u0111\u1ed5i theo t\u1eebng th\u1eddi \u0111i\u1ec3m, vui l\u00f2ng li\u00ean h\u1ec7 \u0111\u1ec3 nh\u1eadn t\u01b0 v\u1ea5n \u01b0u \u0111\u00e3i t\u1ed1t nh\u1ea5t.<\/em><\/span><\/p>\n","protected":false},"featured_media":3326,"comment_status":"closed","ping_status":"closed","template":"","meta":[],"product_brand":[],"product_cat":[17,756],"product_tag":[],"class_list":{"0":"post-1162","1":"product","2":"type-product","3":"status-publish","4":"has-post-thumbnail","6":"product_cat-noi-that-van-phong","7":"product_cat-ban-giam-doc","9":"first","10":"instock","11":"taxable","12":"shipping-taxable","13":"purchasable","14":"product-type-simple"},"_links":{"self":[{"href":"https:\/\/www.noithathuuthinh.vn\/zh-hans\/wp-json\/wp\/v2\/product\/1162","targetHints":{"allow":["GET"]}}],"collection":[{"href":"https:\/\/www.noithathuuthinh.vn\/zh-hans\/wp-json\/wp\/v2\/product"}],"about":[{"href":"https:\/\/www.noithathuuthinh.vn\/zh-hans\/wp-json\/wp\/v2\/types\/product"}],"replies":[{"embeddable":true,"href":"https:\/\/www.noithathuuthinh.vn\/zh-hans\/wp-json\/wp\/v2\/comments?post=1162"}],"wp:featuredmedia":[{"embeddable":true,"href":"https:\/\/www.noithathuuthinh.vn\/zh-hans\/wp-json\/wp\/v2\/media\/3326"}],"wp:attachment":[{"href":"https:\/\/www.noithathuuthinh.vn\/zh-hans\/wp-json\/wp\/v2\/media?parent=1162"}],"wp:term":[{"taxonomy":"product_brand","embeddable":true,"href":"https:\/\/www.noithathuuthinh.vn\/zh-hans\/wp-json\/wp\/v2\/product_brand?post=1162"},{"taxonomy":"product_cat","embeddable":true,"href":"https:\/\/www.noithathuuthinh.vn\/zh-hans\/wp-json\/wp\/v2\/product_cat?post=1162"},{"taxonomy":"product_tag","embeddable":true,"href":"https:\/\/www.noithathuuthinh.vn\/zh-hans\/wp-json\/wp\/v2\/product_tag?post=1162"}],"curies":[{"name":"wp","href":"https:\/\/api.w.org\/{rel}","templated":true}]}}