{"id":1170,"date":"2025-05-23T16:00:44","date_gmt":"2025-05-23T09:00:44","guid":{"rendered":"https:\/\/noithathuuthinh.vn\/san-pham\/ban-giam-doc-the-one-dt1890vm12\/"},"modified":"2025-09-27T13:31:03","modified_gmt":"2025-09-27T06:31:03","slug":"ban-giam-doc-dt1890vm12","status":"publish","type":"product","link":"https:\/\/www.noithathuuthinh.vn\/zh-hans\/san-pham\/ban-giam-doc-dt1890vm12\/","title":{"rendered":"B\u00e0n Gi\u00e1m \u0110\u1ed1c DT1890VM12"},"content":{"rendered":"<div class=\"col-top-content des-content\">\n<h3 data-start=\"654\" data-end=\"737\">B\u00e0n Gi\u00e1m \u0111\u1ed1c DT1890VM12 \u2013 S\u1ef1 l\u1ef1a ch\u1ecdn tinh t\u1ebf cho v\u0103n ph\u00f2ng l\u00e3nh \u0111\u1ea1o hi\u1ec7n \u0111\u1ea1i<\/h3>\n<p data-start=\"739\" data-end=\"1223\">Trong m\u00f4i tr\u01b0\u1eddng l\u00e0m vi\u1ec7c chuy\u00ean nghi\u1ec7p, \u0111\u1eb7c bi\u1ec7t l\u00e0 kh\u00f4ng gian d\u00e0nh ri\u00eang cho l\u00e3nh \u0111\u1ea1o, b\u00e0n gi\u00e1m \u0111\u1ed1c kh\u00f4ng ch\u1ec9 \u0111\u01a1n thu\u1ea7n l\u00e0 n\u01a1i l\u00e0m vi\u1ec7c m\u00e0 c\u00f2n l\u00e0 \u0111i\u1ec3m nh\u1ea5n quan tr\u1ecdng, ph\u1ea3n \u00e1nh phong th\u00e1i, v\u1ecb th\u1ebf v\u00e0 gu th\u1ea9m m\u1ef9 c\u1ee7a ng\u01b0\u1eddi \u0111\u1ee9ng \u0111\u1ea7u. <strong data-start=\"971\" data-end=\"998\">B\u00e0n Gi\u00e1m \u0111\u1ed1c DT1890VM12<\/strong> l\u00e0 m\u1ed9t trong nh\u1eefng d\u00f2ng s\u1ea3n ph\u1ea9m cao c\u1ea5p \u0111\u1ebfn t\u1eeb th\u01b0\u01a1ng hi\u1ec7u N\u1ed8I TH\u1ea4T THE ONE, \u0111\u01b0\u1ee3c thi\u1ebft k\u1ebf \u0111\u1ec3 \u0111\u00e1p \u1ee9ng \u0111\u1ed3ng th\u1eddi c\u1ea3 nhu c\u1ea7u s\u1eed d\u1ee5ng ti\u1ec7n \u00edch l\u1eabn y\u00eau c\u1ea7u v\u1ec1 t\u00ednh th\u1ea9m m\u1ef9, mang \u0111\u1ebfn kh\u00f4ng gian l\u00e0m vi\u1ec7c \u0111\u1eb3ng c\u1ea5p v\u00e0 sang tr\u1ecdng.<\/p>\n<p data-start=\"1225\" data-end=\"1685\">S\u1ea3n ph\u1ea9m \u0111\u01b0\u1ee3c thi\u1ebft k\u1ebf v\u1edbi <strong data-start=\"1252\" data-end=\"1289\">k\u00edch th\u01b0\u1edbc W1800 x D900 x H760 mm<\/strong>, v\u1eeba v\u1eb7n cho nh\u1eefng v\u0103n ph\u00f2ng c\u00f3 di\u1ec7n t\u00edch trung b\u00ecnh \u0111\u1ebfn l\u1edbn. K\u00edch th\u01b0\u1edbc n\u00e0y t\u1ea1o n\u00ean m\u1eb7t b\u00e0n r\u1ed9ng r\u00e3i, \u0111\u1ee7 kh\u00f4ng gian \u0111\u1ec3 b\u1ed1 tr\u00ed m\u00e1y t\u00ednh, t\u00e0i li\u1ec7u, \u0111i\u1ec7n tho\u1ea1i v\u00e0 c\u00e1c v\u1eadt d\u1ee5ng trang tr\u00ed kh\u00e1c, gi\u00fap kh\u00f4ng gian l\u00e0m vi\u1ec7c tr\u1edf n\u00ean g\u1ecdn g\u00e0ng v\u00e0 khoa h\u1ecdc. \u0110\u1ed3ng th\u1eddi, chi\u1ec1u cao chu\u1ea9n c\u1ee7a b\u00e0n c\u0169ng mang l\u1ea1i s\u1ef1 tho\u1ea3i m\u00e1i, h\u1ed7 tr\u1ee3 t\u01b0 th\u1ebf ng\u1ed3i chu\u1ea9n m\u1ef1c, g\u00f3p ph\u1ea7n n\u00e2ng cao hi\u1ec7u su\u1ea5t l\u00e0m vi\u1ec7c cho ng\u01b0\u1eddi s\u1eed d\u1ee5ng.<\/p>\n<p data-start=\"1687\" data-end=\"2072\">\u0110i\u1ec3m n\u1ed5i b\u1eadt c\u1ee7a <strong data-start=\"1704\" data-end=\"1718\">DT1890VM12<\/strong> ch\u00ednh l\u00e0 s\u1ef1 k\u1ebft h\u1ee3p gi\u1eefa <strong data-start=\"1744\" data-end=\"1783\">Veneer t\u1ef1 nhi\u00ean v\u00e0 Melamine cao c\u1ea5p<\/strong>. Veneer mang l\u1ea1i v\u1ebb \u0111\u1eb9p m\u1ed9c m\u1ea1c, sang tr\u1ecdng v\u1edbi v\u00e2n g\u1ed7 tinh t\u1ebf, t\u1ef1 nhi\u00ean, trong khi Melamine b\u1ed5 sung t\u00ednh n\u0103ng b\u1ec1n b\u1ec9, ch\u1ed1ng cong v\u00eanh, tr\u1ea7y x\u01b0\u1edbc v\u00e0 ch\u1ed1ng th\u1ea5m n\u01b0\u1edbc. S\u1ef1 k\u1ebft h\u1ee3p n\u00e0y kh\u00f4ng ch\u1ec9 gi\u00fap b\u00e0n c\u00f3 tu\u1ed5i th\u1ecd l\u00e2u d\u00e0i m\u00e0 c\u00f2n duy tr\u00ec \u0111\u01b0\u1ee3c v\u1ebb \u0111\u1eb9p m\u1edbi m\u1ebb, hi\u1ec7n \u0111\u1ea1i sau nhi\u1ec1u n\u0103m s\u1eed d\u1ee5ng.<\/p>\n<p data-start=\"2074\" data-end=\"2154\">B\u00ean c\u1ea1nh \u0111\u00f3, s\u1ea3n ph\u1ea9m c\u00f2n \u0111\u01b0\u1ee3c thi\u1ebft k\u1ebf v\u1edbi c\u00e1c chi ti\u1ebft \u1ed1p trang tr\u00ed n\u1ed5i b\u1eadt:<\/p>\n<ul data-start=\"2155\" data-end=\"2353\">\n<li data-start=\"2155\" data-end=\"2255\">\n<p data-start=\"2157\" data-end=\"2255\"><strong data-start=\"2157\" data-end=\"2169\">D\u00f2ng VM:<\/strong> s\u1eed d\u1ee5ng \u1ed1p PVC m\u00e0u n\u00e2u, mang \u0111\u1ebfn s\u1ef1 \u1ea5m \u00e1p, g\u1ea7n g\u0169i nh\u01b0ng kh\u00f4ng k\u00e9m ph\u1ea7n sang tr\u1ecdng.<\/p>\n<\/li>\n<li data-start=\"2256\" data-end=\"2353\">\n<p data-start=\"2258\" data-end=\"2353\"><strong data-start=\"2258\" data-end=\"2269\">D\u00f2ng V:<\/strong> s\u1eed d\u1ee5ng \u1ed1p m\u00e0u \u0111en huy\u1ec1n b\u00ed, t\u1ea1o s\u1ef1 m\u1ea1nh m\u1ebd v\u00e0 quy\u1ec1n l\u1ef1c cho kh\u00f4ng gian l\u00e3nh \u0111\u1ea1o.<\/p>\n<\/li>\n<\/ul>\n<p data-start=\"2355\" data-end=\"2472\">S\u1ef1 \u0111a d\u1ea1ng n\u00e0y gi\u00fap kh\u00e1ch h\u00e0ng d\u1ec5 d\u00e0ng l\u1ef1a ch\u1ecdn m\u1eabu ph\u00f9 h\u1ee3p v\u1edbi s\u1edf th\u00edch v\u00e0 phong c\u00e1ch thi\u1ebft k\u1ebf n\u1ed9i th\u1ea5t v\u0103n ph\u00f2ng.<\/p>\n<p data-start=\"2474\" data-end=\"2839\">M\u1ed9t chi ti\u1ebft \u0111\u00e1ng ch\u00fa \u00fd kh\u00e1c l\u00e0 <strong data-start=\"2506\" data-end=\"2549\">b\u1ec1 m\u1eb7t b\u00e0n r\u1ed9ng, vu\u00f4ng v\u1eafn v\u00e0 ch\u1eafc ch\u1eafn<\/strong>, d\u1ec5 d\u00e0ng ph\u1ed1i h\u1ee3p c\u00f9ng c\u00e1c s\u1ea3n ph\u1ea9m kh\u00e1c nh\u01b0 gh\u1ebf gi\u00e1m \u0111\u1ed1c, t\u1ee7 t\u00e0i li\u1ec7u hay h\u1ed9c di \u0111\u1ed9ng, t\u1ea1o th\u00e0nh m\u1ed9t b\u1ed9 n\u1ed9i th\u1ea5t \u0111\u1ed3ng b\u1ed9 v\u00e0 chuy\u00ean nghi\u1ec7p. B\u00e0n gi\u00e1m \u0111\u1ed1c DT1890VM12 kh\u00f4ng ch\u1ec9 ph\u1ee5c v\u1ee5 t\u1ed1t nhu c\u1ea7u c\u00f4ng vi\u1ec7c h\u1eb1ng ng\u00e0y m\u00e0 c\u00f2n gi\u00fap n\u00e2ng cao h\u00ecnh \u1ea3nh doanh nghi\u1ec7p trong m\u1eaft \u0111\u1ed1i t\u00e1c, kh\u00e1ch h\u00e0ng.<\/p>\n<p data-start=\"2841\" data-end=\"3124\">S\u1ea3n ph\u1ea9m \u0111\u01b0\u1ee3c s\u1ea3n xu\u1ea5t tr\u00ean d\u00e2y chuy\u1ec1n c\u00f4ng ngh\u1ec7 hi\u1ec7n \u0111\u1ea1i v\u1edbi ti\u00eau chu\u1ea9n kh\u1eaft khe. <strong data-start=\"2924\" data-end=\"2953\">Dung sai k\u00edch th\u01b0\u1edbc \u00b15 mm<\/strong> ch\u1ee9ng t\u1ecf s\u1ef1 t\u1ec9 m\u1ec9, ch\u00ednh x\u00e1c trong qu\u00e1 tr\u00ecnh ch\u1ebf t\u00e1c. T\u1eebng \u0111\u01b0\u1eddng c\u1eaft, t\u1eebng chi ti\u1ebft gh\u00e9p n\u1ed1i \u0111\u1ec1u \u0111\u01b0\u1ee3c gia c\u00f4ng k\u1ef9 l\u01b0\u1ee1ng, \u0111\u1ea3m b\u1ea3o s\u1ef1 ch\u1eafc ch\u1eafn v\u00e0 b\u1ec1n \u0111\u1eb9p theo th\u1eddi gian.<\/p>\n<p data-start=\"3126\" data-end=\"3518\">Ngo\u00e0i c\u00f4ng n\u0103ng v\u00e0 th\u1ea9m m\u1ef9, b\u00e0n gi\u00e1m \u0111\u1ed1c DT1890VM12 c\u00f2n mang \u00fd ngh\u0129a phong th\u1ee7y quan tr\u1ecdng. M\u1ed9t chi\u1ebfc b\u00e0n l\u00e0m vi\u1ec7c sang tr\u1ecdng, c\u00e2n \u0111\u1ed1i s\u1ebd g\u00f3p ph\u1ea7n t\u1ea1o ra n\u0103ng l\u01b0\u1ee3ng t\u00edch c\u1ef1c, kh\u01a1i ngu\u1ed3n c\u1ea3m h\u1ee9ng s\u00e1ng t\u1ea1o v\u00e0 h\u1ed7 tr\u1ee3 ng\u01b0\u1eddi l\u00e3nh \u0111\u1ea1o \u0111\u01b0a ra nh\u1eefng quy\u1ebft \u0111\u1ecbnh s\u00e1ng su\u1ed1t. \u0110\u00e2y c\u0169ng l\u00e0 y\u1ebfu t\u1ed1 gi\u00fap mang l\u1ea1i s\u1ef1 t\u1ef1 tin, kh\u1eb3ng \u0111\u1ecbnh phong th\u00e1i v\u00e0 v\u1ecb th\u1ebf trong m\u1eaft \u0111\u1ed3ng nghi\u1ec7p c\u0169ng nh\u01b0 \u0111\u1ed1i t\u00e1c kinh doanh.<\/p>\n<p data-start=\"3520\" data-end=\"3905\">V\u1edbi thi\u1ebft k\u1ebf hi\u1ec7n \u0111\u1ea1i, ch\u1ea5t li\u1ec7u cao c\u1ea5p v\u00e0 k\u00edch th\u01b0\u1edbc ti\u00eau chu\u1ea9n, <strong data-start=\"3587\" data-end=\"3614\">B\u00e0n Gi\u00e1m \u0111\u1ed1c DT1890VM12<\/strong> ch\u00ednh l\u00e0 l\u1ef1a ch\u1ecdn l\u00fd t\u01b0\u1edfng cho nh\u1eefng nh\u00e0 qu\u1ea3n l\u00fd, gi\u00e1m \u0111\u1ed1c \u0111ang t\u00ecm ki\u1ebfm m\u1ed9t kh\u00f4ng gian l\u00e0m vi\u1ec7c v\u1eeba ti\u1ec7n nghi v\u1eeba sang tr\u1ecdng. \u0110\u00e2y kh\u00f4ng ch\u1ec9 l\u00e0 m\u1ed9t chi\u1ebfc b\u00e0n l\u00e0m vi\u1ec7c, m\u00e0 c\u00f2n l\u00e0 <strong data-start=\"3793\" data-end=\"3840\">bi\u1ec3u t\u01b0\u1ee3ng c\u1ee7a s\u1ef1 th\u00e0nh c\u00f4ng v\u00e0 th\u1ecbnh v\u01b0\u1ee3ng<\/strong>, \u0111\u1ed3ng h\u00e0nh c\u00f9ng l\u00e3nh \u0111\u1ea1o trong qu\u00e1 tr\u00ecnh ph\u00e1t tri\u1ec3n s\u1ef1 nghi\u1ec7p.<\/p>\n<\/div>\n","protected":false},"excerpt":{"rendered":"<div class=\"\">\n<p><strong data-start=\"115\" data-end=\"253\">B\u00e0n Gi\u00e1m \u0111\u1ed1c DT1890VM12 \u2013 B\u00e0n l\u00e3nh \u0111\u1ea1o cao c\u1ea5p, s\u1eed d\u1ee5ng ch\u1ea5t li\u1ec7u Veneer k\u1ebft h\u1ee3p Melamine, mang \u0111\u1ebfn s\u1ef1 sang tr\u1ecdng v\u00e0 \u0111\u1ed9 b\u1ec1n v\u01b0\u1ee3t tr\u1ed9i.<\/strong><br data-start=\"253\" data-end=\"256\" \/><strong>K\u00edch th\u01b0\u1edbc :<\/strong><br \/>\nW1800 x D900 x H760 (mm)\u00a0 \u00a0 \u00a0&#8211; <strong><span style=\"color: #ed1c24; font-size: 120%;\">5.785.000 \u0111<\/span><\/strong><br \/>\nW2000 x D1000 x H760 (mm)\u00a0 \u00a0&#8211; <span style=\"color: #ed1c24; font-size: 120%;\"><strong>6.842.000 \u0111<br \/>\n<\/strong><\/span>W2400 x D1100 x H760 (mm)\u00a0 \u00a0&#8211; <strong><span style=\"color: #ed1c24; font-size: 120%;\">7.535.000 \u0111<\/span><\/strong><br data-start=\"296\" data-end=\"299\" \/><strong data-start=\"299\" data-end=\"311\">Xu\u1ea5t x\u1ee9:<\/strong> S\u1ea3n ph\u1ea9m c\u1ee7a c\u00f4ng ty N\u1ed8I TH\u1ea4T THE ONE \u2013 Ph\u00e2n ph\u1ed1i b\u1edfi C\u00d4NG TY TNHH SXTM TTNT H\u1eeeU TH\u1ecaNH<br data-start=\"398\" data-end=\"401\" \/><strong data-start=\"401\" data-end=\"414\">B\u1ea3o h\u00e0nh:<\/strong> 12 th\u00e1ng theo ti\u00eau chu\u1ea9n nh\u00e0 m\u00e1y.<br data-start=\"448\" data-end=\"451\" \/><span style=\"color: #ed1c24;\"><em data-start=\"451\" data-end=\"603\">L\u01b0u \u00fd: Gi\u00e1 tr\u00ean ch\u01b0a bao g\u1ed3m VAT v\u00e0 ph\u00ed v\u1eadn chuy\u1ec3n. Gi\u00e1 s\u1ea3n ph\u1ea9m c\u00f3 th\u1ec3 thay \u0111\u1ed5i theo t\u1eebng th\u1eddi \u0111i\u1ec3m, vui l\u00f2ng li\u00ean h\u1ec7 \u0111\u1ec3 nh\u1eadn t\u01b0 v\u1ea5n \u01b0u \u0111\u00e3i t\u1ed1t nh\u1ea5t.<\/em><\/span><\/p>\n<\/div>\n","protected":false},"featured_media":3361,"comment_status":"closed","ping_status":"closed","template":"","meta":[],"product_brand":[],"product_cat":[17,756],"product_tag":[],"class_list":{"0":"post-1170","1":"product","2":"type-product","3":"status-publish","4":"has-post-thumbnail","6":"product_cat-noi-that-van-phong","7":"product_cat-ban-giam-doc","9":"first","10":"instock","11":"taxable","12":"shipping-taxable","13":"purchasable","14":"product-type-simple"},"_links":{"self":[{"href":"https:\/\/www.noithathuuthinh.vn\/zh-hans\/wp-json\/wp\/v2\/product\/1170","targetHints":{"allow":["GET"]}}],"collection":[{"href":"https:\/\/www.noithathuuthinh.vn\/zh-hans\/wp-json\/wp\/v2\/product"}],"about":[{"href":"https:\/\/www.noithathuuthinh.vn\/zh-hans\/wp-json\/wp\/v2\/types\/product"}],"replies":[{"embeddable":true,"href":"https:\/\/www.noithathuuthinh.vn\/zh-hans\/wp-json\/wp\/v2\/comments?post=1170"}],"wp:featuredmedia":[{"embeddable":true,"href":"https:\/\/www.noithathuuthinh.vn\/zh-hans\/wp-json\/wp\/v2\/media\/3361"}],"wp:attachment":[{"href":"https:\/\/www.noithathuuthinh.vn\/zh-hans\/wp-json\/wp\/v2\/media?parent=1170"}],"wp:term":[{"taxonomy":"product_brand","embeddable":true,"href":"https:\/\/www.noithathuuthinh.vn\/zh-hans\/wp-json\/wp\/v2\/product_brand?post=1170"},{"taxonomy":"product_cat","embeddable":true,"href":"https:\/\/www.noithathuuthinh.vn\/zh-hans\/wp-json\/wp\/v2\/product_cat?post=1170"},{"taxonomy":"product_tag","embeddable":true,"href":"https:\/\/www.noithathuuthinh.vn\/zh-hans\/wp-json\/wp\/v2\/product_tag?post=1170"}],"curies":[{"name":"wp","href":"https:\/\/api.w.org\/{rel}","templated":true}]}}