{"id":1172,"date":"2025-05-23T16:00:47","date_gmt":"2025-05-23T09:00:47","guid":{"rendered":"https:\/\/noithathuuthinh.vn\/san-pham\/ban-giam-doc-the-one-dt1890vm14\/"},"modified":"2025-09-27T13:33:40","modified_gmt":"2025-09-27T06:33:40","slug":"ban-giam-doc-dt1890vm14","status":"publish","type":"product","link":"https:\/\/www.noithathuuthinh.vn\/zh-hans\/san-pham\/ban-giam-doc-dt1890vm14\/","title":{"rendered":"B\u00e0n Gi\u00e1m \u0110\u1ed1c DT1890VM14"},"content":{"rendered":"<div class=\"col-top-content des-content\">\n<h3 data-start=\"687\" data-end=\"769\">B\u00e0n Gi\u00e1m \u0111\u1ed1c DT1890VM14 \u2013 L\u1ef1a ch\u1ecdn ho\u00e0n h\u1ea3o cho kh\u00f4ng gian l\u00e3nh \u0111\u1ea1o hi\u1ec7n \u0111\u1ea1i<\/h3>\n<p data-start=\"771\" data-end=\"1254\">Trong kh\u00f4ng gian v\u0103n ph\u00f2ng c\u1ee7a m\u1ed9t nh\u00e0 l\u00e3nh \u0111\u1ea1o, chi\u1ebfc b\u00e0n l\u00e0m vi\u1ec7c lu\u00f4n l\u00e0 trung t\u00e2m th\u1ec3 hi\u1ec7n phong c\u00e1ch, v\u1ecb th\u1ebf v\u00e0 t\u1ea7m v\u00f3c c\u1ee7a ng\u01b0\u1eddi s\u1eed d\u1ee5ng. B\u00e0n Gi\u00e1m \u0111\u1ed1c DT1890VM14 \u2013 s\u1ea3n ph\u1ea9m \u0111\u1ebfn t\u1eeb th\u01b0\u01a1ng hi\u1ec7u n\u1ed9i th\u1ea5t uy t\u00edn N\u1ed8I TH\u1ea4T THE ONE \u2013 ch\u00ednh l\u00e0 l\u1ef1a ch\u1ecdn l\u00fd t\u01b0\u1edfng, k\u1ebft h\u1ee3p h\u00e0i h\u00f2a gi\u1eefa c\u00f4ng n\u0103ng, t\u00ednh th\u1ea9m m\u1ef9 v\u00e0 gi\u00e1 tr\u1ecb phong th\u1ee7y. V\u1edbi thi\u1ebft k\u1ebf tinh t\u1ebf, ch\u1ea5t li\u1ec7u cao c\u1ea5p v\u00e0 ki\u1ec3u d\u00e1ng sang tr\u1ecdng, s\u1ea3n ph\u1ea9m n\u00e0y s\u1ebd mang \u0111\u1ebfn cho v\u0103n ph\u00f2ng l\u00e3nh \u0111\u1ea1o m\u1ed9t di\u1ec7n m\u1ea1o chuy\u00ean nghi\u1ec7p v\u00e0 \u0111\u1eb3ng c\u1ea5p.<\/p>\n<p data-start=\"1256\" data-end=\"1674\">B\u00e0n \u0111\u01b0\u1ee3c s\u1ea3n xu\u1ea5t v\u1edbi <strong data-start=\"1278\" data-end=\"1321\">k\u00edch th\u01b0\u1edbc chu\u1ea9n W1800 x D900 x H760 mm<\/strong>, v\u1eeba v\u1eb7n cho nh\u1eefng v\u0103n ph\u00f2ng gi\u00e1m \u0111\u1ed1c c\u00f3 di\u1ec7n t\u00edch trung b\u00ecnh. K\u00edch th\u01b0\u1edbc n\u00e0y t\u1ea1o n\u00ean m\u1eb7t b\u00e0n r\u1ed9ng r\u00e3i, tho\u1ea3i m\u00e1i cho vi\u1ec7c s\u1eafp x\u1ebfp c\u00e1c thi\u1ebft b\u1ecb v\u0103n ph\u00f2ng nh\u01b0 m\u00e1y t\u00ednh, \u0111i\u1ec7n tho\u1ea1i, h\u1ed3 s\u01a1 t\u00e0i li\u1ec7u v\u00e0 v\u1eadt ph\u1ea9m phong th\u1ee7y. S\u1ef1 c\u00e2n \u0111\u1ed1i trong thi\u1ebft k\u1ebf kh\u00f4ng ch\u1ec9 \u0111\u1ea3m b\u1ea3o s\u1ef1 ti\u1ec7n nghi khi l\u00e0m vi\u1ec7c m\u00e0 c\u00f2n mang l\u1ea1i v\u1ebb b\u1ec1 th\u1ebf, v\u1eefng ch\u1eafc cho t\u1ed5ng th\u1ec3 kh\u00f4ng gian.<\/p>\n<p data-start=\"1676\" data-end=\"1747\">\u0110i\u1ec3m \u0111\u1eb7c bi\u1ec7t c\u1ee7a <strong data-start=\"1694\" data-end=\"1708\">DT1890VM14<\/strong> l\u00e0 s\u1ef1 l\u1ef1a ch\u1ecdn \u0111a d\u1ea1ng v\u1ec1 ch\u1ea5t li\u1ec7u:<\/p>\n<ul data-start=\"1748\" data-end=\"2321\">\n<li data-start=\"1748\" data-end=\"1983\">\n<p data-start=\"1750\" data-end=\"1983\"><strong data-start=\"1750\" data-end=\"1767\">Veneer (V14):<\/strong> s\u1eed d\u1ee5ng l\u1edbp ph\u1ee7 g\u1ed7 t\u1ef1 nhi\u00ean v\u1edbi v\u00e2n g\u1ed7 tinh t\u1ebf, mang \u0111\u1ebfn v\u1ebb \u0111\u1eb9p sang tr\u1ecdng, g\u1ea7n g\u0169i v\u00e0 b\u1ec1n b\u1ec9 theo th\u1eddi gian. Veneer c\u00f2n c\u00f3 \u01b0u \u0111i\u1ec3m d\u1ec5 ph\u1ed1i h\u1ee3p v\u1edbi c\u00e1c n\u1ed9i th\u1ea5t kh\u00e1c, t\u1ea1o c\u1ea3m gi\u00e1c h\u00e0i h\u00f2a cho kh\u00f4ng gian v\u0103n ph\u00f2ng.<\/p>\n<\/li>\n<li data-start=\"1984\" data-end=\"2321\">\n<p data-start=\"1986\" data-end=\"2321\"><strong data-start=\"1986\" data-end=\"2021\">Veneer k\u1ebft h\u1ee3p Melamine (VM14):<\/strong> l\u00e0 s\u1ef1 k\u1ebft h\u1ee3p th\u00f4ng minh gi\u1eefa t\u00ednh th\u1ea9m m\u1ef9 v\u00e0 \u0111\u1ed9 b\u1ec1n. M\u1eb7t ngo\u00e0i ph\u1ee7 Veneer gi\u1eef nguy\u00ean v\u1ebb \u0111\u1eb9p t\u1ef1 nhi\u00ean, trong khi m\u1eb7t trong s\u1eed d\u1ee5ng Melamine c\u00f3 kh\u1ea3 n\u0103ng ch\u1ed1ng cong v\u00eanh, ch\u1ed1ng tr\u1ea7y x\u01b0\u1edbc v\u00e0 ch\u1ed1ng \u1ea9m. \u0110i\u1ec1u n\u00e0y gi\u00fap s\u1ea3n ph\u1ea9m duy tr\u00ec v\u1ebb \u0111\u1eb9p m\u1edbi m\u1ebb trong nhi\u1ec1u n\u0103m li\u1ec1n m\u00e0 v\u1eabn d\u1ec5 d\u00e0ng v\u1ec7 sinh, b\u1ea3o qu\u1ea3n.<\/p>\n<\/li>\n<\/ul>\n<p data-start=\"2323\" data-end=\"2394\">Ngo\u00e0i ra, b\u00e0n c\u00f2n \u0111\u01b0\u1ee3c trang tr\u00ed tinh t\u1ebf v\u1edbi c\u00e1c chi ti\u1ebft \u1ed1p n\u1ed5i b\u1eadt:<\/p>\n<ul data-start=\"2395\" data-end=\"2557\">\n<li data-start=\"2395\" data-end=\"2457\">\n<p data-start=\"2397\" data-end=\"2457\"><strong data-start=\"2397\" data-end=\"2409\">D\u00f2ng VM:<\/strong> \u1ed1p PVC m\u00e0u n\u00e2u, mang l\u1ea1i s\u1ef1 \u1ea5m \u00e1p v\u00e0 g\u1ea7n g\u0169i.<\/p>\n<\/li>\n<li data-start=\"2458\" data-end=\"2557\">\n<p data-start=\"2460\" data-end=\"2557\"><strong data-start=\"2460\" data-end=\"2471\">D\u00f2ng V:<\/strong> \u1ed1p m\u00e0u \u0111en sang tr\u1ecdng, m\u1ea1nh m\u1ebd, kh\u1eb3ng \u0111\u1ecbnh phong th\u00e1i quy\u1ec1n l\u1ef1c c\u1ee7a ng\u01b0\u1eddi l\u00e3nh \u0111\u1ea1o.<\/p>\n<\/li>\n<\/ul>\n<p data-start=\"2559\" data-end=\"2923\">Thi\u1ebft k\u1ebf m\u1eb7t b\u00e0n ch\u1eef nh\u1eadt k\u1ebft h\u1ee3p c\u00f9ng y\u1ebfm b\u00e0n ch\u1eafc ch\u1eafn t\u1ea1o n\u00ean s\u1ef1 c\u00e2n \u0111\u1ed1i v\u00e0 h\u00e0i h\u00f2a. Ki\u1ec3u d\u00e1ng vu\u00f4ng v\u1eafn, d\u1ee9t kho\u00e1t g\u00f3p ph\u1ea7n t\u00f4n l\u00ean s\u1ef1 nghi\u00eam t\u00fac, quy\u1ebft \u0111o\u00e1n \u2013 h\u00ecnh \u1ea3nh \u0111\u1eb7c tr\u01b0ng c\u1ee7a ng\u01b0\u1eddi l\u00e3nh \u0111\u1ea1o. \u0110\u1ed3ng th\u1eddi, b\u00e0n c\u0169ng d\u1ec5 d\u00e0ng k\u1ebft h\u1ee3p v\u1edbi gh\u1ebf gi\u00e1m \u0111\u1ed1c, t\u1ee7 t\u00e0i li\u1ec7u, h\u1ed9c di \u0111\u1ed9ng \u0111\u1ec3 t\u1ea1o th\u00e0nh m\u1ed9t b\u1ed9 n\u1ed9i th\u1ea5t \u0111\u1ed3ng b\u1ed9, n\u00e2ng cao t\u00ednh chuy\u00ean nghi\u1ec7p cho v\u0103n ph\u00f2ng.<\/p>\n<p data-start=\"2925\" data-end=\"3246\">B\u00e0n Gi\u00e1m \u0111\u1ed1c DT1890VM14 \u0111\u01b0\u1ee3c s\u1ea3n xu\u1ea5t v\u1edbi ti\u00eau chu\u1ea9n k\u1ef9 thu\u1eadt cao, \u0111\u1ea3m b\u1ea3o <strong data-start=\"3000\" data-end=\"3029\">dung sai k\u00edch th\u01b0\u1edbc \u00b15 mm<\/strong>, cho th\u1ea5y s\u1ef1 t\u1ec9 m\u1ec9, ch\u00ednh x\u00e1c trong t\u1eebng chi ti\u1ebft. C\u00e1c b\u1ec1 m\u1eb7t b\u00e0n \u0111\u01b0\u1ee3c x\u1eed l\u00fd nh\u1eb5n m\u1ecbn, t\u1eebng \u0111\u01b0\u1eddng v\u00e2n g\u1ed7 v\u00e0 g\u00f3c c\u1ea1nh \u0111\u1ec1u \u0111\u01b0\u1ee3c ho\u00e0n thi\u1ec7n k\u1ef9 l\u01b0\u1ee1ng, mang \u0111\u1ebfn m\u1ed9t s\u1ea3n ph\u1ea9m kh\u00f4ng ch\u1ec9 \u0111\u1eb9p m\u00e0 c\u00f2n b\u1ec1n ch\u1eafc theo th\u1eddi gian.<\/p>\n<p data-start=\"3248\" data-end=\"3508\">Kh\u00f4ng ch\u1ec9 d\u1eebng l\u1ea1i \u1edf c\u00f4ng n\u0103ng, b\u00e0n c\u00f2n mang \u00fd ngh\u0129a phong th\u1ee7y quan tr\u1ecdng. M\u1ed9t chi\u1ebfc b\u00e0n gi\u00e1m \u0111\u1ed1c sang tr\u1ecdng, v\u1eefng ch\u00e3i nh\u01b0 DT1890VM14 s\u1ebd t\u1ea1o n\u00ean ngu\u1ed3n n\u0103ng l\u01b0\u1ee3ng t\u00edch c\u1ef1c, h\u1ed7 tr\u1ee3 s\u1ef1 s\u00e1ng su\u1ed1t trong quy\u1ebft \u0111\u1ecbnh v\u00e0 mang l\u1ea1i may m\u1eafn, th\u1ecbnh v\u01b0\u1ee3ng cho s\u1ef1 nghi\u1ec7p.<\/p>\n<p data-start=\"3510\" data-end=\"3895\">V\u1edbi thi\u1ebft k\u1ebf tinh t\u1ebf, ch\u1ea5t li\u1ec7u cao c\u1ea5p v\u00e0 gi\u00e1 tr\u1ecb s\u1eed d\u1ee5ng l\u00e2u d\u00e0i, <strong data-start=\"3578\" data-end=\"3605\">B\u00e0n Gi\u00e1m \u0111\u1ed1c DT1890VM14<\/strong> ch\u00ednh l\u00e0 s\u1ef1 l\u1ef1a ch\u1ecdn th\u00f4ng minh cho nh\u1eefng nh\u00e0 qu\u1ea3n l\u00fd, gi\u00e1m \u0111\u1ed1c \u0111ang t\u00ecm ki\u1ebfm m\u1ed9t s\u1ea3n ph\u1ea9m v\u1eeba ti\u1ec7n nghi, v\u1eeba sang tr\u1ecdng. \u0110\u00e2y kh\u00f4ng ch\u1ec9 l\u00e0 m\u1ed9t chi\u1ebfc b\u00e0n l\u00e0m vi\u1ec7c, m\u00e0 c\u00f2n l\u00e0 <strong data-start=\"3779\" data-end=\"3824\">bi\u1ec3u t\u01b0\u1ee3ng c\u1ee7a s\u1ef1 th\u00e0nh c\u00f4ng v\u00e0 quy\u1ec1n l\u1ef1c<\/strong>, g\u00f3p ph\u1ea7n kh\u1eb3ng \u0111\u1ecbnh v\u1ecb th\u1ebf l\u00e3nh \u0111\u1ea1o trong m\u1ecdi kh\u00f4ng gian v\u0103n ph\u00f2ng.<\/p>\n<\/div>\n","protected":false},"excerpt":{"rendered":"<p><strong data-start=\"123\" data-end=\"286\">B\u00e0n Gi\u00e1m \u0111\u1ed1c DT1890VM14 \u2013 B\u00e0n l\u00e3nh \u0111\u1ea1o cao c\u1ea5p, s\u1eed d\u1ee5ng ch\u1ea5t li\u1ec7u Veneer (V14) ho\u1eb7c Veneer k\u1ebft h\u1ee3p Melamine (VM14), mang \u0111\u1ebfn s\u1ef1 sang tr\u1ecdng v\u00e0 b\u1ec1n b\u1ec9 v\u01b0\u1ee3t tr\u1ed9i.<\/strong><br data-start=\"286\" data-end=\"289\" \/><strong>K\u00edch th\u01b0\u1edbc :<\/strong><br \/>\nW1800 x D900 x H760 (mm)\u00a0 \u00a0&#8211; <span style=\"color: #ed1c24; font-size: 120%;\"><strong>5.273.000 \u0111<br \/>\n<\/strong><\/span>W2000 x D1000 x H760 (mm) &#8211; <strong><span style=\"color: #ed1c24; font-size: 120%;\">6.875.000 \u0111<\/span><\/strong><br data-start=\"329\" data-end=\"332\" \/><strong data-start=\"332\" data-end=\"344\">Xu\u1ea5t x\u1ee9:<\/strong> S\u1ea3n ph\u1ea9m c\u1ee7a c\u00f4ng ty N\u1ed8I TH\u1ea4T THE ONE \u2013 Ph\u00e2n ph\u1ed1i b\u1edfi C\u00d4NG TY TNHH SXTM TTNT H\u1eeeU TH\u1ecaNH<br data-start=\"431\" data-end=\"434\" \/><strong data-start=\"434\" data-end=\"447\">B\u1ea3o h\u00e0nh:<\/strong> 12 th\u00e1ng theo ti\u00eau chu\u1ea9n nh\u00e0 m\u00e1y.<br data-start=\"481\" data-end=\"484\" \/><span style=\"color: #ed1c24;\"><em data-start=\"484\" data-end=\"636\">L\u01b0u \u00fd: Gi\u00e1 tr\u00ean ch\u01b0a bao g\u1ed3m VAT v\u00e0 ph\u00ed v\u1eadn chuy\u1ec3n. Gi\u00e1 s\u1ea3n ph\u1ea9m c\u00f3 th\u1ec3 thay \u0111\u1ed5i theo t\u1eebng th\u1eddi \u0111i\u1ec3m, vui l\u00f2ng li\u00ean h\u1ec7 \u0111\u1ec3 nh\u1eadn t\u01b0 v\u1ea5n \u01b0u \u0111\u00e3i t\u1ed1t nh\u1ea5t.<\/em><\/span><\/p>\n","protected":false},"featured_media":3318,"comment_status":"closed","ping_status":"closed","template":"","meta":[],"product_brand":[],"product_cat":[17,756],"product_tag":[],"class_list":{"0":"post-1172","1":"product","2":"type-product","3":"status-publish","4":"has-post-thumbnail","6":"product_cat-noi-that-van-phong","7":"product_cat-ban-giam-doc","9":"first","10":"instock","11":"taxable","12":"shipping-taxable","13":"purchasable","14":"product-type-simple"},"_links":{"self":[{"href":"https:\/\/www.noithathuuthinh.vn\/zh-hans\/wp-json\/wp\/v2\/product\/1172","targetHints":{"allow":["GET"]}}],"collection":[{"href":"https:\/\/www.noithathuuthinh.vn\/zh-hans\/wp-json\/wp\/v2\/product"}],"about":[{"href":"https:\/\/www.noithathuuthinh.vn\/zh-hans\/wp-json\/wp\/v2\/types\/product"}],"replies":[{"embeddable":true,"href":"https:\/\/www.noithathuuthinh.vn\/zh-hans\/wp-json\/wp\/v2\/comments?post=1172"}],"wp:featuredmedia":[{"embeddable":true,"href":"https:\/\/www.noithathuuthinh.vn\/zh-hans\/wp-json\/wp\/v2\/media\/3318"}],"wp:attachment":[{"href":"https:\/\/www.noithathuuthinh.vn\/zh-hans\/wp-json\/wp\/v2\/media?parent=1172"}],"wp:term":[{"taxonomy":"product_brand","embeddable":true,"href":"https:\/\/www.noithathuuthinh.vn\/zh-hans\/wp-json\/wp\/v2\/product_brand?post=1172"},{"taxonomy":"product_cat","embeddable":true,"href":"https:\/\/www.noithathuuthinh.vn\/zh-hans\/wp-json\/wp\/v2\/product_cat?post=1172"},{"taxonomy":"product_tag","embeddable":true,"href":"https:\/\/www.noithathuuthinh.vn\/zh-hans\/wp-json\/wp\/v2\/product_tag?post=1172"}],"curies":[{"name":"wp","href":"https:\/\/api.w.org\/{rel}","templated":true}]}}