{"id":1733,"date":"2025-07-14T23:30:45","date_gmt":"2025-07-14T16:30:45","guid":{"rendered":"https:\/\/noithathuuthinh.vn\/?post_type=product&#038;p=1733"},"modified":"2025-10-01T10:38:13","modified_gmt":"2025-10-01T03:38:13","slug":"ban-giam-doc-dt1890vm15","status":"publish","type":"product","link":"https:\/\/www.noithathuuthinh.vn\/zh-hans\/san-pham\/ban-giam-doc-dt1890vm15\/","title":{"rendered":"B\u00e0n Gi\u00e1m \u0111\u1ed1c DT1890VM15"},"content":{"rendered":"<p data-start=\"541\" data-end=\"624\"><strong data-start=\"541\" data-end=\"622\">B\u00e0n Gi\u00e1m \u0111\u1ed1c DT1890VM15 \u2013 Bi\u1ec3u t\u01b0\u1ee3ng phong th\u00e1i l\u00e3nh \u0111\u1ea1o sang tr\u1ecdng, \u0111\u1eb3ng c\u1ea5p<\/strong><\/p>\n<p data-start=\"626\" data-end=\"984\">Trong kh\u00f4ng gian v\u0103n ph\u00f2ng, b\u00e0n gi\u00e1m \u0111\u1ed1c kh\u00f4ng ch\u1ec9 l\u00e0 n\u01a1i l\u00e0m vi\u1ec7c m\u00e0 c\u00f2n l\u00e0 trung t\u00e2m th\u1ec3 hi\u1ec7n quy\u1ec1n uy, gu th\u1ea9m m\u1ef9 v\u00e0 t\u1ea7m v\u00f3c c\u1ee7a ng\u01b0\u1eddi \u0111\u1ee9ng \u0111\u1ea7u. V\u1edbi thi\u1ebft k\u1ebf tinh t\u1ebf c\u00f9ng ch\u1ea5t li\u1ec7u cao c\u1ea5p, <strong data-start=\"819\" data-end=\"846\">B\u00e0n Gi\u00e1m \u0111\u1ed1c DT1890VM15<\/strong> \u0111\u1ebfn t\u1eeb th\u01b0\u01a1ng hi\u1ec7u <strong data-start=\"866\" data-end=\"886\">N\u1ed8I TH\u1ea4T THE ONE<\/strong> ch\u00ednh l\u00e0 l\u1ef1a ch\u1ecdn ho\u00e0n h\u1ea3o \u0111\u1ec3 kh\u1eb3ng \u0111\u1ecbnh phong th\u00e1i l\u00e3nh \u0111\u1ea1o v\u00e0 n\u00e2ng t\u1ea7m h\u00ecnh \u1ea3nh doanh nghi\u1ec7p.<\/p>\n<h4 data-start=\"986\" data-end=\"1030\">Thi\u1ebft k\u1ebf hi\u1ec7n \u0111\u1ea1i, tinh t\u1ebf v\u00e0 m\u1ea1nh m\u1ebd<\/h4>\n<p data-start=\"1031\" data-end=\"1406\">DT1890VM15 s\u1edf h\u1eefu ki\u1ec3u d\u00e1ng m\u1eb7t ch\u1eef nh\u1eadt \u0111\u01a1n gi\u1ea3n nh\u01b0ng sang tr\u1ecdng, mang \u0111\u1ebfn s\u1ef1 c\u00e2n \u0111\u1ed1i v\u00e0 h\u00e0i h\u00f2a cho kh\u00f4ng gian v\u0103n ph\u00f2ng l\u00e3nh \u0111\u1ea1o. C\u00e1c \u0111\u01b0\u1eddng n\u00e9t thi\u1ebft k\u1ebf \u0111\u01b0\u1ee3c t\u1ed1i \u01b0u h\u00f3a, g\u1ecdn g\u00e0ng m\u00e0 kh\u00f4ng k\u00e9m ph\u1ea7n b\u1ec1 th\u1ebf. \u0110\u1eb7c bi\u1ec7t, ph\u1ea7n <strong data-start=\"1255\" data-end=\"1292\">y\u1ebfm b\u00e0n \u0111\u01b0\u1ee3c \u1ed1p trang tr\u00ed n\u1ed5i b\u1eadt<\/strong>, t\u1ea1o \u0111i\u1ec3m nh\u1ea5n th\u1ea9m m\u1ef9 \u1ea5n t\u01b0\u1ee3ng, \u0111\u1ed3ng th\u1eddi th\u1ec3 hi\u1ec7n s\u1ef1 uy nghi\u00eam, \u0111\u1eb3ng c\u1ea5p v\u00e0 c\u00e1 t\u00ednh ri\u00eang c\u1ee7a ng\u01b0\u1eddi l\u00e3nh \u0111\u1ea1o.<\/p>\n<p data-start=\"1408\" data-end=\"1733\">V\u1edbi k\u00edch th\u01b0\u1edbc <strong data-start=\"1423\" data-end=\"1449\">W1800 x D900 x H760 mm<\/strong>, s\u1ea3n ph\u1ea9m mang l\u1ea1i kh\u00f4ng gian l\u00e0m vi\u1ec7c r\u1ed9ng r\u00e3i v\u00e0 ti\u1ec7n l\u1ee3i. Ng\u01b0\u1eddi s\u1eed d\u1ee5ng c\u00f3 th\u1ec3 d\u1ec5 d\u00e0ng b\u1ed1 tr\u00ed m\u00e1y t\u00ednh, t\u00e0i li\u1ec7u, \u0111i\u1ec7n tho\u1ea1i c\u00f9ng c\u00e1c v\u1eadt d\u1ee5ng trang tr\u00ed kh\u00e1c nh\u01b0 c\u00e2y xanh mini hay \u0111\u1ed3 phong th\u1ee7y, gi\u00fap v\u1eeba \u0111\u1ea3m b\u1ea3o c\u00f4ng n\u0103ng v\u1eeba t\u1ea1o n\u00ean kh\u00f4ng gian l\u00e0m vi\u1ec7c chuy\u00ean nghi\u1ec7p, g\u1ecdn g\u00e0ng.<\/p>\n<h4 data-start=\"1735\" data-end=\"1784\">Ch\u1ea5t li\u1ec7u cao c\u1ea5p \u2013 B\u1ec1n \u0111\u1eb9p c\u00f9ng th\u1eddi gian<\/h4>\n<p data-start=\"1785\" data-end=\"1843\">\u0110i\u1ec3m n\u1ed5i b\u1eadt c\u1ee7a <strong data-start=\"1802\" data-end=\"1816\">DT1890VM15<\/strong> l\u00e0 ch\u1ea5t li\u1ec7u g\u1ed7 cao c\u1ea5p:<\/p>\n<ul data-start=\"1844\" data-end=\"2249\">\n<li data-start=\"1844\" data-end=\"1965\">\n<p data-start=\"1846\" data-end=\"1965\"><strong data-start=\"1846\" data-end=\"1863\">Veneer (V15):<\/strong> mang l\u1ea1i v\u1ebb \u0111\u1eb9p t\u1ef1 nhi\u00ean nh\u1edd nh\u1eefng \u0111\u01b0\u1eddng v\u00e2n g\u1ed7 sang tr\u1ecdng, g\u1ea7n g\u0169i, kh\u1eb3ng \u0111\u1ecbnh gu th\u1ea9m m\u1ef9 tinh t\u1ebf.<\/p>\n<\/li>\n<li data-start=\"1966\" data-end=\"2249\">\n<p data-start=\"1968\" data-end=\"2249\"><strong data-start=\"1968\" data-end=\"2003\">Veneer k\u1ebft h\u1ee3p Melamine (VM15):<\/strong> s\u1ef1 k\u1ebft h\u1ee3p ho\u00e0n h\u1ea3o gi\u1eefa v\u1ebb \u0111\u1eb9p t\u1ef1 nhi\u00ean c\u1ee7a Veneer v\u00e0 \u0111\u1ed9 b\u1ec1n v\u01b0\u1ee3t tr\u1ed9i c\u1ee7a Melamine. B\u1ec1 m\u1eb7t Melamine c\u00f3 kh\u1ea3 n\u0103ng ch\u1ed1ng tr\u1ea7y x\u01b0\u1edbc, ch\u1ed1ng cong v\u00eanh v\u00e0 d\u1ec5 v\u1ec7 sinh, gi\u00fap b\u00e0n lu\u00f4n gi\u1eef \u0111\u01b0\u1ee3c v\u1ebb ngo\u00e0i m\u1edbi m\u1ebb v\u00e0 sang tr\u1ecdng trong th\u1eddi gian d\u00e0i s\u1eed d\u1ee5ng.<\/p>\n<\/li>\n<\/ul>\n<p data-start=\"2251\" data-end=\"2345\">Ngo\u00e0i ra, s\u1ef1 ph\u00e2n bi\u1ec7t v\u1ec1 chi ti\u1ebft \u1ed1p trang tr\u00ed c\u0169ng gi\u00fap kh\u00e1ch h\u00e0ng l\u1ef1a ch\u1ecdn theo s\u1edf th\u00edch:<\/p>\n<ul data-start=\"2346\" data-end=\"2563\">\n<li data-start=\"2346\" data-end=\"2452\">\n<p data-start=\"2348\" data-end=\"2452\"><strong data-start=\"2348\" data-end=\"2360\">D\u00f2ng VM:<\/strong> s\u1eed d\u1ee5ng \u1ed1p PVC m\u00e0u n\u00e2u, mang l\u1ea1i c\u1ea3m gi\u00e1c \u1ea5m \u00e1p, g\u1ea7n g\u0169i nh\u01b0ng kh\u00f4ng k\u00e9m ph\u1ea7n sang tr\u1ecdng.<\/p>\n<\/li>\n<li data-start=\"2453\" data-end=\"2563\">\n<p data-start=\"2455\" data-end=\"2563\"><strong data-start=\"2455\" data-end=\"2466\">D\u00f2ng V:<\/strong> s\u1eed d\u1ee5ng \u1ed1p trang tr\u00ed m\u00e0u \u0111en m\u1ea1nh m\u1ebd, quy\u1ec1n l\u1ef1c, t\u1ea1o s\u1ef1 n\u1ed5i b\u1eadt v\u00e0 c\u00e1 t\u00ednh cho ng\u01b0\u1eddi l\u00e3nh \u0111\u1ea1o.<\/p>\n<\/li>\n<\/ul>\n<h4 data-start=\"2565\" data-end=\"2607\">T\u00ednh th\u1ea9m m\u1ef9 v\u00e0 c\u00f4ng n\u0103ng song h\u00e0nh<\/h4>\n<p data-start=\"2608\" data-end=\"2961\">Kh\u00f4ng ch\u1ec9 \u0111\u1eb9p v\u1ec1 h\u00ecnh th\u1ee9c, <strong data-start=\"2636\" data-end=\"2663\">B\u00e0n Gi\u00e1m \u0111\u1ed1c DT1890VM15<\/strong> c\u00f2n \u0111\u01b0\u1ee3c thi\u1ebft k\u1ebf v\u1edbi t\u00ednh \u1ee9ng d\u1ee5ng cao. B\u1ec1 m\u1eb7t r\u1ed9ng r\u00e3i c\u00f9ng chi\u1ec1u cao ti\u00eau chu\u1ea9n <strong data-start=\"2747\" data-end=\"2757\">760 mm<\/strong> mang \u0111\u1ebfn c\u1ea3m gi\u00e1c tho\u1ea3i m\u00e1i, gi\u00fap l\u00e3nh \u0111\u1ea1o d\u1ec5 d\u00e0ng t\u1eadp trung x\u1eed l\u00fd c\u00f4ng vi\u1ec7c. T\u1eebng chi ti\u1ebft s\u1ea3n ph\u1ea9m \u0111\u1ec1u \u0111\u01b0\u1ee3c ho\u00e0n thi\u1ec7n t\u1ec9 m\u1ec9, dung sai k\u00edch th\u01b0\u1edbc ch\u1ec9 \u00b15 mm, \u0111\u1ea3m b\u1ea3o \u0111\u1ed9 ch\u00ednh x\u00e1c v\u00e0 ch\u1ea5t l\u01b0\u1ee3ng t\u1ed1i \u01b0u.<\/p>\n<p data-start=\"2963\" data-end=\"3295\">\u0110\u1eb7c bi\u1ec7t, chi\u1ebfc b\u00e0n n\u00e0y c\u00f2n g\u00f3p ph\u1ea7n x\u00e2y d\u1ef1ng h\u00ecnh \u1ea3nh chuy\u00ean nghi\u1ec7p c\u1ee7a doanh nghi\u1ec7p. Trong m\u1eaft \u0111\u1ed1i t\u00e1c, m\u1ed9t chi\u1ebfc b\u00e0n gi\u00e1m \u0111\u1ed1c cao c\u1ea5p s\u1ebd t\u1ea1o \u1ea5n t\u01b0\u1ee3ng m\u1ea1nh m\u1ebd, th\u1ec3 hi\u1ec7n s\u1ef1 \u0111\u1ea7u t\u01b0 nghi\u00eam t\u00fac v\u00e0 t\u1ea7m v\u00f3c c\u1ee7a c\u00f4ng ty. Trong khi \u0111\u00f3, \u0111\u1ed1i v\u1edbi l\u00e3nh \u0111\u1ea1o, n\u00f3 v\u1eeba l\u00e0 n\u01a1i l\u00e0m vi\u1ec7c, v\u1eeba l\u00e0 bi\u1ec3u t\u01b0\u1ee3ng kh\u1eb3ng \u0111\u1ecbnh phong c\u00e1ch v\u00e0 v\u1ecb th\u1ebf c\u00e1 nh\u00e2n.<\/p>\n<h4 data-start=\"3297\" data-end=\"3353\">L\u1ef1a ch\u1ecdn ho\u00e0n h\u1ea3o cho v\u0103n ph\u00f2ng l\u00e3nh \u0111\u1ea1o hi\u1ec7n \u0111\u1ea1i<\/h4>\n<p data-start=\"3354\" data-end=\"3639\">M\u1ed9t v\u0103n ph\u00f2ng gi\u00e1m \u0111\u1ed1c hi\u1ec7n \u0111\u1ea1i kh\u00f4ng th\u1ec3 thi\u1ebfu chi\u1ebfc b\u00e0n sang tr\u1ecdng v\u00e0 b\u1ec1n b\u1ec9. V\u1edbi thi\u1ebft k\u1ebf \u0111\u1eb3ng c\u1ea5p, ch\u1ea5t li\u1ec7u cao c\u1ea5p c\u00f9ng t\u00ednh th\u1ea9m m\u1ef9 v\u00e0 c\u00f4ng n\u0103ng v\u01b0\u1ee3t tr\u1ed9i, <strong data-start=\"3517\" data-end=\"3544\">B\u00e0n Gi\u00e1m \u0111\u1ed1c DT1890VM15<\/strong> ch\u00ednh l\u00e0 s\u1ef1 l\u1ef1a ch\u1ecdn th\u00f4ng minh d\u00e0nh cho c\u00e1c nh\u00e0 qu\u1ea3n l\u00fd, gi\u00e1m \u0111\u1ed1c v\u00e0 l\u00e3nh \u0111\u1ea1o doanh nghi\u1ec7p.<\/p>\n<p data-start=\"3641\" data-end=\"3874\">Ngo\u00e0i ra, kh\u00e1ch h\u00e0ng c\u1ea7n l\u01b0u \u00fd r\u1eb1ng m\u00e0u s\u1eafc hi\u1ec3n th\u1ecb tr\u00ean website c\u00f3 th\u1ec3 ch\u00eanh l\u1ec7ch so v\u1edbi th\u1ef1c t\u1ebf do \u1ea3nh ch\u1ee5p ho\u1eb7c h\u00ecnh \u1ea3nh 3D. Do \u0111\u00f3, n\u00ean tr\u1ef1c ti\u1ebfp ki\u1ec3m tra v\u00e0 x\u00e1c nh\u1eadn m\u00e0u s\u1eafc tr\u01b0\u1edbc khi \u0111\u1eb7t h\u00e0ng \u0111\u1ec3 \u0111\u1ea3m b\u1ea3o s\u1ef1 h\u00e0i l\u00f2ng tuy\u1ec7t \u0111\u1ed1i.<\/p>\n<h4 data-start=\"3876\" data-end=\"3891\">K\u1ebft lu\u1eadn<\/h4>\n<p data-start=\"3892\" data-end=\"4241\">V\u1edbi t\u1ea5t c\u1ea3 nh\u1eefng \u01b0u \u0111i\u1ec3m n\u1ed5i b\u1eadt v\u1ec1 thi\u1ebft k\u1ebf, ch\u1ea5t li\u1ec7u, c\u00f4ng n\u0103ng v\u00e0 t\u00ednh th\u1ea9m m\u1ef9, <strong data-start=\"3976\" data-end=\"4003\">B\u00e0n Gi\u00e1m \u0111\u1ed1c DT1890VM15<\/strong> kh\u00f4ng ch\u1ec9 l\u00e0 m\u1ed9t s\u1ea3n ph\u1ea9m n\u1ed9i th\u1ea5t m\u00e0 c\u00f2n l\u00e0 bi\u1ec3u t\u01b0\u1ee3ng c\u1ee7a s\u1ef1 th\u00e0nh c\u00f4ng v\u00e0 quy\u1ec1n l\u1ef1c. \u0110\u00e2y l\u00e0 l\u1ef1a ch\u1ecdn l\u00fd t\u01b0\u1edfng \u0111\u1ec3 n\u00e2ng t\u1ea7m kh\u00f4ng gian l\u00e0m vi\u1ec7c, kh\u1eb3ng \u0111\u1ecbnh phong c\u00e1ch l\u00e3nh \u0111\u1ea1o v\u00e0 \u0111\u1ed3ng h\u00e0nh c\u00f9ng s\u1ef1 ph\u00e1t tri\u1ec3n b\u1ec1n v\u1eefng c\u1ee7a doanh nghi\u1ec7p.<\/p>\n","protected":false},"excerpt":{"rendered":"<p data-start=\"31\" data-end=\"153\"><strong data-start=\"31\" data-end=\"151\">B\u00e0n Gi\u00e1m \u0111\u1ed1c DT1890VM15 \u2013 B\u00e0n l\u00e3nh \u0111\u1ea1o cao c\u1ea5p s\u1eed d\u1ee5ng ch\u1ea5t li\u1ec7u Veneer (V15) ho\u1eb7c k\u1ebft h\u1ee3p Veneer v\u00e0 Melamine (VM15)<\/strong><\/p>\n<p data-start=\"155\" data-end=\"492\"><strong>K\u00edch th\u01b0\u1edbc :<\/strong><br \/>\nW1800 x D900 x H760 (mm)\u00a0 \u00a0 \u00a0&#8211; <strong><span style=\"color: #ed1c24; font-size: 120%;\">6.375.000 \u0111<\/span><\/strong><br \/>\nW2000 x D1000 x H760 (mm)\u00a0 \u00a0&#8211; <span style=\"color: #ed1c24; font-size: 120%;\"><strong>7.080.000 \u0111<br \/>\n<\/strong><\/span>W2400 x D1100 x H760 (mm)\u00a0 \u00a0&#8211; <strong><span style=\"color: #ed1c24; font-size: 120%;\">8.125.000 \u0111<\/span><\/strong><br data-start=\"191\" data-end=\"194\" \/>Xu\u1ea5t x\u1ee9: S\u1ea3n ph\u1ea9m c\u1ee7a c\u00f4ng ty N\u1ed8I TH\u1ea4T THE ONE \u2013 Ph\u00e2n ph\u1ed1i b\u1edfi C\u00d4NG TY TNHH SXTM TTNT H\u1eeeU TH\u1ecaNH<br data-start=\"289\" data-end=\"292\" \/>B\u1ea3o h\u00e0nh: 12 th\u00e1ng theo ti\u00eau chu\u1ea9n nh\u00e0 m\u00e1y.<br data-start=\"335\" data-end=\"338\" \/><span style=\"color: #ed1c24;\"><em data-start=\"338\" data-end=\"490\">L\u01b0u \u00fd: Gi\u00e1 tr\u00ean ch\u01b0a bao g\u1ed3m VAT v\u00e0 ph\u00ed v\u1eadn chuy\u1ec3n. Gi\u00e1 s\u1ea3n ph\u1ea9m c\u00f3 th\u1ebf thay \u0111\u1ed5i theo t\u1eebng th\u1eddi \u0111i\u1ec3m, vui l\u00f2ng li\u00ean h\u1ec7 \u0111\u1ec3 nh\u1eadn t\u01b0 v\u1ea5n \u01b0u \u0111\u00e3i t\u1ed1t nh\u1ea5t.<\/em><\/span><\/p>\n","protected":false},"featured_media":3287,"comment_status":"open","ping_status":"closed","template":"","meta":[],"product_brand":[],"product_cat":[17,756],"product_tag":[],"class_list":{"0":"post-1733","1":"product","2":"type-product","3":"status-publish","4":"has-post-thumbnail","6":"product_cat-noi-that-van-phong","7":"product_cat-ban-giam-doc","9":"first","10":"instock","11":"taxable","12":"shipping-taxable","13":"purchasable","14":"product-type-simple"},"_links":{"self":[{"href":"https:\/\/www.noithathuuthinh.vn\/zh-hans\/wp-json\/wp\/v2\/product\/1733","targetHints":{"allow":["GET"]}}],"collection":[{"href":"https:\/\/www.noithathuuthinh.vn\/zh-hans\/wp-json\/wp\/v2\/product"}],"about":[{"href":"https:\/\/www.noithathuuthinh.vn\/zh-hans\/wp-json\/wp\/v2\/types\/product"}],"replies":[{"embeddable":true,"href":"https:\/\/www.noithathuuthinh.vn\/zh-hans\/wp-json\/wp\/v2\/comments?post=1733"}],"wp:featuredmedia":[{"embeddable":true,"href":"https:\/\/www.noithathuuthinh.vn\/zh-hans\/wp-json\/wp\/v2\/media\/3287"}],"wp:attachment":[{"href":"https:\/\/www.noithathuuthinh.vn\/zh-hans\/wp-json\/wp\/v2\/media?parent=1733"}],"wp:term":[{"taxonomy":"product_brand","embeddable":true,"href":"https:\/\/www.noithathuuthinh.vn\/zh-hans\/wp-json\/wp\/v2\/product_brand?post=1733"},{"taxonomy":"product_cat","embeddable":true,"href":"https:\/\/www.noithathuuthinh.vn\/zh-hans\/wp-json\/wp\/v2\/product_cat?post=1733"},{"taxonomy":"product_tag","embeddable":true,"href":"https:\/\/www.noithathuuthinh.vn\/zh-hans\/wp-json\/wp\/v2\/product_tag?post=1733"}],"curies":[{"name":"wp","href":"https:\/\/api.w.org\/{rel}","templated":true}]}}