{"id":1769,"date":"2025-07-15T22:46:46","date_gmt":"2025-07-15T15:46:46","guid":{"rendered":"https:\/\/noithathuuthinh.vn\/?post_type=product&#038;p=1769"},"modified":"2025-09-27T13:57:21","modified_gmt":"2025-09-27T06:57:21","slug":"ban-giam-doc-dt2010vm19","status":"publish","type":"product","link":"https:\/\/www.noithathuuthinh.vn\/zh-hans\/san-pham\/ban-giam-doc-dt2010vm19\/","title":{"rendered":"B\u00e0n Gi\u00e1m \u0111\u1ed1c DT2010VM19"},"content":{"rendered":"<p data-start=\"539\" data-end=\"624\"><strong data-start=\"539\" data-end=\"622\">B\u00e0n Gi\u00e1m \u0111\u1ed1c DT2010VM19 \u2013 S\u1ef1 l\u1ef1a ch\u1ecdn ho\u00e0n h\u1ea3o cho phong th\u00e1i l\u00e3nh \u0111\u1ea1o hi\u1ec7n \u0111\u1ea1i<\/strong><\/p>\n<p data-start=\"626\" data-end=\"1055\">Trong kh\u00f4ng gian v\u0103n ph\u00f2ng l\u00e3nh \u0111\u1ea1o, chi\u1ebfc b\u00e0n gi\u00e1m \u0111\u1ed1c lu\u00f4n gi\u1eef vai tr\u00f2 trung t\u00e2m, v\u1eeba l\u00e0 n\u01a1i l\u00e0m vi\u1ec7c quan tr\u1ecdng v\u1eeba l\u00e0 \u0111i\u1ec3m nh\u1ea5n th\u1ec3 hi\u1ec7n uy t\u00edn v\u00e0 phong th\u00e1i c\u1ee7a ng\u01b0\u1eddi \u0111\u1ee9ng \u0111\u1ea7u. <strong data-start=\"808\" data-end=\"835\">B\u00e0n Gi\u00e1m \u0111\u1ed1c DT2010VM19<\/strong> \u2013 m\u1ed9t trong nh\u1eefng s\u1ea3n ph\u1ea9m cao c\u1ea5p \u0111\u1ebfn t\u1eeb th\u01b0\u01a1ng hi\u1ec7u <strong data-start=\"890\" data-end=\"910\">N\u1ed8I TH\u1ea4T THE ONE<\/strong>, kh\u00f4ng ch\u1ec9 n\u1ed5i b\u1eadt v\u1edbi thi\u1ebft k\u1ebf tinh t\u1ebf, ch\u1ea5t li\u1ec7u cao c\u1ea5p m\u00e0 c\u00f2n \u0111\u01b0\u1ee3c trang b\u1ecb nhi\u1ec1u ti\u1ec7n \u00edch hi\u1ec7n \u0111\u1ea1i, mang \u0111\u1ebfn tr\u1ea3i nghi\u1ec7m l\u00e0m vi\u1ec7c t\u1ed1i \u01b0u.<\/p>\n<h4 data-start=\"1057\" data-end=\"1103\">Thi\u1ebft k\u1ebf hi\u1ec7n \u0111\u1ea1i, tinh t\u1ebf v\u00e0 ti\u1ec7n d\u1ee5ng<\/h4>\n<p data-start=\"1104\" data-end=\"1365\">V\u1edbi k\u00edch th\u01b0\u1edbc <strong data-start=\"1119\" data-end=\"1146\">W2000 x D1000 x H760 mm<\/strong>, b\u00e0n DT2010VM19 \u0111\u01b0\u1ee3c thi\u1ebft k\u1ebf v\u1eeba v\u1eb7n, ph\u00f9 h\u1ee3p v\u1edbi nhi\u1ec1u kh\u00f4ng gian ph\u00f2ng l\u00e3nh \u0111\u1ea1o kh\u00e1c nhau. Ki\u1ec3u d\u00e1ng m\u1eb7t ch\u1eef nh\u1eadt quen thu\u1ed9c nh\u01b0ng \u0111\u01b0\u1ee3c ch\u0103m ch\u00fat trong t\u1eebng \u0111\u01b0\u1eddng n\u00e9t, mang \u0111\u1ebfn s\u1ef1 ch\u1eafc ch\u1eafn, c\u00e2n \u0111\u1ed1i v\u00e0 sang tr\u1ecdng.<\/p>\n<p data-start=\"1367\" data-end=\"1799\">\u0110i\u1ec3m \u0111\u1eb7c bi\u1ec7t \u1edf s\u1ea3n ph\u1ea9m n\u00e0y ch\u00ednh l\u00e0 <strong data-start=\"1405\" data-end=\"1437\">n\u1eafp \u0111i\u1ec7n tho\u1ea1i h\u00ecnh ch\u1eef nh\u1eadt<\/strong> \u0111\u01b0\u1ee3c t\u00edch h\u1ee3p tr\u00ean m\u1eb7t b\u00e0n, gi\u00fap vi\u1ec7c s\u1eed d\u1ee5ng \u0111i\u1ec7n tho\u1ea1i tr\u1edf n\u00ean thu\u1eadn ti\u1ec7n v\u00e0 g\u1ecdn g\u00e0ng. Ngo\u00e0i ra, b\u00e0n c\u00f2n \u0111\u01b0\u1ee3c trang b\u1ecb <strong data-start=\"1559\" data-end=\"1606\">khay b\u00e0n ph\u00edm s\u1eed d\u1ee5ng ray gi\u1ea3m ch\u1ea5n cao c\u1ea5p<\/strong>, \u0111\u1ea3m b\u1ea3o thao t\u00e1c m\u01b0\u1ee3t m\u00e0, \u00eam \u00e1i, \u0111\u1ed3ng th\u1eddi gia t\u0103ng tu\u1ed5i th\u1ecd s\u1eed d\u1ee5ng. \u0110\u00e2y l\u00e0 chi ti\u1ebft hi\u1ec7n \u0111\u1ea1i hi\u1ebfm th\u1ea5y \u1edf nhi\u1ec1u m\u1eabu b\u00e0n l\u00e3nh \u0111\u1ea1o truy\u1ec1n th\u1ed1ng, mang \u0111\u1ebfn s\u1ef1 kh\u00e1c bi\u1ec7t v\u00e0 ti\u1ec7n nghi v\u01b0\u1ee3t tr\u1ed9i.<\/p>\n<h4 data-start=\"1801\" data-end=\"1849\">Ch\u1ea5t li\u1ec7u cao c\u1ea5p, b\u1ec1n \u0111\u1eb9p theo th\u1eddi gian<\/h4>\n<p data-start=\"1850\" data-end=\"1902\">B\u00e0n DT2010VM19 \u0111\u01b0\u1ee3c ch\u1ebf t\u00e1c t\u1eeb hai d\u00f2ng ch\u1ea5t li\u1ec7u:<\/p>\n<ul data-start=\"1903\" data-end=\"2246\">\n<li data-start=\"1903\" data-end=\"2048\">\n<p data-start=\"1905\" data-end=\"2048\"><strong data-start=\"1905\" data-end=\"1922\">Veneer (V19):<\/strong> l\u1edbp ph\u1ee7 Veneer mang \u0111\u1ebfn v\u00e2n g\u1ed7 t\u1ef1 nhi\u00ean, sang tr\u1ecdng, gi\u00fap kh\u00f4ng gian v\u0103n ph\u00f2ng th\u00eam g\u1ea7n g\u0169i nh\u01b0ng v\u1eabn to\u00e1t l\u00ean s\u1ef1 \u0111\u1eb3ng c\u1ea5p.<\/p>\n<\/li>\n<li data-start=\"2049\" data-end=\"2246\">\n<p data-start=\"2051\" data-end=\"2246\"><strong data-start=\"2051\" data-end=\"2086\">Veneer k\u1ebft h\u1ee3p Melamine (VM19):<\/strong> v\u1eeba gi\u1eef \u0111\u01b0\u1ee3c n\u00e9t \u0111\u1eb9p t\u1ef1 nhi\u00ean c\u1ee7a Veneer, v\u1eeba \u0111\u1ea3m b\u1ea3o kh\u1ea3 n\u0103ng ch\u1ed1ng tr\u1ea7y x\u01b0\u1edbc, ch\u1ed1ng cong v\u00eanh v\u00e0 \u1ea9m m\u1ed1c c\u1ee7a Melamine, t\u1ea1o n\u00ean s\u1ea3n ph\u1ea9m c\u00f3 tu\u1ed5i th\u1ecd l\u00e2u d\u00e0i.<\/p>\n<\/li>\n<\/ul>\n<p data-start=\"2248\" data-end=\"2315\">B\u00ean c\u1ea1nh \u0111\u00f3, chi ti\u1ebft \u1ed1p trang tr\u00ed \u0111\u01b0\u1ee3c ph\u00e2n th\u00e0nh hai phi\u00ean b\u1ea3n:<\/p>\n<ul data-start=\"2316\" data-end=\"2492\">\n<li data-start=\"2316\" data-end=\"2390\">\n<p data-start=\"2318\" data-end=\"2390\"><strong data-start=\"2318\" data-end=\"2330\">D\u00f2ng VM:<\/strong> \u1ed1p trang tr\u00ed PVC m\u00e0u n\u00e2u, t\u1ea1o c\u1ea3m gi\u00e1c \u1ea5m \u00e1p, sang tr\u1ecdng.<\/p>\n<\/li>\n<li data-start=\"2391\" data-end=\"2492\">\n<p data-start=\"2393\" data-end=\"2492\"><strong data-start=\"2393\" data-end=\"2404\">D\u00f2ng V:<\/strong> \u1ed1p trang tr\u00ed m\u00e0u \u0111en, nh\u1ea5n m\u1ea1nh s\u1ef1 m\u1ea1nh m\u1ebd, quy\u1ec1n l\u1ef1c v\u00e0 \u0111\u1eb3ng c\u1ea5p c\u1ee7a ng\u01b0\u1eddi l\u00e3nh \u0111\u1ea1o.<\/p>\n<\/li>\n<\/ul>\n<h4 data-start=\"2494\" data-end=\"2550\">Quy tr\u00ecnh s\u1ea3n xu\u1ea5t chu\u1ea9n m\u1ef1c, ho\u00e0n thi\u1ec7n tinh x\u1ea3o<\/h4>\n<p data-start=\"2551\" data-end=\"2857\">DT2010VM19 \u0111\u01b0\u1ee3c s\u1ea3n xu\u1ea5t tr\u00ean d\u00e2y chuy\u1ec1n c\u00f4ng ngh\u1ec7 hi\u1ec7n \u0111\u1ea1i, \u0111\u1ea3m b\u1ea3o <strong data-start=\"2620\" data-end=\"2649\">dung sai k\u00edch th\u01b0\u1edbc \u00b15 mm<\/strong>. T\u1eebng chi ti\u1ebft \u0111\u01b0\u1ee3c gia c\u00f4ng k\u1ef9 l\u01b0\u1ee1ng, t\u1eeb b\u1ec1 m\u1eb7t ph\u1ee7 s\u01a1n, c\u00e1c c\u1ea1nh bo tr\u00f2n \u0111\u1ebfn h\u1ec7 th\u1ed1ng ph\u1ee5 ki\u1ec7n \u0111i k\u00e8m, t\u1ea5t c\u1ea3 \u0111\u1ec1u \u0111\u1ea1t ti\u00eau chu\u1ea9n ch\u1ea5t l\u01b0\u1ee3ng cao, mang \u0111\u1ebfn tr\u1ea3i nghi\u1ec7m s\u1eed d\u1ee5ng an to\u00e0n, ti\u1ec7n l\u1ee3i v\u00e0 b\u1ec1n l\u00e2u.<\/p>\n<h4 data-start=\"2859\" data-end=\"2910\">Bi\u1ec3u t\u01b0\u1ee3ng c\u1ee7a uy t\u00edn v\u00e0 phong th\u00e1i l\u00e3nh \u0111\u1ea1o<\/h4>\n<p data-start=\"2911\" data-end=\"3233\">M\u1ed9t chi\u1ebfc b\u00e0n gi\u00e1m \u0111\u1ed1c kh\u00f4ng \u0111\u01a1n thu\u1ea7n l\u00e0 n\u01a1i l\u00e0m vi\u1ec7c, m\u00e0 c\u00f2n l\u00e0 \u201ctuy\u00ean ng\u00f4n\u201d v\u1ec1 phong c\u00e1ch v\u00e0 t\u1ea7m v\u00f3c l\u00e3nh \u0111\u1ea1o. V\u1edbi thi\u1ebft k\u1ebf hi\u1ec7n \u0111\u1ea1i, ti\u1ec7n \u00edch th\u00f4ng minh v\u00e0 ch\u1ea5t li\u1ec7u cao c\u1ea5p, DT2010VM19 kh\u00f4ng ch\u1ec9 gi\u00fap c\u00f4ng vi\u1ec7c di\u1ec5n ra thu\u1eadn l\u1ee3i m\u00e0 c\u00f2n n\u00e2ng t\u1ea7m h\u00ecnh \u1ea3nh c\u1ee7a ng\u01b0\u1eddi l\u00e3nh \u0111\u1ea1o trong m\u1eaft \u0111\u1ed1i t\u00e1c, nh\u00e2n vi\u00ean v\u00e0 kh\u00e1ch h\u00e0ng.<\/p>\n<h4 data-start=\"3235\" data-end=\"3279\">Gi\u00e1 tr\u1ecb phong th\u1ee7y v\u00e0 \u00fd ngh\u0129a l\u00e2u d\u00e0i<\/h4>\n<p data-start=\"3280\" data-end=\"3627\">Trong quan ni\u1ec7m phong th\u1ee7y, m\u1ed9t chi\u1ebfc b\u00e0n gi\u00e1m \u0111\u1ed1c c\u00f3 k\u00edch th\u01b0\u1edbc chu\u1ea9n, ch\u1ea5t li\u1ec7u t\u1ef1 nhi\u00ean v\u00e0 m\u00e0u s\u1eafc h\u00e0i h\u00f2a s\u1ebd g\u00f3p ph\u1ea7n mang l\u1ea1i n\u0103ng l\u01b0\u1ee3ng t\u00edch c\u1ef1c, thu h\u00fat may m\u1eafn v\u00e0 t\u00e0i l\u1ed9c. DT2010VM19 v\u1edbi v\u1ebb \u0111\u1eb9p c\u00e2n \u0111\u1ed1i, sang tr\u1ecdng v\u00e0 ch\u1ea5t li\u1ec7u b\u1ec1n b\u1ec9 ch\u00ednh l\u00e0 l\u1ef1a ch\u1ecdn l\u00fd t\u01b0\u1edfng \u0111\u1ec3 t\u1ea1o d\u1ef1ng kh\u00f4ng gian l\u00e0m vi\u1ec7c thu\u1eadn l\u1ee3i, h\u01b0\u1edbng \u0111\u1ebfn s\u1ef1 ph\u00e1t tri\u1ec3n b\u1ec1n v\u1eefng.<\/p>\n<h4 data-start=\"3629\" data-end=\"3644\">K\u1ebft lu\u1eadn<\/h4>\n<p data-start=\"3645\" data-end=\"3929\"><strong data-start=\"3645\" data-end=\"3672\">B\u00e0n Gi\u00e1m \u0111\u1ed1c DT2010VM19<\/strong> l\u00e0 s\u1ef1 k\u1ebft h\u1ee3p ho\u00e0n h\u1ea3o gi\u1eefa th\u1ea9m m\u1ef9 v\u00e0 c\u00f4ng n\u0103ng, v\u1eeba sang tr\u1ecdng, b\u1ec1 th\u1ebf, v\u1eeba hi\u1ec7n \u0111\u1ea1i, ti\u1ec7n \u00edch. \u0110\u00e2y ch\u1eafc ch\u1eafn s\u1ebd l\u00e0 l\u1ef1a ch\u1ecdn l\u00fd t\u01b0\u1edfng cho nh\u1eefng nh\u00e0 l\u00e3nh \u0111\u1ea1o mong mu\u1ed1n x\u00e2y d\u1ef1ng m\u1ed9t kh\u00f4ng gian l\u00e0m vi\u1ec7c \u0111\u1eb3ng c\u1ea5p, kh\u1eb3ng \u0111\u1ecbnh phong th\u00e1i v\u00e0 t\u1ea7m v\u00f3c c\u1ee7a m\u00ecnh.<\/p>\n<p data-start=\"3931\" data-end=\"4135\"><em data-start=\"3931\" data-end=\"4133\">L\u01b0u \u00fd: M\u00e0u s\u1eafc hi\u1ec3n th\u1ecb tr\u00ean website c\u00f3 th\u1ec3 kh\u00e1c bi\u1ec7t so v\u1edbi th\u1ef1c t\u1ebf do \u00e1nh s\u00e1ng ch\u1ee5p \u1ea3nh ho\u1eb7c h\u00ecnh \u1ea3nh m\u00f4 ph\u1ecfng 3D. Qu\u00fd kh\u00e1ch vui l\u00f2ng ki\u1ec3m tra tr\u1ef1c ti\u1ebfp \u0111\u1ec3 c\u00f3 s\u1ef1 l\u1ef1a ch\u1ecdn ch\u00ednh x\u00e1c v\u00e0 h\u00e0i l\u00f2ng nh\u1ea5t.<\/em><\/p>\n","protected":false},"excerpt":{"rendered":"<p data-start=\"31\" data-end=\"150\"><strong data-start=\"31\" data-end=\"148\">B\u00e0n Gi\u00e1m \u0111\u1ed1c DT2010VM19 \u2013 B\u00e0n l\u00e3nh \u0111\u1ea1o cao c\u1ea5p s\u1eed d\u1ee5ng ch\u1ea5t li\u1ec7u Veneer (V19) ho\u1eb7c Veneer k\u1ebft h\u1ee3p Melamine (VM19)<\/strong><\/p>\n<p data-start=\"152\" data-end=\"490\"><strong>K\u00edch th\u01b0\u1edbc :<\/strong><br \/>\nW2000 x D1000 x H760 (mm)\u00a0 \u00a0&#8211; <span style=\"color: #ed1c24; font-size: 120%;\"><strong>9.103.000 \u0111<br \/>\n<\/strong><\/span>W2400 x D1100 x H760 (mm)\u00a0 \u00a0&#8211; <strong><span style=\"color: #ed1c24; font-size: 120%;\">11.103<\/span><\/strong><strong><span style=\"color: #ed1c24; font-size: 120%;\">.000 \u0111<\/span><\/strong><br data-start=\"189\" data-end=\"192\" \/>Xu\u1ea5t x\u1ee9: S\u1ea3n ph\u1ea9m c\u1ee7a c\u00f4ng ty N\u1ed8I TH\u1ea4T THE ONE \u2013 Ph\u00e2n ph\u1ed1i b\u1edfi C\u00d4NG TY TNHH SXTM TTNT H\u1eeeU TH\u1ecaNH<br data-start=\"287\" data-end=\"290\" \/>B\u1ea3o h\u00e0nh: 12 th\u00e1ng theo ti\u00eau chu\u1ea9n nh\u00e0 m\u00e1y.<br data-start=\"333\" data-end=\"336\" \/><span style=\"color: #ed1c24;\"><em data-start=\"336\" data-end=\"488\">L\u01b0u \u00fd: Gi\u00e1 tr\u00ean ch\u01b0a bao g\u1ed3m VAT v\u00e0 ph\u00ed v\u1eadn chuy\u1ec3n. Gi\u00e1 s\u1ea3n ph\u1ea9m c\u00f3 th\u1ebf thay \u0111\u1ed5i theo t\u1eebng th\u1eddi \u0111i\u1ec3m, vui l\u00f2ng li\u00ean h\u1ec7 \u0111\u1ec3 nh\u1eadn t\u01b0 v\u1ea5n \u01b0u \u0111\u00e3i t\u1ed1t nh\u1ea5t.<\/em><\/span><\/p>\n","protected":false},"featured_media":3297,"comment_status":"open","ping_status":"closed","template":"","meta":[],"product_brand":[],"product_cat":[17,756],"product_tag":[],"class_list":{"0":"post-1769","1":"product","2":"type-product","3":"status-publish","4":"has-post-thumbnail","6":"product_cat-noi-that-van-phong","7":"product_cat-ban-giam-doc","9":"first","10":"instock","11":"taxable","12":"shipping-taxable","13":"purchasable","14":"product-type-simple"},"_links":{"self":[{"href":"https:\/\/www.noithathuuthinh.vn\/zh-hans\/wp-json\/wp\/v2\/product\/1769","targetHints":{"allow":["GET"]}}],"collection":[{"href":"https:\/\/www.noithathuuthinh.vn\/zh-hans\/wp-json\/wp\/v2\/product"}],"about":[{"href":"https:\/\/www.noithathuuthinh.vn\/zh-hans\/wp-json\/wp\/v2\/types\/product"}],"replies":[{"embeddable":true,"href":"https:\/\/www.noithathuuthinh.vn\/zh-hans\/wp-json\/wp\/v2\/comments?post=1769"}],"wp:featuredmedia":[{"embeddable":true,"href":"https:\/\/www.noithathuuthinh.vn\/zh-hans\/wp-json\/wp\/v2\/media\/3297"}],"wp:attachment":[{"href":"https:\/\/www.noithathuuthinh.vn\/zh-hans\/wp-json\/wp\/v2\/media?parent=1769"}],"wp:term":[{"taxonomy":"product_brand","embeddable":true,"href":"https:\/\/www.noithathuuthinh.vn\/zh-hans\/wp-json\/wp\/v2\/product_brand?post=1769"},{"taxonomy":"product_cat","embeddable":true,"href":"https:\/\/www.noithathuuthinh.vn\/zh-hans\/wp-json\/wp\/v2\/product_cat?post=1769"},{"taxonomy":"product_tag","embeddable":true,"href":"https:\/\/www.noithathuuthinh.vn\/zh-hans\/wp-json\/wp\/v2\/product_tag?post=1769"}],"curies":[{"name":"wp","href":"https:\/\/api.w.org\/{rel}","templated":true}]}}