{"id":3242,"date":"2025-09-18T13:52:05","date_gmt":"2025-09-18T06:52:05","guid":{"rendered":"https:\/\/noithathuuthinh.vn\/?post_type=product&#038;p=3242"},"modified":"2025-09-27T13:48:03","modified_gmt":"2025-09-27T06:48:03","slug":"ban-giam-doc-dt1890vm2-2","status":"publish","type":"product","link":"https:\/\/www.noithathuuthinh.vn\/zh-hans\/san-pham\/ban-giam-doc-dt1890vm2-2\/","title":{"rendered":"B\u00c0N GI\u00c1M \u0110\u1ed0C DT1890VM2"},"content":{"rendered":"<h3 data-start=\"679\" data-end=\"763\">B\u00e0n Gi\u00e1m \u0111\u1ed1c DT1890VM2 \u2013 Gi\u1ea3i ph\u00e1p n\u1ed9i th\u1ea5t sang tr\u1ecdng cho kh\u00f4ng gian l\u00e3nh \u0111\u1ea1o<\/h3>\n<p data-start=\"765\" data-end=\"1158\">B\u00e0n Gi\u00e1m \u0111\u1ed1c DT1890VM2 l\u00e0 s\u1ea3n ph\u1ea9m n\u1ed9i th\u1ea5t cao c\u1ea5p \u0111\u01b0\u1ee3c thi\u1ebft k\u1ebf d\u00e0nh ri\u00eang cho nh\u1eefng kh\u00f4ng gian l\u00e0m vi\u1ec7c c\u1ee7a l\u00e3nh \u0111\u1ea1o, gi\u00e1m \u0111\u1ed1c v\u00e0 c\u00e1c nh\u00e0 qu\u1ea3n l\u00fd c\u1ea5p cao. V\u1edbi ki\u1ec3u d\u00e1ng m\u1eb7t b\u00e0n ch\u1eef nh\u1eadt truy\u1ec1n th\u1ed1ng, k\u1ebft h\u1ee3p c\u00f9ng ch\u1ea5t li\u1ec7u g\u1ed7 Veneer v\u00e0 Veneer \u2013 Melamine hi\u1ec7n \u0111\u1ea1i, s\u1ea3n ph\u1ea9m kh\u00f4ng ch\u1ec9 mang \u0111\u1ebfn s\u1ef1 ti\u1ec7n nghi m\u00e0 c\u00f2n th\u1ec3 hi\u1ec7n phong th\u00e1i chuy\u00ean nghi\u1ec7p, \u0111\u1eb3ng c\u1ea5p v\u00e0 quy\u1ec1n l\u1ef1c c\u1ee7a ng\u01b0\u1eddi \u0111\u1ee9ng \u0111\u1ea7u.<\/p>\n<p data-start=\"1160\" data-end=\"1497\">\u0110i\u1ec3m \u1ea5n t\u01b0\u1ee3ng \u0111\u1ea7u ti\u00ean c\u1ee7a b\u00e0n ch\u00ednh l\u00e0 k\u00edch th\u01b0\u1edbc r\u1ed9ng r\u00e3i W1800 x D900 x H760 mm, mang l\u1ea1i b\u1ec1 m\u1eb7t l\u00e0m vi\u1ec7c tho\u1ea3i m\u00e1i \u0111\u1ec3 s\u1eafp x\u1ebfp m\u00e1y t\u00ednh, h\u1ed3 s\u01a1, t\u00e0i li\u1ec7u, \u0111i\u1ec7n tho\u1ea1i v\u00e0 c\u00e1c v\u1eadt d\u1ee5ng c\u00e1 nh\u00e2n kh\u00e1c. V\u1edbi thi\u1ebft k\u1ebf khoa h\u1ecdc v\u00e0 t\u1ed1i \u01b0u kh\u00f4ng gian, ng\u01b0\u1eddi s\u1eed d\u1ee5ng c\u00f3 th\u1ec3 d\u1ec5 d\u00e0ng t\u1ed5 ch\u1ee9c c\u00f4ng vi\u1ec7c hi\u1ec7u qu\u1ea3 m\u00e0 v\u1eabn \u0111\u1ea3m b\u1ea3o s\u1ef1 g\u1ecdn g\u00e0ng, ng\u0103n n\u1eafp.<\/p>\n<p data-start=\"1499\" data-end=\"1574\">V\u1ec1 ch\u1ea5t li\u1ec7u, b\u00e0n DT1890VM2 mang \u0111\u1ebfn cho kh\u00e1ch h\u00e0ng hai l\u1ef1a ch\u1ecdn ph\u00f9 h\u1ee3p:<\/p>\n<ul data-start=\"1575\" data-end=\"2019\">\n<li data-start=\"1575\" data-end=\"1742\">\n<p data-start=\"1577\" data-end=\"1742\"><strong data-start=\"1577\" data-end=\"1589\">D\u00f2ng V2:<\/strong> s\u1eed d\u1ee5ng g\u1ed7 Veneer v\u1edbi v\u00e2n g\u1ed7 t\u1ef1 nhi\u00ean tinh t\u1ebf, k\u1ebft h\u1ee3p c\u00f9ng \u1ed1p trang tr\u00ed m\u00e0u \u0111en sang tr\u1ecdng, m\u1ea1nh m\u1ebd, t\u00f4n l\u00ean s\u1ef1 uy nghi v\u00e0 quy\u1ec1n l\u1ef1c c\u1ee7a v\u1ecb l\u00e3nh \u0111\u1ea1o.<\/p>\n<\/li>\n<li data-start=\"1743\" data-end=\"2019\">\n<p data-start=\"1745\" data-end=\"2019\"><strong data-start=\"1745\" data-end=\"1758\">D\u00f2ng VM2:<\/strong> k\u1ebft h\u1ee3p g\u1ed7 Veneer v\u00e0 Melamine, mang \u0111\u1ebfn kh\u1ea3 n\u0103ng ch\u1ed1ng tr\u1ea7y x\u01b0\u1edbc, h\u1ea1n ch\u1ebf cong v\u00eanh, d\u1ec5 d\u00e0ng v\u1ec7 sinh trong qu\u00e1 tr\u00ecnh s\u1eed d\u1ee5ng. D\u00f2ng n\u00e0y c\u00f2n \u0111\u01b0\u1ee3c nh\u1ea5n nh\u00e1 b\u1edfi \u1ed1p trang tr\u00ed PVC m\u00e0u n\u00e2u \u1ea5m \u00e1p, \u0111em l\u1ea1i c\u1ea3m gi\u00e1c g\u1ea7n g\u0169i, th\u00e2n thi\u1ec7n nh\u01b0ng kh\u00f4ng k\u00e9m ph\u1ea7n sang tr\u1ecdng.<\/p>\n<\/li>\n<\/ul>\n<p data-start=\"2021\" data-end=\"2251\">S\u1ea3n ph\u1ea9m \u0111\u01b0\u1ee3c trang b\u1ecb <strong data-start=\"2044\" data-end=\"2077\">n\u1eafp \u0111i\u1ec7n tho\u1ea1i tr\u00f2n ti\u1ec7n d\u1ee5ng<\/strong>, gi\u00fap vi\u1ec7c b\u1ed1 tr\u00ed d\u00e2y \u0111i\u1ec7n, d\u00e2y s\u1ea1c tr\u1edf n\u00ean g\u1ecdn g\u00e0ng, tr\u00e1nh s\u1ef1 l\u1ed9n x\u1ed9n v\u00e0 \u0111\u1ea3m b\u1ea3o t\u00ednh th\u1ea9m m\u1ef9. \u0110\u00e2y l\u00e0 chi ti\u1ebft nh\u1ecf nh\u01b0ng c\u1ef1c k\u1ef3 h\u1eefu \u00edch, n\u00e2ng cao tr\u1ea3i nghi\u1ec7m khi s\u1eed d\u1ee5ng.<\/p>\n<p data-start=\"2253\" data-end=\"2589\">V\u1edbi dung sai k\u00edch th\u01b0\u1edbc ch\u1ec9 \u00b15 mm, b\u00e0n DT1890VM2 th\u1ec3 hi\u1ec7n s\u1ef1 chu\u1ea9n x\u00e1c trong s\u1ea3n xu\u1ea5t v\u00e0 l\u1eafp r\u00e1p. M\u1ed7i \u0111\u01b0\u1eddng n\u00e9t \u0111\u1ec1u \u0111\u01b0\u1ee3c ho\u00e0n thi\u1ec7n c\u1ea9n th\u1eadn, \u0111\u1ea3m b\u1ea3o s\u1ef1 b\u1ec1n b\u1ec9 v\u00e0 tu\u1ed5i th\u1ecd cao trong qu\u00e1 tr\u00ecnh s\u1eed d\u1ee5ng. \u0110i\u1ec1u n\u00e0y kh\u00f4ng ch\u1ec9 mang l\u1ea1i gi\u00e1 tr\u1ecb s\u1eed d\u1ee5ng l\u00e2u d\u00e0i m\u00e0 c\u00f2n kh\u1eb3ng \u0111\u1ecbnh uy t\u00edn v\u1ec1 ch\u1ea5t l\u01b0\u1ee3ng s\u1ea3n ph\u1ea9m c\u1ee7a th\u01b0\u01a1ng hi\u1ec7u N\u1ed8I TH\u1ea4T THE ONE.<\/p>\n<p data-start=\"2591\" data-end=\"3002\">Ngo\u00e0i c\u00f4ng n\u0103ng s\u1eed d\u1ee5ng, b\u00e0n DT1890VM2 c\u00f2n g\u00f3p ph\u1ea7n n\u00e2ng t\u1ea7m h\u00ecnh \u1ea3nh doanh nghi\u1ec7p. M\u1ed9t chi\u1ebfc b\u00e0n gi\u00e1m \u0111\u1ed1c \u0111\u1eb9p v\u00e0 sang tr\u1ecdng s\u1ebd tr\u1edf th\u00e0nh \u0111i\u1ec3m nh\u1ea5n quan tr\u1ecdng trong kh\u00f4ng gian v\u0103n ph\u00f2ng, t\u1ea1o \u1ea5n t\u01b0\u1ee3ng m\u1ea1nh m\u1ebd v\u1edbi kh\u00e1ch h\u00e0ng v\u00e0 \u0111\u1ed1i t\u00e1c, \u0111\u1ed3ng th\u1eddi kh\u1eb3ng \u0111\u1ecbnh v\u1ecb th\u1ebf c\u1ee7a ng\u01b0\u1eddi l\u00e3nh \u0111\u1ea1o. H\u01a1n n\u1eefa, kh\u00f4ng gian l\u00e0m vi\u1ec7c chuy\u00ean nghi\u1ec7p c\u0169ng s\u1ebd truy\u1ec1n c\u1ea3m h\u1ee9ng, th\u00fac \u0111\u1ea9y tinh th\u1ea7n l\u00e0m vi\u1ec7c t\u00edch c\u1ef1c v\u00e0 s\u00e1ng t\u1ea1o m\u1ed7i ng\u00e0y.<\/p>\n<p data-start=\"3004\" data-end=\"3274\">M\u1ed9t l\u01b0u \u00fd nh\u1ecf l\u00e0 m\u00e0u s\u1eafc hi\u1ec3n th\u1ecb tr\u00ean website c\u00f3 th\u1ec3 kh\u00e1c so v\u1edbi th\u1ef1c t\u1ebf do \u0111i\u1ec1u ki\u1ec7n \u00e1nh s\u00e1ng khi ch\u1ee5p \u1ea3nh ho\u1eb7c do h\u00ecnh \u1ea3nh m\u00f4 ph\u1ecfng 3D. Ch\u00ednh v\u00ec v\u1eady, kh\u00e1ch h\u00e0ng n\u00ean tr\u1ef1c ti\u1ebfp ki\u1ec3m tra v\u00e0 x\u00e1c nh\u1eadn m\u00e0u s\u1eafc s\u1ea3n ph\u1ea9m tr\u01b0\u1edbc khi \u0111\u1eb7t h\u00e0ng \u0111\u1ec3 c\u00f3 s\u1ef1 l\u1ef1a ch\u1ecdn ch\u00ednh x\u00e1c nh\u1ea5t.<\/p>\n<p data-start=\"3276\" data-end=\"3682\">V\u1edbi s\u1ef1 k\u1ebft h\u1ee3p ho\u00e0n h\u1ea3o gi\u1eefa thi\u1ebft k\u1ebf tinh t\u1ebf, ch\u1ea5t li\u1ec7u cao c\u1ea5p v\u00e0 c\u00f4ng n\u0103ng v\u01b0\u1ee3t tr\u1ed9i, B\u00e0n Gi\u00e1m \u0111\u1ed1c DT1890VM2 x\u1ee9ng \u0111\u00e1ng l\u00e0 l\u1ef1a ch\u1ecdn h\u00e0ng \u0111\u1ea7u cho nh\u1eefng ai mong mu\u1ed1n s\u1edf h\u1eefu m\u1ed9t kh\u00f4ng gian l\u00e0m vi\u1ec7c sang tr\u1ecdng, hi\u1ec7n \u0111\u1ea1i v\u00e0 chuy\u00ean nghi\u1ec7p. \u0110\u00e2y ch\u1eafc ch\u1eafn l\u00e0 kho\u1ea3n \u0111\u1ea7u t\u01b0 th\u00f4ng minh, v\u1eeba n\u00e2ng cao gi\u00e1 tr\u1ecb th\u1ea9m m\u1ef9, v\u1eeba kh\u1eb3ng \u0111\u1ecbnh phong c\u00e1ch l\u00e3nh \u0111\u1ea1o, \u0111\u1ed3ng th\u1eddi mang l\u1ea1i s\u1ef1 ti\u1ec7n nghi v\u01b0\u1ee3t tr\u1ed9i cho ng\u01b0\u1eddi s\u1eed d\u1ee5ng.<\/p>\n","protected":false},"excerpt":{"rendered":"<p><strong data-start=\"144\" data-end=\"278\">B\u00e0n Gi\u00e1m \u0111\u1ed1c DT1890VM2 \u2013 B\u00e0n l\u00e3nh \u0111\u1ea1o m\u1eb7t ch\u1eef nh\u1eadt cao c\u1ea5p s\u1eed d\u1ee5ng ch\u1ea5t li\u1ec7u g\u1ed7 Veneer (V2) ho\u1eb7c g\u1ed7 Veneer k\u1ebft h\u1ee3p Melamine (VM2).<\/strong><br data-start=\"278\" data-end=\"281\" \/><strong>K\u00edch th\u01b0\u1edbc :<\/strong><br \/>\nW1800 x D900 x H760 (mm)\u00a0 \u00a0 \u00a0&#8211; <strong><span style=\"color: #ed1c24; font-size: 120%;\">4.695.000 \u0111<\/span><\/strong><br \/>\nW2000 x D1000 x H760 (mm)\u00a0 \u00a0&#8211; <span style=\"color: #ed1c24; font-size: 120%;\"><strong>5.705.000 \u0111<\/strong><\/span><br data-start=\"321\" data-end=\"324\" \/><strong data-start=\"324\" data-end=\"336\">Xu\u1ea5t x\u1ee9:<\/strong> S\u1ea3n ph\u1ea9m c\u1ee7a c\u00f4ng ty N\u1ed8I TH\u1ea4T THE ONE \u2013 Ph\u00e2n ph\u1ed1i b\u1edfi C\u00d4NG TY TNHH SXTM TTNT H\u1eeeU TH\u1ecaNH<br data-start=\"423\" data-end=\"426\" \/><strong data-start=\"426\" data-end=\"439\">B\u1ea3o h\u00e0nh:<\/strong> 12 th\u00e1ng theo ti\u00eau chu\u1ea9n nh\u00e0 m\u00e1y.<br data-start=\"473\" data-end=\"476\" \/><span style=\"color: #ed1c24;\"><em data-start=\"476\" data-end=\"628\">L\u01b0u \u00fd: Gi\u00e1 tr\u00ean ch\u01b0a bao g\u1ed3m VAT v\u00e0 ph\u00ed v\u1eadn chuy\u1ec3n. Gi\u00e1 s\u1ea3n ph\u1ea9m c\u00f3 th\u1ec3 thay \u0111\u1ed5i theo t\u1eebng th\u1eddi \u0111i\u1ec3m, vui l\u00f2ng li\u00ean h\u1ec7 \u0111\u1ec3 nh\u1eadn t\u01b0 v\u1ea5n \u01b0u \u0111\u00e3i t\u1ed1t nh\u1ea5t.<\/em><\/span><\/p>\n","protected":false},"featured_media":3267,"comment_status":"open","ping_status":"closed","template":"","meta":[],"product_brand":[],"product_cat":[17,756],"product_tag":[],"class_list":{"0":"post-3242","1":"product","2":"type-product","3":"status-publish","4":"has-post-thumbnail","6":"product_cat-noi-that-van-phong","7":"product_cat-ban-giam-doc","9":"first","10":"instock","11":"taxable","12":"shipping-taxable","13":"purchasable","14":"product-type-simple"},"_links":{"self":[{"href":"https:\/\/www.noithathuuthinh.vn\/zh-hans\/wp-json\/wp\/v2\/product\/3242","targetHints":{"allow":["GET"]}}],"collection":[{"href":"https:\/\/www.noithathuuthinh.vn\/zh-hans\/wp-json\/wp\/v2\/product"}],"about":[{"href":"https:\/\/www.noithathuuthinh.vn\/zh-hans\/wp-json\/wp\/v2\/types\/product"}],"replies":[{"embeddable":true,"href":"https:\/\/www.noithathuuthinh.vn\/zh-hans\/wp-json\/wp\/v2\/comments?post=3242"}],"wp:featuredmedia":[{"embeddable":true,"href":"https:\/\/www.noithathuuthinh.vn\/zh-hans\/wp-json\/wp\/v2\/media\/3267"}],"wp:attachment":[{"href":"https:\/\/www.noithathuuthinh.vn\/zh-hans\/wp-json\/wp\/v2\/media?parent=3242"}],"wp:term":[{"taxonomy":"product_brand","embeddable":true,"href":"https:\/\/www.noithathuuthinh.vn\/zh-hans\/wp-json\/wp\/v2\/product_brand?post=3242"},{"taxonomy":"product_cat","embeddable":true,"href":"https:\/\/www.noithathuuthinh.vn\/zh-hans\/wp-json\/wp\/v2\/product_cat?post=3242"},{"taxonomy":"product_tag","embeddable":true,"href":"https:\/\/www.noithathuuthinh.vn\/zh-hans\/wp-json\/wp\/v2\/product_tag?post=3242"}],"curies":[{"name":"wp","href":"https:\/\/api.w.org\/{rel}","templated":true}]}}