{"id":3367,"date":"2025-09-26T10:45:24","date_gmt":"2025-09-26T03:45:24","guid":{"rendered":"https:\/\/noithathuuthinh.vn\/?post_type=product&#038;p=3367"},"modified":"2025-09-27T13:26:11","modified_gmt":"2025-09-27T06:26:11","slug":"ban-giam-doc-dt1890h44","status":"publish","type":"product","link":"https:\/\/www.noithathuuthinh.vn\/zh-hans\/san-pham\/ban-giam-doc-dt1890h44\/","title":{"rendered":"B\u00e0n Gi\u00e1m \u0111\u1ed1c DT1890H44"},"content":{"rendered":"<p data-start=\"218\" data-end=\"557\">B\u00e0n Gi\u00e1m \u0111\u1ed1c DT1890H44 l\u00e0 m\u1ed9t trong nh\u1eefng d\u00f2ng s\u1ea3n ph\u1ea9m n\u1ed9i th\u1ea5t cao c\u1ea5p \u0111\u01b0\u1ee3c thi\u1ebft k\u1ebf d\u00e0nh ri\u00eang cho kh\u00f4ng gian l\u00e0m vi\u1ec7c c\u1ee7a l\u00e3nh \u0111\u1ea1o. V\u1edbi ki\u1ec3u d\u00e1ng hi\u1ec7n \u0111\u1ea1i, \u0111\u01b0\u1eddng n\u00e9t tinh t\u1ebf v\u00e0 ch\u1ea5t li\u1ec7u b\u1ec1n b\u1ec9, s\u1ea3n ph\u1ea9m kh\u00f4ng ch\u1ec9 l\u00e0 m\u1ed9t chi\u1ebfc b\u00e0n l\u00e0m vi\u1ec7c \u0111\u01a1n thu\u1ea7n m\u00e0 c\u00f2n l\u00e0 bi\u1ec3u t\u01b0\u1ee3ng th\u1ec3 hi\u1ec7n v\u1ecb th\u1ebf v\u00e0 phong c\u00e1ch chuy\u00ean nghi\u1ec7p c\u1ee7a ng\u01b0\u1eddi s\u1eed d\u1ee5ng.<\/p>\n<p data-start=\"559\" data-end=\"931\">\u0110i\u1ec3m nh\u1ea5n n\u1ed5i b\u1eadt c\u1ee7a m\u1eabu b\u00e0n n\u00e0y l\u00e0 m\u1eb7t b\u00e0n h\u00ecnh ch\u1eef nh\u1eadt \u0111\u01b0\u1ee3c thi\u1ebft k\u1ebf r\u1ed9ng r\u00e3i, mang \u0111\u1ebfn s\u1ef1 tho\u1ea3i m\u00e1i cho ng\u01b0\u1eddi d\u00f9ng trong qu\u00e1 tr\u00ecnh l\u00e0m vi\u1ec7c. Tr\u00ean b\u1ec1 m\u1eb7t c\u00f3 t\u1ea5m PVC trang tr\u00ed, t\u1ea1o c\u1ea3m gi\u00e1c sang tr\u1ecdng v\u00e0 hi\u1ec7n \u0111\u1ea1i. S\u1ef1 k\u1ebft h\u1ee3p gi\u1eefa gam m\u00e0u g\u1ed7 t\u1ef1 nhi\u00ean v\u1edbi chi ti\u1ebft PVC tinh t\u1ebf gi\u00fap b\u00e0n tr\u1edf n\u00ean cu\u1ed1n h\u00fat, d\u1ec5 d\u00e0ng ph\u00f9 h\u1ee3p v\u1edbi nhi\u1ec1u phong c\u00e1ch thi\u1ebft k\u1ebf n\u1ed9i th\u1ea5t kh\u00e1c nhau.<\/p>\n<p data-start=\"933\" data-end=\"1282\">Ph\u1ea7n ch\u00e2n b\u00e0n \u0111\u01b0\u1ee3c trang tr\u00ed b\u1eb1ng t\u1ea5m g\u1ed7 tr\u1eafng n\u1ed5i b\u1eadt, t\u1ea1o n\u00ean s\u1ef1 h\u00e0i h\u00f2a trong t\u1ed5ng th\u1ec3 thi\u1ebft k\u1ebf. \u0110\u00e2y kh\u00f4ng ch\u1ec9 l\u00e0 chi ti\u1ebft t\u0103ng t\u00ednh th\u1ea9m m\u1ef9 m\u00e0 c\u00f2n th\u1ec3 hi\u1ec7n s\u1ef1 tinh t\u1ebf, kh\u00e1c bi\u1ec7t so v\u1edbi nhi\u1ec1u m\u1eabu b\u00e0n l\u00e3nh \u0111\u1ea1o truy\u1ec1n th\u1ed1ng. Y\u1ebfm b\u00e0n \u0111\u01b0\u1ee3c thi\u1ebft k\u1ebf ch\u1eafc ch\u1eafn, c\u00f3 g\u1eafn n\u1eb9p nh\u00f4m v\u1eeba t\u1ea1o \u0111i\u1ec3m nh\u1ea5n trang tr\u00ed v\u1eeba gi\u00fap b\u00e0n th\u00eam ph\u1ea7n b\u1ec1n v\u1eefng v\u00e0 \u0111\u1eb3ng c\u1ea5p.<\/p>\n<p data-start=\"1284\" data-end=\"1616\">K\u00edch th\u01b0\u1edbc c\u1ee7a b\u00e0n \u0111\u01b0\u1ee3c t\u1ed1i \u01b0u cho kh\u00f4ng gian l\u00e0m vi\u1ec7c c\u1ee7a l\u00e3nh \u0111\u1ea1o. V\u1edbi chi\u1ec1u d\u00e0i 1m8, chi\u1ec1u r\u1ed9ng 90cm v\u00e0 chi\u1ec1u cao ti\u00eau chu\u1ea9n 76cm, b\u00e0n mang l\u1ea1i c\u1ea3m gi\u00e1c tho\u1ea3i m\u00e1i trong qu\u00e1 tr\u00ecnh s\u1eed d\u1ee5ng. K\u00edch th\u01b0\u1edbc n\u00e0y \u0111\u1ee7 r\u1ed9ng \u0111\u1ec3 b\u1ed1 tr\u00ed m\u00e1y t\u00ednh, t\u00e0i li\u1ec7u, v\u1eadt d\u1ee5ng c\u00e1 nh\u00e2n v\u00e0 c\u00e1c ph\u1ee5 ki\u1ec7n v\u0103n ph\u00f2ng kh\u00e1c m\u00e0 v\u1eabn gi\u1eef \u0111\u01b0\u1ee3c s\u1ef1 g\u1ecdn g\u00e0ng, khoa h\u1ecdc.<\/p>\n<p data-start=\"1618\" data-end=\"1968\">Ch\u1ea5t li\u1ec7u s\u01a1n PU cao c\u1ea5p \u0111\u01b0\u1ee3c s\u1eed d\u1ee5ng trong qu\u00e1 tr\u00ecnh s\u1ea3n xu\u1ea5t gi\u00fap b\u1ec1 m\u1eb7t b\u00e0n b\u1ec1n \u0111\u1eb9p theo th\u1eddi gian. L\u1edbp s\u01a1n kh\u00f4ng ch\u1ec9 t\u1ea1o \u0111\u1ed9 b\u00f3ng sang tr\u1ecdng m\u00e0 c\u00f2n c\u00f3 kh\u1ea3 n\u0103ng ch\u1ed1ng tr\u1ea7y x\u01b0\u1edbc, h\u1ea1n ch\u1ebf th\u1ea5m n\u01b0\u1edbc v\u00e0 d\u1ec5 d\u00e0ng v\u1ec7 sinh. \u0110\u00e2y l\u00e0 y\u1ebfu t\u1ed1 quan tr\u1ecdng gi\u00fap s\u1ea3n ph\u1ea9m gi\u1eef \u0111\u01b0\u1ee3c v\u1ebb \u0111\u1eb9p l\u00e2u d\u00e0i trong m\u00f4i tr\u01b0\u1eddng l\u00e0m vi\u1ec7c th\u01b0\u1eddng xuy\u00ean ti\u1ebfp x\u00fac v\u1edbi nhi\u1ec1u v\u1eadt d\u1ee5ng.<\/p>\n<p data-start=\"1970\" data-end=\"2287\">Kh\u00f4ng ch\u1ec9 ch\u00fa tr\u1ecdng \u0111\u1ebfn th\u1ea9m m\u1ef9, b\u00e0n gi\u00e1m \u0111\u1ed1c DT1890H44 c\u00f2n \u0111\u01b0\u1ee3c thi\u1ebft k\u1ebf \u0111\u1ec1 cao c\u00f4ng n\u0103ng s\u1eed d\u1ee5ng. K\u1ebft c\u1ea5u b\u00e0n v\u1eefng ch\u1eafc, kh\u1ea3 n\u0103ng ch\u1ecbu l\u1ef1c t\u1ed1t, \u0111\u1ea3m b\u1ea3o \u0111\u1ed9 \u1ed5n \u0111\u1ecbnh trong su\u1ed1t qu\u00e1 tr\u00ecnh l\u00e0m vi\u1ec7c. Ph\u1ea7n y\u1ebfm b\u00e0n k\u00edn \u0111\u00e1o c\u00f2n t\u1ea1o s\u1ef1 ri\u00eang t\u01b0 c\u1ea7n thi\u1ebft, \u0111\u1ed3ng th\u1eddi g\u00f3p ph\u1ea7n gi\u1eef cho kh\u00f4ng gian v\u0103n ph\u00f2ng th\u00eam chuy\u00ean nghi\u1ec7p.<\/p>\n<p data-start=\"2289\" data-end=\"2558\">Ngo\u00e0i ra, s\u1ea3n ph\u1ea9m c\u00f2n d\u1ec5 d\u00e0ng k\u1ebft h\u1ee3p v\u1edbi c\u00e1c h\u1ed9c di \u0111\u1ed9ng, t\u1ee7 ph\u1ee5 ho\u1eb7c t\u1ee7 t\u00e0i li\u1ec7u \u0111\u1ed3ng b\u1ed9, gi\u00fap m\u1edf r\u1ed9ng c\u00f4ng n\u0103ng v\u00e0 t\u0103ng th\u00eam kh\u00f4ng gian l\u01b0u tr\u1eef. \u0110i\u1ec1u n\u00e0y mang \u0111\u1ebfn s\u1ef1 ti\u1ec7n l\u1ee3i t\u1ed1i \u0111a cho l\u00e3nh \u0111\u1ea1o trong vi\u1ec7c qu\u1ea3n l\u00fd h\u1ed3 s\u01a1, t\u00e0i li\u1ec7u c\u0169ng nh\u01b0 s\u1eafp x\u1ebfp \u0111\u1ed3 d\u00f9ng c\u00e1 nh\u00e2n.<\/p>\n<p data-start=\"2560\" data-end=\"2925\">Vi\u1ec7c l\u1ef1a ch\u1ecdn b\u00e0n gi\u00e1m \u0111\u1ed1c kh\u00f4ng ch\u1ec9 \u0111\u01a1n gi\u1ea3n l\u00e0 ch\u1ecdn m\u1ed9t m\u00f3n \u0111\u1ed3 n\u1ed9i th\u1ea5t m\u00e0 c\u00f2n th\u1ec3 hi\u1ec7n gu th\u1ea9m m\u1ef9 v\u00e0 phong c\u00e1ch qu\u1ea3n l\u00fd c\u1ee7a ng\u01b0\u1eddi \u0111\u1ee9ng \u0111\u1ea7u. V\u1edbi thi\u1ebft k\u1ebf hi\u1ec7n \u0111\u1ea1i, tinh t\u1ebf v\u00e0 ch\u1ea5t l\u01b0\u1ee3ng v\u01b0\u1ee3t tr\u1ed9i, b\u00e0n gi\u00e1m \u0111\u1ed1c DT1890H44 ch\u00ednh l\u00e0 s\u1ef1 l\u1ef1a ch\u1ecdn l\u00fd t\u01b0\u1edfng \u0111\u1ec3 kh\u1eb3ng \u0111\u1ecbnh v\u1ecb th\u1ebf v\u00e0 phong th\u00e1i chuy\u00ean nghi\u1ec7p c\u1ee7a l\u00e3nh \u0111\u1ea1o trong m\u1eaft \u0111\u1ed1i t\u00e1c, kh\u00e1ch h\u00e0ng c\u0169ng nh\u01b0 nh\u00e2n vi\u00ean.<\/p>\n<p data-start=\"2927\" data-end=\"3293\">B\u00ean c\u1ea1nh \u0111\u00f3, s\u1ea3n ph\u1ea9m c\u00f2n d\u1ec5 d\u00e0ng ph\u1ed1i h\u1ee3p v\u1edbi gh\u1ebf gi\u00e1m \u0111\u1ed1c, t\u1ee7 t\u00e0i li\u1ec7u, k\u1ec7 s\u00e1ch hay c\u00e1c v\u1eadt d\u1ee5ng trang tr\u00ed kh\u00e1c, t\u1ea1o n\u00ean m\u1ed9t kh\u00f4ng gian l\u00e0m vi\u1ec7c \u0111\u1ed3ng b\u1ed9, sang tr\u1ecdng v\u00e0 \u0111\u1ea7y c\u1ea3m h\u1ee9ng. M\u1ed9t v\u0103n ph\u00f2ng \u0111\u01b0\u1ee3c \u0111\u1ea7u t\u01b0 n\u1ed9i th\u1ea5t ch\u1ea5t l\u01b0\u1ee3ng cao s\u1ebd g\u00f3p ph\u1ea7n n\u00e2ng cao h\u00ecnh \u1ea3nh doanh nghi\u1ec7p, \u0111\u1ed3ng th\u1eddi mang \u0111\u1ebfn s\u1ef1 tho\u1ea3i m\u00e1i, hi\u1ec7u qu\u1ea3 cho ng\u01b0\u1eddi l\u00e3nh \u0111\u1ea1o trong qu\u00e1 tr\u00ecnh l\u00e0m vi\u1ec7c.<\/p>\n<p data-start=\"3295\" data-end=\"3683\">T\u00f3m l\u1ea1i, b\u00e0n gi\u00e1m \u0111\u1ed1c DT1890H44 l\u00e0 s\u1ef1 k\u1ebft h\u1ee3p ho\u00e0n h\u1ea3o gi\u1eefa th\u1ea9m m\u1ef9 v\u00e0 c\u00f4ng n\u0103ng. V\u1edbi thi\u1ebft k\u1ebf tinh t\u1ebf, ch\u1ea5t li\u1ec7u b\u1ec1n b\u1ec9 v\u00e0 c\u00f4ng n\u0103ng t\u1ed1i \u01b0u, s\u1ea3n ph\u1ea9m kh\u00f4ng ch\u1ec9 \u0111\u00e1p \u1ee9ng nhu c\u1ea7u l\u00e0m vi\u1ec7c h\u00e0ng ng\u00e0y m\u00e0 c\u00f2n n\u00e2ng t\u1ea7m gi\u00e1 tr\u1ecb kh\u00f4ng gian v\u0103n ph\u00f2ng. \u0110\u00e2y l\u00e0 l\u1ef1a ch\u1ecdn \u0111\u00e1ng c\u00e2n nh\u1eafc cho nh\u1eefng doanh nghi\u1ec7p, t\u1ed5 ch\u1ee9c \u0111ang t\u00ecm ki\u1ebfm m\u1ed9t m\u1eabu b\u00e0n gi\u00e1m \u0111\u1ed1c sang tr\u1ecdng, hi\u1ec7n \u0111\u1ea1i v\u00e0 l\u00e2u b\u1ec1n theo th\u1eddi gian.<\/p>\n","protected":false},"excerpt":{"rendered":"<p data-start=\"103\" data-end=\"217\"><strong data-start=\"103\" data-end=\"215\">B\u00e0n Gi\u00e1m \u0111\u1ed1c DT1890H44 \u2013 B\u00e0n l\u00e3nh \u0111\u1ea1o m\u1eb7t ch\u1eef nh\u1eadt c\u00f3 t\u1ea5m PVC, ch\u00e2n trang tr\u00ed t\u1ea5m g\u1ed7 tr\u1eafng, y\u1ebfm g\u1eafn n\u1eb9p nh\u00f4m<\/strong><\/p>\n<p data-start=\"219\" data-end=\"261\"><strong>K\u00edch th\u01b0\u1edbc :<\/strong><br \/>\nW1800 x D900 x H760 (mm)\u00a0 \u00a0&#8211; <span style=\"color: #ed1c24; font-size: 120%;\"><strong>3.695.000 \u0111<br \/>\n<\/strong><\/span>W2000 x D1000 x H760 (mm) &#8211; <strong><span style=\"color: #ed1c24; font-size: 120%;\">4.296.000 \u0111<\/span><\/strong><\/p>\n<p data-start=\"263\" data-end=\"576\"><strong data-start=\"263\" data-end=\"275\">Xu\u1ea5t x\u1ee9:<\/strong> S\u1ea3n ph\u1ea9m c\u1ee7a c\u00f4ng ty <strong data-start=\"297\" data-end=\"317\">N\u1ed8I TH\u1ea4T THE ONE<\/strong> \u2013 Ph\u00e2n ph\u1ed1i b\u1edfi <strong data-start=\"334\" data-end=\"370\">C\u00d4NG TY TNHH SXTM TTNT H\u1eeeU TH\u1ecaNH<\/strong><br data-start=\"370\" data-end=\"373\" \/><strong data-start=\"373\" data-end=\"386\">B\u1ea3o h\u00e0nh:<\/strong> 12 th\u00e1ng theo ti\u00eau chu\u1ea9n nh\u00e0 m\u00e1y<br data-start=\"419\" data-end=\"422\" \/><span style=\"color: #ed1c24;\"><em data-start=\"422\" data-end=\"574\">L\u01b0u \u00fd: Gi\u00e1 tr\u00ean ch\u01b0a bao g\u1ed3m VAT v\u00e0 ph\u00ed v\u1eadn chuy\u1ec3n. Gi\u00e1 s\u1ea3n ph\u1ea9m c\u00f3 th\u1ec3 thay \u0111\u1ed5i theo t\u1eebng th\u1eddi \u0111i\u1ec3m, vui l\u00f2ng li\u00ean h\u1ec7 \u0111\u1ec3 nh\u1eadn t\u01b0 v\u1ea5n \u01b0u \u0111\u00e3i t\u1ed1t nh\u1ea5t.<\/em><\/span><\/p>\n","protected":false},"featured_media":3368,"comment_status":"open","ping_status":"closed","template":"","meta":[],"product_brand":[],"product_cat":[17,756],"product_tag":[],"class_list":{"0":"post-3367","1":"product","2":"type-product","3":"status-publish","4":"has-post-thumbnail","6":"product_cat-noi-that-van-phong","7":"product_cat-ban-giam-doc","9":"first","10":"instock","11":"taxable","12":"shipping-taxable","13":"purchasable","14":"product-type-simple"},"_links":{"self":[{"href":"https:\/\/www.noithathuuthinh.vn\/zh-hans\/wp-json\/wp\/v2\/product\/3367","targetHints":{"allow":["GET"]}}],"collection":[{"href":"https:\/\/www.noithathuuthinh.vn\/zh-hans\/wp-json\/wp\/v2\/product"}],"about":[{"href":"https:\/\/www.noithathuuthinh.vn\/zh-hans\/wp-json\/wp\/v2\/types\/product"}],"replies":[{"embeddable":true,"href":"https:\/\/www.noithathuuthinh.vn\/zh-hans\/wp-json\/wp\/v2\/comments?post=3367"}],"wp:featuredmedia":[{"embeddable":true,"href":"https:\/\/www.noithathuuthinh.vn\/zh-hans\/wp-json\/wp\/v2\/media\/3368"}],"wp:attachment":[{"href":"https:\/\/www.noithathuuthinh.vn\/zh-hans\/wp-json\/wp\/v2\/media?parent=3367"}],"wp:term":[{"taxonomy":"product_brand","embeddable":true,"href":"https:\/\/www.noithathuuthinh.vn\/zh-hans\/wp-json\/wp\/v2\/product_brand?post=3367"},{"taxonomy":"product_cat","embeddable":true,"href":"https:\/\/www.noithathuuthinh.vn\/zh-hans\/wp-json\/wp\/v2\/product_cat?post=3367"},{"taxonomy":"product_tag","embeddable":true,"href":"https:\/\/www.noithathuuthinh.vn\/zh-hans\/wp-json\/wp\/v2\/product_tag?post=3367"}],"curies":[{"name":"wp","href":"https:\/\/api.w.org\/{rel}","templated":true}]}}