{"id":3630,"date":"2025-10-02T08:45:15","date_gmt":"2025-10-02T01:45:15","guid":{"rendered":"https:\/\/noithathuuthinh.vn\/?post_type=product&#038;p=3630"},"modified":"2025-10-02T08:45:15","modified_gmt":"2025-10-02T01:45:15","slug":"ghe-giam-doc-tq22","status":"publish","type":"product","link":"https:\/\/www.noithathuuthinh.vn\/zh-hans\/san-pham\/ghe-giam-doc-tq22\/","title":{"rendered":"Gh\u1ebf Gi\u00e1m \u0111\u1ed1c TQ22"},"content":{"rendered":"<p data-start=\"799\" data-end=\"822\"><strong data-start=\"799\" data-end=\"820\">Gh\u1ebf Gi\u00e1m \u0111\u1ed1c TQ22<\/strong><\/p>\n<p data-start=\"824\" data-end=\"1154\">\u0110\u1ed1i v\u1edbi v\u0103n ph\u00f2ng l\u00e3nh \u0111\u1ea1o, gh\u1ebf gi\u00e1m \u0111\u1ed1c kh\u00f4ng ch\u1ec9 l\u00e0 v\u1eadt d\u1ee5ng ph\u1ee5c v\u1ee5 c\u00f4ng vi\u1ec7c m\u00e0 c\u00f2n th\u1ec3 hi\u1ec7n \u0111\u1eb3ng c\u1ea5p, phong th\u00e1i v\u00e0 s\u1ef1 chuy\u00ean nghi\u1ec7p. Trong s\u1ed1 c\u00e1c d\u00f2ng gh\u1ebf cao c\u1ea5p hi\u1ec7n nay, <strong data-start=\"1003\" data-end=\"1024\">gh\u1ebf Gi\u00e1m \u0111\u1ed1c TQ22<\/strong> \u0111\u01b0\u1ee3c \u0111\u00e1nh gi\u00e1 l\u00e0 m\u1ed9t trong nh\u1eefng l\u1ef1a ch\u1ecdn ho\u00e0n h\u1ea3o, v\u1eeba sang tr\u1ecdng, b\u1ec1n b\u1ec9, v\u1eeba mang l\u1ea1i s\u1ef1 tho\u1ea3i m\u00e1i t\u1ed1i \u0111a cho ng\u01b0\u1eddi s\u1eed d\u1ee5ng.<\/p>\n<p data-start=\"1156\" data-end=\"1566\">\u0110i\u1ec3m nh\u1ea5n \u0111\u1ea7u ti\u00ean c\u1ee7a <strong data-start=\"1179\" data-end=\"1200\">gh\u1ebf Gi\u00e1m \u0111\u1ed1c TQ22<\/strong> ch\u00ednh l\u00e0 ch\u1ea5t li\u1ec7u da th\u1eadt t\u1ea1i nh\u1eefng v\u1ecb tr\u00ed ti\u1ebfp x\u00fac tr\u1ef1c ti\u1ebfp. Ch\u1ea5t li\u1ec7u cao c\u1ea5p n\u00e0y kh\u00f4ng ch\u1ec9 mang \u0111\u1ebfn c\u1ea3m gi\u00e1c m\u1ec1m m\u1ea1i, \u00eam \u00e1i khi ng\u1ed3i, m\u00e0 c\u00f2n c\u00f3 kh\u1ea3 n\u0103ng ch\u1ed1ng m\u00e0i m\u00f2n, \u0111\u1ea3m b\u1ea3o gi\u1eef \u0111\u01b0\u1ee3c v\u1ebb \u0111\u1eb9p b\u1ec1n l\u00e2u theo th\u1eddi gian. S\u1ef1 k\u1ebft h\u1ee3p v\u1edbi c\u00e1c chi ti\u1ebft da c\u00f4ng nghi\u1ec7p ho\u1eb7c PVC gi\u00fap s\u1ea3n ph\u1ea9m gi\u1eef \u0111\u01b0\u1ee3c gi\u00e1 th\u00e0nh h\u1ee3p l\u00fd, trong khi v\u1eabn \u0111\u1ea3m b\u1ea3o t\u00ednh th\u1ea9m m\u1ef9 v\u00e0 sang tr\u1ecdng.<\/p>\n<p data-start=\"1568\" data-end=\"1879\">Thi\u1ebft k\u1ebf l\u01b0ng gh\u1ebf cao, \u00f4m tr\u1ecdn c\u01a1 th\u1ec3, h\u1ed7 tr\u1ee3 t\u1ed1t cho c\u1ed9t s\u1ed1ng, gi\u00fap gi\u1ea3m thi\u1ec3u t\u00ecnh tr\u1ea1ng m\u1ecfi l\u01b0ng, \u0111au vai g\u00e1y khi l\u00e0m vi\u1ec7c nhi\u1ec1u gi\u1edd. \u0110\u1ec7m ng\u1ed3i d\u00e0y d\u1eb7n, \u0111\u00e0n h\u1ed3i t\u1ed1t, t\u1ea1o c\u1ea3m gi\u00e1c d\u1ec5 ch\u1ecbu v\u00e0 tho\u1ea3i m\u00e1i ngay c\u1ea3 khi s\u1eed d\u1ee5ng li\u00ean t\u1ee5c. C\u00e1c \u0111\u01b0\u1eddng may tinh t\u1ebf, t\u1ec9 m\u1ec9 c\u00e0ng l\u00e0m t\u00f4n l\u00ean v\u1ebb \u0111\u1eb9p sang tr\u1ecdng c\u1ee7a s\u1ea3n ph\u1ea9m.<\/p>\n<p data-start=\"1881\" data-end=\"2305\">M\u1ed9t \u01b0u \u0111i\u1ec3m n\u1ed5i b\u1eadt c\u1ee7a <strong data-start=\"1905\" data-end=\"1926\">gh\u1ebf Gi\u00e1m \u0111\u1ed1c TQ22<\/strong> l\u00e0 h\u1ec7 th\u1ed1ng \u0111i\u1ec1u ch\u1ec9nh hi\u1ec7n \u0111\u1ea1i. Gh\u1ebf c\u00f3 th\u1ec3 thay \u0111\u1ed5i \u0111\u1ed9 cao linh ho\u1ea1t trong kho\u1ea3ng t\u1eeb 1295 mm \u0111\u1ebfn 1350 mm, ph\u00f9 h\u1ee3p v\u1edbi nhi\u1ec1u v\u00f3c d\u00e1ng ng\u01b0\u1eddi d\u00f9ng. \u0110\u1eb7c bi\u1ec7t, c\u01a1 c\u1ea5u ng\u1ea3 \u0111a g\u00f3c \u0111\u1ed9 cho ph\u00e9p ng\u01b0\u1eddi d\u00f9ng d\u1ec5 d\u00e0ng chuy\u1ec3n \u0111\u1ed5i t\u1eeb t\u01b0 th\u1ebf ng\u1ed3i l\u00e0m vi\u1ec7c sang ngh\u1ec9 ng\u01a1i th\u01b0 gi\u00e3n. \u0110i\u1ec1u n\u00e0y mang l\u1ea1i s\u1ef1 ti\u1ec7n l\u1ee3i v\u01b0\u1ee3t tr\u1ed9i, gi\u00fap gh\u1ebf tr\u1edf th\u00e0nh ng\u01b0\u1eddi b\u1ea1n \u0111\u1ed3ng h\u00e0nh ho\u00e0n h\u1ea3o trong m\u1ecdi kho\u1ea3nh kh\u1eafc.<\/p>\n<p data-start=\"2307\" data-end=\"2595\">Ph\u1ea7n tay v\u1ecbn v\u00e0 ch\u00e2n gh\u1ebf \u0111\u01b0\u1ee3c ch\u1ebf t\u00e1c t\u1eeb g\u1ed7 s\u01a1n cao c\u1ea5p, ch\u1eafc ch\u1eafn v\u00e0 b\u1ec1n \u0111\u1eb9p. Tay v\u1ecbn bo cong v\u1eeba v\u1eb7n, h\u1ed7 tr\u1ee3 tho\u1ea3i m\u00e1i cho c\u00e1nh tay. Ch\u00e2n gh\u1ebf thi\u1ebft k\u1ebf v\u1eefng ch\u00e3i, t\u00edch h\u1ee3p b\u00e1nh xe xoay linh ho\u1ea1t gi\u00fap di chuy\u1ec3n d\u1ec5 d\u00e0ng trong kh\u00f4ng gian v\u0103n ph\u00f2ng r\u1ed9ng r\u00e3i m\u00e0 kh\u00f4ng g\u00e2y tr\u1ea7y x\u01b0\u1edbc s\u00e0n nh\u00e0.<\/p>\n<p data-start=\"2597\" data-end=\"2867\">V\u1edbi k\u00edch th\u01b0\u1edbc l\u1edbn W890 x D840-1330 mm, <strong data-start=\"2637\" data-end=\"2658\">gh\u1ebf Gi\u00e1m \u0111\u1ed1c TQ22<\/strong> t\u1ea1o n\u00ean s\u1ef1 b\u1ec1 th\u1ebf v\u00e0 quy\u1ec1n l\u1ef1c, x\u1ee9ng t\u1ea7m v\u1edbi kh\u00f4ng gian ph\u00f2ng l\u00e3nh \u0111\u1ea1o. Thi\u1ebft k\u1ebf tinh t\u1ebf, m\u00e0u s\u1eafc sang tr\u1ecdng gi\u00fap gh\u1ebf tr\u1edf th\u00e0nh \u0111i\u1ec3m nh\u1ea5n n\u1ed5i b\u1eadt, \u0111\u1ed3ng th\u1eddi n\u00e2ng cao h\u00ecnh \u1ea3nh chuy\u00ean nghi\u1ec7p c\u1ee7a doanh nghi\u1ec7p.<\/p>\n<p data-start=\"2869\" data-end=\"3136\">S\u1ea3n ph\u1ea9m \u0111\u01b0\u1ee3c s\u1ea3n xu\u1ea5t b\u1edfi <strong data-start=\"2896\" data-end=\"2916\">N\u1ed8I TH\u1ea4T THE ONE<\/strong> v\u00e0 ph\u00e2n ph\u1ed1i ch\u00ednh h\u00e3ng b\u1edfi <strong data-start=\"2945\" data-end=\"2981\">C\u00d4NG TY TNHH SXTM TTNT H\u1eeeU TH\u1ecaNH<\/strong>, \u0111\u1ea3m b\u1ea3o ch\u1ea5t l\u01b0\u1ee3ng v\u01b0\u1ee3t tr\u1ed9i c\u00f9ng ch\u1ebf \u0111\u1ed9 b\u1ea3o h\u00e0nh 12 th\u00e1ng theo ti\u00eau chu\u1ea9n nh\u00e0 m\u00e1y. \u0110i\u1ec1u n\u00e0y mang \u0111\u1ebfn s\u1ef1 y\u00ean t\u00e2m tuy\u1ec7t \u0111\u1ed1i cho kh\u00e1ch h\u00e0ng khi l\u1ef1a ch\u1ecdn.<\/p>\n<p data-start=\"3138\" data-end=\"3458\" data-is-last-node=\"\" data-is-only-node=\"\">N\u1ebfu b\u1ea1n \u0111ang t\u00ecm ki\u1ebfm m\u1ed9t m\u1eabu gh\u1ebf kh\u00f4ng ch\u1ec9 ph\u1ee5c v\u1ee5 nhu c\u1ea7u l\u00e0m vi\u1ec7c, m\u00e0 c\u00f2n g\u00f3p ph\u1ea7n kh\u1eb3ng \u0111\u1ecbnh phong th\u00e1i l\u00e3nh \u0111\u1ea1o, th\u00ec <strong data-start=\"3260\" data-end=\"3281\">gh\u1ebf Gi\u00e1m \u0111\u1ed1c TQ22<\/strong> ch\u00ednh l\u00e0 gi\u1ea3i ph\u00e1p ho\u00e0n h\u1ea3o. \u0110\u00e2y l\u00e0 s\u1ef1 k\u1ebft h\u1ee3p h\u00e0i h\u00f2a gi\u1eefa c\u00f4ng n\u0103ng, s\u1ef1 tho\u1ea3i m\u00e1i v\u00e0 t\u00ednh th\u1ea9m m\u1ef9, gi\u00fap t\u00f4n vinh kh\u00f4ng gian l\u00e0m vi\u1ec7c v\u00e0 kh\u1eb3ng \u0111\u1ecbnh v\u1ecb th\u1ebf c\u1ee7a ng\u01b0\u1eddi s\u1eed d\u1ee5ng.<\/p>\n","protected":false},"excerpt":{"rendered":"<p data-start=\"32\" data-end=\"384\">Gh\u1ebf Gi\u00e1m \u0111\u1ed1c TQ22 l\u00e0 d\u00f2ng gh\u1ebf l\u00e3nh \u0111\u1ea1o cao c\u1ea5p, v\u1edbi \u0111\u1ec7m t\u1ef1a b\u1ecdc da th\u1eadt t\u1ea1i ph\u1ea7n ti\u1ebfp x\u00fac tr\u1ef1c ti\u1ebfp v\u1edbi ng\u01b0\u1eddi s\u1eed d\u1ee5ng, mang \u0111\u1ebfn s\u1ef1 sang tr\u1ecdng v\u00e0 tho\u1ea3i m\u00e1i. S\u1ea3n ph\u1ea9m \u0111\u01b0\u1ee3c trang b\u1ecb ch\u1ee9c n\u0103ng \u0111i\u1ec1u ch\u1ec9nh \u0111\u1ed9 cao v\u00e0 c\u01a1 c\u1ea5u ng\u1ea3 \u0111\u1eb7c bi\u1ec7t, cho ph\u00e9p \u0111\u1ecbnh v\u1ecb nhi\u1ec1u g\u00f3c \u0111\u1ed9 ng\u1ea3 kh\u00e1c nhau, h\u1ed7 tr\u1ee3 t\u1ed1i \u0111a cho qu\u00e1 tr\u00ecnh l\u00e0m vi\u1ec7c v\u00e0 ngh\u1ec9 ng\u01a1i.<\/p>\n<p data-start=\"386\" data-end=\"749\">Ch\u00e2n tay g\u1ed7 s\u01a1n.<\/p>\n<p data-start=\"386\" data-end=\"749\">K\u00edch th\u01b0\u1edbc: W890 x D840-1330 x H1295-1350 mm<\/p>\n<p data-start=\"386\" data-end=\"749\">Da m\u00e0u \u0111en &#8211; <span style=\"color: #ed1c24; font-size: 120%;\"><strong>20.785.000 \u0111<\/strong><\/span><\/p>\n<p data-start=\"386\" data-end=\"749\">Da m\u00e0u n\u00e2u &#8211; <span style=\"color: #ed1c24; font-size: 120%;\"><strong>21.455.000 \u0111<\/strong><\/span><\/p>\n<p data-start=\"386\" data-end=\"749\">Xu\u1ea5t x\u1ee9: S\u1ea3n ph\u1ea9m c\u1ee7a c\u00f4ng ty N\u1ed8I TH\u1ea4T THE ONE \u2013 Ph\u00e2n ph\u1ed1i b\u1edfi C\u00d4NG TY TNHH SXTM TTNT H\u1eeeU TH\u1ecaNH<br data-start=\"547\" data-end=\"550\" \/>B\u1ea3o h\u00e0nh: 12 th\u00e1ng theo ti\u00eau chu\u1ea9n nh\u00e0 m\u00e1y<br data-start=\"592\" data-end=\"595\" \/><span style=\"color: #ed1c24;\"><em data-start=\"595\" data-end=\"747\">L\u01b0u \u00fd: Gi\u00e1 tr\u00ean ch\u01b0a bao g\u1ed3m VAT v\u00e0 ph\u00ed v\u1eadn chuy\u1ec3n. Gi\u00e1 s\u1ea3n ph\u1ea9m c\u00f3 th\u1ec3 thay \u0111\u1ed5i theo t\u1eebng th\u1eddi \u0111i\u1ec3m, vui l\u00f2ng li\u00ean h\u1ec7 \u0111\u1ec3 nh\u1eadn t\u01b0 v\u1ea5n \u01b0u \u0111\u00e3i t\u1ed1t nh\u1ea5t.<\/em><\/span><\/p>\n","protected":false},"featured_media":3631,"comment_status":"open","ping_status":"closed","template":"","meta":[],"product_brand":[],"product_cat":[17,253],"product_tag":[],"class_list":{"0":"post-3630","1":"product","2":"type-product","3":"status-publish","4":"has-post-thumbnail","6":"product_cat-noi-that-van-phong","7":"product_cat-ghe-giam-doc","9":"first","10":"instock","11":"taxable","12":"shipping-taxable","13":"purchasable","14":"product-type-simple"},"_links":{"self":[{"href":"https:\/\/www.noithathuuthinh.vn\/zh-hans\/wp-json\/wp\/v2\/product\/3630","targetHints":{"allow":["GET"]}}],"collection":[{"href":"https:\/\/www.noithathuuthinh.vn\/zh-hans\/wp-json\/wp\/v2\/product"}],"about":[{"href":"https:\/\/www.noithathuuthinh.vn\/zh-hans\/wp-json\/wp\/v2\/types\/product"}],"replies":[{"embeddable":true,"href":"https:\/\/www.noithathuuthinh.vn\/zh-hans\/wp-json\/wp\/v2\/comments?post=3630"}],"wp:featuredmedia":[{"embeddable":true,"href":"https:\/\/www.noithathuuthinh.vn\/zh-hans\/wp-json\/wp\/v2\/media\/3631"}],"wp:attachment":[{"href":"https:\/\/www.noithathuuthinh.vn\/zh-hans\/wp-json\/wp\/v2\/media?parent=3630"}],"wp:term":[{"taxonomy":"product_brand","embeddable":true,"href":"https:\/\/www.noithathuuthinh.vn\/zh-hans\/wp-json\/wp\/v2\/product_brand?post=3630"},{"taxonomy":"product_cat","embeddable":true,"href":"https:\/\/www.noithathuuthinh.vn\/zh-hans\/wp-json\/wp\/v2\/product_cat?post=3630"},{"taxonomy":"product_tag","embeddable":true,"href":"https:\/\/www.noithathuuthinh.vn\/zh-hans\/wp-json\/wp\/v2\/product_tag?post=3630"}],"curies":[{"name":"wp","href":"https:\/\/api.w.org\/{rel}","templated":true}]}}