{"id":3641,"date":"2025-10-20T17:05:35","date_gmt":"2025-10-20T10:05:35","guid":{"rendered":"https:\/\/noithathuuthinh.vn\/?post_type=product&#038;p=3641"},"modified":"2025-10-20T17:05:35","modified_gmt":"2025-10-20T10:05:35","slug":"ban-lam-viec-chan-sat-lc14","status":"publish","type":"product","link":"https:\/\/www.noithathuuthinh.vn\/zh-hans\/san-pham\/ban-lam-viec-chan-sat-lc14\/","title":{"rendered":"B\u00e0n l\u00e0m vi\u1ec7c ch\u00e2n s\u1eaft LC14"},"content":{"rendered":"<p data-start=\"927\" data-end=\"1307\">B\u00e0n l\u00e0m vi\u1ec7c ch\u00e2n s\u1eaft LC14 l\u00e0 d\u00f2ng s\u1ea3n ph\u1ea9m \u0111\u01b0\u1ee3c thi\u1ebft k\u1ebf theo phong c\u00e1ch hi\u1ec7n \u0111\u1ea1i, tinh gi\u1ea3n nh\u01b0ng v\u1eabn gi\u1eef \u0111\u01b0\u1ee3c s\u1ef1 sang tr\u1ecdng v\u00e0 ti\u1ec7n nghi c\u1ea7n c\u00f3 trong m\u00f4i tr\u01b0\u1eddng v\u0103n ph\u00f2ng chuy\u00ean nghi\u1ec7p. V\u1edbi s\u1ef1 k\u1ebft h\u1ee3p h\u00e0i h\u00f2a gi\u1eefa m\u1eb7t b\u00e0n g\u1ed7 Laminate cao c\u1ea5p v\u00e0 khung ch\u00e2n s\u1eaft s\u01a1n t\u0129nh \u0111i\u1ec7n ch\u1eafc ch\u1eafn, LC14 mang \u0111\u1ebfn tr\u1ea3i nghi\u1ec7m l\u00e0m vi\u1ec7c tho\u1ea3i m\u00e1i, \u1ed5n \u0111\u1ecbnh v\u00e0 b\u1ec1n b\u1ec9 trong th\u1eddi gian d\u00e0i s\u1eed d\u1ee5ng.<\/p>\n<p data-start=\"1309\" data-end=\"1703\">\u0110i\u1ec3m n\u1ed5i b\u1eadt c\u1ee7a b\u00e0n LC14 n\u1eb1m \u1edf <strong data-start=\"1341\" data-end=\"1386\">ch\u1ea5t li\u1ec7u m\u1eb7t b\u00e0n Laminate ch\u1ea5t l\u01b0\u1ee3ng cao<\/strong>, c\u00f3 kh\u1ea3 n\u0103ng ch\u1ed1ng tr\u1ea7y x\u01b0\u1edbc, ch\u1ed1ng th\u1ea5m v\u00e0 d\u1ec5 v\u1ec7 sinh. L\u1edbp ph\u1ee7 b\u1ec1 m\u1eb7t gi\u00fap b\u00e0n lu\u00f4n gi\u1eef \u0111\u01b0\u1ee3c \u0111\u1ed9 s\u00e1ng b\u00f3ng v\u00e0 b\u1ec1n m\u00e0u, ph\u00f9 h\u1ee3p v\u1edbi c\u00e1c kh\u00f4ng gian hi\u1ec7n \u0111\u1ea1i. D\u00f9 \u0111\u01b0\u1ee3c b\u1ed1 tr\u00ed trong v\u0103n ph\u00f2ng c\u00f4ng ty, ph\u00f2ng l\u00e0m vi\u1ec7c t\u1ea1i nh\u00e0 hay kh\u00f4ng gian h\u1ecdc t\u1eadp c\u00e1 nh\u00e2n, LC14 \u0111\u1ec1u mang l\u1ea1i c\u1ea3m gi\u00e1c sang tr\u1ecdng, g\u1ecdn g\u00e0ng v\u00e0 chuy\u00ean nghi\u1ec7p.<\/p>\n<p data-start=\"1705\" data-end=\"2092\">Ph\u1ea7n <strong data-start=\"1710\" data-end=\"1742\">khung ch\u00e2n s\u1eaft s\u01a1n t\u0129nh \u0111i\u1ec7n<\/strong> \u0111\u01b0\u1ee3c s\u1ea3n xu\u1ea5t tr\u00ean d\u00e2y chuy\u1ec1n c\u00f4ng ngh\u1ec7 ti\u00ean ti\u1ebfn, \u0111\u1ea3m b\u1ea3o \u0111\u1ed9 b\u1ec1n c\u01a1 h\u1ecdc cao, ch\u1ecbu l\u1ef1c t\u1ed1t v\u00e0 kh\u00f4ng b\u1ecb oxy h\u00f3a theo th\u1eddi gian. B\u1ec1 m\u1eb7t s\u01a1n t\u0129nh \u0111i\u1ec7n \u0111\u01b0\u1ee3c ph\u1ee7 \u0111\u1ec1u, ch\u1ed1ng bong tr\u00f3c v\u00e0 g\u1ec9 s\u00e9t, gi\u00fap b\u00e0n duy tr\u00ec v\u1ebb \u0111\u1eb9p m\u1edbi l\u00e2u d\u00e0i. Thi\u1ebft k\u1ebf ch\u00e2n s\u1eaft vu\u00f4ng v\u1ee9c t\u1ea1o n\u00ean d\u00e1ng v\u1ebb m\u1ea1nh m\u1ebd, v\u1eefng ch\u1eafc, \u0111\u1ed3ng th\u1eddi g\u00f3p ph\u1ea7n t\u0103ng t\u00ednh th\u1ea9m m\u1ef9 cho t\u1ed5ng th\u1ec3 s\u1ea3n ph\u1ea9m.<\/p>\n<p data-start=\"2094\" data-end=\"2536\">M\u1ed9t trong nh\u1eefng \u01b0u \u0111i\u1ec3m v\u01b0\u1ee3t tr\u1ed9i c\u1ee7a LC14 ch\u00ednh l\u00e0 <strong data-start=\"2146\" data-end=\"2177\">kh\u1ea3 n\u0103ng l\u01b0u tr\u1eef th\u00f4ng minh<\/strong>. B\u00e0n \u0111\u01b0\u1ee3c trang b\u1ecb <strong data-start=\"2197\" data-end=\"2213\">hai h\u1ed9c li\u1ec1n<\/strong>, m\u1ed7i h\u1ed9c g\u1ed3m ba ng\u0103n k\u00e9o nh\u1ecf c\u00f9ng <strong data-start=\"2248\" data-end=\"2290\">m\u1ed9t ng\u0103n k\u00e9o d\u00e0i \u0111\u1eb7t ngay d\u01b0\u1edbi m\u1eb7t b\u00e0n<\/strong>, gi\u00fap ng\u01b0\u1eddi d\u00f9ng d\u1ec5 d\u00e0ng ph\u00e2n lo\u1ea1i, c\u1ea5t gi\u1eef t\u00e0i li\u1ec7u, h\u1ed3 s\u01a1, \u0111\u1ed3 d\u00f9ng c\u00e1 nh\u00e2n ho\u1eb7c c\u00e1c thi\u1ebft b\u1ecb v\u0103n ph\u00f2ng nh\u1ecf. H\u1ec7 th\u1ed1ng ray tr\u01b0\u1ee3t \u00eam \u00e1i, tay n\u1eafm kim lo\u1ea1i s\u00e1ng b\u00f3ng v\u00e0 c\u01a1 c\u1ea5u kh\u00f3a ti\u1ec7n l\u1ee3i \u0111\u1ea3m b\u1ea3o s\u1ef1 thu\u1eadn ti\u1ec7n v\u00e0 an to\u00e0n trong qu\u00e1 tr\u00ecnh s\u1eed d\u1ee5ng.<\/p>\n<p data-start=\"2538\" data-end=\"2597\">S\u1ea3n ph\u1ea9m \u0111\u01b0\u1ee3c thi\u1ebft k\u1ebf v\u1edbi <strong data-start=\"2565\" data-end=\"2594\">nhi\u1ec1u k\u00edch th\u01b0\u1edbc l\u1ef1a ch\u1ecdn<\/strong>:<\/p>\n<ul data-start=\"2598\" data-end=\"2696\">\n<li data-start=\"2598\" data-end=\"2630\">\n<p data-start=\"2600\" data-end=\"2630\">LC14: W1400 x D700 x H750 mm<\/p>\n<\/li>\n<li data-start=\"2631\" data-end=\"2663\">\n<p data-start=\"2633\" data-end=\"2663\">LC15: W1500 x D700 x H750 mm<\/p>\n<\/li>\n<li data-start=\"2664\" data-end=\"2696\">\n<p data-start=\"2666\" data-end=\"2696\">LC16: W1600 x D700 x H750 mm<\/p>\n<\/li>\n<\/ul>\n<p data-start=\"2698\" data-end=\"2988\">Nh\u1edd \u0111\u00f3, kh\u00e1ch h\u00e0ng c\u00f3 th\u1ec3 d\u1ec5 d\u00e0ng l\u1ef1a ch\u1ecdn k\u00edch th\u01b0\u1edbc ph\u00f9 h\u1ee3p v\u1edbi kh\u00f4ng gian v\u00e0 nhu c\u1ea7u s\u1eed d\u1ee5ng th\u1ef1c t\u1ebf. M\u1ed7i phi\u00ean b\u1ea3n \u0111\u1ec1u \u0111\u1ea3m b\u1ea3o t\u1ef7 l\u1ec7 c\u00e2n \u0111\u1ed1i, gi\u00fap kh\u00f4ng gian l\u00e0m vi\u1ec7c tr\u1edf n\u00ean th\u00f4ng tho\u00e1ng, khoa h\u1ecdc v\u00e0 d\u1ec5 d\u00e0ng b\u1ed1 tr\u00ed c\u00f9ng c\u00e1c n\u1ed9i th\u1ea5t kh\u00e1c nh\u01b0 t\u1ee7 h\u1ed3 s\u01a1, gh\u1ebf xoay hay v\u00e1ch ng\u0103n v\u0103n ph\u00f2ng.<\/p>\n<p data-start=\"2990\" data-end=\"3391\"><strong data-start=\"2990\" data-end=\"3020\">B\u00e0n l\u00e0m vi\u1ec7c ch\u00e2n s\u1eaft LC14<\/strong> kh\u00f4ng ch\u1ec9 ch\u00fa tr\u1ecdng v\u1ec1 c\u00f4ng n\u0103ng m\u00e0 c\u00f2n th\u1ec3 hi\u1ec7n phong c\u00e1ch hi\u1ec7n \u0111\u1ea1i qua t\u1eebng chi ti\u1ebft. C\u00e1c \u0111\u01b0\u1eddng n\u00e9t t\u1ed1i gi\u1ea3n, g\u00f3c c\u1ea1nh bo tr\u00f2n nh\u1eb9 nh\u00e0ng v\u00e0 t\u00f4ng m\u00e0u trung t\u00ednh c\u1ee7a m\u1eb7t b\u00e0n g\u1ed7 Laminate gi\u00fap s\u1ea3n ph\u1ea9m d\u1ec5 d\u00e0ng h\u00f2a h\u1ee3p v\u1edbi m\u1ecdi phong c\u00e1ch n\u1ed9i th\u1ea5t. D\u00f9 l\u00e0 kh\u00f4ng gian l\u00e0m vi\u1ec7c c\u00e1 nh\u00e2n hay m\u00f4i tr\u01b0\u1eddng doanh nghi\u1ec7p l\u1edbn, LC14 v\u1eabn t\u1ea1o n\u00ean \u1ea5n t\u01b0\u1ee3ng v\u1ec1 s\u1ef1 chuy\u00ean nghi\u1ec7p v\u00e0 \u0111\u1eb3ng c\u1ea5p.<\/p>\n<p data-start=\"3393\" data-end=\"3736\">S\u1ea3n ph\u1ea9m \u0111\u01b0\u1ee3c s\u1ea3n xu\u1ea5t b\u1edfi <strong data-start=\"3420\" data-end=\"3440\">N\u1ed9i th\u1ea5t The One<\/strong> \u2013 th\u01b0\u01a1ng hi\u1ec7u h\u00e0ng \u0111\u1ea7u trong l\u0129nh v\u1ef1c n\u1ed9i th\u1ea5t v\u0103n ph\u00f2ng t\u1ea1i Vi\u1ec7t Nam, n\u1ed5i ti\u1ebfng v\u1edbi c\u00e1c s\u1ea3n ph\u1ea9m c\u00f3 \u0111\u1ed9 b\u1ec1n cao, thi\u1ebft k\u1ebf chu\u1ea9n c\u00f4ng n\u0103ng v\u00e0 th\u1ea9m m\u1ef9 tinh t\u1ebf. M\u1ed7i chi\u1ebfc b\u00e0n LC14 \u0111\u1ec1u \u0111\u01b0\u1ee3c ki\u1ec3m \u0111\u1ecbnh ch\u1ea5t l\u01b0\u1ee3ng k\u1ef9 l\u01b0\u1ee1ng, \u0111\u1ea3m b\u1ea3o \u0111\u1ed9 \u1ed5n \u0111\u1ecbnh, an to\u00e0n v\u00e0 t\u00ednh th\u1ea9m m\u1ef9 tr\u01b0\u1edbc khi \u0111\u1ebfn tay ng\u01b0\u1eddi ti\u00eau d\u00f9ng.<\/p>\n<p data-start=\"3738\" data-end=\"4053\">V\u1edbi nh\u1eefng \u01b0u \u0111i\u1ec3m v\u01b0\u1ee3t tr\u1ed9i v\u1ec1 thi\u1ebft k\u1ebf, \u0111\u1ed9 b\u1ec1n v\u00e0 t\u00ednh ti\u1ec7n d\u1ee5ng, <strong data-start=\"3805\" data-end=\"3835\">b\u00e0n l\u00e0m vi\u1ec7c ch\u00e2n s\u1eaft LC14<\/strong> l\u00e0 l\u1ef1a ch\u1ecdn l\u00fd t\u01b0\u1edfng cho m\u1ecdi kh\u00f4ng gian l\u00e0m vi\u1ec7c hi\u1ec7n \u0111\u1ea1i. S\u1ea3n ph\u1ea9m gi\u00fap t\u1ed1i \u01b0u h\u00f3a di\u1ec7n t\u00edch, mang l\u1ea1i s\u1ef1 ng\u0103n n\u1eafp v\u00e0 hi\u1ec7u qu\u1ea3 trong c\u00f4ng vi\u1ec7c, \u0111\u1ed3ng th\u1eddi g\u00f3p ph\u1ea7n t\u00f4n l\u00ean phong c\u00e1ch chuy\u00ean nghi\u1ec7p c\u1ee7a ng\u01b0\u1eddi s\u1eed d\u1ee5ng.<\/p>\n","protected":false},"excerpt":{"rendered":"<p><strong data-start=\"148\" data-end=\"178\">B\u00e0n l\u00e0m vi\u1ec7c ch\u00e2n s\u1eaft LC14 <\/strong>c\u00f3 m\u1eb7t g\u1ed7 Laminate, khung ch\u00e2n th\u00e9p s\u01a1n t\u0129nh \u0111i\u1ec7n, mang l\u1ea1i v\u1ebb \u0111\u1eb9p hi\u1ec7n \u0111\u1ea1i v\u00e0 \u0111\u1ed9 b\u1ec1n v\u01b0\u1ee3t tr\u1ed9i.<br data-start=\"287\" data-end=\"290\" \/>B\u00e0n c\u00f3 2 h\u1ed9c li\u1ec1n g\u1ed3m 3 ng\u0103n k\u00e9o v\u00e0 m\u1ed9t ng\u0103n k\u00e9o d\u00e0i l\u1eafp d\u01b0\u1edbi m\u1eb7t b\u00e0n, gi\u00fap s\u1eafp x\u1ebfp t\u00e0i li\u1ec7u v\u00e0 v\u1eadt d\u1ee5ng ng\u0103n n\u1eafp, thu\u1eadn ti\u1ec7n khi s\u1eed d\u1ee5ng.<br data-start=\"428\" data-end=\"431\" \/>LC14: W1400 x D700 x H750 mm &#8211; <strong><span style=\"color: #ed1c24; font-size: 110%;\">5.171.000 \u0111<\/span><\/strong><br data-start=\"473\" data-end=\"476\" \/>LC15: W1500 x D700 x H750 mm &#8211; <span style=\"font-size: 120%; color: #ed1c24;\"><strong>5.557.000 \u0111<\/strong><\/span><br data-start=\"504\" data-end=\"507\" data-is-only-node=\"\" \/>LC16: W1600 x D700 x H750 mm &#8211; <span style=\"color: #ed1c24; font-size: 120%;\"><strong>5.875.000 \u0111<\/strong><\/span><br data-start=\"535\" data-end=\"538\" \/>Xu\u1ea5t x\u1ee9: S\u1ea3n ph\u1ea9m c\u1ee7a c\u00f4ng ty <strong data-start=\"568\" data-end=\"588\">N\u1ed8I TH\u1ea4T THE ONE<\/strong> \u2013 Ph\u00e2n ph\u1ed1i b\u1edfi <strong data-start=\"605\" data-end=\"641\">C\u00d4NG TY TNHH SXTM TTNT H\u1eeeU TH\u1ecaNH<\/strong><br data-start=\"641\" data-end=\"644\" \/>B\u1ea3o h\u00e0nh: 12 th\u00e1ng theo ti\u00eau chu\u1ea9n nh\u00e0 m\u00e1y<br data-start=\"686\" data-end=\"689\" \/><span style=\"color: #ed1c24;\"><em data-start=\"689\" data-end=\"841\">L\u01b0u \u00fd: Gi\u00e1 tr\u00ean ch\u01b0a bao g\u1ed3m VAT v\u00e0 ph\u00ed v\u1eadn chuy\u1ec3n. Gi\u00e1 s\u1ea3n ph\u1ea9m c\u00f3 th\u1ec3 thay \u0111\u1ed5i theo t\u1eebng th\u1eddi \u0111i\u1ec3m, vui l\u00f2ng li\u00ean h\u1ec7 \u0111\u1ec3 nh\u1eadn t\u01b0 v\u1ea5n \u01b0u \u0111\u00e3i t\u1ed1t nh\u1ea5t.<\/em><\/span><\/p>\n","protected":false},"featured_media":3643,"comment_status":"open","ping_status":"closed","template":"","meta":[],"product_brand":[],"product_cat":[17,179],"product_tag":[],"class_list":{"0":"post-3641","1":"product","2":"type-product","3":"status-publish","4":"has-post-thumbnail","6":"product_cat-noi-that-van-phong","7":"product_cat-ban-lam-viec-chan-sat","9":"first","10":"instock","11":"taxable","12":"shipping-taxable","13":"purchasable","14":"product-type-simple"},"_links":{"self":[{"href":"https:\/\/www.noithathuuthinh.vn\/zh-hans\/wp-json\/wp\/v2\/product\/3641","targetHints":{"allow":["GET"]}}],"collection":[{"href":"https:\/\/www.noithathuuthinh.vn\/zh-hans\/wp-json\/wp\/v2\/product"}],"about":[{"href":"https:\/\/www.noithathuuthinh.vn\/zh-hans\/wp-json\/wp\/v2\/types\/product"}],"replies":[{"embeddable":true,"href":"https:\/\/www.noithathuuthinh.vn\/zh-hans\/wp-json\/wp\/v2\/comments?post=3641"}],"wp:featuredmedia":[{"embeddable":true,"href":"https:\/\/www.noithathuuthinh.vn\/zh-hans\/wp-json\/wp\/v2\/media\/3643"}],"wp:attachment":[{"href":"https:\/\/www.noithathuuthinh.vn\/zh-hans\/wp-json\/wp\/v2\/media?parent=3641"}],"wp:term":[{"taxonomy":"product_brand","embeddable":true,"href":"https:\/\/www.noithathuuthinh.vn\/zh-hans\/wp-json\/wp\/v2\/product_brand?post=3641"},{"taxonomy":"product_cat","embeddable":true,"href":"https:\/\/www.noithathuuthinh.vn\/zh-hans\/wp-json\/wp\/v2\/product_cat?post=3641"},{"taxonomy":"product_tag","embeddable":true,"href":"https:\/\/www.noithathuuthinh.vn\/zh-hans\/wp-json\/wp\/v2\/product_tag?post=3641"}],"curies":[{"name":"wp","href":"https:\/\/api.w.org\/{rel}","templated":true}]}}