{"id":3684,"date":"2025-10-21T15:16:00","date_gmt":"2025-10-21T08:16:00","guid":{"rendered":"https:\/\/noithathuuthinh.vn\/?post_type=product&#038;p=3684"},"modified":"2025-10-21T15:16:00","modified_gmt":"2025-10-21T08:16:00","slug":"cum-ban-lam-viec-unmd05cs3","status":"publish","type":"product","link":"https:\/\/www.noithathuuthinh.vn\/zh-hans\/san-pham\/cum-ban-lam-viec-unmd05cs3\/","title":{"rendered":"C\u1ee5m b\u00e0n l\u00e0m vi\u1ec7c UNMD05CS3"},"content":{"rendered":"<p data-start=\"1075\" data-end=\"1446\"><strong data-start=\"1075\" data-end=\"1105\">C\u1ee5m b\u00e0n l\u00e0m vi\u1ec7c UNMD05CS3<\/strong> l\u00e0 m\u1ed9t trong nh\u1eefng thi\u1ebft k\u1ebf module m\u1edbi c\u1ee7a <strong data-start=\"1149\" data-end=\"1169\">N\u1ed8I TH\u1ea4T THE ONE<\/strong>, mang phong c\u00e1ch t\u1ed1i gi\u1ea3n nh\u01b0ng v\u1eabn \u0111\u1ea3m b\u1ea3o \u0111\u1ea7y \u0111\u1ee7 c\u00f4ng n\u0103ng, ph\u00f9 h\u1ee3p cho kh\u00f4ng gian l\u00e0m vi\u1ec7c hi\u1ec7n \u0111\u1ea1i. S\u1ea3n ph\u1ea9m \u0111\u01b0\u1ee3c thi\u1ebft k\u1ebf d\u00e0nh cho <strong data-start=\"1306\" data-end=\"1341\">2 v\u1ecb tr\u00ed l\u00e0m vi\u1ec7c \u0111\u1ed1i x\u1ee9ng nhau<\/strong>, t\u1ea1o c\u1ea3m gi\u00e1c c\u00e2n b\u1eb1ng, ti\u1ebft ki\u1ec7m kh\u00f4ng gian nh\u01b0ng v\u1eabn mang l\u1ea1i s\u1ef1 tho\u1ea3i m\u00e1i t\u1ed1i \u0111a cho ng\u01b0\u1eddi s\u1eed d\u1ee5ng.<\/p>\n<p data-start=\"1448\" data-end=\"1879\">\u0110i\u1ec3m n\u1ed5i b\u1eadt \u0111\u1ea7u ti\u00ean c\u1ee7a <strong data-start=\"1474\" data-end=\"1487\">UNMD05CS3<\/strong> ch\u00ednh l\u00e0 <strong data-start=\"1497\" data-end=\"1577\">to\u00e0n b\u1ed9 ph\u1ea7n ch\u00e2n s\u1eaft, y\u1ebfm, v\u00e1ch ng\u0103n v\u00e0 t\u1ee7 ph\u1ee5 \u0111\u01b0\u1ee3c s\u01a1n t\u0129nh \u0111i\u1ec7n m\u00e0u tr\u1eafng<\/strong>, mang \u0111\u1ebfn v\u1ebb \u0111\u1eb9p thanh l\u1ecbch, tinh t\u1ebf v\u00e0 hi\u1ec7n \u0111\u1ea1i. M\u00e0u tr\u1eafng gi\u00fap kh\u00f4ng gian l\u00e0m vi\u1ec7c tr\u1edf n\u00ean s\u00e1ng s\u1ee7a, s\u1ea1ch s\u1ebd v\u00e0 d\u1ec5 k\u1ebft h\u1ee3p v\u1edbi nhi\u1ec1u phong c\u00e1ch n\u1ed9i th\u1ea5t kh\u00e1c nhau. L\u1edbp <strong data-start=\"1748\" data-end=\"1773\">s\u01a1n t\u0129nh \u0111i\u1ec7n cao c\u1ea5p<\/strong> gi\u00fap ch\u1ed1ng g\u1ec9 s\u00e9t, ch\u1ed1ng oxy h\u00f3a, t\u0103ng \u0111\u1ed9 b\u1ec1n v\u00e0 tu\u1ed5i th\u1ecd cho s\u1ea3n ph\u1ea9m trong qu\u00e1 tr\u00ecnh s\u1eed d\u1ee5ng l\u00e2u d\u00e0i.<\/p>\n<p data-start=\"1881\" data-end=\"2319\">Ph\u1ea7n <strong data-start=\"1886\" data-end=\"1947\">m\u1eb7t b\u00e0n \u0111\u01b0\u1ee3c l\u00e0m b\u1eb1ng g\u1ed7 c\u00f4ng nghi\u1ec7p ph\u1ee7 Melamine cao c\u1ea5p<\/strong>, kh\u00f4ng ch\u1ec9 c\u00f3 kh\u1ea3 n\u0103ng <strong data-start=\"1971\" data-end=\"2020\">ch\u1ed1ng tr\u1ea7y x\u01b0\u1edbc, ch\u1ed1ng th\u1ea5m n\u01b0\u1edbc, d\u1ec5 lau ch\u00f9i<\/strong> m\u00e0 c\u00f2n mang \u0111\u1ebfn c\u1ea3m gi\u00e1c sang tr\u1ecdng, chuy\u00ean nghi\u1ec7p. \u0110\u1eb7c bi\u1ec7t, m\u00e9p b\u00e0n \u0111\u01b0\u1ee3c <strong data-start=\"2096\" data-end=\"2130\">v\u00e1t c\u1ea1nh 45 \u0111\u1ed9 ph\u00eda ng\u01b0\u1eddi ng\u1ed3i<\/strong>, t\u1ea1o c\u1ea3m gi\u00e1c m\u1ec1m m\u1ea1i, tinh t\u1ebf v\u00e0 an to\u00e0n khi thao t\u00e1c. S\u1ef1 k\u1ebft h\u1ee3p gi\u1eefa m\u1eb7t b\u00e0n m\u00e0u g\u1ed7 t\u1ef1 nhi\u00ean v\u00e0 chi ti\u1ebft <strong data-start=\"2239\" data-end=\"2266\">tay n\u1eafm m\u00e0u cam n\u1ed5i b\u1eadt<\/strong> gi\u00fap t\u1ed5ng th\u1ec3 b\u00e0n th\u00eam ph\u1ea7n tr\u1ebb trung v\u00e0 hi\u1ec7n \u0111\u1ea1i.<\/p>\n<p data-start=\"2321\" data-end=\"2763\"><strong data-start=\"2321\" data-end=\"2342\">C\u1ee5m b\u00e0n UNMD05CS3<\/strong> \u0111\u01b0\u1ee3c thi\u1ebft k\u1ebf v\u1edbi <strong data-start=\"2361\" data-end=\"2400\">2 ch\u00e2n s\u1eaft v\u00e0 m\u1ed9t t\u1ee7 ph\u1ee5 s\u1eaft \u1edf gi\u1eefa<\/strong>, v\u1eeba t\u1ea1o \u0111i\u1ec3m t\u1ef1a v\u1eefng ch\u1eafc, v\u1eeba t\u0103ng t\u00ednh ti\u1ec7n \u00edch cho ng\u01b0\u1eddi d\u00f9ng. T\u1ee7 ph\u1ee5 \u0111\u01b0\u1ee3c chia ng\u0103n h\u1ee3p l\u00fd, trong \u0111\u00f3 c\u00f3 <strong data-start=\"2511\" data-end=\"2528\">khoang \u0111\u1ec3 CPU<\/strong> gi\u00fap t\u1ed1i \u01b0u kh\u00f4ng gian s\u1eed d\u1ee5ng v\u00e0 \u0111\u1ea3m b\u1ea3o s\u1ef1 g\u1ecdn g\u00e0ng cho khu v\u1ef1c l\u00e0m vi\u1ec7c. Ph\u1ea7n <strong data-start=\"2610\" data-end=\"2623\">v\u00e1ch ng\u0103n<\/strong> tr\u00ean m\u1eb7t b\u00e0n gi\u00fap \u0111\u1ecbnh h\u00ecnh kh\u00f4ng gian ri\u00eang cho t\u1eebng ng\u01b0\u1eddi, t\u1ea1o s\u1ef1 ri\u00eang t\u01b0 c\u1ea7n thi\u1ebft m\u00e0 v\u1eabn \u0111\u1ea3m b\u1ea3o t\u00ednh li\u00ean k\u1ebft trong c\u00f4ng vi\u1ec7c nh\u00f3m.<\/p>\n<p data-start=\"2765\" data-end=\"3149\">M\u1ed9t chi ti\u1ebft th\u00f4ng minh kh\u00e1c l\u00e0 <strong data-start=\"2797\" data-end=\"2848\">ph\u1ea7n y\u1ebfm b\u00e0n \u0111\u01b0\u1ee3c thi\u1ebft k\u1ebf nh\u01b0 m\u00e1ng \u0111i d\u00e2y \u0111i\u1ec7n<\/strong>, gi\u00fap ng\u01b0\u1eddi d\u00f9ng d\u1ec5 d\u00e0ng b\u1ed1 tr\u00ed d\u00e2y ngu\u1ed3n, d\u00e2y m\u1ea1ng ho\u1eb7c c\u00e1c thi\u1ebft b\u1ecb ngo\u1ea1i vi m\u1ed9t c\u00e1ch g\u1ecdn g\u00e0ng, an to\u00e0n v\u00e0 th\u1ea9m m\u1ef9. H\u1ec7 th\u1ed1ng n\u1eafp \u0111i\u1ec7n \u0111i d\u00e2y \u0111\u01b0\u1ee3c t\u00edch h\u1ee3p tr\u00ean m\u1eb7t b\u00e0n gi\u00fap vi\u1ec7c k\u1ebft n\u1ed1i thi\u1ebft b\u1ecb tr\u1edf n\u00ean thu\u1eadn ti\u1ec7n, \u0111\u1ed3ng th\u1eddi gi\u1ea3m t\u1ed1i \u0111a t\u00ecnh tr\u1ea1ng r\u1ed1i d\u00e2y th\u01b0\u1eddng g\u1eb7p trong c\u00e1c v\u0103n ph\u00f2ng hi\u1ec7n nay.<\/p>\n<p data-start=\"3151\" data-end=\"3386\">V\u1edbi <strong data-start=\"3155\" data-end=\"3193\">k\u00edch th\u01b0\u1edbc W1200 x D1200 x H750 mm<\/strong>, c\u1ee5m b\u00e0n UNMD05CS3 mang l\u1ea1i kh\u00f4ng gian s\u1eed d\u1ee5ng v\u1eeba \u0111\u1ee7 cho hai ng\u01b0\u1eddi ng\u1ed3i \u0111\u1ed1i di\u1ec7n, ph\u00f9 h\u1ee3p v\u1edbi c\u00e1c m\u00f4 h\u00ecnh l\u00e0m vi\u1ec7c linh ho\u1ea1t, ph\u00f2ng ban nh\u1ecf ho\u1eb7c khu v\u1ef1c l\u00e0m vi\u1ec7c c\u00e1 nh\u00e2n trong v\u0103n ph\u00f2ng m\u1edf.<\/p>\n<p data-start=\"3388\" data-end=\"3605\">C\u1ea5u tr\u00fac t\u1ed5ng th\u1ec3 c\u1ee7a b\u00e0n ch\u1eafc ch\u1eafn, b\u1ec1n b\u1ec9, \u0111\u1ea3m b\u1ea3o <strong data-start=\"3441\" data-end=\"3486\">s\u1ef1 \u1ed5n \u0111\u1ecbnh v\u00e0 an to\u00e0n khi s\u1eed d\u1ee5ng l\u00e2u d\u00e0i<\/strong>. T\u1eebng chi ti\u1ebft c\u1ee7a s\u1ea3n ph\u1ea9m \u0111\u01b0\u1ee3c <strong data-start=\"3520\" data-end=\"3540\">N\u1ed8I TH\u1ea4T THE ONE<\/strong> gia c\u00f4ng t\u1ec9 m\u1ec9, \u0111\u1ea1t ti\u00eau chu\u1ea9n cao v\u1ec1 \u0111\u1ed9 ch\u00ednh x\u00e1c v\u00e0 th\u1ea9m m\u1ef9.<\/p>\n<p data-start=\"3607\" data-end=\"3970\"><strong data-start=\"3607\" data-end=\"3637\">C\u1ee5m b\u00e0n l\u00e0m vi\u1ec7c UNMD05CS3<\/strong> kh\u00f4ng ch\u1ec9 l\u00e0 l\u1ef1a ch\u1ecdn l\u00fd t\u01b0\u1edfng cho c\u00e1c doanh nghi\u1ec7p mu\u1ed1n t\u1ed1i \u01b0u di\u1ec7n t\u00edch v\u0103n ph\u00f2ng m\u00e0 c\u00f2n l\u00e0 s\u1ea3n ph\u1ea9m th\u1ec3 hi\u1ec7n phong c\u00e1ch l\u00e0m vi\u1ec7c hi\u1ec7n \u0111\u1ea1i, khoa h\u1ecdc v\u00e0 tinh t\u1ebf. V\u1edbi s\u1ef1 k\u1ebft h\u1ee3p h\u00e0i h\u00f2a gi\u1eefa <strong data-start=\"3829\" data-end=\"3888\">ch\u1ea5t li\u1ec7u b\u1ec1n b\u1ec9 \u2013 thi\u1ebft k\u1ebf ti\u1ec7n d\u1ee5ng \u2013 m\u00e0u s\u1eafc tinh t\u1ebf<\/strong>, s\u1ea3n ph\u1ea9m mang \u0111\u1ebfn kh\u00f4ng gian l\u00e0m vi\u1ec7c chuy\u00ean nghi\u1ec7p, g\u1ecdn g\u00e0ng v\u00e0 \u0111\u1ea7y c\u1ea3m h\u1ee9ng.<\/p>\n<p data-start=\"3972\" data-end=\"4196\">N\u1ebfu b\u1ea1n \u0111ang t\u00ecm ki\u1ebfm <strong data-start=\"3994\" data-end=\"4060\">m\u1ed9t c\u1ee5m b\u00e0n l\u00e0m vi\u1ec7c 2 ng\u01b0\u1eddi hi\u1ec7n \u0111\u1ea1i, nh\u1ecf g\u1ecdn nh\u01b0ng ti\u1ec7n nghi<\/strong>, th\u00ec <strong data-start=\"4066\" data-end=\"4079\">UNMD05CS3<\/strong> ch\u00ednh l\u00e0 l\u1ef1a ch\u1ecdn ho\u00e0n h\u1ea3o cho v\u0103n ph\u00f2ng c\u1ee7a b\u1ea1n \u2013 n\u01a1i k\u1ebft h\u1ee3p gi\u1eefa c\u00f4ng n\u0103ng, th\u1ea9m m\u1ef9 v\u00e0 gi\u00e1 tr\u1ecb s\u1eed d\u1ee5ng l\u00e2u d\u00e0i.<\/p>\n","protected":false},"excerpt":{"rendered":"<p data-start=\"228\" data-end=\"441\">C\u1ee5m b\u00e0n l\u00e0m vi\u1ec7c UNMD05CS3\u00a0l\u00e0 Module l\u00e0m vi\u1ec7c cho 2 ng\u01b0\u1eddi, to\u00e0n b\u1ed9 ch\u00e2n s\u1eaft, y\u1ebfm, v\u00e1ch ng\u0103n v\u00e0 t\u1ee7 ph\u1ee5 \u0111\u01b0\u1ee3c s\u01a1n t\u0129nh \u0111i\u1ec7n m\u00e0u tr\u1eafng. Tay n\u1eafm m\u00e0u cam, m\u1eb7t b\u00e0n b\u1eb1ng g\u1ed7 Melamine c\u00f3 v\u00e1t c\u1ea1nh 45 \u0111\u1ed9 ph\u00eda ng\u01b0\u1eddi ng\u1ed3i.<\/p>\n<p data-start=\"443\" data-end=\"640\">B\u00e0n s\u1eed d\u1ee5ng 2 ch\u00e2n s\u1eaft v\u00e0 t\u1ee7 ph\u1ee5 s\u1eaft \u1edf gi\u1eefa c\u00f3 ch\u1ed7 \u0111\u1ec3 CPU, m\u1eb7t b\u00e0n c\u00f3 v\u00e1ch ng\u0103n v\u00e0 n\u1eafp \u0111i\u1ec7n \u0111i d\u00e2y. Ph\u00eda d\u01b0\u1edbi c\u00f3 ph\u1ea7n y\u1ebfm b\u00e0n l\u00e0 m\u00e1ng \u0111i d\u00e2y \u0111i\u1ec7n, gi\u00fap b\u1ed1 tr\u00ed g\u1ecdn g\u00e0ng v\u00e0 an to\u00e0n h\u01a1n khi s\u1eed d\u1ee5ng.<\/p>\n<p data-start=\"642\" data-end=\"681\">K\u00edch th\u01b0\u1edbc: W1200 x D1200 x H750 mm<\/p>\n<p data-start=\"683\" data-end=\"988\">Xu\u1ea5t x\u1ee9: S\u1ea3n ph\u1ea9m c\u1ee7a <strong data-start=\"705\" data-end=\"733\">C\u00f4ng ty N\u1ed8I TH\u1ea4T THE ONE<\/strong> \u2013 Ph\u00e2n ph\u1ed1i b\u1edfi <strong data-start=\"750\" data-end=\"786\">C\u00d4NG TY TNHH SXTM TTNT H\u1eeeU TH\u1ecaNH<\/strong><br data-start=\"786\" data-end=\"789\" \/>B\u1ea3o h\u00e0nh: 12 th\u00e1ng theo ti\u00eau chu\u1ea9n nh\u00e0 m\u00e1y<br data-start=\"831\" data-end=\"834\" \/><span style=\"color: #ed1c24;\"><em data-start=\"834\" data-end=\"986\">L\u01b0u \u00fd: Gi\u00e1 tr\u00ean ch\u01b0a bao g\u1ed3m VAT v\u00e0 ph\u00ed v\u1eadn chuy\u1ec3n. Gi\u00e1 s\u1ea3n ph\u1ea9m c\u00f3 th\u1ec3 thay \u0111\u1ed5i theo t\u1eebng th\u1eddi \u0111i\u1ec3m, vui l\u00f2ng li\u00ean h\u1ec7 \u0111\u1ec3 nh\u1eadn t\u01b0 v\u1ea5n \u01b0u \u0111\u00e3i t\u1ed1t nh\u1ea5t.<\/em><\/span><\/p>\n","protected":false},"featured_media":3685,"comment_status":"open","ping_status":"closed","template":"","meta":[],"product_brand":[],"product_cat":[17,180],"product_tag":[],"class_list":{"0":"post-3684","1":"product","2":"type-product","3":"status-publish","4":"has-post-thumbnail","6":"product_cat-noi-that-van-phong","7":"product_cat-cum-ban-lam-viec","9":"first","10":"instock","11":"taxable","12":"shipping-taxable","13":"purchasable","14":"product-type-simple"},"_links":{"self":[{"href":"https:\/\/www.noithathuuthinh.vn\/zh-hans\/wp-json\/wp\/v2\/product\/3684","targetHints":{"allow":["GET"]}}],"collection":[{"href":"https:\/\/www.noithathuuthinh.vn\/zh-hans\/wp-json\/wp\/v2\/product"}],"about":[{"href":"https:\/\/www.noithathuuthinh.vn\/zh-hans\/wp-json\/wp\/v2\/types\/product"}],"replies":[{"embeddable":true,"href":"https:\/\/www.noithathuuthinh.vn\/zh-hans\/wp-json\/wp\/v2\/comments?post=3684"}],"wp:featuredmedia":[{"embeddable":true,"href":"https:\/\/www.noithathuuthinh.vn\/zh-hans\/wp-json\/wp\/v2\/media\/3685"}],"wp:attachment":[{"href":"https:\/\/www.noithathuuthinh.vn\/zh-hans\/wp-json\/wp\/v2\/media?parent=3684"}],"wp:term":[{"taxonomy":"product_brand","embeddable":true,"href":"https:\/\/www.noithathuuthinh.vn\/zh-hans\/wp-json\/wp\/v2\/product_brand?post=3684"},{"taxonomy":"product_cat","embeddable":true,"href":"https:\/\/www.noithathuuthinh.vn\/zh-hans\/wp-json\/wp\/v2\/product_cat?post=3684"},{"taxonomy":"product_tag","embeddable":true,"href":"https:\/\/www.noithathuuthinh.vn\/zh-hans\/wp-json\/wp\/v2\/product_tag?post=3684"}],"curies":[{"name":"wp","href":"https:\/\/api.w.org\/{rel}","templated":true}]}}