{"id":3688,"date":"2025-10-21T15:28:43","date_gmt":"2025-10-21T08:28:43","guid":{"rendered":"https:\/\/noithathuuthinh.vn\/?post_type=product&#038;p=3688"},"modified":"2025-10-21T15:28:43","modified_gmt":"2025-10-21T08:28:43","slug":"ban-lam-viec-chan-sat-hrp1880c5","status":"publish","type":"product","link":"https:\/\/www.noithathuuthinh.vn\/zh-hans\/san-pham\/ban-lam-viec-chan-sat-hrp1880c5\/","title":{"rendered":"B\u00e0n l\u00e0m vi\u1ec7c ch\u00e2n s\u1eaft HRP1880C5"},"content":{"rendered":"<p data-start=\"601\" data-end=\"1016\">B\u00e0n l\u00e0m vi\u1ec7c ch\u00e2n s\u1eaft HRP1880C5 l\u00e0 d\u00f2ng s\u1ea3n ph\u1ea9m b\u00e0n l\u00e3nh \u0111\u1ea1o cao c\u1ea5p, \u0111\u01b0\u1ee3c thi\u1ebft k\u1ebf hi\u1ec7n \u0111\u1ea1i, sang tr\u1ecdng, ph\u00f9 h\u1ee3p cho kh\u00f4ng gian v\u0103n ph\u00f2ng gi\u00e1m \u0111\u1ed1c, tr\u01b0\u1edfng ph\u00f2ng ho\u1eb7c khu v\u1ef1c l\u00e0m vi\u1ec7c c\u1ea7n s\u1ef1 chuy\u00ean nghi\u1ec7p v\u00e0 \u0111\u1eb3ng c\u1ea5p. V\u1edbi s\u1ef1 k\u1ebft h\u1ee3p tinh t\u1ebf gi\u1eefa khung th\u00e9p s\u01a1n t\u0129nh \u0111i\u1ec7n v\u00e0 m\u1eb7t b\u00e0n g\u1ed7 Melamine, HRP1880C5 kh\u00f4ng ch\u1ec9 mang l\u1ea1i s\u1ef1 b\u1ec1n b\u1ec9 m\u00e0 c\u00f2n th\u1ec3 hi\u1ec7n phong c\u00e1ch hi\u1ec7n \u0111\u1ea1i, tr\u1ebb trung v\u00e0 m\u1ea1nh m\u1ebd trong t\u1eebng chi ti\u1ebft.<\/p>\n<p data-start=\"1018\" data-end=\"1468\">\u0110i\u1ec3m nh\u1ea5n c\u1ee7a b\u00e0n HRP1880C5 ch\u00ednh l\u00e0 ph\u1ea7n <strong data-start=\"1060\" data-end=\"1091\">khung th\u00e9p tam gi\u00e1c \u0111\u1ed9c \u0111\u00e1o<\/strong>, \u0111\u01b0\u1ee3c thi\u1ebft k\u1ebf v\u1eefng ch\u1eafc, t\u1ea1o c\u1ea3m gi\u00e1c kh\u1ecfe kho\u1eafn v\u00e0 hi\u1ec7n \u0111\u1ea1i. Ch\u1ea5t li\u1ec7u th\u00e9p s\u01a1n t\u0129nh \u0111i\u1ec7n cao c\u1ea5p gi\u00fap b\u00e0n ch\u1ed1ng l\u1ea1i t\u00ecnh tr\u1ea1ng han g\u1ec9, bong tr\u00f3c v\u00e0 ch\u1ecbu \u0111\u01b0\u1ee3c t\u1ea3i tr\u1ecdng l\u1edbn, ph\u00f9 h\u1ee3p cho c\u01b0\u1eddng \u0111\u1ed9 s\u1eed d\u1ee5ng cao trong m\u00f4i tr\u01b0\u1eddng l\u00e0m vi\u1ec7c chuy\u00ean nghi\u1ec7p. Ki\u1ec3u d\u00e1ng ch\u00e2n b\u00e0n \u0111\u01b0\u1ee3c t\u00ednh to\u00e1n k\u1ef9 l\u01b0\u1ee1ng, v\u1eeba \u0111\u1ea3m b\u1ea3o th\u1ea9m m\u1ef9, v\u1eeba mang l\u1ea1i s\u1ef1 \u1ed5n \u0111\u1ecbnh v\u00e0 an to\u00e0n trong qu\u00e1 tr\u00ecnh s\u1eed d\u1ee5ng.<\/p>\n<p data-start=\"1470\" data-end=\"1823\">M\u1eb7t b\u00e0n s\u1eed d\u1ee5ng <strong data-start=\"1486\" data-end=\"1513\">g\u1ed7 c\u00f4ng nghi\u1ec7p Melamine<\/strong> ph\u1ee7 b\u1ec1 m\u1eb7t ch\u1ed1ng tr\u1ea7y x\u01b0\u1edbc, ch\u1ed1ng \u1ea9m v\u00e0 d\u1ec5 lau ch\u00f9i. L\u1edbp ph\u1ee7 Melamine kh\u00f4ng ch\u1ec9 gi\u00fap t\u0103ng \u0111\u1ed9 b\u1ec1n m\u00e0 c\u00f2n mang l\u1ea1i v\u1ebb \u0111\u1eb9p sang tr\u1ecdng, tinh t\u1ebf cho kh\u00f4ng gian l\u00e0m vi\u1ec7c. C\u00e1c \u0111\u01b0\u1eddng v\u00e2n g\u1ed7 \u0111\u01b0\u1ee3c x\u1eed l\u00fd t\u1ef1 nhi\u00ean, t\u1ea1o c\u1ea3m gi\u00e1c g\u1ea7n g\u0169i v\u00e0 \u1ea5m \u00e1p, \u0111\u1ed3ng th\u1eddi t\u00f4n l\u00ean phong th\u00e1i chuy\u00ean nghi\u1ec7p v\u00e0 tinh t\u1ebf c\u1ee7a ng\u01b0\u1eddi l\u00e3nh \u0111\u1ea1o.<\/p>\n<p data-start=\"1825\" data-end=\"2158\">Ph\u1ea7n <strong data-start=\"1830\" data-end=\"1841\">y\u1ebfm b\u00e0n<\/strong> \u0111\u01b0\u1ee3c thi\u1ebft k\u1ebf b\u1eb1ng g\u1ed7, c\u00f3 <strong data-start=\"1868\" data-end=\"1890\">n\u1eb9p nh\u00f4m trang tr\u00ed<\/strong> ch\u1ea1y ngang t\u1ea1o \u0111i\u1ec3m nh\u1ea5n n\u1ed5i b\u1eadt, v\u1eeba mang t\u00ednh th\u1ea9m m\u1ef9, v\u1eeba \u0111\u1ea3m b\u1ea3o s\u1ef1 k\u00edn \u0111\u00e1o c\u1ea7n thi\u1ebft cho ng\u01b0\u1eddi ng\u1ed3i. S\u1ef1 k\u1ebft h\u1ee3p h\u00e0i h\u00f2a gi\u1eefa ch\u1ea5t li\u1ec7u g\u1ed7 v\u00e0 kim lo\u1ea1i mang \u0111\u1ebfn v\u1ebb \u0111\u1eb9p hi\u1ec7n \u0111\u1ea1i nh\u01b0ng v\u1eabn gi\u1eef \u0111\u01b0\u1ee3c n\u00e9t trang tr\u1ecdng, ph\u00f9 h\u1ee3p v\u1edbi xu h\u01b0\u1edbng n\u1ed9i th\u1ea5t v\u0103n ph\u00f2ng hi\u1ec7n nay.<\/p>\n<p data-start=\"2160\" data-end=\"2494\">K\u00edch th\u01b0\u1edbc <strong data-start=\"2171\" data-end=\"2197\">W1800 x D800 x H750 mm<\/strong> mang \u0111\u1ebfn di\u1ec7n t\u00edch m\u1eb7t b\u00e0n r\u1ed9ng r\u00e3i, gi\u00fap ng\u01b0\u1eddi s\u1eed d\u1ee5ng c\u00f3 kh\u00f4ng gian tho\u1ea3i m\u00e1i \u0111\u1ec3 b\u1ed1 tr\u00ed m\u00e1y t\u00ednh, h\u1ed3 s\u01a1 v\u00e0 c\u00e1c v\u1eadt d\u1ee5ng c\u1ea7n thi\u1ebft kh\u00e1c. Thi\u1ebft k\u1ebf th\u00f4ng minh c\u00f2n cho ph\u00e9p ng\u01b0\u1eddi d\u00f9ng d\u1ec5 d\u00e0ng k\u1ebft h\u1ee3p th\u00eam t\u1ee7 ph\u1ee5, h\u1ed9c di \u0111\u1ed9ng ho\u1eb7c gh\u1ebf l\u00e3nh \u0111\u1ea1o \u0111\u1ec3 t\u1ea1o n\u00ean m\u1ed9t b\u1ed9 b\u00e0n l\u00e0m vi\u1ec7c ho\u00e0n ch\u1ec9nh, ti\u1ec7n nghi.<\/p>\n<p data-start=\"2496\" data-end=\"2845\">B\u00e0n HRP1880C5 c\u00f2n ghi \u0111i\u1ec3m nh\u1edd <strong data-start=\"2527\" data-end=\"2558\">kh\u1ea3 n\u0103ng ph\u1ed1i h\u1ee3p linh ho\u1ea1t<\/strong> v\u1edbi nhi\u1ec1u phong c\u00e1ch n\u1ed9i th\u1ea5t kh\u00e1c nhau. D\u00f9 l\u00e0 kh\u00f4ng gian v\u0103n ph\u00f2ng hi\u1ec7n \u0111\u1ea1i, t\u1ed1i gi\u1ea3n hay mang h\u01a1i h\u01b0\u1edbng c\u1ed5 \u0111i\u1ec3n, s\u1ea3n ph\u1ea9m v\u1eabn gi\u1eef \u0111\u01b0\u1ee3c s\u1ef1 h\u00e0i h\u00f2a v\u00e0 n\u1ed5i b\u1eadt. M\u00e0u s\u1eafc trung t\u00ednh d\u1ec5 ph\u1ed1i h\u1ee3p v\u1edbi c\u00e1c gam m\u00e0u n\u1ed9i th\u1ea5t kh\u00e1c, t\u1ea1o n\u00ean kh\u00f4ng gian l\u00e0m vi\u1ec7c \u0111\u1ed3ng b\u1ed9, chuy\u00ean nghi\u1ec7p v\u00e0 tinh t\u1ebf.<\/p>\n<p data-start=\"2847\" data-end=\"3187\">B\u00ean c\u1ea1nh thi\u1ebft k\u1ebf th\u1ea9m m\u1ef9, b\u00e0n l\u00e0m vi\u1ec7c ch\u00e2n s\u1eaft HRP1880C5 c\u00f2n ch\u00fa tr\u1ecdng \u0111\u1ebfn <strong data-start=\"2924\" data-end=\"2952\">t\u00ednh c\u00f4ng n\u0103ng v\u00e0 \u0111\u1ed9 b\u1ec1n<\/strong>. K\u1ebft c\u1ea5u ch\u1eafc ch\u1eafn gi\u00fap b\u00e0n lu\u00f4n \u1ed5n \u0111\u1ecbnh, kh\u00f4ng rung l\u1eafc trong qu\u00e1 tr\u00ecnh s\u1eed d\u1ee5ng. Ch\u1ea5t li\u1ec7u g\u1ed7 Melamine cao c\u1ea5p c\u00f3 kh\u1ea3 n\u0103ng ch\u1ecbu l\u1ef1c t\u1ed1t, ch\u1ed1ng cong v\u00eanh v\u00e0 \u0111\u1ea3m b\u1ea3o tu\u1ed5i th\u1ecd l\u00e2u d\u00e0i, \u0111\u00e1p \u1ee9ng nhu c\u1ea7u s\u1eed d\u1ee5ng li\u00ean t\u1ee5c trong nhi\u1ec1u n\u0103m.<\/p>\n<p data-start=\"3189\" data-end=\"3550\">V\u1edbi nh\u1eefng \u01b0u \u0111i\u1ec3m v\u01b0\u1ee3t tr\u1ed9i v\u1ec1 thi\u1ebft k\u1ebf, ch\u1ea5t li\u1ec7u v\u00e0 c\u00f4ng n\u0103ng, <strong data-start=\"3254\" data-end=\"3280\">b\u00e0n l\u00e3nh \u0111\u1ea1o HRP1880C5<\/strong> l\u00e0 l\u1ef1a ch\u1ecdn l\u00fd t\u01b0\u1edfng cho nh\u1eefng ai \u0111ang t\u00ecm ki\u1ebfm m\u1ed9t m\u1eabu b\u00e0n l\u00e0m vi\u1ec7c v\u1eeba sang tr\u1ecdng, hi\u1ec7n \u0111\u1ea1i, v\u1eeba \u0111\u1ea3m b\u1ea3o \u0111\u1ed9 b\u1ec1n v\u00e0 t\u00ednh ti\u1ec7n d\u1ee5ng cao. \u0110\u00e2y l\u00e0 s\u1ea3n ph\u1ea9m th\u1ec3 hi\u1ec7n \u0111\u1eb3ng c\u1ea5p c\u1ee7a ng\u01b0\u1eddi l\u00e3nh \u0111\u1ea1o v\u00e0 g\u00f3p ph\u1ea7n t\u1ea1o n\u00ean kh\u00f4ng gian l\u00e0m vi\u1ec7c chuy\u00ean nghi\u1ec7p, n\u0103ng \u0111\u1ed9ng v\u00e0 hi\u1ec7u qu\u1ea3.<\/p>\n","protected":false},"excerpt":{"rendered":"<p data-start=\"0\" data-end=\"68\">B\u00e0n l\u00e0m vi\u1ec7c ch\u00e2n s\u1eaft HRP1880C5 &#8211;\u00a0B\u00e0n l\u00e3nh \u0111\u1ea1o khung th\u00e9p tam gi\u00e1c, m\u1eb7t b\u00e0n g\u1ed7 Melamine.<br data-start=\"124\" data-end=\"127\" \/>Y\u1ebfm b\u00e0n b\u1eb1ng g\u1ed7 c\u00f3 n\u1eb9p nh\u00f4m trang tr\u00ed.<\/p>\n<p data-start=\"169\" data-end=\"205\">K\u00edch th\u01b0\u1edbc: W1800 x D800 x H750 mm<\/p>\n<p data-start=\"207\" data-end=\"357\">Xu\u1ea5t x\u1ee9: S\u1ea3n ph\u1ea9m c\u1ee7a <strong data-start=\"229\" data-end=\"257\">C\u00f4ng ty N\u1ed8I TH\u1ea4T THE ONE<\/strong> \u2013 Ph\u00e2n ph\u1ed1i b\u1edfi <strong data-start=\"274\" data-end=\"310\">C\u00d4NG TY TNHH SXTM TTNT H\u1eeeU TH\u1ecaNH<\/strong><br data-start=\"310\" data-end=\"313\" \/>B\u1ea3o h\u00e0nh: 12 th\u00e1ng theo ti\u00eau chu\u1ea9n nh\u00e0 m\u00e1y<\/p>\n<p data-start=\"359\" data-end=\"513\"><em data-start=\"359\" data-end=\"511\">L\u01b0u \u00fd: Gi\u00e1 tr\u00ean ch\u01b0a bao g\u1ed3m VAT v\u00e0 ph\u00ed v\u1eadn chuy\u1ec3n. Gi\u00e1 s\u1ea3n ph\u1ea9m c\u00f3 th\u1ec3 thay \u0111\u1ed5i theo t\u1eebng th\u1eddi \u0111i\u1ec3m, vui l\u00f2ng li\u00ean h\u1ec7 \u0111\u1ec3 nh\u1eadn t\u01b0 v\u1ea5n \u01b0u \u0111\u00e3i t\u1ed1t nh\u1ea5t.<\/em><\/p>\n","protected":false},"featured_media":3689,"comment_status":"open","ping_status":"closed","template":"","meta":[],"product_brand":[],"product_cat":[17,179],"product_tag":[],"class_list":{"0":"post-3688","1":"product","2":"type-product","3":"status-publish","4":"has-post-thumbnail","6":"product_cat-noi-that-van-phong","7":"product_cat-ban-lam-viec-chan-sat","9":"first","10":"instock","11":"taxable","12":"shipping-taxable","13":"purchasable","14":"product-type-simple"},"_links":{"self":[{"href":"https:\/\/www.noithathuuthinh.vn\/zh-hans\/wp-json\/wp\/v2\/product\/3688","targetHints":{"allow":["GET"]}}],"collection":[{"href":"https:\/\/www.noithathuuthinh.vn\/zh-hans\/wp-json\/wp\/v2\/product"}],"about":[{"href":"https:\/\/www.noithathuuthinh.vn\/zh-hans\/wp-json\/wp\/v2\/types\/product"}],"replies":[{"embeddable":true,"href":"https:\/\/www.noithathuuthinh.vn\/zh-hans\/wp-json\/wp\/v2\/comments?post=3688"}],"wp:featuredmedia":[{"embeddable":true,"href":"https:\/\/www.noithathuuthinh.vn\/zh-hans\/wp-json\/wp\/v2\/media\/3689"}],"wp:attachment":[{"href":"https:\/\/www.noithathuuthinh.vn\/zh-hans\/wp-json\/wp\/v2\/media?parent=3688"}],"wp:term":[{"taxonomy":"product_brand","embeddable":true,"href":"https:\/\/www.noithathuuthinh.vn\/zh-hans\/wp-json\/wp\/v2\/product_brand?post=3688"},{"taxonomy":"product_cat","embeddable":true,"href":"https:\/\/www.noithathuuthinh.vn\/zh-hans\/wp-json\/wp\/v2\/product_cat?post=3688"},{"taxonomy":"product_tag","embeddable":true,"href":"https:\/\/www.noithathuuthinh.vn\/zh-hans\/wp-json\/wp\/v2\/product_tag?post=3688"}],"curies":[{"name":"wp","href":"https:\/\/api.w.org\/{rel}","templated":true}]}}