{"id":3776,"date":"2025-10-22T14:46:56","date_gmt":"2025-10-22T07:46:56","guid":{"rendered":"https:\/\/noithathuuthinh.vn\/?post_type=product&#038;p=3776"},"modified":"2025-10-22T14:46:57","modified_gmt":"2025-10-22T07:46:57","slug":"cum-ban-lam-viec-hrmd06","status":"publish","type":"product","link":"https:\/\/www.noithathuuthinh.vn\/zh-hans\/san-pham\/cum-ban-lam-viec-hrmd06\/","title":{"rendered":"C\u1ee5m b\u00e0n l\u00e0m vi\u1ec7c HRMD06"},"content":{"rendered":"<p data-start=\"594\" data-end=\"960\"><strong data-start=\"636\" data-end=\"663\">C\u1ee5m b\u00e0n l\u00e0m vi\u1ec7c HRMD06<\/strong> l\u00e0 m\u1ed9t trong nh\u1eefng m\u1eabu module v\u0103n ph\u00f2ng 4 ch\u1ed7 ng\u1ed3i \u0111\u01b0\u1ee3c thi\u1ebft k\u1ebf theo phong c\u00e1ch t\u1ed1i gi\u1ea3n v\u00e0 hi\u1ec7n \u0111\u1ea1i, ph\u00f9 h\u1ee3p cho c\u00e1c kh\u00f4ng gian l\u00e0m vi\u1ec7c m\u1edf, n\u0103ng \u0111\u1ed9ng. S\u1ea3n ph\u1ea9m mang \u0111\u1ebfn gi\u1ea3i ph\u00e1p b\u1ed1 tr\u00ed kh\u00f4ng gian th\u00f4ng minh, gi\u00fap t\u1ed1i \u01b0u di\u1ec7n t\u00edch v\u00e0 t\u0103ng hi\u1ec7u qu\u1ea3 l\u00e0m vi\u1ec7c nh\u00f3m trong c\u00e1c v\u0103n ph\u00f2ng hi\u1ec7n \u0111\u1ea1i.<\/p>\n<p data-start=\"962\" data-end=\"1404\">\u0110i\u1ec3m n\u1ed5i b\u1eadt \u0111\u1ea7u ti\u00ean c\u1ee7a <strong data-start=\"988\" data-end=\"998\">HRMD06<\/strong> n\u1eb1m \u1edf k\u1ebft c\u1ea5u ch\u00e2n b\u00e0n s\u1eaft s\u01a1n t\u0129nh \u0111i\u1ec7n v\u1eefng ch\u1eafc, \u0111\u01b0\u1ee3c gia c\u00f4ng b\u1eb1ng th\u00e9p h\u1ed9p d\u00e0y, gi\u00fap b\u00e0n c\u00f3 kh\u1ea3 n\u0103ng ch\u1ecbu l\u1ef1c t\u1ed1t, h\u1ea1n ch\u1ebf rung l\u1eafc khi s\u1eed d\u1ee5ng. L\u1edbp s\u01a1n t\u0129nh \u0111i\u1ec7n cao c\u1ea5p kh\u00f4ng ch\u1ec9 gi\u00fap ch\u1ed1ng g\u1ec9 s\u00e9t m\u00e0 c\u00f2n gi\u1eef cho s\u1ea3n ph\u1ea9m lu\u00f4n m\u1edbi, b\u1ec1n \u0111\u1eb9p trong th\u1eddi gian d\u00e0i. Thi\u1ebft k\u1ebf ch\u00e2n b\u00e0n \u0111\u01b0\u1ee3c t\u1ed1i gi\u1ea3n, t\u1ea1o c\u1ea3m gi\u00e1c tho\u00e1ng \u0111\u00e3ng v\u00e0 hi\u1ec7n \u0111\u1ea1i, \u0111\u1ed3ng th\u1eddi v\u1eabn \u0111\u1ea3m b\u1ea3o t\u00ednh \u1ed5n \u0111\u1ecbnh v\u00e0 c\u00e2n \u0111\u1ed1i cho to\u00e0n b\u1ed9 module.<\/p>\n<p data-start=\"1406\" data-end=\"1766\">M\u1eb7t b\u00e0n \u0111\u01b0\u1ee3c l\u00e0m t\u1eeb g\u1ed7 c\u00f4ng nghi\u1ec7p ph\u1ee7 Melamine ch\u1ea5t l\u01b0\u1ee3ng cao, c\u00f3 kh\u1ea3 n\u0103ng ch\u1ed1ng tr\u1ea7y x\u01b0\u1edbc, ch\u1ed1ng \u1ea9m v\u00e0 d\u1ec5 d\u00e0ng v\u1ec7 sinh. B\u1ec1 m\u1eb7t ph\u1eb3ng, m\u1ecbn gi\u00fap ng\u01b0\u1eddi d\u00f9ng tho\u1ea3i m\u00e1i b\u1ed1 tr\u00ed m\u00e1y t\u00ednh, t\u00e0i li\u1ec7u ho\u1eb7c c\u00e1c v\u1eadt d\u1ee5ng c\u00e1 nh\u00e2n m\u1ed9t c\u00e1ch ng\u0103n n\u1eafp v\u00e0 ti\u1ec7n l\u1ee3i. C\u00e1c c\u1ea1nh b\u00e0n \u0111\u01b0\u1ee3c x\u1eed l\u00fd tinh t\u1ebf, \u0111\u1ea3m b\u1ea3o an to\u00e0n khi s\u1eed d\u1ee5ng v\u00e0 t\u1ea1o n\u00ean s\u1ef1 li\u1ec1n m\u1ea1ch trong thi\u1ebft k\u1ebf t\u1ed5ng th\u1ec3.<\/p>\n<p data-start=\"1768\" data-end=\"2204\">M\u1ed9t \u0111i\u1ec3m nh\u1ea5n tinh t\u1ebf c\u1ee7a <strong data-start=\"1794\" data-end=\"1821\">C\u1ee5m b\u00e0n l\u00e0m vi\u1ec7c HRMD06<\/strong> ch\u00ednh l\u00e0 v\u00e1ch ng\u0103n k\u00ednh trong su\u1ed1t \u0111\u01b0\u1ee3c b\u1ed1 tr\u00ed gi\u1eefa c\u00e1c v\u1ecb tr\u00ed l\u00e0m vi\u1ec7c. Thi\u1ebft k\u1ebf n\u00e0y kh\u00f4ng ch\u1ec9 gi\u00fap ph\u00e2n t\u00e1ch kh\u00f4ng gian c\u00e1 nh\u00e2n r\u00f5 r\u00e0ng m\u00e0 v\u1eabn gi\u1eef \u0111\u01b0\u1ee3c s\u1ef1 k\u1ebft n\u1ed1i gi\u1eefa c\u00e1c th\u00e0nh vi\u00ean trong nh\u00f3m. V\u00e1ch k\u00ednh c\u00f2n gi\u00fap ph\u1ea3n chi\u1ebfu \u00e1nh s\u00e1ng t\u1ef1 nhi\u00ean, t\u0103ng \u0111\u1ed9 s\u00e1ng v\u00e0 s\u1ef1 th\u00f4ng tho\u00e1ng cho kh\u00f4ng gian, \u0111\u1ed3ng th\u1eddi g\u00f3p ph\u1ea7n n\u00e2ng cao t\u00ednh th\u1ea9m m\u1ef9, mang \u0111\u1ebfn c\u1ea3m gi\u00e1c chuy\u00ean nghi\u1ec7p, sang tr\u1ecdng.<\/p>\n<p data-start=\"2206\" data-end=\"2548\">S\u1ea3n ph\u1ea9m \u0111\u01b0\u1ee3c thi\u1ebft k\u1ebf theo ti\u00eau chu\u1ea9n c\u00f4ng th\u00e1i h\u1ecdc (ergonomic), \u0111\u1ea3m b\u1ea3o chi\u1ec1u cao, \u0111\u1ed9 r\u1ed9ng v\u00e0 kh\u00f4ng gian l\u00e0m vi\u1ec7c ph\u00f9 h\u1ee3p cho ng\u01b0\u1eddi s\u1eed d\u1ee5ng. Nh\u1edd v\u1eady, <strong data-start=\"2358\" data-end=\"2368\">HRMD06<\/strong> kh\u00f4ng ch\u1ec9 mang l\u1ea1i s\u1ef1 tho\u1ea3i m\u00e1i trong su\u1ed1t ng\u00e0y l\u00e0m vi\u1ec7c m\u00e0 c\u00f2n gi\u00fap gi\u1ea3m thi\u1ec3u c\u0103ng th\u1eb3ng v\u00e0 m\u1ec7t m\u1ecfi cho nh\u00e2n vi\u00ean, \u0111\u1eb7c bi\u1ec7t trong c\u00e1c m\u00f4i tr\u01b0\u1eddng l\u00e0m vi\u1ec7c c\u1ea7n t\u1eadp trung cao \u0111\u1ed9.<\/p>\n<p data-start=\"2550\" data-end=\"2856\"><strong data-start=\"2550\" data-end=\"2577\">C\u1ee5m b\u00e0n l\u00e0m vi\u1ec7c HRMD06<\/strong> ph\u00f9 h\u1ee3p s\u1eed d\u1ee5ng trong c\u00e1c v\u0103n ph\u00f2ng c\u00f3 di\u1ec7n t\u00edch v\u1eeba v\u00e0 l\u1edbn, \u0111\u1eb7c bi\u1ec7t l\u00e0 nh\u1eefng kh\u00f4ng gian l\u00e0m vi\u1ec7c theo nh\u00f3m ho\u1eb7c ph\u00f2ng ban ch\u1ee9c n\u0103ng. V\u1edbi ki\u1ec3u d\u00e1ng module 4 ch\u1ed7, s\u1ea3n ph\u1ea9m gi\u00fap ti\u1ebft ki\u1ec7m kh\u00f4ng gian, \u0111\u1ed3ng th\u1eddi t\u1ea1o s\u1ef1 th\u1ed1ng nh\u1ea5t v\u00e0 chuy\u00ean nghi\u1ec7p trong b\u1ed1 c\u1ee5c n\u1ed9i th\u1ea5t v\u0103n ph\u00f2ng.<\/p>\n<p data-start=\"2858\" data-end=\"3123\">V\u1ec1 m\u1eb7t th\u1ea9m m\u1ef9, <strong data-start=\"2874\" data-end=\"2884\">HRMD06<\/strong> k\u1ebft h\u1ee3p h\u00e0i h\u00f2a gi\u1eefa ch\u1ea5t li\u1ec7u kim lo\u1ea1i v\u00e0 k\u00ednh, mang \u0111\u1ebfn v\u1ebb \u0111\u1eb9p hi\u1ec7n \u0111\u1ea1i, nh\u1eb9 nh\u00e0ng v\u00e0 tinh t\u1ebf. Thi\u1ebft k\u1ebf n\u00e0y d\u1ec5 d\u00e0ng ph\u1ed1i h\u1ee3p v\u1edbi nhi\u1ec1u lo\u1ea1i gh\u1ebf xoay, t\u1ee7 ph\u1ee5, ho\u1eb7c h\u1ed9c di \u0111\u1ed9ng \u0111\u1ec3 t\u1ea1o th\u00e0nh m\u1ed9t b\u1ed9 n\u1ed9i th\u1ea5t l\u00e0m vi\u1ec7c \u0111\u1ed3ng b\u1ed9 v\u00e0 ti\u1ec7n nghi.<\/p>\n<p data-start=\"3125\" data-end=\"3463\" data-is-last-node=\"\" data-is-only-node=\"\">N\u1ebfu b\u1ea1n \u0111ang t\u00ecm ki\u1ebfm m\u1ed9t gi\u1ea3i ph\u00e1p n\u1ed9i th\u1ea5t gi\u00fap v\u0103n ph\u00f2ng tr\u1edf n\u00ean chuy\u00ean nghi\u1ec7p, hi\u1ec7n \u0111\u1ea1i v\u00e0 ti\u1ebft ki\u1ec7m kh\u00f4ng gian, <strong data-start=\"3242\" data-end=\"3269\">C\u1ee5m b\u00e0n l\u00e0m vi\u1ec7c HRMD06<\/strong> ch\u00ednh l\u00e0 l\u1ef1a ch\u1ecdn l\u00fd t\u01b0\u1edfng. S\u1ea3n ph\u1ea9m kh\u00f4ng ch\u1ec9 \u0111\u00e1p \u1ee9ng t\u1ed1t nhu c\u1ea7u l\u00e0m vi\u1ec7c nh\u00f3m m\u00e0 c\u00f2n g\u00f3p ph\u1ea7n n\u00e2ng cao h\u00ecnh \u1ea3nh, t\u1ea1o \u0111i\u1ec3m nh\u1ea5n sang tr\u1ecdng v\u00e0 tinh t\u1ebf cho m\u00f4i tr\u01b0\u1eddng l\u00e0m vi\u1ec7c c\u1ee7a doanh nghi\u1ec7p.<\/p>\n","protected":false},"excerpt":{"rendered":"<p data-start=\"0\" data-end=\"238\">C\u1ee5m b\u00e0n l\u00e0m vi\u1ec7c HRMD06\u00a0l\u00e0 Module l\u00e0m vi\u1ec7c 4 ch\u1ed7 \u0111\u01b0\u1ee3c thi\u1ebft k\u1ebf hi\u1ec7n \u0111\u1ea1i, s\u1eed d\u1ee5ng ch\u00e2n s\u1eaft s\u01a1n t\u0129nh \u0111i\u1ec7n ch\u1eafc ch\u1eafn v\u00e0 v\u00e1ch ng\u0103n k\u00ednh sang tr\u1ecdng, t\u1ea1o n\u00ean kh\u00f4ng gian l\u00e0m vi\u1ec7c chuy\u00ean nghi\u1ec7p v\u00e0 th\u00f4ng tho\u00e1ng.<\/p>\n<p data-start=\"240\" data-end=\"278\">K\u00edch th\u01b0\u1edbc: W2406 x D1406 x H1100 mm<\/p>\n<p data-start=\"280\" data-end=\"385\">Xu\u1ea5t x\u1ee9: S\u1ea3n ph\u1ea9m c\u1ee7a <strong data-start=\"302\" data-end=\"330\">C\u00f4ng ty N\u1ed8I TH\u1ea4T THE ONE<\/strong> \u2013 Ph\u00e2n ph\u1ed1i b\u1edfi <strong data-start=\"347\" data-end=\"383\">C\u00d4NG TY TNHH SXTM TTNT H\u1eeeU TH\u1ecaNH<\/strong><\/p>\n<p data-start=\"387\" data-end=\"431\">B\u1ea3o h\u00e0nh: 12 th\u00e1ng theo ti\u00eau chu\u1ea9n nh\u00e0 m\u00e1y<\/p>\n<p data-start=\"433\" data-end=\"587\"><span style=\"color: #ed1c24;\"><em data-start=\"433\" data-end=\"585\">L\u01b0u \u00fd: Gi\u00e1 tr\u00ean ch\u01b0a bao g\u1ed3m VAT v\u00e0 ph\u00ed v\u1eadn chuy\u1ec3n. Gi\u00e1 s\u1ea3n ph\u1ea9m c\u00f3 th\u1ec3 thay \u0111\u1ed5i theo t\u1eebng th\u1eddi \u0111i\u1ec3m, vui l\u00f2ng li\u00ean h\u1ec7 \u0111\u1ec3 nh\u1eadn t\u01b0 v\u1ea5n \u01b0u \u0111\u00e3i t\u1ed1t nh\u1ea5t.<\/em><\/span><\/p>\n","protected":false},"featured_media":3777,"comment_status":"open","ping_status":"closed","template":"","meta":[],"product_brand":[],"product_cat":[17,180],"product_tag":[],"class_list":{"0":"post-3776","1":"product","2":"type-product","3":"status-publish","4":"has-post-thumbnail","6":"product_cat-noi-that-van-phong","7":"product_cat-cum-ban-lam-viec","9":"first","10":"instock","11":"taxable","12":"shipping-taxable","13":"purchasable","14":"product-type-simple"},"_links":{"self":[{"href":"https:\/\/www.noithathuuthinh.vn\/zh-hans\/wp-json\/wp\/v2\/product\/3776","targetHints":{"allow":["GET"]}}],"collection":[{"href":"https:\/\/www.noithathuuthinh.vn\/zh-hans\/wp-json\/wp\/v2\/product"}],"about":[{"href":"https:\/\/www.noithathuuthinh.vn\/zh-hans\/wp-json\/wp\/v2\/types\/product"}],"replies":[{"embeddable":true,"href":"https:\/\/www.noithathuuthinh.vn\/zh-hans\/wp-json\/wp\/v2\/comments?post=3776"}],"wp:featuredmedia":[{"embeddable":true,"href":"https:\/\/www.noithathuuthinh.vn\/zh-hans\/wp-json\/wp\/v2\/media\/3777"}],"wp:attachment":[{"href":"https:\/\/www.noithathuuthinh.vn\/zh-hans\/wp-json\/wp\/v2\/media?parent=3776"}],"wp:term":[{"taxonomy":"product_brand","embeddable":true,"href":"https:\/\/www.noithathuuthinh.vn\/zh-hans\/wp-json\/wp\/v2\/product_brand?post=3776"},{"taxonomy":"product_cat","embeddable":true,"href":"https:\/\/www.noithathuuthinh.vn\/zh-hans\/wp-json\/wp\/v2\/product_cat?post=3776"},{"taxonomy":"product_tag","embeddable":true,"href":"https:\/\/www.noithathuuthinh.vn\/zh-hans\/wp-json\/wp\/v2\/product_tag?post=3776"}],"curies":[{"name":"wp","href":"https:\/\/api.w.org\/{rel}","templated":true}]}}