{"id":3810,"date":"2025-10-22T17:01:47","date_gmt":"2025-10-22T10:01:47","guid":{"rendered":"https:\/\/noithathuuthinh.vn\/?post_type=product&#038;p=3810"},"modified":"2025-10-22T17:02:38","modified_gmt":"2025-10-22T10:02:38","slug":"ban-lam-viec-chan-sat-ntvp1812c17","status":"publish","type":"product","link":"https:\/\/www.noithathuuthinh.vn\/zh-hans\/san-pham\/ban-lam-viec-chan-sat-ntvp1812c17\/","title":{"rendered":"B\u00e0n l\u00e0m vi\u1ec7c ch\u00e2n s\u1eaft NTVP1812C17"},"content":{"rendered":"<p data-start=\"722\" data-end=\"1163\"><strong data-start=\"764\" data-end=\"801\">B\u00e0n l\u00e0m vi\u1ec7c ch\u00e2n s\u1eaft NTVP1812C17<\/strong> l\u00e0 m\u1ed9t trong nh\u1eefng m\u1eabu b\u00e0n tr\u01b0\u1edfng ph\u00f2ng hi\u1ec7n \u0111\u1ea1i v\u00e0 n\u1ed5i b\u1eadt c\u1ee7a <strong data-start=\"866\" data-end=\"886\">N\u1ed8I TH\u1ea4T THE ONE<\/strong>, \u0111\u01b0\u1ee3c thi\u1ebft k\u1ebf h\u01b0\u1edbng \u0111\u1ebfn s\u1ef1 sang tr\u1ecdng, b\u1ec1n b\u1ec9 v\u00e0 ti\u1ec7n nghi trong m\u00f4i tr\u01b0\u1eddng l\u00e0m vi\u1ec7c chuy\u00ean nghi\u1ec7p. V\u1edbi ki\u1ec3u d\u00e1ng m\u1ea1nh m\u1ebd, ch\u1ea5t li\u1ec7u cao c\u1ea5p v\u00e0 t\u00ednh n\u0103ng \u0111a d\u1ee5ng, s\u1ea3n ph\u1ea9m l\u00e0 l\u1ef1a ch\u1ecdn ho\u00e0n h\u1ea3o cho kh\u00f4ng gian v\u0103n ph\u00f2ng l\u00e3nh \u0111\u1ea1o ho\u1eb7c tr\u01b0\u1edfng ph\u00f2ng c\u1ea7n s\u1ef1 ch\u1ec9n chu v\u00e0 \u0111\u1eb3ng c\u1ea5p.<\/p>\n<p data-start=\"1165\" data-end=\"1646\">\u0110i\u1ec3m n\u1ed5i b\u1eadt \u0111\u1ea7u ti\u00ean c\u1ee7a b\u00e0n NTVP1812C17 ch\u00ednh l\u00e0 <strong data-start=\"1216\" data-end=\"1238\">khung ch\u00e2n s\u1eaft C17<\/strong> \u2013 d\u00f2ng ch\u00e2n m\u1edbi mang phong c\u00e1ch hi\u1ec7n \u0111\u1ea1i, s\u1eed d\u1ee5ng th\u00e9p s\u01a1n t\u0129nh \u0111i\u1ec7n cao c\u1ea5p c\u00f3 kh\u1ea3 n\u0103ng ch\u1ecbu l\u1ef1c t\u1ed1t v\u00e0 ch\u1ed1ng g\u1ec9 s\u00e9t hi\u1ec7u qu\u1ea3. Thi\u1ebft k\u1ebf ch\u00e2n bi\u00ean d\u1ea1ng \u1ed1ng tam gi\u00e1c \u0111\u1ed9c \u0111\u00e1o gi\u00fap t\u1ed5ng th\u1ec3 b\u00e0n tr\u1edf n\u00ean thanh tho\u00e1t, ch\u1eafc ch\u1eafn v\u00e0 t\u1ea1o c\u1ea3m gi\u00e1c v\u1eefng ch\u00e3i cho ng\u01b0\u1eddi s\u1eed d\u1ee5ng. Ph\u1ea7n <strong data-start=\"1511\" data-end=\"1522\">y\u1ebfm t\u00f4n<\/strong> \u0111\u01b0\u1ee3c l\u1eafp tinh t\u1ebf, t\u0103ng t\u00ednh th\u1ea9m m\u1ef9 \u0111\u1ed3ng th\u1eddi h\u1ed7 tr\u1ee3 che ch\u1eafn kh\u00f4ng gian ph\u00eda d\u01b0\u1edbi, mang l\u1ea1i s\u1ef1 k\u00edn \u0111\u00e1o v\u00e0 chuy\u00ean nghi\u1ec7p.<\/p>\n<p data-start=\"1648\" data-end=\"2061\">M\u1eb7t b\u00e0n s\u1eed d\u1ee5ng <strong data-start=\"1664\" data-end=\"1712\">g\u1ed7 c\u00f4ng nghi\u1ec7p ph\u1ee7 Laminate k\u1ebft h\u1ee3p Melamine<\/strong>, mang \u0111\u1ebfn b\u1ec1 m\u1eb7t nh\u1eb5n m\u1ecbn, sang tr\u1ecdng v\u00e0 ch\u1ed1ng tr\u1ea7y x\u01b0\u1edbc v\u01b0\u1ee3t tr\u1ed9i. L\u1edbp Laminate gi\u00fap b\u00e0n c\u00f3 kh\u1ea3 n\u0103ng ch\u1ed1ng \u1ea9m, ch\u1ed1ng ch\u00e1y nh\u1eb9 v\u00e0 ch\u1ecbu va \u0111\u1eadp t\u1ed1t, trong khi l\u1edbp Melamine gi\u00fap t\u0103ng \u0111\u1ed9 b\u1ec1n v\u00e0 gi\u1eef m\u00e0u \u1ed5n \u0111\u1ecbnh theo th\u1eddi gian. S\u1ef1 k\u1ebft h\u1ee3p c\u1ee7a hai v\u1eadt li\u1ec7u cao c\u1ea5p n\u00e0y kh\u00f4ng ch\u1ec9 n\u00e2ng cao tu\u1ed5i th\u1ecd m\u00e0 c\u00f2n mang l\u1ea1i v\u1ebb \u0111\u1eb9p hi\u1ec7n \u0111\u1ea1i v\u00e0 tinh t\u1ebf cho s\u1ea3n ph\u1ea9m.<\/p>\n<p data-start=\"2063\" data-end=\"2459\">B\u00e0n \u0111\u01b0\u1ee3c trang b\u1ecb <strong data-start=\"2081\" data-end=\"2100\">t\u1ee7 ph\u1ee5 li\u1ec1n b\u00e0n<\/strong>, bao g\u1ed3m nhi\u1ec1u ng\u0103n k\u00e9o v\u00e0 khoang \u0111\u1ec3 CPU ho\u1eb7c t\u00e0i li\u1ec7u, gi\u00fap t\u1ed1i \u01b0u kh\u00f4ng gian l\u01b0u tr\u1eef. C\u00e1c ng\u0103n k\u00e9o \u0111\u01b0\u1ee3c trang b\u1ecb <strong data-start=\"2216\" data-end=\"2236\">ph\u1ee5 ki\u1ec7n cao c\u1ea5p<\/strong> nh\u01b0 ray tr\u01b0\u1ee3t gi\u1ea3m ch\u1ea5n, tay n\u1eafm kim lo\u1ea1i tinh t\u1ebf v\u00e0 kh\u00f3a an to\u00e0n, \u0111\u1ea3m b\u1ea3o v\u1eadn h\u00e0nh \u00eam \u00e1i v\u00e0 b\u1ea3o m\u1eadt t\u1ed1i \u0111a. Thi\u1ebft k\u1ebf n\u00e0y mang l\u1ea1i s\u1ef1 ti\u1ec7n l\u1ee3i v\u00e0 chuy\u00ean nghi\u1ec7p, \u0111\u1ed3ng th\u1eddi gi\u00fap kh\u00f4ng gian l\u00e0m vi\u1ec7c lu\u00f4n g\u1ecdn g\u00e0ng, khoa h\u1ecdc.<\/p>\n<p data-start=\"2461\" data-end=\"2811\">V\u1edbi <strong data-start=\"2465\" data-end=\"2503\">k\u00edch th\u01b0\u1edbc W1800 x D1200 x H750 mm<\/strong>, b\u00e0n NTVP1812C17 c\u00f3 di\u1ec7n t\u00edch m\u1eb7t b\u00e0n r\u1ed9ng r\u00e3i, \u0111\u1ee7 \u0111\u1ec3 b\u1ed1 tr\u00ed m\u00e1y t\u00ednh, t\u00e0i li\u1ec7u, ph\u1ee5 ki\u1ec7n v\u0103n ph\u00f2ng v\u00e0 v\u1eabn c\u00f2n kho\u1ea3ng tr\u1ed1ng tho\u1ea3i m\u00e1i cho c\u00f4ng vi\u1ec7c. T\u1ef7 l\u1ec7 thi\u1ebft k\u1ebf h\u1ee3p l\u00fd gi\u00fap b\u00e0n d\u1ec5 d\u00e0ng s\u1eafp x\u1ebfp trong c\u00e1c kh\u00f4ng gian ph\u00f2ng tr\u01b0\u1edfng ph\u00f2ng ho\u1eb7c v\u0103n ph\u00f2ng ri\u00eang, t\u1ea1o n\u00ean b\u1ed1 c\u1ee5c h\u00e0i h\u00f2a v\u00e0 hi\u1ec7u qu\u1ea3 th\u1ea9m m\u1ef9 cao.<\/p>\n<p data-start=\"2813\" data-end=\"2898\">D\u00f2ng <strong data-start=\"2818\" data-end=\"2830\">ch\u00e2n C17<\/strong> c\u1ee7a N\u1ed8I TH\u1ea4T THE ONE \u0111\u01b0\u1ee3c \u00e1p d\u1ee5ng v\u1edbi <strong data-start=\"2869\" data-end=\"2895\">hai ch\u1ea5t li\u1ec7u l\u1ef1a ch\u1ecdn<\/strong>:<\/p>\n<ul data-start=\"2899\" data-end=\"3212\">\n<li data-start=\"2899\" data-end=\"3054\">\n<p data-start=\"2901\" data-end=\"3054\"><strong data-start=\"2901\" data-end=\"2923\">Phi\u00ean b\u1ea3n cao c\u1ea5p:<\/strong> Laminate k\u1ebft h\u1ee3p Melamine (m\u00e0u L2M12 v\u00e0 L5M52) v\u1edbi m\u1eb7t b\u00e0n bo m\u1ecf v\u1ecbt, c\u00e1c c\u1ea1nh bo tr\u00f2n tinh t\u1ebf, mang \u0111\u1ebfn v\u1ebb m\u1ec1m m\u1ea1i, sang tr\u1ecdng.<\/p>\n<\/li>\n<li data-start=\"3055\" data-end=\"3212\">\n<p data-start=\"3057\" data-end=\"3212\"><strong data-start=\"3057\" data-end=\"3081\">Phi\u00ean b\u1ea3n ph\u1ed5 th\u00f4ng:<\/strong> Melamine to\u00e0n b\u1ed9 (m\u00e0u M32M26), thi\u1ebft k\u1ebf c\u00e1c c\u1ea1nh vu\u00f4ng m\u1ea1nh m\u1ebd, ph\u00f9 h\u1ee3p cho kh\u00f4ng gian hi\u1ec7n \u0111\u1ea1i, tr\u1ebb trung v\u00e0 ti\u1ebft ki\u1ec7m chi ph\u00ed.<\/p>\n<\/li>\n<\/ul>\n<p data-start=\"3214\" data-end=\"3423\">S\u1ea3n ph\u1ea9m hi\u1ec7n \u0111\u01b0\u1ee3c <strong data-start=\"3233\" data-end=\"3259\">s\u1ea3n xu\u1ea5t t\u1ed3n m\u00e0u L5M52<\/strong>, c\u00e1c m\u00e0u kh\u00e1c nh\u01b0 <strong data-start=\"3278\" data-end=\"3287\">L2M12<\/strong> ho\u1eb7c <strong data-start=\"3293\" data-end=\"3303\">M32M26<\/strong> ch\u1ec9 nh\u1eadn s\u1ea3n xu\u1ea5t theo <strong data-start=\"3327\" data-end=\"3349\">\u0111\u01a1n \u0111\u1eb7t h\u00e0ng ri\u00eang<\/strong> nh\u1eb1m \u0111\u00e1p \u1ee9ng nhu c\u1ea7u th\u1ea9m m\u1ef9 v\u00e0 \u0111\u1ed3ng b\u1ed9 n\u1ed9i th\u1ea5t cho t\u1eebng doanh nghi\u1ec7p.<\/p>\n<p data-start=\"3425\" data-end=\"3817\"><strong data-start=\"3425\" data-end=\"3462\">B\u00e0n l\u00e0m vi\u1ec7c ch\u00e2n s\u1eaft NTVP1812C17<\/strong> kh\u00f4ng ch\u1ec9 l\u00e0 n\u01a1i l\u00e0m vi\u1ec7c m\u00e0 c\u00f2n l\u00e0 bi\u1ec3u t\u01b0\u1ee3ng c\u1ee7a s\u1ef1 chuy\u00ean nghi\u1ec7p v\u00e0 phong c\u00e1ch qu\u1ea3n l\u00fd hi\u1ec7n \u0111\u1ea1i. S\u1ef1 k\u1ebft h\u1ee3p h\u00e0i h\u00f2a gi\u1eefa ch\u1ea5t li\u1ec7u, thi\u1ebft k\u1ebf v\u00e0 c\u00f4ng n\u0103ng gi\u00fap s\u1ea3n ph\u1ea9m to\u00e1t l\u00ean v\u1ebb sang tr\u1ecdng, uy nghi m\u00e0 v\u1eabn \u0111\u1ea3m b\u1ea3o t\u00ednh ti\u1ec7n d\u1ee5ng cao. \u0110\u00e2y l\u00e0 l\u1ef1a ch\u1ecdn l\u00fd t\u01b0\u1edfng d\u00e0nh cho nh\u1eefng ai mong mu\u1ed1n s\u1edf h\u1eefu m\u1ed9t kh\u00f4ng gian l\u00e0m vi\u1ec7c th\u1ec3 hi\u1ec7n \u0111\u1eb3ng c\u1ea5p v\u00e0 hi\u1ec7u qu\u1ea3.<\/p>\n","protected":false},"excerpt":{"rendered":"<p data-start=\"0\" data-end=\"365\">B\u00e0n l\u00e0m vi\u1ec7c ch\u00e2n s\u1eaft NTVP1812C17\u00a0thu\u1ed9c d\u00f2ng b\u00e0n ch\u00e2n s\u1eaft C17 hi\u1ec7n \u0111\u1ea1i, s\u1eed d\u1ee5ng ch\u00e2n \u1ed1ng th\u00e9p bi\u00ean d\u1ea1ng m\u1edbi k\u1ebft h\u1ee3p y\u1ebfm t\u00f4n, m\u1eb7t b\u00e0n g\u1ed7 ph\u1ee7 Laminate k\u1ebft h\u1ee3p Melamine. S\u1ea3n ph\u1ea9m \u0111\u01b0\u1ee3c trang b\u1ecb t\u1ee7 ph\u1ee5 li\u1ec1n ti\u1ec7n d\u1ee5ng, ph\u1ee5 ki\u1ec7n cao c\u1ea5p v\u00e0 thi\u1ebft k\u1ebf tinh t\u1ebf, ph\u00f9 h\u1ee3p v\u1edbi kh\u00f4ng gian l\u00e0m vi\u1ec7c chuy\u00ean nghi\u1ec7p.<\/p>\n<p data-start=\"367\" data-end=\"406\">K\u00edch th\u01b0\u1edbc: W1800 x D1200 x H750 (mm)<br \/>\nLaminate k\u1ebft h\u1ee3p Melamine &#8211; <span style=\"font-size: 120%; color: #ed1c24;\"><strong>4.671.000 \u0111<\/strong><\/span><br \/>\nMelamine to\u00e0n b\u1ed9 &#8211; <span style=\"color: #ed1c24;\"><strong><span style=\"font-size: 120%;\">4.035.000 \u0111<\/span><\/strong><\/span><\/p>\n<p data-start=\"408\" data-end=\"513\">Xu\u1ea5t x\u1ee9: S\u1ea3n ph\u1ea9m c\u1ee7a c\u00f4ng ty <strong data-start=\"438\" data-end=\"458\">N\u1ed8I TH\u1ea4T THE ONE<\/strong> \u2013 Ph\u00e2n ph\u1ed1i b\u1edfi <strong data-start=\"475\" data-end=\"511\">C\u00d4NG TY TNHH SXTM TTNT H\u1eeeU TH\u1ecaNH<br \/>\n<\/strong>B\u1ea3o h\u00e0nh: 12 th\u00e1ng theo ti\u00eau chu\u1ea9n nh\u00e0 m\u00e1y<\/p>\n<p data-start=\"561\" data-end=\"715\"><span style=\"color: #ed1c24;\"><em data-start=\"561\" data-end=\"713\">L\u01b0u \u00fd: Gi\u00e1 tr\u00ean ch\u01b0a bao g\u1ed3m VAT v\u00e0 ph\u00ed v\u1eadn chuy\u1ec3n. Gi\u00e1 s\u1ea3n ph\u1ea9m c\u00f3 th\u1ec3 thay \u0111\u1ed5i theo t\u1eebng th\u1eddi \u0111i\u1ec3m, vui l\u00f2ng li\u00ean h\u1ec7 \u0111\u1ec3 nh\u1eadn t\u01b0 v\u1ea5n \u01b0u \u0111\u00e3i t\u1ed1t nh\u1ea5t.<\/em><\/span><\/p>\n","protected":false},"featured_media":3811,"comment_status":"open","ping_status":"closed","template":"","meta":[],"product_brand":[],"product_cat":[17,756,179],"product_tag":[],"class_list":{"0":"post-3810","1":"product","2":"type-product","3":"status-publish","4":"has-post-thumbnail","6":"product_cat-noi-that-van-phong","7":"product_cat-ban-giam-doc","8":"product_cat-ban-lam-viec-chan-sat","10":"first","11":"instock","12":"taxable","13":"shipping-taxable","14":"purchasable","15":"product-type-simple"},"_links":{"self":[{"href":"https:\/\/www.noithathuuthinh.vn\/zh-hans\/wp-json\/wp\/v2\/product\/3810","targetHints":{"allow":["GET"]}}],"collection":[{"href":"https:\/\/www.noithathuuthinh.vn\/zh-hans\/wp-json\/wp\/v2\/product"}],"about":[{"href":"https:\/\/www.noithathuuthinh.vn\/zh-hans\/wp-json\/wp\/v2\/types\/product"}],"replies":[{"embeddable":true,"href":"https:\/\/www.noithathuuthinh.vn\/zh-hans\/wp-json\/wp\/v2\/comments?post=3810"}],"wp:featuredmedia":[{"embeddable":true,"href":"https:\/\/www.noithathuuthinh.vn\/zh-hans\/wp-json\/wp\/v2\/media\/3811"}],"wp:attachment":[{"href":"https:\/\/www.noithathuuthinh.vn\/zh-hans\/wp-json\/wp\/v2\/media?parent=3810"}],"wp:term":[{"taxonomy":"product_brand","embeddable":true,"href":"https:\/\/www.noithathuuthinh.vn\/zh-hans\/wp-json\/wp\/v2\/product_brand?post=3810"},{"taxonomy":"product_cat","embeddable":true,"href":"https:\/\/www.noithathuuthinh.vn\/zh-hans\/wp-json\/wp\/v2\/product_cat?post=3810"},{"taxonomy":"product_tag","embeddable":true,"href":"https:\/\/www.noithathuuthinh.vn\/zh-hans\/wp-json\/wp\/v2\/product_tag?post=3810"}],"curies":[{"name":"wp","href":"https:\/\/api.w.org\/{rel}","templated":true}]}}