{"id":3823,"date":"2025-10-23T09:21:53","date_gmt":"2025-10-23T02:21:53","guid":{"rendered":"https:\/\/noithathuuthinh.vn\/?post_type=product&#038;p=3823"},"modified":"2025-10-23T09:21:53","modified_gmt":"2025-10-23T02:21:53","slug":"cum-ban-lam-viec-ntvmd01-2c17","status":"publish","type":"product","link":"https:\/\/www.noithathuuthinh.vn\/zh-hans\/san-pham\/cum-ban-lam-viec-ntvmd01-2c17\/","title":{"rendered":"C\u1ee5m b\u00e0n l\u00e0m vi\u1ec7c NTVMD01-2C17"},"content":{"rendered":"<p data-start=\"1380\" data-end=\"1698\"><strong data-start=\"1422\" data-end=\"1455\">C\u1ee5m b\u00e0n l\u00e0m vi\u1ec7c NTVMD01-2C17<\/strong> l\u00e0 gi\u1ea3i ph\u00e1p ho\u00e0n h\u1ea3o cho kh\u00f4ng gian v\u0103n ph\u00f2ng hi\u1ec7n \u0111\u1ea1i, n\u01a1i \u0111\u1ec1 cao s\u1ef1 k\u1ebft n\u1ed1i, ti\u1ec7n nghi v\u00e0 hi\u1ec7u qu\u1ea3 l\u00e0m vi\u1ec7c. Thi\u1ebft k\u1ebf modul 2 ch\u1ed7 ng\u1ed3i gi\u00fap t\u1ed1i \u01b0u h\u00f3a di\u1ec7n t\u00edch v\u0103n ph\u00f2ng, \u0111\u1ed3ng th\u1eddi mang l\u1ea1i b\u1ed1 c\u1ee5c g\u1ecdn g\u00e0ng, khoa h\u1ecdc v\u00e0 t\u00ednh th\u1ea9m m\u1ef9 cao.<\/p>\n<p data-start=\"1700\" data-end=\"2036\">B\u00e0n s\u1eed d\u1ee5ng <strong data-start=\"1712\" data-end=\"1742\">ch\u00e2n s\u1eaft C17 bi\u00ean d\u1ea1ng m\u1edbi<\/strong>, c\u1ea5u tr\u00fac v\u1eefng ch\u1eafc v\u00e0 b\u1ec1n b\u1ec9. Ch\u00e2n b\u00e0n \u0111\u01b0\u1ee3c l\u00e0m t\u1eeb th\u00e9p d\u00e0y, s\u01a1n t\u0129nh \u0111i\u1ec7n cao c\u1ea5p, ch\u1ed1ng g\u1ec9 s\u00e9t, ch\u1ed1ng tr\u1ea7y x\u01b0\u1edbc v\u00e0 h\u1ea1n ch\u1ebf \u0103n m\u00f2n theo th\u1eddi gian. Thi\u1ebft k\u1ebf khung ch\u00e2n t\u1ed1i gi\u1ea3n nh\u01b0ng m\u1ea1nh m\u1ebd, th\u1ec3 hi\u1ec7n tinh th\u1ea7n c\u00f4ng nghi\u1ec7p hi\u1ec7n \u0111\u1ea1i \u2013 xu h\u01b0\u1edbng n\u1ed9i th\u1ea5t ph\u1ed5 bi\u1ebfn trong c\u00e1c v\u0103n ph\u00f2ng ng\u00e0y nay.<\/p>\n<p data-start=\"2038\" data-end=\"2441\"><strong data-start=\"2038\" data-end=\"2062\">M\u1eb7t b\u00e0n NTVMD01-2C17<\/strong> \u0111\u01b0\u1ee3c ch\u1ebf t\u00e1c t\u1eeb g\u1ed7 c\u00f4ng nghi\u1ec7p cao c\u1ea5p, ph\u1ee7 <strong data-start=\"2107\" data-end=\"2136\">Laminate k\u1ebft h\u1ee3p Melamine<\/strong>, gi\u00fap b\u1ec1 m\u1eb7t lu\u00f4n s\u00e1ng b\u00f3ng, ch\u1ed1ng th\u1ea5m n\u01b0\u1edbc, ch\u1ed1ng tr\u1ea7y x\u01b0\u1edbc v\u00e0 d\u1ec5 v\u1ec7 sinh. B\u1ec1 m\u1eb7t b\u00e0n c\u00f3 c\u00e1c c\u1ea1nh \u0111\u01b0\u1ee3c <strong data-start=\"2242\" data-end=\"2263\">bo m\u1ecf v\u1ecbt m\u1ec1m m\u1ea1i<\/strong>, kh\u00f4ng ch\u1ec9 t\u0103ng t\u00ednh th\u1ea9m m\u1ef9 m\u00e0 c\u00f2n gi\u00fap thao t\u00e1c l\u00e0m vi\u1ec7c tho\u1ea3i m\u00e1i, h\u1ea1n ch\u1ebf va ch\u1ea1m. V\u1edbi ch\u1ea5t li\u1ec7u n\u00e0y, s\u1ea3n ph\u1ea9m kh\u00f4ng ch\u1ec9 \u0111\u1eb9p m\u1eaft m\u00e0 c\u00f2n \u0111\u1ea3m b\u1ea3o \u0111\u1ed9 b\u1ec1n v\u00e0 tu\u1ed5i th\u1ecd d\u00e0i l\u00e2u.<\/p>\n<p data-start=\"2443\" data-end=\"2848\">M\u1ed9t \u0111i\u1ec3m n\u1ed5i b\u1eadt c\u1ee7a c\u1ee5m b\u00e0n l\u00e0 <strong data-start=\"2475\" data-end=\"2513\">v\u00e1ch ng\u0103n gi\u1eefa hai v\u1ecb tr\u00ed l\u00e0m vi\u1ec7c<\/strong>, \u0111\u01b0\u1ee3c thi\u1ebft k\u1ebf b\u1eb1ng <strong data-start=\"2534\" data-end=\"2570\">g\u1ed7 k\u1ebft h\u1ee3p khung th\u00e9p kh\u1eafc laser<\/strong> \u0111\u1ed9c \u0111\u00e1o. Chi ti\u1ebft n\u00e0y kh\u00f4ng ch\u1ec9 t\u1ea1o ranh gi\u1edbi ri\u00eang t\u01b0 cho t\u1eebng ng\u01b0\u1eddi d\u00f9ng m\u00e0 c\u00f2n l\u00e0 \u0111i\u1ec3m nh\u1ea5n thi\u1ebft k\u1ebf, th\u1ec3 hi\u1ec7n phong c\u00e1ch chuy\u00ean nghi\u1ec7p v\u00e0 tinh t\u1ebf c\u1ee7a kh\u00f4ng gian l\u00e0m vi\u1ec7c. Hoa v\u0103n kh\u1eafc laser t\u1ec9 m\u1ec9, s\u1eafc n\u00e9t, gi\u00fap c\u1ee5m b\u00e0n tr\u1edf n\u00ean n\u1ed5i b\u1eadt h\u01a1n so v\u1edbi c\u00e1c m\u1eabu b\u00e0n th\u00f4ng th\u01b0\u1eddng.<\/p>\n<p data-start=\"2850\" data-end=\"3188\">B\u00e0n \u0111\u01b0\u1ee3c trang b\u1ecb <strong data-start=\"2868\" data-end=\"2900\">h\u1ed9c li\u1ec1n c\u00f3 ng\u0103n k\u00e9o kh\u00f3a s\u1ed1<\/strong>, \u0111\u1ea3m b\u1ea3o an to\u00e0n cho t\u00e0i li\u1ec7u v\u00e0 v\u1eadt d\u1ee5ng c\u00e1 nh\u00e2n. C\u00e1c ng\u0103n k\u00e9o tr\u01b0\u1ee3t nh\u1eb9, \u0111\u00f3ng m\u1edf \u00eam, s\u1eed d\u1ee5ng ray tr\u01b0\u1ee3t ch\u1ea5t l\u01b0\u1ee3ng cao, gi\u00fap qu\u00e1 tr\u00ecnh s\u1eed d\u1ee5ng thu\u1eadn ti\u1ec7n v\u00e0 b\u1ec1n b\u1ec9. H\u1ed9c b\u00e0n li\u1ec1n kh\u1ed1i v\u1edbi m\u1eb7t b\u00e0n, t\u1ea1o s\u1ef1 \u0111\u1ed3ng nh\u1ea5t v\u00e0 ti\u1ebft ki\u1ec7m di\u1ec7n t\u00edch b\u1ed1 tr\u00ed, \u0111\u1ed3ng th\u1eddi t\u0103ng t\u00ednh \u1ed5n \u0111\u1ecbnh cho c\u1ee5m b\u00e0n.<\/p>\n<p data-start=\"3190\" data-end=\"3511\">V\u1edbi <strong data-start=\"3194\" data-end=\"3250\">k\u00edch th\u01b0\u1edbc ti\u00eau chu\u1ea9n W1200 x D1200 x H750\u20131050 (mm)<\/strong>, s\u1ea3n ph\u1ea9m mang \u0111\u1ebfn s\u1ef1 tho\u1ea3i m\u00e1i cho ng\u01b0\u1eddi s\u1eed d\u1ee5ng, \u0111\u00e1p \u1ee9ng nhu c\u1ea7u l\u00e0m vi\u1ec7c nh\u00f3m ho\u1eb7c l\u00e0m vi\u1ec7c c\u00e1 nh\u00e2n trong kh\u00f4ng gian chung. M\u1ee9c chi\u1ec1u cao v\u00e1ch ng\u0103n h\u1ee3p l\u00fd gi\u00fap ng\u01b0\u1eddi ng\u1ed3i t\u1eadp trung m\u00e0 kh\u00f4ng b\u1ecb t\u00e1ch bi\u1ec7t ho\u00e0n to\u00e0n, gi\u1eef s\u1ef1 t\u01b0\u01a1ng t\u00e1c v\u00e0 giao ti\u1ebfp trong nh\u00f3m.<\/p>\n<p data-start=\"3513\" data-end=\"3555\">D\u00f2ng ch\u00e2n C17 c\u00f3 hai l\u1ef1a ch\u1ecdn ch\u1ea5t li\u1ec7u:<\/p>\n<ul data-start=\"3556\" data-end=\"3844\">\n<li data-start=\"3556\" data-end=\"3699\">\n<p data-start=\"3558\" data-end=\"3699\"><strong data-start=\"3558\" data-end=\"3601\">Phi\u00ean b\u1ea3n cao c\u1ea5p (Laminate + Melamine)<\/strong>: ph\u00f9 h\u1ee3p cho c\u00e1c v\u0103n ph\u00f2ng \u0111i\u1ec1u h\u00e0nh, ph\u00f2ng nh\u00f3m s\u00e1ng t\u1ea1o ho\u1eb7c kh\u00f4ng gian c\u1ea7n t\u00ednh th\u1ea9m m\u1ef9 cao.<\/p>\n<\/li>\n<li data-start=\"3700\" data-end=\"3844\">\n<p data-start=\"3702\" data-end=\"3844\"><strong data-start=\"3702\" data-end=\"3744\">Phi\u00ean b\u1ea3n ph\u1ed5 th\u00f4ng (Melamine to\u00e0n b\u1ed9)<\/strong>: \u0111\u00e1p \u1ee9ng nhu c\u1ea7u thi c\u00f4ng \u0111\u1ed3ng b\u1ed9 v\u1edbi chi ph\u00ed t\u1ed1i \u01b0u, ph\u00f9 h\u1ee3p v\u1edbi c\u00e1c d\u1ef1 \u00e1n v\u0103n ph\u00f2ng quy m\u00f4 l\u1edbn.<\/p>\n<\/li>\n<\/ul>\n<p data-start=\"3846\" data-end=\"4101\">M\u00e0u s\u1eafc ch\u1ee7 \u0111\u1ea1o <strong data-start=\"3862\" data-end=\"3871\">L5M52<\/strong> mang l\u1ea1i c\u1ea3m gi\u00e1c trang nh\u00e3, hi\u1ec7n \u0111\u1ea1i, d\u1ec5 ph\u1ed1i h\u1ee3p c\u00f9ng gh\u1ebf xoay, t\u1ee7 t\u00e0i li\u1ec7u v\u00e0 h\u1ec7 v\u00e1ch ng\u0103n v\u0103n ph\u00f2ng. Ngo\u00e0i ra, c\u00e1c m\u00e0u <strong data-start=\"3995\" data-end=\"4004\">L2M12<\/strong> ho\u1eb7c <strong data-start=\"4010\" data-end=\"4020\">M32M26<\/strong> c\u00f3 th\u1ec3 \u0111\u1eb7t ri\u00eang \u0111\u1ec3 \u0111\u1ed3ng b\u1ed9 v\u1edbi phong c\u00e1ch thi\u1ebft k\u1ebf t\u1ed5ng th\u1ec3 c\u1ee7a doanh nghi\u1ec7p.<\/p>\n<p data-start=\"4103\" data-end=\"4392\">Kh\u00f4ng ch\u1ec9 ch\u00fa tr\u1ecdng v\u1ec1 thi\u1ebft k\u1ebf, <strong data-start=\"4136\" data-end=\"4152\">NTVMD01-2C17<\/strong> c\u00f2n h\u01b0\u1edbng \u0111\u1ebfn s\u1ef1 linh ho\u1ea1t trong l\u1eafp \u0111\u1eb7t v\u00e0 s\u1eed d\u1ee5ng. K\u1ebft c\u1ea5u b\u00e0n modul cho ph\u00e9p d\u1ec5 d\u00e0ng th\u00e1o l\u1eafp, di chuy\u1ec3n ho\u1eb7c m\u1edf r\u1ed9ng th\u00eam v\u1ecb tr\u00ed ng\u1ed3i khi c\u1ea7n. \u0110i\u1ec1u n\u00e0y gi\u00fap doanh nghi\u1ec7p d\u1ec5 d\u00e0ng b\u1ed1 tr\u00ed l\u1ea1i kh\u00f4ng gian l\u00e0m vi\u1ec7c theo nhu c\u1ea7u ph\u00e1t tri\u1ec3n.<\/p>\n<p data-start=\"4394\" data-end=\"4674\">V\u1edbi s\u1ef1 k\u1ebft h\u1ee3p gi\u1eefa t\u00ednh th\u1ea9m m\u1ef9, \u0111\u1ed9 b\u1ec1n cao v\u00e0 c\u00f4ng n\u0103ng t\u1ed1i \u01b0u, <strong data-start=\"4460\" data-end=\"4493\">c\u1ee5m b\u00e0n l\u00e0m vi\u1ec7c NTVMD01-2C17<\/strong> l\u00e0 l\u1ef1a ch\u1ecdn l\u00fd t\u01b0\u1edfng cho m\u1ecdi v\u0103n ph\u00f2ng hi\u1ec7n \u0111\u1ea1i. S\u1ea3n ph\u1ea9m kh\u00f4ng ch\u1ec9 g\u00f3p ph\u1ea7n n\u00e2ng cao h\u00ecnh \u1ea3nh chuy\u00ean nghi\u1ec7p c\u1ee7a doanh nghi\u1ec7p m\u00e0 c\u00f2n t\u1ea1o c\u1ea3m h\u1ee9ng l\u00e0m vi\u1ec7c t\u00edch c\u1ef1c cho nh\u00e2n vi\u00ean.<\/p>\n<p data-start=\"4676\" data-end=\"4925\" data-is-last-node=\"\" data-is-only-node=\"\">H\u00e3y li\u00ean h\u1ec7 <strong data-start=\"4688\" data-end=\"4724\">C\u00d4NG TY TNHH SXTM TTNT H\u1eeeU TH\u1ecaNH<\/strong> \u0111\u1ec3 \u0111\u01b0\u1ee3c t\u01b0 v\u1ea5n chi ti\u1ebft, nh\u1eadn b\u00e1o gi\u00e1 \u01b0u \u0111\u00e3i v\u00e0 tr\u1ea3i nghi\u1ec7m s\u1ea3n ph\u1ea9m <strong data-start=\"4794\" data-end=\"4810\">NTVMD01-2C17<\/strong> \u2013 c\u1ee5m b\u00e0n modul hi\u1ec7n \u0111\u1ea1i, ti\u1ec7n \u00edch v\u00e0 sang tr\u1ecdng, gi\u1ea3i ph\u00e1p n\u1ed9i th\u1ea5t t\u1ed1i \u01b0u cho kh\u00f4ng gian l\u00e0m vi\u1ec7c chuy\u00ean nghi\u1ec7p.<\/p>\n","protected":false},"excerpt":{"rendered":"<p data-start=\"0\" data-end=\"611\">C\u1ee5m b\u00e0n l\u00e0m vi\u1ec7c NTVMD01-2C17 l\u00e0 m\u1eabu b\u00e0n modul 2 ch\u1ed7 ng\u1ed3i, thi\u1ebft k\u1ebf hi\u1ec7n \u0111\u1ea1i v\u00e0 ti\u1ec7n d\u1ee5ng, ph\u00f9 h\u1ee3p cho c\u00e1c v\u0103n ph\u00f2ng tr\u1ebb trung, n\u0103ng \u0111\u1ed9ng. S\u1ea3n ph\u1ea9m s\u1eed d\u1ee5ng <strong data-start=\"223\" data-end=\"258\">ch\u00e2n \u1ed1ng th\u00e9p bi\u00ean d\u1ea1ng m\u1edbi C17<\/strong> k\u1ebft h\u1ee3p <strong data-start=\"267\" data-end=\"306\">m\u1eb7t b\u00e0n g\u1ed7 ph\u1ee7 Laminate v\u00e0 Melamine<\/strong>, mang \u0111\u1ebfn s\u1ef1 b\u1ec1n b\u1ec9 v\u00e0 t\u00ednh th\u1ea9m m\u1ef9 cao. M\u1eb7t b\u00e0n c\u00f3 <strong data-start=\"359\" data-end=\"413\">v\u00e1ch ng\u0103n g\u1ed7 k\u1ebft h\u1ee3p khung th\u00e9p kh\u1eafc laser tinh t\u1ebf<\/strong>, t\u1ea1o s\u1ef1 ri\u00eang t\u01b0 v\u00e0 \u0111i\u1ec3m nh\u1ea5n sang tr\u1ecdng cho kh\u00f4ng gian l\u00e0m vi\u1ec7c. H\u1ed9c b\u00e0n \u0111\u01b0\u1ee3c thi\u1ebft k\u1ebf li\u1ec1n v\u1edbi b\u00e0n, ng\u0103n k\u00e9o c\u00f3 <strong data-start=\"528\" data-end=\"547\">kh\u00f3a s\u1ed1 an to\u00e0n<\/strong>, gi\u00fap ng\u01b0\u1eddi d\u00f9ng b\u1ea3o m\u1eadt t\u00e0i li\u1ec7u, v\u1eadt d\u1ee5ng c\u00e1 nh\u00e2n hi\u1ec7u qu\u1ea3.<\/p>\n<p data-start=\"613\" data-end=\"657\">K\u00edch th\u01b0\u1edbc: W1200 x D1200 x H750\u20131050 (mm)<\/p>\n<p data-start=\"659\" data-end=\"961\">D\u00f2ng Ch\u00e2n C17 \u0111\u01b0\u1ee3c \u00e1p d\u1ee5ng v\u1edbi 2 ch\u1ea5t li\u1ec7u:<br data-start=\"702\" data-end=\"705\" \/>Ch\u1ea5t li\u1ec7u cao c\u1ea5p: Laminate k\u1ebft h\u1ee3p Melamine \u2013 M\u00e0u L2M12 v\u00e0 L5M52. M\u1eb7t b\u00e0n bo m\u1ecf v\u1ecbt m\u1ec1m m\u1ea1i, m\u1eb7t ng\u0103n k\u00e9o v\u00e0 c\u1ea1nh h\u1ed9c, t\u1ee7 \u0111\u01b0\u1ee3c bo 1\/4 \u0111\u01b0\u1eddng tr\u00f2n tinh t\u1ebf.<br data-start=\"859\" data-end=\"862\" \/>Ch\u1ea5t li\u1ec7u ph\u1ed5 th\u00f4ng: Melamine to\u00e0n b\u1ed9 \u2013 M\u00e0u M32M26. C\u00e1c c\u1ea1nh vu\u00f4ng, ki\u1ec3u d\u00e1ng g\u1ecdn g\u00e0ng, t\u1ed1i gi\u1ea3n.<br \/>\nLaminate k\u1ebft h\u1ee3p Melamine &#8211; <span style=\"font-size: 120%; color: #ed1c24;\"><strong>4.444.000 \u0111<\/strong><\/span><br \/>\nMelamine to\u00e0n b\u1ed9 &#8211; <span style=\"color: #ed1c24; font-size: 120%;\"><strong>3.898.000 \u0111<\/strong><\/span><\/p>\n<p data-start=\"1067\" data-end=\"1217\">Xu\u1ea5t x\u1ee9: S\u1ea3n ph\u1ea9m c\u1ee7a <strong data-start=\"1089\" data-end=\"1117\">C\u00f4ng ty N\u1ed8I TH\u1ea4T THE ONE<\/strong> \u2013 Ph\u00e2n ph\u1ed1i b\u1edfi <strong data-start=\"1134\" data-end=\"1170\">C\u00d4NG TY TNHH SXTM TTNT H\u1eeeU TH\u1ecaNH<\/strong><br data-start=\"1170\" data-end=\"1173\" \/>B\u1ea3o h\u00e0nh: 12 th\u00e1ng theo ti\u00eau chu\u1ea9n nh\u00e0 m\u00e1y<\/p>\n<p data-start=\"1219\" data-end=\"1373\"><em data-start=\"1219\" data-end=\"1371\">L\u01b0u \u00fd: Gi\u00e1 tr\u00ean ch\u01b0a bao g\u1ed3m VAT v\u00e0 ph\u00ed v\u1eadn chuy\u1ec3n. Gi\u00e1 s\u1ea3n ph\u1ea9m c\u00f3 th\u1ec3 thay \u0111\u1ed5i theo t\u1eebng th\u1eddi \u0111i\u1ec3m, vui l\u00f2ng li\u00ean h\u1ec7 \u0111\u1ec3 nh\u1eadn t\u01b0 v\u1ea5n \u01b0u \u0111\u00e3i t\u1ed1t nh\u1ea5t.<\/em><\/p>\n","protected":false},"featured_media":3824,"comment_status":"open","ping_status":"closed","template":"","meta":[],"product_brand":[],"product_cat":[17,180],"product_tag":[],"class_list":{"0":"post-3823","1":"product","2":"type-product","3":"status-publish","4":"has-post-thumbnail","6":"product_cat-noi-that-van-phong","7":"product_cat-cum-ban-lam-viec","9":"first","10":"instock","11":"taxable","12":"shipping-taxable","13":"purchasable","14":"product-type-simple"},"_links":{"self":[{"href":"https:\/\/www.noithathuuthinh.vn\/zh-hans\/wp-json\/wp\/v2\/product\/3823","targetHints":{"allow":["GET"]}}],"collection":[{"href":"https:\/\/www.noithathuuthinh.vn\/zh-hans\/wp-json\/wp\/v2\/product"}],"about":[{"href":"https:\/\/www.noithathuuthinh.vn\/zh-hans\/wp-json\/wp\/v2\/types\/product"}],"replies":[{"embeddable":true,"href":"https:\/\/www.noithathuuthinh.vn\/zh-hans\/wp-json\/wp\/v2\/comments?post=3823"}],"wp:featuredmedia":[{"embeddable":true,"href":"https:\/\/www.noithathuuthinh.vn\/zh-hans\/wp-json\/wp\/v2\/media\/3824"}],"wp:attachment":[{"href":"https:\/\/www.noithathuuthinh.vn\/zh-hans\/wp-json\/wp\/v2\/media?parent=3823"}],"wp:term":[{"taxonomy":"product_brand","embeddable":true,"href":"https:\/\/www.noithathuuthinh.vn\/zh-hans\/wp-json\/wp\/v2\/product_brand?post=3823"},{"taxonomy":"product_cat","embeddable":true,"href":"https:\/\/www.noithathuuthinh.vn\/zh-hans\/wp-json\/wp\/v2\/product_cat?post=3823"},{"taxonomy":"product_tag","embeddable":true,"href":"https:\/\/www.noithathuuthinh.vn\/zh-hans\/wp-json\/wp\/v2\/product_tag?post=3823"}],"curies":[{"name":"wp","href":"https:\/\/api.w.org\/{rel}","templated":true}]}}