{"id":3897,"date":"2025-10-23T16:59:02","date_gmt":"2025-10-23T09:59:02","guid":{"rendered":"https:\/\/noithathuuthinh.vn\/?post_type=product&#038;p=3897"},"modified":"2025-10-23T16:59:02","modified_gmt":"2025-10-23T09:59:02","slug":"ban-nhan-vien-hp100","status":"publish","type":"product","link":"https:\/\/www.noithathuuthinh.vn\/zh-hans\/san-pham\/ban-nhan-vien-hp100\/","title":{"rendered":"B\u00e0n nh\u00e2n vi\u00ean HP100"},"content":{"rendered":"<p data-start=\"799\" data-end=\"1212\">B\u00e0n nh\u00e2n vi\u00ean HP100 thu\u1ed9c d\u00f2ng b\u00e0n l\u00e0m vi\u1ec7c g\u1ed7 c\u00f4ng nghi\u1ec7p truy\u1ec1n th\u1ed1ng c\u1ee7a N\u1ed9i Th\u1ea5t The One, \u0111\u01b0\u1ee3c thi\u1ebft k\u1ebf h\u01b0\u1edbng \u0111\u1ebfn s\u1ef1 \u0111\u01a1n gi\u1ea3n, ti\u1ec7n d\u1ee5ng v\u00e0 ph\u00f9 h\u1ee3p v\u1edbi nhi\u1ec1u kh\u00f4ng gian v\u0103n ph\u00f2ng hi\u1ec7n \u0111\u1ea1i. V\u1edbi ki\u1ec3u d\u00e1ng nh\u1ecf g\u1ecdn, kh\u00f4ng h\u1ed9c v\u00e0 kh\u00f4ng \u0111\u1ee3t, HP100 l\u00e0 l\u1ef1a ch\u1ecdn l\u00fd t\u01b0\u1edfng cho nh\u1eefng kh\u00f4ng gian l\u00e0m vi\u1ec7c c\u00f3 di\u1ec7n t\u00edch h\u1ea1n ch\u1ebf ho\u1eb7c c\u00e1c khu v\u0103n ph\u00f2ng c\u00f3 nhu c\u1ea7u b\u1ed1 tr\u00ed linh ho\u1ea1t.<\/p>\n<p data-start=\"1214\" data-end=\"1634\">B\u1ec1 m\u1eb7t b\u00e0n HP100 \u0111\u01b0\u1ee3c ph\u1ee7 Melamine cao c\u1ea5p, c\u00f3 kh\u1ea3 n\u0103ng ch\u1ed1ng tr\u1ea7y x\u01b0\u1edbc, ch\u1ed1ng th\u1ea5m n\u01b0\u1edbc nh\u1eb9 v\u00e0 d\u1ec5 d\u00e0ng v\u1ec7 sinh. L\u1edbp ph\u1ee7 n\u00e0y kh\u00f4ng ch\u1ec9 gi\u00fap b\u1ec1 m\u1eb7t lu\u00f4n s\u00e1ng m\u1edbi m\u00e0 c\u00f2n t\u1ea1o c\u1ea3m gi\u00e1c sang tr\u1ecdng, chuy\u00ean nghi\u1ec7p. V\u1edbi nhi\u1ec1u t\u00f9y ch\u1ecdn m\u00e0u s\u1eafc g\u1ed7 kh\u00e1c nhau nh\u01b0 m\u00e0u ghi s\u00e1ng, n\u00e2u s\u1eabm, ho\u1eb7c v\u00e0ng kem, b\u00e0n d\u1ec5 d\u00e0ng h\u00f2a h\u1ee3p v\u1edbi c\u00e1c d\u00f2ng gh\u1ebf v\u0103n ph\u00f2ng, t\u1ee7 t\u00e0i li\u1ec7u ho\u1eb7c v\u00e1ch ng\u0103n, gi\u00fap kh\u00f4ng gian l\u00e0m vi\u1ec7c tr\u1edf n\u00ean h\u00e0i h\u00f2a v\u00e0 tinh t\u1ebf.<\/p>\n<p data-start=\"1636\" data-end=\"1986\">Thi\u1ebft k\u1ebf b\u00e0n nh\u00e2n vi\u00ean HP100 t\u1eadp trung v\u00e0o y\u1ebfu t\u1ed1 th\u1ef1c d\u1ee5ng. Kh\u00f4ng c\u00f3 h\u1ed9c ho\u1eb7c \u0111\u1ee3t b\u00e0n, m\u1eabu n\u00e0y mang l\u1ea1i kho\u1ea3ng kh\u00f4ng gian r\u1ed9ng r\u00e3i cho ph\u1ea7n ch\u00e2n, gi\u00fap ng\u01b0\u1eddi d\u00f9ng c\u1ea3m th\u1ea5y tho\u1ea3i m\u00e1i khi ng\u1ed3i l\u00e0m vi\u1ec7c trong th\u1eddi gian d\u00e0i. Ngo\u00e0i ra, HP100 c\u00f2n d\u1ec5 d\u00e0ng k\u1ebft h\u1ee3p v\u1edbi h\u1ed9c di \u0111\u1ed9ng ho\u1eb7c t\u1ee7 ph\u1ee5 ri\u00eang bi\u1ec7t n\u1ebfu ng\u01b0\u1eddi d\u00f9ng c\u1ea7n th\u00eam kh\u00f4ng gian l\u01b0u tr\u1eef t\u00e0i li\u1ec7u.<\/p>\n<p data-start=\"1988\" data-end=\"2390\">Khung b\u00e0n v\u00e0 m\u1eb7t b\u00e0n \u0111\u01b0\u1ee3c gh\u00e9p n\u1ed1i ch\u1eafc ch\u1eafn b\u1eb1ng h\u1ec7 th\u1ed1ng v\u00edt chuy\u00ean d\u1ee5ng, \u0111\u1ea3m b\u1ea3o \u0111\u1ed9 b\u1ec1n cao v\u00e0 kh\u1ea3 n\u0103ng ch\u1ecbu t\u1ea3i t\u1ed1t. C\u00e1c c\u1ea1nh b\u00e0n \u0111\u01b0\u1ee3c d\u00e1n n\u1eb9p PVC ch\u1ed1ng s\u1ee9t m\u1ebb, gi\u00fap k\u00e9o d\u00e0i tu\u1ed5i th\u1ecd s\u1ea3n ph\u1ea9m trong qu\u00e1 tr\u00ecnh s\u1eed d\u1ee5ng. \u0110\u1ed9 cao ti\u00eau chu\u1ea9n 750mm c\u1ee7a b\u00e0n \u0111\u01b0\u1ee3c nghi\u00ean c\u1ee9u k\u1ef9 l\u01b0\u1ee1ng, ph\u00f9 h\u1ee3p v\u1edbi chi\u1ec1u cao trung b\u00ecnh c\u1ee7a ng\u01b0\u1eddi Vi\u1ec7t, gi\u00fap ng\u01b0\u1eddi d\u00f9ng ng\u1ed3i l\u00e0m vi\u1ec7c \u0111\u00fang t\u01b0 th\u1ebf, h\u1ea1n ch\u1ebf m\u1ecfi vai, g\u00e1y v\u00e0 l\u01b0ng.<\/p>\n<p data-start=\"2392\" data-end=\"2726\">M\u1ed9t trong nh\u1eefng \u01b0u \u0111i\u1ec3m l\u1edbn c\u1ee7a b\u00e0n HP100 l\u00e0 t\u00ednh linh ho\u1ea1t. S\u1ea3n ph\u1ea9m c\u00f3 nhi\u1ec1u k\u00edch th\u01b0\u1edbc kh\u00e1c nhau, t\u1eeb lo\u1ea1i nh\u1ecf g\u1ecdn W1000 \u0111\u1ebfn lo\u1ea1i l\u1edbn W1400, \u0111\u00e1p \u1ee9ng nhi\u1ec1u nhu c\u1ea7u s\u1eed d\u1ee5ng. V\u1edbi k\u00edch th\u01b0\u1edbc W1200 ho\u1eb7c W1400, ng\u01b0\u1eddi d\u00f9ng c\u00f3 th\u1ec3 b\u1ed1 tr\u00ed th\u00eam m\u00e1y t\u00ednh, t\u00e0i li\u1ec7u v\u00e0 c\u00e1c v\u1eadt d\u1ee5ng v\u0103n ph\u00f2ng kh\u00e1c m\u00e0 v\u1eabn gi\u1eef \u0111\u01b0\u1ee3c kh\u00f4ng gian l\u00e0m vi\u1ec7c g\u1ecdn g\u00e0ng.<\/p>\n<p data-start=\"2728\" data-end=\"3071\">B\u00e0n nh\u00e2n vi\u00ean HP100 c\u0169ng d\u1ec5 d\u00e0ng k\u1ebft h\u1ee3p trong c\u00e1c m\u00f4 h\u00ecnh v\u0103n ph\u00f2ng m\u1edf ho\u1eb7c c\u1ee5m b\u00e0n l\u00e0m vi\u1ec7c nh\u00f3m. Khi k\u1ebft h\u1ee3p c\u00f9ng v\u00e1ch ng\u0103n n\u1ec9 ho\u1eb7c k\u00ednh, s\u1ea3n ph\u1ea9m mang l\u1ea1i t\u00ednh ri\u00eang t\u01b0 m\u00e0 kh\u00f4ng l\u00e0m m\u1ea5t \u0111i s\u1ef1 k\u1ebft n\u1ed1i gi\u1eefa c\u00e1c nh\u00e2n vi\u00ean. \u0110\u00e2y l\u00e0 l\u1ef1a ch\u1ecdn ph\u00f9 h\u1ee3p cho c\u00e1c doanh nghi\u1ec7p \u0111ang h\u01b0\u1edbng \u0111\u1ebfn phong c\u00e1ch l\u00e0m vi\u1ec7c hi\u1ec7n \u0111\u1ea1i, n\u0103ng \u0111\u1ed9ng v\u00e0 chuy\u00ean nghi\u1ec7p.<\/p>\n<p data-start=\"3073\" data-end=\"3391\">Ngo\u00e0i ra, b\u00e0n HP100 c\u00f3 th\u1ec3 k\u1ebft h\u1ee3p ho\u00e0n h\u1ea3o v\u1edbi c\u00e1c d\u00f2ng gh\u1ebf v\u0103n ph\u00f2ng xoay nh\u01b0 SG550, GX12, ho\u1eb7c GL202 \u0111\u1ec3 t\u1ea1o n\u00ean kh\u00f4ng gian l\u00e0m vi\u1ec7c ho\u00e0n ch\u1ec9nh. V\u1edbi nh\u1eefng \u01b0u \u0111i\u1ec3m v\u1ec1 ki\u1ec3u d\u00e1ng, ch\u1ea5t li\u1ec7u v\u00e0 gi\u00e1 th\u00e0nh, s\u1ea3n ph\u1ea9m l\u00e0 l\u1ef1a ch\u1ecdn th\u00f4ng minh cho c\u00e1c doanh nghi\u1ec7p mu\u1ed1n t\u1ed1i \u01b0u chi ph\u00ed m\u00e0 v\u1eabn \u0111\u1ea3m b\u1ea3o y\u1ebfu t\u1ed1 th\u1ea9m m\u1ef9 v\u00e0 \u0111\u1ed9 b\u1ec1n.<\/p>\n<p data-start=\"3393\" data-end=\"3717\">T\u1ed5ng th\u1ec3, b\u00e0n nh\u00e2n vi\u00ean HP100 kh\u00f4ng ch\u1ec9 l\u00e0 s\u1ea3n ph\u1ea9m n\u1ed9i th\u1ea5t th\u00f4ng th\u01b0\u1eddng m\u00e0 c\u00f2n l\u00e0 gi\u1ea3i ph\u00e1p gi\u00fap n\u00e2ng cao hi\u1ec7u qu\u1ea3 l\u00e0m vi\u1ec7c v\u00e0 t\u1ed1i \u01b0u di\u1ec7n t\u00edch s\u1eed d\u1ee5ng. N\u1ebfu b\u1ea1n \u0111ang t\u00ecm ki\u1ebfm m\u1ed9t m\u1eabu b\u00e0n c\u00f3 thi\u1ebft k\u1ebf g\u1ecdn g\u00e0ng, b\u1ec1n \u0111\u1eb9p, d\u1ec5 k\u1ebft h\u1ee3p v\u00e0 gi\u00e1 th\u00e0nh h\u1ee3p l\u00fd, HP100 ch\u1eafc ch\u1eafn l\u00e0 s\u1ef1 l\u1ef1a ch\u1ecdn kh\u00f4ng th\u1ec3 b\u1ecf qua cho v\u0103n ph\u00f2ng c\u1ee7a b\u1ea1n.<\/p>\n","protected":false},"excerpt":{"rendered":"<p data-start=\"27\" data-end=\"297\">B\u00e0n nh\u00e2n vi\u00ean HP100 l\u00e0 m\u1eabu b\u00e0n l\u00e0m vi\u1ec7c g\u1ed7 c\u00f4ng nghi\u1ec7p hi\u1ec7n \u0111\u1ea1i, \u0111\u01b0\u1ee3c thi\u1ebft k\u1ebf t\u1ed1i gi\u1ea3n, ph\u00f9 h\u1ee3p cho kh\u00f4ng gian v\u0103n ph\u00f2ng c\u00f3 di\u1ec7n t\u00edch nh\u1ecf ho\u1eb7c phong c\u00e1ch l\u00e0m vi\u1ec7c linh ho\u1ea1t. B\u00e0n kh\u00f4ng c\u00f3 \u0111\u1ee3t v\u00e0 h\u1ed9c, t\u1ea1o c\u1ea3m gi\u00e1c g\u1ecdn g\u00e0ng v\u00e0 tho\u00e1ng \u0111\u00e3ng.<\/p>\n<p data-start=\"299\" data-end=\"484\">K\u00edch th\u01b0\u1edbc:<br data-start=\"310\" data-end=\"313\" \/>W1000 x D600 x H750 (mm) &#8211; <span style=\"color: #ed1c24; font-size: 120%;\"><strong>675.000 \u0111<\/strong><\/span><br data-start=\"344\" data-end=\"347\" \/>W1200 x D700 x H750 (mm) &#8211; <span style=\"color: #ed1c24; font-size: 120%;\"><strong>913.000 \u0111<\/strong><\/span><br data-start=\"378\" data-end=\"381\" \/>W1200 x D600 x H750 (mm) &#8211; <span style=\"color: #ed1c24; font-size: 120%;\"><strong>825.000 \u0111<\/strong><\/span><br data-start=\"413\" data-end=\"416\" \/>W1400 x D700 x H750 (mm) &#8211; <span style=\"font-size: 120%; color: #ed1c24;\"><strong>1.000.000 \u0111<\/strong><\/span><br data-start=\"447\" data-end=\"450\" \/>W1400 x D600 x H750 (mm) &#8211; <span style=\"font-size: 120%; color: #ed1c24;\"><strong>938.000 \u0111<\/strong><\/span><\/p>\n<p data-start=\"486\" data-end=\"636\">Xu\u1ea5t x\u1ee9: S\u1ea3n ph\u1ea9m c\u1ee7a <strong data-start=\"508\" data-end=\"536\">C\u00f4ng ty N\u1ed8I TH\u1ea4T THE ONE<\/strong> \u2013 Ph\u00e2n ph\u1ed1i b\u1edfi <strong data-start=\"553\" data-end=\"589\">C\u00d4NG TY TNHH SXTM TTNT H\u1eeeU TH\u1ecaNH<\/strong><br data-start=\"589\" data-end=\"592\" \/>B\u1ea3o h\u00e0nh: 12 th\u00e1ng theo ti\u00eau chu\u1ea9n nh\u00e0 m\u00e1y<\/p>\n<p data-start=\"638\" data-end=\"792\"><span style=\"color: #ed1c24;\"><em data-start=\"638\" data-end=\"790\">L\u01b0u \u00fd: Gi\u00e1 tr\u00ean ch\u01b0a bao g\u1ed3m VAT v\u00e0 ph\u00ed v\u1eadn chuy\u1ec3n. Gi\u00e1 s\u1ea3n ph\u1ea9m c\u00f3 th\u1ec3 thay \u0111\u1ed5i theo t\u1eebng th\u1eddi \u0111i\u1ec3m, vui l\u00f2ng li\u00ean h\u1ec7 \u0111\u1ec3 nh\u1eadn t\u01b0 v\u1ea5n \u01b0u \u0111\u00e3i t\u1ed1t nh\u1ea5t.<\/em><\/span><\/p>\n","protected":false},"featured_media":3898,"comment_status":"open","ping_status":"closed","template":"","meta":[],"product_brand":[],"product_cat":[17,177],"product_tag":[],"class_list":{"0":"post-3897","1":"product","2":"type-product","3":"status-publish","4":"has-post-thumbnail","6":"product_cat-noi-that-van-phong","7":"product_cat-ban-nhan-vien","9":"first","10":"instock","11":"taxable","12":"shipping-taxable","13":"purchasable","14":"product-type-simple"},"_links":{"self":[{"href":"https:\/\/www.noithathuuthinh.vn\/zh-hans\/wp-json\/wp\/v2\/product\/3897","targetHints":{"allow":["GET"]}}],"collection":[{"href":"https:\/\/www.noithathuuthinh.vn\/zh-hans\/wp-json\/wp\/v2\/product"}],"about":[{"href":"https:\/\/www.noithathuuthinh.vn\/zh-hans\/wp-json\/wp\/v2\/types\/product"}],"replies":[{"embeddable":true,"href":"https:\/\/www.noithathuuthinh.vn\/zh-hans\/wp-json\/wp\/v2\/comments?post=3897"}],"wp:featuredmedia":[{"embeddable":true,"href":"https:\/\/www.noithathuuthinh.vn\/zh-hans\/wp-json\/wp\/v2\/media\/3898"}],"wp:attachment":[{"href":"https:\/\/www.noithathuuthinh.vn\/zh-hans\/wp-json\/wp\/v2\/media?parent=3897"}],"wp:term":[{"taxonomy":"product_brand","embeddable":true,"href":"https:\/\/www.noithathuuthinh.vn\/zh-hans\/wp-json\/wp\/v2\/product_brand?post=3897"},{"taxonomy":"product_cat","embeddable":true,"href":"https:\/\/www.noithathuuthinh.vn\/zh-hans\/wp-json\/wp\/v2\/product_cat?post=3897"},{"taxonomy":"product_tag","embeddable":true,"href":"https:\/\/www.noithathuuthinh.vn\/zh-hans\/wp-json\/wp\/v2\/product_tag?post=3897"}],"curies":[{"name":"wp","href":"https:\/\/api.w.org\/{rel}","templated":true}]}}