{"id":3901,"date":"2025-10-23T17:08:59","date_gmt":"2025-10-23T10:08:59","guid":{"rendered":"https:\/\/noithathuuthinh.vn\/?post_type=product&#038;p=3901"},"modified":"2025-10-23T17:08:59","modified_gmt":"2025-10-23T10:08:59","slug":"ban-nhan-vien-hp100hl","status":"publish","type":"product","link":"https:\/\/www.noithathuuthinh.vn\/zh-hans\/san-pham\/ban-nhan-vien-hp100hl\/","title":{"rendered":"B\u00e0n nh\u00e2n vi\u00ean HP100HL"},"content":{"rendered":"<p data-start=\"728\" data-end=\"1141\">B\u00e0n nh\u00e2n vi\u00ean HP100HL l\u00e0 m\u1eabu b\u00e0n l\u00e0m vi\u1ec7c thu\u1ed9c d\u00f2ng s\u1ea3n ph\u1ea9m truy\u1ec1n th\u1ed1ng c\u1ee7a N\u1ed9i Th\u1ea5t The One, \u0111\u01b0\u1ee3c thi\u1ebft k\u1ebf h\u01b0\u1edbng \u0111\u1ebfn s\u1ef1 ti\u1ec7n nghi v\u00e0 g\u1ecdn g\u00e0ng trong kh\u00f4ng gian v\u0103n ph\u00f2ng hi\u1ec7n \u0111\u1ea1i. V\u1edbi h\u1ed9c treo li\u1ec1n b\u00e0n g\u1ed3m 1 ng\u0103n k\u00e9o v\u00e0 1 c\u00e1nh m\u1edf, s\u1ea3n ph\u1ea9m mang l\u1ea1i s\u1ef1 thu\u1eadn ti\u1ec7n t\u1ed1i \u0111a cho ng\u01b0\u1eddi d\u00f9ng trong vi\u1ec7c l\u01b0u tr\u1eef t\u00e0i li\u1ec7u, \u0111\u1ed3 d\u00f9ng c\u00e1 nh\u00e2n v\u00e0 c\u00e1c v\u1eadt d\u1ee5ng v\u0103n ph\u00f2ng c\u1ea7n thi\u1ebft.<\/p>\n<p data-start=\"1143\" data-end=\"1511\">B\u1ec1 m\u1eb7t b\u00e0n HP100HL \u0111\u01b0\u1ee3c ph\u1ee7 Melamine cao c\u1ea5p, c\u00f3 kh\u1ea3 n\u0103ng ch\u1ed1ng tr\u1ea7y x\u01b0\u1edbc, ch\u1ed1ng \u1ea9m m\u1ed1c v\u00e0 d\u1ec5 d\u00e0ng lau ch\u00f9i. L\u1edbp ph\u1ee7 n\u00e0y gi\u00fap s\u1ea3n ph\u1ea9m lu\u00f4n gi\u1eef \u0111\u01b0\u1ee3c v\u1ebb s\u00e1ng \u0111\u1eb9p trong qu\u00e1 tr\u00ecnh s\u1eed d\u1ee5ng l\u00e2u d\u00e0i, \u0111\u1ed3ng th\u1eddi t\u1ea1o c\u1ea3m gi\u00e1c sang tr\u1ecdng v\u00e0 chuy\u00ean nghi\u1ec7p cho kh\u00f4ng gian l\u00e0m vi\u1ec7c. C\u00e1c c\u1ea1nh b\u00e0n \u0111\u01b0\u1ee3c d\u00e1n n\u1eb9p PVC k\u1ef9 l\u01b0\u1ee1ng, \u0111\u1ea3m b\u1ea3o an to\u00e0n khi s\u1eed d\u1ee5ng v\u00e0 t\u0103ng \u0111\u1ed9 b\u1ec1n cho s\u1ea3n ph\u1ea9m.<\/p>\n<p data-start=\"1513\" data-end=\"2011\">\u0110i\u1ec3m n\u1ed5i b\u1eadt c\u1ee7a b\u00e0n nh\u00e2n vi\u00ean HP100HL ch\u00ednh l\u00e0 thi\u1ebft k\u1ebf h\u1ed9c treo th\u00f4ng minh. Kh\u00e1c v\u1edbi c\u00e1c lo\u1ea1i h\u1ed9c di \u0111\u1ed9ng, h\u1ed9c treo \u0111\u01b0\u1ee3c g\u1eafn c\u1ed1 \u0111\u1ecbnh d\u01b0\u1edbi m\u1eb7t b\u00e0n gi\u00fap ti\u1ebft ki\u1ec7m di\u1ec7n t\u00edch s\u00e0n, \u0111\u1ed3ng th\u1eddi mang l\u1ea1i s\u1ef1 g\u1ecdn g\u00e0ng, thu\u1eadn ti\u1ec7n khi c\u1ea7n thao t\u00e1c nhanh. Ng\u0103n k\u00e9o ph\u00eda tr\u00ean d\u00f9ng \u0111\u1ec3 c\u1ea5t gi\u1eef c\u00e1c v\u1eadt d\u1ee5ng nh\u1ecf nh\u01b0 b\u00fat, s\u1ed5 tay, t\u00e0i li\u1ec7u c\u00e1 nh\u00e2n, trong khi khoang c\u00e1nh m\u1edf b\u00ean d\u01b0\u1edbi ph\u00f9 h\u1ee3p \u0111\u1ec3 ch\u1ee9a h\u1ed3 s\u01a1, t\u00fai x\u00e1ch ho\u1eb7c c\u00e1c v\u1eadt d\u1ee5ng l\u1edbn h\u01a1n. C\u00e1nh t\u1ee7 c\u00f3 kh\u00f3a an to\u00e0n, gi\u00fap b\u1ea3o v\u1ec7 \u0111\u1ed3 d\u00f9ng c\u00e1 nh\u00e2n m\u1ed9t c\u00e1ch hi\u1ec7u qu\u1ea3.<\/p>\n<p data-start=\"2013\" data-end=\"2299\">Thi\u1ebft k\u1ebf t\u1ed5ng th\u1ec3 c\u1ee7a b\u00e0n HP100HL \u0111\u01a1n gi\u1ea3n nh\u01b0ng v\u1eabn to\u00e1t l\u00ean n\u00e9t tinh t\u1ebf. Ph\u1ea7n m\u1eb7t b\u00e0n c\u00f3 \u0111\u1ed9 d\u00e0y ti\u00eau chu\u1ea9n, \u0111\u01b0\u1ee3c bo c\u1ea1nh m\u1ec1m m\u1ea1i, t\u1ea1o c\u1ea3m gi\u00e1c tho\u1ea3i m\u00e1i khi t\u00ec tay l\u00e0m vi\u1ec7c. Khung b\u00e0n \u0111\u01b0\u1ee3c gh\u00e9p n\u1ed1i ch\u1eafc ch\u1eafn, \u0111\u1ea3m b\u1ea3o kh\u1ea3 n\u0103ng ch\u1ecbu t\u1ea3i t\u1ed1t v\u00e0 \u0111\u1ed9 \u1ed5n \u0111\u1ecbnh trong su\u1ed1t qu\u00e1 tr\u00ecnh s\u1eed d\u1ee5ng.<\/p>\n<p data-start=\"2301\" data-end=\"2644\">V\u1ec1 k\u00edch th\u01b0\u1edbc, b\u00e0n \u0111\u01b0\u1ee3c s\u1ea3n xu\u1ea5t v\u1edbi nhi\u1ec1u l\u1ef1a ch\u1ecdn \u0111a d\u1ea1ng, t\u1eeb W1200 \u0111\u1ebfn W1400mm, ph\u00f9 h\u1ee3p v\u1edbi nhi\u1ec1u kh\u00f4ng gian kh\u00e1c nhau \u2013 t\u1eeb v\u0103n ph\u00f2ng c\u00e1 nh\u00e2n, kh\u00f4ng gian l\u00e0m vi\u1ec7c nh\u00f3m \u0111\u1ebfn khu v\u1ef1c l\u00e0m vi\u1ec7c chung c\u1ee7a doanh nghi\u1ec7p. V\u1edbi c\u00e1c phi\u00ean b\u1ea3n chi\u1ec1u s\u00e2u 600mm ho\u1eb7c 700mm, ng\u01b0\u1eddi d\u00f9ng c\u00f3 th\u1ec3 linh ho\u1ea1t l\u1ef1a ch\u1ecdn theo di\u1ec7n t\u00edch ph\u00f2ng ho\u1eb7c nhu c\u1ea7u s\u1eed d\u1ee5ng.<\/p>\n<p data-start=\"2646\" data-end=\"3065\">M\u1ed9t trong nh\u1eefng \u01b0u \u0111i\u1ec3m c\u1ee7a b\u00e0n HP100HL l\u00e0 kh\u1ea3 n\u0103ng ph\u1ed1i h\u1ee3p linh ho\u1ea1t v\u1edbi c\u00e1c s\u1ea3n ph\u1ea9m n\u1ed9i th\u1ea5t kh\u00e1c. B\u00e0n c\u00f3 th\u1ec3 k\u1ebft h\u1ee3p d\u1ec5 d\u00e0ng c\u00f9ng gh\u1ebf xoay v\u0103n ph\u00f2ng nh\u01b0 GX12, SG550 ho\u1eb7c GL202, t\u1ea1o n\u00ean b\u1ed9 b\u00e0n l\u00e0m vi\u1ec7c ho\u00e0n ch\u1ec9nh v\u00e0 ti\u1ec7n nghi. Ngo\u00e0i ra, khi k\u1ebft h\u1ee3p v\u1edbi v\u00e1ch ng\u0103n k\u00ednh ho\u1eb7c n\u1ec9, HP100HL tr\u1edf th\u00e0nh l\u1ef1a ch\u1ecdn l\u00fd t\u01b0\u1edfng cho m\u00f4 h\u00ecnh v\u0103n ph\u00f2ng m\u1edf, v\u1eeba \u0111\u1ea3m b\u1ea3o t\u00ednh ri\u00eang t\u01b0, v\u1eeba khuy\u1ebfn kh\u00edch s\u1ef1 k\u1ebft n\u1ed1i gi\u1eefa c\u00e1c nh\u00e2n vi\u00ean.<\/p>\n<p data-start=\"3067\" data-end=\"3391\">V\u1edbi m\u00e0u s\u1eafc trang nh\u00e3 v\u00e0 ki\u1ec3u d\u00e1ng h\u00e0i h\u00f2a, b\u00e0n HP100HL d\u1ec5 d\u00e0ng h\u00f2a h\u1ee3p v\u1edbi nhi\u1ec1u phong c\u00e1ch n\u1ed9i th\u1ea5t kh\u00e1c nhau, t\u1eeb hi\u1ec7n \u0111\u1ea1i \u0111\u1ebfn truy\u1ec1n th\u1ed1ng. \u0110\u00e2y l\u00e0 m\u1eabu b\u00e0n ph\u00f9 h\u1ee3p kh\u00f4ng ch\u1ec9 cho nh\u00e2n vi\u00ean v\u0103n ph\u00f2ng m\u00e0 c\u00f2n cho gi\u00e1o vi\u00ean, nh\u00e2n vi\u00ean k\u1ebf to\u00e1n, h\u00e0nh ch\u00ednh ho\u1eb7c nh\u1eefng ai c\u1ea7n kh\u00f4ng gian l\u00e0m vi\u1ec7c g\u1ecdn g\u00e0ng, c\u00f3 ch\u1ed7 l\u01b0u tr\u1eef v\u1eeba \u0111\u1ee7.<\/p>\n<p data-start=\"3393\" data-end=\"3853\">B\u00ean c\u1ea1nh y\u1ebfu t\u1ed1 th\u1ea9m m\u1ef9, b\u00e0n nh\u00e2n vi\u00ean HP100HL c\u00f2n \u0111\u01b0\u1ee3c \u0111\u00e1nh gi\u00e1 cao v\u1ec1 t\u00ednh th\u1ef1c d\u1ee5ng v\u00e0 \u0111\u1ed9 b\u1ec1n. Ch\u1ea5t li\u1ec7u g\u1ed7 c\u00f4ng nghi\u1ec7p cao c\u1ea5p k\u1ebft h\u1ee3p v\u1edbi k\u1ef9 thu\u1eadt s\u1ea3n xu\u1ea5t ti\u00ean ti\u1ebfn gi\u00fap b\u00e0n lu\u00f4n \u1ed5n \u0111\u1ecbnh trong qu\u00e1 tr\u00ecnh s\u1eed d\u1ee5ng l\u00e2u d\u00e0i, h\u1ea1n ch\u1ebf cong v\u00eanh ho\u1eb7c phai m\u00e0u. V\u1edbi thi\u1ebft k\u1ebf th\u00f4ng minh, ch\u1ea5t l\u01b0\u1ee3ng \u0111\u1ea3m b\u1ea3o v\u00e0 gi\u00e1 th\u00e0nh h\u1ee3p l\u00fd, HP100HL ch\u00ednh l\u00e0 l\u1ef1a ch\u1ecdn \u0111\u00e1ng tin c\u1eady cho m\u1ecdi v\u0103n ph\u00f2ng hi\u1ec7n \u0111\u1ea1i mu\u1ed1n t\u1ed1i \u01b0u kh\u00f4ng gian m\u00e0 v\u1eabn \u0111\u1ea3m b\u1ea3o s\u1ef1 ti\u1ec7n nghi v\u00e0 chuy\u00ean nghi\u1ec7p.<\/p>\n","protected":false},"excerpt":{"rendered":"<p data-start=\"29\" data-end=\"252\">B\u00e0n nh\u00e2n vi\u00ean HP100HL l\u00e0 m\u1eabu b\u00e0n l\u00e0m vi\u1ec7c g\u1ed7 c\u00f4ng nghi\u1ec7p ti\u1ec7n d\u1ee5ng, \u0111\u01b0\u1ee3c thi\u1ebft k\u1ebf k\u00e8m h\u1ed9c treo t\u00edch h\u1ee3p g\u1ed3m 1 ng\u0103n k\u00e9o v\u00e0 1 c\u00e1nh m\u1edf, gi\u00fap t\u0103ng kh\u1ea3 n\u0103ng l\u01b0u tr\u1eef v\u00e0 t\u1ed1i \u01b0u kh\u00f4ng gian l\u00e0m vi\u1ec7c.<\/p>\n<p data-start=\"254\" data-end=\"413\">K\u00edch th\u01b0\u1edbc:<br \/>\nW1200 x D600 x H750 (mm) &#8211; <span style=\"font-size: 120%; color: #ed1c24;\"><strong>1.075.000 \u0111<\/strong><\/span><br data-start=\"265\" data-end=\"268\" \/>W1200 x D600 x H750 (mm) &#8211; <span style=\"color: #ed1c24; font-size: 120%;\"><strong>1.150.000 \u0111<\/strong><\/span><br data-start=\"302\" data-end=\"305\" \/>W1200 x D700 x H750 (mm) &#8211; <span style=\"color: #ed1c24; font-size: 120%;\"><strong>1.250.000 \u0111<\/strong><\/span><br data-start=\"338\" data-end=\"341\" \/>W1400 x D600 x H750 (mm) &#8211; <span style=\"color: #ed1c24; font-size: 120%;\"><strong>1.187.000 \u0111<\/strong><\/span><br data-start=\"375\" data-end=\"378\" \/>W1400 x D700 x H750 (mm) &#8211; <span style=\"color: #ed1c24; font-size: 120%;\"><strong>1.221.000 \u0111<\/strong><\/span><\/p>\n<p data-start=\"415\" data-end=\"565\">Xu\u1ea5t x\u1ee9: S\u1ea3n ph\u1ea9m c\u1ee7a <strong data-start=\"437\" data-end=\"465\">C\u00f4ng ty N\u1ed8I TH\u1ea4T THE ONE<\/strong> \u2013 Ph\u00e2n ph\u1ed1i b\u1edfi <strong data-start=\"482\" data-end=\"518\">C\u00d4NG TY TNHH SXTM TTNT H\u1eeeU TH\u1ecaNH<\/strong><br data-start=\"518\" data-end=\"521\" \/>B\u1ea3o h\u00e0nh: 12 th\u00e1ng theo ti\u00eau chu\u1ea9n nh\u00e0 m\u00e1y<\/p>\n<p data-start=\"567\" data-end=\"721\"><span style=\"color: #ed1c24;\"><em data-start=\"567\" data-end=\"719\">L\u01b0u \u00fd: Gi\u00e1 tr\u00ean ch\u01b0a bao g\u1ed3m VAT v\u00e0 ph\u00ed v\u1eadn chuy\u1ec3n. Gi\u00e1 s\u1ea3n ph\u1ea9m c\u00f3 th\u1ec3 thay \u0111\u1ed5i theo t\u1eebng th\u1eddi \u0111i\u1ec3m, vui l\u00f2ng li\u00ean h\u1ec7 \u0111\u1ec3 nh\u1eadn t\u01b0 v\u1ea5n \u01b0u \u0111\u00e3i t\u1ed1t nh\u1ea5t.<\/em><\/span><\/p>\n","protected":false},"featured_media":3902,"comment_status":"open","ping_status":"closed","template":"","meta":[],"product_brand":[],"product_cat":[17,177],"product_tag":[],"class_list":{"0":"post-3901","1":"product","2":"type-product","3":"status-publish","4":"has-post-thumbnail","6":"product_cat-noi-that-van-phong","7":"product_cat-ban-nhan-vien","9":"first","10":"instock","11":"taxable","12":"shipping-taxable","13":"purchasable","14":"product-type-simple"},"_links":{"self":[{"href":"https:\/\/www.noithathuuthinh.vn\/zh-hans\/wp-json\/wp\/v2\/product\/3901","targetHints":{"allow":["GET"]}}],"collection":[{"href":"https:\/\/www.noithathuuthinh.vn\/zh-hans\/wp-json\/wp\/v2\/product"}],"about":[{"href":"https:\/\/www.noithathuuthinh.vn\/zh-hans\/wp-json\/wp\/v2\/types\/product"}],"replies":[{"embeddable":true,"href":"https:\/\/www.noithathuuthinh.vn\/zh-hans\/wp-json\/wp\/v2\/comments?post=3901"}],"wp:featuredmedia":[{"embeddable":true,"href":"https:\/\/www.noithathuuthinh.vn\/zh-hans\/wp-json\/wp\/v2\/media\/3902"}],"wp:attachment":[{"href":"https:\/\/www.noithathuuthinh.vn\/zh-hans\/wp-json\/wp\/v2\/media?parent=3901"}],"wp:term":[{"taxonomy":"product_brand","embeddable":true,"href":"https:\/\/www.noithathuuthinh.vn\/zh-hans\/wp-json\/wp\/v2\/product_brand?post=3901"},{"taxonomy":"product_cat","embeddable":true,"href":"https:\/\/www.noithathuuthinh.vn\/zh-hans\/wp-json\/wp\/v2\/product_cat?post=3901"},{"taxonomy":"product_tag","embeddable":true,"href":"https:\/\/www.noithathuuthinh.vn\/zh-hans\/wp-json\/wp\/v2\/product_tag?post=3901"}],"curies":[{"name":"wp","href":"https:\/\/api.w.org\/{rel}","templated":true}]}}