{"id":3923,"date":"2025-10-24T12:11:17","date_gmt":"2025-10-24T05:11:17","guid":{"rendered":"https:\/\/noithathuuthinh.vn\/?post_type=product&#038;p=3923"},"modified":"2025-10-24T12:13:21","modified_gmt":"2025-10-24T05:13:21","slug":"tu-ho-so-hs2d","status":"publish","type":"product","link":"https:\/\/www.noithathuuthinh.vn\/zh-hans\/san-pham\/tu-ho-so-hs2d\/","title":{"rendered":"T\u1ee7 h\u1ed3 s\u01a1 HS2D"},"content":{"rendered":"<p data-start=\"772\" data-end=\"1114\">T\u1ee7 h\u1ed3 s\u01a1 HS2D l\u00e0 m\u1ed9t trong nh\u1eefng s\u1ea3n ph\u1ea9m \u0111\u01b0\u1ee3c \u01b0a chu\u1ed9ng trong d\u00f2ng h\u1ed9c s\u1eaft di \u0111\u1ed9ng c\u1ee7a <strong data-start=\"902\" data-end=\"922\">N\u1ed9i Th\u1ea5t The One<\/strong>, nh\u1edd v\u00e0o thi\u1ebft k\u1ebf tinh t\u1ebf, \u0111\u1ed9 ho\u00e0n thi\u1ec7n cao v\u00e0 t\u00ednh n\u0103ng s\u1eed d\u1ee5ng linh ho\u1ea1t. S\u1ea3n ph\u1ea9m mang l\u1ea1i gi\u1ea3i ph\u00e1p l\u01b0u tr\u1eef hi\u1ec7u qu\u1ea3, gi\u00fap kh\u00f4ng gian l\u00e0m vi\u1ec7c lu\u00f4n g\u1ecdn g\u00e0ng, ng\u0103n n\u1eafp v\u00e0 chuy\u00ean nghi\u1ec7p.<\/p>\n<p data-start=\"1116\" data-end=\"1460\">To\u00e0n b\u1ed9 t\u1ee7 \u0111\u01b0\u1ee3c <strong data-start=\"1132\" data-end=\"1173\">ch\u1ebf t\u1ea1o t\u1eeb th\u00e9p s\u01a1n t\u0129nh \u0111i\u1ec7n cao c\u1ea5p<\/strong>, \u0111\u1ea3m b\u1ea3o kh\u1ea3 n\u0103ng <strong data-start=\"1192\" data-end=\"1238\">ch\u1ed1ng g\u1ec9, ch\u1ed1ng tr\u1ea7y x\u01b0\u1edbc v\u00e0 ch\u1ed1ng b\u00e1m b\u1ee5i<\/strong>, ph\u00f9 h\u1ee3p v\u1edbi \u0111i\u1ec1u ki\u1ec7n s\u1eed d\u1ee5ng l\u00e2u d\u00e0i trong v\u0103n ph\u00f2ng. B\u1ec1 m\u1eb7t s\u01a1n tr\u1eafng s\u00e1ng t\u1ea1o c\u1ea3m gi\u00e1c s\u1ea1ch s\u1ebd, trang nh\u00e3 v\u00e0 d\u1ec5 d\u00e0ng k\u1ebft h\u1ee3p v\u1edbi c\u00e1c m\u1eabu b\u00e0n l\u00e0m vi\u1ec7c hi\u1ec7n \u0111\u1ea1i, \u0111\u1eb7c bi\u1ec7t l\u00e0 d\u00f2ng b\u00e0n ch\u00e2n s\u1eaft ho\u1eb7c b\u00e0n nh\u00e2n vi\u00ean modul.<\/p>\n<p data-start=\"1462\" data-end=\"1847\">Thi\u1ebft k\u1ebf <strong data-start=\"1471\" data-end=\"1485\">3 ng\u0103n k\u00e9o<\/strong> gi\u00fap ng\u01b0\u1eddi d\u00f9ng d\u1ec5 d\u00e0ng ph\u00e2n lo\u1ea1i t\u00e0i li\u1ec7u, gi\u1ea5y t\u1edd v\u00e0 \u0111\u1ed3 d\u00f9ng c\u00e1 nh\u00e2n m\u1ed9t c\u00e1ch khoa h\u1ecdc. C\u1ea5u t\u1ea1o ng\u0103n k\u00e9o s\u1eed d\u1ee5ng <strong data-start=\"1601\" data-end=\"1632\">ray tr\u01b0\u1ee3t bi ch\u1ea5t l\u01b0\u1ee3ng cao<\/strong>, gi\u00fap thao t\u00e1c \u0111\u00f3ng m\u1edf m\u01b0\u1ee3t m\u00e0, \u00eam \u00e1i v\u00e0 b\u1ec1n b\u1ec9. \u0110\u00e2y l\u00e0 chi ti\u1ebft th\u1ec3 hi\u1ec7n s\u1ef1 \u0111\u1ea7u t\u01b0 k\u1ef9 l\u01b0\u1ee1ng c\u1ee7a nh\u00e0 s\u1ea3n xu\u1ea5t trong t\u1eebng chi ti\u1ebft nh\u1ecf, nh\u1eb1m mang l\u1ea1i tr\u1ea3i nghi\u1ec7m s\u1eed d\u1ee5ng ti\u1ec7n nghi v\u00e0 tho\u1ea3i m\u00e1i nh\u1ea5t cho ng\u01b0\u1eddi d\u00f9ng.<\/p>\n<p data-start=\"1849\" data-end=\"2258\">\u0110i\u1ec3m \u0111\u1eb7c bi\u1ec7t n\u1ed5i b\u1eadt c\u1ee7a <strong data-start=\"1875\" data-end=\"1892\">t\u1ee7 h\u1ed3 s\u01a1 HS2D<\/strong> n\u1eb1m \u1edf <strong data-start=\"1899\" data-end=\"1951\">ph\u1ea7n m\u1eb7t ng\u0103n k\u00e9o v\u00e0 th\u00e0nh ng\u0103n k\u00e9o \u0111\u01b0\u1ee3c v\u00e1t g\u00f3c<\/strong> tinh t\u1ebf. Thi\u1ebft k\u1ebf n\u00e0y kh\u00f4ng ch\u1ec9 t\u0103ng t\u00ednh th\u1ea9m m\u1ef9 hi\u1ec7n \u0111\u1ea1i m\u00e0 c\u00f2n gi\u00fap c\u00e1c ng\u0103n kh\u00e9p k\u00edn kh\u00edt h\u01a1n khi \u0111\u00f3ng, h\u1ea1n ch\u1ebf b\u1ee5i l\u1ecdt v\u00e0o b\u00ean trong, \u0111\u1ed3ng th\u1eddi t\u0103ng \u0111\u1ed9 an to\u00e0n khi s\u1eed d\u1ee5ng. C\u00e1c \u0111\u01b0\u1eddng v\u00e1t m\u1ec1m m\u1ea1i, s\u1eafc n\u00e9t t\u1ea1o n\u00ean c\u1ea3m gi\u00e1c sang tr\u1ecdng v\u00e0 \u0111\u1eb3ng c\u1ea5p, ph\u00f9 h\u1ee3p v\u1edbi nh\u1eefng v\u0103n ph\u00f2ng chuy\u00ean nghi\u1ec7p v\u00e0 tinh g\u1ecdn.<\/p>\n<p data-start=\"2260\" data-end=\"2621\">Ph\u1ea7n <strong data-start=\"2265\" data-end=\"2296\">b\u00e1nh xe di chuy\u1ec3n linh ho\u1ea1t<\/strong> \u0111\u01b0\u1ee3c l\u1eafp \u0111\u1eb7t ch\u1eafc ch\u1eafn d\u01b0\u1edbi ch\u00e2n t\u1ee7, gi\u00fap ng\u01b0\u1eddi d\u00f9ng d\u1ec5 d\u00e0ng di chuy\u1ec3n h\u1ed9c \u0111\u1ebfn v\u1ecb tr\u00ed mong mu\u1ed1n m\u00e0 kh\u00f4ng c\u1ea7n t\u1ed1n nhi\u1ec1u s\u1ee9c. T\u00ednh c\u01a1 \u0111\u1ed9ng cao gi\u00fap HS2D c\u00f3 th\u1ec3 \u0111\u1eb7t d\u01b0\u1edbi g\u1ea7m b\u00e0n, c\u1ea1nh b\u00e0n ho\u1eb7c di chuy\u1ec3n sang v\u1ecb tr\u00ed kh\u00e1c t\u00f9y theo nhu c\u1ea7u s\u1eed d\u1ee5ng. M\u1ed9t s\u1ed1 b\u00e1nh xe \u0111\u01b0\u1ee3c t\u00edch h\u1ee3p kh\u00f3a c\u1ed1 \u0111\u1ecbnh gi\u00fap gi\u1eef h\u1ed9c v\u1eefng v\u00e0ng khi c\u1ea7n thi\u1ebft.<\/p>\n<p data-start=\"2623\" data-end=\"2885\">V\u1edbi <strong data-start=\"2627\" data-end=\"2665\">k\u00edch th\u01b0\u1edbc W396 x D545 x H655 (mm)<\/strong>, t\u1ee7 h\u1ed3 s\u01a1 HS2D c\u00f3 t\u1ef7 l\u1ec7 c\u00e2n \u0111\u1ed1i, ph\u00f9 h\u1ee3p v\u1edbi nhi\u1ec1u lo\u1ea1i b\u00e0n l\u00e0m vi\u1ec7c v\u0103n ph\u00f2ng ti\u00eau chu\u1ea9n. K\u00edch th\u01b0\u1edbc n\u00e0y gi\u00fap ti\u1ebft ki\u1ec7m di\u1ec7n t\u00edch t\u1ed1i \u0111a m\u00e0 v\u1eabn \u0111\u1ea3m b\u1ea3o kh\u00f4ng gian l\u01b0u tr\u1eef r\u1ed9ng r\u00e3i, thu\u1eadn ti\u1ec7n cho c\u00f4ng vi\u1ec7c h\u00e0ng ng\u00e0y.<\/p>\n<p data-start=\"2887\" data-end=\"3217\">Kh\u00f4ng ch\u1ec9 l\u00e0 v\u1eadt d\u1ee5ng l\u01b0u tr\u1eef, <strong data-start=\"2918\" data-end=\"2935\">t\u1ee7 h\u1ed3 s\u01a1 HS2D<\/strong> c\u00f2n g\u00f3p ph\u1ea7n ho\u00e0n thi\u1ec7n phong c\u00e1ch n\u1ed9i th\u1ea5t v\u0103n ph\u00f2ng hi\u1ec7n \u0111\u1ea1i. S\u1ef1 k\u1ebft h\u1ee3p h\u00e0i h\u00f2a gi\u1eefa <strong data-start=\"3024\" data-end=\"3089\">m\u00e0u s\u1eafc thanh l\u1ecbch, \u0111\u01b0\u1eddng n\u00e9t t\u1ed1i gi\u1ea3n v\u00e0 c\u00f4ng n\u0103ng v\u01b0\u1ee3t tr\u1ed9i<\/strong> gi\u00fap s\u1ea3n ph\u1ea9m n\u00e0y tr\u1edf th\u00e0nh l\u1ef1a ch\u1ecdn h\u00e0ng \u0111\u1ea7u cho nh\u1eefng doanh nghi\u1ec7p h\u01b0\u1edbng \u0111\u1ebfn kh\u00f4ng gian l\u00e0m vi\u1ec7c g\u1ecdn g\u00e0ng v\u00e0 chuy\u00ean nghi\u1ec7p.<\/p>\n<p data-start=\"3219\" data-end=\"3498\" data-is-last-node=\"\" data-is-only-node=\"\">V\u1edbi ti\u00eau chu\u1ea9n s\u1ea3n xu\u1ea5t nghi\u00eam ng\u1eb7t t\u1eeb <strong data-start=\"3258\" data-end=\"3278\">N\u1ed9i Th\u1ea5t The One<\/strong>, t\u1ee7 h\u1ed3 s\u01a1 HS2D mang \u0111\u1ebfn s\u1ef1 y\u00ean t\u00e2m v\u1ec1 ch\u1ea5t l\u01b0\u1ee3ng, \u0111\u1ed9 b\u1ec1n v\u00e0 gi\u00e1 tr\u1ecb s\u1eed d\u1ee5ng l\u00e2u d\u00e0i. \u0110\u00e2y ch\u00ednh l\u00e0 gi\u1ea3i ph\u00e1p l\u01b0u tr\u1eef ho\u00e0n h\u1ea3o \u2013 <strong data-start=\"3406\" data-end=\"3444\">g\u1ecdn g\u00e0ng, ti\u1ec7n d\u1ee5ng v\u00e0 th\u1ea9m m\u1ef9 cao<\/strong>, \u0111\u00e1p \u1ee9ng m\u1ecdi y\u00eau c\u1ea7u c\u1ee7a v\u0103n ph\u00f2ng hi\u1ec7n \u0111\u1ea1i ng\u00e0y nay.<\/p>\n","protected":false},"excerpt":{"rendered":"<p data-start=\"21\" data-end=\"420\">T\u1ee7 h\u1ed3 s\u01a1 HS2D l\u00e0 m\u1eabu <strong data-start=\"73\" data-end=\"103\">h\u1ed9c s\u1eaft di \u0111\u1ed9ng 3 ng\u0103n k\u00e9o<\/strong> \u0111\u01b0\u1ee3c s\u1ea3n xu\u1ea5t t\u1eeb <strong data-start=\"121\" data-end=\"158\">th\u00e9p s\u01a1n t\u0129nh \u0111i\u1ec7n m\u00e0u tr\u1eafng s\u00e1ng<\/strong>, mang \u0111\u1ebfn v\u1ebb ngo\u00e0i hi\u1ec7n \u0111\u1ea1i v\u00e0 tinh t\u1ebf cho kh\u00f4ng gian l\u00e0m vi\u1ec7c. Thi\u1ebft k\u1ebf v\u00e1t g\u00f3c \u1edf <strong data-start=\"242\" data-end=\"276\">m\u1eb7t ng\u0103n k\u00e9o v\u00e0 th\u00e0nh ng\u0103n k\u00e9o<\/strong> kh\u00f4ng ch\u1ec9 gi\u00fap t\u0103ng t\u00ednh th\u1ea9m m\u1ef9 m\u00e0 c\u00f2n t\u1ea1o <strong data-start=\"321\" data-end=\"363\">\u0111\u1ed9 k\u00edn kh\u00edt ho\u00e0n h\u1ea3o khi \u0111\u00f3ng ng\u0103n k\u00e9o<\/strong>, \u0111\u1ea3m b\u1ea3o s\u1ef1 g\u1ecdn g\u00e0ng v\u00e0 \u0111\u1ed3ng b\u1ed9 cho t\u1ed5ng th\u1ec3 s\u1ea3n ph\u1ea9m.<\/p>\n<p data-start=\"422\" data-end=\"765\">K\u00edch th\u01b0\u1edbc: W396 x D545 x H655 (mm)<br data-start=\"457\" data-end=\"460\" \/>Xu\u1ea5t x\u1ee9: S\u1ea3n ph\u1ea9m c\u1ee7a <strong data-start=\"482\" data-end=\"510\">C\u00d4NG TY N\u1ed8I TH\u1ea4T THE ONE<\/strong> \u2013 Ph\u00e2n ph\u1ed1i b\u1edfi <strong data-start=\"527\" data-end=\"563\">C\u00d4NG TY TNHH SXTM TTNT H\u1eeeU TH\u1ecaNH<\/strong><br data-start=\"563\" data-end=\"566\" \/>B\u1ea3o h\u00e0nh: 12 th\u00e1ng theo ti\u00eau chu\u1ea9n nh\u00e0 m\u00e1y<br data-start=\"608\" data-end=\"611\" \/><span style=\"color: #ed1c24;\"><em data-start=\"611\" data-end=\"763\">L\u01b0u \u00fd: Gi\u00e1 tr\u00ean ch\u01b0a bao g\u1ed3m VAT v\u00e0 ph\u00ed v\u1eadn chuy\u1ec3n. Gi\u00e1 s\u1ea3n ph\u1ea9m c\u00f3 th\u1ec3 thay \u0111\u1ed5i theo t\u1eebng th\u1eddi \u0111i\u1ec3m, vui l\u00f2ng li\u00ean h\u1ec7 \u0111\u1ec3 nh\u1eadn t\u01b0 v\u1ea5n \u01b0u \u0111\u00e3i t\u1ed1t nh\u1ea5t.<\/em><\/span><\/p>\n","protected":false},"featured_media":3924,"comment_status":"open","ping_status":"closed","template":"","meta":[],"product_brand":[],"product_cat":[17,761],"product_tag":[],"class_list":{"0":"post-3923","1":"product","2":"type-product","3":"status-publish","4":"has-post-thumbnail","6":"product_cat-noi-that-van-phong","7":"product_cat-tu-sat-van-phong","9":"first","10":"instock","11":"taxable","12":"shipping-taxable","13":"purchasable","14":"product-type-simple"},"_links":{"self":[{"href":"https:\/\/www.noithathuuthinh.vn\/zh-hans\/wp-json\/wp\/v2\/product\/3923","targetHints":{"allow":["GET"]}}],"collection":[{"href":"https:\/\/www.noithathuuthinh.vn\/zh-hans\/wp-json\/wp\/v2\/product"}],"about":[{"href":"https:\/\/www.noithathuuthinh.vn\/zh-hans\/wp-json\/wp\/v2\/types\/product"}],"replies":[{"embeddable":true,"href":"https:\/\/www.noithathuuthinh.vn\/zh-hans\/wp-json\/wp\/v2\/comments?post=3923"}],"wp:featuredmedia":[{"embeddable":true,"href":"https:\/\/www.noithathuuthinh.vn\/zh-hans\/wp-json\/wp\/v2\/media\/3924"}],"wp:attachment":[{"href":"https:\/\/www.noithathuuthinh.vn\/zh-hans\/wp-json\/wp\/v2\/media?parent=3923"}],"wp:term":[{"taxonomy":"product_brand","embeddable":true,"href":"https:\/\/www.noithathuuthinh.vn\/zh-hans\/wp-json\/wp\/v2\/product_brand?post=3923"},{"taxonomy":"product_cat","embeddable":true,"href":"https:\/\/www.noithathuuthinh.vn\/zh-hans\/wp-json\/wp\/v2\/product_cat?post=3923"},{"taxonomy":"product_tag","embeddable":true,"href":"https:\/\/www.noithathuuthinh.vn\/zh-hans\/wp-json\/wp\/v2\/product_tag?post=3923"}],"curies":[{"name":"wp","href":"https:\/\/api.w.org\/{rel}","templated":true}]}}