{"id":3931,"date":"2025-10-24T12:38:23","date_gmt":"2025-10-24T05:38:23","guid":{"rendered":"https:\/\/noithathuuthinh.vn\/?post_type=product&#038;p=3931"},"modified":"2025-10-24T12:38:24","modified_gmt":"2025-10-24T05:38:24","slug":"tu-ho-so-hs5","status":"publish","type":"product","link":"https:\/\/www.noithathuuthinh.vn\/zh-hans\/san-pham\/tu-ho-so-hs5\/","title":{"rendered":"T\u1ee7 h\u1ed3 s\u01a1 HS5"},"content":{"rendered":"<p data-start=\"947\" data-end=\"1294\">T\u1ee7 h\u1ed3 s\u01a1 HS5 l\u00e0 l\u1ef1a ch\u1ecdn t\u1ed1i \u01b0u d\u00e0nh cho c\u00e1c v\u0103n ph\u00f2ng hi\u1ec7n \u0111\u1ea1i c\u1ea7n m\u1ed9t gi\u1ea3i ph\u00e1p l\u01b0u tr\u1eef g\u1ecdn g\u00e0ng, b\u1ec1n b\u1ec9 v\u00e0 c\u00f3 t\u00ednh th\u1ea9m m\u1ef9 cao. S\u1ea3n ph\u1ea9m \u0111\u01b0\u1ee3c thi\u1ebft k\u1ebf h\u01b0\u1edbng \u0111\u1ebfn s\u1ef1 tinh t\u1ebf trong t\u1eebng chi ti\u1ebft, \u0111\u00e1p \u1ee9ng ho\u00e0n h\u1ea3o nhu c\u1ea7u s\u1eafp x\u1ebfp t\u00e0i li\u1ec7u, h\u1ed3 s\u01a1, v\u1eadt d\u1ee5ng c\u00e1 nh\u00e2n trong kh\u00f4ng gian l\u00e0m vi\u1ec7c chuy\u00ean nghi\u1ec7p.<\/p>\n<p data-start=\"1296\" data-end=\"1699\">To\u00e0n b\u1ed9 th\u00e2n t\u1ee7 \u0111\u01b0\u1ee3c ch\u1ebf t\u1ea1o t\u1eeb <strong data-start=\"1328\" data-end=\"1358\">th\u00e9p s\u01a1n t\u0129nh \u0111i\u1ec7n cao c\u1ea5p<\/strong>, \u0111\u1ea3m b\u1ea3o kh\u1ea3 n\u0103ng <strong data-start=\"1377\" data-end=\"1432\">ch\u1ed1ng g\u1ec9, ch\u1ed1ng tr\u1ea7y x\u01b0\u1edbc v\u00e0 ch\u1ed1ng b\u00e1m b\u1ee5i hi\u1ec7u qu\u1ea3<\/strong>. L\u1edbp s\u01a1n m\u00e0u <strong data-start=\"1446\" data-end=\"1462\">ghi s\u00e1ng S05<\/strong> gi\u00fap t\u1ee7 d\u1ec5 d\u00e0ng h\u00f2a h\u1ee3p v\u1edbi nhi\u1ec1u phong c\u00e1ch n\u1ed9i th\u1ea5t kh\u00e1c nhau \u2013 t\u1eeb v\u0103n ph\u00f2ng tr\u1ebb trung \u0111\u1ebfn kh\u00f4ng gian l\u00e0m vi\u1ec7c sang tr\u1ecdng. B\u1ec1 m\u1eb7t s\u01a1n m\u1ecbn v\u00e0 \u0111\u1ed3ng \u0111\u1ec1u th\u1ec3 hi\u1ec7n tay ngh\u1ec1 gia c\u00f4ng ch\u1ea5t l\u01b0\u1ee3ng cao, mang l\u1ea1i v\u1ebb ngo\u00e0i hi\u1ec7n \u0111\u1ea1i, thanh l\u1ecbch.<\/p>\n<p data-start=\"1701\" data-end=\"2043\">S\u1ea3n ph\u1ea9m \u0111\u01b0\u1ee3c thi\u1ebft k\u1ebf g\u1ed3m <strong data-start=\"1728\" data-end=\"1751\">3 ng\u0103n k\u00e9o r\u1ed9ng r\u00e3i<\/strong>, s\u1eed d\u1ee5ng <strong data-start=\"1761\" data-end=\"1784\">c\u01a1 c\u1ea5u ray tr\u01b0\u1ee3t bi<\/strong> gi\u00fap ng\u0103n k\u00e9o v\u1eadn h\u00e0nh m\u01b0\u1ee3t m\u00e0, kh\u00f4ng g\u00e2y ti\u1ebfng \u1ed3n v\u00e0 c\u00f3 \u0111\u1ed9 b\u1ec1n v\u01b0\u1ee3t tr\u1ed9i so v\u1edbi c\u00e1c lo\u1ea1i ray th\u00f4ng th\u01b0\u1eddng. V\u1edbi thi\u1ebft k\u1ebf khoa h\u1ecdc, ng\u01b0\u1eddi d\u00f9ng c\u00f3 th\u1ec3 d\u1ec5 d\u00e0ng ph\u00e2n lo\u1ea1i v\u00e0 s\u1eafp x\u1ebfp h\u1ed3 s\u01a1, t\u00e0i li\u1ec7u, d\u1ee5ng c\u1ee5 v\u0103n ph\u00f2ng, gi\u00fap b\u00e0n l\u00e0m vi\u1ec7c lu\u00f4n g\u1ecdn g\u00e0ng, ng\u0103n n\u1eafp.<\/p>\n<p data-start=\"2045\" data-end=\"2400\">T\u1ee7 h\u1ed3 s\u01a1 HS5 \u0111\u01b0\u1ee3c trang b\u1ecb <strong data-start=\"2072\" data-end=\"2092\">kh\u00f3a d\u00e0n an to\u00e0n<\/strong> \u2013 m\u1ed9t trong nh\u1eefng t\u00ednh n\u0103ng n\u1ed5i b\u1eadt c\u1ee7a d\u00f2ng s\u1ea3n ph\u1ea9m cao c\u1ea5p. Ch\u1ec9 v\u1edbi m\u1ed9t thao t\u00e1c xoay kh\u00f3a, to\u00e0n b\u1ed9 ng\u0103n k\u00e9o c\u00f3 th\u1ec3 \u0111\u01b0\u1ee3c kh\u00f3a ch\u1eb7t, \u0111\u1ea3m b\u1ea3o an to\u00e0n cho t\u00e0i li\u1ec7u quan tr\u1ecdng v\u00e0 t\u00e0i s\u1ea3n c\u00e1 nh\u00e2n. \u0110\u00e2y l\u00e0 chi ti\u1ebft r\u1ea5t \u0111\u01b0\u1ee3c \u01b0a chu\u1ed9ng trong m\u00f4i tr\u01b0\u1eddng l\u00e0m vi\u1ec7c hi\u1ec7n \u0111\u1ea1i, n\u01a1i b\u1ea3o m\u1eadt lu\u00f4n \u0111\u01b0\u1ee3c \u0111\u1eb7t l\u00ean h\u00e0ng \u0111\u1ea7u.<\/p>\n<p data-start=\"2402\" data-end=\"2732\">M\u1ed9t trong nh\u1eefng \u0111i\u1ec3m nh\u1ea5n v\u1ec1 thi\u1ebft k\u1ebf c\u1ee7a <strong data-start=\"2444\" data-end=\"2454\">t\u1ee7 HS5<\/strong> ch\u00ednh l\u00e0 <strong data-start=\"2464\" data-end=\"2507\">ph\u1ea7n m\u1eb7t ng\u0103n k\u00e9o \u0111\u01b0\u1ee3c v\u00e1t c\u1ea1nh tinh t\u1ebf<\/strong>, t\u1ea1o n\u00ean nh\u1eefng \u0111\u01b0\u1eddng n\u00e9t m\u1ec1m m\u1ea1i nh\u01b0ng v\u1eabn gi\u1eef \u0111\u01b0\u1ee3c v\u1ebb ch\u1eafc ch\u1eafn, m\u1ea1nh m\u1ebd c\u1ee7a kim lo\u1ea1i. Thi\u1ebft k\u1ebf n\u00e0y kh\u00f4ng ch\u1ec9 gi\u00fap t\u0103ng th\u1ea9m m\u1ef9 m\u00e0 c\u00f2n mang l\u1ea1i tr\u1ea3i nghi\u1ec7m s\u1eed d\u1ee5ng an to\u00e0n, tr\u00e1nh va ch\u1ea1m s\u1eafc c\u1ea1nh trong qu\u00e1 tr\u00ecnh thao t\u00e1c.<\/p>\n<p data-start=\"2734\" data-end=\"3024\">V\u1edbi <strong data-start=\"2738\" data-end=\"2774\">k\u00edch th\u01b0\u1edbc W396 x D480 x H655 mm<\/strong>, s\u1ea3n ph\u1ea9m c\u00f3 t\u1ef7 l\u1ec7 nh\u1ecf g\u1ecdn, d\u1ec5 d\u00e0ng \u0111\u1eb7t d\u01b0\u1edbi g\u1ea7m b\u00e0n l\u00e0m vi\u1ec7c ho\u1eb7c \u1edf b\u1ea5t k\u1ef3 v\u1ecb tr\u00ed n\u00e0o trong v\u0103n ph\u00f2ng. T\u1ee7 c\u00f3 th\u1ec3 <strong data-start=\"2889\" data-end=\"2945\">di chuy\u1ec3n linh ho\u1ea1t nh\u1edd h\u1ec7 th\u1ed1ng b\u00e1nh xe \u1ea9n b\u00ean d\u01b0\u1edbi<\/strong>, gi\u00fap ng\u01b0\u1eddi d\u00f9ng d\u1ec5 d\u00e0ng thay \u0111\u1ed5i v\u1ecb tr\u00ed khi c\u1ea7n m\u00e0 kh\u00f4ng g\u00e2y tr\u1ea7y x\u01b0\u1edbc s\u00e0n.<\/p>\n<p data-start=\"3026\" data-end=\"3380\">T\u1ee7 h\u1ed3 s\u01a1 HS5 kh\u00f4ng ch\u1ec9 mang l\u1ea1i s\u1ef1 ti\u1ec7n l\u1ee3i trong vi\u1ec7c l\u01b0u tr\u1eef m\u00e0 c\u00f2n g\u00f3p ph\u1ea7n ho\u00e0n thi\u1ec7n t\u1ed5ng th\u1ec3 n\u1ed9i th\u1ea5t v\u0103n ph\u00f2ng nh\u1edd thi\u1ebft k\u1ebf hi\u1ec7n \u0111\u1ea1i, t\u1ed1i gi\u1ea3n nh\u01b0ng \u0111\u1ea7y tinh t\u1ebf. S\u1ef1 k\u1ebft h\u1ee3p gi\u1eefa <strong data-start=\"3211\" data-end=\"3238\">m\u00e0u ghi s\u00e1ng sang tr\u1ecdng<\/strong>, <strong data-start=\"3240\" data-end=\"3270\">\u0111\u01b0\u1eddng n\u00e9t v\u00e1t c\u1ea1nh m\u1ec1m m\u1ea1i<\/strong> v\u00e0 <strong data-start=\"3274\" data-end=\"3314\">ch\u1ea5t li\u1ec7u th\u00e9p s\u01a1n t\u0129nh \u0111i\u1ec7n cao c\u1ea5p<\/strong> \u0111\u00e3 t\u1ea1o n\u00ean m\u1ed9t s\u1ea3n ph\u1ea9m v\u1eeba \u0111\u1eb9p m\u1eaft, v\u1eeba b\u1ec1n b\u1ec9 theo th\u1eddi gian.<\/p>\n<p data-start=\"3382\" data-end=\"3771\" data-is-last-node=\"\" data-is-only-node=\"\">Nh\u1edd nh\u1eefng \u01b0u \u0111i\u1ec3m v\u01b0\u1ee3t tr\u1ed9i v\u1ec1 ch\u1ea5t l\u01b0\u1ee3ng, t\u00ednh n\u0103ng v\u00e0 th\u1ea9m m\u1ef9, <strong data-start=\"3447\" data-end=\"3463\">t\u1ee7 h\u1ed3 s\u01a1 HS5<\/strong> l\u00e0 l\u1ef1a ch\u1ecdn h\u00e0ng \u0111\u1ea7u cho c\u00e1c v\u0103n ph\u00f2ng, doanh nghi\u1ec7p, c\u0169ng nh\u01b0 c\u00e1 nh\u00e2n mong mu\u1ed1n s\u1edf h\u1eefu m\u1ed9t m\u1eabu h\u1ed9c t\u00e0i li\u1ec7u <strong data-start=\"3573\" data-end=\"3612\">chuy\u00ean nghi\u1ec7p, g\u1ecdn g\u00e0ng v\u00e0 \u0111\u1eb3ng c\u1ea5p<\/strong>. \u0110\u00e2y ch\u00ednh l\u00e0 d\u00f2ng s\u1ea3n ph\u1ea9m th\u1ec3 hi\u1ec7n tr\u1ecdn v\u1eb9n tri\u1ebft l\u00fd thi\u1ebft k\u1ebf c\u1ee7a <strong data-start=\"3681\" data-end=\"3701\">N\u1ed9i Th\u1ea5t The One<\/strong> \u2013 h\u01b0\u1edbng \u0111\u1ebfn <strong data-start=\"3714\" data-end=\"3770\">s\u1ef1 ti\u1ec7n \u00edch, tinh t\u1ebf v\u00e0 b\u1ec1n v\u1eefng trong t\u1eebng chi ti\u1ebft<\/strong>.<\/p>\n","protected":false},"excerpt":{"rendered":"<p data-start=\"20\" data-end=\"453\">T\u1ee7 h\u1ed3 s\u01a1 HS5 l\u00e0 m\u1eabu <strong data-start=\"71\" data-end=\"101\">h\u1ed9c s\u1eaft di \u0111\u1ed9ng 3 ng\u0103n k\u00e9o<\/strong> \u0111\u01b0\u1ee3c s\u1ea3n xu\u1ea5t b\u1eb1ng <strong data-start=\"121\" data-end=\"160\">th\u00e9p s\u01a1n t\u0129nh \u0111i\u1ec7n m\u00e0u ghi s\u00e1ng S05<\/strong>, mang l\u1ea1i v\u1ebb ngo\u00e0i tinh t\u1ebf, sang tr\u1ecdng v\u00e0 hi\u1ec7n \u0111\u1ea1i. C\u00e1c ng\u0103n k\u00e9o s\u1eed d\u1ee5ng <strong data-start=\"234\" data-end=\"265\">ray tr\u01b0\u1ee3t bi ch\u1ea5t l\u01b0\u1ee3ng cao<\/strong> gi\u00fap thao t\u00e1c \u0111\u00f3ng m\u1edf nh\u1eb9 nh\u00e0ng, \u00eam \u00e1i v\u00e0 b\u1ec1n b\u1ec9 theo th\u1eddi gian. S\u1ea3n ph\u1ea9m \u0111\u01b0\u1ee3c trang b\u1ecb <strong data-start=\"354\" data-end=\"374\">kh\u00f3a d\u00e0n an to\u00e0n<\/strong>, cho ph\u00e9p ng\u01b0\u1eddi d\u00f9ng kh\u00f3a \u0111\u1ed3ng th\u1eddi c\u00e1c ng\u0103n ch\u1ec9 b\u1eb1ng m\u1ed9t thao t\u00e1c ti\u1ec7n l\u1ee3i.<\/p>\n<p data-start=\"455\" data-end=\"597\">\u0110\u1eb7c bi\u1ec7t, ph\u1ea7n <strong data-start=\"470\" data-end=\"517\">m\u1eb7t ng\u0103n k\u00e9o \u0111\u01b0\u1ee3c thi\u1ebft k\u1ebf v\u00e1t c\u1ea1nh m\u1ec1m m\u1ea1i<\/strong>, v\u1eeba t\u0103ng t\u00ednh th\u1ea9m m\u1ef9 v\u1eeba t\u1ea1o c\u1ea3m gi\u00e1c li\u1ec1n m\u1ea1ch, hi\u1ec7n \u0111\u1ea1i cho t\u1ed5ng th\u1ec3 h\u1ed9c.<\/p>\n<p data-start=\"599\" data-end=\"940\">K\u00edch th\u01b0\u1edbc: W396 x D480 x H655 mm<br data-start=\"632\" data-end=\"635\" \/>Xu\u1ea5t x\u1ee9: S\u1ea3n ph\u1ea9m c\u1ee7a <strong data-start=\"657\" data-end=\"685\">C\u00d4NG TY N\u1ed8I TH\u1ea4T THE ONE<\/strong> \u2013 Ph\u00e2n ph\u1ed1i b\u1edfi <strong data-start=\"702\" data-end=\"738\">C\u00d4NG TY TNHH SXTM TTNT H\u1eeeU TH\u1ecaNH<\/strong><br data-start=\"738\" data-end=\"741\" \/>B\u1ea3o h\u00e0nh: 12 th\u00e1ng theo ti\u00eau chu\u1ea9n nh\u00e0 m\u00e1y<br data-start=\"783\" data-end=\"786\" \/><span style=\"color: #ed1c24;\"><em data-start=\"786\" data-end=\"938\" data-is-only-node=\"\">L\u01b0u \u00fd: Gi\u00e1 tr\u00ean ch\u01b0a bao g\u1ed3m VAT v\u00e0 ph\u00ed v\u1eadn chuy\u1ec3n. Gi\u00e1 s\u1ea3n ph\u1ea9m c\u00f3 th\u1ec3 thay \u0111\u1ed5i theo t\u1eebng th\u1eddi \u0111i\u1ec3m, vui l\u00f2ng li\u00ean h\u1ec7 \u0111\u1ec3 nh\u1eadn t\u01b0 v\u1ea5n \u01b0u \u0111\u00e3i t\u1ed1t nh\u1ea5t.<\/em><\/span><\/p>\n","protected":false},"featured_media":3932,"comment_status":"open","ping_status":"closed","template":"","meta":[],"product_brand":[],"product_cat":[17,761],"product_tag":[],"class_list":{"0":"post-3931","1":"product","2":"type-product","3":"status-publish","4":"has-post-thumbnail","6":"product_cat-noi-that-van-phong","7":"product_cat-tu-sat-van-phong","9":"first","10":"instock","11":"taxable","12":"shipping-taxable","13":"purchasable","14":"product-type-simple"},"_links":{"self":[{"href":"https:\/\/www.noithathuuthinh.vn\/zh-hans\/wp-json\/wp\/v2\/product\/3931","targetHints":{"allow":["GET"]}}],"collection":[{"href":"https:\/\/www.noithathuuthinh.vn\/zh-hans\/wp-json\/wp\/v2\/product"}],"about":[{"href":"https:\/\/www.noithathuuthinh.vn\/zh-hans\/wp-json\/wp\/v2\/types\/product"}],"replies":[{"embeddable":true,"href":"https:\/\/www.noithathuuthinh.vn\/zh-hans\/wp-json\/wp\/v2\/comments?post=3931"}],"wp:featuredmedia":[{"embeddable":true,"href":"https:\/\/www.noithathuuthinh.vn\/zh-hans\/wp-json\/wp\/v2\/media\/3932"}],"wp:attachment":[{"href":"https:\/\/www.noithathuuthinh.vn\/zh-hans\/wp-json\/wp\/v2\/media?parent=3931"}],"wp:term":[{"taxonomy":"product_brand","embeddable":true,"href":"https:\/\/www.noithathuuthinh.vn\/zh-hans\/wp-json\/wp\/v2\/product_brand?post=3931"},{"taxonomy":"product_cat","embeddable":true,"href":"https:\/\/www.noithathuuthinh.vn\/zh-hans\/wp-json\/wp\/v2\/product_cat?post=3931"},{"taxonomy":"product_tag","embeddable":true,"href":"https:\/\/www.noithathuuthinh.vn\/zh-hans\/wp-json\/wp\/v2\/product_tag?post=3931"}],"curies":[{"name":"wp","href":"https:\/\/api.w.org\/{rel}","templated":true}]}}