{"id":3949,"date":"2025-10-24T13:19:39","date_gmt":"2025-10-24T06:19:39","guid":{"rendered":"https:\/\/noithathuuthinh.vn\/?post_type=product&#038;p=3949"},"modified":"2025-10-24T13:19:40","modified_gmt":"2025-10-24T06:19:40","slug":"ban-nhan-vien-at202s","status":"publish","type":"product","link":"https:\/\/www.noithathuuthinh.vn\/zh-hans\/san-pham\/ban-nhan-vien-at202s\/","title":{"rendered":"B\u00e0n nh\u00e2n vi\u00ean AT202S"},"content":{"rendered":"<p data-start=\"753\" data-end=\"1117\">B\u00e0n nh\u00e2n vi\u00ean AT202S l\u00e0 l\u1ef1a ch\u1ecdn l\u00fd t\u01b0\u1edfng cho nh\u1eefng ai \u0111ang t\u00ecm ki\u1ebfm m\u1ed9t chi\u1ebfc <strong data-start=\"874\" data-end=\"920\">b\u00e0n m\u00e1y t\u00ednh nh\u1ecf g\u1ecdn, b\u1ec1n \u0111\u1eb9p v\u00e0 ti\u1ec7n d\u1ee5ng<\/strong>. S\u1ea3n ph\u1ea9m thu\u1ed9c d\u00f2ng b\u00e0n truy\u1ec1n th\u1ed1ng c\u1ee7a <strong data-start=\"963\" data-end=\"983\">N\u1ed9i Th\u1ea5t The One<\/strong>, \u0111\u01b0\u1ee3c thi\u1ebft k\u1ebf t\u1ed1i \u01b0u cho nhu c\u1ea7u l\u00e0m vi\u1ec7c v\u0103n ph\u00f2ng ho\u1eb7c s\u1eed d\u1ee5ng t\u1ea1i gia, \u0111\u1eb7c bi\u1ec7t ph\u00f9 h\u1ee3p v\u1edbi kh\u00f4ng gian c\u00f3 di\u1ec7n t\u00edch v\u1eeba v\u00e0 nh\u1ecf.<\/p>\n<p data-start=\"1119\" data-end=\"1478\">\u0110i\u1ec3m n\u1ed5i b\u1eadt c\u1ee7a <strong data-start=\"1136\" data-end=\"1150\">b\u00e0n AT202S<\/strong> l\u00e0 thi\u1ebft k\u1ebf th\u00f4ng minh, t\u00edch h\u1ee3p \u0111\u1ea7y \u0111\u1ee7 c\u00e1c khu v\u1ef1c ch\u1ee9c n\u0103ng c\u1ea7n thi\u1ebft: ng\u0103n k\u00e9o l\u01b0u tr\u1eef nh\u1ecf g\u1ecdn, khay b\u00e0n ph\u00edm tr\u01b0\u1ee3t linh ho\u1ea1t v\u00e0 khoang CPU r\u1ed9ng r\u00e3i. C\u1ea5u tr\u00fac n\u00e0y gi\u00fap ng\u01b0\u1eddi d\u00f9ng d\u1ec5 d\u00e0ng b\u1ed1 tr\u00ed c\u00e1c thi\u1ebft b\u1ecb l\u00e0m vi\u1ec7c nh\u01b0 m\u00e1y t\u00ednh \u0111\u1ec3 b\u00e0n, m\u00e0n h\u00ecnh, m\u00e1y in nh\u1ecf v\u00e0 c\u00e1c v\u1eadt d\u1ee5ng c\u00e1 nh\u00e2n m\u00e0 v\u1eabn gi\u1eef \u0111\u01b0\u1ee3c s\u1ef1 ng\u0103n n\u1eafp, tho\u00e1ng g\u1ecdn.<\/p>\n<p data-start=\"1480\" data-end=\"1804\">B\u00e0n \u0111\u01b0\u1ee3c <strong data-start=\"1489\" data-end=\"1532\">s\u1ea3n xu\u1ea5t t\u1eeb g\u1ed7 c\u00f4ng nghi\u1ec7p ph\u1ee7 Melamine<\/strong>, ch\u1ea5t li\u1ec7u \u0111\u01b0\u1ee3c \u01b0a chu\u1ed9ng trong thi\u1ebft k\u1ebf n\u1ed9i th\u1ea5t hi\u1ec7n \u0111\u1ea1i nh\u1edd \u0111\u1ed9 b\u1ec1n cao, kh\u1ea3 n\u0103ng ch\u1ed1ng tr\u1ea7y x\u01b0\u1edbc, ch\u1ed1ng \u1ea9m m\u1ed1c v\u00e0 d\u1ec5 v\u1ec7 sinh. B\u1ec1 m\u1eb7t Melamine c\u00f2n gi\u00fap b\u00e0n lu\u00f4n gi\u1eef \u0111\u01b0\u1ee3c v\u1ebb s\u00e1ng m\u1edbi, kh\u00f4ng phai m\u00e0u theo th\u1eddi gian, \u0111\u1ea3m b\u1ea3o t\u00ednh th\u1ea9m m\u1ef9 l\u00e2u d\u00e0i cho kh\u00f4ng gian l\u00e0m vi\u1ec7c.<\/p>\n<p data-start=\"1806\" data-end=\"2100\">V\u1edbi k\u00edch th\u01b0\u1edbc <strong data-start=\"1821\" data-end=\"1847\">W1200 x D600 x H750 mm<\/strong>, b\u00e0n AT202S v\u1eeba \u0111\u1ee7 r\u1ed9ng \u0111\u1ec3 b\u1ed1 tr\u00ed m\u00e1y t\u00ednh, t\u00e0i li\u1ec7u v\u00e0 c\u00e1c v\u1eadt d\u1ee5ng v\u0103n ph\u00f2ng c\u01a1 b\u1ea3n, m\u00e0 kh\u00f4ng chi\u1ebfm qu\u00e1 nhi\u1ec1u di\u1ec7n t\u00edch. Chi\u1ec1u cao ti\u00eau chu\u1ea9n 750 mm gi\u00fap ng\u01b0\u1eddi d\u00f9ng ng\u1ed3i l\u00e0m vi\u1ec7c tho\u1ea3i m\u00e1i, h\u1ed7 tr\u1ee3 t\u01b0 th\u1ebf \u0111\u00fang, h\u1ea1n ch\u1ebf m\u1ecfi l\u01b0ng khi l\u00e0m vi\u1ec7c l\u00e2u d\u00e0i.<\/p>\n<p data-start=\"2102\" data-end=\"2442\">Thi\u1ebft k\u1ebf t\u1ed5ng th\u1ec3 c\u1ee7a <strong data-start=\"2124\" data-end=\"2134\">AT202S<\/strong> mang phong c\u00e1ch \u0111\u01a1n gi\u1ea3n nh\u01b0ng tinh t\u1ebf. C\u00e1c \u0111\u01b0\u1eddng n\u00e9t vu\u00f4ng v\u1eafn, d\u1ee9t kho\u00e1t c\u00f9ng t\u00f4ng m\u00e0u g\u1ed7 Melamine trang nh\u00e3 gi\u00fap b\u00e0n d\u1ec5 d\u00e0ng k\u1ebft h\u1ee3p v\u1edbi nhi\u1ec1u lo\u1ea1i gh\u1ebf v\u0103n ph\u00f2ng kh\u00e1c nhau, c\u0169ng nh\u01b0 h\u00e0i h\u00f2a v\u1edbi nhi\u1ec1u phong c\u00e1ch n\u1ed9i th\u1ea5t \u2014 t\u1eeb kh\u00f4ng gian l\u00e0m vi\u1ec7c c\u00e1 nh\u00e2n t\u1ea1i nh\u00e0 \u0111\u1ebfn v\u0103n ph\u00f2ng doanh nghi\u1ec7p chuy\u00ean nghi\u1ec7p.<\/p>\n<p data-start=\"2444\" data-end=\"2883\">Ng\u0103n k\u00e9o nh\u1ecf n\u1eb1m ngay b\u00ean d\u01b0\u1edbi m\u1eb7t b\u00e0n gi\u00fap c\u1ea5t gi\u1eef c\u00e1c v\u1eadt d\u1ee5ng c\u00e1 nh\u00e2n nh\u01b0 s\u1ed5 tay, b\u00fat vi\u1ebft, gi\u1ea5y t\u1edd quan tr\u1ecdng, gi\u1eef cho khu v\u1ef1c l\u00e0m vi\u1ec7c lu\u00f4n g\u1ecdn g\u00e0ng. Ph\u1ea7n <strong data-start=\"2604\" data-end=\"2634\">khoang CPU b\u1ed1 tr\u00ed khoa h\u1ecdc<\/strong> v\u1edbi k\u00edch th\u01b0\u1edbc v\u1eeba v\u1eb7n, gi\u00fap \u0111\u1ea3m b\u1ea3o s\u1ef1 th\u00f4ng tho\u00e1ng cho thi\u1ebft b\u1ecb \u0111i\u1ec7n t\u1eed, h\u1ea1n ch\u1ebf b\u1ee5i b\u1ea9n v\u00e0 t\u0103ng \u0111\u1ed9 b\u1ec1n cho m\u00e1y. B\u00ean c\u1ea1nh \u0111\u00f3, <strong data-start=\"2763\" data-end=\"2786\">khay b\u00e0n ph\u00edm tr\u01b0\u1ee3t<\/strong> ho\u1ea1t \u0111\u1ed9ng nh\u1eb9 nh\u00e0ng, gi\u00fap ng\u01b0\u1eddi d\u00f9ng ti\u1ebft ki\u1ec7m kh\u00f4ng gian m\u1eb7t b\u00e0n khi s\u1eed d\u1ee5ng m\u00e1y t\u00ednh \u0111\u1ec3 b\u00e0n.<\/p>\n<p data-start=\"2885\" data-end=\"3250\">Nh\u1edd s\u1ef1 k\u1ebft h\u1ee3p gi\u1eefa c\u00f4ng n\u0103ng, ch\u1ea5t li\u1ec7u v\u00e0 ki\u1ec3u d\u00e1ng, <strong data-start=\"2940\" data-end=\"2964\">b\u00e0n nh\u00e2n vi\u00ean AT202S<\/strong> mang l\u1ea1i gi\u00e1 tr\u1ecb s\u1eed d\u1ee5ng cao, \u0111\u00e1p \u1ee9ng t\u1ed1t nhu c\u1ea7u c\u1ee7a nh\u00e2n vi\u00ean v\u0103n ph\u00f2ng, sinh vi\u00ean ho\u1eb7c nh\u1eefng ai l\u00e0m vi\u1ec7c t\u1ea1i nh\u00e0. \u0110\u00e2y l\u00e0 s\u1ea3n ph\u1ea9m ph\u00f9 h\u1ee3p cho c\u00e1c doanh nghi\u1ec7p \u0111ang mu\u1ed1n trang b\u1ecb \u0111\u1ed3ng b\u1ed9 b\u00e0n m\u00e1y t\u00ednh cho nh\u00e2n vi\u00ean v\u1edbi m\u1ee9c chi ph\u00ed h\u1ee3p l\u00fd m\u00e0 v\u1eabn \u0111\u1ea3m b\u1ea3o ch\u1ea5t l\u01b0\u1ee3ng v\u00e0 \u0111\u1ed9 b\u1ec1n l\u00e2u d\u00e0i.<\/p>\n<p data-start=\"3252\" data-end=\"3567\">B\u00ean c\u1ea1nh t\u00ednh th\u1ef1c d\u1ee5ng, <strong data-start=\"3277\" data-end=\"3287\">AT202S<\/strong> c\u00f2n th\u1ec3 hi\u1ec7n s\u1ef1 chuy\u00ean nghi\u1ec7p trong thi\u1ebft k\u1ebf \u2013 t\u1eebng chi ti\u1ebft \u0111\u1ec1u \u0111\u01b0\u1ee3c ch\u0103m ch\u00fat \u0111\u1ec3 mang l\u1ea1i c\u1ea3m gi\u00e1c tho\u1ea3i m\u00e1i v\u00e0 ti\u1ec7n nghi nh\u1ea5t cho ng\u01b0\u1eddi s\u1eed d\u1ee5ng. B\u00e0n kh\u00f4ng ch\u1ec9 gi\u00fap t\u1ed1i \u01b0u kh\u00f4ng gian l\u00e0m vi\u1ec7c m\u00e0 c\u00f2n g\u00f3p ph\u1ea7n t\u1ea1o n\u00ean <strong data-start=\"3506\" data-end=\"3564\">m\u1ed9t m\u00f4i tr\u01b0\u1eddng l\u00e0m vi\u1ec7c g\u1ecdn g\u00e0ng, n\u0103ng su\u1ea5t v\u00e0 th\u1ea9m m\u1ef9<\/strong>.<\/p>\n<p data-start=\"3569\" data-end=\"3862\" data-is-last-node=\"\" data-is-only-node=\"\">N\u1ebfu b\u1ea1n \u0111ang t\u00ecm ki\u1ebfm <strong data-start=\"3591\" data-end=\"3668\">m\u1ed9t m\u1eabu b\u00e0n m\u00e1y t\u00ednh nh\u1ecf g\u1ecdn, \u0111a n\u0103ng, b\u1ec1n b\u1ec9 v\u00e0 mang phong c\u00e1ch hi\u1ec7n \u0111\u1ea1i<\/strong>, th\u00ec <strong data-start=\"3674\" data-end=\"3698\">b\u00e0n nh\u00e2n vi\u00ean AT202S<\/strong> ch\u00ednh l\u00e0 l\u1ef1a ch\u1ecdn ho\u00e0n h\u1ea3o, th\u1ec3 hi\u1ec7n r\u00f5 ch\u1ea5t l\u01b0\u1ee3ng v\u00e0 uy t\u00edn c\u1ee7a th\u01b0\u01a1ng hi\u1ec7u <strong data-start=\"3776\" data-end=\"3796\">N\u1ed9i Th\u1ea5t The One<\/strong> \u2013 \u0111\u01a1n v\u1ecb h\u00e0ng \u0111\u1ea7u trong l\u0129nh v\u1ef1c n\u1ed9i th\u1ea5t v\u0103n ph\u00f2ng t\u1ea1i Vi\u1ec7t Nam.<\/p>\n","protected":false},"excerpt":{"rendered":"<p data-start=\"28\" data-end=\"401\">B\u00e0n nh\u00e2n vi\u00ean AT202S l\u00e0 m\u1eabu b\u00e0n m\u00e1y t\u00ednh ti\u1ec7n d\u1ee5ng, \u0111\u01b0\u1ee3c thi\u1ebft k\u1ebf t\u1eeb <strong data-start=\"128\" data-end=\"151\">g\u1ed7 Melamine cao c\u1ea5p<\/strong>, mang \u0111\u1ebfn b\u1ec1 m\u1eb7t nh\u1eb5n m\u1ecbn, ch\u1ed1ng tr\u1ea7y x\u01b0\u1edbc v\u00e0 d\u1ec5 v\u1ec7 sinh. S\u1ea3n ph\u1ea9m c\u00f3 <strong data-start=\"222\" data-end=\"268\">1 ng\u0103n k\u00e9o nh\u1ecf \u0111\u1ec3 l\u01b0u tr\u1eef v\u1eadt d\u1ee5ng c\u00e1 nh\u00e2n<\/strong>, <strong data-start=\"270\" data-end=\"289\">1 khoang \u0111\u1ec3 CPU<\/strong> v\u00e0 <strong data-start=\"293\" data-end=\"316\" data-is-only-node=\"\">khay b\u00e0n ph\u00edm tr\u01b0\u1ee3t<\/strong>, gi\u00fap t\u1ed1i \u01b0u kh\u00f4ng gian l\u00e0m vi\u1ec7c, ph\u00f9 h\u1ee3p cho v\u0103n ph\u00f2ng ho\u1eb7c g\u00f3c l\u00e0m vi\u1ec7c t\u1ea1i nh\u00e0.<\/p>\n<p data-start=\"403\" data-end=\"439\">K\u00edch th\u01b0\u1edbc: W1200 x D600 x H750 mm<\/p>\n<p data-start=\"441\" data-end=\"746\">Xu\u1ea5t x\u1ee9: S\u1ea3n ph\u1ea9m c\u1ee7a <strong data-start=\"463\" data-end=\"491\">C\u00d4NG TY N\u1ed8I TH\u1ea4T THE ONE<\/strong> \u2013 Ph\u00e2n ph\u1ed1i b\u1edfi <strong data-start=\"508\" data-end=\"544\">C\u00d4NG TY TNHH SXTM TTNT H\u1eeeU TH\u1ecaNH<\/strong><br data-start=\"544\" data-end=\"547\" \/>B\u1ea3o h\u00e0nh: 12 th\u00e1ng theo ti\u00eau chu\u1ea9n nh\u00e0 m\u00e1y<br data-start=\"589\" data-end=\"592\" \/><span style=\"color: #ed1c24;\"><em data-start=\"592\" data-end=\"744\">L\u01b0u \u00fd: Gi\u00e1 tr\u00ean ch\u01b0a bao g\u1ed3m VAT v\u00e0 ph\u00ed v\u1eadn chuy\u1ec3n. Gi\u00e1 s\u1ea3n ph\u1ea9m c\u00f3 th\u1ec3 thay \u0111\u1ed5i theo t\u1eebng th\u1eddi \u0111i\u1ec3m, vui l\u00f2ng li\u00ean h\u1ec7 \u0111\u1ec3 nh\u1eadn t\u01b0 v\u1ea5n \u01b0u \u0111\u00e3i t\u1ed1t nh\u1ea5t.<\/em><\/span><\/p>\n","protected":false},"featured_media":3950,"comment_status":"open","ping_status":"closed","template":"","meta":[],"product_brand":[],"product_cat":[17,177],"product_tag":[],"class_list":{"0":"post-3949","1":"product","2":"type-product","3":"status-publish","4":"has-post-thumbnail","6":"product_cat-noi-that-van-phong","7":"product_cat-ban-nhan-vien","9":"first","10":"instock","11":"taxable","12":"shipping-taxable","13":"purchasable","14":"product-type-simple"},"_links":{"self":[{"href":"https:\/\/www.noithathuuthinh.vn\/zh-hans\/wp-json\/wp\/v2\/product\/3949","targetHints":{"allow":["GET"]}}],"collection":[{"href":"https:\/\/www.noithathuuthinh.vn\/zh-hans\/wp-json\/wp\/v2\/product"}],"about":[{"href":"https:\/\/www.noithathuuthinh.vn\/zh-hans\/wp-json\/wp\/v2\/types\/product"}],"replies":[{"embeddable":true,"href":"https:\/\/www.noithathuuthinh.vn\/zh-hans\/wp-json\/wp\/v2\/comments?post=3949"}],"wp:featuredmedia":[{"embeddable":true,"href":"https:\/\/www.noithathuuthinh.vn\/zh-hans\/wp-json\/wp\/v2\/media\/3950"}],"wp:attachment":[{"href":"https:\/\/www.noithathuuthinh.vn\/zh-hans\/wp-json\/wp\/v2\/media?parent=3949"}],"wp:term":[{"taxonomy":"product_brand","embeddable":true,"href":"https:\/\/www.noithathuuthinh.vn\/zh-hans\/wp-json\/wp\/v2\/product_brand?post=3949"},{"taxonomy":"product_cat","embeddable":true,"href":"https:\/\/www.noithathuuthinh.vn\/zh-hans\/wp-json\/wp\/v2\/product_cat?post=3949"},{"taxonomy":"product_tag","embeddable":true,"href":"https:\/\/www.noithathuuthinh.vn\/zh-hans\/wp-json\/wp\/v2\/product_tag?post=3949"}],"curies":[{"name":"wp","href":"https:\/\/api.w.org\/{rel}","templated":true}]}}