{"id":3964,"date":"2025-10-24T14:21:44","date_gmt":"2025-10-24T07:21:44","guid":{"rendered":"https:\/\/noithathuuthinh.vn\/?post_type=product&#038;p=3964"},"modified":"2025-10-24T14:21:44","modified_gmt":"2025-10-24T07:21:44","slug":"ban-nhan-vien-hp204s","status":"publish","type":"product","link":"https:\/\/www.noithathuuthinh.vn\/zh-hans\/san-pham\/ban-nhan-vien-hp204s\/","title":{"rendered":"B\u00e0n nh\u00e2n vi\u00ean HP204S"},"content":{"rendered":"<p data-start=\"783\" data-end=\"1137\">B\u00e0n nh\u00e2n vi\u00ean HP204S l\u00e0 m\u1eabu <strong data-start=\"853\" data-end=\"879\">b\u00e0n m\u00e1y t\u00ednh ti\u1ec7n d\u1ee5ng<\/strong> \u0111\u01b0\u1ee3c thi\u1ebft k\u1ebf theo phong c\u00e1ch t\u1ed1i gi\u1ea3n, hi\u1ec7n \u0111\u1ea1i, mang \u0111\u1ebfn s\u1ef1 linh ho\u1ea1t v\u00e0 tho\u1ea3i m\u00e1i cho ng\u01b0\u1eddi s\u1eed d\u1ee5ng. V\u1edbi c\u1ea5u tr\u00fac g\u1ed3m <strong data-start=\"1001\" data-end=\"1053\">1 ng\u0103n k\u00e9o, 1 khay b\u00e0n ph\u00edm tr\u01b0\u1ee3t v\u00e0 1 k\u1ec7 \u0111\u1ec3 CPU<\/strong>, s\u1ea3n ph\u1ea9m \u0111\u00e1p \u1ee9ng \u0111\u1ea7y \u0111\u1ee7 nhu c\u1ea7u l\u00e0m vi\u1ec7c, h\u1ecdc t\u1eadp ho\u1eb7c s\u1eed d\u1ee5ng m\u00e1y t\u00ednh t\u1ea1i nh\u00e0.<\/p>\n<p data-start=\"1139\" data-end=\"1459\">\u0110i\u1ec3m n\u1ed5i b\u1eadt c\u1ee7a <strong data-start=\"1156\" data-end=\"1170\">b\u00e0n HP204S<\/strong> n\u1eb1m \u1edf <strong data-start=\"1177\" data-end=\"1220\">thi\u1ebft k\u1ebf th\u00f4ng minh v\u00e0 c\u00f4ng n\u0103ng t\u1ed1i \u01b0u<\/strong>. B\u00e0n \u0111\u01b0\u1ee3c l\u00e0m t\u1eeb <strong data-start=\"1238\" data-end=\"1277\">g\u1ed7 c\u00f4ng nghi\u1ec7p cao c\u1ea5p ph\u1ee7 Melamine<\/strong>, gi\u00fap b\u1ec1 m\u1eb7t c\u00f3 kh\u1ea3 n\u0103ng <strong data-start=\"1303\" data-end=\"1355\">ch\u1ed1ng tr\u1ea7y x\u01b0\u1edbc, ch\u1ed1ng \u1ea9m m\u1ed1c v\u00e0 d\u1ec5 d\u00e0ng v\u1ec7 sinh<\/strong>. L\u1edbp ph\u1ee7 Melamine c\u00f2n gi\u00fap b\u00e0n gi\u1eef \u0111\u01b0\u1ee3c m\u00e0u s\u1eafc b\u1ec1n l\u00e2u, kh\u00f4ng b\u1ecb phai ho\u1eb7c bong tr\u00f3c theo th\u1eddi gian.<\/p>\n<p data-start=\"1461\" data-end=\"1557\">C\u1ea5u t\u1ea1o c\u1ee7a <strong data-start=\"1473\" data-end=\"1483\">HP204S<\/strong> \u0111\u01b0\u1ee3c t\u00ednh to\u00e1n t\u1ec9 m\u1ec9 nh\u1eb1m mang l\u1ea1i s\u1ef1 ti\u1ec7n l\u1ee3i trong qu\u00e1 tr\u00ecnh s\u1eed d\u1ee5ng:<\/p>\n<ul data-start=\"1558\" data-end=\"1917\">\n<li data-start=\"1558\" data-end=\"1684\">\n<p data-start=\"1560\" data-end=\"1684\"><strong data-start=\"1560\" data-end=\"1580\">Ng\u0103n k\u00e9o nh\u1ecf g\u1ecdn<\/strong> b\u1ed1 tr\u00ed ngay d\u01b0\u1edbi m\u1eb7t b\u00e0n, ph\u00f9 h\u1ee3p \u0111\u1ec3 l\u01b0u tr\u1eef b\u00fat, t\u00e0i li\u1ec7u, ph\u1ee5 ki\u1ec7n v\u0103n ph\u00f2ng ho\u1eb7c v\u1eadt d\u1ee5ng c\u00e1 nh\u00e2n.<\/p>\n<\/li>\n<li data-start=\"1685\" data-end=\"1794\">\n<p data-start=\"1687\" data-end=\"1794\"><strong data-start=\"1687\" data-end=\"1720\">Khay b\u00e0n ph\u00edm tr\u01b0\u1ee3t nh\u1eb9 nh\u00e0ng<\/strong>, s\u1eed d\u1ee5ng ray bi b\u1ec1n b\u1ec9 gi\u00fap thao t\u00e1c m\u01b0\u1ee3t m\u00e0, t\u1ed1i \u01b0u di\u1ec7n t\u00edch m\u1eb7t b\u00e0n.<\/p>\n<\/li>\n<li data-start=\"1795\" data-end=\"1917\">\n<p data-start=\"1797\" data-end=\"1917\"><strong data-start=\"1797\" data-end=\"1831\">Khoang CPU thi\u1ebft k\u1ebf tho\u00e1ng kh\u00ed<\/strong>, gi\u00fap thi\u1ebft b\u1ecb ho\u1ea1t \u0111\u1ed9ng \u1ed5n \u0111\u1ecbnh v\u00e0 tr\u00e1nh t\u00ecnh tr\u1ea1ng qu\u00e1 nhi\u1ec7t trong th\u1eddi gian d\u00e0i.<\/p>\n<\/li>\n<\/ul>\n<p data-start=\"1919\" data-end=\"2208\">V\u1edbi hai k\u00edch th\u01b0\u1edbc l\u1ef1a ch\u1ecdn <strong data-start=\"1947\" data-end=\"1963\">HP204 (D700)<\/strong> v\u00e0 <strong data-start=\"1967\" data-end=\"1984\">HP204S (D600)<\/strong>, ng\u01b0\u1eddi d\u00f9ng c\u00f3 th\u1ec3 linh ho\u1ea1t ch\u1ecdn m\u1eabu ph\u00f9 h\u1ee3p v\u1edbi di\u1ec7n t\u00edch kh\u00f4ng gian. M\u1eabu <strong data-start=\"2061\" data-end=\"2071\">HP204S<\/strong> c\u00f3 chi\u1ec1u s\u00e2u 600mm r\u1ea5t ph\u00f9 h\u1ee3p cho v\u0103n ph\u00f2ng nh\u1ecf ho\u1eb7c ph\u00f2ng l\u00e0m vi\u1ec7c t\u1ea1i nh\u00e0, n\u01a1i c\u1ea7n ti\u1ebft ki\u1ec7m di\u1ec7n t\u00edch m\u00e0 v\u1eabn \u0111\u1ea3m b\u1ea3o s\u1ef1 ti\u1ec7n nghi.<\/p>\n<p data-start=\"2210\" data-end=\"2528\">V\u1ec1 m\u1eb7t th\u1ea9m m\u1ef9, b\u00e0n \u0111\u01b0\u1ee3c thi\u1ebft k\u1ebf v\u1edbi <strong data-start=\"2248\" data-end=\"2281\">\u0111\u01b0\u1eddng n\u00e9t vu\u00f4ng v\u1ee9c, g\u1ecdn g\u00e0ng<\/strong>, mang phong c\u00e1ch hi\u1ec7n \u0111\u1ea1i v\u00e0 d\u1ec5 d\u00e0ng ph\u1ed1i h\u1ee3p v\u1edbi c\u00e1c m\u1eabu gh\u1ebf nh\u00e2n vi\u00ean, gh\u1ebf xoay ho\u1eb7c t\u1ee7 t\u00e0i li\u1ec7u. M\u00e0u g\u1ed7 trang nh\u00e3 gi\u00fap s\u1ea3n ph\u1ea9m d\u1ec5 h\u00f2a h\u1ee3p v\u1edbi nhi\u1ec1u phong c\u00e1ch n\u1ed9i th\u1ea5t kh\u00e1c nhau, t\u1eeb kh\u00f4ng gian l\u00e0m vi\u1ec7c chuy\u00ean nghi\u1ec7p \u0111\u1ebfn g\u00f3c h\u1ecdc t\u1eadp t\u1ea1i nh\u00e0.<\/p>\n<p data-start=\"2530\" data-end=\"2816\">Khung b\u00e0n ch\u1eafc ch\u1eafn, m\u1eb7t b\u00e0n ph\u1eb3ng v\u00e0 \u1ed5n \u0111\u1ecbnh, c\u00f3 kh\u1ea3 n\u0103ng ch\u1ecbu l\u1ef1c t\u1ed1t, \u0111\u1ea3m b\u1ea3o an to\u00e0n cho ng\u01b0\u1eddi s\u1eed d\u1ee5ng khi \u0111\u1eb7t m\u00e1y t\u00ednh, m\u00e0n h\u00ecnh, s\u00e1ch v\u1edf v\u00e0 c\u00e1c ph\u1ee5 ki\u1ec7n kh\u00e1c. C\u00e1c chi ti\u1ebft \u0111\u01b0\u1ee3c gia c\u00f4ng tinh t\u1ebf, \u0111\u1eb7c bi\u1ec7t l\u00e0 ph\u1ea7n m\u00e9p b\u00e0n \u0111\u01b0\u1ee3c <strong data-start=\"2761\" data-end=\"2780\">bo tr\u00f2n m\u1ec1m m\u1ea1i<\/strong> nh\u1eb1m t\u0103ng \u0111\u1ed9 an to\u00e0n khi s\u1eed d\u1ee5ng.<\/p>\n<p data-start=\"2818\" data-end=\"3071\">M\u1ed9t \u01b0u \u0111i\u1ec3m kh\u00e1c c\u1ee7a <strong data-start=\"2839\" data-end=\"2849\">HP204S<\/strong> l\u00e0 kh\u1ea3 n\u0103ng <strong data-start=\"2862\" data-end=\"2923\">\u1ee9ng d\u1ee5ng linh ho\u1ea1t trong nhi\u1ec1u m\u1ee5c \u0111\u00edch s\u1eed d\u1ee5ng kh\u00e1c nhau<\/strong>. Ngo\u00e0i vi\u1ec7c l\u00e0m b\u00e0n m\u00e1y t\u00ednh, s\u1ea3n ph\u1ea9m c\u00f2n c\u00f3 th\u1ec3 s\u1eed d\u1ee5ng l\u00e0m b\u00e0n h\u1ecdc, b\u00e0n l\u00e0m vi\u1ec7c c\u00e1 nh\u00e2n ho\u1eb7c b\u00e0n thao t\u00e1c trong c\u00e1c kh\u00f4ng gian v\u0103n ph\u00f2ng nh\u1ecf.<\/p>\n<p data-start=\"3073\" data-end=\"3377\">\u0110\u01b0\u1ee3c s\u1ea3n xu\u1ea5t b\u1edfi th\u01b0\u01a1ng hi\u1ec7u uy t\u00edn <strong data-start=\"3110\" data-end=\"3130\">N\u1ed9i Th\u1ea5t The One<\/strong>, b\u00e0n HP204S \u0111\u1ea3m b\u1ea3o c\u00e1c ti\u00eau chu\u1ea9n ch\u1ea5t l\u01b0\u1ee3ng v\u1ec1 \u0111\u1ed9 b\u1ec1n, \u0111\u1ed9 \u1ed5n \u0111\u1ecbnh v\u00e0 t\u00ednh th\u1ea9m m\u1ef9. \u0110\u00e2y l\u00e0 m\u1ed9t l\u1ef1a ch\u1ecdn l\u00fd t\u01b0\u1edfng cho c\u00e1c doanh nghi\u1ec7p mu\u1ed1n \u0111\u1ea7u t\u01b0 h\u1ec7 th\u1ed1ng b\u00e0n l\u00e0m vi\u1ec7c \u0111\u1ed3ng b\u1ed9, ho\u1eb7c c\u00e1 nh\u00e2n c\u1ea7n m\u1ed9t chi\u1ebfc b\u00e0n m\u00e1y t\u00ednh ch\u1ea5t l\u01b0\u1ee3ng, gi\u00e1 c\u1ea3 h\u1ee3p l\u00fd.<\/p>\n<p data-start=\"3379\" data-end=\"3699\" data-is-last-node=\"\" data-is-only-node=\"\">T\u1ed5ng th\u1ec3, <strong data-start=\"3389\" data-end=\"3413\">b\u00e0n nh\u00e2n vi\u00ean HP204S<\/strong> kh\u00f4ng ch\u1ec9 mang \u0111\u1ebfn s\u1ef1 ti\u1ec7n nghi trong s\u1eed d\u1ee5ng, m\u00e0 c\u00f2n gi\u00fap <strong data-start=\"3473\" data-end=\"3540\">t\u1ea1o n\u00ean kh\u00f4ng gian l\u00e0m vi\u1ec7c g\u1ecdn g\u00e0ng, chuy\u00ean nghi\u1ec7p v\u00e0 hi\u1ec7u qu\u1ea3<\/strong>. S\u1ea3n ph\u1ea9m l\u00e0 minh ch\u1ee9ng cho s\u1ef1 k\u1ebft h\u1ee3p ho\u00e0n h\u1ea3o gi\u1eefa <strong data-start=\"3594\" data-end=\"3653\">thi\u1ebft k\u1ebf tinh t\u1ebf, v\u1eadt li\u1ec7u b\u1ec1n \u0111\u1eb9p v\u00e0 t\u00ednh \u1ee9ng d\u1ee5ng cao<\/strong>, ph\u00f9 h\u1ee3p v\u1edbi nhu c\u1ea7u c\u1ee7a ng\u01b0\u1eddi d\u00f9ng hi\u1ec7n \u0111\u1ea1i.<\/p>\n","protected":false},"excerpt":{"rendered":"<p data-start=\"28\" data-end=\"385\">B\u00e0n nh\u00e2n vi\u00ean HP204S l\u00e0 m\u1eabu <strong data-start=\"87\" data-end=\"112\">b\u00e0n m\u00e1y t\u00ednh hi\u1ec7n \u0111\u1ea1i<\/strong>, \u0111\u01b0\u1ee3c thi\u1ebft k\u1ebf v\u1edbi <strong data-start=\"132\" data-end=\"182\">1 ng\u0103n k\u00e9o, 1 k\u1ec7 \u0111\u1ec3 CPU v\u00e0 khay b\u00e0n ph\u00edm tr\u01b0\u1ee3t<\/strong>, mang \u0111\u1ebfn s\u1ef1 ti\u1ec7n l\u1ee3i v\u00e0 g\u1ecdn g\u00e0ng cho kh\u00f4ng gian l\u00e0m vi\u1ec7c. S\u1ea3n ph\u1ea9m th\u00edch h\u1ee3p cho nh\u00e2n vi\u00ean v\u0103n ph\u00f2ng, sinh vi\u00ean ho\u1eb7c ng\u01b0\u1eddi d\u00f9ng l\u00e0m vi\u1ec7c t\u1ea1i nh\u00e0, n\u01a1i c\u1ea7n m\u1ed9t chi\u1ebfc b\u00e0n nh\u1ecf g\u1ecdn nh\u01b0ng \u0111\u1ea7y \u0111\u1ee7 c\u00f4ng n\u0103ng.<\/p>\n<p data-start=\"387\" data-end=\"469\">K\u00edch th\u01b0\u1edbc:<br data-start=\"398\" data-end=\"401\" \/>W1200 x D700 x H750 (mm) &#8211; <span style=\"color: #ed1c24; font-size: 120%;\"><strong>1.175.000 \u0111<\/strong><\/span><br data-start=\"432\" data-end=\"435\" \/>W1200 x D600 x H750 (mm) &#8211; <span style=\"font-size: 120%; color: #ed1c24;\"><strong>1.245.000 \u0111<\/strong><\/span><\/p>\n<p data-start=\"471\" data-end=\"776\">Xu\u1ea5t x\u1ee9: S\u1ea3n ph\u1ea9m c\u1ee7a <strong data-start=\"493\" data-end=\"521\">C\u00d4NG TY N\u1ed8I TH\u1ea4T THE ONE<\/strong> \u2013 Ph\u00e2n ph\u1ed1i b\u1edfi <strong data-start=\"538\" data-end=\"574\">C\u00d4NG TY TNHH SXTM TTNT H\u1eeeU TH\u1ecaNH<\/strong><br data-start=\"574\" data-end=\"577\" \/>B\u1ea3o h\u00e0nh: 12 th\u00e1ng theo ti\u00eau chu\u1ea9n nh\u00e0 m\u00e1y<br data-start=\"619\" data-end=\"622\" \/><span style=\"color: #ed1c24;\"><em data-start=\"622\" data-end=\"774\">L\u01b0u \u00fd: Gi\u00e1 tr\u00ean ch\u01b0a bao g\u1ed3m VAT v\u00e0 ph\u00ed v\u1eadn chuy\u1ec3n. Gi\u00e1 s\u1ea3n ph\u1ea9m c\u00f3 th\u1ec3 thay \u0111\u1ed5i theo t\u1eebng th\u1eddi \u0111i\u1ec3m, vui l\u00f2ng li\u00ean h\u1ec7 \u0111\u1ec3 nh\u1eadn t\u01b0 v\u1ea5n \u01b0u \u0111\u00e3i t\u1ed1t nh\u1ea5t.<\/em><\/span><\/p>\n","protected":false},"featured_media":3965,"comment_status":"open","ping_status":"closed","template":"","meta":[],"product_brand":[],"product_cat":[17,177],"product_tag":[],"class_list":{"0":"post-3964","1":"product","2":"type-product","3":"status-publish","4":"has-post-thumbnail","6":"product_cat-noi-that-van-phong","7":"product_cat-ban-nhan-vien","9":"first","10":"instock","11":"taxable","12":"shipping-taxable","13":"purchasable","14":"product-type-simple"},"_links":{"self":[{"href":"https:\/\/www.noithathuuthinh.vn\/zh-hans\/wp-json\/wp\/v2\/product\/3964","targetHints":{"allow":["GET"]}}],"collection":[{"href":"https:\/\/www.noithathuuthinh.vn\/zh-hans\/wp-json\/wp\/v2\/product"}],"about":[{"href":"https:\/\/www.noithathuuthinh.vn\/zh-hans\/wp-json\/wp\/v2\/types\/product"}],"replies":[{"embeddable":true,"href":"https:\/\/www.noithathuuthinh.vn\/zh-hans\/wp-json\/wp\/v2\/comments?post=3964"}],"wp:featuredmedia":[{"embeddable":true,"href":"https:\/\/www.noithathuuthinh.vn\/zh-hans\/wp-json\/wp\/v2\/media\/3965"}],"wp:attachment":[{"href":"https:\/\/www.noithathuuthinh.vn\/zh-hans\/wp-json\/wp\/v2\/media?parent=3964"}],"wp:term":[{"taxonomy":"product_brand","embeddable":true,"href":"https:\/\/www.noithathuuthinh.vn\/zh-hans\/wp-json\/wp\/v2\/product_brand?post=3964"},{"taxonomy":"product_cat","embeddable":true,"href":"https:\/\/www.noithathuuthinh.vn\/zh-hans\/wp-json\/wp\/v2\/product_cat?post=3964"},{"taxonomy":"product_tag","embeddable":true,"href":"https:\/\/www.noithathuuthinh.vn\/zh-hans\/wp-json\/wp\/v2\/product_tag?post=3964"}],"curies":[{"name":"wp","href":"https:\/\/api.w.org\/{rel}","templated":true}]}}