{"id":3968,"date":"2025-10-24T14:36:31","date_gmt":"2025-10-24T07:36:31","guid":{"rendered":"https:\/\/noithathuuthinh.vn\/?post_type=product&#038;p=3968"},"modified":"2025-10-24T14:36:32","modified_gmt":"2025-10-24T07:36:32","slug":"ban-nhan-vien-hp204shl","status":"publish","type":"product","link":"https:\/\/www.noithathuuthinh.vn\/zh-hans\/san-pham\/ban-nhan-vien-hp204shl\/","title":{"rendered":"B\u00e0n nh\u00e2n vi\u00ean HP204SHL"},"content":{"rendered":"<p data-start=\"731\" data-end=\"1111\">B\u00e0n nh\u00e2n vi\u00ean HP204SHL l\u00e0 m\u1eabu <strong data-start=\"803\" data-end=\"843\">b\u00e0n m\u00e1y t\u00ednh h\u1ed9c li\u1ec1n g\u1ed7 c\u00f4ng nghi\u1ec7p<\/strong> \u0111\u01b0\u1ee3c thi\u1ebft k\u1ebf t\u1ed1i \u01b0u cho kh\u00f4ng gian l\u00e0m vi\u1ec7c hi\u1ec7n \u0111\u1ea1i, mang \u0111\u1ebfn s\u1ef1 ti\u1ec7n l\u1ee3i, g\u1ecdn g\u00e0ng v\u00e0 chuy\u00ean nghi\u1ec7p. V\u1edbi ki\u1ec3u d\u00e1ng thanh tho\u00e1t, k\u1ebft h\u1ee3p c\u00f4ng n\u0103ng \u0111a d\u1ea1ng, s\u1ea3n ph\u1ea9m \u0111\u00e1p \u1ee9ng t\u1ed1t nhu c\u1ea7u s\u1eed d\u1ee5ng trong m\u00f4i tr\u01b0\u1eddng v\u0103n ph\u00f2ng, c\u01a1 quan, ho\u1eb7c kh\u00f4ng gian l\u00e0m vi\u1ec7c t\u1ea1i nh\u00e0.<\/p>\n<p data-start=\"1113\" data-end=\"1393\">\u0110i\u1ec3m \u0111\u1eb7c bi\u1ec7t c\u1ee7a <strong data-start=\"1131\" data-end=\"1147\">b\u00e0n HP204SHL<\/strong> n\u1eb1m \u1edf <strong data-start=\"1154\" data-end=\"1175\">thi\u1ebft k\u1ebf h\u1ed9c li\u1ec1n<\/strong> \u0111\u01b0\u1ee3c t\u00edch h\u1ee3p ngay b\u00ean h\u00f4ng b\u00e0n, gi\u00fap ng\u01b0\u1eddi d\u00f9ng d\u1ec5 d\u00e0ng c\u1ea5t gi\u1eef t\u00e0i li\u1ec7u, \u0111\u1ed3 d\u00f9ng c\u00e1 nh\u00e2n ho\u1eb7c v\u1eadt d\u1ee5ng v\u0103n ph\u00f2ng. H\u1ed9c g\u1ed3m <strong data-start=\"1300\" data-end=\"1330\">1 ng\u0103n k\u00e9o v\u00e0 1 c\u00e1nh t\u1ee7 m\u1edf<\/strong> linh ho\u1ea1t, mang \u0111\u1ebfn kh\u00f4ng gian l\u01b0u tr\u1eef r\u1ed9ng r\u00e3i v\u00e0 ti\u1ec7n l\u1ee3i.<\/p>\n<p data-start=\"1395\" data-end=\"1630\">B\u00e0n \u0111\u01b0\u1ee3c s\u1ea3n xu\u1ea5t t\u1eeb <strong data-start=\"1416\" data-end=\"1455\">g\u1ed7 c\u00f4ng nghi\u1ec7p ph\u1ee7 Melamine cao c\u1ea5p<\/strong>, b\u1ec1 m\u1eb7t tr\u01a1n nh\u1eb5n, ch\u1ed1ng tr\u1ea7y x\u01b0\u1edbc, ch\u1ed1ng th\u1ea5m n\u01b0\u1edbc v\u00e0 d\u1ec5 v\u1ec7 sinh. L\u1edbp ph\u1ee7 Melamine c\u00f2n gi\u00fap b\u00e0n c\u00f3 \u0111\u1ed9 b\u1ec1n m\u00e0u cao, gi\u1eef \u0111\u01b0\u1ee3c v\u1ebb \u0111\u1eb9p sang tr\u1ecdng trong su\u1ed1t qu\u00e1 tr\u00ecnh s\u1eed d\u1ee5ng.<\/p>\n<p data-start=\"1632\" data-end=\"1979\">Ph\u1ea7n <strong data-start=\"1637\" data-end=\"1660\">m\u1eb7t b\u00e0n r\u1ed9ng 1200mm<\/strong> \u0111\u1ee7 \u0111\u1ec3 b\u1ed1 tr\u00ed m\u00e1y t\u00ednh, m\u00e0n h\u00ecnh, s\u1ed5 s\u00e1ch v\u00e0 c\u00e1c v\u1eadt d\u1ee5ng c\u00e1 nh\u00e2n. B\u00e0n c\u00f3 <strong data-start=\"1734\" data-end=\"1758\">k\u1ec7 \u0111\u1ec3 CPU ri\u00eang bi\u1ec7t<\/strong> gi\u00fap t\u1ed1i \u01b0u kh\u00f4ng gian, \u0111\u1ea3m b\u1ea3o thi\u1ebft b\u1ecb ho\u1ea1t \u0111\u1ed9ng \u1ed5n \u0111\u1ecbnh v\u00e0 \u0111\u01b0\u1ee3c b\u1ea3o v\u1ec7 t\u1ed1t h\u01a1n. B\u00ean d\u01b0\u1edbi m\u1eb7t b\u00e0n l\u00e0 <strong data-start=\"1862\" data-end=\"1892\">khay b\u00e0n ph\u00edm tr\u01b0\u1ee3t ray bi<\/strong> nh\u1eb9 nh\u00e0ng, \u00eam \u00e1i, gi\u00fap ng\u01b0\u1eddi d\u00f9ng thao t\u00e1c tho\u1ea3i m\u00e1i v\u00e0 ti\u1ebft ki\u1ec7m di\u1ec7n t\u00edch s\u1eed d\u1ee5ng.<\/p>\n<p data-start=\"1981\" data-end=\"2277\">Thi\u1ebft k\u1ebf <strong data-start=\"1990\" data-end=\"2002\">HP204SHL<\/strong> tu\u00e2n th\u1ee7 phong c\u00e1ch hi\u1ec7n \u0111\u1ea1i v\u00e0 ti\u1ec7n d\u1ee5ng: c\u00e1c \u0111\u01b0\u1eddng n\u00e9t vu\u00f4ng v\u1ee9c, kh\u1ecfe kho\u1eafn, c\u00f9ng m\u00e0u s\u1eafc g\u1ed7 trang nh\u00e3 ph\u00f9 h\u1ee3p v\u1edbi h\u1ea7u h\u1ebft kh\u00f4ng gian n\u1ed9i th\u1ea5t. Nh\u1edd v\u1eady, s\u1ea3n ph\u1ea9m d\u1ec5 d\u00e0ng k\u1ebft h\u1ee3p v\u1edbi c\u00e1c m\u1eabu gh\u1ebf xoay, gh\u1ebf nh\u00e2n vi\u00ean ho\u1eb7c t\u1ee7 ph\u1ee5, t\u1ea1o n\u00ean t\u1ed5ng th\u1ec3 \u0111\u1ed3ng b\u1ed9 v\u00e0 chuy\u00ean nghi\u1ec7p.<\/p>\n<p data-start=\"2279\" data-end=\"2551\">C\u1ea5u tr\u00fac b\u00e0n \u0111\u01b0\u1ee3c <strong data-start=\"2297\" data-end=\"2317\">gia c\u1ed1 ch\u1eafc ch\u1eafn<\/strong>, c\u00e1c m\u1ed1i n\u1ed1i v\u00e0 li\u00ean k\u1ebft \u0111\u01b0\u1ee3c x\u1eed l\u00fd tinh t\u1ebf \u0111\u1ea3m b\u1ea3o \u0111\u1ed9 b\u1ec1n cao, ch\u1ecbu l\u1ef1c t\u1ed1t v\u00e0 kh\u00f4ng b\u1ecb cong v\u00eanh trong qu\u00e1 tr\u00ecnh s\u1eed d\u1ee5ng l\u00e2u d\u00e0i. Ngo\u00e0i ra, <strong data-start=\"2460\" data-end=\"2496\">ch\u00e2n b\u00e0n c\u00f3 \u0111\u1ec7m nh\u1ef1a ch\u1ed1ng tr\u01b0\u1ee3t<\/strong>, gi\u00fap b\u1ea3o v\u1ec7 s\u00e0n nh\u00e0 v\u00e0 gi\u1ea3m ti\u1ebfng \u1ed3n khi di chuy\u1ec3n.<\/p>\n<p data-start=\"2553\" data-end=\"2591\">S\u1ea3n ph\u1ea9m c\u00f3 hai l\u1ef1a ch\u1ecdn k\u00edch th\u01b0\u1edbc:<\/p>\n<ul data-start=\"2592\" data-end=\"2825\">\n<li data-start=\"2592\" data-end=\"2688\">\n<p data-start=\"2594\" data-end=\"2688\"><strong data-start=\"2594\" data-end=\"2614\">HP204HL (D700mm)<\/strong> \u2013 ph\u00f9 h\u1ee3p cho kh\u00f4ng gian l\u00e0m vi\u1ec7c r\u1ed9ng r\u00e3i, c\u1ea7n nhi\u1ec1u di\u1ec7n t\u00edch b\u00e0y \u0111\u1ed3.<\/p>\n<\/li>\n<li data-start=\"2689\" data-end=\"2825\">\n<p data-start=\"2691\" data-end=\"2825\"><strong data-start=\"2691\" data-end=\"2712\">HP204SHL (D600mm)<\/strong> \u2013 l\u1ef1a ch\u1ecdn l\u00fd t\u01b0\u1edfng cho c\u00e1c v\u0103n ph\u00f2ng nh\u1ecf ho\u1eb7c ph\u00f2ng c\u00e1 nh\u00e2n c\u1ea7n ti\u1ebft ki\u1ec7m di\u1ec7n t\u00edch m\u00e0 v\u1eabn \u0111\u1ea3m b\u1ea3o c\u00f4ng n\u0103ng.<\/p>\n<\/li>\n<\/ul>\n<p data-start=\"2827\" data-end=\"3085\">B\u00ean c\u1ea1nh y\u1ebfu t\u1ed1 c\u00f4ng n\u0103ng, b\u00e0n HP204SHL c\u00f2n \u0111\u01b0\u1ee3c \u0111\u00e1nh gi\u00e1 cao v\u1ec1 <strong data-start=\"2892\" data-end=\"2925\">t\u00ednh th\u1ea9m m\u1ef9 v\u00e0 \u0111\u1ed9 ho\u00e0n thi\u1ec7n<\/strong>. T\u1eebng chi ti\u1ebft \u0111\u01b0\u1ee3c gia c\u00f4ng c\u1ea9n th\u1eadn, b\u1ec1 m\u1eb7t ph\u1ee7 \u0111\u1ec1u, c\u00e1c g\u00f3c c\u1ea1nh \u0111\u01b0\u1ee3c x\u1eed l\u00fd bo nh\u1eb9, mang l\u1ea1i c\u1ea3m gi\u00e1c an to\u00e0n khi s\u1eed d\u1ee5ng v\u00e0 n\u00e2ng t\u1ea7m kh\u00f4ng gian l\u00e0m vi\u1ec7c.<\/p>\n<p data-start=\"3087\" data-end=\"3438\">L\u00e0 s\u1ea3n ph\u1ea9m thu\u1ed9c th\u01b0\u01a1ng hi\u1ec7u <strong data-start=\"3117\" data-end=\"3137\">N\u1ed9i Th\u1ea5t The One<\/strong>, b\u00e0n nh\u00e2n vi\u00ean HP204SHL \u0111\u00e1p \u1ee9ng \u0111\u1ea7y \u0111\u1ee7 c\u00e1c ti\u00eau chu\u1ea9n ch\u1ea5t l\u01b0\u1ee3ng nghi\u00eam ng\u1eb7t \u2013 t\u1eeb l\u1ef1a ch\u1ecdn v\u1eadt li\u1ec7u, quy tr\u00ecnh s\u1ea3n xu\u1ea5t \u0111\u1ebfn kh\u00e2u ki\u1ec3m \u0111\u1ecbnh cu\u1ed1i c\u00f9ng. B\u00e0n kh\u00f4ng ch\u1ec9 b\u1ec1n b\u1ec9 m\u00e0 c\u00f2n mang l\u1ea1i <strong data-start=\"3325\" data-end=\"3363\">s\u1ef1 ti\u1ec7n nghi v\u00e0 t\u00ednh chuy\u00ean nghi\u1ec7p<\/strong>, ph\u00f9 h\u1ee3p cho nh\u00e2n vi\u00ean v\u0103n ph\u00f2ng, sinh vi\u00ean ho\u1eb7c ng\u01b0\u1eddi l\u00e0m vi\u1ec7c t\u1ea1i nh\u00e0.<\/p>\n<p data-start=\"3440\" data-end=\"3747\" data-is-last-node=\"\" data-is-only-node=\"\">T\u1ed5ng th\u1ec3, <strong data-start=\"3450\" data-end=\"3476\">b\u00e0n nh\u00e2n vi\u00ean HP204SHL<\/strong> l\u00e0 l\u1ef1a ch\u1ecdn ho\u00e0n h\u1ea3o cho nh\u1eefng ai \u0111ang t\u00ecm ki\u1ebfm m\u1ed9t chi\u1ebfc b\u00e0n l\u00e0m vi\u1ec7c <strong data-start=\"3548\" data-end=\"3591\">v\u1eeba \u0111\u1eb9p, v\u1eeba ti\u1ec7n d\u1ee5ng v\u00e0 c\u00f3 \u0111\u1ed9 b\u1ec1n cao<\/strong>. V\u1edbi thi\u1ebft k\u1ebf tinh g\u1ecdn, h\u1ed9c li\u1ec1n \u0111a n\u0103ng v\u00e0 m\u00e0u s\u1eafc hi\u1ec7n \u0111\u1ea1i, s\u1ea3n ph\u1ea9m ch\u1eafc ch\u1eafn s\u1ebd gi\u00fap b\u1ea1n <strong data-start=\"3685\" data-end=\"3737\">t\u1ed1i \u01b0u kh\u00f4ng gian v\u00e0 n\u00e2ng cao hi\u1ec7u su\u1ea5t l\u00e0m vi\u1ec7c<\/strong> m\u1ed7i ng\u00e0y.<\/p>\n","protected":false},"excerpt":{"rendered":"<p data-start=\"30\" data-end=\"329\">B\u00e0n nh\u00e2n vi\u00ean HP204SHL l\u00e0 m\u1eabu <strong data-start=\"91\" data-end=\"116\">b\u00e0n m\u00e1y t\u00ednh h\u1ed9c li\u1ec1n<\/strong> hi\u1ec7n \u0111\u1ea1i, \u0111\u01b0\u1ee3c thi\u1ebft k\u1ebf v\u1edbi <strong data-start=\"145\" data-end=\"170\">1 ng\u0103n k\u00e9o, 1 c\u00e1nh m\u1edf<\/strong>, c\u00f9ng <strong data-start=\"177\" data-end=\"208\">k\u1ec7 \u0111\u1ec3 CPU v\u00e0 b\u00e0n ph\u00edm tr\u01b0\u1ee3t<\/strong> ti\u1ec7n d\u1ee5ng. C\u1ea5u tr\u00fac b\u00e0n ch\u1eafc ch\u1eafn, ph\u00f9 h\u1ee3p v\u1edbi nhi\u1ec1u kh\u00f4ng gian l\u00e0m vi\u1ec7c kh\u00e1c nhau t\u1eeb v\u0103n ph\u00f2ng \u0111\u1ebfn ph\u00f2ng h\u1ecdc t\u1ea1i nh\u00e0.<\/p>\n<p data-start=\"331\" data-end=\"417\">K\u00edch th\u01b0\u1edbc:<br data-start=\"342\" data-end=\"345\" \/>HP204SHL:<\/p>\n<p data-start=\"30\" data-end=\"329\">B\u00e0n nh\u00e2n vi\u00ean HP204SHL l\u00e0 m\u1eabu <strong data-start=\"91\" data-end=\"116\">b\u00e0n m\u00e1y t\u00ednh h\u1ed9c li\u1ec1n<\/strong> hi\u1ec7n \u0111\u1ea1i, \u0111\u01b0\u1ee3c thi\u1ebft k\u1ebf v\u1edbi <strong data-start=\"145\" data-end=\"170\">1 ng\u0103n k\u00e9o, 1 c\u00e1nh m\u1edf<\/strong>, c\u00f9ng <strong data-start=\"177\" data-end=\"208\">k\u1ec7 \u0111\u1ec3 CPU v\u00e0 b\u00e0n ph\u00edm tr\u01b0\u1ee3t<\/strong> ti\u1ec7n d\u1ee5ng. C\u1ea5u tr\u00fac b\u00e0n ch\u1eafc ch\u1eafn, ph\u00f9 h\u1ee3p v\u1edbi nhi\u1ec1u kh\u00f4ng gian l\u00e0m vi\u1ec7c kh\u00e1c nhau t\u1eeb v\u0103n ph\u00f2ng \u0111\u1ebfn ph\u00f2ng h\u1ecdc t\u1ea1i nh\u00e0.<\/p>\n<p data-start=\"331\" data-end=\"417\">K\u00edch th\u01b0\u1edbc:<br data-start=\"342\" data-end=\"345\" \/>W1200 x D600 x H750 (mm) &#8211; <span style=\"color: #ed1c24; font-size: 120%;\"><strong>1.373.000 \u0111<\/strong><\/span><br data-start=\"379\" data-end=\"382\" \/>W1200 x D700 x H750 (mm) &#8211; <span style=\"font-size: 120%;\"><strong><span style=\"color: #ed1c24;\">1.512.000 \u0111<\/span><\/strong><\/span><\/p>\n<p data-start=\"419\" data-end=\"724\">Xu\u1ea5t x\u1ee9: S\u1ea3n ph\u1ea9m c\u1ee7a <strong data-start=\"441\" data-end=\"469\">C\u00d4NG TY N\u1ed8I TH\u1ea4T THE ONE<\/strong> \u2013 Ph\u00e2n ph\u1ed1i b\u1edfi <strong data-start=\"486\" data-end=\"522\">C\u00d4NG TY TNHH SXTM TTNT H\u1eeeU TH\u1ecaNH<\/strong><br data-start=\"522\" data-end=\"525\" \/>B\u1ea3o h\u00e0nh: 12 th\u00e1ng theo ti\u00eau chu\u1ea9n nh\u00e0 m\u00e1y<br data-start=\"567\" data-end=\"570\" \/><em data-start=\"570\" data-end=\"722\">L\u01b0u \u00fd: Gi\u00e1 tr\u00ean ch\u01b0a bao g\u1ed3m VAT v\u00e0 ph\u00ed v\u1eadn chuy\u1ec3n. Gi\u00e1 s\u1ea3n ph\u1ea9m c\u00f3 th\u1ec3 thay \u0111\u1ed5i theo t\u1eebng th\u1eddi \u0111i\u1ec3m, vui l\u00f2ng li\u00ean h\u1ec7 \u0111\u1ec3 nh\u1eadn t\u01b0 v\u1ea5n \u01b0u \u0111\u00e3i t\u1ed1t nh\u1ea5t.<\/em><\/p>\n<p data-start=\"331\" data-end=\"417\">W1200 x D600 x H750 (mm)<br data-start=\"379\" data-end=\"382\" \/>HP204HL: W1200 x D700 x H750 (mm)<\/p>\n<p data-start=\"419\" data-end=\"724\">Xu\u1ea5t x\u1ee9: S\u1ea3n ph\u1ea9m c\u1ee7a <strong data-start=\"441\" data-end=\"469\">C\u00d4NG TY N\u1ed8I TH\u1ea4T THE ONE<\/strong> \u2013 Ph\u00e2n ph\u1ed1i b\u1edfi <strong data-start=\"486\" data-end=\"522\">C\u00d4NG TY TNHH SXTM TTNT H\u1eeeU TH\u1ecaNH<\/strong><br data-start=\"522\" data-end=\"525\" \/>B\u1ea3o h\u00e0nh: 12 th\u00e1ng theo ti\u00eau chu\u1ea9n nh\u00e0 m\u00e1y<br data-start=\"567\" data-end=\"570\" \/><span style=\"color: #ed1c24;\"><em data-start=\"570\" data-end=\"722\">L\u01b0u \u00fd: Gi\u00e1 tr\u00ean ch\u01b0a bao g\u1ed3m VAT v\u00e0 ph\u00ed v\u1eadn chuy\u1ec3n. Gi\u00e1 s\u1ea3n ph\u1ea9m c\u00f3 th\u1ec3 thay \u0111\u1ed5i theo t\u1eebng th\u1eddi \u0111i\u1ec3m, vui l\u00f2ng li\u00ean h\u1ec7 \u0111\u1ec3 nh\u1eadn t\u01b0 v\u1ea5n \u01b0u \u0111\u00e3i t\u1ed1t nh\u1ea5t.<\/em><\/span><\/p>\n","protected":false},"featured_media":3969,"comment_status":"open","ping_status":"closed","template":"","meta":[],"product_brand":[],"product_cat":[17,177],"product_tag":[],"class_list":{"0":"post-3968","1":"product","2":"type-product","3":"status-publish","4":"has-post-thumbnail","6":"product_cat-noi-that-van-phong","7":"product_cat-ban-nhan-vien","9":"first","10":"instock","11":"taxable","12":"shipping-taxable","13":"purchasable","14":"product-type-simple"},"_links":{"self":[{"href":"https:\/\/www.noithathuuthinh.vn\/zh-hans\/wp-json\/wp\/v2\/product\/3968","targetHints":{"allow":["GET"]}}],"collection":[{"href":"https:\/\/www.noithathuuthinh.vn\/zh-hans\/wp-json\/wp\/v2\/product"}],"about":[{"href":"https:\/\/www.noithathuuthinh.vn\/zh-hans\/wp-json\/wp\/v2\/types\/product"}],"replies":[{"embeddable":true,"href":"https:\/\/www.noithathuuthinh.vn\/zh-hans\/wp-json\/wp\/v2\/comments?post=3968"}],"wp:featuredmedia":[{"embeddable":true,"href":"https:\/\/www.noithathuuthinh.vn\/zh-hans\/wp-json\/wp\/v2\/media\/3969"}],"wp:attachment":[{"href":"https:\/\/www.noithathuuthinh.vn\/zh-hans\/wp-json\/wp\/v2\/media?parent=3968"}],"wp:term":[{"taxonomy":"product_brand","embeddable":true,"href":"https:\/\/www.noithathuuthinh.vn\/zh-hans\/wp-json\/wp\/v2\/product_brand?post=3968"},{"taxonomy":"product_cat","embeddable":true,"href":"https:\/\/www.noithathuuthinh.vn\/zh-hans\/wp-json\/wp\/v2\/product_cat?post=3968"},{"taxonomy":"product_tag","embeddable":true,"href":"https:\/\/www.noithathuuthinh.vn\/zh-hans\/wp-json\/wp\/v2\/product_tag?post=3968"}],"curies":[{"name":"wp","href":"https:\/\/api.w.org\/{rel}","templated":true}]}}