{"id":3980,"date":"2025-10-24T15:05:34","date_gmt":"2025-10-24T08:05:34","guid":{"rendered":"https:\/\/noithathuuthinh.vn\/?post_type=product&#038;p=3980"},"modified":"2025-11-24T14:27:41","modified_gmt":"2025-11-24T07:27:41","slug":"ban-nhan-vien-bmt01","status":"publish","type":"product","link":"https:\/\/www.noithathuuthinh.vn\/zh-hans\/san-pham\/ban-nhan-vien-bmt01\/","title":{"rendered":"B\u00e0n nh\u00e2n vi\u00ean BMT01"},"content":{"rendered":"<p data-start=\"593\" data-end=\"1027\">B\u00e0n nh\u00e2n vi\u00ean <strong data-start=\"649\" data-end=\"658\">BMT01<\/strong> l\u00e0 l\u1ef1a ch\u1ecdn l\u00fd t\u01b0\u1edfng cho nh\u1eefng ai \u0111ang t\u00ecm ki\u1ebfm m\u1ed9t m\u1eabu b\u00e0n l\u00e0m vi\u1ec7c nh\u1ecf g\u1ecdn, hi\u1ec7n \u0111\u1ea1i v\u00e0 t\u00edch h\u1ee3p nhi\u1ec1u c\u00f4ng n\u0103ng trong c\u00f9ng m\u1ed9t thi\u1ebft k\u1ebf. V\u1edbi s\u1ef1 k\u1ebft h\u1ee3p tinh t\u1ebf gi\u1eefa <strong data-start=\"827\" data-end=\"855\">khung th\u00e9p s\u01a1n t\u0129nh \u0111i\u1ec7n<\/strong> v\u00e0 <strong data-start=\"859\" data-end=\"882\">m\u1eb7t b\u00e0n g\u1ed7 Melamine<\/strong>, s\u1ea3n ph\u1ea9m mang \u0111\u1ebfn v\u1ebb \u0111\u1eb9p thanh l\u1ecbch nh\u01b0ng kh\u00f4ng k\u00e9m ph\u1ea7n b\u1ec1n b\u1ec9, th\u00edch h\u1ee3p cho c\u1ea3 kh\u00f4ng gian v\u0103n ph\u00f2ng chuy\u00ean nghi\u1ec7p l\u1eabn g\u00f3c h\u1ecdc t\u1eadp t\u1ea1i nh\u00e0.<\/p>\n<p data-start=\"1029\" data-end=\"1304\">\u0110i\u1ec3m n\u1ed5i b\u1eadt \u0111\u1ea7u ti\u00ean c\u1ee7a b\u00e0n BMT01 n\u1eb1m \u1edf <strong data-start=\"1071\" data-end=\"1099\">khung th\u00e9p s\u01a1n t\u0129nh \u0111i\u1ec7n<\/strong> ch\u1eafc ch\u1eafn, gi\u00fap b\u00e0n c\u00f3 kh\u1ea3 n\u0103ng ch\u1ecbu l\u1ef1c t\u1ed1t, kh\u00f4ng cong v\u00eanh hay g\u1ec9 s\u00e9t theo th\u1eddi gian. L\u1edbp s\u01a1n t\u0129nh \u0111i\u1ec7n cao c\u1ea5p kh\u00f4ng ch\u1ec9 t\u0103ng \u0111\u1ed9 b\u1ec1n m\u00e0 c\u00f2n gi\u1eef cho s\u1ea3n ph\u1ea9m lu\u00f4n s\u00e1ng b\u00f3ng, d\u1ec5 v\u1ec7 sinh v\u00e0 \u00edt b\u00e1m b\u1ee5i.<\/p>\n<p data-start=\"1306\" data-end=\"1589\">Ph\u1ea7n <strong data-start=\"1311\" data-end=\"1334\">m\u1eb7t b\u00e0n g\u1ed7 Melamine<\/strong> \u0111\u01b0\u1ee3c ph\u1ee7 l\u1edbp ch\u1ed1ng tr\u1ea7y x\u01b0\u1edbc, ch\u1ed1ng th\u1ea5m n\u01b0\u1edbc, \u0111\u1ea3m b\u1ea3o \u0111\u1ed9 b\u1ec1n l\u00e2u d\u00e0i v\u00e0 gi\u1eef \u0111\u01b0\u1ee3c v\u1ebb \u0111\u1eb9p t\u1ef1 nhi\u00ean c\u1ee7a v\u00e2n g\u1ed7. M\u00e0u s\u1eafc g\u1ed7 h\u00e0i h\u00f2a, d\u1ec5 d\u00e0ng ph\u1ed1i h\u1ee3p v\u1edbi nhi\u1ec1u phong c\u00e1ch n\u1ed9i th\u1ea5t kh\u00e1c nhau \u2013 t\u1eeb v\u0103n ph\u00f2ng hi\u1ec7n \u0111\u1ea1i \u0111\u1ebfn kh\u00f4ng gian h\u1ecdc t\u1eadp, l\u00e0m vi\u1ec7c t\u1ea1i nh\u00e0.<\/p>\n<p data-start=\"1591\" data-end=\"1891\">Thi\u1ebft k\u1ebf <strong data-start=\"1600\" data-end=\"1629\">t\u00edch h\u1ee3p nhi\u1ec1u t\u1ea7ng \u0111\u1ec3 \u0111\u1ed3<\/strong> c\u1ee7a b\u00e0n BMT01 l\u00e0 m\u1ed9t \u0111i\u1ec3m c\u1ed9ng l\u1edbn, gi\u00fap ng\u01b0\u1eddi d\u00f9ng d\u1ec5 d\u00e0ng s\u1eafp x\u1ebfp m\u00e1y t\u00ednh, t\u00e0i li\u1ec7u, s\u00e1ch v\u1edf v\u00e0 c\u00e1c v\u1eadt d\u1ee5ng c\u00e1 nh\u00e2n m\u1ed9t c\u00e1ch ng\u0103n n\u1eafp. Ph\u1ea7n gi\u00e1 \u0111\u1ee1 ph\u00eda tr\u00ean t\u1ea1o kh\u00f4ng gian l\u01b0u tr\u1eef ti\u1ec7n l\u1ee3i, \u0111\u1ed3ng th\u1eddi gi\u00fap t\u1ed1i \u01b0u di\u1ec7n t\u00edch s\u1eed d\u1ee5ng cho nh\u1eefng kh\u00f4ng gian nh\u1ecf.<\/p>\n<p data-start=\"1893\" data-end=\"2269\">Chi\u1ec1u cao b\u00e0n \u0111\u01b0\u1ee3c t\u00ednh to\u00e1n khoa h\u1ecdc, ph\u00f9 h\u1ee3p v\u1edbi v\u00f3c d\u00e1ng ng\u01b0\u1eddi Vi\u1ec7t Nam, mang \u0111\u1ebfn <strong data-start=\"1978\" data-end=\"2012\">t\u01b0 th\u1ebf ng\u1ed3i l\u00e0m vi\u1ec7c tho\u1ea3i m\u00e1i<\/strong>, h\u1ea1n ch\u1ebf c\u00e1c v\u1ea5n \u0111\u1ec1 v\u1ec1 c\u1ed9t s\u1ed1ng, c\u1ed5 v\u00e0 vai g\u00e1y khi s\u1eed d\u1ee5ng trong th\u1eddi gian d\u00e0i. V\u1edbi k\u00edch th\u01b0\u1edbc <strong data-start=\"2108\" data-end=\"2134\">W920 x D550 x H1280 mm<\/strong>, b\u00e0n kh\u00f4ng chi\u1ebfm qu\u00e1 nhi\u1ec1u di\u1ec7n t\u00edch nh\u01b0ng v\u1eabn \u0111\u1ea3m b\u1ea3o \u0111\u1ea7y \u0111\u1ee7 c\u00f4ng n\u0103ng s\u1eed d\u1ee5ng cho m\u00e1y t\u00ednh, t\u00e0i li\u1ec7u v\u00e0 c\u00e1c thi\u1ebft b\u1ecb ph\u1ee5 tr\u1ee3 kh\u00e1c.<\/p>\n<p data-start=\"2271\" data-end=\"2480\">B\u00ean c\u1ea1nh \u0111\u00f3, b\u00e0n nh\u00e2n vi\u00ean BMT01 c\u00f2n \u0111\u01b0\u1ee3c \u0111\u00e1nh gi\u00e1 cao nh\u1edd <strong data-start=\"2330\" data-end=\"2362\">t\u00ednh linh ho\u1ea1t v\u00e0 d\u1ec5 l\u1eafp \u0111\u1eb7t<\/strong>. K\u1ebft c\u1ea5u th\u00e1o l\u1eafp th\u00f4ng minh cho ph\u00e9p di chuy\u1ec3n d\u1ec5 d\u00e0ng, ph\u00f9 h\u1ee3p v\u1edbi nhu c\u1ea7u thay \u0111\u1ed5i v\u1ecb tr\u00ed ho\u1eb7c chuy\u1ec3n v\u0103n ph\u00f2ng.<\/p>\n<p data-start=\"2482\" data-end=\"2840\">S\u1ea3n ph\u1ea9m l\u00e0 l\u1ef1a ch\u1ecdn ho\u00e0n h\u1ea3o cho <strong data-start=\"2516\" data-end=\"2588\">nh\u00e2n vi\u00ean v\u0103n ph\u00f2ng, sinh vi\u00ean, h\u1ecdc sinh ho\u1eb7c ng\u01b0\u1eddi l\u00e0m vi\u1ec7c t\u1ea1i nh\u00e0<\/strong> mu\u1ed1n t\u00ecm ki\u1ebfm m\u1ed9t chi\u1ebfc b\u00e0n nh\u1ecf g\u1ecdn nh\u01b0ng ti\u1ec7n \u00edch v\u00e0 th\u1ea9m m\u1ef9. V\u1edbi thi\u1ebft k\u1ebf hi\u1ec7n \u0111\u1ea1i, ch\u1ea5t li\u1ec7u b\u1ec1n \u0111\u1eb9p v\u00e0 gi\u00e1 th\u00e0nh h\u1ee3p l\u00fd, b\u00e0n nh\u00e2n vi\u00ean BMT01 x\u1ee9ng \u0111\u00e1ng l\u00e0 m\u1ed9t trong nh\u1eefng s\u1ea3n ph\u1ea9m \u0111\u01b0\u1ee3c \u01b0a chu\u1ed9ng nh\u1ea5t hi\u1ec7n nay trong ph\u00e2n kh\u00fac b\u00e0n m\u00e1y t\u00ednh \u0111a n\u0103ng.<\/p>\n<p data-start=\"2842\" data-end=\"3005\" data-is-last-node=\"\" data-is-only-node=\"\">N\u1ebfu b\u1ea1n \u0111ang t\u00ecm m\u1ed9t chi\u1ebfc b\u00e0n v\u1eeba <strong data-start=\"2877\" data-end=\"2934\">th\u1eddi trang, ti\u1ec7n d\u1ee5ng, b\u1ec1n b\u1ec9 v\u00e0 ti\u1ebft ki\u1ec7m kh\u00f4ng gian<\/strong>, th\u00ec b\u00e0n nh\u00e2n vi\u00ean BMT01 ch\u1eafc ch\u1eafn s\u1ebd l\u00e0 s\u1ef1 l\u1ef1a ch\u1ecdn kh\u00f4ng th\u1ec3 b\u1ecf qua.<\/p>\n","protected":false},"excerpt":{"rendered":"<p data-start=\"27\" data-end=\"240\">B\u00e0n nh\u00e2n vi\u00ean BMT01 l\u00e0 m\u1eabu b\u00e0n m\u00e1y t\u00ednh khung th\u00e9p s\u01a1n t\u0129nh \u0111i\u1ec7n k\u1ebft h\u1ee3p m\u1eb7t b\u00e0n g\u1ed7 Melamine, mang phong c\u00e1ch hi\u1ec7n \u0111\u1ea1i v\u00e0 ti\u1ec7n d\u1ee5ng cho kh\u00f4ng gian l\u00e0m vi\u1ec7c v\u0103n ph\u00f2ng ho\u1eb7c gia \u0111\u00ecnh.<\/p>\n<p data-start=\"242\" data-end=\"586\">K\u00edch th\u01b0\u1edbc: W920 x D550 x H1280 (mm)<br data-start=\"278\" data-end=\"281\" \/>Xu\u1ea5t x\u1ee9: S\u1ea3n ph\u1ea9m c\u1ee7a c\u00f4ng ty <strong data-start=\"311\" data-end=\"331\">N\u1ed8I TH\u1ea4T THE ONE<\/strong> \u2013 Ph\u00e2n ph\u1ed1i b\u1edfi <strong data-start=\"348\" data-end=\"384\">C\u00d4NG TY TNHH SXTM TTNT H\u1eeeU TH\u1ecaNH<\/strong><br data-start=\"384\" data-end=\"387\" \/>B\u1ea3o h\u00e0nh: 12 th\u00e1ng theo ti\u00eau chu\u1ea9n nh\u00e0 m\u00e1y<br data-start=\"429\" data-end=\"432\" data-is-only-node=\"\" \/><span style=\"color: #ed1c24;\"><em data-start=\"432\" data-end=\"584\">L\u01b0u \u00fd: Gi\u00e1 tr\u00ean ch\u01b0a bao g\u1ed3m VAT v\u00e0 ph\u00ed v\u1eadn chuy\u1ec3n. Gi\u00e1 s\u1ea3n ph\u1ea9m c\u00f3 th\u1ec3 thay \u0111\u1ed5i theo t\u1eebng th\u1eddi \u0111i\u1ec3m, vui l\u00f2ng li\u00ean h\u1ec7 \u0111\u1ec3 nh\u1eadn t\u01b0 v\u1ea5n \u01b0u \u0111\u00e3i t\u1ed1t nh\u1ea5t.<\/em><\/span><\/p>\n","protected":false},"featured_media":3981,"comment_status":"open","ping_status":"closed","template":"","meta":[],"product_brand":[],"product_cat":[17,179],"product_tag":[],"class_list":{"0":"post-3980","1":"product","2":"type-product","3":"status-publish","4":"has-post-thumbnail","6":"product_cat-noi-that-van-phong","7":"product_cat-ban-lam-viec-chan-sat","9":"first","10":"instock","11":"taxable","12":"shipping-taxable","13":"purchasable","14":"product-type-simple"},"_links":{"self":[{"href":"https:\/\/www.noithathuuthinh.vn\/zh-hans\/wp-json\/wp\/v2\/product\/3980","targetHints":{"allow":["GET"]}}],"collection":[{"href":"https:\/\/www.noithathuuthinh.vn\/zh-hans\/wp-json\/wp\/v2\/product"}],"about":[{"href":"https:\/\/www.noithathuuthinh.vn\/zh-hans\/wp-json\/wp\/v2\/types\/product"}],"replies":[{"embeddable":true,"href":"https:\/\/www.noithathuuthinh.vn\/zh-hans\/wp-json\/wp\/v2\/comments?post=3980"}],"wp:featuredmedia":[{"embeddable":true,"href":"https:\/\/www.noithathuuthinh.vn\/zh-hans\/wp-json\/wp\/v2\/media\/3981"}],"wp:attachment":[{"href":"https:\/\/www.noithathuuthinh.vn\/zh-hans\/wp-json\/wp\/v2\/media?parent=3980"}],"wp:term":[{"taxonomy":"product_brand","embeddable":true,"href":"https:\/\/www.noithathuuthinh.vn\/zh-hans\/wp-json\/wp\/v2\/product_brand?post=3980"},{"taxonomy":"product_cat","embeddable":true,"href":"https:\/\/www.noithathuuthinh.vn\/zh-hans\/wp-json\/wp\/v2\/product_cat?post=3980"},{"taxonomy":"product_tag","embeddable":true,"href":"https:\/\/www.noithathuuthinh.vn\/zh-hans\/wp-json\/wp\/v2\/product_tag?post=3980"}],"curies":[{"name":"wp","href":"https:\/\/api.w.org\/{rel}","templated":true}]}}