{"id":3982,"date":"2025-10-24T15:09:35","date_gmt":"2025-10-24T08:09:35","guid":{"rendered":"https:\/\/noithathuuthinh.vn\/?post_type=product&#038;p=3982"},"modified":"2025-11-24T14:27:03","modified_gmt":"2025-11-24T07:27:03","slug":"ban-nhan-vien-bmt46","status":"publish","type":"product","link":"https:\/\/www.noithathuuthinh.vn\/zh-hans\/san-pham\/ban-nhan-vien-bmt46\/","title":{"rendered":"B\u00e0n nh\u00e2n vi\u00ean BMT46"},"content":{"rendered":"<p data-start=\"658\" data-end=\"1042\">B\u00e0n nh\u00e2n vi\u00ean <strong data-start=\"714\" data-end=\"723\">BMT46<\/strong> l\u00e0 m\u1ed9t trong nh\u1eefng m\u1eabu b\u00e0n m\u00e1y t\u00ednh \u0111\u01b0\u1ee3c \u01b0a chu\u1ed9ng nh\u1edd thi\u1ebft k\u1ebf hi\u1ec7n \u0111\u1ea1i, g\u1ecdn g\u00e0ng v\u00e0 t\u1ed1i \u01b0u c\u00f4ng n\u0103ng s\u1eed d\u1ee5ng. V\u1edbi s\u1ef1 k\u1ebft h\u1ee3p ho\u00e0n h\u1ea3o gi\u1eefa <strong data-start=\"865\" data-end=\"893\">khung th\u00e9p s\u01a1n t\u0129nh \u0111i\u1ec7n<\/strong> v\u00e0 <strong data-start=\"897\" data-end=\"921\">m\u1eb7t g\u1ed7 \u00e9p ch\u00e2n kh\u00f4ng<\/strong>, s\u1ea3n ph\u1ea9m kh\u00f4ng ch\u1ec9 \u0111\u1ea3m b\u1ea3o \u0111\u1ed9 b\u1ec1n m\u00e0 c\u00f2n mang \u0111\u1ebfn v\u1ebb \u0111\u1eb9p sang tr\u1ecdng, ph\u00f9 h\u1ee3p v\u1edbi nhi\u1ec1u kh\u00f4ng gian l\u00e0m vi\u1ec7c kh\u00e1c nhau.<\/p>\n<p data-start=\"1044\" data-end=\"1313\">Khung th\u00e9p s\u01a1n t\u0129nh \u0111i\u1ec7n c\u1ee7a b\u00e0n BMT46 \u0111\u01b0\u1ee3c x\u1eed l\u00fd k\u1ef9 l\u01b0\u1ee1ng b\u1eb1ng c\u00f4ng ngh\u1ec7 s\u01a1n cao c\u1ea5p, gi\u00fap ch\u1ed1ng g\u1ec9, ch\u1ed1ng tr\u1ea7y x\u01b0\u1edbc v\u00e0 duy tr\u00ec \u0111\u1ed9 b\u1ec1n \u0111\u1eb9p trong th\u1eddi gian d\u00e0i. Khung b\u00e0n ch\u1eafc ch\u1eafn, ch\u1ecbu l\u1ef1c t\u1ed1t, \u0111\u1ea3m b\u1ea3o s\u1ef1 \u1ed5n \u0111\u1ecbnh khi s\u1eed d\u1ee5ng m\u00e1y t\u00ednh ho\u1eb7c c\u00e1c thi\u1ebft b\u1ecb \u0111i\u1ec7n t\u1eed kh\u00e1c.<\/p>\n<p data-start=\"1315\" data-end=\"1630\">Ph\u1ea7n <strong data-start=\"1320\" data-end=\"1348\">m\u1eb7t b\u00e0n g\u1ed7 \u00e9p ch\u00e2n kh\u00f4ng<\/strong> c\u00f3 \u0111\u1ed9 ph\u1eb3ng v\u00e0 m\u1ecbn cao, \u0111\u01b0\u1ee3c ph\u1ee7 l\u1edbp b\u1ea3o v\u1ec7 gi\u00fap ch\u1ed1ng \u1ea9m, ch\u1ed1ng tr\u1ea7y x\u01b0\u1edbc, \u0111\u1ed3ng th\u1eddi d\u1ec5 d\u00e0ng lau ch\u00f9i v\u1ec7 sinh. Ch\u1ea5t li\u1ec7u n\u00e0y mang \u0111\u1ebfn c\u1ea3m gi\u00e1c hi\u1ec7n \u0111\u1ea1i, tinh t\u1ebf nh\u01b0ng v\u1eabn \u0111\u1ea3m b\u1ea3o t\u00ednh b\u1ec1n b\u1ec9 \u2013 \u0111\u1eb7c bi\u1ec7t ph\u00f9 h\u1ee3p v\u1edbi m\u00f4i tr\u01b0\u1eddng v\u0103n ph\u00f2ng ho\u1eb7c h\u1ecdc t\u1eadp th\u01b0\u1eddng xuy\u00ean s\u1eed d\u1ee5ng m\u00e1y t\u00ednh.<\/p>\n<p data-start=\"1632\" data-end=\"2010\">V\u1edbi <strong data-start=\"1636\" data-end=\"1674\">k\u00edch th\u01b0\u1edbc W1000 x D620 x H1080 mm<\/strong>, b\u00e0n BMT46 \u0111\u01b0\u1ee3c thi\u1ebft k\u1ebf khoa h\u1ecdc \u0111\u1ec3 t\u1ed1i \u01b0u di\u1ec7n t\u00edch l\u00e0m vi\u1ec7c. Ph\u1ea7n m\u1eb7t b\u00e0n \u0111\u1ee7 r\u1ed9ng \u0111\u1ec3 \u0111\u1eb7t m\u00e1y t\u00ednh, t\u00e0i li\u1ec7u, d\u1ee5ng c\u1ee5 v\u0103n ph\u00f2ng m\u00e0 v\u1eabn gi\u1eef kh\u00f4ng gian tho\u00e1ng \u0111\u00e3ng. Ngo\u00e0i ra, b\u00e0n c\u00f2n \u0111\u01b0\u1ee3c b\u1ed1 tr\u00ed th\u00eam c\u00e1c t\u1ea7ng, gi\u00e1 \u0111\u1ee1 ph\u1ee5 ti\u1ec7n l\u1ee3i gi\u00fap ng\u01b0\u1eddi d\u00f9ng s\u1eafp x\u1ebfp v\u1eadt d\u1ee5ng m\u1ed9t c\u00e1ch ng\u0103n n\u1eafp, t\u1ea1o n\u00ean khu v\u1ef1c l\u00e0m vi\u1ec7c hi\u1ec7u qu\u1ea3 v\u00e0 chuy\u00ean nghi\u1ec7p.<\/p>\n<p data-start=\"2012\" data-end=\"2319\">B\u00ean c\u1ea1nh y\u1ebfu t\u1ed1 c\u00f4ng n\u0103ng, b\u00e0n nh\u00e2n vi\u00ean BMT46 c\u00f2n mang phong c\u00e1ch <strong data-start=\"2079\" data-end=\"2112\">thi\u1ebft k\u1ebf tr\u1ebb trung, n\u0103ng \u0111\u1ed9ng<\/strong>, ph\u00f9 h\u1ee3p v\u1edbi nhi\u1ec1u ki\u1ec3u n\u1ed9i th\u1ea5t hi\u1ec7n \u0111\u1ea1i. S\u1ef1 k\u1ebft h\u1ee3p gi\u1eefa m\u00e0u s\u1eafc nh\u1eb9 nh\u00e0ng c\u1ee7a g\u1ed7 v\u00e0 gam trung t\u00ednh c\u1ee7a khung th\u00e9p t\u1ea1o n\u00ean t\u1ed5ng th\u1ec3 h\u00e0i h\u00f2a, d\u1ec5 d\u00e0ng ph\u1ed1i h\u1ee3p v\u1edbi gh\u1ebf xoay, t\u1ee7 t\u00e0i li\u1ec7u ho\u1eb7c k\u1ec7 v\u0103n ph\u00f2ng.<\/p>\n<p data-start=\"2321\" data-end=\"2594\">Nh\u1edd thi\u1ebft k\u1ebf th\u00f4ng minh, s\u1ea3n ph\u1ea9m d\u1ec5 d\u00e0ng <strong data-start=\"2363\" data-end=\"2397\">l\u1eafp r\u00e1p, th\u00e1o r\u1eddi v\u00e0 di chuy\u1ec3n<\/strong>, thu\u1eadn ti\u1ec7n cho ng\u01b0\u1eddi d\u00f9ng trong qu\u00e1 tr\u00ecnh s\u1eafp x\u1ebfp ho\u1eb7c thay \u0111\u1ed5i v\u1ecb tr\u00ed l\u00e0m vi\u1ec7c. \u0110\u00e2y l\u00e0 l\u1ef1a ch\u1ecdn l\u00fd t\u01b0\u1edfng cho nh\u1eefng ai c\u1ea7n m\u1ed9t chi\u1ebfc b\u00e0n nh\u1ecf g\u1ecdn nh\u01b0ng v\u1eabn \u0111\u1ea3m b\u1ea3o t\u00ednh ti\u1ec7n d\u1ee5ng v\u00e0 th\u1ea9m m\u1ef9 cao.<\/p>\n<p data-start=\"2596\" data-end=\"2940\">B\u00e0n nh\u00e2n vi\u00ean <strong data-start=\"2610\" data-end=\"2619\">BMT46<\/strong> ph\u00f9 h\u1ee3p s\u1eed d\u1ee5ng t\u1ea1i <strong data-start=\"2640\" data-end=\"2736\">v\u0103n ph\u00f2ng doanh nghi\u1ec7p, ph\u00f2ng h\u1ecdc, ph\u00f2ng l\u00e0m vi\u1ec7c t\u1ea1i nh\u00e0 ho\u1eb7c kh\u00f4ng gian coworking hi\u1ec7n \u0111\u1ea1i<\/strong>. V\u1edbi s\u1ef1 k\u1ebft h\u1ee3p ho\u00e0n h\u1ea3o gi\u1eefa ch\u1ea5t li\u1ec7u, c\u00f4ng n\u0103ng v\u00e0 thi\u1ebft k\u1ebf, s\u1ea3n ph\u1ea9m kh\u00f4ng ch\u1ec9 \u0111\u00e1p \u1ee9ng nhu c\u1ea7u l\u00e0m vi\u1ec7c hi\u1ec7u qu\u1ea3 m\u00e0 c\u00f2n g\u00f3p ph\u1ea7n t\u1ea1o n\u00ean m\u00f4i tr\u01b0\u1eddng l\u00e0m vi\u1ec7c chuy\u00ean nghi\u1ec7p, ng\u0103n n\u1eafp v\u00e0 \u0111\u1ea7y c\u1ea3m h\u1ee9ng.<\/p>\n<p data-start=\"2942\" data-end=\"3123\" data-is-last-node=\"\" data-is-only-node=\"\">N\u1ebfu b\u1ea1n \u0111ang t\u00ecm ki\u1ebfm m\u1ed9t m\u1eabu b\u00e0n l\u00e0m vi\u1ec7c <strong data-start=\"2985\" data-end=\"3029\">b\u1ec1n \u0111\u1eb9p, ch\u1eafc ch\u1eafn, hi\u1ec7n \u0111\u1ea1i v\u00e0 ti\u1ec7n \u00edch<\/strong>, b\u00e0n nh\u00e2n vi\u00ean BMT46 ch\u00ednh l\u00e0 l\u1ef1a ch\u1ecdn \u0111\u00e1ng c\u00e2n nh\u1eafc \u0111\u1ec3 n\u00e2ng t\u1ea7m kh\u00f4ng gian l\u00e0m vi\u1ec7c c\u1ee7a b\u1ea1n.<\/p>\n","protected":false},"excerpt":{"rendered":"<p data-start=\"27\" data-end=\"304\">B\u00e0n nh\u00e2n vi\u00ean BMT46 l\u00e0 m\u1eabu b\u00e0n m\u00e1y t\u00ednh hi\u1ec7n \u0111\u1ea1i, \u0111\u01b0\u1ee3c thi\u1ebft k\u1ebf v\u1edbi <strong data-start=\"126\" data-end=\"154\">khung th\u00e9p s\u01a1n t\u0129nh \u0111i\u1ec7n<\/strong> k\u1ebft h\u1ee3p <strong data-start=\"163\" data-end=\"187\">m\u1eb7t g\u1ed7 \u00e9p ch\u00e2n kh\u00f4ng<\/strong> b\u1ec1n \u0111\u1eb9p, mang \u0111\u1ebfn phong c\u00e1ch l\u00e0m vi\u1ec7c chuy\u00ean nghi\u1ec7p v\u00e0 g\u1ecdn g\u00e0ng cho kh\u00f4ng gian v\u0103n ph\u00f2ng ho\u1eb7c g\u00f3c h\u1ecdc t\u1eadp t\u1ea1i nh\u00e0.<\/p>\n<p data-start=\"306\" data-end=\"651\">K\u00edch th\u01b0\u1edbc: W1000 x D620 x H1080 (mm)<br data-start=\"343\" data-end=\"346\" \/>Xu\u1ea5t x\u1ee9: S\u1ea3n ph\u1ea9m c\u1ee7a c\u00f4ng ty <strong data-start=\"376\" data-end=\"396\">N\u1ed8I TH\u1ea4T THE ONE<\/strong> \u2013 Ph\u00e2n ph\u1ed1i b\u1edfi <strong data-start=\"413\" data-end=\"449\">C\u00d4NG TY TNHH SXTM TTNT H\u1eeeU TH\u1ecaNH<\/strong><br data-start=\"449\" data-end=\"452\" \/>B\u1ea3o h\u00e0nh: 12 th\u00e1ng theo ti\u00eau chu\u1ea9n nh\u00e0 m\u00e1y<br data-start=\"494\" data-end=\"497\" \/><span style=\"color: #ed1c24;\"><em data-start=\"497\" data-end=\"649\">L\u01b0u \u00fd: Gi\u00e1 tr\u00ean ch\u01b0a bao g\u1ed3m VAT v\u00e0 ph\u00ed v\u1eadn chuy\u1ec3n. Gi\u00e1 s\u1ea3n ph\u1ea9m c\u00f3 th\u1ec3 thay \u0111\u1ed5i theo t\u1eebng th\u1eddi \u0111i\u1ec3m, vui l\u00f2ng li\u00ean h\u1ec7 \u0111\u1ec3 nh\u1eadn t\u01b0 v\u1ea5n \u01b0u \u0111\u00e3i t\u1ed1t nh\u1ea5t.<\/em><\/span><\/p>\n","protected":false},"featured_media":3983,"comment_status":"open","ping_status":"closed","template":"","meta":[],"product_brand":[],"product_cat":[17,179],"product_tag":[],"class_list":{"0":"post-3982","1":"product","2":"type-product","3":"status-publish","4":"has-post-thumbnail","6":"product_cat-noi-that-van-phong","7":"product_cat-ban-lam-viec-chan-sat","9":"first","10":"instock","11":"taxable","12":"shipping-taxable","13":"purchasable","14":"product-type-simple"},"_links":{"self":[{"href":"https:\/\/www.noithathuuthinh.vn\/zh-hans\/wp-json\/wp\/v2\/product\/3982","targetHints":{"allow":["GET"]}}],"collection":[{"href":"https:\/\/www.noithathuuthinh.vn\/zh-hans\/wp-json\/wp\/v2\/product"}],"about":[{"href":"https:\/\/www.noithathuuthinh.vn\/zh-hans\/wp-json\/wp\/v2\/types\/product"}],"replies":[{"embeddable":true,"href":"https:\/\/www.noithathuuthinh.vn\/zh-hans\/wp-json\/wp\/v2\/comments?post=3982"}],"wp:featuredmedia":[{"embeddable":true,"href":"https:\/\/www.noithathuuthinh.vn\/zh-hans\/wp-json\/wp\/v2\/media\/3983"}],"wp:attachment":[{"href":"https:\/\/www.noithathuuthinh.vn\/zh-hans\/wp-json\/wp\/v2\/media?parent=3982"}],"wp:term":[{"taxonomy":"product_brand","embeddable":true,"href":"https:\/\/www.noithathuuthinh.vn\/zh-hans\/wp-json\/wp\/v2\/product_brand?post=3982"},{"taxonomy":"product_cat","embeddable":true,"href":"https:\/\/www.noithathuuthinh.vn\/zh-hans\/wp-json\/wp\/v2\/product_cat?post=3982"},{"taxonomy":"product_tag","embeddable":true,"href":"https:\/\/www.noithathuuthinh.vn\/zh-hans\/wp-json\/wp\/v2\/product_tag?post=3982"}],"curies":[{"name":"wp","href":"https:\/\/api.w.org\/{rel}","templated":true}]}}