{"id":4008,"date":"2025-10-24T17:04:46","date_gmt":"2025-10-24T10:04:46","guid":{"rendered":"https:\/\/noithathuuthinh.vn\/?post_type=product&#038;p=4008"},"modified":"2025-10-24T17:04:47","modified_gmt":"2025-10-24T10:04:47","slug":"ban-hop-van-phong-ct2010h2","status":"publish","type":"product","link":"https:\/\/www.noithathuuthinh.vn\/zh-hans\/san-pham\/ban-hop-van-phong-ct2010h2\/","title":{"rendered":"B\u00e0n h\u1ecdp v\u0103n ph\u00f2ng CT2010H2"},"content":{"rendered":"<p data-start=\"780\" data-end=\"1200\">B\u00e0n h\u1ecdp v\u0103n ph\u00f2ng CT2010H2 l\u00e0 d\u00f2ng s\u1ea3n ph\u1ea9m \u0111\u01b0\u1ee3c thi\u1ebft k\u1ebf d\u00e0nh ri\u00eang cho c\u00e1c kh\u00f4ng gian h\u1ecdp hi\u1ec7n \u0111\u1ea1i, n\u01a1i \u0111\u1ec1 cao s\u1ef1 sang tr\u1ecdng, tinh t\u1ebf v\u00e0 t\u00ednh chuy\u00ean nghi\u1ec7p. V\u1edbi ki\u1ec3u d\u00e1ng m\u1eb7t l\u01b0\u1ee3n nh\u1eb9 nh\u00e0ng c\u00f9ng ch\u00e2n b\u00e0n gh\u00e9p h\u1ed9p l\u01b0\u1ee3n cong \u0111\u1ed9c \u0111\u00e1o, b\u00e0n h\u1ecdp CT2010H2 mang \u0111\u1ebfn c\u1ea3m gi\u00e1c m\u1ec1m m\u1ea1i, thanh tho\u00e1t nh\u01b0ng v\u1eabn \u0111\u1ea3m b\u1ea3o s\u1ef1 v\u1eefng ch\u00e3i v\u00e0 b\u1ec1 th\u1ebf c\u1ea7n c\u00f3 trong kh\u00f4ng gian h\u1ecdp c\u1ee7a doanh nghi\u1ec7p.<\/p>\n<p data-start=\"1202\" data-end=\"1626\">S\u1ea3n ph\u1ea9m \u0111\u01b0\u1ee3c s\u1ea3n xu\u1ea5t t\u1eeb <strong data-start=\"1228\" data-end=\"1275\">ch\u1ea5t li\u1ec7u g\u1ed7 c\u00f4ng nghi\u1ec7p cao c\u1ea5p ph\u1ee7 s\u01a1n PU<\/strong>, mang \u0111\u1ebfn b\u1ec1 m\u1eb7t s\u00e1ng b\u00f3ng, m\u1ecbn m\u00e0ng v\u00e0 kh\u1ea3 n\u0103ng ch\u1ed1ng tr\u1ea7y x\u01b0\u1edbc, ch\u1ed1ng th\u1ea5m hi\u1ec7u qu\u1ea3. L\u1edbp s\u01a1n PU kh\u00f4ng ch\u1ec9 gi\u00fap b\u1ea3o v\u1ec7 b\u00e0n kh\u1ecfi t\u00e1c \u0111\u1ed9ng c\u1ee7a m\u00f4i tr\u01b0\u1eddng m\u00e0 c\u00f2n l\u00e0m n\u1ed5i b\u1eadt v\u00e2n g\u1ed7 t\u1ef1 nhi\u00ean, t\u1ea1o chi\u1ec1u s\u00e2u v\u00e0 \u0111\u1ed9 b\u00f3ng sang tr\u1ecdng cho s\u1ea3n ph\u1ea9m. \u0110\u00e2y l\u00e0 l\u1ef1a ch\u1ecdn l\u00fd t\u01b0\u1edfng cho nh\u1eefng ph\u00f2ng h\u1ecdp c\u1ea7n to\u00e1t l\u00ean v\u1ebb uy nghi\u00eam, trang tr\u1ecdng m\u00e0 v\u1eabn hi\u1ec7n \u0111\u1ea1i, tinh t\u1ebf.<\/p>\n<p data-start=\"1628\" data-end=\"2011\">V\u1edbi <strong data-start=\"1632\" data-end=\"1681\">k\u00edch th\u01b0\u1edbc ti\u00eau chu\u1ea9n W2000 x D1000 x H760 mm<\/strong> (v\u00e0 phi\u00ean b\u1ea3n l\u1edbn h\u01a1n CT2412H2: W2400 x D1200 x H760 mm), b\u00e0n h\u1ecdp CT2010H2 ph\u00f9 h\u1ee3p cho nh\u1eefng ph\u00f2ng h\u1ecdp nh\u1ecf \u0111\u1ebfn trung b\u00ecnh, \u0111\u00e1p \u1ee9ng nhu c\u1ea7u s\u1eed d\u1ee5ng cho 6\u201310 ng\u01b0\u1eddi. Thi\u1ebft k\u1ebf m\u1eb7t b\u00e0n r\u1ed9ng r\u00e3i gi\u00fap ng\u01b0\u1eddi d\u00f9ng tho\u1ea3i m\u00e1i khi s\u1eafp x\u1ebfp t\u00e0i li\u1ec7u, laptop ho\u1eb7c c\u00e1c thi\u1ebft b\u1ecb h\u1ecdp tr\u1ef1c tuy\u1ebfn, \u0111\u1ea3m b\u1ea3o kh\u00f4ng gian l\u00e0m vi\u1ec7c g\u1ecdn g\u00e0ng v\u00e0 ti\u1ec7n l\u1ee3i.<\/p>\n<p data-start=\"2013\" data-end=\"2532\">\u0110i\u1ec3m nh\u1ea5n c\u1ee7a b\u00e0n h\u1ecdp CT2010H2 ch\u00ednh l\u00e0 <strong data-start=\"2053\" data-end=\"2101\">ph\u1ea7n m\u1eb7t b\u00e0n \u0111\u01b0\u1ee3c thi\u1ebft k\u1ebf l\u01b0\u1ee3n cong m\u1ec1m m\u1ea1i<\/strong>, t\u1ea1o c\u1ea3m gi\u00e1c th\u00e2n thi\u1ec7n v\u00e0 g\u1ea7n g\u0169i h\u01a1n trong qu\u00e1 tr\u00ecnh trao \u0111\u1ed5i, th\u1ea3o lu\u1eadn. Thi\u1ebft k\u1ebf n\u00e0y kh\u00f4ng ch\u1ec9 gi\u00fap t\u1ed1i \u01b0u di\u1ec7n t\u00edch m\u00e0 c\u00f2n mang \u0111\u1ebfn t\u00ednh th\u1ea9m m\u1ef9 cao, gi\u00fap c\u0103n ph\u00f2ng tr\u1edf n\u00ean hi\u1ec7n \u0111\u1ea1i v\u00e0 tinh t\u1ebf h\u01a1n. B\u00ean c\u1ea1nh \u0111\u00f3, <strong data-start=\"2319\" data-end=\"2350\">ch\u00e2n b\u00e0n gh\u00e9p h\u1ed9p l\u01b0\u1ee3n cong<\/strong> l\u00e0 chi ti\u1ebft th\u1ec3 hi\u1ec7n s\u1ef1 s\u00e1ng t\u1ea1o v\u00e0 kh\u00e9o l\u00e9o trong ch\u1ebf t\u00e1c \u2013 v\u1eeba t\u1ea1o \u0111i\u1ec3m nh\u1ea5n v\u1ec1 h\u00ecnh kh\u1ed1i, v\u1eeba \u0111\u1ea3m b\u1ea3o kh\u1ea3 n\u0103ng ch\u1ecbu l\u1ef1c t\u1ed1t, gi\u00fap b\u00e0n lu\u00f4n \u1ed5n \u0111\u1ecbnh trong su\u1ed1t qu\u00e1 tr\u00ecnh s\u1eed d\u1ee5ng.<\/p>\n<p data-start=\"2534\" data-end=\"2944\">C\u1ea5u tr\u00fac b\u00e0n \u0111\u01b0\u1ee3c <strong data-start=\"2552\" data-end=\"2600\">li\u00ean k\u1ebft ch\u1eafc ch\u1eafn b\u1eb1ng h\u1ec7 khung g\u1ed7 ch\u1ecbu l\u1ef1c<\/strong> v\u00e0 c\u00e1c chi ti\u1ebft k\u1ebft n\u1ed1i \u1ea9n, \u0111\u1ea3m b\u1ea3o \u0111\u1ed9 b\u1ec1n v\u00e0 t\u00ednh an to\u00e0n cao. C\u00e1c \u0111\u01b0\u1eddng bo c\u1ea1nh \u0111\u01b0\u1ee3c x\u1eed l\u00fd t\u1ec9 m\u1ec9, tr\u01a1n nh\u1eb5n, tr\u00e1nh g\u00e2y tr\u1ea7y x\u01b0\u1edbc ho\u1eb7c kh\u00f3 ch\u1ecbu khi s\u1eed d\u1ee5ng, th\u1ec3 hi\u1ec7n s\u1ef1 \u0111\u1ea7u t\u01b0 k\u1ef9 l\u01b0\u1ee1ng trong quy tr\u00ecnh s\u1ea3n xu\u1ea5t. \u0110\u00e2y c\u0169ng ch\u00ednh l\u00e0 y\u1ebfu t\u1ed1 gi\u00fap b\u00e0n h\u1ecdp CT2010H2 tr\u1edf th\u00e0nh s\u1ea3n ph\u1ea9m n\u1ed5i b\u1eadt trong d\u00f2ng n\u1ed9i th\u1ea5t ph\u00f2ng h\u1ecdp c\u1ee7a <strong data-start=\"2921\" data-end=\"2941\">N\u1ed8I TH\u1ea4T THE ONE<\/strong>.<\/p>\n<p data-start=\"2946\" data-end=\"3287\">B\u00e0n h\u1ecdp CT2010H2 c\u00f3 th\u1ec3 d\u1ec5 d\u00e0ng <strong data-start=\"2978\" data-end=\"3051\">k\u1ebft h\u1ee3p v\u1edbi c\u00e1c m\u1eabu gh\u1ebf h\u1ecdp da, gh\u1ebf ch\u00e2n qu\u1ef3 ho\u1eb7c gh\u1ebf xoay l\u01b0ng trung<\/strong> \u0111\u1ec3 t\u1ea1o n\u00ean t\u1ed5ng th\u1ec3 \u0111\u1ed3ng b\u1ed9, h\u00e0i h\u00f2a v\u00e0 chuy\u00ean nghi\u1ec7p. T\u00f4ng m\u00e0u g\u1ed7 s\u01a1n PU truy\u1ec1n th\u1ed1ng gi\u00fap kh\u00f4ng gian tr\u1edf n\u00ean \u1ea5m c\u00fang, g\u1ea7n g\u0169i nh\u01b0ng v\u1eabn gi\u1eef \u0111\u01b0\u1ee3c v\u1ebb uy nghi v\u00e0 sang tr\u1ecdng, ph\u00f9 h\u1ee3p v\u1edbi m\u1ecdi phong c\u00e1ch n\u1ed9i th\u1ea5t t\u1eeb c\u1ed5 \u0111i\u1ec3n \u0111\u1ebfn hi\u1ec7n \u0111\u1ea1i.<\/p>\n<p data-start=\"3289\" data-end=\"3632\">Ngo\u00e0i y\u1ebfu t\u1ed1 th\u1ea9m m\u1ef9, b\u00e0n h\u1ecdp c\u00f2n \u0111\u01b0\u1ee3c thi\u1ebft k\u1ebf h\u01b0\u1edbng \u0111\u1ebfn <strong data-start=\"3347\" data-end=\"3373\">tr\u1ea3i nghi\u1ec7m ng\u01b0\u1eddi d\u00f9ng<\/strong>: \u0111\u1ed9 cao ti\u00eau chu\u1ea9n 760 mm t\u1ea1o t\u01b0 th\u1ebf ng\u1ed3i tho\u1ea3i m\u00e1i, m\u1eb7t b\u00e0n l\u01b0\u1ee3n r\u1ed9ng gi\u00fap ng\u01b0\u1eddi ng\u1ed3i hai b\u00ean d\u1ec5 d\u00e0ng giao ti\u1ebfp tr\u1ef1c di\u1ec7n m\u00e0 kh\u00f4ng b\u1ecb c\u1ea3n tr\u1edf t\u1ea7m nh\u00ecn. \u0110\u00e2y l\u00e0 m\u1ed9t chi ti\u1ebft nh\u1ecf nh\u01b0ng g\u00f3p ph\u1ea7n n\u00e2ng cao hi\u1ec7u qu\u1ea3 c\u1ee7a c\u00e1c bu\u1ed5i h\u1ecdp, h\u1ed9i ngh\u1ecb hay th\u1ea3o lu\u1eadn nh\u00f3m.<\/p>\n<p data-start=\"3634\" data-end=\"3947\">V\u1ec1 m\u1eb7t c\u00f4ng n\u0103ng, s\u1ea3n ph\u1ea9m c\u00f3 th\u1ec3 b\u1ed1 tr\u00ed th\u00eam <strong data-start=\"3680\" data-end=\"3725\">l\u1ed7 lu\u1ed3n d\u00e2y \u0111i\u1ec7n, micro ho\u1eb7c \u1ed5 c\u1eafm \u00e2m b\u00e0n<\/strong> (t\u00f9y nhu c\u1ea7u) gi\u00fap kh\u00f4ng gian g\u1ecdn g\u00e0ng, tr\u00e1nh r\u1ed1i d\u00e2y khi s\u1eed d\u1ee5ng thi\u1ebft b\u1ecb \u0111i\u1ec7n t\u1eed. B\u00e0n h\u1ecdp CT2010H2 v\u00ec th\u1ebf kh\u00f4ng ch\u1ec9 mang l\u1ea1i v\u1ebb \u0111\u1eb9p th\u1ea9m m\u1ef9 m\u00e0 c\u00f2n \u0111\u1ea3m b\u1ea3o t\u00ednh ti\u1ec7n d\u1ee5ng, \u0111\u00e1p \u1ee9ng \u0111\u1ea7y \u0111\u1ee7 y\u00eau c\u1ea7u c\u1ee7a v\u0103n ph\u00f2ng hi\u1ec7n \u0111\u1ea1i.<\/p>\n<p data-start=\"3949\" data-end=\"4304\" data-is-last-node=\"\" data-is-only-node=\"\">T\u1ed5ng th\u1ec3, <strong data-start=\"3959\" data-end=\"3989\">b\u00e0n h\u1ecdp v\u0103n ph\u00f2ng CT2010H2<\/strong> l\u00e0 s\u1ef1 k\u1ebft h\u1ee3p h\u00e0i h\u00f2a gi\u1eefa h\u00ecnh th\u1ee9c v\u00e0 c\u00f4ng n\u0103ng \u2013 gi\u1eefa v\u1ebb \u0111\u1eb9p truy\u1ec1n th\u1ed1ng c\u1ee7a g\u1ed7 s\u01a1n PU v\u00e0 phong c\u00e1ch thi\u1ebft k\u1ebf hi\u1ec7n \u0111\u1ea1i, m\u1ec1m m\u1ea1i. \u0110\u00e2y l\u00e0 l\u1ef1a ch\u1ecdn l\u00fd t\u01b0\u1edfng cho c\u00e1c doanh nghi\u1ec7p mu\u1ed1n t\u1ea1o d\u1ef1ng kh\u00f4ng gian h\u1ecdp sang tr\u1ecdng, \u0111\u1eb3ng c\u1ea5p, \u0111\u1ed3ng th\u1eddi th\u1ec3 hi\u1ec7n phong c\u00e1ch chuy\u00ean nghi\u1ec7p v\u00e0 tinh t\u1ebf trong t\u1eebng chi ti\u1ebft n\u1ed9i th\u1ea5t.<\/p>\n","protected":false},"excerpt":{"rendered":"<p data-start=\"34\" data-end=\"378\">B\u00e0n h\u1ecdp v\u0103n ph\u00f2ng CT2010H2 l\u00e0 m\u1eabu b\u00e0n h\u1ecdp g\u1ed7 s\u01a1n PU cao c\u1ea5p, \u0111\u01b0\u1ee3c thi\u1ebft k\u1ebf v\u1edbi m\u1eb7t b\u00e0n l\u01b0\u1ee3n m\u1ec1m m\u1ea1i k\u1ebft h\u1ee3p c\u00f9ng ph\u1ea7n ch\u00e2n gh\u00e9p h\u1ed9p l\u01b0\u1ee3n cong tinh t\u1ebf, t\u1ea1o n\u00ean t\u1ed5ng th\u1ec3 sang tr\u1ecdng v\u00e0 hi\u1ec7n \u0111\u1ea1i. S\u1ea3n ph\u1ea9m kh\u00f4ng ch\u1ec9 mang l\u1ea1i v\u1ebb \u0111\u1eb9p th\u1ea9m m\u1ef9 cho ph\u00f2ng h\u1ecdp m\u00e0 c\u00f2n th\u1ec3 hi\u1ec7n s\u1ef1 chuy\u00ean nghi\u1ec7p v\u00e0 \u0111\u1eb3ng c\u1ea5p c\u1ee7a doanh nghi\u1ec7p.<\/p>\n<p data-start=\"380\" data-end=\"465\">K\u00edch th\u01b0\u1edbc:<br data-start=\"391\" data-end=\"394\" \/>W2000 x D1000 x H760 mm &#8211; <span style=\"color: #ed1c24; font-size: 120%;\"><strong>3.387.000 \u0111<\/strong><\/span><br data-start=\"427\" data-end=\"430\" \/>W2400 x D1200 x H760 mm &#8211; <span style=\"color: #ed1c24; font-size: 120%;\"><strong>4.239.000 \u0111<\/strong><\/span><\/p>\n<p data-start=\"467\" data-end=\"617\">Xu\u1ea5t x\u1ee9: S\u1ea3n ph\u1ea9m c\u1ee7a <strong data-start=\"489\" data-end=\"517\">C\u00f4ng ty N\u1ed8I TH\u1ea4T THE ONE<\/strong> \u2013 Ph\u00e2n ph\u1ed1i b\u1edfi <strong data-start=\"534\" data-end=\"570\">C\u00d4NG TY TNHH SXTM TTNT H\u1eeeU TH\u1ecaNH<\/strong><br data-start=\"570\" data-end=\"573\" \/>B\u1ea3o h\u00e0nh: 12 th\u00e1ng theo ti\u00eau chu\u1ea9n nh\u00e0 m\u00e1y<\/p>\n<p data-start=\"619\" data-end=\"773\"><span style=\"color: #ed1c24;\"><em data-start=\"619\" data-end=\"771\">L\u01b0u \u00fd: Gi\u00e1 tr\u00ean ch\u01b0a bao g\u1ed3m VAT v\u00e0 ph\u00ed v\u1eadn chuy\u1ec3n. Gi\u00e1 s\u1ea3n ph\u1ea9m c\u00f3 th\u1ec3 thay \u0111\u1ed5i theo t\u1eebng th\u1eddi \u0111i\u1ec3m, vui l\u00f2ng li\u00ean h\u1ec7 \u0111\u1ec3 nh\u1eadn t\u01b0 v\u1ea5n \u01b0u \u0111\u00e3i t\u1ed1t nh\u1ea5t.<\/em><\/span><\/p>\n","protected":false},"featured_media":4009,"comment_status":"open","ping_status":"closed","template":"","meta":[],"product_brand":[],"product_cat":[17,178],"product_tag":[],"class_list":{"0":"post-4008","1":"product","2":"type-product","3":"status-publish","4":"has-post-thumbnail","6":"product_cat-noi-that-van-phong","7":"product_cat-ban-hop-van-phong","9":"first","10":"instock","11":"taxable","12":"shipping-taxable","13":"purchasable","14":"product-type-simple"},"_links":{"self":[{"href":"https:\/\/www.noithathuuthinh.vn\/zh-hans\/wp-json\/wp\/v2\/product\/4008","targetHints":{"allow":["GET"]}}],"collection":[{"href":"https:\/\/www.noithathuuthinh.vn\/zh-hans\/wp-json\/wp\/v2\/product"}],"about":[{"href":"https:\/\/www.noithathuuthinh.vn\/zh-hans\/wp-json\/wp\/v2\/types\/product"}],"replies":[{"embeddable":true,"href":"https:\/\/www.noithathuuthinh.vn\/zh-hans\/wp-json\/wp\/v2\/comments?post=4008"}],"wp:featuredmedia":[{"embeddable":true,"href":"https:\/\/www.noithathuuthinh.vn\/zh-hans\/wp-json\/wp\/v2\/media\/4009"}],"wp:attachment":[{"href":"https:\/\/www.noithathuuthinh.vn\/zh-hans\/wp-json\/wp\/v2\/media?parent=4008"}],"wp:term":[{"taxonomy":"product_brand","embeddable":true,"href":"https:\/\/www.noithathuuthinh.vn\/zh-hans\/wp-json\/wp\/v2\/product_brand?post=4008"},{"taxonomy":"product_cat","embeddable":true,"href":"https:\/\/www.noithathuuthinh.vn\/zh-hans\/wp-json\/wp\/v2\/product_cat?post=4008"},{"taxonomy":"product_tag","embeddable":true,"href":"https:\/\/www.noithathuuthinh.vn\/zh-hans\/wp-json\/wp\/v2\/product_tag?post=4008"}],"curies":[{"name":"wp","href":"https:\/\/api.w.org\/{rel}","templated":true}]}}