{"id":4083,"date":"2025-10-25T14:29:20","date_gmt":"2025-10-25T07:29:20","guid":{"rendered":"https:\/\/noithathuuthinh.vn\/?post_type=product&#038;p=4083"},"modified":"2025-10-25T14:29:20","modified_gmt":"2025-10-25T07:29:20","slug":"ban-hop-van-phong-ath2412cn","status":"publish","type":"product","link":"https:\/\/www.noithathuuthinh.vn\/zh-hans\/san-pham\/ban-hop-van-phong-ath2412cn\/","title":{"rendered":"B\u00e0n h\u1ecdp v\u0103n ph\u00f2ng ATH2412CN"},"content":{"rendered":"<p data-start=\"751\" data-end=\"1165\">B\u00e0n h\u1ecdp v\u0103n ph\u00f2ng ATH2412CN l\u00e0 l\u1ef1a ch\u1ecdn l\u00fd t\u01b0\u1edfng cho c\u00e1c doanh nghi\u1ec7p \u0111ang t\u00ecm ki\u1ebfm m\u1ed9t m\u1eabu b\u00e0n h\u1ecdp mang phong c\u00e1ch hi\u1ec7n \u0111\u1ea1i, tinh t\u1ebf nh\u01b0ng v\u1eabn \u0111\u1ea3m b\u1ea3o c\u00f4ng n\u0103ng s\u1eed d\u1ee5ng v\u01b0\u1ee3t tr\u1ed9i. V\u1edbi thi\u1ebft k\u1ebf m\u1eb7t b\u00e0n h\u00ecnh ch\u1eef nh\u1eadt r\u1ed9ng r\u00e3i, s\u1ea3n ph\u1ea9m gi\u00fap t\u1ed1i \u01b0u kh\u00f4ng gian h\u1ecdp, t\u1ea1o c\u1ea3m gi\u00e1c tho\u1ea3i m\u00e1i cho ng\u01b0\u1eddi ng\u1ed3i v\u00e0 h\u1ed7 tr\u1ee3 t\u01b0\u01a1ng t\u00e1c hi\u1ec7u qu\u1ea3 trong c\u00e1c cu\u1ed9c trao \u0111\u1ed5i, th\u1ea3o lu\u1eadn nh\u00f3m.<\/p>\n<p data-start=\"1167\" data-end=\"1592\">M\u1eb7t b\u00e0n \u0111\u01b0\u1ee3c l\u00e0m t\u1eeb g\u1ed7 c\u00f4ng nghi\u1ec7p ph\u1ee7 Melamine cao c\u1ea5p, b\u1ec1 m\u1eb7t nh\u1eb5n m\u1ecbn, ch\u1ed1ng tr\u1ea7y x\u01b0\u1edbc, ch\u1ed1ng th\u1ea5m n\u01b0\u1edbc v\u00e0 d\u1ec5 lau ch\u00f9i. L\u1edbp ph\u1ee7 Melamine kh\u00f4ng ch\u1ec9 b\u1ea3o v\u1ec7 c\u1ea5u tr\u00fac g\u1ed7 b\u00ean trong m\u00e0 c\u00f2n t\u1ea1o n\u00ean v\u1ebb ngo\u00e0i sang tr\u1ecdng, ph\u00f9 h\u1ee3p v\u1edbi nhi\u1ec1u phong c\u00e1ch n\u1ed9i th\u1ea5t v\u0103n ph\u00f2ng kh\u00e1c nhau, t\u1eeb hi\u1ec7n \u0111\u1ea1i \u0111\u1ebfn truy\u1ec1n th\u1ed1ng. T\u00f4ng m\u00e0u trung t\u00ednh gi\u00fap b\u00e0n d\u1ec5 d\u00e0ng ph\u1ed1i h\u1ee3p v\u1edbi c\u00e1c s\u1ea3n ph\u1ea9m n\u1ed9i th\u1ea5t kh\u00e1c nh\u01b0 gh\u1ebf h\u1ecdp, t\u1ee7 t\u00e0i li\u1ec7u hay k\u1ec7 trang tr\u00ed.<\/p>\n<p data-start=\"1594\" data-end=\"2071\">M\u1ed9t trong nh\u1eefng \u0111i\u1ec3m nh\u1ea5n c\u1ee7a b\u00e0n h\u1ecdp ATH2412CN ch\u00ednh l\u00e0 ph\u1ea7n ch\u00e2n b\u00e0n \u0111\u01b0\u1ee3c thi\u1ebft k\u1ebf ch\u1eafc ch\u1eafn v\u1edbi ba ch\u00e2n v\u1eefng ch\u00e3i, gi\u00fap b\u00e0n \u1ed5n \u0111\u1ecbnh ngay c\u1ea3 khi s\u1eed d\u1ee5ng cho nhi\u1ec1u ng\u01b0\u1eddi. Ki\u1ec3u d\u00e1ng ch\u00e2n vu\u00f4ng hi\u1ec7n \u0111\u1ea1i, k\u1ebft h\u1ee3p c\u00f9ng khung li\u00ean k\u1ebft ch\u1ecbu l\u1ef1c t\u1ed1t, mang l\u1ea1i \u0111\u1ed9 b\u1ec1n cao v\u00e0 kh\u1ea3 n\u0103ng s\u1eed d\u1ee5ng l\u00e2u d\u00e0i m\u00e0 kh\u00f4ng b\u1ecb cong v\u00eanh hay rung l\u1eafc. Ngo\u00e0i ra, k\u1ebft c\u1ea5u th\u00f4ng minh c\u00f2n gi\u00fap vi\u1ec7c di chuy\u1ec3n v\u00e0 l\u1eafp \u0111\u1eb7t tr\u1edf n\u00ean d\u1ec5 d\u00e0ng h\u01a1n, thu\u1eadn ti\u1ec7n cho c\u00e1c kh\u00f4ng gian v\u0103n ph\u00f2ng c\u1ea7n linh ho\u1ea1t b\u1ed1 tr\u00ed.<\/p>\n<p data-start=\"2073\" data-end=\"2508\">V\u1edbi chi\u1ec1u d\u00e0i 2m4, b\u00e0n h\u1ecdp ATH2412CN c\u00f3 th\u1ec3 ph\u1ee5c v\u1ee5 cho 8\u201310 ng\u01b0\u1eddi ng\u1ed3i, ph\u00f9 h\u1ee3p v\u1edbi c\u00e1c ph\u00f2ng h\u1ecdp v\u1eeba v\u00e0 nh\u1ecf. M\u1eb7t b\u00e0n r\u1ed9ng t\u1ea1o kh\u00f4ng gian tho\u1ea3i m\u00e1i \u0111\u1ec3 \u0111\u1eb7t t\u00e0i li\u1ec7u, laptop, thi\u1ebft b\u1ecb tr\u00ecnh chi\u1ebfu ho\u1eb7c c\u00e1c v\u1eadt d\u1ee5ng kh\u00e1c, gi\u00fap cu\u1ed9c h\u1ecdp di\u1ec5n ra thu\u1eadn l\u1ee3i v\u00e0 chuy\u00ean nghi\u1ec7p h\u01a1n. \u0110\u00e2y l\u00e0 l\u1ef1a ch\u1ecdn ho\u00e0n h\u1ea3o cho nh\u1eefng doanh nghi\u1ec7p mu\u1ed1n \u0111\u1ea7u t\u01b0 v\u00e0o m\u1ed9t kh\u00f4ng gian h\u1ecdp ti\u1ec7n nghi, hi\u1ec7n \u0111\u1ea1i v\u00e0 th\u1ec3 hi\u1ec7n t\u00ednh chuy\u00ean nghi\u1ec7p trong m\u00f4i tr\u01b0\u1eddng l\u00e0m vi\u1ec7c.<\/p>\n<p data-start=\"2510\" data-end=\"2907\">B\u00ean c\u1ea1nh \u0111\u00f3, b\u00e0n h\u1ecdp v\u0103n ph\u00f2ng ATH2412CN c\u00f2n d\u1ec5 d\u00e0ng k\u1ebft h\u1ee3p v\u1edbi c\u00e1c m\u1eabu gh\u1ebf h\u1ecdp l\u01b0ng trung ho\u1eb7c gh\u1ebf ch\u00e2n qu\u1ef3 mang phong c\u00e1ch t\u01b0\u01a1ng \u0111\u1ed3ng, t\u1ea1o n\u00ean m\u1ed9t t\u1ed5ng th\u1ec3 h\u00e0i h\u00f2a, \u0111\u1ed3ng b\u1ed9 cho v\u0103n ph\u00f2ng. Nh\u1edd thi\u1ebft k\u1ebf t\u1ed1i gi\u1ea3n nh\u01b0ng tinh t\u1ebf, s\u1ea3n ph\u1ea9m kh\u00f4ng ch\u1ec9 ph\u00f9 h\u1ee3p trong kh\u00f4ng gian l\u00e0m vi\u1ec7c doanh nghi\u1ec7p m\u00e0 c\u00f2n c\u00f3 th\u1ec3 s\u1eed d\u1ee5ng t\u1ea1i c\u00e1c trung t\u00e2m h\u1ed9i ngh\u1ecb, ph\u00f2ng h\u1ecdp c\u00f4ng s\u1edf ho\u1eb7c kh\u00f4ng gian l\u00e0m vi\u1ec7c t\u1ea1i nh\u00e0.<\/p>\n<p data-start=\"2909\" data-end=\"3227\" data-is-last-node=\"\" data-is-only-node=\"\">N\u1ebfu b\u1ea1n \u0111ang t\u00ecm ki\u1ebfm m\u1ed9t m\u1eabu b\u00e0n h\u1ecdp ch\u1ea5t l\u01b0\u1ee3ng, c\u00f3 \u0111\u1ed9 b\u1ec1n cao, thi\u1ebft k\u1ebf \u0111\u1eb9p v\u00e0 gi\u00e1 th\u00e0nh h\u1ee3p l\u00fd, <strong data-start=\"3008\" data-end=\"3039\">b\u00e0n h\u1ecdp v\u0103n ph\u00f2ng ATH2412CN<\/strong> ch\u00ednh l\u00e0 l\u1ef1a ch\u1ecdn \u0111\u00e1ng c\u00e2n nh\u1eafc. S\u1ea3n ph\u1ea9m kh\u00f4ng ch\u1ec9 mang l\u1ea1i gi\u00e1 tr\u1ecb th\u1ea9m m\u1ef9 m\u00e0 c\u00f2n g\u00f3p ph\u1ea7n x\u00e2y d\u1ef1ng m\u00f4i tr\u01b0\u1eddng l\u00e0m vi\u1ec7c chuy\u00ean nghi\u1ec7p, hi\u1ec7n \u0111\u1ea1i v\u00e0 hi\u1ec7u qu\u1ea3 h\u01a1n cho doanh nghi\u1ec7p c\u1ee7a b\u1ea1n.<\/p>\n","protected":false},"excerpt":{"rendered":"<p data-start=\"35\" data-end=\"397\">B\u00e0n h\u1ecdp v\u0103n ph\u00f2ng ATH2412CN l\u00e0 m\u1eabu b\u00e0n h\u1ecdp ch\u1eef nh\u1eadt hi\u1ec7n \u0111\u1ea1i, \u0111\u01b0\u1ee3c thi\u1ebft k\u1ebf v\u1edbi 3 ch\u00e2n v\u1eefng ch\u1eafc, mang l\u1ea1i s\u1ef1 \u1ed5n \u0111\u1ecbnh v\u00e0 th\u1ea9m m\u1ef9 cao cho kh\u00f4ng gian l\u00e0m vi\u1ec7c. S\u1ea3n ph\u1ea9m s\u1eed d\u1ee5ng ch\u1ea5t li\u1ec7u g\u1ed7 c\u00f4ng nghi\u1ec7p Melamine cao c\u1ea5p, c\u00f3 kh\u1ea3 n\u0103ng ch\u1ed1ng tr\u1ea7y x\u01b0\u1edbc, ch\u1ed1ng th\u1ea5m v\u00e0 d\u1ec5 d\u00e0ng v\u1ec7 sinh, gi\u00fap duy tr\u00ec v\u1ebb \u0111\u1eb9p sang tr\u1ecdng trong th\u1eddi gian d\u00e0i.<\/p>\n<p data-start=\"399\" data-end=\"436\">K\u00edch th\u01b0\u1edbc: W2400 x D1200 x H750 mm<\/p>\n<p data-start=\"438\" data-end=\"588\">Xu\u1ea5t x\u1ee9: S\u1ea3n ph\u1ea9m c\u1ee7a <strong data-start=\"460\" data-end=\"488\">C\u00f4ng ty N\u1ed8I TH\u1ea4T THE ONE<\/strong> \u2013 Ph\u00e2n ph\u1ed1i b\u1edfi <strong data-start=\"505\" data-end=\"541\">C\u00d4NG TY TNHH SXTM TTNT H\u1eeeU TH\u1ecaNH<\/strong><br data-start=\"541\" data-end=\"544\" \/>B\u1ea3o h\u00e0nh: 12 th\u00e1ng theo ti\u00eau chu\u1ea9n nh\u00e0 m\u00e1y<\/p>\n<p data-start=\"590\" data-end=\"744\"><span style=\"color: #ed1c24;\"><em data-start=\"590\" data-end=\"742\">L\u01b0u \u00fd: Gi\u00e1 tr\u00ean ch\u01b0a bao g\u1ed3m VAT v\u00e0 ph\u00ed v\u1eadn chuy\u1ec3n. Gi\u00e1 s\u1ea3n ph\u1ea9m c\u00f3 th\u1ec3 thay \u0111\u1ed5i theo t\u1eebng th\u1eddi \u0111i\u1ec3m, vui l\u00f2ng li\u00ean h\u1ec7 \u0111\u1ec3 nh\u1eadn t\u01b0 v\u1ea5n \u01b0u \u0111\u00e3i t\u1ed1t nh\u1ea5t.<\/em><\/span><\/p>\n","protected":false},"featured_media":4084,"comment_status":"open","ping_status":"closed","template":"","meta":[],"product_brand":[],"product_cat":[17,178],"product_tag":[],"class_list":{"0":"post-4083","1":"product","2":"type-product","3":"status-publish","4":"has-post-thumbnail","6":"product_cat-noi-that-van-phong","7":"product_cat-ban-hop-van-phong","9":"first","10":"instock","11":"taxable","12":"shipping-taxable","13":"purchasable","14":"product-type-simple"},"_links":{"self":[{"href":"https:\/\/www.noithathuuthinh.vn\/zh-hans\/wp-json\/wp\/v2\/product\/4083","targetHints":{"allow":["GET"]}}],"collection":[{"href":"https:\/\/www.noithathuuthinh.vn\/zh-hans\/wp-json\/wp\/v2\/product"}],"about":[{"href":"https:\/\/www.noithathuuthinh.vn\/zh-hans\/wp-json\/wp\/v2\/types\/product"}],"replies":[{"embeddable":true,"href":"https:\/\/www.noithathuuthinh.vn\/zh-hans\/wp-json\/wp\/v2\/comments?post=4083"}],"wp:featuredmedia":[{"embeddable":true,"href":"https:\/\/www.noithathuuthinh.vn\/zh-hans\/wp-json\/wp\/v2\/media\/4084"}],"wp:attachment":[{"href":"https:\/\/www.noithathuuthinh.vn\/zh-hans\/wp-json\/wp\/v2\/media?parent=4083"}],"wp:term":[{"taxonomy":"product_brand","embeddable":true,"href":"https:\/\/www.noithathuuthinh.vn\/zh-hans\/wp-json\/wp\/v2\/product_brand?post=4083"},{"taxonomy":"product_cat","embeddable":true,"href":"https:\/\/www.noithathuuthinh.vn\/zh-hans\/wp-json\/wp\/v2\/product_cat?post=4083"},{"taxonomy":"product_tag","embeddable":true,"href":"https:\/\/www.noithathuuthinh.vn\/zh-hans\/wp-json\/wp\/v2\/product_tag?post=4083"}],"curies":[{"name":"wp","href":"https:\/\/api.w.org\/{rel}","templated":true}]}}