{"id":4091,"date":"2025-10-25T14:57:57","date_gmt":"2025-10-25T07:57:57","guid":{"rendered":"https:\/\/noithathuuthinh.vn\/?post_type=product&#038;p=4091"},"modified":"2025-10-25T14:58:43","modified_gmt":"2025-10-25T07:58:43","slug":"ban-hop-van-phong-ath4016","status":"publish","type":"product","link":"https:\/\/www.noithathuuthinh.vn\/zh-hans\/san-pham\/ban-hop-van-phong-ath4016\/","title":{"rendered":"B\u00e0n h\u1ecdp v\u0103n ph\u00f2ng ATH4016"},"content":{"rendered":"<p data-start=\"771\" data-end=\"1277\">B\u00e0n h\u1ecdp v\u0103n ph\u00f2ng ATH4016 l\u00e0 l\u1ef1a ch\u1ecdn ho\u00e0n h\u1ea3o cho nh\u1eefng kh\u00f4ng gian h\u1ecdp r\u1ed9ng l\u1edbn, n\u01a1i c\u1ea7n m\u1ed9t chi\u1ebfc b\u00e0n v\u1eeba mang t\u00ednh th\u1ea9m m\u1ef9 cao v\u1eeba \u0111\u1ea3m b\u1ea3o c\u00f4ng n\u0103ng t\u1ed1i \u01b0u. V\u1edbi thi\u1ebft k\u1ebf d\u1ea1ng qu\u00e2y c\u00f3 kho\u1ea3ng tr\u1ed1ng \u1edf gi\u1eefa, b\u00e0n t\u1ea1o c\u1ea3m gi\u00e1c m\u1edf, tho\u00e1ng v\u00e0 gi\u00fap ng\u01b0\u1eddi ng\u1ed3i giao ti\u1ebfp d\u1ec5 d\u00e0ng h\u01a1n trong c\u00e1c bu\u1ed5i h\u1ecdp nh\u00f3m hay h\u1ed9i ngh\u1ecb quy m\u00f4 l\u1edbn. Ki\u1ec3u d\u00e1ng hi\u1ec7n \u0111\u1ea1i, tinh g\u1ecdn nh\u01b0ng v\u1eabn gi\u1eef \u0111\u01b0\u1ee3c s\u1ef1 sang tr\u1ecdng \u0111\u1eb7c tr\u01b0ng c\u1ee7a d\u00f2ng b\u00e0n h\u1ecdp cao c\u1ea5p \u0111\u1ebfn t\u1eeb th\u01b0\u01a1ng hi\u1ec7u <strong data-start=\"1254\" data-end=\"1274\">N\u1ed9i th\u1ea5t The One<\/strong>.<\/p>\n<p data-start=\"1279\" data-end=\"1654\">B\u00e0n \u0111\u01b0\u1ee3c s\u1ea3n xu\u1ea5t t\u1eeb g\u1ed7 c\u00f4ng nghi\u1ec7p ph\u1ee7 Melamine ch\u1ea5t l\u01b0\u1ee3ng cao, mang \u0111\u1ebfn \u0111\u1ed9 b\u1ec1n v\u01b0\u1ee3t tr\u1ed9i v\u00e0 kh\u1ea3 n\u0103ng ch\u1ed1ng tr\u1ea7y x\u01b0\u1edbc, ch\u1ed1ng \u1ea9m m\u1ed1c hi\u1ec7u qu\u1ea3. L\u1edbp ph\u1ee7 Melamine c\u00f2n gi\u00fap b\u1ec1 m\u1eb7t b\u00e0n lu\u00f4n s\u00e1ng \u0111\u1eb9p, d\u1ec5 d\u00e0ng v\u1ec7 sinh, \u0111\u1ed3ng th\u1eddi gi\u1eef \u0111\u01b0\u1ee3c m\u00e0u s\u1eafc t\u1ef1 nhi\u00ean qua th\u1eddi gian d\u00e0i s\u1eed d\u1ee5ng. C\u00e1c chi ti\u1ebft \u0111\u01b0\u1ee3c gia c\u00f4ng t\u1ec9 m\u1ec9, bo g\u00f3c nh\u1eb9 nh\u00e0ng, \u0111\u1ea3m b\u1ea3o an to\u00e0n v\u00e0 t\u0103ng t\u00ednh th\u1ea9m m\u1ef9 t\u1ed5ng th\u1ec3.<\/p>\n<p data-start=\"1656\" data-end=\"2075\">\u0110i\u1ec3m n\u1ed5i b\u1eadt c\u1ee7a b\u00e0n h\u1ecdp ATH4016 l\u00e0 thi\u1ebft k\u1ebf qu\u00e2y tr\u00f2n c\u00f3 ph\u1ea7n r\u1ed7ng \u1edf gi\u1eefa. Kh\u00f4ng ch\u1ec9 mang l\u1ea1i s\u1ef1 th\u00f4ng tho\u00e1ng, kho\u1ea3ng tr\u1ed1ng trung t\u00e2m n\u00e0y c\u00f2n c\u00f3 th\u1ec3 \u0111\u01b0\u1ee3c t\u1eadn d\u1ee5ng \u0111\u1ec3 \u0111\u1eb7t c\u00e2y xanh, b\u00ecnh hoa ho\u1eb7c c\u00e1c thi\u1ebft b\u1ecb tr\u00ecnh chi\u1ebfu, gi\u00fap kh\u00f4ng gian tr\u1edf n\u00ean sinh \u0111\u1ed9ng v\u00e0 hi\u1ec7n \u0111\u1ea1i h\u01a1n. \u0110\u1ed1i v\u1edbi nh\u1eefng doanh nghi\u1ec7p \u01b0a chu\u1ed9ng phong th\u1ee7y, ki\u1ec3u b\u00e0n n\u00e0y c\u00f2n t\u01b0\u1ee3ng tr\u01b0ng cho s\u1ef1 k\u1ebft n\u1ed1i, g\u1eafn k\u1ebft b\u1ec1n ch\u1eb7t gi\u1eefa c\u00e1c th\u00e0nh vi\u00ean trong t\u1ed5 ch\u1ee9c.<\/p>\n<p data-start=\"2077\" data-end=\"2582\">Ph\u1ea7n m\u1eb7t b\u00e0n \u0111\u01b0\u1ee3c thi\u1ebft k\u1ebf v\u1edbi \u0111\u1ed9 d\u00e0y ti\u00eau chu\u1ea9n, \u0111\u1ea3m b\u1ea3o kh\u1ea3 n\u0103ng ch\u1ecbu l\u1ef1c t\u1ed1t. C\u00e1c m\u1ed1i n\u1ed1i gh\u00e9p \u0111\u01b0\u1ee3c x\u1eed l\u00fd kh\u00e9o l\u00e9o, t\u1ea1o c\u1ea3m gi\u00e1c li\u1ec1n m\u1ea1ch v\u00e0 ch\u1eafc ch\u1eafn. Ch\u00e2n b\u00e0n \u0111\u01b0\u1ee3c l\u00e0m \u0111\u1ed3ng b\u1ed9 v\u1edbi ch\u1ea5t li\u1ec7u m\u1eb7t b\u00e0n, thi\u1ebft k\u1ebf ki\u00ean c\u1ed1 gi\u00fap b\u00e0n \u0111\u1ee9ng v\u1eefng v\u00e0ng, h\u1ea1n ch\u1ebf rung l\u1eafc ngay c\u1ea3 khi s\u1eed d\u1ee5ng trong th\u1eddi gian d\u00e0i. \u0110\u1eb7c bi\u1ec7t, b\u00e0n c\u00f2n \u0111\u01b0\u1ee3c trang b\u1ecb <strong data-start=\"2414\" data-end=\"2439\">\u0111\u1ee3t t\u00e0i li\u1ec7u ti\u1ec7n l\u1ee3i<\/strong> b\u00ean d\u01b0\u1edbi, cho ph\u00e9p ng\u01b0\u1eddi d\u00f9ng c\u1ea5t gi\u1eef h\u1ed3 s\u01a1, t\u00e0i li\u1ec7u, b\u00fat vi\u1ebft ho\u1eb7c c\u00e1c v\u1eadt d\u1ee5ng ph\u1ee5c v\u1ee5 cu\u1ed9c h\u1ecdp, gi\u00fap b\u00e0n lu\u00f4n g\u1ecdn g\u00e0ng v\u00e0 chuy\u00ean nghi\u1ec7p.<\/p>\n<p data-start=\"2584\" data-end=\"3011\">V\u1edbi k\u00edch th\u01b0\u1edbc W4000 x D1600 x H750 mm, b\u00e0n h\u1ecdp v\u0103n ph\u00f2ng ATH4016 ph\u00f9 h\u1ee3p cho c\u00e1c ph\u00f2ng h\u1ecdp quy m\u00f4 l\u1edbn, c\u00f3 th\u1ec3 b\u1ed1 tr\u00ed t\u1eeb 10\u201316 ch\u1ed7 ng\u1ed3i t\u00f9y c\u00e1ch s\u1eafp x\u1ebfp. M\u1eb7t b\u00e0n r\u1ed9ng cho ph\u00e9p \u0111\u1eb7t laptop, t\u00e0i li\u1ec7u ho\u1eb7c c\u00e1c thi\u1ebft b\u1ecb h\u1ed7 tr\u1ee3 h\u1ed9i ngh\u1ecb tr\u1ef1c tuy\u1ebfn m\u00e0 kh\u00f4ng g\u00e2y ch\u1eadt ch\u1ed9i. Nh\u1edd ki\u1ec3u d\u00e1ng m\u1edf v\u00e0 thi\u1ebft k\u1ebf r\u1ed7ng gi\u1eefa, m\u1ecdi th\u00e0nh vi\u00ean \u0111\u1ec1u d\u1ec5 d\u00e0ng nh\u00ecn th\u1ea5y nhau, gi\u00fap n\u00e2ng cao hi\u1ec7u qu\u1ea3 giao ti\u1ebfp v\u00e0 th\u1ea3o lu\u1eadn trong c\u00e1c bu\u1ed5i h\u1ecdp quan tr\u1ecdng.<\/p>\n<p data-start=\"3013\" data-end=\"3382\">V\u1ec1 th\u1ea9m m\u1ef9, b\u00e0n h\u1ecdp ATH4016 c\u00f3 ki\u1ec3u d\u00e1ng hi\u1ec7n \u0111\u1ea1i nh\u01b0ng v\u1eabn mang n\u00e9t truy\u1ec1n th\u1ed1ng nh\u1edd gam m\u00e0u v\u00e2n g\u1ed7 t\u1ef1 nhi\u00ean. S\u1ea3n ph\u1ea9m d\u1ec5 d\u00e0ng ph\u1ed1i h\u1ee3p v\u1edbi c\u00e1c lo\u1ea1i gh\u1ebf h\u1ecdp ch\u00e2n qu\u1ef3, gh\u1ebf xoay ho\u1eb7c gh\u1ebf b\u1ecdc n\u1ec9 \u0111\u1ec3 t\u1ea1o n\u00ean t\u1ed5ng th\u1ec3 \u0111\u1ed3ng b\u1ed9, sang tr\u1ecdng. \u0110\u00e2y l\u00e0 l\u1ef1a ch\u1ecdn ho\u00e0n h\u1ea3o cho c\u00e1c doanh nghi\u1ec7p mu\u1ed1n x\u00e2y d\u1ef1ng h\u00ecnh \u1ea3nh chuy\u00ean nghi\u1ec7p, tinh t\u1ebf v\u00e0 hi\u1ec7u qu\u1ea3 trong t\u1eebng chi ti\u1ebft n\u1ed9i th\u1ea5t.<\/p>\n<p data-start=\"3384\" data-end=\"3627\">Kh\u00f4ng ch\u1ec9 \u0111\u00e1p \u1ee9ng nhu c\u1ea7u s\u1eed d\u1ee5ng, b\u00e0n h\u1ecdp v\u0103n ph\u00f2ng ATH4016 c\u00f2n th\u1ec3 hi\u1ec7n phong c\u00e1ch l\u00e0m vi\u1ec7c hi\u1ec7n \u0111\u1ea1i, h\u01b0\u1edbng \u0111\u1ebfn s\u1ef1 ti\u1ec7n nghi v\u00e0 t\u00ednh k\u1ebft n\u1ed1i cao. M\u1ed7i chi ti\u1ebft \u0111\u1ec1u \u0111\u01b0\u1ee3c t\u1ed1i \u01b0u h\u00f3a \u0111\u1ec3 ph\u1ee5c v\u1ee5 cho kh\u00f4ng gian l\u00e0m vi\u1ec7c n\u0103ng \u0111\u1ed9ng, chuy\u00ean nghi\u1ec7p.<\/p>\n<p data-start=\"3629\" data-end=\"3922\" data-is-last-node=\"\" data-is-only-node=\"\">N\u1ebfu b\u1ea1n \u0111ang t\u00ecm ki\u1ebfm m\u1ed9t m\u1eabu b\u00e0n h\u1ecdp l\u1edbn, \u0111\u1eb9p v\u00e0 c\u00f3 thi\u1ebft k\u1ebf \u0111\u1ed9c \u0111\u00e1o gi\u00fap kh\u00f4ng gian h\u1ecdp tr\u1edf n\u00ean \u1ea5n t\u01b0\u1ee3ng h\u01a1n, <strong data-start=\"3741\" data-end=\"3770\">b\u00e0n h\u1ecdp v\u0103n ph\u00f2ng ATH4016<\/strong> ch\u00ednh l\u00e0 s\u1ef1 l\u1ef1a ch\u1ecdn \u0111\u00e1ng \u0111\u1ea7u t\u01b0. S\u1ea3n ph\u1ea9m k\u1ebft h\u1ee3p ho\u00e0n h\u1ea3o gi\u1eefa t\u00ednh th\u1ea9m m\u1ef9, \u0111\u1ed9 b\u1ec1n v\u00e0 s\u1ef1 ti\u1ec7n d\u1ee5ng \u2013 mang \u0111\u1ebfn gi\u00e1 tr\u1ecb l\u00e2u d\u00e0i cho v\u0103n ph\u00f2ng c\u1ee7a b\u1ea1n.<\/p>\n","protected":false},"excerpt":{"rendered":"<p data-start=\"33\" data-end=\"417\">B\u00e0n h\u1ecdp v\u0103n ph\u00f2ng ATH4016 l\u00e0 m\u1eabu b\u00e0n h\u1ecdp g\u1ed7 c\u00f4ng nghi\u1ec7p Melamine thi\u1ebft k\u1ebf d\u1ea1ng qu\u00e2y tr\u00f2n c\u00f3 kho\u1ea3ng r\u1ed7ng \u1edf gi\u1eefa, t\u1ea1o kh\u00f4ng gian tho\u00e1ng \u0111\u00e3ng v\u00e0 thu\u1eadn ti\u1ec7n cho vi\u1ec7c b\u1ed1 tr\u00ed d\u00e2y \u0111i\u1ec7n, thi\u1ebft b\u1ecb tr\u00ecnh chi\u1ebfu ho\u1eb7c c\u00e2y xanh trang tr\u00ed trung t\u00e2m. B\u00e0n \u0111\u01b0\u1ee3c trang b\u1ecb th\u00eam \u0111\u1ee3t \u0111\u1ec3 t\u00e0i li\u1ec7u ti\u1ec7n d\u1ee5ng, gi\u00fap ng\u01b0\u1eddi d\u00f9ng c\u00f3 th\u1ec3 s\u1eafp x\u1ebfp g\u1ecdn g\u00e0ng h\u1ed3 s\u01a1 trong qu\u00e1 tr\u00ecnh h\u1ecdp.<\/p>\n<p data-start=\"419\" data-end=\"456\">K\u00edch th\u01b0\u1edbc: W4000 x D1600 x H750 mm<\/p>\n<p data-start=\"458\" data-end=\"608\">Xu\u1ea5t x\u1ee9: S\u1ea3n ph\u1ea9m c\u1ee7a <strong data-start=\"480\" data-end=\"508\">C\u00f4ng ty N\u1ed8I TH\u1ea4T THE ONE<\/strong> \u2013 Ph\u00e2n ph\u1ed1i b\u1edfi <strong data-start=\"525\" data-end=\"561\">C\u00d4NG TY TNHH SXTM TTNT H\u1eeeU TH\u1ecaNH<\/strong><br data-start=\"561\" data-end=\"564\" \/>B\u1ea3o h\u00e0nh: 12 th\u00e1ng theo ti\u00eau chu\u1ea9n nh\u00e0 m\u00e1y<\/p>\n<p data-start=\"610\" data-end=\"764\"><span style=\"color: #ed1c24;\"><em data-start=\"610\" data-end=\"762\">L\u01b0u \u00fd: Gi\u00e1 tr\u00ean ch\u01b0a bao g\u1ed3m VAT v\u00e0 ph\u00ed v\u1eadn chuy\u1ec3n. Gi\u00e1 s\u1ea3n ph\u1ea9m c\u00f3 th\u1ec3 thay \u0111\u1ed5i theo t\u1eebng th\u1eddi \u0111i\u1ec3m, vui l\u00f2ng li\u00ean h\u1ec7 \u0111\u1ec3 nh\u1eadn t\u01b0 v\u1ea5n \u01b0u \u0111\u00e3i t\u1ed1t nh\u1ea5t.<\/em><\/span><\/p>\n","protected":false},"featured_media":4092,"comment_status":"open","ping_status":"closed","template":"","meta":[],"product_brand":[],"product_cat":[17,178],"product_tag":[],"class_list":{"0":"post-4091","1":"product","2":"type-product","3":"status-publish","4":"has-post-thumbnail","6":"product_cat-noi-that-van-phong","7":"product_cat-ban-hop-van-phong","9":"first","10":"instock","11":"taxable","12":"shipping-taxable","13":"purchasable","14":"product-type-simple"},"_links":{"self":[{"href":"https:\/\/www.noithathuuthinh.vn\/zh-hans\/wp-json\/wp\/v2\/product\/4091","targetHints":{"allow":["GET"]}}],"collection":[{"href":"https:\/\/www.noithathuuthinh.vn\/zh-hans\/wp-json\/wp\/v2\/product"}],"about":[{"href":"https:\/\/www.noithathuuthinh.vn\/zh-hans\/wp-json\/wp\/v2\/types\/product"}],"replies":[{"embeddable":true,"href":"https:\/\/www.noithathuuthinh.vn\/zh-hans\/wp-json\/wp\/v2\/comments?post=4091"}],"wp:featuredmedia":[{"embeddable":true,"href":"https:\/\/www.noithathuuthinh.vn\/zh-hans\/wp-json\/wp\/v2\/media\/4092"}],"wp:attachment":[{"href":"https:\/\/www.noithathuuthinh.vn\/zh-hans\/wp-json\/wp\/v2\/media?parent=4091"}],"wp:term":[{"taxonomy":"product_brand","embeddable":true,"href":"https:\/\/www.noithathuuthinh.vn\/zh-hans\/wp-json\/wp\/v2\/product_brand?post=4091"},{"taxonomy":"product_cat","embeddable":true,"href":"https:\/\/www.noithathuuthinh.vn\/zh-hans\/wp-json\/wp\/v2\/product_cat?post=4091"},{"taxonomy":"product_tag","embeddable":true,"href":"https:\/\/www.noithathuuthinh.vn\/zh-hans\/wp-json\/wp\/v2\/product_tag?post=4091"}],"curies":[{"name":"wp","href":"https:\/\/api.w.org\/{rel}","templated":true}]}}