{"id":4105,"date":"2025-10-25T15:56:48","date_gmt":"2025-10-25T08:56:48","guid":{"rendered":"https:\/\/noithathuuthinh.vn\/?post_type=product&#038;p=4105"},"modified":"2025-10-25T15:56:48","modified_gmt":"2025-10-25T08:56:48","slug":"tu-ho-so-luxm3d","status":"publish","type":"product","link":"https:\/\/www.noithathuuthinh.vn\/zh-hans\/san-pham\/tu-ho-so-luxm3d\/","title":{"rendered":"T\u1ee7 h\u1ed3 s\u01a1 LUXM3D"},"content":{"rendered":"<p data-start=\"754\" data-end=\"1135\">T\u1ee7 h\u1ed3 s\u01a1 LUXM3D l\u00e0 l\u1ef1a ch\u1ecdn ho\u00e0n h\u1ea3o cho nh\u1eefng v\u0103n ph\u00f2ng hi\u1ec7n \u0111\u1ea1i c\u1ea7n m\u1ed9t gi\u1ea3i ph\u00e1p l\u01b0u tr\u1eef nh\u1ecf g\u1ecdn, ti\u1ec7n d\u1ee5ng nh\u01b0ng v\u1eabn \u0111\u1ea3m b\u1ea3o t\u00ednh th\u1ea9m m\u1ef9 cao. S\u1ea3n ph\u1ea9m thu\u1ed9c d\u00f2ng <strong data-start=\"963\" data-end=\"977\">LUX Series<\/strong> cao c\u1ea5p c\u1ee7a <strong data-start=\"990\" data-end=\"1010\">N\u1ed9i th\u1ea5t The One<\/strong>, \u0111\u01b0\u1ee3c thi\u1ebft k\u1ebf \u0111\u1ed3ng b\u1ed9 v\u1edbi c\u00e1c m\u1eabu b\u00e0n l\u00e0m vi\u1ec7c LUX, gi\u00fap t\u1ea1o n\u00ean kh\u00f4ng gian l\u00e0m vi\u1ec7c chuy\u00ean nghi\u1ec7p, \u0111\u1ed3ng nh\u1ea5t v\u00e0 tinh t\u1ebf.<\/p>\n<p data-start=\"1137\" data-end=\"1566\">\u0110i\u1ec3m n\u1ed5i b\u1eadt \u0111\u1ea7u ti\u00ean c\u1ee7a <strong data-start=\"1163\" data-end=\"1182\">t\u1ee7 h\u1ed3 s\u01a1 LUXM3D<\/strong> n\u1eb1m \u1edf <strong data-start=\"1189\" data-end=\"1238\">ch\u1ea5t li\u1ec7u g\u1ed7 c\u00f4ng nghi\u1ec7p ph\u1ee7 Melamine cao c\u1ea5p<\/strong>. B\u1ec1 m\u1eb7t Melamine c\u00f3 kh\u1ea3 n\u0103ng ch\u1ed1ng tr\u1ea7y x\u01b0\u1edbc, ch\u1ed1ng th\u1ea5m n\u01b0\u1edbc, ch\u1ed1ng b\u00e1m b\u1ee5i hi\u1ec7u qu\u1ea3, gi\u00fap s\u1ea3n ph\u1ea9m lu\u00f4n gi\u1eef \u0111\u01b0\u1ee3c v\u1ebb m\u1edbi v\u00e0 sang tr\u1ecdng trong qu\u00e1 tr\u00ecnh s\u1eed d\u1ee5ng l\u00e2u d\u00e0i. M\u00e0u s\u1eafc trang nh\u00e3, hi\u1ec7n \u0111\u1ea1i, ph\u00f9 h\u1ee3p v\u1edbi nhi\u1ec1u ki\u1ec3u kh\u00f4ng gian n\u1ed9i th\u1ea5t v\u0103n ph\u00f2ng kh\u00e1c nhau, \u0111\u1eb7c bi\u1ec7t l\u00e0 nh\u1eefng n\u01a1i \u0111\u1ec1 cao s\u1ef1 tinh g\u1ecdn v\u00e0 t\u00ednh chuy\u00ean nghi\u1ec7p.<\/p>\n<p data-start=\"1568\" data-end=\"1949\">Thi\u1ebft k\u1ebf <strong data-start=\"1577\" data-end=\"1600\">3 ng\u0103n k\u00e9o khoa h\u1ecdc<\/strong> mang l\u1ea1i s\u1ef1 ti\u1ec7n l\u1ee3i t\u1ed1i \u0111a cho ng\u01b0\u1eddi d\u00f9ng. M\u1ed7i ng\u0103n k\u00e9o \u0111\u01b0\u1ee3c b\u1ed1 tr\u00ed v\u1edbi \u0111\u1ed9 s\u00e2u h\u1ee3p l\u00fd, cho ph\u00e9p s\u1eafp x\u1ebfp h\u1ed3 s\u01a1, t\u00e0i li\u1ec7u ho\u1eb7c c\u00e1c v\u1eadt d\u1ee5ng c\u00e1 nh\u00e2n nh\u01b0 s\u1ed5 s\u00e1ch, v\u0103n ph\u00f2ng ph\u1ea9m, \u1ed5 c\u1ee9ng di \u0111\u1ed9ng\u2026 m\u1ed9t c\u00e1ch ng\u0103n n\u1eafp v\u00e0 d\u1ec5 d\u00e0ng t\u00ecm ki\u1ebfm khi c\u1ea7n. H\u1ec7 th\u1ed1ng ray tr\u01b0\u1ee3t kim lo\u1ea1i ch\u1ea5t l\u01b0\u1ee3ng cao gi\u00fap m\u1edf \u2013 \u0111\u00f3ng ng\u0103n k\u00e9o m\u01b0\u1ee3t m\u00e0, \u00eam \u00e1i v\u00e0 b\u1ec1n b\u1ec9 theo th\u1eddi gian.<\/p>\n<p data-start=\"1951\" data-end=\"2405\">V\u1edbi <strong data-start=\"1955\" data-end=\"2000\">ki\u1ec3u d\u00e1ng nh\u1ecf g\u1ecdn (W400 x D480 x H612 mm)<\/strong>, <strong data-start=\"2002\" data-end=\"2021\">t\u1ee7 h\u1ed3 s\u01a1 LUXM3D<\/strong> c\u00f3 th\u1ec3 \u0111\u1eb7t g\u1ecdn d\u01b0\u1edbi h\u1ea7u h\u1ebft c\u00e1c lo\u1ea1i b\u00e0n l\u00e0m vi\u1ec7c ti\u00eau chu\u1ea9n, gi\u00fap ti\u1ebft ki\u1ec7m t\u1ed1i \u0111a di\u1ec7n t\u00edch nh\u01b0ng v\u1eabn \u0111\u1ea3m b\u1ea3o kh\u1ea3 n\u0103ng l\u01b0u tr\u1eef l\u1edbn. Thi\u1ebft k\u1ebf di \u0111\u1ed9ng v\u1edbi <strong data-start=\"2177\" data-end=\"2198\">b\u00e1nh xe linh ho\u1ea1t<\/strong> \u1edf ph\u00eda d\u01b0\u1edbi cho ph\u00e9p d\u1ec5 d\u00e0ng di chuy\u1ec3n t\u1ee7 \u0111\u1ebfn v\u1ecb tr\u00ed mong mu\u1ed1n m\u00e0 kh\u00f4ng t\u1ed1n nhi\u1ec1u c\u00f4ng s\u1ee9c. \u0110i\u1ec1u n\u00e0y \u0111\u1eb7c bi\u1ec7t h\u1eefu \u00edch trong c\u00e1c v\u0103n ph\u00f2ng n\u0103ng \u0111\u1ed9ng, n\u01a1i c\u1ea7n linh ho\u1ea1t s\u1eafp x\u1ebfp b\u1ed1 c\u1ee5c n\u1ed9i th\u1ea5t th\u01b0\u1eddng xuy\u00ean.<\/p>\n<p data-start=\"2407\" data-end=\"2646\">T\u1eebng chi ti\u1ebft tr\u00ean s\u1ea3n ph\u1ea9m \u0111\u01b0\u1ee3c gia c\u00f4ng t\u1ec9 m\u1ec9, \u0111\u01b0\u1eddng n\u00e9t vu\u00f4ng v\u1ee9c, hi\u1ec7n \u0111\u1ea1i, t\u1ea1o c\u1ea3m gi\u00e1c ch\u1eafc ch\u1eafn v\u00e0 chuy\u00ean nghi\u1ec7p. Tay n\u1eafm ng\u0103n k\u00e9o \u0111\u01b0\u1ee3c thi\u1ebft k\u1ebf \u00e2m ho\u1eb7c bo tr\u00f2n tinh t\u1ebf, v\u1eeba \u0111\u1ea3m b\u1ea3o an to\u00e0n khi s\u1eed d\u1ee5ng, v\u1eeba t\u0103ng th\u00eam t\u00ednh th\u1ea9m m\u1ef9.<\/p>\n<p data-start=\"2648\" data-end=\"2999\"><strong data-start=\"2648\" data-end=\"2667\">T\u1ee7 h\u1ed3 s\u01a1 LUXM3D<\/strong> kh\u00f4ng ch\u1ec9 l\u00e0 m\u1ed9t v\u1eadt d\u1ee5ng l\u01b0u tr\u1eef, m\u00e0 c\u00f2n l\u00e0 y\u1ebfu t\u1ed1 g\u00f3p ph\u1ea7n ho\u00e0n thi\u1ec7n kh\u00f4ng gian l\u00e0m vi\u1ec7c hi\u1ec7n \u0111\u1ea1i, th\u1ec3 hi\u1ec7n phong c\u00e1ch v\u00e0 \u0111\u1eb3ng c\u1ea5p c\u1ee7a doanh nghi\u1ec7p. S\u1ea3n ph\u1ea9m c\u00f3 th\u1ec3 k\u1ebft h\u1ee3p ho\u00e0n h\u1ea3o v\u1edbi c\u00e1c m\u1eabu b\u00e0n l\u00e0m vi\u1ec7c d\u00f2ng LUX nh\u01b0 <strong data-start=\"2891\" data-end=\"2904\">LUX120C10<\/strong>, <strong data-start=\"2906\" data-end=\"2921\">LUX140HLC10<\/strong>, ho\u1eb7c b\u00e0n tr\u01b0\u1edfng ph\u00f2ng LUX cao c\u1ea5p, t\u1ea1o n\u00ean t\u1ed5ng th\u1ec3 th\u1ed1ng nh\u1ea5t v\u00e0 h\u00e0i h\u00f2a.<\/p>\n<p data-start=\"3001\" data-end=\"3316\" data-is-last-node=\"\" data-is-only-node=\"\">N\u1ebfu b\u1ea1n \u0111ang t\u00ecm ki\u1ebfm m\u1ed9t chi\u1ebfc <strong data-start=\"3033\" data-end=\"3079\">h\u1ed9c di \u0111\u1ed9ng 3 ng\u0103n k\u00e9o g\u1ed7 Melamine cao c\u1ea5p<\/strong>, b\u1ec1n \u0111\u1eb9p, ti\u1ec7n d\u1ee5ng v\u00e0 ph\u00f9 h\u1ee3p v\u1edbi xu h\u01b0\u1edbng n\u1ed9i th\u1ea5t v\u0103n ph\u00f2ng hi\u1ec7n nay, <strong data-start=\"3153\" data-end=\"3172\">t\u1ee7 h\u1ed3 s\u01a1 LUXM3D<\/strong> ch\u1eafc ch\u1eafn l\u00e0 l\u1ef1a ch\u1ecdn kh\u00f4ng th\u1ec3 b\u1ecf qua \u2013 v\u1eeba ti\u1ec7n \u00edch trong s\u1eed d\u1ee5ng, v\u1eeba mang l\u1ea1i v\u1ebb chuy\u00ean nghi\u1ec7p v\u00e0 hi\u1ec7n \u0111\u1ea1i cho kh\u00f4ng gian l\u00e0m vi\u1ec7c c\u1ee7a b\u1ea1n.<\/p>\n","protected":false},"excerpt":{"rendered":"<p data-start=\"23\" data-end=\"404\">T\u1ee7 h\u1ed3 s\u01a1 LUXM3D l\u00e0 m\u1eabu h\u1ed9c di \u0111\u1ed9ng hi\u1ec7n \u0111\u1ea1i, \u0111\u01b0\u1ee3c s\u1ea3n xu\u1ea5t t\u1eeb g\u1ed7 c\u00f4ng nghi\u1ec7p ph\u1ee7 Melamine cao c\u1ea5p, mang \u0111\u1ebfn b\u1ec1 m\u1eb7t nh\u1eb5n m\u1ecbn, sang tr\u1ecdng v\u00e0 kh\u1ea3 n\u0103ng ch\u1ed1ng tr\u1ea7y x\u01b0\u1edbc, ch\u1ed1ng th\u1ea5m v\u01b0\u1ee3t tr\u1ed9i. Thi\u1ebft k\u1ebf g\u1ed3m 3 ng\u0103n k\u00e9o r\u1ed9ng r\u00e3i gi\u00fap l\u01b0u tr\u1eef h\u1ed3 s\u01a1, t\u00e0i li\u1ec7u ho\u1eb7c v\u1eadt d\u1ee5ng c\u00e1 nh\u00e2n m\u1ed9t c\u00e1ch g\u1ecdn g\u00e0ng v\u00e0 ti\u1ec7n l\u1ee3i, ph\u00f9 h\u1ee3p v\u1edbi m\u1ecdi kh\u00f4ng gian l\u00e0m vi\u1ec7c v\u0103n ph\u00f2ng.<\/p>\n<p data-start=\"406\" data-end=\"747\">K\u00edch th\u01b0\u1edbc: W400 x D480 x H612 mm<br data-start=\"439\" data-end=\"442\" \/>Xu\u1ea5t x\u1ee9: S\u1ea3n ph\u1ea9m c\u1ee7a c\u00f4ng ty <strong data-start=\"472\" data-end=\"492\">N\u1ed8I TH\u1ea4T THE ONE<\/strong> \u2013 Ph\u00e2n ph\u1ed1i b\u1edfi <strong data-start=\"509\" data-end=\"545\">C\u00d4NG TY TNHH SXTM TTNT H\u1eeeU TH\u1ecaNH<\/strong><br data-start=\"545\" data-end=\"548\" \/>B\u1ea3o h\u00e0nh: 12 th\u00e1ng theo ti\u00eau chu\u1ea9n nh\u00e0 m\u00e1y<br data-start=\"590\" data-end=\"593\" \/><span style=\"color: #ed1c24;\"><em data-start=\"593\" data-end=\"745\">L\u01b0u \u00fd: Gi\u00e1 tr\u00ean ch\u01b0a bao g\u1ed3m VAT v\u00e0 ph\u00ed v\u1eadn chuy\u1ec3n. Gi\u00e1 s\u1ea3n ph\u1ea9m c\u00f3 th\u1ec3 thay \u0111\u1ed5i theo t\u1eebng th\u1eddi \u0111i\u1ec3m, vui l\u00f2ng li\u00ean h\u1ec7 \u0111\u1ec3 nh\u1eadn t\u01b0 v\u1ea5n \u01b0u \u0111\u00e3i t\u1ed1t nh\u1ea5t.<\/em><\/span><\/p>\n","protected":false},"featured_media":4106,"comment_status":"open","ping_status":"closed","template":"","meta":[],"product_brand":[],"product_cat":[17,760],"product_tag":[],"class_list":{"0":"post-4105","1":"product","2":"type-product","3":"status-publish","4":"has-post-thumbnail","6":"product_cat-noi-that-van-phong","7":"product_cat-tu-go-van-phong","9":"first","10":"instock","11":"taxable","12":"shipping-taxable","13":"purchasable","14":"product-type-simple"},"_links":{"self":[{"href":"https:\/\/www.noithathuuthinh.vn\/zh-hans\/wp-json\/wp\/v2\/product\/4105","targetHints":{"allow":["GET"]}}],"collection":[{"href":"https:\/\/www.noithathuuthinh.vn\/zh-hans\/wp-json\/wp\/v2\/product"}],"about":[{"href":"https:\/\/www.noithathuuthinh.vn\/zh-hans\/wp-json\/wp\/v2\/types\/product"}],"replies":[{"embeddable":true,"href":"https:\/\/www.noithathuuthinh.vn\/zh-hans\/wp-json\/wp\/v2\/comments?post=4105"}],"wp:featuredmedia":[{"embeddable":true,"href":"https:\/\/www.noithathuuthinh.vn\/zh-hans\/wp-json\/wp\/v2\/media\/4106"}],"wp:attachment":[{"href":"https:\/\/www.noithathuuthinh.vn\/zh-hans\/wp-json\/wp\/v2\/media?parent=4105"}],"wp:term":[{"taxonomy":"product_brand","embeddable":true,"href":"https:\/\/www.noithathuuthinh.vn\/zh-hans\/wp-json\/wp\/v2\/product_brand?post=4105"},{"taxonomy":"product_cat","embeddable":true,"href":"https:\/\/www.noithathuuthinh.vn\/zh-hans\/wp-json\/wp\/v2\/product_cat?post=4105"},{"taxonomy":"product_tag","embeddable":true,"href":"https:\/\/www.noithathuuthinh.vn\/zh-hans\/wp-json\/wp\/v2\/product_tag?post=4105"}],"curies":[{"name":"wp","href":"https:\/\/api.w.org\/{rel}","templated":true}]}}