{"id":4124,"date":"2025-10-25T16:25:00","date_gmt":"2025-10-25T09:25:00","guid":{"rendered":"https:\/\/noithathuuthinh.vn\/?post_type=product&#038;p=4124"},"modified":"2025-10-25T16:25:00","modified_gmt":"2025-10-25T09:25:00","slug":"tu-ho-so-atm3d","status":"publish","type":"product","link":"https:\/\/www.noithathuuthinh.vn\/zh-hans\/san-pham\/tu-ho-so-atm3d\/","title":{"rendered":"T\u1ee7 h\u1ed3 s\u01a1 ATM3D"},"content":{"rendered":"<p data-start=\"707\" data-end=\"1066\">T\u1ee7 h\u1ed3 s\u01a1 ATM3D thu\u1ed9c d\u00f2ng h\u1ed9c di \u0111\u1ed9ng cao c\u1ea5p c\u1ee7a N\u1ed9i th\u1ea5t The One, \u0111\u01b0\u1ee3c thi\u1ebft k\u1ebf h\u01b0\u1edbng \u0111\u1ebfn s\u1ef1 ti\u1ec7n nghi v\u00e0 t\u00ednh th\u1ea9m m\u1ef9 cao cho kh\u00f4ng gian l\u00e0m vi\u1ec7c hi\u1ec7n \u0111\u1ea1i. V\u1edbi ki\u1ec3u d\u00e1ng nh\u1ecf g\u1ecdn, linh ho\u1ea1t v\u00e0 thi\u1ebft k\u1ebf ba ng\u0103n k\u00e9o r\u1ed9ng r\u00e3i, s\u1ea3n ph\u1ea9m l\u00e0 gi\u1ea3i ph\u00e1p l\u01b0u tr\u1eef ho\u00e0n h\u1ea3o cho v\u0103n ph\u00f2ng, ph\u00f2ng l\u00e0m vi\u1ec7c c\u00e1 nh\u00e2n hay t\u1ea1i gia.<\/p>\n<p data-start=\"1068\" data-end=\"1406\">\u0110i\u1ec3m n\u1ed5i b\u1eadt c\u1ee7a <strong data-start=\"1085\" data-end=\"1103\">t\u1ee7 h\u1ed3 s\u01a1 ATM3D<\/strong> n\u1eb1m \u1edf thi\u1ebft k\u1ebf th\u00f4ng minh, gi\u00fap t\u1ed1i \u01b0u h\u00f3a kh\u00f4ng gian v\u00e0 mang \u0111\u1ebfn s\u1ef1 ti\u1ec7n l\u1ee3i t\u1ed1i \u0111a. Ba ng\u0103n k\u00e9o \u0111\u01b0\u1ee3c b\u1ed1 tr\u00ed khoa h\u1ecdc, cho ph\u00e9p ng\u01b0\u1eddi d\u00f9ng d\u1ec5 d\u00e0ng ph\u00e2n lo\u1ea1i h\u1ed3 s\u01a1, t\u00e0i li\u1ec7u ho\u1eb7c v\u1eadt d\u1ee5ng c\u00e1 nh\u00e2n. H\u1ec7 th\u1ed1ng kh\u00f3a d\u00e0n \u0111\u1ed3ng b\u1ed9 gi\u00fap \u0111\u1ea3m b\u1ea3o an to\u00e0n cho to\u00e0n b\u1ed9 ng\u0103n k\u00e9o ch\u1ec9 v\u1edbi m\u1ed9t thao t\u00e1c kh\u00f3a duy nh\u1ea5t.<\/p>\n<p data-start=\"1408\" data-end=\"1702\">Ph\u1ea7n tay n\u1eafm cong b\u1eb1ng kim lo\u1ea1i m\u1ea1 s\u00e1ng kh\u00f4ng ch\u1ec9 gi\u00fap thao t\u00e1c m\u1edf \u2013 \u0111\u00f3ng ng\u0103n k\u00e9o nh\u1eb9 nh\u00e0ng m\u00e0 c\u00f2n t\u1ea1o \u0111i\u1ec3m nh\u1ea5n tinh t\u1ebf, hi\u1ec7n \u0111\u1ea1i cho t\u1ed5ng th\u1ec3 s\u1ea3n ph\u1ea9m. \u0110\u00e2y l\u00e0 chi ti\u1ebft thi\u1ebft k\u1ebf \u0111\u01b0\u1ee3c nhi\u1ec1u doanh nghi\u1ec7p \u01b0a chu\u1ed9ng nh\u1edd t\u00ednh th\u1ea9m m\u1ef9 cao v\u00e0 \u0111\u1ed9 b\u1ec1n v\u01b0\u1ee3t tr\u1ed9i so v\u1edbi c\u00e1c lo\u1ea1i tay n\u1eafm th\u00f4ng th\u01b0\u1eddng.<\/p>\n<p data-start=\"1704\" data-end=\"2011\">V\u1ec1 ch\u1ea5t li\u1ec7u, <strong data-start=\"1718\" data-end=\"1727\">ATM3D<\/strong> s\u1eed d\u1ee5ng g\u1ed7 c\u00f4ng nghi\u1ec7p ph\u1ee7 Melamine \u2013 m\u1ed9t trong nh\u1eefng b\u1ec1 m\u1eb7t \u0111\u01b0\u1ee3c \u0111\u00e1nh gi\u00e1 cao v\u1ec1 \u0111\u1ed9 b\u1ec1n, kh\u1ea3 n\u0103ng ch\u1ed1ng tr\u1ea7y x\u01b0\u1edbc, ch\u1ed1ng \u1ea9m v\u00e0 d\u1ec5 v\u1ec7 sinh. L\u1edbp ph\u1ee7 n\u00e0y gi\u00fap t\u1ee7 lu\u00f4n gi\u1eef \u0111\u01b0\u1ee3c v\u1ebb s\u00e1ng b\u00f3ng nh\u01b0 m\u1edbi, \u0111\u1ed3ng th\u1eddi h\u1ea1n ch\u1ebf t\u00ecnh tr\u1ea1ng cong v\u00eanh hay bong tr\u00f3c trong qu\u00e1 tr\u00ecnh s\u1eed d\u1ee5ng l\u00e2u d\u00e0i.<\/p>\n<p data-start=\"2013\" data-end=\"2283\">B\u00ean c\u1ea1nh \u0111\u00f3, t\u1ee7 \u0111\u01b0\u1ee3c trang b\u1ecb h\u1ec7 th\u1ed1ng b\u00e1nh xe di chuy\u1ec3n linh ho\u1ea1t, gi\u00fap ng\u01b0\u1eddi d\u00f9ng d\u1ec5 d\u00e0ng thay \u0111\u1ed5i v\u1ecb tr\u00ed \u0111\u1eb7t t\u1ee7 m\u00e0 kh\u00f4ng t\u1ed1n nhi\u1ec1u c\u00f4ng s\u1ee9c. \u0110\u00e2y l\u00e0 \u01b0u \u0111i\u1ec3m \u0111\u1eb7c bi\u1ec7t ph\u00f9 h\u1ee3p cho nh\u1eefng kh\u00f4ng gian v\u0103n ph\u00f2ng n\u0103ng \u0111\u1ed9ng, n\u01a1i vi\u1ec7c b\u1ed1 tr\u00ed l\u1ea1i n\u1ed9i th\u1ea5t di\u1ec5n ra th\u01b0\u1eddng xuy\u00ean.<\/p>\n<p data-start=\"2285\" data-end=\"2636\">T\u1ee7 h\u1ed3 s\u01a1 ATM3D c\u00f3 k\u00edch th\u01b0\u1edbc nh\u1ecf g\u1ecdn (W400 x D480 x H612 mm), ph\u00f9 h\u1ee3p \u0111\u1eb7t d\u01b0\u1edbi g\u1ea7m b\u00e0n l\u00e0m vi\u1ec7c ho\u1eb7c b\u00ean c\u1ea1nh b\u00e0n \u0111\u1ec3 m\u1edf r\u1ed9ng kh\u00f4ng gian l\u01b0u tr\u1eef m\u00e0 v\u1eabn \u0111\u1ea3m b\u1ea3o s\u1ef1 g\u1ecdn g\u00e0ng, ng\u0103n n\u1eafp. T\u00f4ng m\u00e0u g\u1ed7 hi\u1ec7n \u0111\u1ea1i d\u1ec5 d\u00e0ng ph\u1ed1i h\u1ee3p v\u1edbi nhi\u1ec1u phong c\u00e1ch n\u1ed9i th\u1ea5t kh\u00e1c nhau \u2013 t\u1eeb v\u0103n ph\u00f2ng tr\u1ebb trung, s\u00e1ng t\u1ea1o cho \u0111\u1ebfn kh\u00f4ng gian l\u00e0m vi\u1ec7c sang tr\u1ecdng, chuy\u00ean nghi\u1ec7p.<\/p>\n<p data-start=\"2638\" data-end=\"2929\">Ngo\u00e0i ra, s\u1ea3n ph\u1ea9m c\u00f2n mang \u0111\u1ebfn s\u1ef1 \u0111\u1ed3ng b\u1ed9 khi k\u1ebft h\u1ee3p c\u00f9ng c\u00e1c d\u00f2ng b\u00e0n l\u00e0m vi\u1ec7c g\u1ed7 c\u00f4ng nghi\u1ec7p, b\u00e0n ch\u00e2n s\u1eaft ho\u1eb7c b\u00e0n tr\u01b0\u1edfng ph\u00f2ng c\u1ee7a N\u1ed9i th\u1ea5t The One. Khi b\u1ed1 tr\u00ed theo b\u1ed9, <strong data-start=\"2813\" data-end=\"2822\">ATM3D<\/strong> g\u00f3p ph\u1ea7n ho\u00e0n thi\u1ec7n t\u1ed5ng th\u1ec3 kh\u00f4ng gian l\u00e0m vi\u1ec7c, t\u1ea1o n\u00ean s\u1ef1 chuy\u00ean nghi\u1ec7p v\u00e0 th\u1ed1ng nh\u1ea5t trong thi\u1ebft k\u1ebf.<\/p>\n<p data-start=\"2931\" data-end=\"3301\" data-is-last-node=\"\" data-is-only-node=\"\">V\u1edbi thi\u1ebft k\u1ebf b\u1ec1n ch\u1eafc, ch\u1ea5t li\u1ec7u cao c\u1ea5p v\u00e0 t\u00ednh n\u0103ng l\u01b0u tr\u1eef linh ho\u1ea1t, <strong data-start=\"3004\" data-end=\"3022\">t\u1ee7 h\u1ed3 s\u01a1 ATM3D<\/strong> l\u00e0 l\u1ef1a ch\u1ecdn l\u00fd t\u01b0\u1edfng cho m\u1ecdi kh\u00f4ng gian l\u00e0m vi\u1ec7c hi\u1ec7n \u0111\u1ea1i. S\u1ea3n ph\u1ea9m kh\u00f4ng ch\u1ec9 gi\u00fap t\u1ed1i \u01b0u c\u00f4ng n\u0103ng s\u1eed d\u1ee5ng m\u00e0 c\u00f2n th\u1ec3 hi\u1ec7n gu th\u1ea9m m\u1ef9 tinh t\u1ebf c\u1ee7a ng\u01b0\u1eddi d\u00f9ng. N\u1ebfu b\u1ea1n \u0111ang t\u00ecm ki\u1ebfm m\u1ed9t gi\u1ea3i ph\u00e1p l\u01b0u tr\u1eef nh\u1ecf g\u1ecdn, b\u1ec1n \u0111\u1eb9p v\u00e0 sang tr\u1ecdng, ATM3D ch\u1eafc ch\u1eafn s\u1ebd l\u00e0 l\u1ef1a ch\u1ecdn \u0111\u00e1ng \u0111\u1ea7u t\u01b0.<\/p>\n","protected":false},"excerpt":{"rendered":"<p data-start=\"22\" data-end=\"357\">T\u1ee7 h\u1ed3 s\u01a1 ATM3D l\u00e0 m\u1eabu h\u1ed9c di \u0111\u1ed9ng ti\u1ec7n d\u1ee5ng \u0111\u01b0\u1ee3c thi\u1ebft k\u1ebf v\u1edbi 3 ng\u0103n k\u00e9o, s\u1eed d\u1ee5ng ch\u1ea5t li\u1ec7u g\u1ed7 c\u00f4ng nghi\u1ec7p cao c\u1ea5p, b\u1ec1 m\u1eb7t ph\u1ee7 Melamine b\u1ec1n m\u00e0u, ch\u1ed1ng tr\u1ea7y x\u01b0\u1edbc, d\u1ec5 v\u1ec7 sinh. S\u1ea3n ph\u1ea9m \u0111\u01b0\u1ee3c trang b\u1ecb kh\u00f3a d\u00e0n an to\u00e0n c\u00f9ng tay n\u1eafm cong sang tr\u1ecdng, mang \u0111\u1ebfn s\u1ef1 tinh t\u1ebf v\u00e0 thu\u1eadn ti\u1ec7n trong qu\u00e1 tr\u00ecnh s\u1eed d\u1ee5ng.<\/p>\n<p data-start=\"359\" data-end=\"700\">K\u00edch th\u01b0\u1edbc: W400 x D480 x H612 mm<br data-start=\"392\" data-end=\"395\" \/>Xu\u1ea5t x\u1ee9: S\u1ea3n ph\u1ea9m c\u1ee7a <strong data-start=\"417\" data-end=\"445\">C\u00f4ng ty N\u1ed8I TH\u1ea4T THE ONE<\/strong> \u2013 Ph\u00e2n ph\u1ed1i b\u1edfi <strong data-start=\"462\" data-end=\"498\">C\u00d4NG TY TNHH SXTM TTNT H\u1eeeU TH\u1ecaNH<\/strong><br data-start=\"498\" data-end=\"501\" \/>B\u1ea3o h\u00e0nh: 12 th\u00e1ng theo ti\u00eau chu\u1ea9n nh\u00e0 m\u00e1y<br data-start=\"543\" data-end=\"546\" \/><span style=\"color: #ed1c24;\"><em data-start=\"546\" data-end=\"698\">L\u01b0u \u00fd: Gi\u00e1 tr\u00ean ch\u01b0a bao g\u1ed3m VAT v\u00e0 ph\u00ed v\u1eadn chuy\u1ec3n. Gi\u00e1 s\u1ea3n ph\u1ea9m c\u00f3 th\u1ec3 thay \u0111\u1ed5i theo t\u1eebng th\u1eddi \u0111i\u1ec3m, vui l\u00f2ng li\u00ean h\u1ec7 \u0111\u1ec3 nh\u1eadn t\u01b0 v\u1ea5n \u01b0u \u0111\u00e3i t\u1ed1t nh\u1ea5t.<\/em><\/span><\/p>\n","protected":false},"featured_media":4125,"comment_status":"open","ping_status":"closed","template":"","meta":[],"product_brand":[],"product_cat":[17,760],"product_tag":[],"class_list":{"0":"post-4124","1":"product","2":"type-product","3":"status-publish","4":"has-post-thumbnail","6":"product_cat-noi-that-van-phong","7":"product_cat-tu-go-van-phong","9":"first","10":"instock","11":"taxable","12":"shipping-taxable","13":"purchasable","14":"product-type-simple"},"_links":{"self":[{"href":"https:\/\/www.noithathuuthinh.vn\/zh-hans\/wp-json\/wp\/v2\/product\/4124","targetHints":{"allow":["GET"]}}],"collection":[{"href":"https:\/\/www.noithathuuthinh.vn\/zh-hans\/wp-json\/wp\/v2\/product"}],"about":[{"href":"https:\/\/www.noithathuuthinh.vn\/zh-hans\/wp-json\/wp\/v2\/types\/product"}],"replies":[{"embeddable":true,"href":"https:\/\/www.noithathuuthinh.vn\/zh-hans\/wp-json\/wp\/v2\/comments?post=4124"}],"wp:featuredmedia":[{"embeddable":true,"href":"https:\/\/www.noithathuuthinh.vn\/zh-hans\/wp-json\/wp\/v2\/media\/4125"}],"wp:attachment":[{"href":"https:\/\/www.noithathuuthinh.vn\/zh-hans\/wp-json\/wp\/v2\/media?parent=4124"}],"wp:term":[{"taxonomy":"product_brand","embeddable":true,"href":"https:\/\/www.noithathuuthinh.vn\/zh-hans\/wp-json\/wp\/v2\/product_brand?post=4124"},{"taxonomy":"product_cat","embeddable":true,"href":"https:\/\/www.noithathuuthinh.vn\/zh-hans\/wp-json\/wp\/v2\/product_cat?post=4124"},{"taxonomy":"product_tag","embeddable":true,"href":"https:\/\/www.noithathuuthinh.vn\/zh-hans\/wp-json\/wp\/v2\/product_tag?post=4124"}],"curies":[{"name":"wp","href":"https:\/\/api.w.org\/{rel}","templated":true}]}}