{"id":4140,"date":"2025-10-25T16:44:05","date_gmt":"2025-10-25T09:44:05","guid":{"rendered":"https:\/\/noithathuuthinh.vn\/?post_type=product&#038;p=4140"},"modified":"2025-11-05T13:17:58","modified_gmt":"2025-11-05T06:17:58","slug":"tu-ho-so-hpm1d1f","status":"publish","type":"product","link":"https:\/\/www.noithathuuthinh.vn\/zh-hans\/san-pham\/tu-ho-so-hpm1d1f\/","title":{"rendered":"T\u1ee7 h\u1ed3 s\u01a1 HPM1D1F"},"content":{"rendered":"<p data-start=\"755\" data-end=\"1116\">T\u1ee7 h\u1ed3 s\u01a1 HPM1D1F l\u00e0 m\u1ed9t trong nh\u1eefng s\u1ea3n ph\u1ea9m h\u1ed9c di \u0111\u1ed9ng \u0111\u01b0\u1ee3c y\u00eau th\u00edch trong d\u00f2ng n\u1ed9i th\u1ea5t v\u0103n ph\u00f2ng hi\u1ec7n \u0111\u1ea1i nh\u1edd thi\u1ebft k\u1ebf g\u1ecdn g\u00e0ng, ti\u1ec7n d\u1ee5ng v\u00e0 t\u00ednh th\u1ea9m m\u1ef9 cao. V\u1edbi k\u00edch th\u01b0\u1edbc nh\u1ecf g\u1ecdn nh\u01b0ng \u0111\u01b0\u1ee3c t\u1ed1i \u01b0u h\u00f3a c\u00f4ng n\u0103ng, s\u1ea3n ph\u1ea9m mang \u0111\u1ebfn gi\u1ea3i ph\u00e1p l\u01b0u tr\u1eef hi\u1ec7u qu\u1ea3 cho nh\u00e2n vi\u00ean, qu\u1ea3n l\u00fd ho\u1eb7c ng\u01b0\u1eddi l\u00e0m vi\u1ec7c t\u1ea1i nh\u00e0.<\/p>\n<p data-start=\"1118\" data-end=\"1447\">S\u1ea3n ph\u1ea9m <strong data-start=\"1127\" data-end=\"1147\">t\u1ee7 h\u1ed3 s\u01a1 HPM1D1F<\/strong> \u0111\u01b0\u1ee3c ch\u1ebf t\u00e1c t\u1eeb g\u1ed7 c\u00f4ng nghi\u1ec7p cao c\u1ea5p ph\u1ee7 Melamine, lo\u1ea1i v\u1eadt li\u1ec7u n\u1ed5i b\u1eadt v\u1edbi kh\u1ea3 n\u0103ng ch\u1ed1ng tr\u1ea7y x\u01b0\u1edbc, ch\u1ed1ng th\u1ea5m v\u00e0 ch\u1ed1ng m\u1ed1i m\u1ecdt. L\u1edbp ph\u1ee7 Melamine kh\u00f4ng ch\u1ec9 b\u1ea3o v\u1ec7 c\u1ed1t g\u1ed7 b\u00ean trong m\u00e0 c\u00f2n t\u1ea1o n\u00ean b\u1ec1 m\u1eb7t s\u00e1ng b\u00f3ng, d\u1ec5 v\u1ec7 sinh, gi\u00fap s\u1ea3n ph\u1ea9m gi\u1eef \u0111\u01b0\u1ee3c v\u1ebb \u0111\u1eb9p nh\u01b0 m\u1edbi trong su\u1ed1t qu\u00e1 tr\u00ecnh s\u1eed d\u1ee5ng.<\/p>\n<p data-start=\"1449\" data-end=\"1860\">Thi\u1ebft k\u1ebf 2 ng\u0103n k\u00e9o c\u1ee7a <strong data-start=\"1473\" data-end=\"1484\">HPM1D1F<\/strong> gi\u00fap ng\u01b0\u1eddi d\u00f9ng d\u1ec5 d\u00e0ng ph\u00e2n chia kh\u00f4ng gian l\u01b0u tr\u1eef: ng\u0103n nh\u1ecf ph\u00eda tr\u00ean th\u00edch h\u1ee3p \u0111\u1ec3 ch\u1ee9a v\u1eadt d\u1ee5ng v\u0103n ph\u00f2ng nh\u01b0 b\u00fat, s\u1ed5 tay, h\u1ed3 s\u01a1 m\u1ecfng; trong khi ng\u0103n l\u1edbn ph\u00eda d\u01b0\u1edbi c\u00f3 th\u1ec3 ch\u1ee9a t\u00e0i li\u1ec7u kh\u1ed5 l\u1edbn, t\u1eadp h\u1ed3 s\u01a1 ho\u1eb7c c\u00e1c v\u1eadt d\u1ee5ng c\u00e1 nh\u00e2n c\u1ea7n b\u1ea3o m\u1eadt. M\u1ed7i ng\u0103n k\u00e9o \u0111\u1ec1u \u0111\u01b0\u1ee3c trang b\u1ecb ray tr\u01b0\u1ee3t kim lo\u1ea1i ch\u1ea5t l\u01b0\u1ee3ng cao, gi\u00fap thao t\u00e1c k\u00e9o m\u1edf nh\u1eb9 nh\u00e0ng, \u00eam \u00e1i v\u00e0 kh\u00f4ng g\u00e2y ti\u1ebfng \u1ed3n.<\/p>\n<p data-start=\"1862\" data-end=\"2152\">\u0110i\u1ec3m n\u1ed5i b\u1eadt c\u1ee7a t\u1ee7 h\u1ed3 s\u01a1 n\u00e0y n\u1eb1m \u1edf <strong data-start=\"1898\" data-end=\"1919\">h\u1ec7 th\u1ed1ng kh\u00f3a d\u00e0n<\/strong> hi\u1ec7n \u0111\u1ea1i, cho ph\u00e9p kh\u00f3a \u0111\u1ed3ng th\u1eddi c\u1ea3 hai ng\u0103n ch\u1ec9 b\u1eb1ng m\u1ed9t thao t\u00e1c \u0111\u01a1n gi\u1ea3n. C\u01a1 ch\u1ebf n\u00e0y gi\u00fap \u0111\u1ea3m b\u1ea3o an to\u00e0n tuy\u1ec7t \u0111\u1ed1i cho c\u00e1c t\u00e0i li\u1ec7u quan tr\u1ecdng, ti\u1ec1n m\u1eb7t ho\u1eb7c \u0111\u1ed3 c\u00e1 nh\u00e2n, \u0111\u1ed3ng th\u1eddi mang l\u1ea1i s\u1ef1 ti\u1ec7n l\u1ee3i trong qu\u00e1 tr\u00ecnh s\u1eed d\u1ee5ng.<\/p>\n<p data-start=\"2154\" data-end=\"2434\">B\u00ean d\u01b0\u1edbi t\u1ee7 \u0111\u01b0\u1ee3c trang b\u1ecb h\u1ec7 th\u1ed1ng <strong data-start=\"2189\" data-end=\"2220\">b\u00e1nh xe di chuy\u1ec3n linh ho\u1ea1t<\/strong>, gi\u00fap ng\u01b0\u1eddi d\u00f9ng d\u1ec5 d\u00e0ng thay \u0111\u1ed5i v\u1ecb tr\u00ed m\u00e0 kh\u00f4ng c\u1ea7n t\u1ed1n nhi\u1ec1u s\u1ee9c. C\u00e1c b\u00e1nh xe \u0111\u01b0\u1ee3c thi\u1ebft k\u1ebf ch\u1eafc ch\u1eafn, xoay tr\u01a1n tru v\u00e0 kh\u00f4ng l\u00e0m tr\u1ea7y x\u01b0\u1edbc s\u00e0n nh\u00e0, r\u1ea5t ph\u00f9 h\u1ee3p v\u1edbi kh\u00f4ng gian v\u0103n ph\u00f2ng c\u1ea7n s\u1eafp x\u1ebfp linh ho\u1ea1t.<\/p>\n<p data-start=\"2436\" data-end=\"2766\">T\u1ee7 h\u1ed3 s\u01a1 HPM1D1F c\u00f3 ki\u1ec3u d\u00e1ng vu\u00f4ng v\u1ee9c, m\u00e0u s\u1eafc trang nh\u00e3 v\u00e0 c\u00e1c \u0111\u01b0\u1eddng n\u00e9t \u0111\u01b0\u1ee3c x\u1eed l\u00fd tinh t\u1ebf, t\u1ea1o n\u00ean v\u1ebb hi\u1ec7n \u0111\u1ea1i v\u00e0 chuy\u00ean nghi\u1ec7p cho kh\u00f4ng gian l\u00e0m vi\u1ec7c. S\u1ea3n ph\u1ea9m d\u1ec5 d\u00e0ng ph\u1ed1i h\u1ee3p v\u1edbi nhi\u1ec1u d\u00f2ng b\u00e0n l\u00e0m vi\u1ec7c kh\u00e1c nhau nh\u01b0 b\u00e0n ch\u00e2n s\u1eaft, b\u00e0n nh\u00e2n vi\u00ean ho\u1eb7c b\u00e0n gi\u00e1m \u0111\u1ed1c, gi\u00fap t\u1ed5ng th\u1ec3 v\u0103n ph\u00f2ng tr\u1edf n\u00ean \u0111\u1ed3ng b\u1ed9 v\u00e0 h\u00e0i h\u00f2a h\u01a1n.<\/p>\n<p data-start=\"2768\" data-end=\"3048\">V\u1edbi k\u00edch th\u01b0\u1edbc ti\u00eau chu\u1ea9n W400 x D480 x H612 mm, <strong data-start=\"2817\" data-end=\"2828\">HPM1D1F<\/strong> d\u1ec5 d\u00e0ng \u0111\u1eb7t v\u1eeba d\u01b0\u1edbi g\u1ea7m b\u00e0n ho\u1eb7c b\u00ean c\u1ea1nh b\u00e0n l\u00e0m vi\u1ec7c m\u00e0 kh\u00f4ng chi\u1ebfm nhi\u1ec1u di\u1ec7n t\u00edch. C\u1ea5u tr\u00fac ch\u1eafc ch\u1eafn c\u00f9ng kh\u1ea3 n\u0103ng ch\u1ecbu t\u1ea3i t\u1ed1t gi\u00fap s\u1ea3n ph\u1ea9m b\u1ec1n b\u1ec9 theo th\u1eddi gian, l\u00e0 l\u1ef1a ch\u1ecdn \u0111\u00e1ng tin c\u1eady cho m\u1ecdi doanh nghi\u1ec7p.<\/p>\n<p data-start=\"3050\" data-end=\"3396\">Kh\u00f4ng ch\u1ec9 mang t\u00ednh \u1ee9ng d\u1ee5ng cao, <strong data-start=\"3084\" data-end=\"3104\">t\u1ee7 h\u1ed3 s\u01a1 HPM1D1F<\/strong> c\u00f2n g\u00f3p ph\u1ea7n n\u00e2ng cao h\u00ecnh \u1ea3nh chuy\u00ean nghi\u1ec7p c\u1ee7a v\u0103n ph\u00f2ng, t\u1ea1o c\u1ea3m gi\u00e1c g\u1ecdn g\u00e0ng v\u00e0 khoa h\u1ecdc cho kh\u00f4ng gian l\u00e0m vi\u1ec7c. S\u1ea3n ph\u1ea9m ph\u00f9 h\u1ee3p cho c\u00e1c c\u00f4ng ty, c\u01a1 quan h\u00e0nh ch\u00ednh, ng\u00e2n h\u00e0ng, tr\u01b0\u1eddng h\u1ecdc ho\u1eb7c c\u00e1 nh\u00e2n l\u00e0m vi\u1ec7c t\u1ea1i nh\u00e0 \u0111ang t\u00ecm ki\u1ebfm m\u1ed9t gi\u1ea3i ph\u00e1p l\u01b0u tr\u1eef ti\u1ec7n l\u1ee3i, th\u1ea9m m\u1ef9 v\u00e0 b\u1ec1n b\u1ec9.<\/p>\n<p data-start=\"3398\" data-end=\"3613\" data-is-last-node=\"\" data-is-only-node=\"\">V\u1edbi thi\u1ebft k\u1ebf tinh g\u1ecdn, v\u1eadt li\u1ec7u ch\u1ea5t l\u01b0\u1ee3ng cao v\u00e0 \u0111\u1ed9 ho\u00e0n thi\u1ec7n t\u1ec9 m\u1ec9, <strong data-start=\"3469\" data-end=\"3489\">t\u1ee7 h\u1ed3 s\u01a1 HPM1D1F<\/strong> ch\u00ednh l\u00e0 l\u1ef1a ch\u1ecdn ho\u00e0n h\u1ea3o gi\u00fap t\u1ed1i \u01b0u h\u00f3a kh\u00f4ng gian v\u00e0 n\u00e2ng cao hi\u1ec7u su\u1ea5t l\u00e0m vi\u1ec7c trong m\u1ecdi m\u00f4i tr\u01b0\u1eddng c\u00f4ng s\u1edf hi\u1ec7n \u0111\u1ea1i.<\/p>\n","protected":false},"excerpt":{"rendered":"<p data-start=\"24\" data-end=\"405\">T\u1ee7 h\u1ed3 s\u01a1 HPM1D1F l\u00e0 m\u1eabu h\u1ed9c di \u0111\u1ed9ng hi\u1ec7n \u0111\u1ea1i, g\u1ed3m 2 ng\u0103n k\u00e9o ti\u1ec7n d\u1ee5ng \u0111\u01b0\u1ee3c thi\u1ebft k\u1ebf tinh g\u1ecdn, ph\u00f9 h\u1ee3p v\u1edbi nhi\u1ec1u kh\u00f4ng gian v\u0103n ph\u00f2ng kh\u00e1c nhau. S\u1ea3n ph\u1ea9m \u0111\u01b0\u1ee3c l\u00e0m t\u1eeb g\u1ed7 c\u00f4ng nghi\u1ec7p ph\u1ee7 Melamine b\u1ec1n \u0111\u1eb9p, ch\u1ed1ng tr\u1ea7y x\u01b0\u1edbc, ch\u1ed1ng \u1ea9m v\u00e0 d\u1ec5 v\u1ec7 sinh. H\u1ed9c s\u1eed d\u1ee5ng h\u1ec7 th\u1ed1ng kh\u00f3a d\u00e0n an to\u00e0n, \u0111\u1ea3m b\u1ea3o t\u00ednh b\u1ea3o m\u1eadt cao cho t\u00e0i li\u1ec7u, h\u1ed3 s\u01a1 v\u00e0 v\u1eadt d\u1ee5ng c\u00e1 nh\u00e2n.<\/p>\n<p data-start=\"407\" data-end=\"748\">K\u00edch th\u01b0\u1edbc: W400 x D480 x H612 mm<br data-start=\"440\" data-end=\"443\" \/>Xu\u1ea5t x\u1ee9: S\u1ea3n ph\u1ea9m c\u1ee7a <strong data-start=\"465\" data-end=\"493\">C\u00f4ng ty N\u1ed8I TH\u1ea4T THE ONE<\/strong> \u2013 Ph\u00e2n ph\u1ed1i b\u1edfi <strong data-start=\"510\" data-end=\"546\">C\u00d4NG TY TNHH SXTM TTNT H\u1eeeU TH\u1ecaNH<\/strong><br data-start=\"546\" data-end=\"549\" \/>B\u1ea3o h\u00e0nh: 12 th\u00e1ng theo ti\u00eau chu\u1ea9n nh\u00e0 m\u00e1y<br data-start=\"591\" data-end=\"594\" data-is-only-node=\"\" \/><span style=\"color: #ed1c24;\"><em data-start=\"594\" data-end=\"746\">L\u01b0u \u00fd: Gi\u00e1 tr\u00ean ch\u01b0a bao g\u1ed3m VAT v\u00e0 ph\u00ed v\u1eadn chuy\u1ec3n. Gi\u00e1 s\u1ea3n ph\u1ea9m c\u00f3 th\u1ec3 thay \u0111\u1ed5i theo t\u1eebng th\u1eddi \u0111i\u1ec3m, vui l\u00f2ng li\u00ean h\u1ec7 \u0111\u1ec3 nh\u1eadn t\u01b0 v\u1ea5n \u01b0u \u0111\u00e3i t\u1ed1t nh\u1ea5t.<\/em><\/span><\/p>\n","protected":false},"featured_media":4141,"comment_status":"open","ping_status":"closed","template":"","meta":[],"product_brand":[],"product_cat":[17,760],"product_tag":[],"class_list":{"0":"post-4140","1":"product","2":"type-product","3":"status-publish","4":"has-post-thumbnail","6":"product_cat-noi-that-van-phong","7":"product_cat-tu-go-van-phong","9":"first","10":"instock","11":"taxable","12":"shipping-taxable","13":"purchasable","14":"product-type-simple"},"_links":{"self":[{"href":"https:\/\/www.noithathuuthinh.vn\/zh-hans\/wp-json\/wp\/v2\/product\/4140","targetHints":{"allow":["GET"]}}],"collection":[{"href":"https:\/\/www.noithathuuthinh.vn\/zh-hans\/wp-json\/wp\/v2\/product"}],"about":[{"href":"https:\/\/www.noithathuuthinh.vn\/zh-hans\/wp-json\/wp\/v2\/types\/product"}],"replies":[{"embeddable":true,"href":"https:\/\/www.noithathuuthinh.vn\/zh-hans\/wp-json\/wp\/v2\/comments?post=4140"}],"wp:featuredmedia":[{"embeddable":true,"href":"https:\/\/www.noithathuuthinh.vn\/zh-hans\/wp-json\/wp\/v2\/media\/4141"}],"wp:attachment":[{"href":"https:\/\/www.noithathuuthinh.vn\/zh-hans\/wp-json\/wp\/v2\/media?parent=4140"}],"wp:term":[{"taxonomy":"product_brand","embeddable":true,"href":"https:\/\/www.noithathuuthinh.vn\/zh-hans\/wp-json\/wp\/v2\/product_brand?post=4140"},{"taxonomy":"product_cat","embeddable":true,"href":"https:\/\/www.noithathuuthinh.vn\/zh-hans\/wp-json\/wp\/v2\/product_cat?post=4140"},{"taxonomy":"product_tag","embeddable":true,"href":"https:\/\/www.noithathuuthinh.vn\/zh-hans\/wp-json\/wp\/v2\/product_tag?post=4140"}],"curies":[{"name":"wp","href":"https:\/\/api.w.org\/{rel}","templated":true}]}}