{"id":4180,"date":"2025-11-06T11:56:08","date_gmt":"2025-11-06T04:56:08","guid":{"rendered":"https:\/\/noithathuuthinh.vn\/?post_type=product&#038;p=4180"},"modified":"2025-11-06T11:56:08","modified_gmt":"2025-11-06T04:56:08","slug":"tu-ho-so-hrtp01bx","status":"publish","type":"product","link":"https:\/\/www.noithathuuthinh.vn\/zh-hans\/san-pham\/tu-ho-so-hrtp01bx\/","title":{"rendered":"T\u1ee7 h\u1ed3 s\u01a1 HRTP01BX"},"content":{"rendered":"<p data-start=\"766\" data-end=\"1132\">T\u1ee7 h\u1ed3 s\u01a1 HRTP01BX l\u00e0 l\u1ef1a ch\u1ecdn ho\u00e0n h\u1ea3o d\u00e0nh cho c\u00e1c v\u0103n ph\u00f2ng hi\u1ec7n \u0111\u1ea1i c\u1ea7n m\u1ed9t m\u1eabu t\u1ee7 ph\u1ee5 v\u1eeba ti\u1ec7n d\u1ee5ng v\u1eeba mang t\u00ednh th\u1ea9m m\u1ef9 cao. V\u1edbi thi\u1ebft k\u1ebf nh\u1ecf g\u1ecdn, ch\u1ea5t li\u1ec7u b\u1ec1n \u0111\u1eb9p v\u00e0 t\u00ednh c\u01a1 \u0111\u1ed9ng v\u01b0\u1ee3t tr\u1ed9i, s\u1ea3n ph\u1ea9m mang \u0111\u1ebfn gi\u1ea3i ph\u00e1p l\u01b0u tr\u1eef chuy\u00ean nghi\u1ec7p, g\u00f3p ph\u1ea7n t\u1ed1i \u01b0u kh\u00f4ng gian l\u00e0m vi\u1ec7c v\u00e0 t\u1ea1o c\u1ea3m gi\u00e1c g\u1ecdn g\u00e0ng, sang tr\u1ecdng.<\/p>\n<p data-start=\"1134\" data-end=\"1570\">S\u1ea3n ph\u1ea9m \u0111\u01b0\u1ee3c l\u00e0m t\u1eeb <strong data-start=\"1155\" data-end=\"1194\">g\u1ed7 c\u00f4ng nghi\u1ec7p ph\u1ee7 Melamine cao c\u1ea5p<\/strong>, m\u1ed9t trong nh\u1eefng v\u1eadt li\u1ec7u ph\u1ed5 bi\u1ebfn v\u00e0 \u0111\u01b0\u1ee3c \u01b0a chu\u1ed9ng trong ng\u00e0nh n\u1ed9i th\u1ea5t v\u0103n ph\u00f2ng hi\u1ec7n nay. Melamine c\u00f3 \u01b0u \u0111i\u1ec3m ch\u1ed1ng tr\u1ea7y x\u01b0\u1edbc, ch\u1ed1ng th\u1ea5m, h\u1ea1n ch\u1ebf b\u00e1m b\u1ee5i v\u00e0 d\u1ec5 d\u00e0ng v\u1ec7 sinh, gi\u00fap <strong data-start=\"1379\" data-end=\"1400\">t\u1ee7 h\u1ed3 s\u01a1 HRTP01BX<\/strong> lu\u00f4n gi\u1eef \u0111\u01b0\u1ee3c b\u1ec1 m\u1eb7t s\u00e1ng \u0111\u1eb9p v\u00e0 b\u1ec1n b\u1ec9 theo th\u1eddi gian. Ngo\u00e0i ra, l\u1edbp ph\u1ee7 Melamine c\u00f2n c\u00f3 kh\u1ea3 n\u0103ng ch\u1ed1ng phai m\u00e0u, mang \u0111\u1ebfn v\u1ebb \u0111\u1eb9p t\u1ef1 nhi\u00ean v\u00e0 hi\u1ec7n \u0111\u1ea1i cho kh\u00f4ng gian.<\/p>\n<p data-start=\"1572\" data-end=\"2002\">V\u1ec1 c\u1ea5u t\u1ea1o, t\u1ee7 \u0111\u01b0\u1ee3c chia th\u00e0nh hai ph\u1ea7n ch\u00ednh: <strong data-start=\"1619\" data-end=\"1649\">khoang gi\u1eefa v\u1edbi 2 c\u00e1nh l\u00f9a<\/strong> gi\u00fap ti\u1ebft ki\u1ec7m kh\u00f4ng gian khi m\u1edf t\u1ee7, r\u1ea5t ph\u00f9 h\u1ee3p cho v\u0103n ph\u00f2ng di\u1ec7n t\u00edch nh\u1ecf ho\u1eb7c khu v\u1ef1c l\u00e0m vi\u1ec7c h\u1eb9p. H\u1ec7 th\u1ed1ng ray tr\u01b0\u1ee3t c\u1ee7a c\u00e1nh l\u00f9a \u0111\u01b0\u1ee3c thi\u1ebft k\u1ebf ch\u1eafc ch\u1eafn, ho\u1ea1t \u0111\u1ed9ng \u00eam \u00e1i, kh\u00f4ng g\u00e2y ti\u1ebfng \u1ed3n. B\u00ean c\u1ea1nh \u0111\u00f3, <strong data-start=\"1861\" data-end=\"1901\">khoang ngo\u00e0i c\u00f3 1 c\u00e1nh m\u1edf ri\u00eang bi\u1ec7t<\/strong>, gi\u00fap ng\u01b0\u1eddi d\u00f9ng d\u1ec5 d\u00e0ng l\u01b0u tr\u1eef t\u00e0i li\u1ec7u, s\u1ed5 s\u00e1ch ho\u1eb7c v\u1eadt d\u1ee5ng c\u00e1 nh\u00e2n t\u00f9y theo nhu c\u1ea7u s\u1eed d\u1ee5ng.<\/p>\n<p data-start=\"2004\" data-end=\"2376\">\u0110i\u1ec3m n\u1ed5i b\u1eadt c\u1ee7a <strong data-start=\"2021\" data-end=\"2042\">t\u1ee7 h\u1ed3 s\u01a1 HRTP01BX<\/strong> l\u00e0 thi\u1ebft k\u1ebf <strong data-start=\"2055\" data-end=\"2076\">di \u0111\u1ed9ng linh ho\u1ea1t<\/strong>. T\u1ee7 \u0111\u01b0\u1ee3c trang b\u1ecb b\u00e1nh xe ch\u1ecbu l\u1ef1c, gi\u00fap di chuy\u1ec3n d\u1ec5 d\u00e0ng gi\u1eefa c\u00e1c v\u1ecb tr\u00ed l\u00e0m vi\u1ec7c kh\u00e1c nhau m\u00e0 kh\u00f4ng g\u00e2y tr\u1ea7y s\u00e0n hay \u1ea3nh h\u01b0\u1edfng \u0111\u1ebfn b\u1ec1 m\u1eb7t s\u00e0n nh\u00e0. T\u00ednh n\u0103ng n\u00e0y mang l\u1ea1i s\u1ef1 ti\u1ec7n l\u1ee3i \u0111\u1eb7c bi\u1ec7t trong nh\u1eefng v\u0103n ph\u00f2ng c\u00f3 b\u1ed1 c\u1ee5c thay \u0111\u1ed5i th\u01b0\u1eddng xuy\u00ean ho\u1eb7c c\u1ea7n linh ho\u1ea1t trong vi\u1ec7c s\u1eafp x\u1ebfp kh\u00f4ng gian.<\/p>\n<p data-start=\"2378\" data-end=\"2701\">V\u1edbi k\u00edch th\u01b0\u1edbc <strong data-start=\"2393\" data-end=\"2419\">W1200 x D400 x H610 mm<\/strong>, t\u1ee7 HRTP01BX c\u00f3 th\u1ec3 \u0111\u01b0\u1ee3c \u0111\u1eb7t d\u01b0\u1edbi b\u00e0n l\u00e0m vi\u1ec7c ho\u1eb7c b\u00ean c\u1ea1nh b\u00e0n gi\u00e1m \u0111\u1ed1c, t\u1ea1o th\u00e0nh m\u1ed9t t\u1ed5 h\u1ee3p n\u1ed9i th\u1ea5t \u0111\u1ed3ng b\u1ed9, ti\u1ec7n d\u1ee5ng. Ki\u1ec3u d\u00e1ng vu\u00f4ng v\u1eafn, \u0111\u01b0\u1eddng n\u00e9t g\u1ecdn g\u00e0ng v\u00e0 m\u00e0u s\u1eafc trang nh\u00e3 gi\u00fap t\u1ee7 d\u1ec5 d\u00e0ng ph\u1ed1i h\u1ee3p v\u1edbi nhi\u1ec1u phong c\u00e1ch n\u1ed9i th\u1ea5t kh\u00e1c nhau, t\u1eeb hi\u1ec7n \u0111\u1ea1i \u0111\u1ebfn sang tr\u1ecdng.<\/p>\n<p data-start=\"2703\" data-end=\"3026\">Kh\u00f4ng ch\u1ec9 \u0111\u1ea3m b\u1ea3o c\u00f4ng n\u0103ng l\u01b0u tr\u1eef, <strong data-start=\"2740\" data-end=\"2761\">t\u1ee7 h\u1ed3 s\u01a1 HRTP01BX<\/strong> c\u00f2n th\u1ec3 hi\u1ec7n phong c\u00e1ch chuy\u00ean nghi\u1ec7p c\u1ee7a doanh nghi\u1ec7p, \u0111\u1ed3ng th\u1eddi g\u00f3p ph\u1ea7n n\u00e2ng cao t\u00ednh th\u1ea9m m\u1ef9 cho kh\u00f4ng gian l\u00e0m vi\u1ec7c. \u0110\u00e2y l\u00e0 m\u1eabu t\u1ee7 ph\u1ee5 l\u00fd t\u01b0\u1edfng d\u00e0nh cho c\u00e1c v\u0103n ph\u00f2ng, ph\u00f2ng gi\u00e1m \u0111\u1ed1c, ho\u1eb7c khu v\u1ef1c l\u00e0m vi\u1ec7c y\u00eau c\u1ea7u s\u1ef1 g\u1ecdn g\u00e0ng, tinh t\u1ebf v\u00e0 t\u00ednh linh ho\u1ea1t cao.<\/p>\n<p data-start=\"3028\" data-end=\"3283\" data-is-last-node=\"\" data-is-only-node=\"\">N\u1ebfu b\u1ea1n \u0111ang t\u00ecm ki\u1ebfm m\u1ed9t s\u1ea3n ph\u1ea9m c\u00f3 ch\u1ea5t l\u01b0\u1ee3ng t\u1ed1t, ki\u1ec3u d\u00e1ng hi\u1ec7n \u0111\u1ea1i v\u00e0 gi\u00e1 tr\u1ecb s\u1eed d\u1ee5ng l\u00e2u d\u00e0i, <strong data-start=\"3129\" data-end=\"3150\">t\u1ee7 h\u1ed3 s\u01a1 HRTP01BX<\/strong> ch\u1eafc ch\u1eafn s\u1ebd l\u00e0 l\u1ef1a ch\u1ecdn t\u1ed1i \u01b0u \u2013 \u0111\u00e1p \u1ee9ng \u0111\u1ea7y \u0111\u1ee7 c\u00e1c ti\u00eau ch\u00ed v\u1ec1 c\u00f4ng n\u0103ng, \u0111\u1ed9 b\u1ec1n v\u00e0 th\u1ea9m m\u1ef9 cho m\u00f4i tr\u01b0\u1eddng l\u00e0m vi\u1ec7c chuy\u00ean nghi\u1ec7p.<\/p>\n","protected":false},"excerpt":{"rendered":"<p data-start=\"25\" data-end=\"414\">T\u1ee7 h\u1ed3 s\u01a1 HRTP01BX l\u00e0 m\u1eabu t\u1ee7 ph\u1ee5 di \u0111\u1ed9ng \u0111\u01b0\u1ee3c thi\u1ebft k\u1ebf hi\u1ec7n \u0111\u1ea1i, s\u1ea3n xu\u1ea5t t\u1eeb ch\u1ea5t li\u1ec7u g\u1ed7 c\u00f4ng nghi\u1ec7p cao c\u1ea5p ph\u1ee7 Melamine, mang l\u1ea1i v\u1ebb \u0111\u1eb9p sang tr\u1ecdng, \u0111\u1ed9 b\u1ec1n cao v\u00e0 kh\u1ea3 n\u0103ng ch\u1ed1ng tr\u1ea7y x\u01b0\u1edbc, ch\u1ed1ng \u1ea9m t\u1ed1t. S\u1ea3n ph\u1ea9m c\u00f3 khoang gi\u1eefa s\u1eed d\u1ee5ng 2 c\u00e1nh l\u00f9a ti\u1ec7n l\u1ee3i v\u00e0 khoang ngo\u00e0i v\u1edbi 1 c\u00e1nh m\u1edf, gi\u00fap ng\u01b0\u1eddi d\u00f9ng s\u1eafp x\u1ebfp h\u1ed3 s\u01a1, t\u00e0i li\u1ec7u m\u1ed9t c\u00e1ch khoa h\u1ecdc, g\u1ecdn g\u00e0ng.<\/p>\n<p data-start=\"416\" data-end=\"603\">K\u00edch th\u01b0\u1edbc: W1200 x D400 x H610 mm<br data-start=\"450\" data-end=\"453\" \/>Xu\u1ea5t x\u1ee9: S\u1ea3n ph\u1ea9m c\u1ee7a c\u00f4ng ty <strong data-start=\"483\" data-end=\"503\">N\u1ed8I TH\u1ea4T THE ONE<\/strong> \u2013 Ph\u00e2n ph\u1ed1i b\u1edfi <strong data-start=\"520\" data-end=\"556\">C\u00d4NG TY TNHH SXTM TTNT H\u1eeeU TH\u1ecaNH<\/strong><br data-start=\"556\" data-end=\"559\" \/>B\u1ea3o h\u00e0nh: 12 th\u00e1ng theo ti\u00eau chu\u1ea9n nh\u00e0 m\u00e1y<\/p>\n<p data-start=\"605\" data-end=\"759\"><span style=\"color: #ed1c24;\"><em data-start=\"605\" data-end=\"757\">L\u01b0u \u00fd: Gi\u00e1 tr\u00ean ch\u01b0a bao g\u1ed3m VAT v\u00e0 ph\u00ed v\u1eadn chuy\u1ec3n. Gi\u00e1 s\u1ea3n ph\u1ea9m c\u00f3 th\u1ec3 thay \u0111\u1ed5i theo t\u1eebng th\u1eddi \u0111i\u1ec3m, vui l\u00f2ng li\u00ean h\u1ec7 \u0111\u1ec3 nh\u1eadn t\u01b0 v\u1ea5n \u01b0u \u0111\u00e3i t\u1ed1t nh\u1ea5t.<\/em><\/span><\/p>\n","protected":false},"featured_media":4181,"comment_status":"open","ping_status":"closed","template":"","meta":[],"product_brand":[],"product_cat":[17,760],"product_tag":[],"class_list":{"0":"post-4180","1":"product","2":"type-product","3":"status-publish","4":"has-post-thumbnail","6":"product_cat-noi-that-van-phong","7":"product_cat-tu-go-van-phong","9":"first","10":"instock","11":"taxable","12":"shipping-taxable","13":"purchasable","14":"product-type-simple"},"_links":{"self":[{"href":"https:\/\/www.noithathuuthinh.vn\/zh-hans\/wp-json\/wp\/v2\/product\/4180","targetHints":{"allow":["GET"]}}],"collection":[{"href":"https:\/\/www.noithathuuthinh.vn\/zh-hans\/wp-json\/wp\/v2\/product"}],"about":[{"href":"https:\/\/www.noithathuuthinh.vn\/zh-hans\/wp-json\/wp\/v2\/types\/product"}],"replies":[{"embeddable":true,"href":"https:\/\/www.noithathuuthinh.vn\/zh-hans\/wp-json\/wp\/v2\/comments?post=4180"}],"wp:featuredmedia":[{"embeddable":true,"href":"https:\/\/www.noithathuuthinh.vn\/zh-hans\/wp-json\/wp\/v2\/media\/4181"}],"wp:attachment":[{"href":"https:\/\/www.noithathuuthinh.vn\/zh-hans\/wp-json\/wp\/v2\/media?parent=4180"}],"wp:term":[{"taxonomy":"product_brand","embeddable":true,"href":"https:\/\/www.noithathuuthinh.vn\/zh-hans\/wp-json\/wp\/v2\/product_brand?post=4180"},{"taxonomy":"product_cat","embeddable":true,"href":"https:\/\/www.noithathuuthinh.vn\/zh-hans\/wp-json\/wp\/v2\/product_cat?post=4180"},{"taxonomy":"product_tag","embeddable":true,"href":"https:\/\/www.noithathuuthinh.vn\/zh-hans\/wp-json\/wp\/v2\/product_tag?post=4180"}],"curies":[{"name":"wp","href":"https:\/\/api.w.org\/{rel}","templated":true}]}}