{"id":4204,"date":"2025-11-06T15:50:51","date_gmt":"2025-11-06T08:50:51","guid":{"rendered":"https:\/\/noithathuuthinh.vn\/?post_type=product&#038;p=4204"},"modified":"2025-11-06T15:50:51","modified_gmt":"2025-11-06T08:50:51","slug":"tu-ho-so-dc940h1","status":"publish","type":"product","link":"https:\/\/www.noithathuuthinh.vn\/zh-hans\/san-pham\/tu-ho-so-dc940h1\/","title":{"rendered":"T\u1ee7 h\u1ed3 s\u01a1 DC940H1"},"content":{"rendered":"<p data-start=\"682\" data-end=\"1117\">T\u1ee7 h\u1ed3 s\u01a1 DC940H1 l\u00e0 d\u00f2ng t\u1ee7 t\u00e0i li\u1ec7u \u0111\u01b0\u1ee3c thi\u1ebft k\u1ebf tinh t\u1ebf, k\u1ebft h\u1ee3p h\u00e0i h\u00f2a gi\u1eefa c\u00f4ng n\u0103ng l\u01b0u tr\u1eef v\u00e0 y\u1ebfu t\u1ed1 th\u1ea9m m\u1ef9, mang \u0111\u1ebfn gi\u1ea3i ph\u00e1p l\u01b0u tr\u1eef chuy\u00ean nghi\u1ec7p cho v\u0103n ph\u00f2ng hi\u1ec7n \u0111\u1ea1i. V\u1edbi ch\u1ea5t li\u1ec7u <strong data-start=\"921\" data-end=\"954\">g\u1ed7 c\u00f4ng nghi\u1ec7p s\u01a1n PU cao c\u1ea5p<\/strong>, t\u1ee7 kh\u00f4ng ch\u1ec9 b\u1ec1n b\u1ec9 theo th\u1eddi gian m\u00e0 c\u00f2n to\u00e1t l\u00ean v\u1ebb sang tr\u1ecdng, ph\u00f9 h\u1ee3p v\u1edbi kh\u00f4ng gian l\u00e0m vi\u1ec7c c\u1ee7a c\u00e1c l\u00e3nh \u0111\u1ea1o, qu\u1ea3n l\u00fd ho\u1eb7c khu v\u1ef1c h\u00e0nh ch\u00ednh quan tr\u1ecdng.<\/p>\n<p data-start=\"1119\" data-end=\"1519\">Thi\u1ebft k\u1ebf c\u1ee7a t\u1ee7 h\u1ed3 s\u01a1 DC940H1 g\u1ed3m <strong data-start=\"1153\" data-end=\"1171\">2 khoang ch\u00ednh<\/strong> \u0111\u01b0\u1ee3c b\u1ed1 tr\u00ed khoa h\u1ecdc. <strong data-start=\"1194\" data-end=\"1235\">Khoang tr\u00ean s\u1eed d\u1ee5ng 2 c\u00e1nh khung k\u00ednh<\/strong> trong su\u1ed1t, gi\u00fap ng\u01b0\u1eddi d\u00f9ng d\u1ec5 d\u00e0ng quan s\u00e1t v\u00e0 s\u1eafp x\u1ebfp t\u00e0i li\u1ec7u, h\u1ed3 s\u01a1 ho\u1eb7c tr\u01b0ng b\u00e0y k\u1ef7 v\u1eadt, danh hi\u1ec7u, v\u1eadt ph\u1ea9m trang tr\u00ed m\u1ed9t c\u00e1ch tinh t\u1ebf. L\u1edbp k\u00ednh d\u00e0y, trong su\u1ed1t, \u0111\u01b0\u1ee3c bo vi\u1ec1n ch\u1eafc ch\u1eafn gi\u00fap t\u1ee7 gi\u1eef \u0111\u01b0\u1ee3c n\u00e9t thanh l\u1ecbch m\u00e0 v\u1eabn \u0111\u1ea3m b\u1ea3o \u0111\u1ed9 b\u1ec1n v\u00e0 an to\u00e0n trong qu\u00e1 tr\u00ecnh s\u1eed d\u1ee5ng.<\/p>\n<p data-start=\"1521\" data-end=\"1828\"><strong data-start=\"1521\" data-end=\"1536\">Khoang d\u01b0\u1edbi<\/strong> c\u1ee7a t\u1ee7 \u0111\u01b0\u1ee3c trang b\u1ecb <strong data-start=\"1558\" data-end=\"1574\">2 c\u00e1nh g\u1ed7 m\u1edf<\/strong>, t\u1ea1o kh\u00f4ng gian l\u01b0u tr\u1eef r\u1ed9ng r\u00e3i v\u00e0 k\u00edn \u0111\u00e1o cho c\u00e1c lo\u1ea1i h\u1ed3 s\u01a1 quan tr\u1ecdng ho\u1eb7c v\u1eadt d\u1ee5ng c\u00e1 nh\u00e2n. Thi\u1ebft k\u1ebf tay n\u1eafm kim lo\u1ea1i v\u00e0 b\u1ea3n l\u1ec1 ch\u1ea5t l\u01b0\u1ee3ng cao gi\u00fap vi\u1ec7c \u0111\u00f3ng m\u1edf nh\u1eb9 nh\u00e0ng, \u00eam \u00e1i, kh\u00f4ng g\u00e2y ti\u1ebfng \u1ed3n \u2013 ph\u00f9 h\u1ee3p v\u1edbi m\u00f4i tr\u01b0\u1eddng l\u00e0m vi\u1ec7c chuy\u00ean nghi\u1ec7p.<\/p>\n<p data-start=\"1830\" data-end=\"2233\">V\u1edbi <strong data-start=\"1834\" data-end=\"1871\">k\u00edch th\u01b0\u1edbc W900 x D400 x H2000 mm<\/strong>, t\u1ee7 DC940H1 c\u00f3 d\u00e1ng \u0111\u1ee9ng v\u1eefng v\u00e0ng, v\u1eeba v\u1eb7n v\u1edbi nhi\u1ec1u kh\u00f4ng gian v\u0103n ph\u00f2ng kh\u00e1c nhau, t\u1eeb ph\u00f2ng gi\u00e1m \u0111\u1ed1c, ph\u00f2ng h\u1ecdp, \u0111\u1ebfn khu v\u1ef1c l\u01b0u tr\u1eef h\u1ed3 s\u01a1 chung. M\u1eb7t t\u1ee7 \u0111\u01b0\u1ee3c x\u1eed l\u00fd s\u01a1n PU k\u1ef9 l\u01b0\u1ee1ng, gi\u00fap b\u1ec1 m\u1eb7t b\u00f3ng m\u1ecbn, ch\u1ed1ng tr\u1ea7y x\u01b0\u1edbc v\u00e0 gi\u1eef m\u00e0u t\u1ed1t theo th\u1eddi gian. C\u00e1c \u0111\u01b0\u1eddng v\u00e2n g\u1ed7 t\u1ef1 nhi\u00ean \u0111\u01b0\u1ee3c th\u1ec3 hi\u1ec7n r\u00f5 n\u00e9t, g\u00f3p ph\u1ea7n t\u0103ng th\u00eam v\u1ebb \u0111\u1eb9p tinh t\u1ebf cho kh\u00f4ng gian l\u00e0m vi\u1ec7c.<\/p>\n<p data-start=\"2235\" data-end=\"2661\">M\u1ed9t trong nh\u1eefng \u01b0u \u0111i\u1ec3m n\u1ed5i b\u1eadt c\u1ee7a <strong data-start=\"2271\" data-end=\"2291\">t\u1ee7 h\u1ed3 s\u01a1 DC940H1<\/strong> ch\u00ednh l\u00e0 s\u1ef1 k\u1ebft h\u1ee3p gi\u1eefa <strong data-start=\"2317\" data-end=\"2346\">t\u00ednh th\u1ea9m m\u1ef9 v\u00e0 c\u00f4ng n\u0103ng<\/strong>. Ng\u01b0\u1eddi d\u00f9ng c\u00f3 th\u1ec3 d\u1ec5 d\u00e0ng ph\u00e2n lo\u1ea1i t\u00e0i li\u1ec7u \u2013 v\u1edbi t\u00e0i li\u1ec7u c\u1ea7n th\u01b0\u1eddng xuy\u00ean tra c\u1ee9u c\u00f3 th\u1ec3 \u0111\u1eb7t \u1edf khoang k\u00ednh b\u00ean tr\u00ean, trong khi c\u00e1c h\u1ed3 s\u01a1 \u00edt s\u1eed d\u1ee5ng ho\u1eb7c c\u1ea7n b\u1ea3o m\u1eadt \u0111\u01b0\u1ee3c l\u01b0u trong khoang d\u01b0\u1edbi. C\u00e1ch b\u1ed1 tr\u00ed n\u00e0y gi\u00fap t\u1ed1i \u01b0u h\u00f3a kh\u00f4ng gian l\u01b0u tr\u1eef, t\u1ea1o s\u1ef1 ng\u0103n n\u1eafp, g\u1ecdn g\u00e0ng v\u00e0 ti\u1ec7n l\u1ee3i trong qu\u00e1 tr\u00ecnh l\u00e0m vi\u1ec7c.<\/p>\n<p data-start=\"2663\" data-end=\"2864\">T\u1ee7 c\u00f2n c\u00f3 kh\u1ea3 n\u0103ng <strong data-start=\"2682\" data-end=\"2711\">ch\u1ed1ng \u1ea9m, ch\u1ed1ng cong v\u00eanh<\/strong> hi\u1ec7u qu\u1ea3 nh\u1edd l\u1edbp s\u01a1n PU b\u1ea3o v\u1ec7 to\u00e0n di\u1ec7n. C\u1ea5u tr\u00fac t\u1ee7 ch\u1eafc ch\u1eafn, ch\u00e2n t\u1ee7 ti\u1ebfp x\u00fac t\u1ed1t v\u1edbi m\u1eb7t s\u00e0n, \u0111\u1ea3m b\u1ea3o s\u1ef1 \u1ed5n \u0111\u1ecbnh trong qu\u00e1 tr\u00ecnh s\u1eed d\u1ee5ng l\u00e2u d\u00e0i.<\/p>\n<p data-start=\"2866\" data-end=\"3163\">V\u1edbi thi\u1ebft k\u1ebf \u0111\u01a1n gi\u1ea3n m\u00e0 tinh t\u1ebf, t\u1ee7 DC940H1 kh\u00f4ng ch\u1ec9 l\u00e0 s\u1ea3n ph\u1ea9m n\u1ed9i th\u1ea5t ch\u1ee9c n\u0103ng m\u00e0 c\u00f2n l\u00e0 <strong data-start=\"2962\" data-end=\"2983\">\u0111i\u1ec3m nh\u1ea5n th\u1ea9m m\u1ef9<\/strong> trong kh\u00f4ng gian v\u0103n ph\u00f2ng. Khi k\u1ebft h\u1ee3p v\u1edbi b\u00e0n gi\u00e1m \u0111\u1ed1c, b\u00e0n l\u00e0m vi\u1ec7c ho\u1eb7c t\u1ee7 ph\u1ee5 c\u00f9ng d\u00f2ng DC, s\u1ea3n ph\u1ea9m mang l\u1ea1i s\u1ef1 \u0111\u1ed3ng b\u1ed9, chuy\u00ean nghi\u1ec7p v\u00e0 sang tr\u1ecdng cho t\u1ed5ng th\u1ec3 n\u1ed9i th\u1ea5t.<\/p>\n<p data-start=\"3165\" data-end=\"3387\" data-is-last-node=\"\" data-is-only-node=\"\"><strong data-start=\"3165\" data-end=\"3185\">T\u1ee7 h\u1ed3 s\u01a1 DC940H1<\/strong> l\u00e0 l\u1ef1a ch\u1ecdn ho\u00e0n h\u1ea3o cho nh\u1eefng \u0111\u01a1n v\u1ecb mong mu\u1ed1n s\u1edf h\u1eefu m\u1ed9t m\u1eabu t\u1ee7 v\u1eeba b\u1ec1n \u0111\u1eb9p, v\u1eeba mang l\u1ea1i t\u00ednh ti\u1ec7n \u00edch cao trong l\u01b0u tr\u1eef h\u1ed3 s\u01a1, \u0111\u1ed3ng th\u1eddi th\u1ec3 hi\u1ec7n \u0111\u01b0\u1ee3c phong c\u00e1ch l\u00e0m vi\u1ec7c hi\u1ec7n \u0111\u1ea1i v\u00e0 chuy\u00ean nghi\u1ec7p.<\/p>\n","protected":false},"excerpt":{"rendered":"<p data-start=\"24\" data-end=\"330\">T\u1ee7 h\u1ed3 s\u01a1 DC940H1 l\u00e0 m\u1eabu t\u1ee7 t\u00e0i li\u1ec7u g\u1ed7 c\u00f4ng nghi\u1ec7p s\u01a1n PU cao c\u1ea5p, thi\u1ebft k\u1ebf g\u1ed3m 2 khoang v\u1edbi ph\u1ea7n tr\u00ean l\u00e0 <strong data-start=\"161\" data-end=\"182\">2 c\u00e1nh khung k\u00ednh<\/strong> sang tr\u1ecdng d\u00f9ng \u0111\u1ec3 tr\u01b0ng b\u00e0y t\u00e0i li\u1ec7u, h\u1ed3 s\u01a1, b\u1eb1ng khen; ph\u1ea7n d\u01b0\u1edbi c\u00f3 <strong data-start=\"253\" data-end=\"266\">2 c\u00e1nh m\u1edf<\/strong> gi\u00fap l\u01b0u tr\u1eef gi\u1ea5y t\u1edd, v\u1eadt d\u1ee5ng v\u0103n ph\u00f2ng g\u1ecdn g\u00e0ng v\u00e0 an to\u00e0n.<\/p>\n<p data-start=\"332\" data-end=\"519\">K\u00edch th\u01b0\u1edbc: W900 x D400 x H2000 mm<br data-start=\"366\" data-end=\"369\" \/>Xu\u1ea5t x\u1ee9: S\u1ea3n ph\u1ea9m c\u1ee7a <strong data-start=\"391\" data-end=\"419\">C\u00f4ng ty N\u1ed8I TH\u1ea4T THE ONE<\/strong> \u2013 Ph\u00e2n ph\u1ed1i b\u1edfi <strong data-start=\"436\" data-end=\"472\">C\u00d4NG TY TNHH SXTM TTNT H\u1eeeU TH\u1ecaNH<\/strong><br data-start=\"472\" data-end=\"475\" \/>B\u1ea3o h\u00e0nh: 12 th\u00e1ng theo ti\u00eau chu\u1ea9n nh\u00e0 m\u00e1y<\/p>\n<p data-start=\"521\" data-end=\"675\"><span style=\"color: #ed1c24;\"><em data-start=\"521\" data-end=\"673\">L\u01b0u \u00fd: Gi\u00e1 tr\u00ean ch\u01b0a bao g\u1ed3m VAT v\u00e0 ph\u00ed v\u1eadn chuy\u1ec3n. Gi\u00e1 s\u1ea3n ph\u1ea9m c\u00f3 th\u1ec3 thay \u0111\u1ed5i theo t\u1eebng th\u1eddi \u0111i\u1ec3m, vui l\u00f2ng li\u00ean h\u1ec7 \u0111\u1ec3 nh\u1eadn t\u01b0 v\u1ea5n \u01b0u \u0111\u00e3i t\u1ed1t nh\u1ea5t.<\/em><\/span><\/p>\n","protected":false},"featured_media":4205,"comment_status":"open","ping_status":"closed","template":"","meta":[],"product_brand":[],"product_cat":[17,760],"product_tag":[],"class_list":{"0":"post-4204","1":"product","2":"type-product","3":"status-publish","4":"has-post-thumbnail","6":"product_cat-noi-that-van-phong","7":"product_cat-tu-go-van-phong","9":"first","10":"instock","11":"taxable","12":"shipping-taxable","13":"purchasable","14":"product-type-simple"},"_links":{"self":[{"href":"https:\/\/www.noithathuuthinh.vn\/zh-hans\/wp-json\/wp\/v2\/product\/4204","targetHints":{"allow":["GET"]}}],"collection":[{"href":"https:\/\/www.noithathuuthinh.vn\/zh-hans\/wp-json\/wp\/v2\/product"}],"about":[{"href":"https:\/\/www.noithathuuthinh.vn\/zh-hans\/wp-json\/wp\/v2\/types\/product"}],"replies":[{"embeddable":true,"href":"https:\/\/www.noithathuuthinh.vn\/zh-hans\/wp-json\/wp\/v2\/comments?post=4204"}],"wp:featuredmedia":[{"embeddable":true,"href":"https:\/\/www.noithathuuthinh.vn\/zh-hans\/wp-json\/wp\/v2\/media\/4205"}],"wp:attachment":[{"href":"https:\/\/www.noithathuuthinh.vn\/zh-hans\/wp-json\/wp\/v2\/media?parent=4204"}],"wp:term":[{"taxonomy":"product_brand","embeddable":true,"href":"https:\/\/www.noithathuuthinh.vn\/zh-hans\/wp-json\/wp\/v2\/product_brand?post=4204"},{"taxonomy":"product_cat","embeddable":true,"href":"https:\/\/www.noithathuuthinh.vn\/zh-hans\/wp-json\/wp\/v2\/product_cat?post=4204"},{"taxonomy":"product_tag","embeddable":true,"href":"https:\/\/www.noithathuuthinh.vn\/zh-hans\/wp-json\/wp\/v2\/product_tag?post=4204"}],"curies":[{"name":"wp","href":"https:\/\/api.w.org\/{rel}","templated":true}]}}