{"id":4212,"date":"2025-11-06T16:06:16","date_gmt":"2025-11-06T09:06:16","guid":{"rendered":"https:\/\/noithathuuthinh.vn\/?post_type=product&#038;p=4212"},"modified":"2025-11-06T16:06:17","modified_gmt":"2025-11-06T09:06:17","slug":"tu-ho-so-dc940h5","status":"publish","type":"product","link":"https:\/\/www.noithathuuthinh.vn\/zh-hans\/san-pham\/tu-ho-so-dc940h5\/","title":{"rendered":"T\u1ee7 h\u1ed3 s\u01a1 DC940H5"},"content":{"rendered":"<p data-start=\"651\" data-end=\"1030\">T\u1ee7 h\u1ed3 s\u01a1 DC940H5 l\u00e0 m\u1ed9t trong nh\u1eefng m\u1eabu t\u1ee7 t\u00e0i li\u1ec7u \u0111\u01b0\u1ee3c y\u00eau th\u00edch trong d\u00f2ng s\u1ea3n ph\u1ea9m c\u1ee7a <strong data-start=\"784\" data-end=\"804\">N\u1ed9i th\u1ea5t The One<\/strong>, nh\u1edd v\u00e0o thi\u1ebft k\u1ebf nh\u1ecf g\u1ecdn, ti\u1ec7n l\u1ee3i v\u00e0 ph\u00f9 h\u1ee3p v\u1edbi nhi\u1ec1u kh\u00f4ng gian l\u00e0m vi\u1ec7c kh\u00e1c nhau. V\u1edbi ki\u1ec3u d\u00e1ng cao g\u1ecdn v\u00e0 b\u1ed1 c\u1ee5c th\u00f4ng minh, t\u1ee7 gi\u00fap t\u1ed1i \u01b0u h\u00f3a kh\u00f4ng gian l\u01b0u tr\u1eef, mang \u0111\u1ebfn s\u1ef1 g\u1ecdn g\u00e0ng v\u00e0 chuy\u00ean nghi\u1ec7p cho v\u0103n ph\u00f2ng.<\/p>\n<p data-start=\"1032\" data-end=\"1335\">Ph\u1ea7n tr\u00ean c\u1ee7a t\u1ee7 h\u1ed3 s\u01a1 DC940H5 \u0111\u01b0\u1ee3c thi\u1ebft k\u1ebf m\u1edf kh\u00f4ng c\u00e1nh, g\u1ed3m c\u00e1c \u0111\u1ee3t chia t\u1ea7ng \u0111\u1ec3 ng\u01b0\u1eddi d\u00f9ng d\u1ec5 d\u00e0ng s\u1eafp x\u1ebfp t\u00e0i li\u1ec7u, h\u1ed3 s\u01a1 ho\u1eb7c tr\u01b0ng b\u00e0y c\u00e1c v\u1eadt d\u1ee5ng trang tr\u00ed nh\u01b0 s\u00e1ch, khung \u1ea3nh, k\u1ef7 ni\u1ec7m ch\u01b0\u01a1ng\u2026 Nh\u1edd c\u1ea5u tr\u00fac m\u1edf, t\u1ee7 t\u1ea1o c\u1ea3m gi\u00e1c th\u00f4ng tho\u00e1ng v\u00e0 gi\u00fap vi\u1ec7c l\u1ea5y \u0111\u1ed3 tr\u1edf n\u00ean nhanh ch\u00f3ng, thu\u1eadn ti\u1ec7n.<\/p>\n<p data-start=\"1337\" data-end=\"1637\">Ph\u1ea7n d\u01b0\u1edbi c\u1ee7a t\u1ee7 g\u1ed3m hai c\u00e1nh g\u1ed7 m\u1edf v\u1edbi m\u1ed9t \u0111\u1ee3t chia ng\u0103n b\u00ean trong, mang l\u1ea1i kh\u00f4ng gian l\u01b0u tr\u1eef k\u00edn \u0111\u00e1o cho c\u00e1c h\u1ed3 s\u01a1 quan tr\u1ecdng, t\u00e0i li\u1ec7u n\u1ed9i b\u1ed9 ho\u1eb7c v\u1eadt d\u1ee5ng c\u00e1 nh\u00e2n. C\u00e1nh m\u1edf \u0111\u01b0\u1ee3c g\u1eafn b\u1ea3n l\u1ec1 ch\u1eafc ch\u1eafn, tay n\u1eafm kim lo\u1ea1i s\u00e1ng b\u00f3ng gi\u00fap thao t\u00e1c \u0111\u00f3ng m\u1edf nh\u1eb9 nh\u00e0ng v\u00e0 b\u1ec1n b\u1ec9 trong qu\u00e1 tr\u00ecnh s\u1eed d\u1ee5ng.<\/p>\n<p data-start=\"1639\" data-end=\"2052\">T\u1ee7 h\u1ed3 s\u01a1 DC940H5 \u0111\u01b0\u1ee3c s\u1ea3n xu\u1ea5t t\u1eeb ch\u1ea5t li\u1ec7u g\u1ed7 c\u00f4ng nghi\u1ec7p cao c\u1ea5p ph\u1ee7 Melamine \u2013 lo\u1ea1i v\u1eadt li\u1ec7u n\u1ed5i b\u1eadt v\u1edbi kh\u1ea3 n\u0103ng ch\u1ed1ng tr\u1ea7y x\u01b0\u1edbc, ch\u1ed1ng \u1ea9m m\u1ed1c v\u00e0 d\u1ec5 v\u1ec7 sinh. Nh\u1edd v\u1eady, s\u1ea3n ph\u1ea9m lu\u00f4n gi\u1eef \u0111\u01b0\u1ee3c \u0111\u1ed9 b\u1ec1n v\u00e0 v\u1ebb \u0111\u1eb9p nh\u01b0 m\u1edbi d\u00f9 s\u1eed d\u1ee5ng trong th\u1eddi gian d\u00e0i. M\u00e0u s\u1eafc v\u00e2n g\u1ed7 t\u1ef1 nhi\u00ean gi\u00fap t\u1ee7 d\u1ec5 d\u00e0ng k\u1ebft h\u1ee3p v\u1edbi c\u00e1c d\u00f2ng b\u00e0n l\u00e0m vi\u1ec7c, t\u1ee7 ph\u1ee5 hay h\u1ed9c di \u0111\u1ed9ng c\u00f9ng t\u00f4ng, t\u1ea1o n\u00ean kh\u00f4ng gian l\u00e0m vi\u1ec7c \u0111\u1ed3ng b\u1ed9, chuy\u00ean nghi\u1ec7p.<\/p>\n<p data-start=\"2054\" data-end=\"2382\">V\u1edbi k\u00edch th\u01b0\u1edbc ti\u00eau chu\u1ea9n W900 x D400 x H2000 mm, t\u1ee7 DC940H5 c\u00f3 th\u1ec3 \u0111\u01b0\u1ee3c b\u1ed1 tr\u00ed linh ho\u1ea1t trong nhi\u1ec1u kh\u00f4ng gian kh\u00e1c nhau \u2013 t\u1eeb v\u0103n ph\u00f2ng nh\u1ecf, ph\u00f2ng gi\u00e1m \u0111\u1ed1c, ph\u00f2ng h\u1ecdp \u0111\u1ebfn khu v\u1ef1c l\u01b0u tr\u1eef h\u1ed3 s\u01a1 chung. Chi\u1ec1u cao 2 m\u00e9t gi\u00fap t\u1ed1i \u0111a h\u00f3a s\u1ee9c ch\u1ee9a, trong khi chi\u1ec1u ngang 900 mm v\u1eabn \u0111\u1ea3m b\u1ea3o s\u1ef1 g\u1ecdn g\u00e0ng, kh\u00f4ng chi\u1ebfm nhi\u1ec1u di\u1ec7n t\u00edch.<\/p>\n<p data-start=\"2384\" data-end=\"2756\">Ngo\u00e0i ch\u1ee9c n\u0103ng ch\u00ednh l\u00e0 l\u01b0u tr\u1eef, t\u1ee7 h\u1ed3 s\u01a1 DC940H5 c\u00f2n \u0111\u00f3ng vai tr\u00f2 nh\u01b0 m\u1ed9t m\u00f3n n\u1ed9i th\u1ea5t trang tr\u00ed tinh t\u1ebf cho v\u0103n ph\u00f2ng. Ph\u1ea7n tr\u00ean m\u1edf gi\u00fap ng\u01b0\u1eddi d\u00f9ng tr\u01b0ng b\u00e0y c\u00e1c v\u1eadt ph\u1ea9m t\u1ea1o \u0111i\u1ec3m nh\u1ea5n th\u1ea9m m\u1ef9, th\u1ec3 hi\u1ec7n phong c\u00e1ch v\u00e0 v\u0103n h\u00f3a doanh nghi\u1ec7p. \u0110\u00e2y c\u0169ng l\u00e0 \u0111i\u1ec3m kh\u00e1c bi\u1ec7t khi\u1ebfn t\u1ee7 DC940H5 tr\u1edf th\u00e0nh l\u1ef1a ch\u1ecdn \u0111\u01b0\u1ee3c nhi\u1ec1u doanh nghi\u1ec7p \u01b0u ti\u00ean trong b\u1ed1 tr\u00ed kh\u00f4ng gian l\u00e0m vi\u1ec7c.<\/p>\n<p data-start=\"2758\" data-end=\"3077\" data-is-last-node=\"\" data-is-only-node=\"\">Nh\u1edd s\u1ef1 k\u1ebft h\u1ee3p h\u00e0i h\u00f2a gi\u1eefa thi\u1ebft k\u1ebf ti\u1ec7n d\u1ee5ng, ch\u1ea5t li\u1ec7u b\u1ec1n \u0111\u1eb9p v\u00e0 ki\u1ec3u d\u00e1ng hi\u1ec7n \u0111\u1ea1i, <strong data-start=\"2847\" data-end=\"2867\">t\u1ee7 h\u1ed3 s\u01a1 DC940H5<\/strong> l\u00e0 gi\u1ea3i ph\u00e1p l\u01b0u tr\u1eef l\u00fd t\u01b0\u1edfng cho m\u1ecdi v\u0103n ph\u00f2ng. S\u1ea3n ph\u1ea9m kh\u00f4ng ch\u1ec9 gi\u00fap t\u1ed1i \u01b0u h\u00f3a di\u1ec7n t\u00edch, mang l\u1ea1i s\u1ef1 ng\u0103n n\u1eafp, m\u00e0 c\u00f2n g\u00f3p ph\u1ea7n x\u00e2y d\u1ef1ng h\u00ecnh \u1ea3nh kh\u00f4ng gian l\u00e0m vi\u1ec7c chuy\u00ean nghi\u1ec7p, hi\u1ec7n \u0111\u1ea1i v\u00e0 sang tr\u1ecdng.<\/p>\n","protected":false},"excerpt":{"rendered":"<p data-start=\"24\" data-end=\"300\">T\u1ee7 h\u1ed3 s\u01a1 DC940H5 l\u00e0 m\u1eabu t\u1ee7 t\u00e0i li\u1ec7u thi\u1ebft k\u1ebf \u0111\u01a1n gi\u1ea3n v\u00e0 ti\u1ec7n d\u1ee5ng, g\u1ed3m ph\u1ea7n tr\u00ean m\u1edf kh\u00f4ng c\u00e1nh c\u00f3 c\u00e1c \u0111\u1ee3t \u0111\u1ec3 t\u00e0i li\u1ec7u, ph\u1ea7n d\u01b0\u1edbi c\u00f3 hai c\u00e1nh m\u1edf v\u1edbi \u0111\u1ee3t chia ng\u0103n b\u00ean trong gi\u00fap ng\u01b0\u1eddi d\u00f9ng d\u1ec5 d\u00e0ng s\u1eafp x\u1ebfp v\u00e0 b\u1ea3o qu\u1ea3n h\u1ed3 s\u01a1, v\u1eadt d\u1ee5ng v\u0103n ph\u00f2ng.<\/p>\n<p data-start=\"302\" data-end=\"644\">K\u00edch th\u01b0\u1edbc: W900 x D400 x H2000 mm<br data-start=\"336\" data-end=\"339\" \/>Xu\u1ea5t x\u1ee9: S\u1ea3n ph\u1ea9m c\u1ee7a <strong data-start=\"361\" data-end=\"389\">C\u00f4ng ty N\u1ed8I TH\u1ea4T THE ONE<\/strong> \u2013 Ph\u00e2n ph\u1ed1i b\u1edfi <strong data-start=\"406\" data-end=\"442\">C\u00d4NG TY TNHH SXTM TTNT H\u1eeeU TH\u1ecaNH<\/strong><br data-start=\"442\" data-end=\"445\" \/>B\u1ea3o h\u00e0nh: 12 th\u00e1ng theo ti\u00eau chu\u1ea9n nh\u00e0 m\u00e1y<br data-start=\"487\" data-end=\"490\" data-is-only-node=\"\" \/><span style=\"color: #ed1c24;\"><em data-start=\"490\" data-end=\"642\">L\u01b0u \u00fd: Gi\u00e1 tr\u00ean ch\u01b0a bao g\u1ed3m VAT v\u00e0 ph\u00ed v\u1eadn chuy\u1ec3n. Gi\u00e1 s\u1ea3n ph\u1ea9m c\u00f3 th\u1ec3 thay \u0111\u1ed5i theo t\u1eebng th\u1eddi \u0111i\u1ec3m, vui l\u00f2ng li\u00ean h\u1ec7 \u0111\u1ec3 nh\u1eadn t\u01b0 v\u1ea5n \u01b0u \u0111\u00e3i t\u1ed1t nh\u1ea5t.<\/em><\/span><\/p>\n","protected":false},"featured_media":4213,"comment_status":"open","ping_status":"closed","template":"","meta":[],"product_brand":[],"product_cat":[17,760],"product_tag":[],"class_list":{"0":"post-4212","1":"product","2":"type-product","3":"status-publish","4":"has-post-thumbnail","6":"product_cat-noi-that-van-phong","7":"product_cat-tu-go-van-phong","9":"first","10":"instock","11":"taxable","12":"shipping-taxable","13":"purchasable","14":"product-type-simple"},"_links":{"self":[{"href":"https:\/\/www.noithathuuthinh.vn\/zh-hans\/wp-json\/wp\/v2\/product\/4212","targetHints":{"allow":["GET"]}}],"collection":[{"href":"https:\/\/www.noithathuuthinh.vn\/zh-hans\/wp-json\/wp\/v2\/product"}],"about":[{"href":"https:\/\/www.noithathuuthinh.vn\/zh-hans\/wp-json\/wp\/v2\/types\/product"}],"replies":[{"embeddable":true,"href":"https:\/\/www.noithathuuthinh.vn\/zh-hans\/wp-json\/wp\/v2\/comments?post=4212"}],"wp:featuredmedia":[{"embeddable":true,"href":"https:\/\/www.noithathuuthinh.vn\/zh-hans\/wp-json\/wp\/v2\/media\/4213"}],"wp:attachment":[{"href":"https:\/\/www.noithathuuthinh.vn\/zh-hans\/wp-json\/wp\/v2\/media?parent=4212"}],"wp:term":[{"taxonomy":"product_brand","embeddable":true,"href":"https:\/\/www.noithathuuthinh.vn\/zh-hans\/wp-json\/wp\/v2\/product_brand?post=4212"},{"taxonomy":"product_cat","embeddable":true,"href":"https:\/\/www.noithathuuthinh.vn\/zh-hans\/wp-json\/wp\/v2\/product_cat?post=4212"},{"taxonomy":"product_tag","embeddable":true,"href":"https:\/\/www.noithathuuthinh.vn\/zh-hans\/wp-json\/wp\/v2\/product_tag?post=4212"}],"curies":[{"name":"wp","href":"https:\/\/api.w.org\/{rel}","templated":true}]}}