{"id":4312,"date":"2025-11-19T16:50:05","date_gmt":"2025-11-19T09:50:05","guid":{"rendered":"https:\/\/noithathuuthinh.vn\/?post_type=product&#038;p=4312"},"modified":"2025-11-19T16:50:05","modified_gmt":"2025-11-19T09:50:05","slug":"tu-ho-so-le880sd","status":"publish","type":"product","link":"https:\/\/www.noithathuuthinh.vn\/zh-hans\/san-pham\/tu-ho-so-le880sd\/","title":{"rendered":"T\u1ee7 h\u1ed3 s\u01a1 LE880SD"},"content":{"rendered":"<p data-start=\"610\" data-end=\"1152\">T\u1ee7 h\u1ed3 s\u01a1 LE880SD thu\u1ed9c d\u00f2ng t\u1ee7 t\u00e0i li\u1ec7u th\u1ea5p v\u1edbi thi\u1ebft k\u1ebf \u0111a n\u0103ng, l\u00e0 l\u1ef1a ch\u1ecdn t\u1ed1i \u01b0u d\u00e0nh cho c\u00e1c v\u0103n ph\u00f2ng hi\u1ec7n \u0111\u1ea1i c\u1ea7n s\u1ef1 ti\u1ec7n l\u1ee3i trong s\u1eafp x\u1ebfp h\u1ed3 s\u01a1 v\u00e0 b\u1ea3o m\u1eadt t\u00e0i li\u1ec7u quan tr\u1ecdng. \u0110i\u1ec3m n\u1ed5i b\u1eadt c\u1ee7a s\u1ea3n ph\u1ea9m n\u1eb1m \u1edf s\u1ef1 k\u1ebft h\u1ee3p h\u00e0i h\u00f2a gi\u1eefa khoang \u0111\u1ec3 file m\u1edf ph\u00eda tr\u00ean v\u00e0 khoang d\u01b0\u1edbi c\u00f3 c\u00e1nh m\u1edf kh\u00f3a an to\u00e0n, gi\u00fap ng\u01b0\u1eddi d\u00f9ng linh ho\u1ea1t h\u01a1n trong qu\u00e1 tr\u00ecnh s\u1eed d\u1ee5ng. \u0110\u00e2y l\u00e0 \u01b0u \u0111i\u1ec3m \u0111\u1eb7c bi\u1ec7t ph\u00f9 h\u1ee3p v\u1edbi c\u00e1c b\u1ed9 ph\u1eadn c\u1ea7n l\u01b0u tr\u1eef c\u1ea3 t\u00e0i li\u1ec7u d\u00f9ng th\u01b0\u1eddng xuy\u00ean v\u00e0 t\u00e0i li\u1ec7u c\u1ea7n b\u1ea3o m\u1eadt ho\u1eb7c \u00edt khi truy c\u1eadp.<\/p>\n<p data-start=\"1154\" data-end=\"1619\">Thi\u1ebft k\u1ebf hai khoang \u0111\u1ec3 file m\u1edf mang l\u1ea1i s\u1ef1 ti\u1ec7n l\u1ee3i t\u1ed1i \u0111a. Nh\u1edd \u0111\u00f3, ng\u01b0\u1eddi d\u00f9ng c\u00f3 th\u1ec3 d\u1ec5 d\u00e0ng ph\u00e2n lo\u1ea1i v\u00e0 l\u1ea5y t\u00e0i li\u1ec7u m\u00e0 kh\u00f4ng c\u1ea7n thao t\u00e1c m\u1edf t\u1ee7, gi\u00fap ti\u1ebft ki\u1ec7m th\u1eddi gian trong c\u00f4ng vi\u1ec7c. C\u00e1c lo\u1ea1i h\u1ed3 s\u01a1 nh\u01b0 b\u00eca c\u00f2ng, file A4, gi\u1ea5y t\u1edd theo d\u1ef1 \u00e1n, bi\u1ec3u m\u1eabu h\u00e0ng ng\u00e0y\u2026 \u0111\u1ec1u c\u00f3 th\u1ec3 l\u01b0u tr\u1eef khoa h\u1ecdc v\u00e0 g\u1ecdn g\u00e0ng trong kh\u00f4ng gian m\u1edf n\u00e0y. D\u1ea1ng t\u1ee7 tho\u00e1ng c\u00f2n t\u1ea1o c\u1ea3m gi\u00e1c hi\u1ec7n \u0111\u1ea1i, tr\u1ebb trung, r\u1ea5t ph\u00f9 h\u1ee3p v\u1edbi phong c\u00e1ch v\u0103n ph\u00f2ng t\u1ed1i gi\u1ea3n c\u1ee7a nhi\u1ec1u doanh nghi\u1ec7p hi\u1ec7n nay.<\/p>\n<p data-start=\"1621\" data-end=\"2028\">B\u00ean c\u1ea1nh \u0111\u00f3, t\u1ee7 h\u1ed3 s\u01a1 LE880SD \u0111\u01b0\u1ee3c trang b\u1ecb khoang d\u01b0\u1edbi g\u1ed3m 2 c\u00e1nh m\u1edf, s\u1eed d\u1ee5ng tay n\u1eafm v\u00e1t c\u1ea1nh sang tr\u1ecdng v\u00e0 \u0111\u1eb7c bi\u1ec7t c\u00f3 kh\u00f3a b\u1ea3o m\u1eadt ch\u1eafc ch\u1eafn. Ng\u01b0\u1eddi d\u00f9ng c\u00f3 th\u1ec3 l\u01b0u c\u00e1c lo\u1ea1i h\u1ed3 s\u01a1 quan tr\u1ecdng nh\u01b0 h\u1ee3p \u0111\u1ed3ng, ch\u1ee9ng t\u1eeb k\u1ebf to\u00e1n, t\u00e0i li\u1ec7u n\u1ed9i b\u1ed9 ho\u1eb7c t\u00e0i s\u1ea3n c\u00e1 nh\u00e2n c\u1ea7n c\u1ea5t gi\u1eef c\u1ea9n th\u1eadn. C\u01a1 ch\u1ebf kh\u00f3a an to\u00e0n mang \u0111\u1ebfn s\u1ef1 y\u00ean t\u00e2m, h\u1ea1n ch\u1ebf r\u1ee7i ro th\u1ea5t l\u1ea1c v\u00e0 \u0111\u1ea3m b\u1ea3o t\u00ednh ri\u00eang t\u01b0 trong kh\u00f4ng gian l\u00e0m vi\u1ec7c chung.<\/p>\n<p data-start=\"2030\" data-end=\"2435\">S\u1ea3n ph\u1ea9m \u0111\u01b0\u1ee3c ch\u1ebf t\u00e1c t\u1eeb g\u1ed7 c\u00f4ng nghi\u1ec7p Melamine cao c\u1ea5p \u2013 ch\u1ea5t li\u1ec7u \u0111\u01b0\u1ee3c \u01b0a chu\u1ed9ng trong thi\u1ebft k\u1ebf n\u1ed9i th\u1ea5t v\u0103n ph\u00f2ng nh\u1edd kh\u1ea3 n\u0103ng ch\u1ed1ng tr\u1ea7y x\u01b0\u1edbc, ch\u1ed1ng \u1ea9m, h\u1ea1n ch\u1ebf b\u00e1m b\u1ee5i v\u00e0 d\u1ec5 v\u1ec7 sinh. B\u1ec1 m\u1eb7t Melamine c\u00f3 m\u00e0u s\u1eafc \u0111\u1ed3ng \u0111\u1ec1u, \u0111\u01b0\u1eddng v\u00e2n s\u1eafc n\u00e9t, gi\u00fap t\u1ee7 h\u1ed3 s\u01a1 LE880SD lu\u00f4n gi\u1eef \u0111\u01b0\u1ee3c v\u1ebb \u0111\u1eb9p sang tr\u1ecdng theo th\u1eddi gian. Ch\u1ea5t li\u1ec7u n\u00e0y c\u00f2n c\u00f3 tr\u1ecdng l\u01b0\u1ee3ng v\u1eeba ph\u1ea3i, d\u1ec5 di chuy\u1ec3n khi c\u1ea7n thay \u0111\u1ed5i b\u1ed1 c\u1ee5c v\u0103n ph\u00f2ng.<\/p>\n<p data-start=\"2437\" data-end=\"2843\">K\u00edch th\u01b0\u1edbc W800 x D400 x H880 mm c\u1ee7a t\u1ee7 mang \u0111\u1ebfn s\u1ef1 c\u00e2n b\u1eb1ng ho\u00e0n h\u1ea3o gi\u1eefa c\u00f4ng n\u0103ng v\u00e0 kh\u1ea3 n\u0103ng ti\u1ebft ki\u1ec7m di\u1ec7n t\u00edch. V\u1edbi chi\u1ec1u cao 880 mm, s\u1ea3n ph\u1ea9m c\u00f3 th\u1ec3 b\u1ed1 tr\u00ed b\u00ean c\u1ea1nh b\u00e0n l\u00e0m vi\u1ec7c, t\u1ea1i khu v\u1ef1c t\u01b0\u1eddng tr\u1ed1ng ho\u1eb7c trong c\u00e1c g\u00f3c v\u0103n ph\u00f2ng nh\u1ecf h\u1eb9p. M\u1eb7t tr\u00ean c\u1ee7a t\u1ee7 c\u0169ng c\u00f3 th\u1ec3 t\u1eadn d\u1ee5ng \u0111\u1ec3 \u0111\u1eb7t m\u00e1y in, m\u00e1y ch\u1ea5m c\u00f4ng, h\u1ed9p t\u00e0i li\u1ec7u ho\u1eb7c v\u1eadt d\u1ee5ng trang tr\u00ed nh\u01b0 ch\u1eadu c\u00e2y, khung \u1ea3nh gi\u00fap v\u0103n ph\u00f2ng th\u00eam sinh \u0111\u1ed9ng.<\/p>\n<p data-start=\"2845\" data-end=\"3191\">V\u1ec1 m\u1eb7t thi\u1ebft k\u1ebf, LE880SD \u0111\u01b0\u1ee3c ho\u00e0n thi\u1ec7n v\u1edbi phong c\u00e1ch t\u1ed1i gi\u1ea3n \u0111\u1eb7c tr\u01b0ng c\u1ee7a h\u1ec7 s\u1ea3n ph\u1ea9m The One. Tay n\u1eafm v\u00e1t c\u1ea1nh kh\u00f4ng ch\u1ec9 gi\u00fap thao t\u00e1c m\u1edf \u2013 \u0111\u00f3ng t\u1ee7 thu\u1eadn ti\u1ec7n m\u00e0 c\u00f2n t\u1ea1o \u0111i\u1ec3m nh\u1ea5n th\u1ea9m m\u1ef9 tinh t\u1ebf. T\u1ed5ng th\u1ec3 s\u1ea3n ph\u1ea9m h\u00e0i h\u00f2a, thanh l\u1ecbch v\u00e0 ph\u00f9 h\u1ee3p v\u1edbi nhi\u1ec1u phong c\u00e1ch n\u1ed9i th\u1ea5t kh\u00e1c nhau, t\u1eeb hi\u1ec7n \u0111\u1ea1i, tr\u1ebb trung \u0111\u1ebfn chuy\u00ean nghi\u1ec7p, sang tr\u1ecdng.<\/p>\n<p data-start=\"3193\" data-end=\"3530\">T\u1ee7 h\u1ed3 s\u01a1 LE880SD l\u00e0 gi\u1ea3i ph\u00e1p l\u01b0u tr\u1eef th\u00f4ng minh cho nhi\u1ec1u lo\u1ea1i h\u00ecnh v\u0103n ph\u00f2ng: b\u1ed9 ph\u1eadn h\u00e0nh ch\u00ednh \u2013 nh\u00e2n s\u1ef1, k\u1ebf to\u00e1n, kinh doanh, ph\u00f2ng gi\u00e1m \u0111\u1ed1c ho\u1eb7c kh\u00f4ng gian l\u00e0m vi\u1ec7c t\u1ea1i nh\u00e0. T\u00ednh linh ho\u1ea1t c\u1ee7a s\u1ea3n ph\u1ea9m gi\u00fap ng\u01b0\u1eddi d\u00f9ng d\u1ec5 d\u00e0ng ph\u00e2n chia t\u00e0i li\u1ec7u theo t\u1ea7n su\u1ea5t s\u1eed d\u1ee5ng, v\u1eeba \u0111\u1ea3m b\u1ea3o s\u1ef1 ti\u1ec7n l\u1ee3i, v\u1eeba gi\u1eef \u0111\u01b0\u1ee3c m\u1ee9c \u0111\u1ed9 b\u1ea3o m\u1eadt c\u1ea7n thi\u1ebft.<\/p>\n<p data-start=\"3532\" data-end=\"3863\">S\u1ea3n ph\u1ea9m \u0111\u01b0\u1ee3c s\u1ea3n xu\u1ea5t theo ti\u00eau chu\u1ea9n ch\u1ea5t l\u01b0\u1ee3ng c\u1ee7a N\u1ed8I TH\u1ea4T THE ONE \u2013 th\u01b0\u01a1ng hi\u1ec7u uy t\u00edn l\u00e2u n\u0103m tr\u00ean th\u1ecb tr\u01b0\u1eddng. Nh\u1edd v\u1eady, t\u1ee7 s\u1edf h\u1eefu \u0111\u1ed9 b\u1ec1n cao, b\u1ec1 m\u1eb7t \u0111\u1eb9p v\u00e0 kh\u1ea3 n\u0103ng s\u1eed d\u1ee5ng \u1ed5n \u0111\u1ecbnh trong th\u1eddi gian d\u00e0i. C\u00f9ng v\u1edbi ch\u00ednh s\u00e1ch b\u1ea3o h\u00e0nh 12 th\u00e1ng, kh\u00e1ch h\u00e0ng ho\u00e0n to\u00e0n y\u00ean t\u00e2m khi ch\u1ecdn mua LE880SD cho nhu c\u1ea7u l\u01b0u tr\u1eef c\u1ee7a v\u0103n ph\u00f2ng.<\/p>\n<p data-start=\"3865\" data-end=\"4205\" data-is-last-node=\"\" data-is-only-node=\"\">T\u00f3m l\u1ea1i, t\u1ee7 h\u1ed3 s\u01a1 LE880SD kh\u00f4ng ch\u1ec9 \u0111\u00e1p \u1ee9ng t\u1ed1t c\u00e1c y\u00eau c\u1ea7u v\u1ec1 c\u00f4ng n\u0103ng m\u00e0 c\u00f2n \u0111em \u0111\u1ebfn gi\u00e1 tr\u1ecb th\u1ea9m m\u1ef9 v\u00e0 s\u1ef1 ti\u1ec7n d\u1ee5ng v\u01b0\u1ee3t tr\u1ed9i so v\u1edbi nhi\u1ec1u m\u1eabu t\u1ee7 c\u00f9ng ph\u00e2n kh\u00fac. N\u1ebfu b\u1ea1n \u0111ang t\u00ecm ki\u1ebfm m\u1ed9t m\u1eabu t\u1ee7 th\u1ea5p b\u1ec1n \u2013 \u0111\u1eb9p \u2013 b\u1ea3o m\u1eadt t\u1ed1t v\u00e0 ph\u00f9 h\u1ee3p v\u1edbi kh\u00f4ng gian nh\u1ecf, \u0111\u00e2y ch\u1eafc ch\u1eafn s\u1ebd l\u00e0 l\u1ef1a ch\u1ecdn \u0111\u00e1ng \u0111\u1ea7u t\u01b0 cho v\u0103n ph\u00f2ng ho\u1eb7c n\u01a1i l\u00e0m vi\u1ec7c c\u1ee7a b\u1ea1n.<\/p>\n","protected":false},"excerpt":{"rendered":"<p>T\u1ee7 h\u1ed3 s\u01a1 LE880SD l\u00e0 m\u1eabu t\u1ee7 t\u00e0i li\u1ec7u th\u1ea5p thi\u1ebft k\u1ebf hi\u1ec7n \u0111\u1ea1i v\u1edbi 2 khoang \u0111\u1ec3 file, k\u1ebft h\u1ee3p khoang d\u01b0\u1edbi g\u1ed3m 2 c\u00e1nh m\u1edf c\u00f3 kh\u00f3a gi\u00fap b\u1ea3o m\u1eadt t\u00e0i li\u1ec7u t\u1ed1t h\u01a1n, ph\u00f9 h\u1ee3p cho v\u0103n ph\u00f2ng c\u1ea7n ph\u00e2n chia khu v\u1ef1c l\u01b0u tr\u1eef linh ho\u1ea1t.<br data-start=\"269\" data-end=\"272\" \/>K\u00edch th\u01b0\u1edbc: W800 x D400 x H880 mm<br data-start=\"305\" data-end=\"308\" \/>Xu\u1ea5t x\u1ee9: S\u1ea3n ph\u1ea9m c\u1ee7a c\u00f4ng ty N\u1ed8I TH\u1ea4T THE ONE \u2013 Ph\u00e2n ph\u1ed1i b\u1edfi C\u00d4NG TY TNHH SXTM TTNT H\u1eeeU TH\u1ecaNH<br data-start=\"403\" data-end=\"406\" \/>B\u1ea3o h\u00e0nh: 12 th\u00e1ng theo ti\u00eau chu\u1ea9n nh\u00e0 m\u00e1y<br data-start=\"448\" data-end=\"451\" \/><span style=\"color: #ed1c24;\"><em data-start=\"451\" data-end=\"603\">L\u01b0u \u00fd: Gi\u00e1 tr\u00ean ch\u01b0a bao g\u1ed3m VAT v\u00e0 ph\u00ed v\u1eadn chuy\u1ec3n. Gi\u00e1 s\u1ea3n ph\u1ea9m c\u00f3 th\u1ec3 thay \u0111\u1ed5i theo t\u1eebng th\u1eddi \u0111i\u1ec3m, vui l\u00f2ng li\u00ean h\u1ec7 \u0111\u1ec3 nh\u1eadn t\u01b0 v\u1ea5n \u01b0u \u0111\u00e3i t\u1ed1t nh\u1ea5t.<\/em><\/span><\/p>\n","protected":false},"featured_media":4313,"comment_status":"open","ping_status":"closed","template":"","meta":[],"product_brand":[],"product_cat":[17,760],"product_tag":[],"class_list":{"0":"post-4312","1":"product","2":"type-product","3":"status-publish","4":"has-post-thumbnail","6":"product_cat-noi-that-van-phong","7":"product_cat-tu-go-van-phong","9":"first","10":"instock","11":"taxable","12":"shipping-taxable","13":"purchasable","14":"product-type-simple"},"_links":{"self":[{"href":"https:\/\/www.noithathuuthinh.vn\/zh-hans\/wp-json\/wp\/v2\/product\/4312","targetHints":{"allow":["GET"]}}],"collection":[{"href":"https:\/\/www.noithathuuthinh.vn\/zh-hans\/wp-json\/wp\/v2\/product"}],"about":[{"href":"https:\/\/www.noithathuuthinh.vn\/zh-hans\/wp-json\/wp\/v2\/types\/product"}],"replies":[{"embeddable":true,"href":"https:\/\/www.noithathuuthinh.vn\/zh-hans\/wp-json\/wp\/v2\/comments?post=4312"}],"wp:featuredmedia":[{"embeddable":true,"href":"https:\/\/www.noithathuuthinh.vn\/zh-hans\/wp-json\/wp\/v2\/media\/4313"}],"wp:attachment":[{"href":"https:\/\/www.noithathuuthinh.vn\/zh-hans\/wp-json\/wp\/v2\/media?parent=4312"}],"wp:term":[{"taxonomy":"product_brand","embeddable":true,"href":"https:\/\/www.noithathuuthinh.vn\/zh-hans\/wp-json\/wp\/v2\/product_brand?post=4312"},{"taxonomy":"product_cat","embeddable":true,"href":"https:\/\/www.noithathuuthinh.vn\/zh-hans\/wp-json\/wp\/v2\/product_cat?post=4312"},{"taxonomy":"product_tag","embeddable":true,"href":"https:\/\/www.noithathuuthinh.vn\/zh-hans\/wp-json\/wp\/v2\/product_tag?post=4312"}],"curies":[{"name":"wp","href":"https:\/\/api.w.org\/{rel}","templated":true}]}}