{"id":4340,"date":"2025-11-20T10:47:38","date_gmt":"2025-11-20T03:47:38","guid":{"rendered":"https:\/\/noithathuuthinh.vn\/?post_type=product&#038;p=4340"},"modified":"2025-11-20T10:47:38","modified_gmt":"2025-11-20T03:47:38","slug":"tu-ho-so-le1960-3bk","status":"publish","type":"product","link":"https:\/\/www.noithathuuthinh.vn\/zh-hans\/san-pham\/tu-ho-so-le1960-3bk\/","title":{"rendered":"T\u1ee7 h\u1ed3 s\u01a1 LE1960-3BK"},"content":{"rendered":"<p data-start=\"632\" data-end=\"1036\">T\u1ee7 h\u1ed3 s\u01a1 LE1960-3BK thu\u1ed9c d\u00f2ng t\u1ee7 t\u00e0i li\u1ec7u Melamine cao c\u1ea5p, \u0111\u01b0\u1ee3c thi\u1ebft k\u1ebf h\u01b0\u1edbng \u0111\u1ebfn s\u1ef1 \u0111a d\u1ea1ng c\u00f4ng n\u0103ng v\u00e0 t\u00ednh th\u1ea9m m\u1ef9 hi\u1ec7n \u0111\u1ea1i cho v\u0103n ph\u00f2ng. V\u1edbi c\u1ea5u tr\u00fac 3 bu\u1ed3ng ti\u1ec7n d\u1ee5ng, m\u1eabu t\u1ee7 n\u00e0y kh\u00f4ng ch\u1ec9 \u0111\u00e1p \u1ee9ng nhu c\u1ea7u l\u01b0u tr\u1eef h\u1ed3 s\u01a1, t\u00e0i li\u1ec7u m\u00e0 c\u00f2n h\u1ed7 tr\u1ee3 ng\u01b0\u1eddi d\u00f9ng c\u1ea5t gi\u1eef v\u1eadt d\u1ee5ng c\u00e1 nh\u00e2n, \u00e1o kho\u00e1c hay trang thi\u1ebft b\u1ecb l\u00e0m vi\u1ec7c m\u1ed9t c\u00e1ch ng\u0103n n\u1eafp v\u00e0 chuy\u00ean nghi\u1ec7p.<\/p>\n<p data-start=\"1038\" data-end=\"1458\">Ph\u00eda tr\u00ean c\u1ee7a t\u1ee7 \u0111\u01b0\u1ee3c b\u1ed1 tr\u00ed hai khoang c\u00e1nh k\u00ednh r\u1ed9ng r\u00e3i, ph\u00f9 h\u1ee3p \u0111\u1ec3 tr\u01b0ng b\u00e0y t\u00e0i li\u1ec7u, s\u00e1ch tham kh\u1ea3o, danh hi\u1ec7u ho\u1eb7c c\u00e1c v\u1eadt d\u1ee5ng c\u1ea7n d\u1ec5 quan s\u00e1t. C\u00e1nh k\u00ednh khung ch\u1eafc ch\u1eafn gi\u00fap b\u1ea3o v\u1ec7 t\u00e0i li\u1ec7u kh\u1ecfi b\u1ee5i b\u1ea9n, \u0111\u1ed3ng th\u1eddi t\u1ea1o c\u1ea3m gi\u00e1c sang tr\u1ecdng v\u00e0 hi\u1ec7n \u0111\u1ea1i cho kh\u00f4ng gian. C\u00e1c \u0111\u1ee3t t\u1ee7 b\u00ean trong \u0111\u01b0\u1ee3c thi\u1ebft k\u1ebf t\u1ed1i \u01b0u, cho ph\u00e9p ph\u00e2n lo\u1ea1i t\u00e0i li\u1ec7u theo t\u1eebng nh\u00f3m, h\u1ed7 tr\u1ee3 ng\u01b0\u1eddi d\u00f9ng thu\u1eadn ti\u1ec7n h\u01a1n trong qu\u00e1 tr\u00ecnh t\u00ecm ki\u1ebfm.<\/p>\n<p data-start=\"1460\" data-end=\"1898\">Ngo\u00e0i hai khoang c\u00e1nh k\u00ednh, t\u1ee7 h\u1ed3 s\u01a1 LE1960-3BK c\u00f2n t\u00edch h\u1ee3p m\u1ed9t khoang c\u00e1nh g\u1ed7 k\u00edn \u0111\u00e1o, c\u00f3 su\u1ed1t treo \u00e1o ti\u1ec7n d\u1ee5ng. \u0110\u00e2y l\u00e0 \u0111i\u1ec3m nh\u1ea5n c\u00f4ng n\u0103ng r\u1ea5t \u0111\u01b0\u1ee3c \u01b0a chu\u1ed9ng trong m\u00f4i tr\u01b0\u1eddng v\u0103n ph\u00f2ng hi\u1ec7n \u0111\u1ea1i. Ng\u01b0\u1eddi d\u00f9ng c\u00f3 th\u1ec3 treo \u00e1o vest, \u00e1o kho\u00e1c ho\u1eb7c t\u00fai c\u00e1 nh\u00e2n m\u1ed9t c\u00e1ch g\u1ecdn g\u00e0ng, h\u1ea1n ch\u1ebf t\u00ecnh tr\u1ea1ng \u0111\u1ec3 \u0111\u1ed3 l\u1ed9n x\u1ed9n tr\u00ean b\u00e0n l\u00e0m vi\u1ec7c. Vi\u1ec7c b\u1ed1 tr\u00ed khoang treo \u00e1o trong t\u1ee7 t\u00e0i li\u1ec7u gi\u00fap kh\u00f4ng gian t\u1ed5ng th\u1ec3 v\u0103n ph\u00f2ng th\u00eam chuy\u00ean nghi\u1ec7p v\u00e0 s\u1ea1ch s\u1ebd.<\/p>\n<p data-start=\"1900\" data-end=\"2369\">Ph\u00eda d\u01b0\u1edbi t\u1ee7 l\u00e0 h\u1ec7 ba c\u00e1nh m\u1edf thi\u1ebft k\u1ebf li\u1ec1n m\u1ea1ch, t\u1ea1o s\u1ef1 h\u00e0i h\u00f2a cho t\u1ed5ng th\u1ec3 s\u1ea3n ph\u1ea9m. Ba khoang n\u00e0y \u0111\u01b0\u1ee3c trang b\u1ecb kh\u00f3a an to\u00e0n, gi\u00fap ng\u01b0\u1eddi d\u00f9ng c\u00f3 th\u1ec3 l\u01b0u tr\u1eef h\u1ed3 s\u01a1 m\u1eadt, t\u00e0i li\u1ec7u n\u1ed9i b\u1ed9 ho\u1eb7c v\u1eadt d\u1ee5ng quan tr\u1ecdng m\u1ed9t c\u00e1ch b\u1ea3o m\u1eadt. Tay n\u1eafm v\u00e1t c\u1ea1nh \u0111\u01b0\u1ee3c s\u1eed d\u1ee5ng cho to\u00e0n b\u1ed9 h\u1ec7 th\u1ed1ng c\u00e1nh t\u1ee7, mang l\u1ea1i s\u1ef1 \u0111\u1ed3ng b\u1ed9, th\u1ea9m m\u1ef9 cao v\u00e0 \u0111\u1eb7c bi\u1ec7t t\u1ea1o c\u1ea3m gi\u00e1c c\u1ea7m n\u1eafm tho\u1ea3i m\u00e1i khi thao t\u00e1c. B\u1ea3n l\u1ec1 v\u00e0 ph\u1ee5 ki\u1ec7n ch\u1ea5t l\u01b0\u1ee3ng cao gi\u00fap c\u00e1nh t\u1ee7 \u0111\u00f3ng m\u1edf nh\u1eb9 nh\u00e0ng, b\u1ec1n b\u1ec9 theo th\u1eddi gian.<\/p>\n<p data-start=\"2371\" data-end=\"2775\">T\u1ee7 h\u1ed3 s\u01a1 LE1960-3BK s\u1eed d\u1ee5ng ch\u1ea5t li\u1ec7u g\u1ed7 c\u00f4ng nghi\u1ec7p Melamine \u2013 lo\u1ea1i v\u1eadt li\u1ec7u n\u1ed5i b\u1eadt nh\u1edd kh\u1ea3 n\u0103ng ch\u1ed1ng tr\u1ea7y x\u01b0\u1edbc, ch\u1ed1ng th\u1ea5m nh\u1eb9, ch\u1ed1ng b\u00e1m b\u1ee5i v\u00e0 d\u1ec5 v\u1ec7 sinh. B\u1ec1 m\u1eb7t Melamine gi\u1eef \u0111\u01b0\u1ee3c m\u00e0u s\u1eafc b\u1ec1n l\u00e2u, kh\u00f4ng b\u1ecb cong v\u00eanh hay m\u1ed1i m\u1ecdt trong \u0111i\u1ec1u ki\u1ec7n m\u00f4i tr\u01b0\u1eddng v\u0103n ph\u00f2ng \u1ed5n \u0111\u1ecbnh. \u0110\u00e2y l\u00e0 y\u1ebfu t\u1ed1 khi\u1ebfn s\u1ea3n ph\u1ea9m tr\u1edf th\u00e0nh l\u1ef1a ch\u1ecdn \u01b0u ti\u00ean c\u1ee7a nhi\u1ec1u doanh nghi\u1ec7p trong vi\u1ec7c \u0111\u1ea7u t\u01b0 n\u1ed9i th\u1ea5t v\u0103n ph\u00f2ng l\u00e2u d\u00e0i.<\/p>\n<p data-start=\"2777\" data-end=\"3206\">V\u1edbi k\u00edch th\u01b0\u1edbc W1200 x D400 x H1960 mm, t\u1ee7 \u0111\u01b0\u1ee3c thi\u1ebft k\u1ebf theo d\u1ea1ng \u0111\u1ee9ng, gi\u00fap t\u1ed1i \u01b0u kh\u00f4ng gian theo chi\u1ec1u cao v\u00e0 t\u0103ng di\u1ec7n t\u00edch l\u01b0u tr\u1eef m\u00e0 kh\u00f4ng chi\u1ebfm nhi\u1ec1u di\u1ec7n t\u00edch m\u1eb7t s\u00e0n. Thi\u1ebft k\u1ebf n\u00e0y cho ph\u00e9p t\u1ee7 ph\u00f9 h\u1ee3p trong nhi\u1ec1u kh\u00f4ng gian kh\u00e1c nhau: ph\u00f2ng gi\u00e1m \u0111\u1ed1c, ph\u00f2ng h\u1ecdp, ph\u00f2ng nh\u00e2n s\u1ef1, ph\u00f2ng k\u1ebf to\u00e1n ho\u1eb7c khu v\u1ef1c h\u00e0nh ch\u00ednh \u2013 v\u0103n th\u01b0. D\u00f9 \u0111\u1eb7t \u1edf v\u1ecb tr\u00ed n\u00e0o, t\u1ee7 v\u1eabn mang \u0111\u1ebfn s\u1ef1 g\u1ecdn g\u00e0ng, sang tr\u1ecdng v\u00e0 h\u00e0i h\u00f2a v\u1edbi t\u1ed5ng th\u1ec3 n\u1ed9i th\u1ea5t.<\/p>\n<p data-start=\"3208\" data-end=\"3570\">Phong c\u00e1ch thi\u1ebft k\u1ebf hi\u1ec7n \u0111\u1ea1i, \u0111\u01b0\u1eddng n\u00e9t vu\u00f4ng v\u1ee9c, m\u00e0u s\u1eafc Melamine tinh t\u1ebf gi\u00fap t\u1ee7 h\u1ed3 s\u01a1 LE1960-3BK d\u1ec5 d\u00e0ng k\u1ebft h\u1ee3p v\u1edbi c\u00e1c m\u1eabu b\u00e0n gi\u00e1m \u0111\u1ed1c, b\u00e0n tr\u01b0\u1edfng ph\u00f2ng, module b\u00e0n nh\u00e2n vi\u00ean ho\u1eb7c c\u00e1c t\u1ee7 ph\u1ee5 c\u00f9ng t\u00f4ng m\u00e0u. S\u1ef1 nh\u1ea5t qu\u00e1n trong phong c\u00e1ch n\u1ed9i th\u1ea5t kh\u00f4ng ch\u1ec9 t\u1ea1o c\u1ea3m gi\u00e1c h\u00e0i h\u00f2a m\u00e0 c\u00f2n g\u00f3p ph\u1ea7n n\u00e2ng t\u1ea7m h\u00ecnh \u1ea3nh doanh nghi\u1ec7p trong m\u1eaft \u0111\u1ed1i t\u00e1c v\u00e0 kh\u00e1ch h\u00e0ng.<\/p>\n<p data-start=\"3572\" data-end=\"4130\" data-is-last-node=\"\" data-is-only-node=\"\">L\u01b0u tr\u1eef khoa h\u1ecdc, b\u1ea3o m\u1eadt t\u1ed1t, t\u00edch h\u1ee3p khoang treo \u00e1o, c\u00f3 c\u00e1nh k\u00ednh sang tr\u1ecdng v\u00e0 khoang d\u01b0\u1edbi ti\u1ec7n d\u1ee5ng \u2013 t\u1ea5t c\u1ea3 t\u1ea1o n\u00ean m\u1ed9t s\u1ea3n ph\u1ea9m ho\u00e0n ch\u1ec9nh c\u1ea3 v\u1ec1 c\u00f4ng n\u0103ng l\u1eabn th\u1ea9m m\u1ef9. T\u1ee7 h\u1ed3 s\u01a1 LE1960-3BK l\u00e0 l\u1ef1a ch\u1ecdn l\u00fd t\u01b0\u1edfng cho nh\u1eefng doanh nghi\u1ec7p c\u1ea7n m\u1ed9t m\u1eabu t\u1ee7 \u0111a n\u0103ng, thi\u1ebft k\u1ebf \u0111\u1eb9p, ch\u1ea5t l\u01b0\u1ee3ng cao v\u00e0 ph\u00f9 h\u1ee3p v\u1edbi nhi\u1ec1u kh\u00f4ng gian l\u00e0m vi\u1ec7c kh\u00e1c nhau.<br data-start=\"3915\" data-end=\"3918\" \/>N\u1ebfu b\u1ea1n \u0111ang t\u00ecm ki\u1ebfm m\u1ed9t m\u1eabu t\u1ee7 v\u1eeba l\u01b0u tr\u1eef h\u1ed3 s\u01a1 hi\u1ec7u qu\u1ea3, v\u1eeba gi\u00fap v\u0103n ph\u00f2ng th\u00eam chuy\u00ean nghi\u1ec7p th\u00ec \u0111\u00e2y ch\u00ednh l\u00e0 s\u1ea3n ph\u1ea9m \u0111\u00e1ng \u0111\u1ea7u t\u01b0. H\u00e3y li\u00ean h\u1ec7 H\u1eefu Th\u1ecbnh \u0111\u1ec3 \u0111\u01b0\u1ee3c t\u01b0 v\u1ea5n chi ti\u1ebft v\u00e0 nh\u1eadn b\u00e1o gi\u00e1 \u01b0u \u0111\u00e3i nh\u1ea5t.<\/p>\n","protected":false},"excerpt":{"rendered":"<p>T\u1ee7 h\u1ed3 s\u01a1 LE1960-3BK l\u00e0 m\u1eabu t\u1ee7 t\u00e0i li\u1ec7u 3 bu\u1ed3ng g\u1ed7 Melamine thi\u1ebft k\u1ebf \u0111a ch\u1ee9c n\u0103ng, v\u1edbi ph\u1ea7n tr\u00ean g\u1ed3m hai khoang c\u00e1nh k\u00ednh \u0111\u1ec3 t\u00e0i li\u1ec7u k\u1ebft h\u1ee3p m\u1ed9t khoang c\u00e1nh g\u1ed7 c\u00f3 su\u1ed1t treo \u00e1o, ph\u00eda d\u01b0\u1edbi l\u00e0 h\u1ec7 ba c\u00e1nh m\u1edf ti\u1ec7n d\u1ee5ng v\u00e0 c\u00f3 kh\u00f3a an to\u00e0n.<br data-start=\"289\" data-end=\"292\" \/>K\u00edch th\u01b0\u1edbc: W1200 x D400 x H1960 mm<br data-start=\"327\" data-end=\"330\" \/>Xu\u1ea5t x\u1ee9: S\u1ea3n ph\u1ea9m c\u1ee7a c\u00f4ng ty N\u1ed8I TH\u1ea4T THE ONE \u2013 Ph\u00e2n ph\u1ed1i b\u1edfi C\u00d4NG TY TNHH SXTM TTNT H\u1eeeU TH\u1ecaNH<br data-start=\"425\" data-end=\"428\" data-is-only-node=\"\" \/>B\u1ea3o h\u00e0nh: 12 th\u00e1ng theo ti\u00eau chu\u1ea9n nh\u00e0 m\u00e1y<br data-start=\"470\" data-end=\"473\" \/><span style=\"color: #ed1c24;\"><em data-start=\"473\" data-end=\"625\">L\u01b0u \u00fd: Gi\u00e1 tr\u00ean ch\u01b0a bao g\u1ed3m VAT v\u00e0 ph\u00ed v\u1eadn chuy\u1ec3n. Gi\u00e1 s\u1ea3n ph\u1ea9m c\u00f3 th\u1ec3 thay \u0111\u1ed5i theo t\u1eebng th\u1eddi \u0111i\u1ec3m, vui l\u00f2ng li\u00ean h\u1ec7 \u0111\u1ec3 nh\u1eadn t\u01b0 v\u1ea5n \u01b0u \u0111\u00e3i t\u1ed1t nh\u1ea5t.<\/em><\/span><\/p>\n","protected":false},"featured_media":4341,"comment_status":"open","ping_status":"closed","template":"","meta":[],"product_brand":[],"product_cat":[17,760],"product_tag":[],"class_list":{"0":"post-4340","1":"product","2":"type-product","3":"status-publish","4":"has-post-thumbnail","6":"product_cat-noi-that-van-phong","7":"product_cat-tu-go-van-phong","9":"first","10":"instock","11":"taxable","12":"shipping-taxable","13":"purchasable","14":"product-type-simple"},"_links":{"self":[{"href":"https:\/\/www.noithathuuthinh.vn\/zh-hans\/wp-json\/wp\/v2\/product\/4340","targetHints":{"allow":["GET"]}}],"collection":[{"href":"https:\/\/www.noithathuuthinh.vn\/zh-hans\/wp-json\/wp\/v2\/product"}],"about":[{"href":"https:\/\/www.noithathuuthinh.vn\/zh-hans\/wp-json\/wp\/v2\/types\/product"}],"replies":[{"embeddable":true,"href":"https:\/\/www.noithathuuthinh.vn\/zh-hans\/wp-json\/wp\/v2\/comments?post=4340"}],"wp:featuredmedia":[{"embeddable":true,"href":"https:\/\/www.noithathuuthinh.vn\/zh-hans\/wp-json\/wp\/v2\/media\/4341"}],"wp:attachment":[{"href":"https:\/\/www.noithathuuthinh.vn\/zh-hans\/wp-json\/wp\/v2\/media?parent=4340"}],"wp:term":[{"taxonomy":"product_brand","embeddable":true,"href":"https:\/\/www.noithathuuthinh.vn\/zh-hans\/wp-json\/wp\/v2\/product_brand?post=4340"},{"taxonomy":"product_cat","embeddable":true,"href":"https:\/\/www.noithathuuthinh.vn\/zh-hans\/wp-json\/wp\/v2\/product_cat?post=4340"},{"taxonomy":"product_tag","embeddable":true,"href":"https:\/\/www.noithathuuthinh.vn\/zh-hans\/wp-json\/wp\/v2\/product_tag?post=4340"}],"curies":[{"name":"wp","href":"https:\/\/api.w.org\/{rel}","templated":true}]}}