{"id":4356,"date":"2025-11-21T09:18:48","date_gmt":"2025-11-21T02:18:48","guid":{"rendered":"https:\/\/noithathuuthinh.vn\/?post_type=product&#038;p=4356"},"modified":"2025-11-21T09:18:48","modified_gmt":"2025-11-21T02:18:48","slug":"tu-ho-so-nt880n","status":"publish","type":"product","link":"https:\/\/www.noithathuuthinh.vn\/zh-hans\/san-pham\/tu-ho-so-nt880n\/","title":{"rendered":"T\u1ee7 h\u1ed3 s\u01a1 NT880N"},"content":{"rendered":"<p data-start=\"661\" data-end=\"1133\">T\u1ee7 h\u1ed3 s\u01a1 NT880N l\u00e0 l\u1ef1a ch\u1ecdn t\u1ed1i \u01b0u cho c\u00e1c v\u0103n ph\u00f2ng hi\u1ec7n \u0111\u1ea1i \u0111ang t\u00ecm ki\u1ebfm m\u1ed9t m\u1eabu t\u1ee7 th\u1ea5p nh\u1ecf g\u1ecdn nh\u01b0ng v\u1eabn \u0111\u1ea3m b\u1ea3o t\u00ednh th\u1ea9m m\u1ef9 v\u00e0 c\u00f4ng n\u0103ng l\u01b0u tr\u1eef thi\u1ebft y\u1ebfu. V\u1edbi thi\u1ebft k\u1ebf k\u1ebft h\u1ee3p gi\u1eefa hai ch\u1ea5t li\u1ec7u Laminate v\u00e0 Melamine, s\u1ea3n ph\u1ea9m mang \u0111\u1ebfn v\u1ebb \u0111\u1eb9p sang tr\u1ecdng v\u00e0 \u0111\u1ed9 b\u1ec1n v\u01b0\u1ee3t tr\u1ed9i, ph\u00f9 h\u1ee3p b\u1ed1 tr\u00ed trong nhi\u1ec1u kh\u00f4ng gian l\u00e0m vi\u1ec7c kh\u00e1c nhau nh\u01b0 ph\u00f2ng nh\u00e2n vi\u00ean, ph\u00f2ng h\u1ecdp, khu v\u1ef1c l\u00e0m vi\u1ec7c chung ho\u1eb7c th\u1eadm ch\u00ed l\u00e0 kh\u00f4ng gian t\u1ea1i nh\u00e0.<\/p>\n<p data-start=\"1135\" data-end=\"1625\">\u0110i\u1ec3m n\u1ed5i b\u1eadt c\u1ee7a t\u1ee7 h\u1ed3 s\u01a1 NT880N ch\u00ednh l\u00e0 k\u1ebft c\u1ea5u hai khoang \u0111\u1ec3 file d\u1ea1ng m\u1edf, kh\u00f4ng s\u1eed d\u1ee5ng c\u00e1nh, gi\u00fap ng\u01b0\u1eddi d\u00f9ng d\u1ec5 d\u00e0ng thao t\u00e1c khi l\u1ea5y ho\u1eb7c c\u1ea5t h\u1ed3 s\u01a1. C\u00e1c khoang n\u00e0y \u0111\u01b0\u1ee3c thi\u1ebft k\u1ebf v\u1edbi k\u00edch th\u01b0\u1edbc ti\u00eau chu\u1ea9n, ph\u00f9 h\u1ee3p \u0111\u1ec3 l\u01b0u tr\u1eef c\u00e1c lo\u1ea1i file t\u00e0i li\u1ec7u, b\u00eca h\u1ed3 s\u01a1, gi\u1ea5y t\u1edd chuy\u00ean m\u00f4n ho\u1eb7c v\u1eadt d\u1ee5ng v\u0103n ph\u00f2ng m\u00e0 ng\u01b0\u1eddi d\u00f9ng c\u1ea7n truy c\u1eadp nhanh. Ki\u1ec3u thi\u1ebft k\u1ebf m\u1edf c\u0169ng mang l\u1ea1i s\u1ef1 tho\u00e1ng \u0111\u00e3ng, t\u1ea1o c\u1ea3m gi\u00e1c nh\u1eb9 nh\u00e0ng cho t\u1ed5ng th\u1ec3 n\u1ed9i th\u1ea5t, \u0111\u1ed3ng th\u1eddi h\u1ed7 tr\u1ee3 s\u1eafp x\u1ebfp t\u00e0i li\u1ec7u khoa h\u1ecdc v\u00e0 g\u1ecdn g\u00e0ng.<\/p>\n<p data-start=\"1627\" data-end=\"2090\">Ch\u1ea5t li\u1ec7u Laminate v\u00e0 Melamine \u0111\u01b0\u1ee3c \u1ee9ng d\u1ee5ng tr\u00ean b\u1ec1 m\u1eb7t s\u1ea3n ph\u1ea9m kh\u00f4ng ch\u1ec9 gi\u00fap t\u1ea1o hi\u1ec7u \u1ee9ng m\u00e0u s\u1eafc \u0111\u1eb9p m\u1eaft, \u0111\u1ed3ng nh\u1ea5t v\u00e0 hi\u1ec7n \u0111\u1ea1i m\u00e0 c\u00f2n mang l\u1ea1i kh\u1ea3 n\u0103ng ch\u1ed1ng tr\u1ea7y x\u01b0\u1edbc, kh\u00e1ng \u1ea9m v\u00e0 ch\u1ed1ng b\u00e1m b\u1ea9n r\u1ea5t t\u1ed1t. \u0110\u00e2y l\u00e0 \u01b0u \u0111i\u1ec3m quan tr\u1ecdng \u0111\u1ed1i v\u1edbi m\u00f4i tr\u01b0\u1eddng l\u00e0m vi\u1ec7c v\u1ed1n c\u00f3 t\u1ea7n su\u1ea5t s\u1eed d\u1ee5ng n\u1ed9i th\u1ea5t cao. Nh\u1edd \u0111\u00f3, t\u1ee7 h\u1ed3 s\u01a1 NT880N gi\u1eef \u0111\u01b0\u1ee3c v\u1ebb \u0111\u1eb9p l\u00e2u d\u00e0i theo th\u1eddi gian, \u0111\u1ed3ng th\u1eddi gi\u00fap c\u00f4ng t\u00e1c b\u1ea3o qu\u1ea3n, v\u1ec7 sinh tr\u1edf n\u00ean \u0111\u01a1n gi\u1ea3n v\u00e0 ti\u1ebft ki\u1ec7m th\u1eddi gian cho ng\u01b0\u1eddi d\u00f9ng.<\/p>\n<p data-start=\"2092\" data-end=\"2522\">Kh\u00f4ng ch\u1ec9 ch\u00fa tr\u1ecdng v\u1ec1 ch\u1ea5t li\u1ec7u, c\u1ea5u tr\u00fac t\u1ed5ng th\u1ec3 c\u1ee7a t\u1ee7 h\u1ed3 s\u01a1 NT880N c\u0169ng \u0111\u01b0\u1ee3c thi\u1ebft k\u1ebf theo ti\u00eau chu\u1ea9n k\u1ef9 thu\u1eadt nh\u1eb1m t\u1ed1i \u01b0u h\u00f3a s\u1ef1 ch\u1eafc ch\u1eafn v\u00e0 \u0111\u1ed9 \u1ed5n \u0111\u1ecbnh. K\u00edch th\u01b0\u1edbc W800 x D400 x H880 mm cho ph\u00e9p s\u1ea3n ph\u1ea9m d\u1ec5 d\u00e0ng b\u1ed1 tr\u00ed t\u1ea1i nhi\u1ec1u v\u1ecb tr\u00ed trong v\u0103n ph\u00f2ng m\u00e0 kh\u00f4ng chi\u1ebfm qu\u00e1 nhi\u1ec1u di\u1ec7n t\u00edch. \u0110\u00e2y l\u00e0 l\u1ef1a ch\u1ecdn l\u00fd t\u01b0\u1edfng cho c\u00e1c v\u0103n ph\u00f2ng nh\u1ecf, kh\u00f4ng gian h\u1ea1n ch\u1ebf ho\u1eb7c nh\u1eefng khu v\u1ef1c c\u1ea7n b\u1ed5 sung th\u00eam t\u1ee7 ph\u1ee5 \u0111\u1ec3 t\u0103ng kh\u1ea3 n\u0103ng l\u01b0u tr\u1eef.<\/p>\n<p data-start=\"2524\" data-end=\"2992\">V\u1edbi chi\u1ec1u cao 880 mm, t\u1ee7 c\u0169ng c\u00f3 th\u1ec3 \u0111\u01b0\u1ee3c t\u1eadn d\u1ee5ng l\u00e0m k\u1ec7 \u0111\u1eb7t m\u00e1y in, m\u00e1y scan ho\u1eb7c c\u00e1c thi\u1ebft b\u1ecb v\u0103n ph\u00f2ng nh\u1ecf, gi\u00fap ti\u1ebft ki\u1ec7m di\u1ec7n t\u00edch m\u1eb7t b\u1eb1ng v\u00e0 t\u0103ng t\u00ednh ti\u1ec7n d\u1ee5ng. B\u1ec1 m\u1eb7t t\u1ee7 b\u1eb1ng ph\u1eb3ng, c\u1ee9ng c\u00e1p, ch\u1ecbu l\u1ef1c t\u1ed1t, \u0111\u1ea3m b\u1ea3o an to\u00e0n trong qu\u00e1 tr\u00ecnh s\u1eed d\u1ee5ng c\u00e1c thi\u1ebft b\u1ecb \u0111i\u1ec7n \u2013 v\u0103n ph\u00f2ng c\u00f3 tr\u1ecdng l\u01b0\u1ee3ng trung b\u00ecnh. \u0110\u00e2y l\u00e0 \u01b0u \u0111i\u1ec3m gi\u00fap s\u1ea3n ph\u1ea9m \u0111\u01b0\u1ee3c s\u1eed d\u1ee5ng linh ho\u1ea1t, kh\u00f4ng ch\u1ec9 nh\u01b0 m\u1ed9t t\u1ee7 t\u00e0i li\u1ec7u m\u00e0 c\u00f2n nh\u01b0 m\u1ed9t ph\u1ea7n h\u1ed7 tr\u1ee3 trong quy tr\u00ecnh thao t\u00e1c c\u00f4ng vi\u1ec7c h\u00e0ng ng\u00e0y.<\/p>\n<p data-start=\"2994\" data-end=\"3383\">B\u00ean c\u1ea1nh \u0111\u00f3, t\u1ee7 h\u1ed3 s\u01a1 NT880N c\u00f2n mang l\u1ea1i t\u00ednh th\u1ea9m m\u1ef9 cao nh\u1edd \u0111\u01b0\u1eddng n\u00e9t thi\u1ebft k\u1ebf \u0111\u01a1n gi\u1ea3n nh\u01b0ng tinh t\u1ebf. T\u00f4ng m\u00e0u g\u1ed7 hi\u1ec7n \u0111\u1ea1i ph\u00f9 h\u1ee3p v\u1edbi xu h\u01b0\u1edbng n\u1ed9i th\u1ea5t v\u0103n ph\u00f2ng tr\u1ebb trung, chuy\u00ean nghi\u1ec7p v\u00e0 n\u0103ng \u0111\u1ed9ng. S\u1ea3n ph\u1ea9m c\u00f3 th\u1ec3 d\u1ec5 d\u00e0ng k\u1ebft h\u1ee3p c\u00f9ng b\u00e0n nh\u00e2n vi\u00ean, b\u00e0n h\u1ecdp, t\u1ee7 ph\u1ee5, v\u00e1ch ng\u0103n ho\u1eb7c c\u00e1c h\u1ec7 t\u1ee7 kh\u00e1c \u0111\u1ec3 t\u1ea1o th\u00e0nh m\u1ed9t t\u1ed5ng th\u1ec3 \u0111\u1ed3ng b\u1ed9, n\u00e2ng cao gi\u00e1 tr\u1ecb th\u1ea9m m\u1ef9 c\u1ee7a kh\u00f4ng gian l\u00e0m vi\u1ec7c.<\/p>\n<p data-start=\"3385\" data-end=\"3723\">\u0110\u1ed1i v\u1edbi doanh nghi\u1ec7p, vi\u1ec7c s\u1eed d\u1ee5ng m\u1ed9t m\u1eabu t\u1ee7 th\u1ea5p ti\u1ec7n d\u1ee5ng nh\u01b0 NT880N kh\u00f4ng ch\u1ec9 gi\u00fap t\u1ed1i \u01b0u chi ph\u00ed \u0111\u1ea7u t\u01b0 m\u00e0 c\u00f2n c\u1ea3i thi\u1ec7n kh\u1ea3 n\u0103ng qu\u1ea3n l\u00fd h\u1ed3 s\u01a1, gi\u1ea3m t\u00ecnh tr\u1ea1ng th\u1ea5t l\u1ea1c t\u00e0i li\u1ec7u v\u00e0 t\u0103ng hi\u1ec7u su\u1ea5t c\u00f4ng vi\u1ec7c r\u00f5 r\u1ec7t. T\u1ee7 d\u1ec5 l\u1eafp \u0111\u1eb7t, d\u1ec5 di chuy\u1ec3n khi c\u1ea7n thay \u0111\u1ed5i b\u1ed1 tr\u00ed v\u0103n ph\u00f2ng v\u00e0 c\u00f3 tu\u1ed5i th\u1ecd cao, ph\u00f9 h\u1ee3p v\u1edbi nhu c\u1ea7u s\u1eed d\u1ee5ng l\u00e2u d\u00e0i.<\/p>\n<p data-start=\"3725\" data-end=\"4137\" data-is-last-node=\"\" data-is-only-node=\"\">Nh\u00ecn chung, t\u1ee7 h\u1ed3 s\u01a1 NT880N l\u00e0 s\u1ef1 k\u1ebft h\u1ee3p ho\u00e0n h\u1ea3o gi\u1eefa c\u00f4ng n\u0103ng l\u01b0u tr\u1eef, th\u1ea9m m\u1ef9 v\u00e0 \u0111\u1ed9 b\u1ec1n. D\u00f9 \u0111\u01a1n gi\u1ea3n nh\u01b0ng s\u1ea3n ph\u1ea9m mang \u0111\u1ebfn hi\u1ec7u qu\u1ea3 t\u1ed1i \u01b0u cho m\u1ecdi kh\u00f4ng gian l\u00e0m vi\u1ec7c, \u0111\u1eb7c bi\u1ec7t trong c\u00e1c v\u0103n ph\u00f2ng c\u1ea7n gi\u1ea3i ph\u00e1p g\u1ecdn g\u00e0ng v\u00e0 linh ho\u1ea1t. N\u1ebfu b\u1ea1n \u0111ang t\u00ecm ki\u1ebfm m\u1ed9t m\u1eabu t\u1ee7 h\u1ed3 s\u01a1 th\u1ea5p ch\u1ea5t l\u01b0\u1ee3ng, sang tr\u1ecdng v\u00e0 ph\u00f9 h\u1ee3p v\u1edbi nhi\u1ec1u nhu c\u1ea7u s\u1eed d\u1ee5ng kh\u00e1c nhau, ch\u1eafc ch\u1eafn NT880N s\u1ebd l\u00e0 l\u1ef1a ch\u1ecdn m\u00e0 b\u1ea1n kh\u00f4ng n\u00ean b\u1ecf qua.<\/p>\n","protected":false},"excerpt":{"rendered":"<p data-start=\"0\" data-end=\"654\">T\u1ee7 h\u1ed3 s\u01a1 NT880N l\u00e0 m\u1eabu t\u1ee7 t\u00e0i li\u1ec7u th\u1ea5p thi\u1ebft k\u1ebf hi\u1ec7n \u0111\u1ea1i, \u0111\u01b0\u1ee3c k\u1ebft h\u1ee3p gi\u1eefa hai ch\u1ea5t li\u1ec7u Laminate v\u00e0 Melamine gi\u00fap t\u0103ng t\u00ednh th\u1ea9m m\u1ef9 v\u00e0 \u0111\u1ed9 b\u1ec1n trong qu\u00e1 tr\u00ecnh s\u1eed d\u1ee5ng. S\u1ea3n ph\u1ea9m g\u1ed3m 2 khoang \u0111\u1ec3 file kh\u00f4ng c\u00e1nh, thu\u1eadn ti\u1ec7n cho vi\u1ec7c l\u1ea5y v\u00e0 s\u1eafp x\u1ebfp h\u1ed3 s\u01a1 nhanh ch\u00f3ng.<br data-start=\"318\" data-end=\"321\" \/>K\u00edch th\u01b0\u1edbc: W800 x D400 x H880 mm<br data-start=\"354\" data-end=\"357\" \/>Xu\u1ea5t x\u1ee9: S\u1ea3n ph\u1ea9m c\u1ee7a c\u00f4ng ty N\u1ed8I TH\u1ea4T THE ONE \u2013 Ph\u00e2n ph\u1ed1i b\u1edfi C\u00d4NG TY TNHH SXTM TTNT H\u1eeeU TH\u1ecaNH<br data-start=\"452\" data-end=\"455\" \/>B\u1ea3o h\u00e0nh: 12 th\u00e1ng theo ti\u00eau chu\u1ea9n nh\u00e0 m\u00e1y<br data-start=\"497\" data-end=\"500\" \/><span style=\"color: #ed1c24;\"><em data-start=\"500\" data-end=\"652\">L\u01b0u \u00fd: Gi\u00e1 tr\u00ean ch\u01b0a bao g\u1ed3m VAT v\u00e0 ph\u00ed v\u1eadn chuy\u1ec3n. Gi\u00e1 s\u1ea3n ph\u1ea9m c\u00f3 th\u1ec3 thay \u0111\u1ed5i theo t\u1eebng th\u1eddi \u0111i\u1ec3m, vui l\u00f2ng li\u00ean h\u1ec7 \u0111\u1ec3 nh\u1eadn t\u01b0 v\u1ea5n \u01b0u \u0111\u00e3i t\u1ed1t nh\u1ea5t.<\/em><\/span><\/p>\n","protected":false},"featured_media":4358,"comment_status":"open","ping_status":"closed","template":"","meta":[],"product_brand":[],"product_cat":[17,760],"product_tag":[],"class_list":{"0":"post-4356","1":"product","2":"type-product","3":"status-publish","4":"has-post-thumbnail","6":"product_cat-noi-that-van-phong","7":"product_cat-tu-go-van-phong","9":"first","10":"instock","11":"taxable","12":"shipping-taxable","13":"purchasable","14":"product-type-simple"},"_links":{"self":[{"href":"https:\/\/www.noithathuuthinh.vn\/zh-hans\/wp-json\/wp\/v2\/product\/4356","targetHints":{"allow":["GET"]}}],"collection":[{"href":"https:\/\/www.noithathuuthinh.vn\/zh-hans\/wp-json\/wp\/v2\/product"}],"about":[{"href":"https:\/\/www.noithathuuthinh.vn\/zh-hans\/wp-json\/wp\/v2\/types\/product"}],"replies":[{"embeddable":true,"href":"https:\/\/www.noithathuuthinh.vn\/zh-hans\/wp-json\/wp\/v2\/comments?post=4356"}],"wp:featuredmedia":[{"embeddable":true,"href":"https:\/\/www.noithathuuthinh.vn\/zh-hans\/wp-json\/wp\/v2\/media\/4358"}],"wp:attachment":[{"href":"https:\/\/www.noithathuuthinh.vn\/zh-hans\/wp-json\/wp\/v2\/media?parent=4356"}],"wp:term":[{"taxonomy":"product_brand","embeddable":true,"href":"https:\/\/www.noithathuuthinh.vn\/zh-hans\/wp-json\/wp\/v2\/product_brand?post=4356"},{"taxonomy":"product_cat","embeddable":true,"href":"https:\/\/www.noithathuuthinh.vn\/zh-hans\/wp-json\/wp\/v2\/product_cat?post=4356"},{"taxonomy":"product_tag","embeddable":true,"href":"https:\/\/www.noithathuuthinh.vn\/zh-hans\/wp-json\/wp\/v2\/product_tag?post=4356"}],"curies":[{"name":"wp","href":"https:\/\/api.w.org\/{rel}","templated":true}]}}