{"id":4394,"date":"2025-11-22T14:54:32","date_gmt":"2025-11-22T07:54:32","guid":{"rendered":"https:\/\/noithathuuthinh.vn\/?post_type=product&#038;p=4394"},"modified":"2025-11-22T14:54:32","modified_gmt":"2025-11-22T07:54:32","slug":"tu-ho-so-at1960kg","status":"publish","type":"product","link":"https:\/\/www.noithathuuthinh.vn\/zh-hans\/san-pham\/tu-ho-so-at1960kg\/","title":{"rendered":"T\u1ee7 h\u1ed3 s\u01a1 AT1960KG"},"content":{"rendered":"<p data-start=\"771\" data-end=\"1141\">T\u1ee7 h\u1ed3 s\u01a1 AT1960KG l\u00e0 l\u1ef1a ch\u1ecdn l\u00fd t\u01b0\u1edfng cho c\u00e1c v\u0103n ph\u00f2ng hi\u1ec7n \u0111\u1ea1i \u0111ang t\u00ecm ki\u1ebfm m\u1ed9t m\u1eabu t\u1ee7 t\u00e0i li\u1ec7u v\u1eeba sang tr\u1ecdng, v\u1eeba t\u1ed1i \u01b0u c\u00f4ng n\u0103ng. Thi\u1ebft k\u1ebf 2 khoang ti\u1ec7n d\u1ee5ng, k\u1ebft h\u1ee3p h\u00e0i h\u00f2a gi\u1eefa c\u00e1nh khung k\u00ednh v\u00e0 c\u00e1nh g\u1ed7 m\u1edf, gi\u00fap t\u1ee7 d\u1ec5 d\u00e0ng \u0111\u00e1p \u1ee9ng nhu c\u1ea7u l\u01b0u tr\u1eef \u0111a d\u1ea1ng nh\u01b0 t\u00e0i li\u1ec7u, h\u1ed3 s\u01a1, s\u00e1ch chuy\u00ean ng\u00e0nh ho\u1eb7c v\u1eadt d\u1ee5ng c\u00e1 nh\u00e2n.<\/p>\n<p data-start=\"1143\" data-end=\"1549\">Ph\u1ea7n tr\u00ean c\u1ee7a t\u1ee7 AT1960KG \u0111\u01b0\u1ee3c trang b\u1ecb hai c\u00e1nh khung k\u00ednh trong su\u1ed1t, t\u1ea1o \u0111i\u1ec3m nh\u1ea5n thanh tho\u00e1t v\u00e0 tinh t\u1ebf. Khoang k\u00ednh ph\u00f9 h\u1ee3p \u0111\u1ec3 l\u01b0u tr\u1eef t\u00e0i li\u1ec7u th\u01b0\u1eddng xuy\u00ean s\u1eed d\u1ee5ng ho\u1eb7c tr\u01b0ng b\u00e0y danh m\u1ee5c, k\u1ef7 ni\u1ec7m ch\u01b0\u01a1ng, v\u1eadt ph\u1ea9m trang tr\u00ed, gi\u00fap kh\u00f4ng gian l\u00e0m vi\u1ec7c tr\u1edf n\u00ean chuy\u00ean nghi\u1ec7p v\u00e0 cu\u1ed1n h\u00fat h\u01a1n. C\u00e1nh k\u00ednh s\u1ea3n xu\u1ea5t theo ti\u00eau chu\u1ea9n an to\u00e0n, \u0111\u1ed9 b\u1ec1n cao, \u0111\u00f3ng m\u1edf \u00eam, t\u1ea1o s\u1ef1 thu\u1eadn ti\u1ec7n trong qu\u00e1 tr\u00ecnh s\u1eed d\u1ee5ng.<\/p>\n<p data-start=\"1551\" data-end=\"1953\">Ph\u00eda d\u01b0\u1edbi l\u00e0 hai c\u00e1nh g\u1ed7 m\u1edf ch\u1eafc ch\u1eafn, mang \u0111\u1ebfn s\u1ef1 k\u00edn \u0111\u00e1o cho c\u00e1c lo\u1ea1i h\u1ed3 s\u01a1 quan tr\u1ecdng ho\u1eb7c c\u00e1c v\u1eadt d\u1ee5ng c\u1ea7n s\u1ef1 ri\u00eang t\u01b0. Kh\u00f4ng gian b\u00ean trong r\u1ed9ng r\u00e3i, c\u00f3 th\u1ec3 l\u01b0u tr\u1eef nhi\u1ec1u lo\u1ea1i file, h\u1ed9p h\u1ed3 s\u01a1, t\u00e0i li\u1ec7u theo t\u1eebng nh\u00f3m, gi\u00fap qu\u00e1 tr\u00ecnh ph\u00e2n lo\u1ea1i tr\u1edf n\u00ean d\u1ec5 d\u00e0ng h\u01a1n. Ch\u1ea5t li\u1ec7u Melamine cao c\u1ea5p ch\u1ed1ng tr\u1ea7y x\u01b0\u1edbc, ch\u1ed1ng \u1ea9m v\u00e0 h\u1ea1n ch\u1ebf b\u00e1m b\u1ee5i, h\u1ed7 tr\u1ee3 s\u1ea3n ph\u1ea9m gi\u1eef \u0111\u01b0\u1ee3c v\u1ebb \u0111\u1eb9p nh\u01b0 m\u1edbi trong th\u1eddi gian d\u00e0i.<\/p>\n<p data-start=\"1955\" data-end=\"2362\">V\u1edbi k\u00edch th\u01b0\u1edbc W800 x D400 x H1960 mm, t\u1ee7 AT1960KG c\u00f3 chi\u1ec1u cao l\u00fd t\u01b0\u1edfng \u0111\u1ec3 t\u1eadn d\u1ee5ng kh\u00f4ng gian theo ph\u01b0\u01a1ng \u0111\u1ee9ng m\u00e0 kh\u00f4ng chi\u1ebfm nhi\u1ec1u di\u1ec7n t\u00edch s\u00e0n. Thi\u1ebft k\u1ebf g\u1ecdn g\u00e0ng ph\u00f9 h\u1ee3p v\u1edbi nhi\u1ec1u lo\u1ea1i h\u00ecnh v\u0103n ph\u00f2ng nh\u01b0 h\u00e0nh ch\u00ednh \u2013 nh\u00e2n s\u1ef1, k\u1ebf to\u00e1n, qu\u1ea3n tr\u1ecb, ph\u00f2ng gi\u00e1m \u0111\u1ed1c ho\u1eb7c ph\u00f2ng h\u1ecdp. T\u1ee7 c\u00f3 th\u1ec3 \u0111\u1eb7t \u0111\u1ed9c l\u1eadp, gh\u00e9p b\u1ed9 ho\u1eb7c k\u1ebft h\u1ee3p c\u00f9ng c\u00e1c m\u1eabu t\u1ee7 kh\u00e1c trong c\u00f9ng d\u00f2ng s\u1ea3n ph\u1ea9m \u0111\u1ec3 t\u1ea1o n\u00ean h\u1ec7 th\u1ed1ng l\u01b0u tr\u1eef \u0111\u1ed3ng b\u1ed9.<\/p>\n<p data-start=\"2364\" data-end=\"2734\">B\u1ec1 m\u1eb7t Melamine hi\u1ec7n \u0111\u1ea1i gi\u00fap t\u1ee7 d\u1ec5 ph\u1ed1i h\u1ee3p c\u00f9ng n\u1ed9i th\u1ea5t v\u0103n ph\u00f2ng kh\u00e1c nh\u01b0 b\u00e0n l\u00e0m vi\u1ec7c, t\u1ee7 ph\u1ee5, k\u1ec7 trang tr\u00ed. M\u00e0u s\u1eafc trang nh\u00e3, \u0111\u01b0\u1eddng n\u00e9t vu\u00f4ng v\u1ee9c, kh\u1ecfe kho\u1eafn g\u00f3p ph\u1ea7n t\u1ea1o n\u00ean m\u00f4i tr\u01b0\u1eddng l\u00e0m vi\u1ec7c chuy\u00ean nghi\u1ec7p, g\u1ecdn g\u00e0ng v\u00e0 hi\u1ec7n \u0111\u1ea1i. T\u1eebng chi ti\u1ebft nh\u01b0 b\u1ea3n l\u1ec1, tay n\u1eafm, m\u00e9p c\u1ea1nh \u0111\u1ec1u \u0111\u01b0\u1ee3c ho\u00e0n thi\u1ec7n k\u1ef9 l\u01b0\u1ee1ng nh\u1eb1m \u0111\u1ea3m b\u1ea3o \u0111\u1ed9 b\u1ec1n v\u00e0 s\u1ef1 an to\u00e0n trong qu\u00e1 tr\u00ecnh s\u1eed d\u1ee5ng.<\/p>\n<p data-start=\"2736\" data-end=\"3121\" data-is-last-node=\"\" data-is-only-node=\"\">T\u1ee7 h\u1ed3 s\u01a1 AT1960KG kh\u00f4ng ch\u1ec9 \u0111\u00e1p \u1ee9ng nhu c\u1ea7u l\u01b0u tr\u1eef hi\u1ec7u qu\u1ea3 m\u00e0 c\u00f2n n\u00e2ng t\u1ea7m th\u1ea9m m\u1ef9 cho v\u0103n ph\u00f2ng. Nh\u1edd thi\u1ebft k\u1ebf linh ho\u1ea1t, ch\u1ea5t li\u1ec7u b\u1ec1n b\u1ec9 v\u00e0 kh\u1ea3 n\u0103ng t\u1ed1i \u01b0u c\u00f4ng n\u0103ng, \u0111\u00e2y l\u00e0 s\u1ea3n ph\u1ea9m ph\u00f9 h\u1ee3p v\u1edbi nhi\u1ec1u m\u00f4 h\u00ecnh doanh nghi\u1ec7p, t\u1eeb c\u00f4ng ty nh\u1ecf \u0111\u1ebfn c\u00e1c t\u1eadp \u0111o\u00e0n l\u1edbn. \u0110\u00e2y ch\u1eafc ch\u1eafn l\u00e0 l\u1ef1a ch\u1ecdn t\u1ed1i \u01b0u gi\u00fap doanh nghi\u1ec7p x\u00e2y d\u1ef1ng kh\u00f4ng gian l\u00e0m vi\u1ec7c ng\u0103n n\u1eafp, chuy\u00ean nghi\u1ec7p v\u00e0 \u0111\u1ea7y ti\u1ec7n nghi.<\/p>\n","protected":false},"excerpt":{"rendered":"<p>T\u1ee7 h\u1ed3 s\u01a1 AT1960KG l\u00e0 m\u1eabu t\u1ee7 t\u00e0i li\u1ec7u 2 khoang l\u00e0m t\u1eeb g\u1ed7 Melamine, thi\u1ebft k\u1ebf v\u1edbi ph\u1ea7n tr\u00ean g\u1ed3m 2 c\u00e1nh khung k\u00ednh \u0111\u1ec3 tr\u01b0ng b\u00e0y ho\u1eb7c l\u01b0u tr\u1eef t\u00e0i li\u1ec7u, ph\u00eda d\u01b0\u1edbi l\u00e0 2 c\u00e1nh g\u1ed7 m\u1edf, mang \u0111\u1ebfn s\u1ef1 ti\u1ec7n d\u1ee5ng v\u00e0 th\u1ea9m m\u1ef9 cho v\u0103n ph\u00f2ng.<br data-start=\"429\" data-end=\"432\" \/>K\u00edch th\u01b0\u1edbc: W800 x D400 x H1960 mm<br data-start=\"466\" data-end=\"469\" \/>Xu\u1ea5t x\u1ee9: S\u1ea3n ph\u1ea9m c\u1ee7a c\u00f4ng ty N\u1ed8I TH\u1ea4T THE ONE \u2013 Ph\u00e2n ph\u1ed1i b\u1edfi C\u00d4NG TY TNHH SXTM TTNT H\u1eeeU TH\u1ecaNH<br data-start=\"564\" data-end=\"567\" \/>B\u1ea3o h\u00e0nh: 12 th\u00e1ng theo ti\u00eau chu\u1ea9n nh\u00e0 m\u00e1y<br data-start=\"609\" data-end=\"612\" \/><span style=\"color: #ed1c24;\"><em data-start=\"612\" data-end=\"764\">L\u01b0u \u00fd: Gi\u00e1 tr\u00ean ch\u01b0a bao g\u1ed3m VAT v\u00e0 ph\u00ed v\u1eadn chuy\u1ec3n. Gi\u00e1 s\u1ea3n ph\u1ea9m c\u00f3 th\u1ec3 thay \u0111\u1ed5i theo t\u1eebng th\u1eddi \u0111i\u1ec3m, vui l\u00f2ng li\u00ean h\u1ec7 \u0111\u1ec3 nh\u1eadn t\u01b0 v\u1ea5n \u01b0u \u0111\u00e3i t\u1ed1t nh\u1ea5t.<\/em><\/span><\/p>\n","protected":false},"featured_media":4395,"comment_status":"open","ping_status":"closed","template":"","meta":[],"product_brand":[],"product_cat":[17,760],"product_tag":[],"class_list":{"0":"post-4394","1":"product","2":"type-product","3":"status-publish","4":"has-post-thumbnail","6":"product_cat-noi-that-van-phong","7":"product_cat-tu-go-van-phong","9":"first","10":"instock","11":"taxable","12":"shipping-taxable","13":"purchasable","14":"product-type-simple"},"_links":{"self":[{"href":"https:\/\/www.noithathuuthinh.vn\/zh-hans\/wp-json\/wp\/v2\/product\/4394","targetHints":{"allow":["GET"]}}],"collection":[{"href":"https:\/\/www.noithathuuthinh.vn\/zh-hans\/wp-json\/wp\/v2\/product"}],"about":[{"href":"https:\/\/www.noithathuuthinh.vn\/zh-hans\/wp-json\/wp\/v2\/types\/product"}],"replies":[{"embeddable":true,"href":"https:\/\/www.noithathuuthinh.vn\/zh-hans\/wp-json\/wp\/v2\/comments?post=4394"}],"wp:featuredmedia":[{"embeddable":true,"href":"https:\/\/www.noithathuuthinh.vn\/zh-hans\/wp-json\/wp\/v2\/media\/4395"}],"wp:attachment":[{"href":"https:\/\/www.noithathuuthinh.vn\/zh-hans\/wp-json\/wp\/v2\/media?parent=4394"}],"wp:term":[{"taxonomy":"product_brand","embeddable":true,"href":"https:\/\/www.noithathuuthinh.vn\/zh-hans\/wp-json\/wp\/v2\/product_brand?post=4394"},{"taxonomy":"product_cat","embeddable":true,"href":"https:\/\/www.noithathuuthinh.vn\/zh-hans\/wp-json\/wp\/v2\/product_cat?post=4394"},{"taxonomy":"product_tag","embeddable":true,"href":"https:\/\/www.noithathuuthinh.vn\/zh-hans\/wp-json\/wp\/v2\/product_tag?post=4394"}],"curies":[{"name":"wp","href":"https:\/\/api.w.org\/{rel}","templated":true}]}}