{"id":4508,"date":"2025-11-24T17:03:31","date_gmt":"2025-11-24T10:03:31","guid":{"rendered":"https:\/\/noithathuuthinh.vn\/?post_type=product&#038;p=4508"},"modified":"2025-11-24T17:03:31","modified_gmt":"2025-11-24T10:03:31","slug":"ghe-giam-doc-tq34","status":"publish","type":"product","link":"https:\/\/www.noithathuuthinh.vn\/zh-hans\/san-pham\/ghe-giam-doc-tq34\/","title":{"rendered":"Gh\u1ebf Gi\u00e1m \u0111\u1ed1c TQ34"},"content":{"rendered":"<p data-start=\"904\" data-end=\"1404\">Gh\u1ebf Gi\u00e1m \u0111\u1ed1c TQ34 l\u00e0 l\u1ef1a ch\u1ecdn l\u00fd t\u01b0\u1edfng cho l\u00e3nh \u0111\u1ea1o, qu\u1ea3n l\u00fd ho\u1eb7c ph\u00f2ng gi\u00e1m \u0111\u1ed1c, k\u1ebft h\u1ee3p <strong data-start=\"1036\" data-end=\"1104\">thi\u1ebft k\u1ebf sang tr\u1ecdng, ch\u1ea5t li\u1ec7u cao c\u1ea5p v\u00e0 s\u1ef1 ti\u1ec7n nghi v\u01b0\u1ee3t tr\u1ed9i<\/strong>. Gh\u1ebf \u0111\u01b0\u1ee3c trang b\u1ecb <strong data-start=\"1124\" data-end=\"1147\">c\u01a1 c\u1ea5u ng\u1ea3 \u0111\u1eb7c bi\u1ec7t<\/strong> cho ph\u00e9p \u0111\u1ecbnh v\u1ecb nhi\u1ec1u g\u00f3c \u0111\u1ed9 ng\u1ea3 kh\u00e1c nhau, gi\u00fap ng\u01b0\u1eddi s\u1eed d\u1ee5ng d\u1ec5 d\u00e0ng thay \u0111\u1ed5i t\u01b0 th\u1ebf khi l\u00e0m vi\u1ec7c, \u0111\u1ecdc t\u00e0i li\u1ec7u ho\u1eb7c ngh\u1ec9 ng\u01a1i. \u0110\u1ed3ng th\u1eddi, <strong data-start=\"1290\" data-end=\"1317\">c\u01a1 c\u1ea5u \u0111\u1ec3 ch\u00e2n th\u01b0 gi\u00e3n<\/strong> gi\u00fap gi\u1ea3m m\u1ec7t m\u1ecfi, mang l\u1ea1i tr\u1ea3i nghi\u1ec7m s\u1eed d\u1ee5ng t\u1ed1i \u01b0u trong nh\u1eefng gi\u1edd l\u00e0m vi\u1ec7c d\u00e0i.<\/p>\n<p data-start=\"1406\" data-end=\"1452\">S\u1ea3n ph\u1ea9m cung c\u1ea5p <strong data-start=\"1424\" data-end=\"1449\">03 l\u1ef1a ch\u1ecdn ch\u1ea5t li\u1ec7u<\/strong>:<\/p>\n<ul data-start=\"1453\" data-end=\"1761\">\n<li data-start=\"1453\" data-end=\"1579\">\n<p data-start=\"1455\" data-end=\"1579\"><strong data-start=\"1455\" data-end=\"1478\">\u0110\u1ec7m t\u1ef1a b\u1ecdc da th\u1eadt<\/strong> t\u1ea1i ph\u1ea7n ti\u1ebfp x\u00fac tr\u1ef1c ti\u1ebfp, ph\u1ea7n c\u00f2n l\u1ea1i b\u1ecdc PVC, mang l\u1ea1i c\u1ea3m gi\u00e1c m\u1ec1m m\u1ea1i, \u00eam \u00e1i v\u00e0 sang tr\u1ecdng.<\/p>\n<\/li>\n<li data-start=\"1580\" data-end=\"1670\">\n<p data-start=\"1582\" data-end=\"1670\"><strong data-start=\"1582\" data-end=\"1612\">\u0110\u1ec7m t\u1ef1a b\u1ecdc da c\u00f4ng nghi\u1ec7p<\/strong>, ti\u1ec7n l\u1ee3i v\u00e0 d\u1ec5 v\u1ec7 sinh nh\u01b0ng v\u1eabn \u0111\u1ea3m b\u1ea3o s\u1ef1 tho\u1ea3i m\u00e1i.<\/p>\n<\/li>\n<li data-start=\"1671\" data-end=\"1761\">\n<p data-start=\"1673\" data-end=\"1761\"><strong data-start=\"1673\" data-end=\"1692\">To\u00e0n b\u1ed9 b\u1ecdc PVC<\/strong>, b\u1ec1n b\u1ec9, d\u1ec5 b\u1ea3o qu\u1ea3n v\u00e0 ph\u00f9 h\u1ee3p v\u1edbi m\u00f4i tr\u01b0\u1eddng l\u00e0m vi\u1ec7c n\u0103ng \u0111\u1ed9ng.<\/p>\n<\/li>\n<\/ul>\n<p data-start=\"1763\" data-end=\"2010\">Ch\u00e2n v\u00e0 tay gh\u1ebf b\u1eb1ng <strong data-start=\"1784\" data-end=\"1794\">g\u1ed7 s\u01a1n<\/strong> cao c\u1ea5p, v\u1eefng ch\u1eafc, t\u1ea1o \u0111i\u1ec3m nh\u1ea5n sang tr\u1ecdng v\u00e0 hi\u1ec7n \u0111\u1ea1i cho kh\u00f4ng gian v\u0103n ph\u00f2ng l\u00e3nh \u0111\u1ea1o. K\u1ebft c\u1ea5u ch\u1eafc ch\u1eafn gi\u00fap gh\u1ebf \u0111\u1ee9ng v\u1eefng khi s\u1eed d\u1ee5ng, \u0111\u1ed3ng th\u1eddi n\u00e2ng cao gi\u00e1 tr\u1ecb v\u00e0 s\u1ef1 chuy\u00ean nghi\u1ec7p cho kh\u00f4ng gian l\u00e0m vi\u1ec7c.<\/p>\n<p data-start=\"2012\" data-end=\"2269\">V\u1edbi k\u00edch th\u01b0\u1edbc <strong data-start=\"2027\" data-end=\"2063\">W660 x D750-1440 x H1160-1215 mm<\/strong>, gh\u1ebf Gi\u00e1m \u0111\u1ed1c TQ34 cung c\u1ea5p kh\u00f4ng gian ng\u1ed3i r\u1ed9ng r\u00e3i, linh ho\u1ea1t, ph\u00f9 h\u1ee3p v\u1edbi nhi\u1ec1u d\u00e1ng ng\u01b0\u1eddi v\u00e0 ki\u1ec3u b\u1ed1 tr\u00ed v\u0103n ph\u00f2ng kh\u00e1c nhau. Gh\u1ebf gi\u00fap n\u00e2ng t\u1ea7m kh\u00f4ng gian l\u00e0m vi\u1ec7c, t\u1ea1o \u0111i\u1ec3m nh\u1ea5n tinh t\u1ebf v\u00e0 hi\u1ec7n \u0111\u1ea1i.<\/p>\n<p data-start=\"2271\" data-end=\"2634\">Gh\u1ebf TQ34 kh\u00f4ng ch\u1ec9 ch\u00fa tr\u1ecdng <strong data-start=\"2300\" data-end=\"2326\">ch\u1ea5t li\u1ec7u v\u00e0 t\u00ednh n\u0103ng<\/strong> m\u00e0 c\u00f2n v\u1ec1 <strong data-start=\"2337\" data-end=\"2357\">thi\u1ebft k\u1ebf th\u1ea9m m\u1ef9<\/strong>. S\u1ef1 k\u1ebft h\u1ee3p h\u00e0i h\u00f2a gi\u1eefa da th\u1eadt, da c\u00f4ng nghi\u1ec7p ho\u1eb7c PVC c\u00f9ng c\u00e1c \u0111\u01b0\u1eddng n\u00e9t tinh t\u1ebf c\u1ee7a ch\u00e2n tay g\u1ed7 s\u01a1n mang \u0111\u1ebfn v\u1ebb sang tr\u1ecdng, hi\u1ec7n \u0111\u1ea1i v\u00e0 \u0111\u1eb3ng c\u1ea5p. S\u1ea3n ph\u1ea9m d\u1ec5 d\u00e0ng ph\u1ed1i h\u1ee3p v\u1edbi b\u00e0n gi\u00e1m \u0111\u1ed1c, t\u1ee7 h\u1ed3 s\u01a1 ho\u1eb7c c\u00e1c \u0111\u1ed3 n\u1ed9i th\u1ea5t kh\u00e1c, t\u1ea1o t\u1ed5ng th\u1ec3 v\u0103n ph\u00f2ng \u0111\u1ed3ng b\u1ed9 v\u00e0 \u1ea5n t\u01b0\u1ee3ng.<\/p>\n<p data-start=\"2636\" data-end=\"2894\">Gh\u1ebf Gi\u00e1m \u0111\u1ed1c TQ34 \u0111\u1eb7c bi\u1ec7t ph\u00f9 h\u1ee3p v\u1edbi c\u00e1c doanh nghi\u1ec7p, c\u00f4ng ty ho\u1eb7c c\u00e1 nh\u00e2n mu\u1ed1n th\u1ec3 hi\u1ec7n <strong data-start=\"2728\" data-end=\"2769\">\u0111\u1eb3ng c\u1ea5p l\u00e3nh \u0111\u1ea1o v\u00e0 s\u1ef1 chuy\u00ean nghi\u1ec7p<\/strong> ngay t\u1eeb kh\u00f4ng gian l\u00e0m vi\u1ec7c. Gh\u1ebf mang l\u1ea1i s\u1ef1 tho\u1ea3i m\u00e1i t\u1ed1i \u0111a, \u0111\u1ed3ng th\u1eddi n\u00e2ng cao gi\u00e1 tr\u1ecb th\u1ea9m m\u1ef9 v\u00e0 uy t\u00edn cho v\u0103n ph\u00f2ng.<\/p>\n<p data-start=\"2896\" data-end=\"3118\" data-is-last-node=\"\" data-is-only-node=\"\">N\u1ebfu b\u1ea1n \u0111ang t\u00ecm ki\u1ebfm m\u1ed9t <strong data-start=\"2922\" data-end=\"2980\">gh\u1ebf gi\u00e1m \u0111\u1ed1c b\u1ec1n b\u1ec9, linh ho\u1ea1t, sang tr\u1ecdng v\u00e0 hi\u1ec7n \u0111\u1ea1i<\/strong>, <strong data-start=\"2982\" data-end=\"3003\">Gh\u1ebf Gi\u00e1m \u0111\u1ed1c TQ34<\/strong> l\u00e0 l\u1ef1a ch\u1ecdn ho\u00e0n h\u1ea3o. Li\u00ean h\u1ec7 <strong data-start=\"3034\" data-end=\"3070\">C\u00d4NG TY TNHH SXTM TTNT H\u1eeeU TH\u1ecaNH<\/strong> \u0111\u1ec3 nh\u1eadn t\u01b0 v\u1ea5n chi ti\u1ebft v\u00e0 b\u00e1o gi\u00e1 \u01b0u \u0111\u00e3i nh\u1ea5t.<\/p>\n","protected":false},"excerpt":{"rendered":"<p data-start=\"25\" data-end=\"286\">Gh\u1ebf Gi\u00e1m \u0111\u1ed1c TQ34 l\u00e0 m\u1eabu gh\u1ebf cao c\u1ea5p v\u1edbi <strong data-start=\"97\" data-end=\"120\">c\u01a1 c\u1ea5u ng\u1ea3 \u0111\u1eb7c bi\u1ec7t<\/strong> cho ph\u00e9p \u0111\u1ecbnh v\u1ecb nhi\u1ec1u g\u00f3c \u0111\u1ed9 ng\u1ea3 kh\u00e1c nhau v\u00e0 <strong data-start=\"168\" data-end=\"195\">c\u01a1 c\u1ea5u \u0111\u1ec3 ch\u00e2n th\u01b0 gi\u00e3n<\/strong>, mang \u0111\u1ebfn s\u1ef1 tho\u1ea3i m\u00e1i t\u1ed1i \u0111a cho ng\u01b0\u1eddi s\u1eed d\u1ee5ng. Gh\u1ebf cung c\u1ea5p <strong data-start=\"258\" data-end=\"283\">03 l\u1ef1a ch\u1ecdn ch\u1ea5t li\u1ec7u \u0110\u1ec7m t\u1ef1a t\u1ea1i ph\u1ea7n ti\u1ebfp x\u00fac tr\u1ef1c ti\u1ebfp, ph\u1ea7n c\u00f2n l\u1ea1i b\u1ecdc PVC<\/strong><\/p>\n<p data-start=\"290\" data-end=\"365\"><strong data-start=\"290\" data-end=\"313\">\u0110\u1ec7m t\u1ef1a b\u1ecdc da th\u1eadt &#8211; <span style=\"color: #ed1c24; font-size: 120%;\">6.569.000 \u0111<\/span><\/strong><br \/>\n<strong data-start=\"368\" data-end=\"398\">\u0110\u1ec7m t\u1ef1a b\u1ecdc da c\u00f4ng nghi\u1ec7p &#8211; <span style=\"color: #ed1c24; font-size: 120%;\">5.137.000 \u0111<\/span><br \/>\n<\/strong><strong data-start=\"403\" data-end=\"422\">To\u00e0n b\u1ed9 b\u1ecdc PVC &#8211; <span style=\"color: #ed1c24; font-size: 120%;\">4.978.000 \u0111<\/span><\/strong><\/p>\n<p data-start=\"426\" data-end=\"543\">Ch\u00e2n v\u00e0 tay gh\u1ebf \u0111\u01b0\u1ee3c l\u00e0m t\u1eeb <strong data-start=\"454\" data-end=\"464\">g\u1ed7 s\u01a1n<\/strong>, ch\u1eafc ch\u1eafn, b\u1ec1n b\u1ec9 v\u00e0 sang tr\u1ecdng, ph\u00f9 h\u1ee3p v\u1edbi kh\u00f4ng gian v\u0103n ph\u00f2ng l\u00e3nh \u0111\u1ea1o.<\/p>\n<p data-start=\"545\" data-end=\"897\">K\u00edch th\u01b0\u1edbc: W660 x D750-1440 x H1160-1215 mm<br data-start=\"589\" data-end=\"592\" \/>Xu\u1ea5t x\u1ee9: S\u1ea3n ph\u1ea9m c\u1ee7a c\u00f4ng ty <strong data-start=\"622\" data-end=\"642\">N\u1ed8I TH\u1ea4T THE ONE<\/strong> \u2013 Ph\u00e2n ph\u1ed1i b\u1edfi <strong data-start=\"659\" data-end=\"695\">C\u00d4NG TY TNHH SXTM TTNT H\u1eeeU TH\u1ecaNH<\/strong><br data-start=\"695\" data-end=\"698\" \/>B\u1ea3o h\u00e0nh: 12 th\u00e1ng theo ti\u00eau chu\u1ea9n nh\u00e0 m\u00e1y<br data-start=\"740\" data-end=\"743\" \/><span style=\"color: #ed1c24;\"><em data-start=\"743\" data-end=\"895\">L\u01b0u \u00fd: Gi\u00e1 tr\u00ean ch\u01b0a bao g\u1ed3m VAT v\u00e0 ph\u00ed v\u1eadn chuy\u1ec3n. Gi\u00e1 s\u1ea3n ph\u1ea9m c\u00f3 th\u1ec3 thay \u0111\u1ed5i theo t\u1eebng th\u1eddi \u0111i\u1ec3m, vui l\u00f2ng li\u00ean h\u1ec7 \u0111\u1ec3 nh\u1eadn t\u01b0 v\u1ea5n \u01b0u \u0111\u00e3i t\u1ed1t nh\u1ea5t.<\/em><\/span><\/p>\n","protected":false},"featured_media":4509,"comment_status":"open","ping_status":"closed","template":"","meta":[],"product_brand":[],"product_cat":[17,253],"product_tag":[],"class_list":{"0":"post-4508","1":"product","2":"type-product","3":"status-publish","4":"has-post-thumbnail","6":"product_cat-noi-that-van-phong","7":"product_cat-ghe-giam-doc","9":"first","10":"instock","11":"taxable","12":"shipping-taxable","13":"purchasable","14":"product-type-simple"},"_links":{"self":[{"href":"https:\/\/www.noithathuuthinh.vn\/zh-hans\/wp-json\/wp\/v2\/product\/4508","targetHints":{"allow":["GET"]}}],"collection":[{"href":"https:\/\/www.noithathuuthinh.vn\/zh-hans\/wp-json\/wp\/v2\/product"}],"about":[{"href":"https:\/\/www.noithathuuthinh.vn\/zh-hans\/wp-json\/wp\/v2\/types\/product"}],"replies":[{"embeddable":true,"href":"https:\/\/www.noithathuuthinh.vn\/zh-hans\/wp-json\/wp\/v2\/comments?post=4508"}],"wp:featuredmedia":[{"embeddable":true,"href":"https:\/\/www.noithathuuthinh.vn\/zh-hans\/wp-json\/wp\/v2\/media\/4509"}],"wp:attachment":[{"href":"https:\/\/www.noithathuuthinh.vn\/zh-hans\/wp-json\/wp\/v2\/media?parent=4508"}],"wp:term":[{"taxonomy":"product_brand","embeddable":true,"href":"https:\/\/www.noithathuuthinh.vn\/zh-hans\/wp-json\/wp\/v2\/product_brand?post=4508"},{"taxonomy":"product_cat","embeddable":true,"href":"https:\/\/www.noithathuuthinh.vn\/zh-hans\/wp-json\/wp\/v2\/product_cat?post=4508"},{"taxonomy":"product_tag","embeddable":true,"href":"https:\/\/www.noithathuuthinh.vn\/zh-hans\/wp-json\/wp\/v2\/product_tag?post=4508"}],"curies":[{"name":"wp","href":"https:\/\/api.w.org\/{rel}","templated":true}]}}