{"id":4515,"date":"2025-11-25T09:07:19","date_gmt":"2025-11-25T02:07:19","guid":{"rendered":"https:\/\/noithathuuthinh.vn\/?post_type=product&#038;p=4515"},"modified":"2025-11-25T09:07:19","modified_gmt":"2025-11-25T02:07:19","slug":"ghe-nhan-vien-sg130","status":"publish","type":"product","link":"https:\/\/www.noithathuuthinh.vn\/zh-hans\/san-pham\/ghe-nhan-vien-sg130\/","title":{"rendered":"Gh\u1ebf nh\u00e2n vi\u00ean SG130"},"content":{"rendered":"<p data-start=\"735\" data-end=\"1174\">Gh\u1ebf nh\u00e2n vi\u00ean SG130 l\u00e0 l\u1ef1a ch\u1ecdn ho\u00e0n h\u1ea3o cho c\u00e1c doanh nghi\u1ec7p \u0111ang t\u00ecm ki\u1ebfm m\u1ed9t m\u1eabu gh\u1ebf v\u0103n ph\u00f2ng b\u1ec1n b\u1ec9, tho\u1ea3i m\u00e1i v\u00e0 c\u00f3 m\u1ee9c gi\u00e1 h\u1ee3p l\u00fd. Thu\u1ed9c d\u00f2ng gh\u1ebf xoay ph\u1ed5 th\u00f4ng c\u1ee7a N\u1ed9i Th\u1ea5t The One, SG130 \u0111\u01b0\u1ee3c thi\u1ebft k\u1ebf \u0111\u01a1n gi\u1ea3n nh\u01b0ng v\u1eabn mang l\u1ea1i \u0111\u1ea7y \u0111\u1ee7 nh\u1eefng t\u00ednh n\u0103ng c\u1ea7n thi\u1ebft cho m\u1ed9t ng\u00e0y l\u00e0m vi\u1ec7c hi\u1ec7u qu\u1ea3. V\u1edbi ki\u1ec3u d\u00e1ng thanh tho\u00e1t, k\u00edch th\u01b0\u1edbc ti\u00eau chu\u1ea9n v\u00e0 ch\u1ea5t li\u1ec7u v\u1ea3i tho\u00e1ng kh\u00ed, s\u1ea3n ph\u1ea9m ph\u00f9 h\u1ee3p v\u1edbi h\u1ea7u h\u1ebft m\u00f4i tr\u01b0\u1eddng l\u00e0m vi\u1ec7c hi\u1ec7n \u0111\u1ea1i.<\/p>\n<p data-start=\"1176\" data-end=\"1599\">Ngay t\u1eeb c\u00e1i nh\u00ecn \u0111\u1ea7u ti\u00ean, gh\u1ebf nh\u00e2n vi\u00ean SG130 t\u1ea1o \u1ea5n t\u01b0\u1ee3ng b\u1edfi ph\u1ea7n \u0111\u1ec7m v\u00e0 t\u1ef1a l\u01b0ng b\u1ecdc v\u1ea3i m\u1ec1m m\u1ea1i, mang l\u1ea1i c\u1ea3m gi\u00e1c d\u1ec5 ch\u1ecbu v\u00e0 tho\u00e1ng m\u00e1t khi ng\u1ed3i l\u00e2u. Ch\u1ea5t li\u1ec7u v\u1ea3i c\u00f3 \u01b0u \u0111i\u1ec3m h\u00fat \u1ea9m t\u1ed1t, kh\u00f4ng b\u00ed h\u01a1i, \u0111\u1eb7c bi\u1ec7t ph\u00f9 h\u1ee3p v\u1edbi \u0111\u1eb7c \u0111i\u1ec3m kh\u00ed h\u1eadu n\u00f3ng \u1ea9m. L\u1edbp \u0111\u1ec7m m\u00fat b\u00ean trong c\u00f3 \u0111\u1ed9 \u0111\u00e0n h\u1ed3i \u1ed5n \u0111\u1ecbnh, gi\u00fap gi\u1eef form gh\u1ebf v\u00e0 h\u1ed7 tr\u1ee3 t\u1ed1t cho ng\u01b0\u1eddi s\u1eed d\u1ee5ng trong nhi\u1ec1u gi\u1edd l\u00e0m vi\u1ec7c li\u00ean t\u1ee5c m\u00e0 kh\u00f4ng b\u1ecb m\u1ecfi ho\u1eb7c \u0111au v\u00f9ng th\u1eaft l\u01b0ng.<\/p>\n<p data-start=\"1601\" data-end=\"1976\">M\u1ed9t \u0111i\u1ec3m n\u1ed5i b\u1eadt c\u1ee7a SG130 so v\u1edbi c\u00e1c m\u1eabu gh\u1ebf kh\u00f4ng tay kh\u00e1c ch\u00ednh l\u00e0 thi\u1ebft k\u1ebf tay nh\u1ef1a ch\u1eafc ch\u1eafn, v\u1eeba t\u0103ng t\u00ednh ti\u1ec7n d\u1ee5ng v\u1eeba gi\u00fap ng\u01b0\u1eddi d\u00f9ng c\u00f3 \u0111i\u1ec3m t\u1ef1a khi ng\u1ed3i. Tay gh\u1ebf \u0111\u01b0\u1ee3c thi\u1ebft k\u1ebf bo cong m\u1ec1m m\u1ea1i, ph\u00f9 h\u1ee3p v\u1edbi t\u01b0 th\u1ebf \u0111\u1eb7t tay t\u1ef1 nhi\u00ean, gi\u00fap gi\u1ea3m \u00e1p l\u1ef1c cho vai v\u00e0 khu\u1ef7u tay. Ngo\u00e0i ra, tay nh\u1ef1a c\u00f2n gi\u00fap gh\u1ebf tr\u1edf n\u00ean thanh tho\u00e1t nh\u01b0ng v\u1eabn \u0111\u1ea3m b\u1ea3o s\u1ef1 v\u1eefng ch\u1eafc khi s\u1eed d\u1ee5ng.<\/p>\n<p data-start=\"1978\" data-end=\"2563\">Ph\u1ea7n ch\u00e2n gh\u1ebf \u0111\u01b0\u1ee3c l\u00e0m t\u1eeb nh\u1ef1a cao c\u1ea5p, k\u1ebft c\u1ea5u 5 c\u1ea1nh truy\u1ec1n th\u1ed1ng gi\u00fap gi\u1eef th\u0103ng b\u1eb1ng t\u1ed1t v\u00e0 \u0111\u1ea3m b\u1ea3o \u0111\u1ed9 b\u1ec1n. Khung ch\u00e2n nh\u1eb9 nh\u01b0ng c\u1ee9ng c\u00e1p, \u00edt b\u1ecb t\u00e1c \u0111\u1ed9ng b\u1edfi m\u00f4i tr\u01b0\u1eddng v\u00e0 gi\u00fap vi\u1ec7c di chuy\u1ec3n gh\u1ebf tr\u1edf n\u00ean d\u1ec5 d\u00e0ng h\u01a1n. B\u00e1nh xe xoay linh ho\u1ea1t 360 \u0111\u1ed9 cho ph\u00e9p ng\u01b0\u1eddi d\u00f9ng di chuy\u1ec3n quanh b\u00e0n l\u00e0m vi\u1ec7c nhanh ch\u00f3ng, t\u0103ng hi\u1ec7u qu\u1ea3 thao t\u00e1c h\u1eb1ng ng\u00e0y. H\u1ec7 th\u1ed1ng \u0111i\u1ec1u ch\u1ec9nh \u0111\u1ed9 cao s\u1eed d\u1ee5ng b\u1ed9 n\u00e2ng th\u1ee7y l\u1ef1c (piston kh\u00ed n\u00e9n), cho ph\u00e9p ng\u01b0\u1eddi d\u00f9ng d\u1ec5 d\u00e0ng t\u00f9y ch\u1ec9nh \u0111\u1ed9 cao ph\u00f9 h\u1ee3p v\u1edbi v\u00f3c d\u00e1ng v\u00e0 b\u00e0n l\u00e0m vi\u1ec7c, mang \u0111\u1ebfn t\u01b0 th\u1ebf ng\u1ed3i chu\u1ea9n v\u00e0 h\u1ea1n ch\u1ebf c\u00e1c v\u1ea5n \u0111\u1ec1 s\u1ee9c kh\u1ecfe li\u00ean quan \u0111\u1ebfn c\u1ed5, vai, l\u01b0ng.<\/p>\n<p data-start=\"2565\" data-end=\"3010\">Ki\u1ec3u d\u00e1ng t\u1ed5ng th\u1ec3 c\u1ee7a gh\u1ebf nh\u00e2n vi\u00ean SG130 h\u01b0\u1edbng \u0111\u1ebfn s\u1ef1 g\u1ecdn nh\u1eb9, t\u1ed1i gi\u1ea3n nh\u01b0ng v\u1eabn \u0111\u1ea3m b\u1ea3o y\u1ebfu t\u1ed1 th\u1ea9m m\u1ef9. Thi\u1ebft k\u1ebf thanh l\u1ecbch n\u00e0y gi\u00fap s\u1ea3n ph\u1ea9m d\u1ec5 d\u00e0ng ph\u1ed1i h\u1ee3p v\u1edbi nhi\u1ec1u phong c\u00e1ch n\u1ed9i th\u1ea5t kh\u00e1c nhau, t\u1eeb v\u0103n ph\u00f2ng truy\u1ec1n th\u1ed1ng \u0111\u1ebfn kh\u00f4ng gian hi\u1ec7n \u0111\u1ea1i, coworking ho\u1eb7c ph\u00f2ng \u0111\u00e0o t\u1ea1o. V\u1edbi k\u00edch th\u01b0\u1edbc ti\u00eau chu\u1ea9n, SG130 kh\u00f4ng ch\u1ec9 mang l\u1ea1i s\u1ef1 tho\u1ea3i m\u00e1i m\u00e0 c\u00f2n gi\u00fap t\u1ed1i \u01b0u di\u1ec7n t\u00edch b\u00e0y tr\u00ed, \u0111\u1eb7c bi\u1ec7t ph\u00f9 h\u1ee3p v\u1edbi c\u00e1c v\u0103n ph\u00f2ng c\u00f3 m\u1eadt \u0111\u1ed9 nh\u00e2n s\u1ef1 cao.<\/p>\n<p data-start=\"3012\" data-end=\"3381\">B\u00ean c\u1ea1nh t\u00ednh ti\u1ec7n d\u1ee5ng, SG130 c\u00f2n l\u00e0 m\u1ed9t l\u1ef1a ch\u1ecdn t\u1ed1i \u01b0u v\u1ec1 chi ph\u00ed. S\u1ea3n ph\u1ea9m thu\u1ed9c ph\u00e2n kh\u00fac gi\u00e1 ph\u1ed5 th\u00f4ng nh\u01b0ng v\u1eabn \u0111\u1ea3m b\u1ea3o ch\u1ea5t l\u01b0\u1ee3ng theo ti\u00eau chu\u1ea9n c\u1ee7a th\u01b0\u01a1ng hi\u1ec7u uy t\u00edn N\u1ed9i Th\u1ea5t The One. \u0110i\u1ec1u n\u00e0y gi\u00fap doanh nghi\u1ec7p d\u1ec5 d\u00e0ng \u0111\u1ea7u t\u01b0 s\u1ed1 l\u01b0\u1ee3ng l\u1edbn cho c\u00e1c d\u1ef1 \u00e1n set-up v\u0103n ph\u00f2ng m\u1edbi, khu v\u1ef1c nh\u00e2n vi\u00ean, ph\u00f2ng m\u00e1y t\u00ednh ho\u1eb7c trung t\u00e2m \u0111\u00e0o t\u1ea1o\u2026 m\u00e0 v\u1eabn c\u00e2n \u0111\u1ed1i ng\u00e2n s\u00e1ch.<\/p>\n<p data-start=\"3383\" data-end=\"3727\">M\u1ed9t \u01b0u \u0111i\u1ec3m kh\u00e1c khi\u1ebfn m\u1eabu gh\u1ebf n\u00e0y \u0111\u01b0\u1ee3c nhi\u1ec1u doanh nghi\u1ec7p \u01b0a chu\u1ed9ng ch\u00ednh l\u00e0 \u0111\u1ed9 b\u1ec1n v\u00e0 kh\u1ea3 n\u0103ng s\u1eed d\u1ee5ng l\u00e2u d\u00e0i. Ch\u1ea5t li\u1ec7u v\u1ea3i, nh\u1ef1a v\u00e0 \u0111\u1ec7m m\u00fat \u0111\u1ec1u \u0111\u01b0\u1ee3c s\u1ea3n xu\u1ea5t theo ti\u00eau chu\u1ea9n cao, h\u1ea1n ch\u1ebf t\u1ed1i \u0111a t\u00ecnh tr\u1ea1ng bong tr\u00f3c, phai m\u00e0u hay h\u01b0 h\u1ecfng trong qu\u00e1 tr\u00ecnh s\u1eed d\u1ee5ng. Ng\u01b0\u1eddi d\u00f9ng c\u00f3 th\u1ec3 y\u00ean t\u00e2m v\u1ec1 th\u1eddi gian s\u1eed d\u1ee5ng c\u0169ng nh\u01b0 chi ph\u00ed b\u1ea3o tr\u00ec th\u1ea5p.<\/p>\n<p data-start=\"3729\" data-end=\"4126\" data-is-last-node=\"\" data-is-only-node=\"\">T\u00f3m l\u1ea1i, gh\u1ebf nh\u00e2n vi\u00ean SG130 l\u00e0 m\u1eabu gh\u1ebf xoay ph\u00f9 h\u1ee3p cho nhi\u1ec1u nhu c\u1ea7u v\u00e0 m\u00f4 h\u00ecnh v\u0103n ph\u00f2ng. S\u1ea3n ph\u1ea9m mang \u0111\u1ebfn s\u1ef1 k\u1ebft h\u1ee3p h\u00e0i h\u00f2a gi\u1eefa ch\u1ea5t l\u01b0\u1ee3ng, t\u00ednh ti\u1ec7n d\u1ee5ng v\u00e0 gi\u00e1 th\u00e0nh h\u1ee3p l\u00fd. N\u1ebfu b\u1ea1n \u0111ang t\u00ecm m\u1ed9t m\u1eabu gh\u1ebf c\u00f3 tay v\u1ecbn, \u0111\u1ec7m v\u1ea3i m\u1ec1m, ch\u00e2n nh\u1ef1a b\u1ec1n b\u1ec9 v\u00e0 kh\u1ea3 n\u0103ng \u0111i\u1ec1u ch\u1ec9nh linh ho\u1ea1t, SG130 ch\u1eafc ch\u1eafn l\u00e0 l\u1ef1a ch\u1ecdn \u0111\u00e1ng c\u00e2n nh\u1eafc \u0111\u1ec3 t\u1ea1o n\u00ean kh\u00f4ng gian l\u00e0m vi\u1ec7c chuy\u00ean nghi\u1ec7p, tho\u1ea3i m\u00e1i v\u00e0 th\u1ea9m m\u1ef9.<\/p>\n","protected":false},"excerpt":{"rendered":"<p>Gh\u1ebf nh\u00e2n vi\u00ean SG130 l\u00e0 m\u1eabu gh\u1ebf xoay v\u0103n ph\u00f2ng ph\u1ed5 th\u00f4ng \u0111\u01b0\u1ee3c thi\u1ebft k\u1ebf v\u1edbi \u0111\u1ec7m t\u1ef1a b\u1ecdc v\u1ea3i tho\u00e1ng kh\u00ed v\u00e0 tay nh\u1ef1a ti\u1ec7n d\u1ee5ng, mang \u0111\u1ebfn s\u1ef1 tho\u1ea3i m\u00e1i cho ng\u01b0\u1eddi d\u00f9ng trong qu\u00e1 tr\u00ecnh l\u00e0m vi\u1ec7c. S\u1ea3n ph\u1ea9m s\u1eed d\u1ee5ng ch\u00e2n nh\u1ef1a b\u1ec1n ch\u1eafc, \u0111\u1ea3m b\u1ea3o \u0111\u1ed9 \u1ed5n \u0111\u1ecbnh v\u00e0 d\u1ec5 d\u00e0ng di chuy\u1ec3n trong kh\u00f4ng gian v\u0103n ph\u00f2ng.<br data-start=\"347\" data-end=\"350\" \/>K\u00edch th\u01b0\u1edbc: W530 x D540 x H780\u2013905 (mm)<br data-start=\"389\" data-end=\"392\" \/>Xu\u1ea5t x\u1ee9: S\u1ea3n ph\u1ea9m c\u1ee7a c\u00f4ng ty N\u1ed8I TH\u1ea4T THE ONE \u2013 Ph\u00e2n ph\u1ed1i b\u1edfi C\u00d4NG TY TNHH SXTM TTNT H\u1eeeU TH\u1ecaNH<br data-start=\"487\" data-end=\"490\" \/>B\u1ea3o h\u00e0nh: 12 th\u00e1ng theo ti\u00eau chu\u1ea9n nh\u00e0 m\u00e1y<br data-start=\"532\" data-end=\"535\" \/><span style=\"color: #ed1c24;\"><em data-start=\"535\" data-end=\"687\">L\u01b0u \u00fd: Gi\u00e1 tr\u00ean ch\u01b0a bao g\u1ed3m VAT v\u00e0 ph\u00ed v\u1eadn chuy\u1ec3n. Gi\u00e1 s\u1ea3n ph\u1ea9m c\u00f3 th\u1ec3 thay \u0111\u1ed5i theo t\u1eebng th\u1eddi \u0111i\u1ec3m, vui l\u00f2ng li\u00ean h\u1ec7 \u0111\u1ec3 nh\u1eadn t\u01b0 v\u1ea5n \u01b0u \u0111\u00e3i t\u1ed1t nh\u1ea5t.<\/em><\/span><\/p>\n","protected":false},"featured_media":4516,"comment_status":"open","ping_status":"closed","template":"","meta":[],"product_brand":[],"product_cat":[17,177],"product_tag":[],"class_list":{"0":"post-4515","1":"product","2":"type-product","3":"status-publish","4":"has-post-thumbnail","6":"product_cat-noi-that-van-phong","7":"product_cat-ban-nhan-vien","9":"first","10":"instock","11":"taxable","12":"shipping-taxable","13":"purchasable","14":"product-type-simple"},"_links":{"self":[{"href":"https:\/\/www.noithathuuthinh.vn\/zh-hans\/wp-json\/wp\/v2\/product\/4515","targetHints":{"allow":["GET"]}}],"collection":[{"href":"https:\/\/www.noithathuuthinh.vn\/zh-hans\/wp-json\/wp\/v2\/product"}],"about":[{"href":"https:\/\/www.noithathuuthinh.vn\/zh-hans\/wp-json\/wp\/v2\/types\/product"}],"replies":[{"embeddable":true,"href":"https:\/\/www.noithathuuthinh.vn\/zh-hans\/wp-json\/wp\/v2\/comments?post=4515"}],"wp:featuredmedia":[{"embeddable":true,"href":"https:\/\/www.noithathuuthinh.vn\/zh-hans\/wp-json\/wp\/v2\/media\/4516"}],"wp:attachment":[{"href":"https:\/\/www.noithathuuthinh.vn\/zh-hans\/wp-json\/wp\/v2\/media?parent=4515"}],"wp:term":[{"taxonomy":"product_brand","embeddable":true,"href":"https:\/\/www.noithathuuthinh.vn\/zh-hans\/wp-json\/wp\/v2\/product_brand?post=4515"},{"taxonomy":"product_cat","embeddable":true,"href":"https:\/\/www.noithathuuthinh.vn\/zh-hans\/wp-json\/wp\/v2\/product_cat?post=4515"},{"taxonomy":"product_tag","embeddable":true,"href":"https:\/\/www.noithathuuthinh.vn\/zh-hans\/wp-json\/wp\/v2\/product_tag?post=4515"}],"curies":[{"name":"wp","href":"https:\/\/api.w.org\/{rel}","templated":true}]}}