{"id":4540,"date":"2025-11-25T09:45:17","date_gmt":"2025-11-25T02:45:17","guid":{"rendered":"https:\/\/noithathuuthinh.vn\/?post_type=product&#038;p=4540"},"modified":"2025-11-25T10:28:15","modified_gmt":"2025-11-25T03:28:15","slug":"ghe-nhan-vien-sg555","status":"publish","type":"product","link":"https:\/\/www.noithathuuthinh.vn\/zh-hans\/san-pham\/ghe-nhan-vien-sg555\/","title":{"rendered":"GH\u1ebe NH\u00c2N VI\u00caN SG555"},"content":{"rendered":"<p data-start=\"641\" data-end=\"1097\">Gh\u1ebf nh\u00e2n vi\u00ean SG555 l\u00e0 l\u1ef1a ch\u1ecdn ho\u00e0n h\u1ea3o cho c\u00e1c v\u0103n ph\u00f2ng hi\u1ec7n \u0111\u1ea1i nh\u1edd s\u1edf h\u1eefu thi\u1ebft k\u1ebf ti\u1ec7n d\u1ee5ng, nh\u1ecf g\u1ecdn nh\u01b0ng \u0111\u1ea7y \u0111\u1ee7 t\u00ednh n\u0103ng h\u1ed7 tr\u1ee3 ng\u01b0\u1eddi d\u00f9ng trong qu\u00e1 tr\u00ecnh l\u00e0m vi\u1ec7c. Ngay t\u1eeb c\u00e1i nh\u00ecn \u0111\u1ea7u ti\u00ean, SG555 g\u00e2y \u1ea5n t\u01b0\u1ee3ng v\u1edbi ki\u1ec3u d\u00e1ng h\u00e0i h\u00f2a, ch\u1ea5t li\u1ec7u b\u1ec1n b\u1ec9 v\u00e0 m\u00e0u s\u1eafc trang nh\u00e3, ph\u00f9 h\u1ee3p v\u1edbi nhi\u1ec1u phong c\u00e1ch n\u1ed9i th\u1ea5t v\u0103n ph\u00f2ng kh\u00e1c nhau. \u0110\u00e2y l\u00e0 m\u1eabu gh\u1ebf mang l\u1ea1i s\u1ef1 tho\u1ea3i m\u00e1i cao v\u00e0 gi\u00fap t\u1ed1i \u01b0u kh\u00f4ng gian s\u1eed d\u1ee5ng trong m\u00f4i tr\u01b0\u1eddng l\u00e0m vi\u1ec7c chuy\u00ean nghi\u1ec7p.<\/p>\n<p data-start=\"1099\" data-end=\"1495\">Ph\u1ea7n \u0111\u1ec7m v\u00e0 t\u1ef1a l\u01b0ng c\u1ee7a gh\u1ebf \u0111\u01b0\u1ee3c b\u1ecdc v\u1ea3i cao c\u1ea5p, kh\u00f4ng ch\u1ec9 t\u1ea1o c\u1ea3m gi\u00e1c m\u1ec1m m\u1ea1i m\u00e0 c\u00f2n gi\u00fap tho\u00e1ng kh\u00ed, h\u1ea1n ch\u1ebf b\u00ed n\u00f3ng khi ng\u1ed3i l\u00e2u. L\u1edbp m\u00fat b\u00ean trong c\u00f3 \u0111\u1ed9 \u0111\u00e0n h\u1ed3i t\u1ed1t, gi\u1eef \u0111\u01b0\u1ee3c form d\u00e1ng l\u00e2u d\u00e0i v\u00e0 mang l\u1ea1i s\u1ef1 \u00eam \u00e1i cho ng\u01b0\u1eddi s\u1eed d\u1ee5ng. \u0110\u1ed9 cong c\u1ee7a t\u1ef1a l\u01b0ng \u0111\u01b0\u1ee3c thi\u1ebft k\u1ebf d\u1ef1a tr\u00ean c\u1ea5u tr\u00fac x\u01b0\u01a1ng s\u1ed1ng, gi\u00fap n\u00e2ng \u0111\u1ee1 l\u01b0ng tr\u00ean v\u00e0 l\u01b0ng d\u01b0\u1edbi, t\u1eeb \u0111\u00f3 h\u1ea1n ch\u1ebf \u0111au m\u1ecfi sau nhi\u1ec1u gi\u1edd l\u00e0m vi\u1ec7c li\u00ean t\u1ee5c.<\/p>\n<p data-start=\"1497\" data-end=\"1932\">M\u1ed9t \u0111i\u1ec3m c\u1ed9ng c\u1ee7a gh\u1ebf nh\u00e2n vi\u00ean SG555 ch\u00ednh l\u00e0 ph\u1ea7n tay v\u1ecbn l\u00e0m b\u1eb1ng nh\u1ef1a cao c\u1ea5p, c\u00f3 \u0111\u1ed9 b\u1ec1n cao v\u00e0 thi\u1ebft k\u1ebf thanh tho\u00e1t. Tay gh\u1ebf \u0111\u01b0\u1ee3c b\u1ed1 tr\u00ed \u1edf \u0111\u1ed9 cao h\u1ee3p l\u00fd, gi\u00fap ng\u01b0\u1eddi d\u00f9ng th\u01b0 gi\u00e3n c\u00e1nh tay, gi\u1ea3m \u00e1p l\u1ef1c l\u00ean vai v\u00e0 c\u1ed5, g\u00f3p ph\u1ea7n c\u1ea3i thi\u1ec7n t\u01b0 th\u1ebf ng\u1ed3i v\u00e0 t\u0103ng hi\u1ec7u qu\u1ea3 l\u00e0m vi\u1ec7c. \u0110\u1ed1i v\u1edbi nh\u1eefng c\u00f4ng vi\u1ec7c c\u1ea7n nh\u1eadp li\u1ec7u nhi\u1ec1u ho\u1eb7c thao t\u00e1c m\u00e1y t\u00ednh li\u00ean t\u1ee5c, tay gh\u1ebf \u0111\u00f3ng vai tr\u00f2 r\u1ea5t quan tr\u1ecdng trong vi\u1ec7c h\u1ed7 tr\u1ee3 ng\u01b0\u1eddi ng\u1ed3i tr\u00e1nh m\u1ecfi vai.<\/p>\n<p data-start=\"1934\" data-end=\"2309\">Ph\u1ea7n ch\u00e2n nh\u1ef1a c\u1ee7a SG555 c\u00f3 c\u1ea5u tr\u00fac v\u1eefng ch\u1eafc, ch\u1ecbu l\u1ef1c t\u1ed1t v\u00e0 \u00edt b\u1ecb cong v\u00eanh trong qu\u00e1 tr\u00ecnh s\u1eed d\u1ee5ng. C\u1ee5m ch\u00e2n xoay 360 \u0111\u1ed9 k\u1ebft h\u1ee3p b\u00e1nh xe di chuy\u1ec3n linh ho\u1ea1t, gi\u00fap ng\u01b0\u1eddi d\u00f9ng d\u1ec5 d\u00e0ng thay \u0111\u1ed5i h\u01b0\u1edbng v\u00e0 thao t\u00e1c trong kh\u00f4ng gian l\u00e0m vi\u1ec7c m\u00e0 kh\u00f4ng m\u1ea5t nhi\u1ec1u th\u1eddi gian hay ph\u1ea3i \u0111\u1ee9ng d\u1eady di chuy\u1ec3n. B\u00e1nh xe b\u1eb1ng nh\u1ef1a ch\u1ea5t l\u01b0\u1ee3ng cao h\u1ea1n ch\u1ebf ti\u1ebfng \u1ed3n v\u00e0 kh\u00f4ng l\u00e0m tr\u1ea7y x\u01b0\u1edbc s\u00e0n.<\/p>\n<p data-start=\"2311\" data-end=\"2665\">Ngo\u00e0i ra, gh\u1ebf nh\u00e2n vi\u00ean SG555 c\u00f2n \u0111\u01b0\u1ee3c trang b\u1ecb b\u1ed9 \u0111i\u1ec1u ch\u1ec9nh \u0111\u1ed9 cao th\u00f4ng minh, cho ph\u00e9p ng\u01b0\u1eddi d\u00f9ng t\u00f9y ch\u1ec9nh m\u1ee9c ng\u1ed3i sao cho ph\u00f9 h\u1ee3p v\u1edbi chi\u1ec1u cao c\u01a1 th\u1ec3 v\u00e0 b\u00e0n l\u00e0m vi\u1ec7c. \u0110i\u1ec1u n\u00e0y \u0111\u1eb7c bi\u1ec7t quan tr\u1ecdng \u0111\u1ed1i v\u1edbi nh\u00e2n vi\u00ean v\u0103n ph\u00f2ng v\u00ec t\u01b0 th\u1ebf ng\u1ed3i \u0111\u00fang gi\u00fap gi\u1ea3m nguy c\u01a1 \u0111au l\u01b0ng, \u0111au c\u1ed5 v\u00e0 m\u1ecfi vai, \u0111\u1ed3ng th\u1eddi t\u0103ng kh\u1ea3 n\u0103ng t\u1eadp trung v\u00e0 hi\u1ec7u su\u1ea5t l\u00e0m vi\u1ec7c.<\/p>\n<p data-start=\"2667\" data-end=\"3000\">Ki\u1ec3u d\u00e1ng g\u1ecdn g\u00e0ng, tr\u1ecdng l\u01b0\u1ee3ng nh\u1eb9 v\u00e0 d\u1ec5 di chuy\u1ec3n gi\u00fap SG555 ph\u00f9 h\u1ee3p v\u1edbi nhi\u1ec1u m\u00f4i tr\u01b0\u1eddng l\u00e0m vi\u1ec7c nh\u01b0 v\u0103n ph\u00f2ng c\u00f4ng ty, ph\u00f2ng h\u1ecdp, ph\u00f2ng t\u01b0 v\u1ea5n, ph\u00f2ng ban h\u00e0nh ch\u00ednh hay th\u1eadm ch\u00ed l\u00e0 s\u1eed d\u1ee5ng t\u1ea1i nh\u00e0 cho nhu c\u1ea7u h\u1ecdc t\u1eadp, l\u00e0m vi\u1ec7c online. V\u1edbi thi\u1ebft k\u1ebf trang nh\u00e3, gh\u1ebf g\u00f3p ph\u1ea7n t\u1ea1o s\u1ef1 \u0111\u1ed3ng b\u1ed9 v\u00e0 chuy\u00ean nghi\u1ec7p cho t\u1ed5ng th\u1ec3 kh\u00f4ng gian.<\/p>\n<p data-start=\"3002\" data-end=\"3358\">SG555 l\u00e0 s\u1ea3n ph\u1ea9m thu\u1ed9c d\u00f2ng gh\u1ebf v\u0103n ph\u00f2ng ch\u1ea5t l\u01b0\u1ee3ng c\u1ee7a th\u01b0\u01a1ng hi\u1ec7u N\u1ed9i Th\u1ea5t The One \u2013 \u0111\u01a1n v\u1ecb d\u1eabn \u0111\u1ea7u th\u1ecb tr\u01b0\u1eddng trong l\u0129nh v\u1ef1c n\u1ed9i th\u1ea5t v\u0103n ph\u00f2ng. S\u1ea3n ph\u1ea9m \u0111\u01b0\u1ee3c s\u1ea3n xu\u1ea5t tr\u00ean quy tr\u00ecnh nghi\u00eam ng\u1eb7t, \u0111\u1ea3m b\u1ea3o \u0111\u1ed9 b\u1ec1n, \u0111\u1ed9 an to\u00e0n v\u00e0 tu\u1ed5i th\u1ecd cao. \u0110\u00e2y l\u00e0 y\u1ebfu t\u1ed1 quan tr\u1ecdng gi\u00fap doanh nghi\u1ec7p ti\u1ebft ki\u1ec7m chi ph\u00ed thay m\u1edbi, b\u1ea3o tr\u00ec trong qu\u00e1 tr\u00ecnh s\u1eed d\u1ee5ng l\u00e2u d\u00e0i.<\/p>\n<p data-start=\"3360\" data-end=\"3775\" data-is-last-node=\"\" data-is-only-node=\"\">N\u1ebfu b\u1ea1n \u0111ang t\u00ecm ki\u1ebfm m\u1ed9t m\u1eabu gh\u1ebf nh\u00e2n vi\u00ean c\u00f3 tay, thi\u1ebft k\u1ebf hi\u1ec7n \u0111\u1ea1i, ch\u1ea5t l\u01b0\u1ee3ng b\u1ec1n b\u1ec9 v\u00e0 m\u1ee9c gi\u00e1 h\u1ee3p l\u00fd, gh\u1ebf nh\u00e2n vi\u00ean SG555 ch\u1eafc ch\u1eafn l\u00e0 l\u1ef1a ch\u1ecdn \u0111\u00e1ng c\u00e2n nh\u1eafc. S\u1ea3n ph\u1ea9m kh\u00f4ng ch\u1ec9 mang \u0111\u1ebfn s\u1ef1 tho\u1ea3i m\u00e1i cho ng\u01b0\u1eddi ng\u1ed3i m\u00e0 c\u00f2n g\u00f3p ph\u1ea7n t\u1ea1o d\u1ef1ng kh\u00f4ng gian l\u00e0m vi\u1ec7c chuy\u00ean nghi\u1ec7p v\u00e0 hi\u1ec7u qu\u1ea3.<br data-start=\"3652\" data-end=\"3655\" \/>Li\u00ean h\u1ec7 ngay v\u1edbi ch\u00fang t\u00f4i \u0111\u1ec3 \u0111\u01b0\u1ee3c t\u01b0 v\u1ea5n th\u00eam v\u1ec1 m\u1eabu m\u00e3, s\u1ed1 l\u01b0\u1ee3ng v\u00e0 nh\u1eadn b\u00e1o gi\u00e1 \u01b0u \u0111\u00e3i nh\u1ea5t cho doanh nghi\u1ec7p c\u1ee7a b\u1ea1n.<\/p>\n","protected":false},"excerpt":{"rendered":"<p>Gh\u1ebf nh\u00e2n vi\u00ean SG555 l\u00e0 m\u1eabu gh\u1ebf v\u0103n ph\u00f2ng \u0111\u01b0\u1ee3c thi\u1ebft k\u1ebf v\u1edbi \u0111\u1ec7m t\u1ef1a b\u1ecdc v\u1ea3i \u00eam \u00e1i v\u00e0 ph\u1ea7n ch\u00e2n c\u00f9ng tay gh\u1ebf l\u00e0m b\u1eb1ng nh\u1ef1a cao c\u1ea5p, gi\u00fap mang l\u1ea1i s\u1ef1 tho\u1ea3i m\u00e1i v\u00e0 ti\u1ec7n d\u1ee5ng trong su\u1ed1t qu\u00e1 tr\u00ecnh l\u00e0m vi\u1ec7c.<br data-start=\"255\" data-end=\"258\" \/>K\u00edch th\u01b0\u1edbc: W540 x D500 x H855\u00f7980 mm<br data-start=\"295\" data-end=\"298\" \/>Xu\u1ea5t x\u1ee9: S\u1ea3n ph\u1ea9m c\u1ee7a c\u00f4ng ty N\u1ed8I TH\u1ea4T THE ONE \u2013 Ph\u00e2n ph\u1ed1i b\u1edfi C\u00d4NG TY TNHH SXTM TTNT H\u1eeeU TH\u1ecaNH<br data-start=\"393\" data-end=\"396\" \/>B\u1ea3o h\u00e0nh: 12 th\u00e1ng theo ti\u00eau chu\u1ea9n nh\u00e0 m\u00e1y.<br data-start=\"438\" data-end=\"441\" \/><span style=\"color: #ed1c24;\"><em data-start=\"441\" data-end=\"593\">L\u01b0u \u00fd: Gi\u00e1 tr\u00ean ch\u01b0a bao g\u1ed3m VAT v\u00e0 ph\u00ed v\u1eadn chuy\u1ec3n. Gi\u00e1 s\u1ea3n ph\u1ea9m c\u00f3 th\u1ec3 thay \u0111\u1ed5i theo t\u1eebng th\u1eddi \u0111i\u1ec3m, vui l\u00f2ng li\u00ean h\u1ec7 \u0111\u1ec3 nh\u1eadn t\u01b0 v\u1ea5n \u01b0u \u0111\u00e3i t\u1ed1t nh\u1ea5t.<\/em><\/span><\/p>\n","protected":false},"featured_media":4541,"comment_status":"open","ping_status":"closed","template":"","meta":[],"product_brand":[],"product_cat":[17,303],"product_tag":[],"class_list":{"0":"post-4540","1":"product","2":"type-product","3":"status-publish","4":"has-post-thumbnail","6":"product_cat-noi-that-van-phong","7":"product_cat-ghe-nhan-vien","9":"first","10":"instock","11":"taxable","12":"shipping-taxable","13":"purchasable","14":"product-type-simple"},"_links":{"self":[{"href":"https:\/\/www.noithathuuthinh.vn\/zh-hans\/wp-json\/wp\/v2\/product\/4540","targetHints":{"allow":["GET"]}}],"collection":[{"href":"https:\/\/www.noithathuuthinh.vn\/zh-hans\/wp-json\/wp\/v2\/product"}],"about":[{"href":"https:\/\/www.noithathuuthinh.vn\/zh-hans\/wp-json\/wp\/v2\/types\/product"}],"replies":[{"embeddable":true,"href":"https:\/\/www.noithathuuthinh.vn\/zh-hans\/wp-json\/wp\/v2\/comments?post=4540"}],"wp:featuredmedia":[{"embeddable":true,"href":"https:\/\/www.noithathuuthinh.vn\/zh-hans\/wp-json\/wp\/v2\/media\/4541"}],"wp:attachment":[{"href":"https:\/\/www.noithathuuthinh.vn\/zh-hans\/wp-json\/wp\/v2\/media?parent=4540"}],"wp:term":[{"taxonomy":"product_brand","embeddable":true,"href":"https:\/\/www.noithathuuthinh.vn\/zh-hans\/wp-json\/wp\/v2\/product_brand?post=4540"},{"taxonomy":"product_cat","embeddable":true,"href":"https:\/\/www.noithathuuthinh.vn\/zh-hans\/wp-json\/wp\/v2\/product_cat?post=4540"},{"taxonomy":"product_tag","embeddable":true,"href":"https:\/\/www.noithathuuthinh.vn\/zh-hans\/wp-json\/wp\/v2\/product_tag?post=4540"}],"curies":[{"name":"wp","href":"https:\/\/api.w.org\/{rel}","templated":true}]}}