{"id":4595,"date":"2025-11-25T14:16:43","date_gmt":"2025-11-25T07:16:43","guid":{"rendered":"https:\/\/noithathuuthinh.vn\/?post_type=product&#038;p=4595"},"modified":"2025-11-25T14:16:44","modified_gmt":"2025-11-25T07:16:44","slug":"ghe-phong-hop-sl603m","status":"publish","type":"product","link":"https:\/\/www.noithathuuthinh.vn\/zh-hans\/san-pham\/ghe-phong-hop-sl603m\/","title":{"rendered":"Gh\u1ebf ph\u00f2ng h\u1ecdp SL603M"},"content":{"rendered":"<p data-start=\"777\" data-end=\"1218\">Gh\u1ebf ph\u00f2ng h\u1ecdp SL603M l\u00e0 l\u1ef1a ch\u1ecdn l\u00fd t\u01b0\u1edfng cho c\u00e1c ph\u00f2ng h\u1ecdp, ph\u00f2ng h\u1ed9i ngh\u1ecb v\u00e0 kh\u00f4ng gian l\u00e0m vi\u1ec7c nh\u00f3m, k\u1ebft h\u1ee3p gi\u1eefa thi\u1ebft k\u1ebf sang tr\u1ecdng, ti\u1ec7n nghi t\u1ed1i \u01b0u v\u00e0 \u0111\u1ed9 b\u1ec1n v\u01b0\u1ee3t tr\u1ed9i. Khung gh\u1ebf b\u1eb1ng th\u00e9p m\u1ea1 \u0111\u01b0\u1ee3c gia c\u00f4ng ch\u1eafc ch\u1eafn, ch\u1ed1ng g\u1ec9 s\u00e9t v\u00e0 t\u1ea1o v\u1ebb ngo\u00e0i tinh t\u1ebf, hi\u1ec7n \u0111\u1ea1i, ph\u00f9 h\u1ee3p v\u1edbi nhi\u1ec1u phong c\u00e1ch n\u1ed9i th\u1ea5t v\u0103n ph\u00f2ng. Ch\u1ea5t li\u1ec7u m\u1ea1 gi\u00fap khung gh\u1ebf b\u1ec1n b\u1ec9, duy tr\u00ec v\u1ebb s\u00e1ng b\u00f3ng l\u00e2u d\u00e0i, \u0111\u1ed3ng th\u1eddi mang l\u1ea1i c\u1ea3m gi\u00e1c an t\u00e2m cho ng\u01b0\u1eddi s\u1eed d\u1ee5ng.<\/p>\n<p data-start=\"1220\" data-end=\"1641\">Ph\u1ea7n \u0111\u1ec7m ng\u1ed3i v\u00e0 t\u1ef1a l\u01b0ng s\u1eed d\u1ee5ng m\u00fat b\u1ecdc da th\u1eadt t\u1ea1i ph\u1ea7n ti\u1ebfp x\u00fac ng\u01b0\u1eddi s\u1eed d\u1ee5ng ho\u1eb7c da c\u00f4ng nghi\u1ec7p, PVC, mang l\u1ea1i c\u1ea3m gi\u00e1c \u00eam \u00e1i, m\u1ec1m m\u1ea1i v\u00e0 tho\u00e1ng kh\u00ed. T\u1ef1a l\u01b0ng \u00f4m s\u00e1t c\u01a1 th\u1ec3, n\u00e2ng \u0111\u1ee1 c\u1ed9t s\u1ed1ng v\u00e0 gi\u00fap duy tr\u00ec t\u01b0 th\u1ebf chu\u1ea9n, gi\u1ea3m m\u1ec7t m\u1ecfi khi ng\u1ed3i l\u00e2u. Tay gh\u1ebf b\u1eb1ng th\u00e9p m\u1ea1 c\u00f3 \u1ed1p nh\u1ef1a ti\u1ec7n d\u1ee5ng, v\u1eeba t\u1ea1o \u0111i\u1ec3m t\u1ef1a ch\u1eafc ch\u1eafn v\u1eeba mang l\u1ea1i s\u1ef1 tho\u1ea3i m\u00e1i t\u1ed1i \u0111a cho c\u00e1nh tay, \u0111\u1ed3ng th\u1eddi t\u0103ng t\u00ednh th\u1ea9m m\u1ef9 v\u00e0 sang tr\u1ecdng cho gh\u1ebf.<\/p>\n<p data-start=\"1643\" data-end=\"1949\">V\u1edbi k\u00edch th\u01b0\u1edbc W570 x D715 x H1000 mm, SL603M mang \u0111\u1ebfn kh\u00f4ng gian ng\u1ed3i v\u1eeba v\u1eb7n, tho\u1ea3i m\u00e1i, th\u00edch h\u1ee3p cho ph\u00f2ng h\u1ecdp v\u1eeba v\u00e0 nh\u1ecf, ph\u00f2ng h\u1ed9i th\u1ea3o ho\u1eb7c c\u00e1c khu v\u1ef1c \u0111\u00e0o t\u1ea1o v\u00e0 th\u1ea3o lu\u1eadn n\u1ed9i b\u1ed9. Thi\u1ebft k\u1ebf gh\u1ebf t\u1ed1i \u01b0u gi\u00fap ti\u1ebft ki\u1ec7m di\u1ec7n t\u00edch, \u0111\u1ed3ng th\u1eddi duy tr\u00ec s\u1ef1 g\u1ecdn g\u00e0ng v\u00e0 chuy\u00ean nghi\u1ec7p trong kh\u00f4ng gian s\u1eed d\u1ee5ng.<\/p>\n<p data-start=\"1951\" data-end=\"2260\">Gh\u1ebf ph\u00f2ng h\u1ecdp SL603M thu\u1ed9c th\u01b0\u01a1ng hi\u1ec7u N\u1ed9i Th\u1ea5t The One \u2013 \u0111\u01a1n v\u1ecb uy t\u00edn h\u00e0ng \u0111\u1ea7u trong l\u0129nh v\u1ef1c n\u1ed9i th\u1ea5t v\u0103n ph\u00f2ng t\u1ea1i Vi\u1ec7t Nam, \u0111\u1ea3m b\u1ea3o ch\u1ea5t l\u01b0\u1ee3ng, \u0111\u1ed9 b\u1ec1n v\u00e0 t\u00ednh th\u1ea9m m\u1ef9 cao. S\u1ea3n ph\u1ea9m kh\u00f4ng ch\u1ec9 \u0111\u00e1p \u1ee9ng nhu c\u1ea7u ti\u1ec7n nghi m\u00e0 c\u00f2n n\u00e2ng cao h\u00ecnh \u1ea3nh chuy\u00ean nghi\u1ec7p cho doanh nghi\u1ec7p trong m\u1eaft \u0111\u1ed1i t\u00e1c v\u00e0 nh\u00e2n vi\u00ean.<\/p>\n<p data-start=\"2262\" data-end=\"2654\" data-is-last-node=\"\" data-is-only-node=\"\">T\u00f3m l\u1ea1i, gh\u1ebf ph\u00f2ng h\u1ecdp SL603M l\u00e0 l\u1ef1a ch\u1ecdn ho\u00e0n h\u1ea3o cho nh\u1eefng ai \u0111ang t\u00ecm ki\u1ebfm m\u1eabu gh\u1ebf l\u01b0ng trung ti\u1ec7n nghi, b\u1ec1n b\u1ec9 v\u00e0 hi\u1ec7n \u0111\u1ea1i. V\u1edbi thi\u1ebft k\u1ebf tinh t\u1ebf, ch\u1ea5t li\u1ec7u cao c\u1ea5p v\u00e0 s\u1ef1 tho\u1ea3i m\u00e1i t\u1ed1i \u01b0u, SL603M s\u1ebd l\u00e0 \u0111i\u1ec3m nh\u1ea5n l\u00fd t\u01b0\u1edfng cho m\u1ecdi kh\u00f4ng gian ph\u00f2ng h\u1ecdp, h\u1ed9i ngh\u1ecb ho\u1eb7c khu v\u1ef1c l\u00e0m vi\u1ec7c nh\u00f3m. Li\u00ean h\u1ec7 ngay v\u1edbi ch\u00fang t\u00f4i \u0111\u1ec3 \u0111\u01b0\u1ee3c t\u01b0 v\u1ea5n chi ti\u1ebft v\u1ec1 ch\u1ea5t li\u1ec7u, m\u00e0u s\u1eafc v\u00e0 nh\u1eadn b\u00e1o gi\u00e1 \u01b0u \u0111\u00e3i nh\u1ea5t.<\/p>\n","protected":false},"excerpt":{"rendered":"<p>Gh\u1ebf ph\u00f2ng h\u1ecdp SL603M l\u00e0 m\u1eabu gh\u1ebf h\u1ecdp l\u01b0ng trung v\u1edbi khung th\u00e9p m\u1ea1 ch\u1eafc ch\u1eafn, \u0111\u1ec7m t\u1ef1a b\u1ecdc da th\u1eadt t\u1ea1i ph\u1ea7n ti\u1ebfp x\u00fac ng\u01b0\u1eddi s\u1eed d\u1ee5ng ho\u1eb7c da c\u00f4ng nghi\u1ec7p, PVC, mang \u0111\u1ebfn s\u1ef1 sang tr\u1ecdng v\u00e0 ti\u1ec7n nghi trong c\u00e1c ph\u00f2ng h\u1ecdp, h\u1ed9i ngh\u1ecb ho\u1eb7c khu v\u1ef1c l\u00e0m vi\u1ec7c nh\u00f3m. Tay gh\u1ebf b\u1eb1ng th\u00e9p m\u1ea1 c\u00f3 \u1ed1p nh\u1ef1a, t\u1ea1o \u0111i\u1ec3m t\u1ef1a ch\u1eafc ch\u1eafn v\u00e0 tho\u1ea3i m\u00e1i cho c\u00e1nh tay.<br data-start=\"390\" data-end=\"393\" \/>K\u00edch th\u01b0\u1edbc: W570 x D715 x H1000 mm<\/p>\n<p>Da th\u1eadt &#8211;\u00a0 <span style=\"color: #ed1c24; font-size: 120%;\"><strong>3.296.000 \u0111<\/strong><\/span><br \/>\nDa CN &#8211; <span style=\"color: #ed1c24; font-size: 120%;\"><strong>1.907.000 \u0111<\/strong><\/span><br \/>\nPVC &#8211; <span style=\"color: #ed1c24; font-size: 120%;\"><strong>1.733.000 \u0111<\/strong><\/span><br data-start=\"427\" data-end=\"430\" \/>Xu\u1ea5t x\u1ee9: S\u1ea3n ph\u1ea9m c\u1ee7a c\u00f4ng ty N\u1ed8I TH\u1ea4T THE ONE \u2013 Ph\u00e2n ph\u1ed1i b\u1edfi C\u00d4NG TY TNHH SXTM TTNT H\u1eeeU TH\u1ecaNH<br data-start=\"525\" data-end=\"528\" \/>B\u1ea3o h\u00e0nh: 12 th\u00e1ng theo ti\u00eau chu\u1ea9n nh\u00e0 m\u00e1y<br data-start=\"570\" data-end=\"573\" \/><span style=\"color: #ed1c24;\"><em data-start=\"573\" data-end=\"725\" data-is-only-node=\"\">L\u01b0u \u00fd: Gi\u00e1 tr\u00ean ch\u01b0a bao g\u1ed3m VAT v\u00e0 ph\u00ed v\u1eadn chuy\u1ec3n. Gi\u00e1 s\u1ea3n ph\u1ea9m c\u00f3 th\u1ec3 thay \u0111\u1ed5i theo t\u1eebng th\u1eddi \u0111i\u1ec3m, vui l\u00f2ng li\u00ean h\u1ec7 \u0111\u1ec3 nh\u1eadn t\u01b0 v\u1ea5n \u01b0u \u0111\u00e3i t\u1ed1t nh\u1ea5t.<\/em><\/span><\/p>\n","protected":false},"featured_media":4596,"comment_status":"open","ping_status":"closed","template":"","meta":[],"product_brand":[],"product_cat":[17,313],"product_tag":[],"class_list":{"0":"post-4595","1":"product","2":"type-product","3":"status-publish","4":"has-post-thumbnail","6":"product_cat-noi-that-van-phong","7":"product_cat-ghe-phong-hop","9":"first","10":"instock","11":"taxable","12":"shipping-taxable","13":"purchasable","14":"product-type-simple"},"_links":{"self":[{"href":"https:\/\/www.noithathuuthinh.vn\/zh-hans\/wp-json\/wp\/v2\/product\/4595","targetHints":{"allow":["GET"]}}],"collection":[{"href":"https:\/\/www.noithathuuthinh.vn\/zh-hans\/wp-json\/wp\/v2\/product"}],"about":[{"href":"https:\/\/www.noithathuuthinh.vn\/zh-hans\/wp-json\/wp\/v2\/types\/product"}],"replies":[{"embeddable":true,"href":"https:\/\/www.noithathuuthinh.vn\/zh-hans\/wp-json\/wp\/v2\/comments?post=4595"}],"wp:featuredmedia":[{"embeddable":true,"href":"https:\/\/www.noithathuuthinh.vn\/zh-hans\/wp-json\/wp\/v2\/media\/4596"}],"wp:attachment":[{"href":"https:\/\/www.noithathuuthinh.vn\/zh-hans\/wp-json\/wp\/v2\/media?parent=4595"}],"wp:term":[{"taxonomy":"product_brand","embeddable":true,"href":"https:\/\/www.noithathuuthinh.vn\/zh-hans\/wp-json\/wp\/v2\/product_brand?post=4595"},{"taxonomy":"product_cat","embeddable":true,"href":"https:\/\/www.noithathuuthinh.vn\/zh-hans\/wp-json\/wp\/v2\/product_cat?post=4595"},{"taxonomy":"product_tag","embeddable":true,"href":"https:\/\/www.noithathuuthinh.vn\/zh-hans\/wp-json\/wp\/v2\/product_tag?post=4595"}],"curies":[{"name":"wp","href":"https:\/\/api.w.org\/{rel}","templated":true}]}}