{"id":4646,"date":"2025-11-25T16:55:05","date_gmt":"2025-11-25T09:55:05","guid":{"rendered":"https:\/\/noithathuuthinh.vn\/?post_type=product&#038;p=4646"},"modified":"2025-11-25T16:55:05","modified_gmt":"2025-11-25T09:55:05","slug":"ghe-phong-hop-sl905","status":"publish","type":"product","link":"https:\/\/www.noithathuuthinh.vn\/zh-hans\/san-pham\/ghe-phong-hop-sl905\/","title":{"rendered":"Gh\u1ebf ph\u00f2ng h\u1ecdp SL905"},"content":{"rendered":"<p data-start=\"697\" data-end=\"996\">Gh\u1ebf ph\u00f2ng h\u1ecdp SL905 l\u00e0 l\u1ef1a ch\u1ecdn l\u00fd t\u01b0\u1edfng cho c\u00e1c ph\u00f2ng h\u1ecdp cao c\u1ea5p, n\u01a1i s\u1ef1 sang tr\u1ecdng, ti\u1ec7n nghi v\u00e0 \u0111\u1ed9 b\u1ec1n l\u00e0 nh\u1eefng y\u1ebfu t\u1ed1 quan tr\u1ecdng h\u00e0ng \u0111\u1ea7u. Thi\u1ebft k\u1ebf l\u01b0ng trung, thanh tho\u00e1t c\u1ee7a gh\u1ebf v\u1eeba g\u1ecdn g\u00e0ng, v\u1eeba h\u1ed7 tr\u1ee3 t\u1ed1t ph\u1ea7n l\u01b0ng, mang \u0111\u1ebfn c\u1ea3m gi\u00e1c tho\u1ea3i m\u00e1i ngay c\u1ea3 khi ng\u1ed3i trong nhi\u1ec1u gi\u1edd h\u1ecdp li\u00ean t\u1ee5c.<\/p>\n<p data-start=\"998\" data-end=\"1392\">\u0110i\u1ec3m nh\u1ea5n n\u1ed5i b\u1eadt c\u1ee7a SL905 n\u1eb1m \u1edf ph\u1ea7n \u0111\u1ec7m t\u1ef1a m\u00fat cao c\u1ea5p, b\u1ecdc da th\u1eadt ho\u1eb7c PVC \u1edf v\u1ecb tr\u00ed ti\u1ebfp x\u00fac tr\u1ef1c ti\u1ebfp v\u1edbi ng\u01b0\u1eddi s\u1eed d\u1ee5ng. L\u1edbp m\u00fat \u0111\u00e0n h\u1ed3i t\u1ed1t gi\u1eef form gh\u1ebf \u1ed5n \u0111\u1ecbnh, n\u00e2ng \u0111\u1ee1 l\u01b0ng hi\u1ec7u qu\u1ea3 v\u00e0 gi\u1ea3m m\u1ecfi c\u01a1, \u0111\u1ed3ng th\u1eddi mang l\u1ea1i c\u1ea3m gi\u00e1c m\u1ec1m m\u1ea1i, d\u1ec5 ch\u1ecbu. Ch\u1ea5t li\u1ec7u da th\u1eadt t\u1ea1o v\u1ebb sang tr\u1ecdng, m\u1ec1m m\u1ea1i; trong khi PVC d\u1ec5 lau ch\u00f9i, ph\u00f9 h\u1ee3p v\u1edbi m\u00f4i tr\u01b0\u1eddng v\u0103n ph\u00f2ng n\u0103ng \u0111\u1ed9ng v\u00e0 s\u1eed d\u1ee5ng th\u01b0\u1eddng xuy\u00ean.<\/p>\n<p data-start=\"1394\" data-end=\"1752\">Khung gh\u1ebf v\u00e0 ch\u00e2n th\u00e9p m\u1ea1 gi\u00fap gh\u1ebf \u0111\u1ee9ng v\u1eefng, t\u0103ng \u0111\u1ed9 b\u1ec1n l\u00e2u d\u00e0i v\u00e0 \u0111\u1ea3m b\u1ea3o an to\u00e0n cho ng\u01b0\u1eddi ng\u1ed3i. B\u1ec1 m\u1eb7t m\u1ea1 s\u00e1ng b\u00f3ng ch\u1ed1ng g\u1ec9, ch\u1ed1ng oxy h\u00f3a, gi\u1eef cho gh\u1ebf lu\u00f4n \u0111\u1eb9p m\u1eaft theo th\u1eddi gian, \u0111\u1ed3ng th\u1eddi d\u1ec5 d\u00e0ng v\u1ec7 sinh, duy tr\u00ec s\u1ef1 sang tr\u1ecdng cho ph\u00f2ng h\u1ecdp. Thi\u1ebft k\u1ebf ch\u00e2n th\u00e9p m\u1ea1 c\u00f2n t\u1ea1o s\u1ef1 \u1ed5n \u0111\u1ecbnh t\u1ed1i \u01b0u v\u00e0 gi\u1ea3m thi\u1ec3u ti\u1ebfng \u0111\u1ed9ng khi di chuy\u1ec3n gh\u1ebf trong ph\u00f2ng h\u1ecdp.<\/p>\n<p data-start=\"1754\" data-end=\"2027\">Tay gh\u1ebf nh\u1ef1a \u0111en kh\u00f4ng b\u1ecdc PVC, bo cong nh\u1eb9 theo khu\u1ef7u tay, gi\u00fap ng\u01b0\u1eddi ng\u1ed3i \u0111\u1eb7t tay t\u1ef1 nhi\u00ean, gi\u1ea3m \u00e1p l\u1ef1c l\u00ean vai v\u00e0 c\u00e1nh tay, \u0111\u1ed3ng th\u1eddi t\u0103ng th\u00eam t\u00ednh th\u1ea9m m\u1ef9 cho gh\u1ebf. Ph\u1ea7n tay gh\u1ebf ch\u1eafc ch\u1eafn nh\u01b0ng v\u1eabn thanh tho\u00e1t, h\u00e0i h\u00f2a v\u1edbi t\u1ed5ng th\u1ec3 thi\u1ebft k\u1ebf, t\u1ea1o n\u00ean s\u1ef1 c\u00e2n \u0111\u1ed1i tinh t\u1ebf.<\/p>\n<p data-start=\"2029\" data-end=\"2337\">K\u00edch th\u01b0\u1edbc W595 x D700 x H1030 mm gi\u00fap SL905 d\u1ec5 b\u1ed1 tr\u00ed trong c\u00e1c ph\u00f2ng h\u1ecdp t\u1eeb v\u1eeba \u0111\u1ebfn l\u1edbn, \u0111\u1ed3ng th\u1eddi ph\u00f9 h\u1ee3p v\u1edbi nhi\u1ec1u lo\u1ea1i b\u00e0n h\u1ecdp ph\u1ed5 bi\u1ebfn. Gh\u1ebf c\u00f3 th\u1ec3 s\u1eafp x\u1ebfp theo h\u00e0ng, theo v\u00f2ng tr\u00f2n ho\u1eb7c theo nh\u00f3m m\u00e0 v\u1eabn gi\u1eef \u0111\u01b0\u1ee3c s\u1ef1 tho\u00e1ng \u0111\u00e3ng v\u00e0 g\u1ecdn g\u00e0ng, \u0111\u1ea3m b\u1ea3o t\u00ednh \u0111\u1ed3ng b\u1ed9 v\u00e0 chuy\u00ean nghi\u1ec7p cho kh\u00f4ng gian l\u00e0m vi\u1ec7c.<\/p>\n<p data-start=\"2339\" data-end=\"2584\">Gh\u1ebf ph\u00f2ng h\u1ecdp SL905 kh\u00f4ng ch\u1ec9 mang \u0111\u1ebfn s\u1ef1 tho\u1ea3i m\u00e1i m\u00e0 c\u00f2n n\u00e2ng t\u1ea7m h\u00ecnh \u1ea3nh chuy\u00ean nghi\u1ec7p cho doanh nghi\u1ec7p. M\u1ed9t ph\u00f2ng h\u1ecdp \u0111\u01b0\u1ee3c trang b\u1ecb gh\u1ebf \u0111\u1ed3ng b\u1ed9, b\u1ec1n \u0111\u1eb9p v\u00e0 sang tr\u1ecdng s\u1ebd t\u1ea1o \u1ea5n t\u01b0\u1ee3ng t\u1ed1t v\u1edbi \u0111\u1ed1i t\u00e1c, kh\u00e1ch h\u00e0ng c\u0169ng nh\u01b0 nh\u00e2n vi\u00ean tham d\u1ef1.<\/p>\n<p data-start=\"2586\" data-end=\"2880\">\u0110\u1ea7u t\u01b0 v\u00e0o SL905 l\u00e0 l\u1ef1a ch\u1ecdn kinh t\u1ebf v\u00e0 l\u00e2u d\u00e0i, v\u1edbi ch\u1ea5t li\u1ec7u b\u1ec1n b\u1ec9, ki\u1ec3u d\u00e1ng hi\u1ec7n \u0111\u1ea1i v\u00e0 kh\u1ea3 n\u0103ng d\u1ec5 ph\u1ed1i h\u1ee3p v\u1edbi nhi\u1ec1u m\u1eabu b\u00e0n h\u1ecdp kh\u00e1c nhau. S\u1ea3n ph\u1ea9m \u0111\u00e1p \u1ee9ng \u0111\u1ea7y \u0111\u1ee7 c\u00e1c ti\u00eau ch\u00ed v\u1ec1 ch\u1ea5t l\u01b0\u1ee3ng, th\u1ea9m m\u1ef9 v\u00e0 ti\u1ec7n d\u1ee5ng, g\u00f3p ph\u1ea7n ho\u00e0n thi\u1ec7n kh\u00f4ng gian h\u1ecdp chuy\u00ean nghi\u1ec7p, sang tr\u1ecdng v\u00e0 hi\u1ec7n \u0111\u1ea1i.<\/p>\n<p data-start=\"2882\" data-end=\"3032\" data-is-last-node=\"\" data-is-only-node=\"\">Qu\u00fd kh\u00e1ch c\u1ea7n t\u01b0 v\u1ea5n th\u00eam v\u1ec1 ch\u1ea5t li\u1ec7u, m\u00e0u s\u1eafc, s\u1ed1 l\u01b0\u1ee3ng ho\u1eb7c b\u00e1o gi\u00e1 d\u1ef1 \u00e1n l\u1edbn? H\u00e3y li\u00ean h\u1ec7 ngay \u0111\u1ec3 \u0111\u01b0\u1ee3c h\u1ed7 tr\u1ee3 nhanh ch\u00f3ng v\u00e0 nh\u1eadn \u01b0u \u0111\u00e3i t\u1ed1t nh\u1ea5t.<\/p>\n","protected":false},"excerpt":{"rendered":"<p data-start=\"59\" data-end=\"304\">Gh\u1ebf ph\u00f2ng h\u1ecdp SL905 l\u00e0 m\u1eabu gh\u1ebf h\u1ecdp cao c\u1ea5p v\u1edbi thi\u1ebft k\u1ebf hi\u1ec7n \u0111\u1ea1i, \u0111\u1ec7m t\u1ef1a m\u00fat b\u1ecdc da th\u1eadt ho\u1eb7c PVC t\u1ea1i m\u1eb7t ti\u1ebfp x\u00fac, \u1ed1p tay nh\u1ef1a \u0111en kh\u00f4ng b\u1ecdc PVC v\u00e0 ch\u00e2n th\u00e9p m\u1ea1 ch\u1eafc ch\u1eafn, mang \u0111\u1ebfn s\u1ef1 sang tr\u1ecdng, ti\u1ec7n d\u1ee5ng v\u00e0 b\u1ec1n b\u1ec9 cho kh\u00f4ng gian ph\u00f2ng h\u1ecdp.<\/p>\n<p data-start=\"306\" data-end=\"493\">K\u00edch th\u01b0\u1edbc: W595 x D700 x H1030 mm<\/p>\n<p data-start=\"306\" data-end=\"493\">Da &#8211; <span style=\"color: #ed1c24; font-size: 120%;\"><strong>3.137.000 \u0111<\/strong><\/span><br \/>\nPVC &#8211; <span style=\"color: #ed1c24; font-size: 120%;\"><strong>1.663.000 \u0111<\/strong><\/span><br data-start=\"340\" data-end=\"343\" \/>Xu\u1ea5t x\u1ee9: S\u1ea3n ph\u1ea9m c\u1ee7a c\u00f4ng ty <strong data-start=\"373\" data-end=\"393\">N\u1ed8I TH\u1ea4T THE ONE<\/strong> \u2013 Ph\u00e2n ph\u1ed1i b\u1edfi <strong data-start=\"410\" data-end=\"446\">C\u00d4NG TY TNHH SXTM TTNT H\u1eeeU TH\u1ecaNH<\/strong><br data-start=\"446\" data-end=\"449\" \/>B\u1ea3o h\u00e0nh: 12 th\u00e1ng theo ti\u00eau chu\u1ea9n nh\u00e0 m\u00e1y<\/p>\n<p data-start=\"495\" data-end=\"647\"><span style=\"color: #ed1c24;\"><em data-start=\"495\" data-end=\"647\">L\u01b0u \u00fd: Gi\u00e1 tr\u00ean ch\u01b0a bao g\u1ed3m VAT v\u00e0 ph\u00ed v\u1eadn chuy\u1ec3n. Gi\u00e1 s\u1ea3n ph\u1ea9m c\u00f3 th\u1ec3 thay \u0111\u1ed5i theo t\u1eebng th\u1eddi \u0111i\u1ec3m, vui l\u00f2ng li\u00ean h\u1ec7 \u0111\u1ec3 nh\u1eadn t\u01b0 v\u1ea5n \u01b0u \u0111\u00e3i t\u1ed1t nh\u1ea5t.<\/em><\/span><\/p>\n","protected":false},"featured_media":4647,"comment_status":"open","ping_status":"closed","template":"","meta":[],"product_brand":[],"product_cat":[17,313],"product_tag":[],"class_list":{"0":"post-4646","1":"product","2":"type-product","3":"status-publish","4":"has-post-thumbnail","6":"product_cat-noi-that-van-phong","7":"product_cat-ghe-phong-hop","9":"first","10":"instock","11":"taxable","12":"shipping-taxable","13":"purchasable","14":"product-type-simple"},"_links":{"self":[{"href":"https:\/\/www.noithathuuthinh.vn\/zh-hans\/wp-json\/wp\/v2\/product\/4646","targetHints":{"allow":["GET"]}}],"collection":[{"href":"https:\/\/www.noithathuuthinh.vn\/zh-hans\/wp-json\/wp\/v2\/product"}],"about":[{"href":"https:\/\/www.noithathuuthinh.vn\/zh-hans\/wp-json\/wp\/v2\/types\/product"}],"replies":[{"embeddable":true,"href":"https:\/\/www.noithathuuthinh.vn\/zh-hans\/wp-json\/wp\/v2\/comments?post=4646"}],"wp:featuredmedia":[{"embeddable":true,"href":"https:\/\/www.noithathuuthinh.vn\/zh-hans\/wp-json\/wp\/v2\/media\/4647"}],"wp:attachment":[{"href":"https:\/\/www.noithathuuthinh.vn\/zh-hans\/wp-json\/wp\/v2\/media?parent=4646"}],"wp:term":[{"taxonomy":"product_brand","embeddable":true,"href":"https:\/\/www.noithathuuthinh.vn\/zh-hans\/wp-json\/wp\/v2\/product_brand?post=4646"},{"taxonomy":"product_cat","embeddable":true,"href":"https:\/\/www.noithathuuthinh.vn\/zh-hans\/wp-json\/wp\/v2\/product_cat?post=4646"},{"taxonomy":"product_tag","embeddable":true,"href":"https:\/\/www.noithathuuthinh.vn\/zh-hans\/wp-json\/wp\/v2\/product_tag?post=4646"}],"curies":[{"name":"wp","href":"https:\/\/api.w.org\/{rel}","templated":true}]}}