{"id":4654,"date":"2025-11-26T09:35:29","date_gmt":"2025-11-26T02:35:29","guid":{"rendered":"https:\/\/noithathuuthinh.vn\/?post_type=product&#038;p=4654"},"modified":"2025-11-26T09:35:30","modified_gmt":"2025-11-26T02:35:30","slug":"ghe-phong-hop-sl926","status":"publish","type":"product","link":"https:\/\/www.noithathuuthinh.vn\/zh-hans\/san-pham\/ghe-phong-hop-sl926\/","title":{"rendered":"Gh\u1ebf ph\u00f2ng h\u1ecdp SL926"},"content":{"rendered":"<p data-start=\"677\" data-end=\"1291\">Gh\u1ebf ph\u00f2ng h\u1ecdp SL926 thu\u1ed9c d\u00f2ng gh\u1ebf h\u1ecdp cao c\u1ea5p \u0111\u01b0\u1ee3c thi\u1ebft k\u1ebf h\u01b0\u1edbng \u0111\u1ebfn s\u1ef1 sang tr\u1ecdng, \u0111\u1eb3ng c\u1ea5p v\u00e0 tr\u1ea3i nghi\u1ec7m tho\u1ea3i m\u00e1i cho ng\u01b0\u1eddi s\u1eed d\u1ee5ng. V\u1edbi phong c\u00e1ch hi\u1ec7n \u0111\u1ea1i k\u1ebft h\u1ee3p c\u00f9ng ch\u1ea5t li\u1ec7u cao c\u1ea5p, s\u1ea3n ph\u1ea9m kh\u00f4ng ch\u1ec9 l\u00e0 m\u1ed9t chi\u1ebfc gh\u1ebf ph\u1ee5c v\u1ee5 c\u00f4ng vi\u1ec7c m\u00e0 c\u00f2n g\u00f3p ph\u1ea7n n\u00e2ng t\u1ea7m h\u00ecnh \u1ea3nh ph\u00f2ng h\u1ecdp, t\u1ea1o n\u00ean kh\u00f4ng gian l\u00e0m vi\u1ec7c chuy\u00ean nghi\u1ec7p, uy t\u00edn cho doanh nghi\u1ec7p. Ngay t\u1eeb c\u00e1i nh\u00ecn \u0111\u1ea7u ti\u00ean, SL926 \u0111\u00e3 g\u00e2y \u1ea5n t\u01b0\u1ee3ng b\u1edfi ki\u1ec3u d\u00e1ng thanh tho\u00e1t nh\u01b0ng ch\u1eafc ch\u1eafn, c\u00e1c \u0111\u01b0\u1eddng n\u00e9t \u0111\u01b0\u1ee3c ch\u0103m ch\u00fat t\u1ec9 m\u1ec9, mang l\u1ea1i v\u1ebb \u0111\u1eb9p h\u00e0i h\u00f2a ph\u00f9 h\u1ee3p v\u1edbi nhi\u1ec1u phong c\u00e1ch n\u1ed9i th\u1ea5t v\u0103n ph\u00f2ng kh\u00e1c nhau.<\/p>\n<p data-start=\"1293\" data-end=\"1919\">\u0110i\u1ec3m n\u1ed5i b\u1eadt c\u1ee7a gh\u1ebf ph\u00f2ng h\u1ecdp SL926 n\u1eb1m \u1edf ph\u1ea7n \u0111\u1ec7m t\u1ef1a \u0111\u01b0\u1ee3c b\u1ecdc da th\u1eadt, da c\u00f4ng nghi\u1ec7p ho\u1eb7c PVC t\u00f9y theo nhu c\u1ea7u c\u1ee7a \u0111\u01a1n v\u1ecb s\u1eed d\u1ee5ng. Ch\u1ea5t li\u1ec7u da cao c\u1ea5p kh\u00f4ng ch\u1ec9 t\u1ea1o c\u1ea3m gi\u00e1c \u00eam \u00e1i khi t\u1ef1a l\u01b0ng m\u00e0 c\u00f2n mang l\u1ea1i \u0111\u1ed9 \u0111\u00e0n h\u1ed3i v\u00e0 \u0111\u1ed9 b\u1ec1n v\u01b0\u1ee3t tr\u1ed9i theo th\u1eddi gian. Vi\u1ec7c cho ph\u00e9p l\u1ef1a ch\u1ecdn nhi\u1ec1u lo\u1ea1i da kh\u00e1c nhau gi\u00fap doanh nghi\u1ec7p linh ho\u1ea1t trong vi\u1ec7c t\u1ed1i \u01b0u chi ph\u00ed ho\u1eb7c n\u00e2ng cao t\u00ednh th\u1ea9m m\u1ef9 theo t\u1eebng c\u1ea5p \u0111\u1ed9 ph\u00f2ng h\u1ecdp nh\u01b0 ph\u00f2ng h\u1ecdp gi\u00e1m \u0111\u1ed1c, ph\u00f2ng h\u1ecdp h\u1ed9i \u0111\u1ed3ng hay ph\u00f2ng h\u1ecdp ti\u1ebfp kh\u00e1ch quan tr\u1ecdng. Kh\u00f4ng ch\u1ec9 d\u1eebng l\u1ea1i \u1edf m\u00e0u s\u1eafc trang nh\u00e3, ch\u1ea5t li\u1ec7u da c\u00f2n d\u1ec5 d\u00e0ng v\u1ec7 sinh, h\u1ea1n ch\u1ebf b\u00e1m b\u1ee5i v\u00e0 ch\u1ecbu \u0111\u01b0\u1ee3c \u0111i\u1ec1u ki\u1ec7n s\u1eed d\u1ee5ng li\u00ean t\u1ee5c.<\/p>\n<p data-start=\"1921\" data-end=\"2469\">Thi\u1ebft k\u1ebf tay gh\u1ebf l\u00e0 m\u1ed9t \u0111i\u1ec3m nh\u1ea5n \u0111\u1eb7c bi\u1ec7t c\u1ee7a SL926 khi \u0111\u01b0\u1ee3c ch\u1ebf t\u00e1c t\u1eeb g\u1ed7 s\u01a1n k\u1ebft h\u1ee3p c\u00f9ng th\u00e9p m\u1ea1 s\u00e1ng b\u00f3ng. S\u1ef1 k\u1ebft h\u1ee3p gi\u1eefa hai ch\u1ea5t li\u1ec7u n\u00e0y t\u1ea1o n\u00ean t\u1ed5ng th\u1ec3 v\u1eeba hi\u1ec7n \u0111\u1ea1i v\u1eeba sang tr\u1ecdng, gi\u00fap t\u00f4n l\u00ean phong th\u00e1i chuy\u00ean nghi\u1ec7p cho kh\u00f4ng gian ph\u00f2ng h\u1ecdp. Tay g\u1ed7 \u0111\u01b0\u1ee3c x\u1eed l\u00fd k\u1ef9 l\u01b0\u1ee1ng, b\u1ec1 m\u1eb7t m\u1ecbn m\u00e0ng, \u0111\u01b0\u1eddng cong \u00f4m tay tho\u1ea3i m\u00e1i, h\u1ed7 tr\u1ee3 t\u01b0 th\u1ebf ng\u1ed3i \u0111\u00fang chu\u1ea9n v\u00e0 gi\u1ea3m m\u1ec7t m\u1ecfi khi ph\u1ea3i tham gia c\u00e1c cu\u1ed9c h\u1ecdp k\u00e9o d\u00e0i. Khung th\u00e9p m\u1ea1 gi\u00fap t\u0103ng c\u01b0\u1eddng \u0111\u1ed9 c\u1ee9ng, \u0111\u1ed9 b\u1ec1n v\u00e0 kh\u1ea3 n\u0103ng ch\u1ecbu l\u1ef1c t\u1ed1t, tr\u00e1nh cong v\u00eanh ho\u1eb7c han g\u1ec9 trong qu\u00e1 tr\u00ecnh s\u1eed d\u1ee5ng l\u00e2u d\u00e0i.<\/p>\n<p data-start=\"2471\" data-end=\"3039\">Ph\u1ea7n ch\u00e2n gh\u1ebf \u0111\u01b0\u1ee3c thi\u1ebft k\u1ebf d\u1ea1ng qu\u1ef3 v\u1edbi khung th\u00e9p m\u1ea1 cao c\u1ea5p, mang \u0111\u1ebfn s\u1ef1 v\u1eefng ch\u1eafc v\u00e0 \u1ed5n \u0111\u1ecbnh cho to\u00e0n b\u1ed9 s\u1ea3n ph\u1ea9m. Ki\u1ec3u d\u00e1ng ch\u00e2n qu\u1ef3 \u0111\u1eb7c tr\u01b0ng c\u00f2n gi\u00fap gh\u1ebf gi\u1eef th\u0103ng b\u1eb1ng t\u1ed1t, kh\u00f4ng b\u1ecb x\u00ea d\u1ecbch khi ng\u01b0\u1eddi s\u1eed d\u1ee5ng thay \u0111\u1ed5i t\u01b0 th\u1ebf. \u0110\u1ed3ng th\u1eddi, ch\u00e2n m\u1ea1 s\u00e1ng b\u00f3ng g\u00f3p ph\u1ea7n t\u1ea1o n\u00ean di\u1ec7n m\u1ea1o sang tr\u1ecdng, d\u1ec5 ph\u1ed1i h\u1ee3p v\u1edbi c\u00e1c lo\u1ea1i b\u00e0n h\u1ecdp g\u1ed7 t\u1ef1 nhi\u00ean, b\u00e0n h\u1ecdp melamine hay h\u1ec7 th\u1ed1ng n\u1ed9i th\u1ea5t v\u0103n ph\u00f2ng hi\u1ec7n \u0111\u1ea1i. K\u00edch th\u01b0\u1edbc W650 x D700 x H1130 mm \u0111\u01b0\u1ee3c t\u1ed1i \u01b0u nh\u1eb1m t\u1ea1o ra m\u1ed9t chi\u1ebfc gh\u1ebf v\u1eeba v\u1eb7n, h\u1ed7 tr\u1ee3 d\u00e1ng ng\u1ed3i chu\u1ea9n gi\u00fap h\u1ea1n ch\u1ebf \u0111au l\u01b0ng, vai g\u00e1y khi h\u1ecdp trong th\u1eddi gian d\u00e0i.<\/p>\n<p data-start=\"3041\" data-end=\"3504\">Gh\u1ebf ph\u00f2ng h\u1ecdp SL926 c\u00f2n s\u1edf h\u1eefu ph\u1ea7n t\u1ef1a l\u01b0ng cao, gi\u00fap n\u00e2ng \u0111\u1ee1 to\u00e0n b\u1ed9 ph\u1ea7n l\u01b0ng v\u00e0 ph\u1ea7n c\u1ed5 c\u1ee7a ng\u01b0\u1eddi ng\u1ed3i. Thi\u1ebft k\u1ebf t\u1ef1a li\u1ec1n kh\u1ed1i t\u1ea1o c\u1ea3m gi\u00e1c \u0111\u1ed3ng b\u1ed9, sang tr\u1ecdng v\u00e0 m\u1ea1nh m\u1ebd, ph\u00f9 h\u1ee3p v\u1edbi nh\u1eefng kh\u00f4ng gian y\u00eau c\u1ea7u t\u00ednh nghi\u00eam t\u00fac, chuy\u00ean nghi\u1ec7p. Nh\u1eefng \u0111\u01b0\u1eddng ch\u1ec9 may tinh t\u1ebf ch\u1ea1y d\u1ecdc th\u00e2n gh\u1ebf g\u00f3p ph\u1ea7n t\u0103ng t\u00ednh th\u1ea9m m\u1ef9 v\u00e0 t\u1ea1o \u0111\u1ed9 \u00f4m l\u01b0ng t\u1ed1t h\u01a1n. \u0110\u00e2y c\u0169ng l\u00e0 y\u1ebfu t\u1ed1 gi\u00fap SL926 lu\u00f4n n\u1eb1m trong top nh\u1eefng m\u1eabu gh\u1ebf ph\u00f2ng h\u1ecdp \u0111\u01b0\u1ee3c \u01b0a chu\u1ed9ng t\u1ea1i c\u00e1c doanh nghi\u1ec7p hi\u1ec7n nay.<\/p>\n<p data-start=\"3506\" data-end=\"3872\">M\u1ed9t \u01b0u \u0111i\u1ec3m kh\u00e1c c\u1ee7a SL926 l\u00e0 m\u00e0u s\u1eafc trang nh\u00e3, d\u1ec5 k\u1ebft h\u1ee3p v\u1edbi nhi\u1ec1u phong c\u00e1ch n\u1ed9i th\u1ea5t v\u0103n ph\u00f2ng. M\u00e0u da \u0111en sang tr\u1ecdng t\u1ea1o n\u00ean v\u1ebb \u0111\u1eb9p b\u1ec1n v\u1eefng theo th\u1eddi gian, \u0111\u1ed3ng th\u1eddi gi\u1eef \u0111\u01b0\u1ee3c s\u1ef1 s\u1ea1ch s\u1ebd v\u00e0 g\u1ecdn g\u00e0ng cho ph\u00f2ng h\u1ecdp. V\u1edbi SL926, doanh nghi\u1ec7p d\u1ec5 d\u00e0ng x\u00e2y d\u1ef1ng h\u00ecnh \u1ea3nh chuy\u00ean nghi\u1ec7p trong m\u1eaft \u0111\u1ed1i t\u00e1c v\u00e0 kh\u00e1ch h\u00e0ng, t\u1ea1o thi\u1ec7n c\u1ea3m trong qu\u00e1 tr\u00ecnh trao \u0111\u1ed5i, \u0111\u00e0m ph\u00e1n.<\/p>\n<p data-start=\"3874\" data-end=\"4413\" data-is-last-node=\"\" data-is-only-node=\"\">C\u00f3 th\u1ec3 n\u00f3i, gh\u1ebf ph\u00f2ng h\u1ecdp SL926 kh\u00f4ng ch\u1ec9 ch\u00fa tr\u1ecdng v\u00e0o ki\u1ec3u d\u00e1ng th\u1ea9m m\u1ef9 m\u00e0 c\u00f2n \u0111\u01b0\u1ee3c thi\u1ebft k\u1ebf theo ti\u00eau chu\u1ea9n c\u00f4ng th\u00e1i h\u1ecdc, mang l\u1ea1i s\u1ef1 tho\u1ea3i m\u00e1i t\u1ed1i \u0111a khi s\u1eed d\u1ee5ng. \u0110\u00e2y l\u00e0 l\u1ef1a ch\u1ecdn l\u00fd t\u01b0\u1edfng cho c\u00e1c kh\u00f4ng gian ph\u00f2ng h\u1ecdp quan tr\u1ecdng, ph\u00f2ng h\u1ecdp gi\u00e1m \u0111\u1ed1c, ph\u00f2ng h\u1ecdp h\u1ed9i ngh\u1ecb ho\u1eb7c ph\u00f2ng h\u1ecdp c\u1ee7a c\u00e1c doanh nghi\u1ec7p mu\u1ed1n \u0111\u1ea7u t\u01b0 v\u00e0o nh\u1eefng s\u1ea3n ph\u1ea9m ch\u1ea5t l\u01b0\u1ee3ng cao, b\u1ec1n b\u1ec9 theo th\u1eddi gian. V\u1edbi s\u1ef1 k\u1ebft h\u1ee3p ho\u00e0n h\u1ea3o gi\u1eefa ch\u1ea5t li\u1ec7u cao c\u1ea5p, thi\u1ebft k\u1ebf tinh t\u1ebf v\u00e0 \u0111\u1ed9 b\u1ec1n v\u01b0\u1ee3t tr\u1ed9i, SL926 ch\u1eafc ch\u1eafn s\u1ebd l\u00e0 \u0111i\u1ec3m nh\u1ea5n gi\u00fap n\u00e2ng t\u1ea7m kh\u00f4ng gian l\u00e0m vi\u1ec7c c\u1ee7a b\u1ea1n.<\/p>\n","protected":false},"excerpt":{"rendered":"<p>Gh\u1ebf ph\u00f2ng h\u1ecdp SL926 l\u00e0 m\u1eabu gh\u1ebf h\u1ecdp cao c\u1ea5p v\u1edbi thi\u1ebft k\u1ebf sang tr\u1ecdng, ph\u1ea7n \u0111\u1ec7m t\u1ef1a \u0111\u01b0\u1ee3c b\u1ecdc da th\u1eadt, da c\u00f4ng nghi\u1ec7p ho\u1eb7c PVC \u1edf c\u00e1c v\u1ecb tr\u00ed ti\u1ebfp x\u00fac, mang l\u1ea1i c\u1ea3m gi\u00e1c tho\u1ea3i m\u00e1i khi s\u1eed d\u1ee5ng. Tay gh\u1ebf l\u00e0m t\u1eeb g\u1ed7 s\u01a1n k\u1ebft h\u1ee3p khung th\u00e9p m\u1ea1 t\u1ea1o \u0111i\u1ec3m nh\u1ea5n tinh t\u1ebf v\u00e0 b\u1ec1n ch\u1eafc cho s\u1ea3n ph\u1ea9m.<br data-start=\"335\" data-end=\"338\" \/>K\u00edch th\u01b0\u1edbc: W650 x D700 x H1130 mm<\/p>\n<p>Da &#8211; <span style=\"color: #ed1c24; font-size: 120%;\"><strong>3.410.000 \u0111<\/strong><\/span><br \/>\nDa CN &#8211; <span style=\"color: #ed1c24; font-size: 120%;\"><strong>2.128.000 \u0111<\/strong><\/span><br \/>\nPVC &#8211; <span style=\"color: #ed1c24; font-size: 120%;\"><strong>2.047.000 \u0111<\/strong><\/span><br data-start=\"372\" data-end=\"375\" \/>Xu\u1ea5t x\u1ee9: S\u1ea3n ph\u1ea9m c\u1ee7a c\u00f4ng ty N\u1ed8I TH\u1ea4T THE ONE \u2013 Ph\u00e2n ph\u1ed1i b\u1edfi C\u00d4NG TY TNHH SXTM TTNT H\u1eeeU TH\u1ecaNH<br data-start=\"470\" data-end=\"473\" \/>B\u1ea3o h\u00e0nh: 12 th\u00e1ng theo ti\u00eau chu\u1ea9n nh\u00e0 m\u00e1y<br data-start=\"515\" data-end=\"518\" \/><span style=\"color: #ed1c24;\"><em data-start=\"518\" data-end=\"670\">L\u01b0u \u00fd: Gi\u00e1 tr\u00ean ch\u01b0a bao g\u1ed3m VAT v\u00e0 ph\u00ed v\u1eadn chuy\u1ec3n. Gi\u00e1 s\u1ea3n ph\u1ea9m c\u00f3 th\u1ec3 thay \u0111\u1ed5i theo t\u1eebng th\u1eddi \u0111i\u1ec3m, vui l\u00f2ng li\u00ean h\u1ec7 \u0111\u1ec3 nh\u1eadn t\u01b0 v\u1ea5n \u01b0u \u0111\u00e3i t\u1ed1t nh\u1ea5t.<\/em><\/span><\/p>\n","protected":false},"featured_media":4655,"comment_status":"open","ping_status":"closed","template":"","meta":[],"product_brand":[],"product_cat":[17,313],"product_tag":[],"class_list":{"0":"post-4654","1":"product","2":"type-product","3":"status-publish","4":"has-post-thumbnail","6":"product_cat-noi-that-van-phong","7":"product_cat-ghe-phong-hop","9":"first","10":"instock","11":"taxable","12":"shipping-taxable","13":"purchasable","14":"product-type-simple"},"_links":{"self":[{"href":"https:\/\/www.noithathuuthinh.vn\/zh-hans\/wp-json\/wp\/v2\/product\/4654","targetHints":{"allow":["GET"]}}],"collection":[{"href":"https:\/\/www.noithathuuthinh.vn\/zh-hans\/wp-json\/wp\/v2\/product"}],"about":[{"href":"https:\/\/www.noithathuuthinh.vn\/zh-hans\/wp-json\/wp\/v2\/types\/product"}],"replies":[{"embeddable":true,"href":"https:\/\/www.noithathuuthinh.vn\/zh-hans\/wp-json\/wp\/v2\/comments?post=4654"}],"wp:featuredmedia":[{"embeddable":true,"href":"https:\/\/www.noithathuuthinh.vn\/zh-hans\/wp-json\/wp\/v2\/media\/4655"}],"wp:attachment":[{"href":"https:\/\/www.noithathuuthinh.vn\/zh-hans\/wp-json\/wp\/v2\/media?parent=4654"}],"wp:term":[{"taxonomy":"product_brand","embeddable":true,"href":"https:\/\/www.noithathuuthinh.vn\/zh-hans\/wp-json\/wp\/v2\/product_brand?post=4654"},{"taxonomy":"product_cat","embeddable":true,"href":"https:\/\/www.noithathuuthinh.vn\/zh-hans\/wp-json\/wp\/v2\/product_cat?post=4654"},{"taxonomy":"product_tag","embeddable":true,"href":"https:\/\/www.noithathuuthinh.vn\/zh-hans\/wp-json\/wp\/v2\/product_tag?post=4654"}],"curies":[{"name":"wp","href":"https:\/\/api.w.org\/{rel}","templated":true}]}}