{"id":4676,"date":"2025-11-26T11:13:34","date_gmt":"2025-11-26T04:13:34","guid":{"rendered":"https:\/\/noithathuuthinh.vn\/?post_type=product&#038;p=4676"},"modified":"2025-11-26T11:13:35","modified_gmt":"2025-11-26T04:13:35","slug":"ghe-phong-hop-vt1k","status":"publish","type":"product","link":"https:\/\/www.noithathuuthinh.vn\/zh-hans\/san-pham\/ghe-phong-hop-vt1k\/","title":{"rendered":"Gh\u1ebf ph\u00f2ng h\u1ecdp VT1K"},"content":{"rendered":"<p data-start=\"736\" data-end=\"1239\">Gh\u1ebf ph\u00f2ng h\u1ecdp VT1K l\u00e0 l\u1ef1a ch\u1ecdn t\u1ed1i \u01b0u cho nh\u1eefng kh\u00f4ng gian ph\u00f2ng h\u1ecdp c\u1ea7n s\u1ef1 g\u1ecdn g\u00e0ng, linh ho\u1ea1t nh\u01b0ng v\u1eabn \u0111\u1ea3m b\u1ea3o \u0111\u1ed9 b\u1ec1n v\u00e0 s\u1ef1 tho\u1ea3i m\u00e1i cho ng\u01b0\u1eddi s\u1eed d\u1ee5ng. V\u1edbi thi\u1ebft k\u1ebf l\u01b0ng trung, kh\u00f4ng tay gh\u1ebf v\u00e0 k\u00edch th\u01b0\u1edbc nh\u1ecf g\u1ecdn, VT1K \u0111\u1eb7c bi\u1ec7t ph\u00f9 h\u1ee3p v\u1edbi c\u00e1c ph\u00f2ng h\u1ecdp nh\u1ecf, ph\u00f2ng h\u1ed9i th\u1ea3o ho\u1eb7c khu v\u1ef1c c\u1ea7n b\u1ed1 tr\u00ed nhi\u1ec1u gh\u1ebf c\u00f9ng l\u00fac. S\u1ea3n ph\u1ea9m mang l\u1ea1i s\u1ef1 ti\u1ec7n d\u1ee5ng t\u1ed1i \u0111a, d\u1ec5 di chuy\u1ec3n v\u00e0 s\u1eafp x\u1ebfp, gi\u00fap t\u1eadn d\u1ee5ng t\u1ed1i \u0111a kh\u00f4ng gian ph\u00f2ng h\u1ecdp m\u00e0 kh\u00f4ng l\u00e0m m\u1ea5t \u0111i t\u00ednh th\u1ea9m m\u1ef9.<\/p>\n<p data-start=\"1241\" data-end=\"1699\">Ph\u1ea7n \u0111\u1ec7m t\u1ef1a \u0111\u01b0\u1ee3c b\u1ecdc b\u1eb1ng v\u1ea3i n\u1ec9 m\u1ec1m m\u1ea1i ho\u1eb7c PVC d\u1ec5 lau ch\u00f9i, mang \u0111\u1ebfn c\u1ea3m gi\u00e1c \u00eam \u00e1i khi ng\u1ed3i, \u0111\u1ed3ng th\u1eddi d\u1ec5 v\u1ec7 sinh v\u00e0 b\u1ea3o qu\u1ea3n theo th\u1eddi gian. V\u1ea3i n\u1ec9 t\u1ea1o s\u1ef1 th\u00f4ng tho\u00e1ng, ph\u00f9 h\u1ee3p v\u1edbi m\u00f4i tr\u01b0\u1eddng v\u0103n ph\u00f2ng trong th\u1eddi gian d\u00e0i, c\u00f2n PVC gi\u00fap t\u0103ng t\u00ednh ti\u1ec7n l\u1ee3i, ph\u00f9 h\u1ee3p v\u1edbi nh\u1eefng n\u01a1i c\u00f3 y\u00eau c\u1ea7u cao v\u1ec1 v\u1ec7 sinh nhanh ch\u00f3ng v\u00e0 d\u1ec5 d\u00e0ng. Thi\u1ebft k\u1ebf \u0111\u1ec7m v\u00e0 t\u1ef1a gh\u1ebf \u0111\u01b0\u1ee3c nghi\u00ean c\u1ee9u nh\u1eb1m n\u00e2ng \u0111\u1ee1 l\u01b0ng v\u00e0 t\u1ea1o t\u01b0 th\u1ebf ng\u1ed3i chu\u1ea9n, h\u1ea1n ch\u1ebf m\u1ecfi l\u01b0ng trong c\u00e1c cu\u1ed9c h\u1ecdp d\u00e0i.<\/p>\n<p data-start=\"1701\" data-end=\"2177\">Khung gh\u1ebf s\u1eed d\u1ee5ng th\u00e9p m\u1ea1 s\u00e1ng b\u00f3ng ho\u1eb7c khung s\u01a1n t\u0129nh \u0111i\u1ec7n, mang l\u1ea1i \u0111\u1ed9 b\u1ec1n cao v\u00e0 kh\u1ea3 n\u0103ng ch\u1ecbu l\u1ef1c t\u1ed1t. L\u1edbp m\u1ea1 ch\u1ed1ng oxy h\u00f3a, gi\u00fap gh\u1ebf gi\u1eef \u0111\u01b0\u1ee3c v\u1ebb m\u1edbi l\u00e2u d\u00e0i, \u0111\u1ed3ng th\u1eddi h\u1ea1n ch\u1ebf t\u00ecnh tr\u1ea1ng han g\u1ec9 trong qu\u00e1 tr\u00ecnh s\u1eed d\u1ee5ng. Ch\u00e2n gh\u1ebf ch\u1eafc ch\u1eafn, \u0111\u1ea3m b\u1ea3o gh\u1ebf \u0111\u1ee9ng v\u1eefng tr\u00ean nhi\u1ec1u lo\u1ea1i m\u1eb7t s\u00e0n kh\u00e1c nhau, mang l\u1ea1i c\u1ea3m gi\u00e1c an to\u00e0n v\u00e0 \u1ed5n \u0111\u1ecbnh cho ng\u01b0\u1eddi ng\u1ed3i. \u0110\u00e2y l\u00e0 y\u1ebfu t\u1ed1 quan tr\u1ecdng gi\u00fap VT1K tr\u1edf th\u00e0nh s\u1ea3n ph\u1ea9m \u0111\u00e1ng tin c\u1eady trong m\u00f4i tr\u01b0\u1eddng v\u0103n ph\u00f2ng ho\u1eb7c h\u1ed9i tr\u01b0\u1eddng \u0111\u00f4ng ng\u01b0\u1eddi.<\/p>\n<p data-start=\"2179\" data-end=\"2606\">Ki\u1ec3u d\u00e1ng g\u1ecdn g\u00e0ng, kh\u00f4ng tay c\u1ee7a VT1K gi\u00fap ti\u1ebft ki\u1ec7m di\u1ec7n t\u00edch, \u0111\u1eb7c bi\u1ec7t khi s\u1eafp x\u1ebfp nhi\u1ec1u gh\u1ebf c\u1ea1nh nhau. K\u00edch th\u01b0\u1edbc W450 x D525 x H870 mm \u0111\u01b0\u1ee3c t\u1ed1i \u01b0u \u0111\u1ec3 ph\u00f9 h\u1ee3p v\u1edbi \u0111a s\u1ed1 v\u00f3c d\u00e1ng ng\u01b0\u1eddi Vi\u1ec7t, \u0111\u1ed3ng th\u1eddi \u0111\u1ea3m b\u1ea3o ng\u01b0\u1eddi ng\u1ed3i c\u00f3 t\u01b0 th\u1ebf chu\u1ea9n, tho\u1ea3i m\u00e1i v\u00e0 d\u1ec5 d\u00e0ng di chuy\u1ec3n khi c\u1ea7n thi\u1ebft. S\u1ea3n ph\u1ea9m gi\u00fap kh\u00f4ng gian ph\u00f2ng h\u1ecdp tr\u1edf n\u00ean ng\u0103n n\u1eafp, \u0111\u1ed3ng th\u1eddi thu\u1eadn ti\u1ec7n trong vi\u1ec7c b\u1ed1 tr\u00ed v\u00e0 t\u1ed5 ch\u1ee9c h\u1ed9i th\u1ea3o ho\u1eb7c c\u00e1c cu\u1ed9c h\u1ecdp \u0111\u00f4ng ng\u01b0\u1eddi.<\/p>\n<p data-start=\"2608\" data-end=\"2985\">Gh\u1ebf ph\u00f2ng h\u1ecdp VT1K d\u1ec5 d\u00e0ng ph\u1ed1i h\u1ee3p v\u1edbi nhi\u1ec1u lo\u1ea1i b\u00e0n h\u1ecdp kh\u00e1c nhau, t\u1eeb b\u00e0n g\u1ed7, b\u00e0n melamine \u0111\u1ebfn b\u00e0n ch\u00e2n s\u1eaft hi\u1ec7n \u0111\u1ea1i. M\u00e0u s\u1eafc trung t\u00ednh v\u00e0 ki\u1ec3u d\u00e1ng \u0111\u01a1n gi\u1ea3n gi\u00fap VT1K ph\u00f9 h\u1ee3p v\u1edbi \u0111a d\u1ea1ng phong c\u00e1ch n\u1ed9i th\u1ea5t, t\u1eeb hi\u1ec7n \u0111\u1ea1i, t\u1ed1i gi\u1ea3n \u0111\u1ebfn truy\u1ec1n th\u1ed1ng. S\u1ea3n ph\u1ea9m \u0111\u00e1p \u1ee9ng nhu c\u1ea7u s\u1eed d\u1ee5ng cho c\u1ea3 c\u00f4ng ty, c\u01a1 quan nh\u00e0 n\u01b0\u1edbc, tr\u01b0\u1eddng h\u1ecdc, trung t\u00e2m \u0111\u00e0o t\u1ea1o hay c\u00e1c h\u1ed9i tr\u01b0\u1eddng \u0111a n\u0103ng.<\/p>\n<p data-start=\"2987\" data-end=\"3421\" data-is-last-node=\"\" data-is-only-node=\"\">T\u1ed5ng th\u1ec3, gh\u1ebf ph\u00f2ng h\u1ecdp VT1K l\u00e0 l\u1ef1a ch\u1ecdn kinh t\u1ebf nh\u01b0ng v\u1eabn \u0111\u1ea3m b\u1ea3o c\u00e1c ti\u00eau ch\u00ed v\u1ec1 \u0111\u1ed9 b\u1ec1n, s\u1ef1 tho\u1ea3i m\u00e1i v\u00e0 t\u00ednh th\u1ea9m m\u1ef9. V\u1edbi thi\u1ebft k\u1ebf g\u1ecdn nh\u1eb9, khung ch\u1eafc ch\u1eafn, \u0111\u1ec7m t\u1ef1a \u00eam \u00e1i v\u00e0 kh\u1ea3 n\u0103ng d\u1ec5 d\u00e0ng di chuy\u1ec3n, VT1K \u0111\u00e1p \u1ee9ng nhu c\u1ea7u \u0111a d\u1ea1ng c\u1ee7a doanh nghi\u1ec7p trong vi\u1ec7c trang b\u1ecb n\u1ed9i th\u1ea5t ph\u00f2ng h\u1ecdp hi\u1ec7u qu\u1ea3. \u0110\u00e2y l\u00e0 s\u1ea3n ph\u1ea9m l\u00fd t\u01b0\u1edfng cho c\u00e1c \u0111\u01a1n v\u1ecb mu\u1ed1n t\u1ed1i \u01b0u kh\u00f4ng gian v\u00e0 chi ph\u00ed nh\u01b0ng v\u1eabn \u0111\u1ea3m b\u1ea3o ch\u1ea5t l\u01b0\u1ee3ng v\u00e0 tr\u1ea3i nghi\u1ec7m s\u1eed d\u1ee5ng l\u00e2u d\u00e0i.<\/p>\n","protected":false},"excerpt":{"rendered":"<p>Gh\u1ebf ph\u00f2ng h\u1ecdp VT1K l\u00e0 m\u1eabu gh\u1ebf h\u1ecdp l\u01b0ng trung \u0111\u01a1n gi\u1ea3n, ph\u00f9 h\u1ee3p v\u1edbi c\u00e1c ph\u00f2ng h\u1ecdp ho\u1eb7c h\u1ed9i tr\u01b0\u1eddng nh\u1ecf. Gh\u1ebf \u0111\u01b0\u1ee3c thi\u1ebft k\u1ebf v\u1edbi \u0111\u1ec7m t\u1ef1a b\u1ecdc v\u1ea3i n\u1ec9 ho\u1eb7c PVC, khung th\u00e9p m\u1ea1 b\u1ec1n b\u1ec9, kh\u00f4ng c\u00f3 tay gh\u1ebf, mang l\u1ea1i s\u1ef1 g\u1ecdn g\u00e0ng v\u00e0 linh ho\u1ea1t khi s\u1eed d\u1ee5ng. Ch\u00e2n gh\u1ebf c\u00f3 th\u1ec3 l\u00e0 khung th\u00e9p m\u1ea1 ho\u1eb7c khung s\u01a1n t\u0129nh \u0111i\u1ec7n, \u0111\u1ea3m b\u1ea3o \u0111\u1ed9 v\u1eefng ch\u1eafc v\u00e0 tu\u1ed5i th\u1ecd l\u00e2u d\u00e0i.<br data-start=\"395\" data-end=\"398\" \/>K\u00edch th\u01b0\u1edbc: W450 x D525 x H870 mm<\/p>\n<p>M\u1ea1 &#8211; <span style=\"color: #ed1c24; font-size: 120%;\"><strong>804.000 \u0111<\/strong><\/span><br \/>\nS\u01a1n t\u0129nh \u0111i\u1ec7n &#8211; <span style=\"color: #ed1c24; font-size: 120%;\"><strong>707.000 \u0111<\/strong><\/span><br data-start=\"431\" data-end=\"434\" \/>Xu\u1ea5t x\u1ee9: S\u1ea3n ph\u1ea9m c\u1ee7a c\u00f4ng ty N\u1ed8I TH\u1ea4T THE ONE \u2013 Ph\u00e2n ph\u1ed1i b\u1edfi C\u00d4NG TY TNHH SXTM TTNT H\u1eeeU TH\u1ecaNH<br data-start=\"529\" data-end=\"532\" \/>B\u1ea3o h\u00e0nh: 12 th\u00e1ng theo ti\u00eau chu\u1ea9n nh\u00e0 m\u00e1y<br data-start=\"574\" data-end=\"577\" \/><span style=\"color: #ed1c24;\"><em data-start=\"577\" data-end=\"729\">L\u01b0u \u00fd: Gi\u00e1 tr\u00ean ch\u01b0a bao g\u1ed3m VAT v\u00e0 ph\u00ed v\u1eadn chuy\u1ec3n. Gi\u00e1 s\u1ea3n ph\u1ea9m c\u00f3 th\u1ec3 thay \u0111\u1ed5i theo t\u1eebng th\u1eddi \u0111i\u1ec3m, vui l\u00f2ng li\u00ean h\u1ec7 \u0111\u1ec3 nh\u1eadn t\u01b0 v\u1ea5n \u01b0u \u0111\u00e3i t\u1ed1t nh\u1ea5t.<\/em><\/span><\/p>\n","protected":false},"featured_media":4678,"comment_status":"open","ping_status":"closed","template":"","meta":[],"product_brand":[],"product_cat":[17,313],"product_tag":[],"class_list":{"0":"post-4676","1":"product","2":"type-product","3":"status-publish","4":"has-post-thumbnail","6":"product_cat-noi-that-van-phong","7":"product_cat-ghe-phong-hop","9":"first","10":"instock","11":"taxable","12":"shipping-taxable","13":"purchasable","14":"product-type-simple"},"_links":{"self":[{"href":"https:\/\/www.noithathuuthinh.vn\/zh-hans\/wp-json\/wp\/v2\/product\/4676","targetHints":{"allow":["GET"]}}],"collection":[{"href":"https:\/\/www.noithathuuthinh.vn\/zh-hans\/wp-json\/wp\/v2\/product"}],"about":[{"href":"https:\/\/www.noithathuuthinh.vn\/zh-hans\/wp-json\/wp\/v2\/types\/product"}],"replies":[{"embeddable":true,"href":"https:\/\/www.noithathuuthinh.vn\/zh-hans\/wp-json\/wp\/v2\/comments?post=4676"}],"wp:featuredmedia":[{"embeddable":true,"href":"https:\/\/www.noithathuuthinh.vn\/zh-hans\/wp-json\/wp\/v2\/media\/4678"}],"wp:attachment":[{"href":"https:\/\/www.noithathuuthinh.vn\/zh-hans\/wp-json\/wp\/v2\/media?parent=4676"}],"wp:term":[{"taxonomy":"product_brand","embeddable":true,"href":"https:\/\/www.noithathuuthinh.vn\/zh-hans\/wp-json\/wp\/v2\/product_brand?post=4676"},{"taxonomy":"product_cat","embeddable":true,"href":"https:\/\/www.noithathuuthinh.vn\/zh-hans\/wp-json\/wp\/v2\/product_cat?post=4676"},{"taxonomy":"product_tag","embeddable":true,"href":"https:\/\/www.noithathuuthinh.vn\/zh-hans\/wp-json\/wp\/v2\/product_tag?post=4676"}],"curies":[{"name":"wp","href":"https:\/\/api.w.org\/{rel}","templated":true}]}}