{"id":4685,"date":"2025-11-26T11:51:13","date_gmt":"2025-11-26T04:51:13","guid":{"rendered":"https:\/\/noithathuuthinh.vn\/?post_type=product&#038;p=4685"},"modified":"2025-11-26T11:51:13","modified_gmt":"2025-11-26T04:51:13","slug":"ghe-phong-hop-vt3b","status":"publish","type":"product","link":"https:\/\/www.noithathuuthinh.vn\/zh-hans\/san-pham\/ghe-phong-hop-vt3b\/","title":{"rendered":"Gh\u1ebf ph\u00f2ng h\u1ecdp VT3B"},"content":{"rendered":"<p data-start=\"744\" data-end=\"1236\">Gh\u1ebf ph\u00f2ng h\u1ecdp VT3B l\u00e0 l\u1ef1a ch\u1ecdn t\u1ed1i \u01b0u cho c\u00e1c ph\u00f2ng h\u1ecdp, h\u1ed9i tr\u01b0\u1eddng ho\u1eb7c trung t\u00e2m \u0111\u00e0o t\u1ea1o, n\u01a1i ng\u01b0\u1eddi d\u00f9ng c\u1ea7n k\u1ebft h\u1ee3p gi\u1eefa gh\u1ebf ng\u1ed3i v\u00e0 b\u00e0n vi\u1ebft ti\u1ec7n l\u1ee3i. V\u1edbi khung th\u00e9p s\u01a1n t\u0129nh \u0111i\u1ec7n ch\u1eafc ch\u1eafn v\u00e0 b\u1ec1n b\u1ec9, VT3B \u0111\u1ea3m b\u1ea3o s\u1ef1 \u1ed5n \u0111\u1ecbnh trong qu\u00e1 tr\u00ecnh s\u1eed d\u1ee5ng, \u0111\u1ed3ng th\u1eddi mang \u0111\u1ebfn \u0111\u1ed9 b\u1ec1n l\u00e2u d\u00e0i v\u00e0 d\u1ec5 b\u1ea3o qu\u1ea3n. M\u1eb7t b\u00e0n vi\u1ebft g\u1ed7 Melamine ho\u1eb7c nh\u1ef1a \u0111\u01b0\u1ee3c thi\u1ebft k\u1ebf v\u1eeba t\u1ea7m, t\u1ea1o thu\u1eadn ti\u1ec7n cho vi\u1ec7c ghi ch\u00e9p, h\u1ecdc t\u1eadp ho\u1eb7c l\u00e0m vi\u1ec7c trong c\u00e1c bu\u1ed5i h\u1ed9i th\u1ea3o k\u00e9o d\u00e0i.<\/p>\n<p data-start=\"1238\" data-end=\"1619\">Thi\u1ebft k\u1ebf gh\u1ebf VT3B h\u01b0\u1edbng t\u1edbi s\u1ef1 ti\u1ec7n d\u1ee5ng v\u00e0 hi\u1ec7u qu\u1ea3. M\u1eb7t b\u00e0n vi\u1ebft t\u00edch h\u1ee3p gi\u00fap ng\u01b0\u1eddi ng\u1ed3i d\u1ec5 d\u00e0ng \u0111\u1eb7t t\u00e0i li\u1ec7u, m\u00e1y t\u00ednh b\u1ea3ng ho\u1eb7c c\u00e1c v\u1eadt d\u1ee5ng c\u1ea7n thi\u1ebft trong khi tham gia cu\u1ed9c h\u1ecdp. Vi\u1ec7c l\u1ef1a ch\u1ecdn gi\u1eefa b\u00e0n g\u1ed7 Melamine ho\u1eb7c b\u00e0n nh\u1ef1a gi\u00fap doanh nghi\u1ec7p linh ho\u1ea1t theo nhu c\u1ea7u v\u00e0 ng\u00e2n s\u00e1ch. B\u1ec1 m\u1eb7t b\u00e0n d\u1ec5 lau ch\u00f9i, ch\u1ed1ng tr\u1ea7y x\u01b0\u1edbc, mang l\u1ea1i tr\u1ea3i nghi\u1ec7m s\u1eed d\u1ee5ng b\u1ec1n b\u1ec9 theo th\u1eddi gian.<\/p>\n<p data-start=\"1621\" data-end=\"2023\">Khung gh\u1ebf \u0111\u01b0\u1ee3c l\u00e0m t\u1eeb th\u00e9p s\u01a1n t\u0129nh \u0111i\u1ec7n, v\u1eeba ch\u1eafc ch\u1eafn v\u1eeba c\u00f3 kh\u1ea3 n\u0103ng ch\u1ed1ng oxy h\u00f3a, b\u1ea3o v\u1ec7 gh\u1ebf kh\u1ecfi han g\u1ec9 v\u00e0 h\u01b0 h\u1ecfng trong m\u00f4i tr\u01b0\u1eddng l\u00e0m vi\u1ec7c h\u00e0ng ng\u00e0y. Ch\u00e2n gh\u1ebf v\u1eefng ch\u1eafc, mang l\u1ea1i s\u1ef1 \u1ed5n \u0111\u1ecbnh cao, gi\u00fap ng\u01b0\u1eddi ng\u1ed3i an t\u00e2m ngay c\u1ea3 khi s\u1eed d\u1ee5ng b\u00e0n vi\u1ebft t\u00edch h\u1ee3p. Thi\u1ebft k\u1ebf t\u1ed5ng th\u1ec3 c\u1ee7a gh\u1ebf c\u00e2n \u0111\u1ed1i, ph\u00f9 h\u1ee3p v\u1edbi nhi\u1ec1u kh\u00f4ng gian, t\u1eeb ph\u00f2ng h\u1ecdp c\u00f4ng ty, h\u1ed9i tr\u01b0\u1eddng, \u0111\u1ebfn c\u00e1c l\u1edbp h\u1ecdc hay trung t\u00e2m \u0111\u00e0o t\u1ea1o.<\/p>\n<p data-start=\"2025\" data-end=\"2382\">K\u00edch th\u01b0\u1edbc W640 x D580-820 x H850 mm \u0111\u01b0\u1ee3c thi\u1ebft k\u1ebf t\u1ed1i \u01b0u \u0111\u1ec3 \u0111\u1ea3m b\u1ea3o t\u01b0 th\u1ebf ng\u1ed3i tho\u1ea3i m\u00e1i cho \u0111a s\u1ed1 ng\u01b0\u1eddi s\u1eed d\u1ee5ng. Chi\u1ec1u s\u00e2u gh\u1ebf v\u00e0 chi\u1ec1u cao m\u1eb7t b\u00e0n ph\u00f9 h\u1ee3p v\u1edbi c\u01a1 th\u1ec3 ng\u01b0\u1eddi Vi\u1ec7t, gi\u00fap ng\u01b0\u1eddi ng\u1ed3i c\u00f3 tr\u1ea3i nghi\u1ec7m tho\u1ea3i m\u00e1i v\u00e0 hi\u1ec7u qu\u1ea3. S\u1ea3n ph\u1ea9m c\u0169ng gi\u00fap ti\u1ebft ki\u1ec7m kh\u00f4ng gian nh\u1edd thi\u1ebft k\u1ebf g\u1ecdn g\u00e0ng, thu\u1eadn ti\u1ec7n cho vi\u1ec7c b\u1ed1 tr\u00ed nhi\u1ec1u gh\u1ebf trong c\u00f9ng m\u1ed9t ph\u00f2ng.<\/p>\n<p data-start=\"2384\" data-end=\"2754\">Gh\u1ebf ph\u00f2ng h\u1ecdp VT3B c\u00f3 ki\u1ec3u d\u00e1ng hi\u1ec7n \u0111\u1ea1i, ph\u00f9 h\u1ee3p v\u1edbi nhi\u1ec1u phong c\u00e1ch n\u1ed9i th\u1ea5t. M\u00e0u s\u1eafc trung t\u00ednh v\u00e0 thi\u1ebft k\u1ebf tinh g\u1ecdn gi\u00fap s\u1ea3n ph\u1ea9m d\u1ec5 ph\u1ed1i h\u1ee3p v\u1edbi b\u00e0n h\u1ecdp, t\u1ee7 h\u1ed3 s\u01a1 v\u00e0 c\u00e1c \u0111\u1ed3 n\u1ed9i th\u1ea5t kh\u00e1c trong v\u0103n ph\u00f2ng ho\u1eb7c h\u1ed9i tr\u01b0\u1eddng. \u0110\u00e2y l\u00e0 l\u1ef1a ch\u1ecdn l\u00fd t\u01b0\u1edfng cho c\u00e1c \u0111\u01a1n v\u1ecb mu\u1ed1n n\u00e2ng c\u1ea5p ph\u00f2ng h\u1ecdp ho\u1eb7c trang b\u1ecb cho trung t\u00e2m \u0111\u00e0o t\u1ea1o, l\u1edbp h\u1ecdc v\u1edbi gi\u1ea3i ph\u00e1p gh\u1ebf k\u00e8m b\u00e0n ti\u1ec7n l\u1ee3i.<\/p>\n<p data-start=\"2756\" data-end=\"3174\" data-is-last-node=\"\" data-is-only-node=\"\">T\u1ed5ng th\u1ec3, gh\u1ebf ph\u00f2ng h\u1ecdp VT3B l\u00e0 s\u1ea3n ph\u1ea9m \u0111a n\u0103ng, k\u1ebft h\u1ee3p s\u1ef1 ti\u1ec7n d\u1ee5ng c\u1ee7a b\u00e0n vi\u1ebft v\u1edbi \u0111\u1ed9 b\u1ec1n v\u00e0 t\u00ednh th\u1ea9m m\u1ef9 c\u1ee7a gh\u1ebf khung th\u00e9p s\u01a1n t\u0129nh \u0111i\u1ec7n. \u0110\u00e2y l\u00e0 gi\u1ea3i ph\u00e1p th\u00f4ng minh, gi\u00fap t\u1ed1i \u01b0u kh\u00f4ng gian v\u00e0 n\u00e2ng cao hi\u1ec7u qu\u1ea3 s\u1eed d\u1ee5ng cho m\u1ecdi kh\u00f4ng gian h\u1ecdp, h\u1ed9i th\u1ea3o ho\u1eb7c h\u1ecdc t\u1eadp. V\u1edbi ch\u1ea5t l\u01b0\u1ee3ng b\u1ec1n b\u1ec9, thi\u1ebft k\u1ebf ti\u1ec7n d\u1ee5ng v\u00e0 kh\u1ea3 n\u0103ng ph\u1ed1i h\u1ee3p linh ho\u1ea1t, VT3B l\u00e0 l\u1ef1a ch\u1ecdn \u0111\u00e1ng c\u00e2n nh\u1eafc cho c\u00e1c doanh nghi\u1ec7p v\u00e0 \u0111\u01a1n v\u1ecb gi\u00e1o d\u1ee5c.<\/p>\n","protected":false},"excerpt":{"rendered":"<p>Gh\u1ebf ph\u00f2ng h\u1ecdp VT3B l\u00e0 m\u1eabu gh\u1ebf h\u1ecdp \u0111a n\u0103ng, \u0111\u01b0\u1ee3c trang b\u1ecb khung th\u00e9p s\u01a1n t\u0129nh \u0111i\u1ec7n b\u1ec1n b\u1ec9 v\u00e0 ch\u1eafc ch\u1eafn. Gh\u1ebf c\u00f3 m\u1eb7t b\u00e0n vi\u1ebft nh\u1ef1a ti\u1ec7n d\u1ee5ng, ph\u1ee5c v\u1ee5 t\u1ed1t cho vi\u1ec7c ghi ch\u00e9p ho\u1eb7c l\u00e0m vi\u1ec7c trong c\u00e1c bu\u1ed5i h\u1ecdp, h\u1ed9i th\u1ea3o. Thi\u1ebft k\u1ebf gh\u1ebf v\u1eeba v\u1eb7n, g\u1ecdn g\u00e0ng, ph\u00f9 h\u1ee3p v\u1edbi nhi\u1ec1u kh\u00f4ng gian ph\u00f2ng h\u1ecdp, h\u1ed9i tr\u01b0\u1eddng hay trung t\u00e2m \u0111\u00e0o t\u1ea1o.<br data-start=\"399\" data-end=\"402\" \/>K\u00edch th\u01b0\u1edbc: W640 x D580-820 x H850 mm<br data-start=\"439\" data-end=\"442\" \/>Xu\u1ea5t x\u1ee9: S\u1ea3n ph\u1ea9m c\u1ee7a c\u00f4ng ty N\u1ed8I TH\u1ea4T THE ONE \u2013 Ph\u00e2n ph\u1ed1i b\u1edfi C\u00d4NG TY TNHH SXTM TTNT H\u1eeeU TH\u1ecaNH<br data-start=\"537\" data-end=\"540\" \/>B\u1ea3o h\u00e0nh: 12 th\u00e1ng theo ti\u00eau chu\u1ea9n nh\u00e0 m\u00e1y<br data-start=\"582\" data-end=\"585\" \/><span style=\"color: #ed1c24;\"><em data-start=\"585\" data-end=\"737\">L\u01b0u \u00fd: Gi\u00e1 tr\u00ean ch\u01b0a bao g\u1ed3m VAT v\u00e0 ph\u00ed v\u1eadn chuy\u1ec3n. Gi\u00e1 s\u1ea3n ph\u1ea9m c\u00f3 th\u1ec3 thay \u0111\u1ed5i theo t\u1eebng th\u1eddi \u0111i\u1ec3m, vui l\u00f2ng li\u00ean h\u1ec7 \u0111\u1ec3 nh\u1eadn t\u01b0 v\u1ea5n \u01b0u \u0111\u00e3i t\u1ed1t nh\u1ea5t.<\/em><\/span><\/p>\n","protected":false},"featured_media":4686,"comment_status":"open","ping_status":"closed","template":"","meta":[],"product_brand":[],"product_cat":[17,313],"product_tag":[],"class_list":{"0":"post-4685","1":"product","2":"type-product","3":"status-publish","4":"has-post-thumbnail","6":"product_cat-noi-that-van-phong","7":"product_cat-ghe-phong-hop","9":"first","10":"instock","11":"taxable","12":"shipping-taxable","13":"purchasable","14":"product-type-simple"},"_links":{"self":[{"href":"https:\/\/www.noithathuuthinh.vn\/zh-hans\/wp-json\/wp\/v2\/product\/4685","targetHints":{"allow":["GET"]}}],"collection":[{"href":"https:\/\/www.noithathuuthinh.vn\/zh-hans\/wp-json\/wp\/v2\/product"}],"about":[{"href":"https:\/\/www.noithathuuthinh.vn\/zh-hans\/wp-json\/wp\/v2\/types\/product"}],"replies":[{"embeddable":true,"href":"https:\/\/www.noithathuuthinh.vn\/zh-hans\/wp-json\/wp\/v2\/comments?post=4685"}],"wp:featuredmedia":[{"embeddable":true,"href":"https:\/\/www.noithathuuthinh.vn\/zh-hans\/wp-json\/wp\/v2\/media\/4686"}],"wp:attachment":[{"href":"https:\/\/www.noithathuuthinh.vn\/zh-hans\/wp-json\/wp\/v2\/media?parent=4685"}],"wp:term":[{"taxonomy":"product_brand","embeddable":true,"href":"https:\/\/www.noithathuuthinh.vn\/zh-hans\/wp-json\/wp\/v2\/product_brand?post=4685"},{"taxonomy":"product_cat","embeddable":true,"href":"https:\/\/www.noithathuuthinh.vn\/zh-hans\/wp-json\/wp\/v2\/product_cat?post=4685"},{"taxonomy":"product_tag","embeddable":true,"href":"https:\/\/www.noithathuuthinh.vn\/zh-hans\/wp-json\/wp\/v2\/product_tag?post=4685"}],"curies":[{"name":"wp","href":"https:\/\/api.w.org\/{rel}","templated":true}]}}