{"id":4707,"date":"2025-11-26T15:10:29","date_gmt":"2025-11-26T08:10:29","guid":{"rendered":"https:\/\/noithathuuthinh.vn\/?post_type=product&#038;p=4707"},"modified":"2025-11-26T15:10:29","modified_gmt":"2025-11-26T08:10:29","slug":"ghe-luoi-gl306","status":"publish","type":"product","link":"https:\/\/www.noithathuuthinh.vn\/zh-hans\/san-pham\/ghe-luoi-gl306\/","title":{"rendered":"Gh\u1ebf l\u01b0\u1edbi GL306"},"content":{"rendered":"<p data-start=\"850\" data-end=\"1375\">Gh\u1ebf l\u01b0\u1edbi GL306 l\u00e0 d\u00f2ng gh\u1ebf v\u0103n ph\u00f2ng cao c\u1ea5p \u0111\u01b0\u1ee3c thi\u1ebft k\u1ebf nh\u1eb1m mang l\u1ea1i s\u1ef1 tho\u1ea3i m\u00e1i t\u1ed1i \u0111a cho ng\u01b0\u1eddi d\u00f9ng trong m\u00f4i tr\u01b0\u1eddng l\u00e0m vi\u1ec7c hi\u1ec7n \u0111\u1ea1i. V\u1edbi s\u1ef1 k\u1ebft h\u1ee3p ho\u00e0n h\u1ea3o gi\u1eefa \u0111\u1ec7m m\u00fat b\u1ecdc v\u1ea3i m\u1ec1m m\u1ea1i v\u00e0 t\u1ef1a l\u01b0ng l\u01b0\u1edbi tho\u00e1ng kh\u00ed, gh\u1ebf gi\u00fap h\u1ea1n ch\u1ebf t\u00edch nhi\u1ec7t, t\u1ea1o c\u1ea3m gi\u00e1c d\u1ec5 ch\u1ecbu trong su\u1ed1t th\u1eddi gian l\u00e0m vi\u1ec7c d\u00e0i. Thi\u1ebft k\u1ebf mang t\u00ednh c\u00f4ng th\u00e1i h\u1ecdc cao c\u1ee7a GL306 h\u1ed7 tr\u1ee3 n\u00e2ng \u0111\u1ee1 c\u1ed9t s\u1ed1ng m\u1ed9t c\u00e1ch t\u1ed1i \u01b0u, gi\u00fap gi\u1ea3m thi\u1ec3u c\u00e1c v\u1ea5n \u0111\u1ec1 \u0111au m\u1ecfi l\u01b0ng, vai v\u00e0 c\u1ed5 m\u00e0 d\u00e2n v\u0103n ph\u00f2ng th\u01b0\u1eddng g\u1eb7p ph\u1ea3i.<\/p>\n<p data-start=\"1377\" data-end=\"1916\">M\u1ed9t \u0111i\u1ec3m n\u1ed5i b\u1eadt c\u1ee7a GL306 l\u00e0 tay gh\u1ebf b\u1eb1ng nh\u1ef1a c\u00f3 kh\u1ea3 n\u0103ng \u0111i\u1ec1u ch\u1ec9nh \u0111a d\u1ea1ng: t\u00f9y ch\u1ec9nh chi\u1ec1u cao, tr\u01b0\u1ee3t tr\u01b0\u1edbc\u2013sau v\u00e0 xoay theo nhu c\u1ea7u. T\u00ednh n\u0103ng n\u00e0y gi\u00fap ng\u01b0\u1eddi d\u00f9ng thi\u1ebft l\u1eadp v\u1ecb tr\u00ed ph\u00f9 h\u1ee3p nh\u1ea5t cho ph\u1ea7n tay, gi\u1ea3m \u00e1p l\u1ef1c l\u00ean vai v\u00e0 h\u1ed7 tr\u1ee3 t\u01b0 th\u1ebf ng\u1ed3i chu\u1ea9n, \u0111\u1eb7c bi\u1ec7t h\u1eefu \u00edch cho ng\u01b0\u1eddi th\u01b0\u1eddng xuy\u00ean g\u00f5 ph\u00edm ho\u1eb7c s\u1eed d\u1ee5ng m\u00e1y t\u00ednh. Ngo\u00e0i ra, gh\u1ebf c\u00f2n h\u1ed7 tr\u1ee3 ch\u1ebf \u0111\u1ed9 ng\u1ea3 h\u00e3m nhi\u1ec1u g\u00f3c \u0111\u1ed9, cho ph\u00e9p ng\u01b0\u1eddi d\u00f9ng d\u1ec5 d\u00e0ng ng\u1ea3 l\u01b0ng th\u01b0 gi\u00e3n trong nh\u1eefng l\u00fac ngh\u1ec9 ng\u1eafn gi\u1eefa gi\u1edd, t\u1ea1o s\u1ef1 tho\u1ea3i m\u00e1i v\u01b0\u1ee3t tr\u1ed9i so v\u1edbi c\u00e1c d\u00f2ng gh\u1ebf v\u0103n ph\u00f2ng th\u00f4ng th\u01b0\u1eddng.<\/p>\n<p data-start=\"1918\" data-end=\"2245\">Ch\u00e2n gh\u1ebf l\u00e0m t\u1eeb th\u00e9p m\u1ea1 ch\u1eafc ch\u1eafn, b\u1ec1n \u0111\u1eb9p v\u00e0 s\u00e1ng b\u00f3ng, gi\u00fap t\u0103ng \u0111\u1ed9 \u1ed5n \u0111\u1ecbnh v\u00e0 ch\u1ecbu l\u1ef1c t\u1ed1t. Thi\u1ebft k\u1ebf ch\u00e2n v\u1edbi c\u1ea5u tr\u00fac ch\u1eafc ch\u1eafn gi\u00fap gh\u1ebf v\u1eefng ch\u00e3i ngay c\u1ea3 khi ng\u01b0\u1eddi d\u00f9ng ng\u1ea3 l\u01b0ng \u1edf m\u1ee9c t\u1ed1i \u0111a. L\u1edbp m\u1ea1 ch\u1ea5t l\u01b0\u1ee3ng cao ch\u1ed1ng g\u1ec9 s\u00e9t v\u00e0 gi\u1eef cho s\u1ea3n ph\u1ea9m lu\u00f4n nh\u01b0 m\u1edbi trong th\u1eddi gian d\u00e0i, \u0111\u1ea3m b\u1ea3o t\u00ednh th\u1ea9m m\u1ef9 v\u00e0 \u0111\u1ed9 b\u1ec1n v\u01b0\u1ee3t tr\u1ed9i.<\/p>\n<p data-start=\"2247\" data-end=\"2696\">Gh\u1ebf l\u01b0\u1edbi GL306 c\u00f3 k\u00edch th\u01b0\u1edbc linh ho\u1ea1t W640 x D550\u2013855 x H1240\u20131315 mm, ph\u00f9 h\u1ee3p v\u1edbi nhi\u1ec1u h\u00ecnh th\u1ec3 ng\u01b0\u1eddi d\u00f9ng v\u00e0 nhi\u1ec1u ki\u1ec3u b\u00e0n l\u00e0m vi\u1ec7c kh\u00e1c nhau. \u0110\u1ed9 s\u00e2u gh\u1ebf c\u00f3 th\u1ec3 thay \u0111\u1ed5i t\u1eeb 550 \u0111\u1ebfn 855 mm, cho ph\u00e9p \u0111i\u1ec1u ch\u1ec9nh ph\u00f9 h\u1ee3p v\u1edbi nhu c\u1ea7u ng\u1ed3i tho\u00e1ng ho\u1eb7c ng\u1ed3i ch\u1eafc ch\u1eafn, t\u0103ng t\u00ednh c\u00e1 nh\u00e2n h\u00f3a cho tr\u1ea3i nghi\u1ec7m s\u1eed d\u1ee5ng. Vi\u1ec7c \u0111i\u1ec1u ch\u1ec9nh chi\u1ec1u cao d\u1ec5 d\u00e0ng c\u0169ng gi\u00fap gh\u1ebf t\u01b0\u01a1ng th\u00edch v\u1edbi \u0111a d\u1ea1ng chi\u1ec1u cao b\u00e0n, t\u1ea1o s\u1ef1 thu\u1eadn ti\u1ec7n trong m\u1ecdi m\u00f4i tr\u01b0\u1eddng l\u00e0m vi\u1ec7c.<\/p>\n<p data-start=\"2698\" data-end=\"3061\">V\u1ec1 m\u1eb7t th\u1ea9m m\u1ef9, GL306 s\u1edf h\u1eefu thi\u1ebft k\u1ebf hi\u1ec7n \u0111\u1ea1i, tinh t\u1ebf, v\u1edbi t\u1ef1a l\u01b0ng l\u01b0\u1edbi v\u00e0 khung gh\u1ebf ch\u1eafc kh\u1ecfe. S\u1ea3n ph\u1ea9m d\u1ec5 d\u00e0ng k\u1ebft h\u1ee3p v\u1edbi nhi\u1ec1u phong c\u00e1ch n\u1ed9i th\u1ea5t v\u0103n ph\u00f2ng nh\u01b0 t\u1ed1i gi\u1ea3n, hi\u1ec7n \u0111\u1ea1i, chuy\u00ean nghi\u1ec7p hay sang tr\u1ecdng. Gh\u1ebf kh\u00f4ng ch\u1ec9 mang l\u1ea1i s\u1ef1 tho\u1ea3i m\u00e1i khi s\u1eed d\u1ee5ng m\u00e0 c\u00f2n g\u00f3p ph\u1ea7n t\u1ea1o d\u1ef1ng h\u00ecnh \u1ea3nh l\u00e0m vi\u1ec7c chuy\u00ean nghi\u1ec7p, n\u00e2ng cao di\u1ec7n m\u1ea1o kh\u00f4ng gian v\u0103n ph\u00f2ng.<\/p>\n<p data-start=\"3063\" data-end=\"3461\" data-is-last-node=\"\" data-is-only-node=\"\">L\u00e0 l\u1ef1a ch\u1ecdn l\u00fd t\u01b0\u1edfng cho nh\u00e2n vi\u00ean v\u0103n ph\u00f2ng, qu\u1ea3n l\u00fd ho\u1eb7c ng\u01b0\u1eddi l\u00e0m vi\u1ec7c t\u1ea1i nh\u00e0, gh\u1ebf l\u01b0\u1edbi GL306 \u0111\u00e1p \u1ee9ng \u0111\u1ea7y \u0111\u1ee7 c\u00e1c ti\u00eau ch\u00ed c\u1ea7n c\u00f3 c\u1ee7a m\u1ed9t chi\u1ebfc gh\u1ebf ch\u1ea5t l\u01b0\u1ee3ng cao: b\u1ec1n b\u1ec9, tho\u00e1ng kh\u00ed, linh ho\u1ea1t v\u00e0 th\u1ea9m m\u1ef9. V\u1edbi nh\u1eefng t\u00ednh n\u0103ng v\u01b0\u1ee3t tr\u1ed9i c\u00f9ng thi\u1ebft k\u1ebf h\u01b0\u1edbng \u0111\u1ebfn s\u1ee9c kh\u1ecfe ng\u01b0\u1eddi d\u00f9ng, GL306 ho\u00e0n to\u00e0n x\u1ee9ng \u0111\u00e1ng tr\u1edf th\u00e0nh m\u1ed9t trong nh\u1eefng m\u1eabu gh\u1ebf \u0111\u00e1ng \u0111\u1ea7u t\u01b0 nh\u1ea5t cho m\u1ecdi kh\u00f4ng gian l\u00e0m vi\u1ec7c hi\u1ec7n \u0111\u1ea1i.<\/p>\n","protected":false},"excerpt":{"rendered":"<p data-start=\"20\" data-end=\"843\">Gh\u1ebf l\u01b0\u1edbi GL306 l\u00e0 m\u1eabu gh\u1ebf v\u0103n ph\u00f2ng cao c\u1ea5p \u0111\u01b0\u1ee3c thi\u1ebft k\u1ebf t\u1eadp trung v\u00e0o s\u1ef1 tho\u1ea3i m\u00e1i v\u00e0 kh\u1ea3 n\u0103ng t\u00f9y ch\u1ec9nh linh ho\u1ea1t, v\u1edbi \u0111\u1ec7m m\u00fat b\u1ecdc v\u1ea3i \u00eam \u00e1i, t\u1ef1a nh\u1ef1a b\u1ecdc v\u1ea3i l\u01b0\u1edbi tho\u00e1ng kh\u00ed c\u00f9ng tay gh\u1ebf nh\u1ef1a c\u00f3 th\u1ec3 \u0111i\u1ec1u ch\u1ec9nh cao th\u1ea5p, tr\u01b0\u1ee3t v\u00e0 xoay ti\u1ec7n d\u1ee5ng. Gh\u1ebf h\u1ed7 tr\u1ee3 ng\u1ea3 h\u00e3m nhi\u1ec1u g\u00f3c \u0111\u1ed9 gi\u00fap ng\u01b0\u1eddi d\u00f9ng d\u1ec5 d\u00e0ng th\u01b0 gi\u00e3n sau nh\u1eefng gi\u1edd l\u00e0m vi\u1ec7c c\u0103ng th\u1eb3ng. Ch\u00e2n gh\u1ebf s\u1eed d\u1ee5ng ch\u1ea5t li\u1ec7u th\u00e9p m\u1ea1 ch\u1eafc ch\u1eafn, \u0111\u1ea3m b\u1ea3o \u0111\u1ed9 b\u1ec1n v\u00e0 s\u1ef1 \u1ed5n \u0111\u1ecbnh trong qu\u00e1 tr\u00ecnh s\u1eed d\u1ee5ng.<br data-start=\"499\" data-end=\"502\" \/>K\u00edch th\u01b0\u1edbc: W640 x D550\u2013855 x H1240\u20131315 mm<br data-start=\"545\" data-end=\"548\" \/>Xu\u1ea5t x\u1ee9: S\u1ea3n ph\u1ea9m c\u1ee7a c\u00f4ng ty N\u1ed8I TH\u1ea4T THE ONE \u2013 Ph\u00e2n ph\u1ed1i b\u1edfi C\u00d4NG TY TNHH SXTM TTNT H\u1eeeU TH\u1ecaNH<br data-start=\"643\" data-end=\"646\" \/>B\u1ea3o h\u00e0nh: 12 th\u00e1ng theo ti\u00eau chu\u1ea9n nh\u00e0 m\u00e1y<br data-start=\"688\" data-end=\"691\" \/><span style=\"color: #ed1c24;\"><em data-start=\"691\" data-end=\"843\">L\u01b0u \u00fd: Gi\u00e1 tr\u00ean ch\u01b0a bao g\u1ed3m VAT v\u00e0 ph\u00ed v\u1eadn chuy\u1ec3n. Gi\u00e1 s\u1ea3n ph\u1ea9m c\u00f3 th\u1ec3 thay \u0111\u1ed5i theo t\u1eebng th\u1eddi \u0111i\u1ec3m, vui l\u00f2ng li\u00ean h\u1ec7 \u0111\u1ec3 nh\u1eadn t\u01b0 v\u1ea5n \u01b0u \u0111\u00e3i t\u1ed1t nh\u1ea5t.<\/em><\/span><\/p>\n","protected":false},"featured_media":4708,"comment_status":"open","ping_status":"closed","template":"","meta":[],"product_brand":[],"product_cat":[17,356],"product_tag":[],"class_list":{"0":"post-4707","1":"product","2":"type-product","3":"status-publish","4":"has-post-thumbnail","6":"product_cat-noi-that-van-phong","7":"product_cat-ghe-luoi-cao-cap","9":"first","10":"instock","11":"taxable","12":"shipping-taxable","13":"purchasable","14":"product-type-simple"},"_links":{"self":[{"href":"https:\/\/www.noithathuuthinh.vn\/zh-hans\/wp-json\/wp\/v2\/product\/4707","targetHints":{"allow":["GET"]}}],"collection":[{"href":"https:\/\/www.noithathuuthinh.vn\/zh-hans\/wp-json\/wp\/v2\/product"}],"about":[{"href":"https:\/\/www.noithathuuthinh.vn\/zh-hans\/wp-json\/wp\/v2\/types\/product"}],"replies":[{"embeddable":true,"href":"https:\/\/www.noithathuuthinh.vn\/zh-hans\/wp-json\/wp\/v2\/comments?post=4707"}],"wp:featuredmedia":[{"embeddable":true,"href":"https:\/\/www.noithathuuthinh.vn\/zh-hans\/wp-json\/wp\/v2\/media\/4708"}],"wp:attachment":[{"href":"https:\/\/www.noithathuuthinh.vn\/zh-hans\/wp-json\/wp\/v2\/media?parent=4707"}],"wp:term":[{"taxonomy":"product_brand","embeddable":true,"href":"https:\/\/www.noithathuuthinh.vn\/zh-hans\/wp-json\/wp\/v2\/product_brand?post=4707"},{"taxonomy":"product_cat","embeddable":true,"href":"https:\/\/www.noithathuuthinh.vn\/zh-hans\/wp-json\/wp\/v2\/product_cat?post=4707"},{"taxonomy":"product_tag","embeddable":true,"href":"https:\/\/www.noithathuuthinh.vn\/zh-hans\/wp-json\/wp\/v2\/product_tag?post=4707"}],"curies":[{"name":"wp","href":"https:\/\/api.w.org\/{rel}","templated":true}]}}