{"id":4711,"date":"2025-11-26T15:17:09","date_gmt":"2025-11-26T08:17:09","guid":{"rendered":"https:\/\/noithathuuthinh.vn\/?post_type=product&#038;p=4711"},"modified":"2025-11-26T15:17:09","modified_gmt":"2025-11-26T08:17:09","slug":"ghe-luoi-gl307","status":"publish","type":"product","link":"https:\/\/www.noithathuuthinh.vn\/zh-hans\/san-pham\/ghe-luoi-gl307\/","title":{"rendered":"Gh\u1ebf l\u01b0\u1edbi GL307"},"content":{"rendered":"<p data-start=\"837\" data-end=\"1399\">Gh\u1ebf l\u01b0\u1edbi GL307 l\u00e0 l\u1ef1a ch\u1ecdn l\u00fd t\u01b0\u1edfng d\u00e0nh cho c\u00e1c v\u0103n ph\u00f2ng hi\u1ec7n \u0111\u1ea1i nh\u1edd thi\u1ebft k\u1ebf ti\u1ec7n d\u1ee5ng, ch\u1ea5t li\u1ec7u b\u1ec1n b\u1ec9 v\u00e0 ki\u1ec3u d\u00e1ng thanh tho\u00e1t, ph\u00f9 h\u1ee3p v\u1edbi nhi\u1ec1u kh\u00f4ng gian l\u00e0m vi\u1ec7c kh\u00e1c nhau. V\u1edbi c\u1ea5u tr\u00fac khung th\u00e9p m\u1ea1 cao c\u1ea5p, chi\u1ebfc gh\u1ebf mang \u0111\u1ebfn \u0111\u1ed9 v\u1eefng ch\u1eafc v\u01b0\u1ee3t tr\u1ed9i, \u0111\u1ea3m b\u1ea3o an to\u00e0n cho ng\u01b0\u1eddi d\u00f9ng trong qu\u00e1 tr\u00ecnh l\u00e0m vi\u1ec7c ho\u1eb7c th\u01b0 gi\u00e3n. Ph\u1ea7n l\u01b0ng t\u1ef1a \u0111\u01b0\u1ee3c b\u1ecdc v\u1ea3i l\u01b0\u1edbi ch\u1ecbu l\u1ef1c c\u00f3 kh\u1ea3 n\u0103ng tho\u00e1ng kh\u00ed t\u1ed1t, gi\u00fap h\u1ea1n ch\u1ebf t\u00ecnh tr\u1ea1ng t\u00edch nhi\u1ec7t v\u00e0 mang l\u1ea1i c\u1ea3m gi\u00e1c tho\u1ea3i m\u00e1i ngay c\u1ea3 khi ng\u1ed3i l\u00e0m vi\u1ec7c trong nhi\u1ec1u gi\u1edd li\u00ean t\u1ee5c.<\/p>\n<p data-start=\"1401\" data-end=\"1770\">Gh\u1ebf l\u01b0\u1edbi GL307 s\u1edf h\u1eefu \u0111\u1ec7m m\u00fat b\u1ecdc v\u1ea3i \u00eam \u00e1i, gi\u00fap ng\u01b0\u1eddi d\u00f9ng gi\u1ea3m \u00e1p l\u1ef1c l\u00ean v\u00f9ng h\u00f4ng v\u00e0 \u0111\u00f9i, h\u1ea1n ch\u1ebf t\u00ecnh tr\u1ea1ng t\u00ea m\u1ecfi th\u01b0\u1eddng g\u1eb7p khi ng\u1ed3i l\u00e2u. V\u1edbi chi\u1ec1u cao l\u01b0ng v\u1eeba v\u1eb7n c\u00f9ng thi\u1ebft k\u1ebf d\u00e1ng t\u1ef1a cong nh\u1eb9, gh\u1ebf h\u1ed7 tr\u1ee3 n\u00e2ng \u0111\u1ee1 c\u1ed9t s\u1ed1ng m\u1ed9t c\u00e1ch t\u1ef1 nhi\u00ean, g\u00f3p ph\u1ea7n c\u1ea3i thi\u1ec7n t\u01b0 th\u1ebf ng\u1ed3i v\u00e0 gi\u1ea3m \u0111au m\u1ecfi l\u01b0ng, \u0111\u1eb7c bi\u1ec7t ph\u00f9 h\u1ee3p cho d\u00e2n v\u0103n ph\u00f2ng ho\u1eb7c ng\u01b0\u1eddi l\u00e0m vi\u1ec7c t\u1ea1i nh\u00e0.<\/p>\n<p data-start=\"1772\" data-end=\"2244\">Ch\u00e2n v\u00e0 tay gh\u1ebf \u0111\u01b0\u1ee3c l\u00e0m t\u1eeb th\u00e9p m\u1ea1 s\u00e1ng b\u00f3ng, kh\u00f4ng ch\u1ec9 mang \u0111\u1ebfn v\u1ebb ngo\u00e0i sang tr\u1ecdng m\u00e0 c\u00f2n t\u0103ng \u0111\u1ed9 b\u1ec1n, ch\u1ed1ng g\u1ec9 s\u00e9t hi\u1ec7u qu\u1ea3 khi s\u1eed d\u1ee5ng trong m\u00f4i tr\u01b0\u1eddng \u0111i\u1ec1u h\u00f2a. Tay gh\u1ebf c\u1ed1 \u0111\u1ecbnh ch\u1eafc ch\u1eafn, gi\u00fap ng\u01b0\u1eddi d\u00f9ng c\u00f3 \u0111i\u1ec3m t\u1ef1a tho\u1ea3i m\u00e1i khi thao t\u00e1c, g\u00f5 ph\u00edm ho\u1eb7c ng\u1ea3 l\u01b0ng nh\u1eb9 \u0111\u1ec3 th\u01b0 gi\u00e3n. V\u1edbi l\u00f5i th\u00e9p m\u1ea1 c\u00f3 kh\u1ea3 n\u0103ng ch\u1ecbu l\u1ef1c t\u1ed1t, gh\u1ebf duy tr\u00ec s\u1ef1 \u1ed5n \u0111\u1ecbnh trong su\u1ed1t qu\u00e1 tr\u00ecnh s\u1eed d\u1ee5ng, ph\u00f9 h\u1ee3p cho c\u1ea3 nh\u00e2n vi\u00ean v\u0103n ph\u00f2ng l\u1eabn c\u00e1c khu v\u1ef1c ph\u00f2ng h\u1ecdp \u0111\u00f2i h\u1ecfi s\u1ef1 g\u1ecdn g\u00e0ng v\u00e0 tinh t\u1ebf.<\/p>\n<p data-start=\"2246\" data-end=\"2625\">K\u00edch th\u01b0\u1edbc ti\u00eau chu\u1ea9n W550 x D650 x H1050\u20131130 mm gi\u00fap gh\u1ebf l\u01b0\u1edbi GL307 d\u1ec5 d\u00e0ng k\u1ebft h\u1ee3p v\u1edbi nhi\u1ec1u ki\u1ec3u b\u00e0n l\u00e0m vi\u1ec7c kh\u00e1c nhau. \u0110\u1ed9 cao gh\u1ebf c\u00f3 th\u1ec3 \u0111i\u1ec1u ch\u1ec9nh linh ho\u1ea1t, gi\u00fap s\u1ea3n ph\u1ea9m t\u01b0\u01a1ng th\u00edch t\u1ed1t v\u1edbi nhi\u1ec1u chi\u1ec1u cao c\u01a1 th\u1ec3 v\u00e0 phong c\u00e1ch ng\u1ed3i c\u1ee7a ng\u01b0\u1eddi d\u00f9ng. Thi\u1ebft k\u1ebf th\u00f4ng minh n\u00e0y kh\u00f4ng ch\u1ec9 mang l\u1ea1i s\u1ef1 thu\u1eadn ti\u1ec7n m\u00e0 c\u00f2n t\u0103ng hi\u1ec7u su\u1ea5t l\u00e0m vi\u1ec7c nh\u1edd h\u1ed7 tr\u1ee3 t\u01b0 th\u1ebf ng\u1ed3i \u0111\u00fang chu\u1ea9n.<\/p>\n<p data-start=\"2627\" data-end=\"2948\">\u0110i\u1ec3m \u0111\u1eb7c bi\u1ec7t c\u1ee7a GL307 l\u00e0 s\u1ea3n ph\u1ea9m c\u00f3 hai l\u1ef1a ch\u1ecdn \u0111\u00f3ng g\u00f3i: GL307 (\u0111\u00f3ng 01 s\u1ea3n ph\u1ea9m\/h\u1ed9p) v\u00e0 GL307R (\u0111\u00f3ng 02 s\u1ea3n ph\u1ea9m\/h\u1ed9p). \u0110\u00e2y l\u00e0 l\u1ee3i th\u1ebf \u0111\u1ed1i v\u1edbi c\u00e1c doanh nghi\u1ec7p c\u1ea7n v\u1eadn chuy\u1ec3n s\u1ed1 l\u01b0\u1ee3ng l\u1edbn ho\u1eb7c t\u1ed1i \u01b0u chi ph\u00ed kho b\u00e3i v\u00e0 l\u1eafp \u0111\u1eb7t. Vi\u1ec7c \u0111\u00f3ng g\u00f3i g\u1ecdn g\u00e0ng c\u0169ng gi\u00fap \u0111\u1ea3m b\u1ea3o an to\u00e0n cho s\u1ea3n ph\u1ea9m trong qu\u00e1 tr\u00ecnh giao nh\u1eadn.<\/p>\n<p data-start=\"2950\" data-end=\"3266\">V\u1ec1 th\u1ea9m m\u1ef9, gh\u1ebf l\u01b0\u1edbi GL307 mang phong c\u00e1ch hi\u1ec7n \u0111\u1ea1i, t\u1ed1i gi\u1ea3n, ph\u00f9 h\u1ee3p v\u1edbi nhi\u1ec1u kh\u00f4ng gian t\u1eeb v\u0103n ph\u00f2ng l\u00e0m vi\u1ec7c, ph\u00f2ng h\u1ecdp \u0111\u1ebfn khu v\u1ef1c ti\u1ebfp kh\u00e1ch. S\u1ef1 k\u1ebft h\u1ee3p gi\u1eefa ch\u1ea5t li\u1ec7u l\u01b0\u1edbi tho\u00e1ng v\u00e0 th\u00e9p m\u1ea1 s\u00e1ng mang \u0111\u1ebfn v\u1ebb ngo\u00e0i sang tr\u1ecdng, chuy\u00ean nghi\u1ec7p, gi\u00fap n\u00e2ng t\u1ea7m h\u00ecnh \u1ea3nh doanh nghi\u1ec7p trong m\u1eaft kh\u00e1ch h\u00e0ng v\u00e0 \u0111\u1ed1i t\u00e1c.<\/p>\n<p data-start=\"3268\" data-end=\"3716\" data-is-last-node=\"\" data-is-only-node=\"\">T\u1ed5ng th\u1ec3, gh\u1ebf l\u01b0\u1edbi GL307 l\u00e0 s\u1ea3n ph\u1ea9m h\u1ed9i t\u1ee5 \u0111\u1ea7y \u0111\u1ee7 c\u00e1c y\u1ebfu t\u1ed1: b\u1ec1n b\u1ec9, tho\u00e1ng kh\u00ed, th\u1ea9m m\u1ef9 v\u00e0 ti\u1ec7n d\u1ee5ng. V\u1edbi thi\u1ebft k\u1ebf c\u00f4ng th\u00e1i h\u1ecdc, ch\u1ea5t li\u1ec7u cao c\u1ea5p v\u00e0 kh\u1ea3 n\u0103ng \u0111i\u1ec1u ch\u1ec9nh linh ho\u1ea1t, GL307 x\u1ee9ng \u0111\u00e1ng l\u00e0 l\u1ef1a ch\u1ecdn ho\u00e0n h\u1ea3o cho m\u1ecdi v\u0103n ph\u00f2ng hi\u1ec7n \u0111\u1ea1i \u0111ang t\u00ecm ki\u1ebfm m\u1ed9t m\u1eabu gh\u1ebf v\u1eeba \u0111\u1eb9p, v\u1eeba tho\u1ea3i m\u00e1i l\u1ea1i c\u00f3 gi\u00e1 tr\u1ecb s\u1eed d\u1ee5ng l\u00e2u d\u00e0i. N\u1ebfu b\u1ea1n mu\u1ed1n n\u00e2ng c\u1ea5p kh\u00f4ng gian l\u00e0m vi\u1ec7c c\u1ee7a m\u00ecnh theo h\u01b0\u1edbng chuy\u00ean nghi\u1ec7p h\u01a1n, GL307 ch\u00ednh l\u00e0 gi\u1ea3i ph\u00e1p \u0111\u00e1ng \u0111\u1ea7u t\u01b0.<\/p>\n","protected":false},"excerpt":{"rendered":"<p>Gh\u1ebf l\u01b0\u1edbi GL307 l\u00e0 m\u1eabu gh\u1ebf v\u0103n ph\u00f2ng hi\u1ec7n \u0111\u1ea1i s\u1eed d\u1ee5ng khung th\u00e9p m\u1ea1 ch\u1eafc ch\u1eafn, ph\u1ea7n t\u1ef1a b\u1ecdc v\u1ea3i l\u01b0\u1edbi ch\u1ecbu l\u1ef1c tho\u00e1ng kh\u00ed k\u1ebft h\u1ee3p \u0111\u1ec7m m\u00fat b\u1ecdc v\u1ea3i \u00eam \u00e1i mang l\u1ea1i c\u1ea3m gi\u00e1c tho\u1ea3i m\u00e1i khi l\u00e0m vi\u1ec7c trong th\u1eddi gian d\u00e0i. Gh\u1ebf \u0111\u01b0\u1ee3c thi\u1ebft k\u1ebf v\u1edbi ch\u00e2n v\u00e0 tay th\u00e9p m\u1ea1 b\u1ec1n b\u1ec9, gi\u1eef \u0111\u01b0\u1ee3c v\u1ebb sang tr\u1ecdng v\u00e0 \u0111\u1ed9 \u1ed5n \u0111\u1ecbnh khi s\u1eed d\u1ee5ng. S\u1ea3n ph\u1ea9m c\u00f3 hai phi\u00ean b\u1ea3n \u0111\u00f3ng g\u00f3i: GL307 (01 s\u1ea3n ph\u1ea9m\/h\u1ed9p) v\u00e0 GL307R (02 s\u1ea3n ph\u1ea9m\/h\u1ed9p), ph\u00f9 h\u1ee3p cho nhu c\u1ea7u l\u1eafp \u0111\u1eb7t linh ho\u1ea1t.<br data-start=\"490\" data-end=\"493\" \/>K\u00edch th\u01b0\u1edbc: W550 x D650 x H1050\u20131130 mm<\/p>\n<p>GL307 &#8211; <span style=\"color: #ed1c24; font-size: 120%;\"><strong>2.175.000 \u0111<\/strong><\/span><br \/>\nGL307R &#8211; <span style=\"color: #ed1c24; font-size: 120%;\"><strong>1.721.000 \u0111<\/strong><\/span><br data-start=\"532\" data-end=\"535\" \/>Xu\u1ea5t x\u1ee9: S\u1ea3n ph\u1ea9m c\u1ee7a c\u00f4ng ty N\u1ed8I TH\u1ea4T THE ONE \u2013 Ph\u00e2n ph\u1ed1i b\u1edfi C\u00d4NG TY TNHH SXTM TTNT H\u1eeeU TH\u1ecaNH<br data-start=\"630\" data-end=\"633\" data-is-only-node=\"\" \/>B\u1ea3o h\u00e0nh: 12 th\u00e1ng theo ti\u00eau chu\u1ea9n nh\u00e0 m\u00e1y<br data-start=\"675\" data-end=\"678\" \/><span style=\"color: #ed1c24;\"><em data-start=\"678\" data-end=\"830\">L\u01b0u \u00fd: Gi\u00e1 tr\u00ean ch\u01b0a bao g\u1ed3m VAT v\u00e0 ph\u00ed v\u1eadn chuy\u1ec3n. Gi\u00e1 s\u1ea3n ph\u1ea9m c\u00f3 th\u1ec3 thay \u0111\u1ed5i theo t\u1eebng th\u1eddi \u0111i\u1ec3m, vui l\u00f2ng li\u00ean h\u1ec7 \u0111\u1ec3 nh\u1eadn t\u01b0 v\u1ea5n \u01b0u \u0111\u00e3i t\u1ed1t nh\u1ea5t.<\/em><\/span><\/p>\n","protected":false},"featured_media":4712,"comment_status":"open","ping_status":"closed","template":"","meta":[],"product_brand":[],"product_cat":[17,356],"product_tag":[],"class_list":{"0":"post-4711","1":"product","2":"type-product","3":"status-publish","4":"has-post-thumbnail","6":"product_cat-noi-that-van-phong","7":"product_cat-ghe-luoi-cao-cap","9":"first","10":"instock","11":"taxable","12":"shipping-taxable","13":"purchasable","14":"product-type-simple"},"_links":{"self":[{"href":"https:\/\/www.noithathuuthinh.vn\/zh-hans\/wp-json\/wp\/v2\/product\/4711","targetHints":{"allow":["GET"]}}],"collection":[{"href":"https:\/\/www.noithathuuthinh.vn\/zh-hans\/wp-json\/wp\/v2\/product"}],"about":[{"href":"https:\/\/www.noithathuuthinh.vn\/zh-hans\/wp-json\/wp\/v2\/types\/product"}],"replies":[{"embeddable":true,"href":"https:\/\/www.noithathuuthinh.vn\/zh-hans\/wp-json\/wp\/v2\/comments?post=4711"}],"wp:featuredmedia":[{"embeddable":true,"href":"https:\/\/www.noithathuuthinh.vn\/zh-hans\/wp-json\/wp\/v2\/media\/4712"}],"wp:attachment":[{"href":"https:\/\/www.noithathuuthinh.vn\/zh-hans\/wp-json\/wp\/v2\/media?parent=4711"}],"wp:term":[{"taxonomy":"product_brand","embeddable":true,"href":"https:\/\/www.noithathuuthinh.vn\/zh-hans\/wp-json\/wp\/v2\/product_brand?post=4711"},{"taxonomy":"product_cat","embeddable":true,"href":"https:\/\/www.noithathuuthinh.vn\/zh-hans\/wp-json\/wp\/v2\/product_cat?post=4711"},{"taxonomy":"product_tag","embeddable":true,"href":"https:\/\/www.noithathuuthinh.vn\/zh-hans\/wp-json\/wp\/v2\/product_tag?post=4711"}],"curies":[{"name":"wp","href":"https:\/\/api.w.org\/{rel}","templated":true}]}}