{"id":4743,"date":"2025-11-28T08:35:05","date_gmt":"2025-11-28T01:35:05","guid":{"rendered":"https:\/\/noithathuuthinh.vn\/?post_type=product&#038;p=4743"},"modified":"2025-11-28T08:35:05","modified_gmt":"2025-11-28T01:35:05","slug":"ghe-luoi-gl323","status":"publish","type":"product","link":"https:\/\/www.noithathuuthinh.vn\/zh-hans\/san-pham\/ghe-luoi-gl323\/","title":{"rendered":"Gh\u1ebf l\u01b0\u1edbi GL323"},"content":{"rendered":"<p data-start=\"783\" data-end=\"1358\">Gh\u1ebf l\u01b0\u1edbi GL323 thu\u1ed9c d\u00f2ng gh\u1ebf v\u0103n ph\u00f2ng cao c\u1ea5p, \u0111\u01b0\u1ee3c thi\u1ebft k\u1ebf h\u01b0\u1edbng \u0111\u1ebfn s\u1ef1 tho\u1ea3i m\u00e1i t\u1ed1i \u0111a cho ng\u01b0\u1eddi s\u1eed d\u1ee5ng trong m\u00f4i tr\u01b0\u1eddng l\u00e0m vi\u1ec7c hi\u1ec7n \u0111\u1ea1i. S\u1ea3n ph\u1ea9m ghi \u0111i\u1ec3m ngay t\u1eeb c\u00e1i nh\u00ecn \u0111\u1ea7u ti\u00ean nh\u1edd ki\u1ec3u d\u00e1ng tinh g\u1ecdn, k\u1ebft c\u1ea5u h\u00e0i h\u00f2a gi\u1eefa ph\u1ea7n l\u01b0ng l\u01b0\u1edbi v\u00e0 khung ch\u00e2n th\u00e9p m\u1ea1, t\u1ea1o c\u1ea3m gi\u00e1c v\u1eeba m\u1ea1nh m\u1ebd v\u1eeba thanh tho\u00e1t. V\u1edbi nh\u1eefng ng\u01b0\u1eddi ph\u1ea3i ng\u1ed3i l\u00e0m vi\u1ec7c nhi\u1ec1u gi\u1edd li\u1ec1n m\u1ed7i ng\u00e0y, m\u1ed9t chi\u1ebfc gh\u1ebf c\u00f3 th\u1ec3 h\u1ed7 tr\u1ee3 th\u01b0 gi\u00e3n linh ho\u1ea1t nh\u01b0 GL323 ch\u00ednh l\u00e0 l\u1ef1a ch\u1ecdn gi\u00fap n\u00e2ng cao tr\u1ea3i nghi\u1ec7m l\u00e0m vi\u1ec7c, gi\u1ea3m thi\u1ec3u m\u1ec7t m\u1ecfi v\u00e0 t\u0103ng hi\u1ec7u qu\u1ea3 c\u00f4ng vi\u1ec7c.<\/p>\n<p data-start=\"1360\" data-end=\"1888\">\u0110i\u1ec3m n\u1ed5i b\u1eadt nh\u1ea5t c\u1ee7a gh\u1ebf l\u01b0\u1edbi GL323 ch\u00ednh l\u00e0 ph\u1ea7n l\u01b0ng gh\u1ebf \u0111\u01b0\u1ee3c b\u1ecdc l\u01b0\u1edbi cao c\u1ea5p, m\u1eadt \u0111\u1ed9 s\u1ee3i \u0111\u1ec1u v\u00e0 \u0111\u1ed9 c\u0103ng h\u1ee3p l\u00fd. Ch\u1ea5t li\u1ec7u l\u01b0\u1edbi gi\u00fap l\u01b0u th\u00f4ng kh\u00f4ng kh\u00ed li\u00ean t\u1ee5c, ng\u0103n t\u00edch nhi\u1ec7t v\u00e0 h\u1ea1n ch\u1ebf t\u00ecnh tr\u1ea1ng b\u00ed l\u01b0ng \u2013 m\u1ed9t v\u1ea5n \u0111\u1ec1 r\u1ea5t ph\u1ed5 bi\u1ebfn khi s\u1eed d\u1ee5ng c\u00e1c d\u00f2ng gh\u1ebf b\u1ecdc da ho\u1eb7c n\u1ec7m d\u00e0y. Khi th\u1eddi gian l\u00e0m vi\u1ec7c k\u00e9o d\u00e0i, s\u1ef1 tho\u00e1ng m\u00e1t n\u00e0y s\u1ebd mang l\u1ea1i c\u1ea3m gi\u00e1c d\u1ec5 ch\u1ecbu r\u00f5 r\u1ec7t, tr\u00e1nh \u0111\u1ed5 m\u1ed3 h\u00f4i v\u00e0 t\u1ea1o c\u1ea3m gi\u00e1c nh\u1eb9 nh\u00e0ng cho l\u01b0ng. Ngo\u00e0i ra, l\u01b0ng l\u01b0\u1edbi c\u00f2n c\u00f3 kh\u1ea3 n\u0103ng co gi\u00e3n v\u1eeba ph\u1ea3i, \u00f4m s\u00e1t l\u01b0ng ng\u01b0\u1eddi d\u00f9ng v\u00e0 h\u1ed7 tr\u1ee3 t\u1ed1t cho c\u1ed9t s\u1ed1ng.<\/p>\n<p data-start=\"1890\" data-end=\"2434\">Khung t\u1ef1a nh\u1ef1a c\u1ee7a gh\u1ebf \u0111\u01b0\u1ee3c ch\u1ebf t\u1ea1o t\u1eeb lo\u1ea1i nh\u1ef1a k\u1ef9 thu\u1eadt c\u00f3 \u0111\u1ed9 b\u1ec1n cao, ch\u1ecbu l\u1ef1c t\u1ed1t v\u00e0 ch\u1ed1ng bi\u1ebfn d\u1ea1ng theo th\u1eddi gian. S\u1ef1 k\u1ebft h\u1ee3p gi\u1eefa khung nh\u1ef1a v\u00e0 l\u01b0\u1edbi mang \u0111\u1ebfn t\u1ed5ng th\u1ec3 nh\u1eb9 nh\u00e0ng nh\u01b0ng v\u1eabn \u0111\u1ea3m b\u1ea3o \u0111\u1ed9 c\u1ee9ng c\u00e1p c\u1ea7n thi\u1ebft cho qu\u00e1 tr\u00ecnh s\u1eed d\u1ee5ng l\u00e2u d\u00e0i. B\u00ean c\u1ea1nh \u0111\u00f3, bi\u1ec7t danh \u201cgh\u1ebf th\u01b0 gi\u00e3n v\u0103n ph\u00f2ng\u201d c\u1ee7a GL323 \u0111\u1ebfn t\u1eeb t\u00ednh n\u0103ng ng\u1ea3 l\u01b0ng v\u00e0 h\u00e3m nhi\u1ec1u g\u00f3c \u0111\u1ed9. Ng\u01b0\u1eddi d\u00f9ng c\u00f3 th\u1ec3 d\u1ec5 d\u00e0ng \u0111i\u1ec1u ch\u1ec9nh \u0111\u1ed9 ng\u1ea3 ph\u00f9 h\u1ee3p ch\u1ec9 v\u1edbi v\u00e0i thao t\u00e1c \u0111\u01a1n gi\u1ea3n, t\u1ea1o n\u00ean s\u1ef1 linh ho\u1ea1t trong t\u01b0 th\u1ebf, t\u1eeb th\u1eb3ng l\u01b0ng khi l\u00e0m vi\u1ec7c \u0111\u1ebfn ng\u1ea3 s\u00e2u \u0111\u1ec3 ngh\u1ec9 ng\u01a1i ng\u1eafn gi\u1eefa gi\u1edd.<\/p>\n<p data-start=\"2436\" data-end=\"2960\">M\u1ed9t chi ti\u1ebft c\u1ef1c k\u1ef3 \u0111\u01b0\u1ee3c \u01b0a chu\u1ed9ng tr\u00ean gh\u1ebf l\u01b0\u1edbi GL323 ch\u00ednh l\u00e0 c\u01a1 c\u1ea5u \u0111\u1ec3 ch\u00e2n r\u00fat ra. B\u1ed9 ph\u1eadn n\u00e0y n\u1eb1m g\u1ecdn d\u01b0\u1edbi \u0111\u1ec7m gh\u1ebf khi kh\u00f4ng s\u1eed d\u1ee5ng v\u00e0 c\u00f3 th\u1ec3 k\u00e9o d\u00e0i ra khi ng\u01b0\u1eddi d\u00f9ng c\u1ea7n n\u1eb1m ngh\u1ec9. \u0110\u00e2y l\u00e0 \u01b0u \u0111i\u1ec3m n\u1ed5i b\u1eadt m\u00e0 nhi\u1ec1u d\u00f2ng gh\u1ebf v\u0103n ph\u00f2ng th\u00f4ng th\u01b0\u1eddng kh\u00f4ng c\u00f3, \u0111\u1eb7c bi\u1ec7t ph\u00f9 h\u1ee3p v\u1edbi nh\u1eefng nh\u00e2n s\u1ef1 l\u00e0m vi\u1ec7c c\u01b0\u1eddng \u0111\u1ed9 cao, \u00edt c\u00f3 th\u1eddi gian r\u1eddi kh\u1ecfi b\u00e0n l\u00e0m vi\u1ec7c. Vi\u1ec7c k\u1ebft h\u1ee3p t\u1ef1a l\u01b0ng ng\u1ea3 s\u00e2u v\u00e0 t\u1ef1a ch\u00e2n gi\u00fap ng\u01b0\u1eddi d\u00f9ng c\u00f3 th\u1ec3 n\u1eb1m th\u01b0 gi\u00e3n tho\u1ea3i m\u00e1i nh\u01b0 tr\u00ean gh\u1ebf ngh\u1ec9 chuy\u00ean d\u1ee5ng, gi\u00fap t\u00e1i t\u1ea1o n\u0103ng l\u01b0\u1ee3ng hi\u1ec7u qu\u1ea3 ngay t\u1ea1i ch\u1ed7.<\/p>\n<p data-start=\"2962\" data-end=\"3284\">Ngo\u00e0i ra, \u0111\u1ec7m gh\u1ebf \u0111\u01b0\u1ee3c b\u1ecdc b\u1eb1ng ch\u1ea5t li\u1ec7u n\u1ec9 ho\u1eb7c v\u1ea3i l\u01b0\u1edbi t\u00f9y phi\u00ean b\u1ea3n, c\u00f3 \u0111\u1ed9 \u0111\u00e0n h\u1ed3i t\u1ed1t v\u00e0 gi\u1eef form l\u00e2u. \u0110\u1ed9 d\u00e0y v\u1eeba ph\u1ea3i c\u1ee7a \u0111\u1ec7m gi\u00fap t\u1ea1o c\u1ea3m gi\u00e1c \u00eam \u00e1i nh\u01b0ng kh\u00f4ng b\u1ecb b\u00ed hay l\u00fan qu\u00e1 s\u00e2u. Tay gh\u1ebf thi\u1ebft k\u1ebf v\u1eeba t\u1ea7m, ph\u00f9 h\u1ee3p v\u1edbi chi\u1ec1u cao b\u00e0n l\u00e0m vi\u1ec7c ti\u00eau chu\u1ea9n, mang l\u1ea1i t\u01b0 th\u1ebf ng\u1ed3i t\u1ef1 nhi\u00ean, gi\u1ea3m \u00e1p l\u1ef1c l\u00ean vai v\u00e0 c\u1ed5.<\/p>\n<p data-start=\"3286\" data-end=\"3633\">Ch\u00e2n th\u00e9p m\u1ea1 c\u1ee7a gh\u1ebf t\u1ea1o n\u00ean t\u1ed5ng th\u1ec3 hi\u1ec7n \u0111\u1ea1i, sang tr\u1ecdng \u0111\u1ed3ng th\u1eddi t\u0103ng kh\u1ea3 n\u0103ng ch\u1ecbu l\u1ef1c, ch\u1ed1ng han g\u1ec9, ch\u1ed1ng oxy h\u00f3a hi\u1ec7u qu\u1ea3. Thi\u1ebft k\u1ebf ch\u00e2n xoay k\u1ebft h\u1ee3p b\u00e1nh xe PU gi\u00fap di chuy\u1ec3n m\u01b0\u1ee3t, h\u1ea1n ch\u1ebf ti\u1ebfng \u0111\u1ed9ng v\u00e0 kh\u00f4ng g\u00e2y tr\u1ea7y x\u01b0\u1edbc s\u00e0n. Piston h\u01a1i ch\u1ea5t l\u01b0\u1ee3ng cao cho ph\u00e9p \u0111i\u1ec1u ch\u1ec9nh \u0111\u1ed9 cao linh ho\u1ea1t, ph\u00f9 h\u1ee3p v\u1edbi nhi\u1ec1u \u0111\u1ed1i t\u01b0\u1ee3ng s\u1eed d\u1ee5ng kh\u00e1c nhau.<\/p>\n<p data-start=\"3635\" data-end=\"4032\">Gh\u1ebf l\u01b0\u1edbi GL323 kh\u00f4ng ch\u1ec9 ph\u00f9 h\u1ee3p v\u1edbi m\u00f4i tr\u01b0\u1eddng v\u0103n ph\u00f2ng m\u00e0 c\u00f2n l\u00fd t\u01b0\u1edfng cho c\u00e1c kh\u00f4ng gian l\u00e0m vi\u1ec7c t\u1ea1i nh\u00e0, ph\u00f2ng l\u00e0m vi\u1ec7c c\u00e1 nh\u00e2n, ph\u00f2ng gi\u00e1m s\u00e1t, ph\u00f2ng \u0111i\u1ec1u h\u00e0nh, n\u01a1i c\u1ea7n s\u1ef1 tho\u1ea3i m\u00e1i tuy\u1ec7t \u0111\u1ed1i khi ng\u1ed3i l\u00e2u. V\u1edbi phong c\u00e1ch hi\u1ec7n \u0111\u1ea1i v\u00e0 c\u00e1c t\u00ednh n\u0103ng h\u1ed7 tr\u1ee3 c\u00f4ng th\u00e1i h\u1ecdc, s\u1ea3n ph\u1ea9m gi\u00fap ng\u01b0\u1eddi d\u00f9ng duy tr\u00ec t\u01b0 th\u1ebf ng\u1ed3i \u0111\u00fang, h\u1ea1n ch\u1ebf \u0111au l\u01b0ng, \u0111au c\u1ed5, c\u1ea3i thi\u1ec7n s\u1ee9c kh\u1ecfe x\u01b0\u01a1ng kh\u1edbp trong d\u00e0i h\u1ea1n.<\/p>\n<p data-start=\"4034\" data-end=\"4438\" data-is-last-node=\"\" data-is-only-node=\"\">Nh\u00ecn chung, gh\u1ebf l\u01b0\u1edbi GL323 l\u00e0 l\u1ef1a ch\u1ecdn ho\u00e0n h\u1ea3o cho nh\u1eefng ai \u0111ang t\u00ecm m\u1ed9t m\u1eabu gh\u1ebf l\u00e0m vi\u1ec7c v\u1eeba ti\u1ec7n nghi, v\u1eeba \u0111a n\u0103ng, v\u1eeba \u0111\u1eb9p m\u1eaft. S\u1ef1 k\u1ebft h\u1ee3p h\u00e0i h\u00f2a gi\u1eefa \u0111\u1ed9 b\u1ec1n, t\u00ednh th\u1ea9m m\u1ef9 v\u00e0 kh\u1ea3 n\u0103ng h\u1ed7 tr\u1ee3 th\u01b0 gi\u00e3n khi\u1ebfn s\u1ea3n ph\u1ea9m tr\u1edf th\u00e0nh m\u1ed9t trong nh\u1eefng m\u1eabu gh\u1ebf \u0111\u01b0\u1ee3c \u01b0a chu\u1ed9ng nh\u1ea5t hi\u1ec7n nay. \u0110\u00e2y ch\u1eafc ch\u1eafn s\u1ebd l\u00e0 kho\u1ea3n \u0111\u1ea7u t\u01b0 x\u1ee9ng \u0111\u00e1ng cho s\u1ee9c kh\u1ecfe v\u00e0 hi\u1ec7u su\u1ea5t l\u00e0m vi\u1ec7c c\u1ee7a b\u1ea1n trong m\u00f4i tr\u01b0\u1eddng c\u00f4ng s\u1edf hi\u1ec7n \u0111\u1ea1i.<\/p>\n","protected":false},"excerpt":{"rendered":"<p data-start=\"20\" data-end=\"427\">Gh\u1ebf l\u01b0\u1edbi GL323 l\u00e0 m\u1eabu gh\u1ebf c\u00f4ng th\u00e1i h\u1ecdc cao c\u1ea5p v\u1edbi thi\u1ebft k\u1ebf l\u01b0ng l\u01b0\u1edbi tho\u00e1ng m\u00e1t, khung t\u1ef1a nh\u1ef1a ch\u1eafc ch\u1eafn k\u1ebft h\u1ee3p c\u00f9ng ch\u00e2n th\u00e9p m\u1ea1 s\u00e1ng b\u00f3ng t\u1ea1o n\u00ean v\u1ebb hi\u1ec7n \u0111\u1ea1i v\u00e0 \u0111\u1ed9 b\u1ec1n v\u01b0\u1ee3t tr\u1ed9i. Gh\u1ebf c\u00f3 kh\u1ea3 n\u0103ng ng\u1ea3 v\u00e0 h\u00e3m \u1edf nhi\u1ec1u g\u00f3c \u0111\u1ed9 kh\u00e1c nhau, \u0111i k\u00e8m c\u01a1 c\u1ea5u \u0111\u1ec3 ch\u00e2n r\u00fat ra ti\u1ec7n l\u1ee3i, gi\u00fap ng\u01b0\u1eddi d\u00f9ng d\u1ec5 d\u00e0ng n\u1eb1m ngh\u1ec9 th\u01b0 gi\u00e3n, v\u00e0 c\u00f3 th\u1ec3 g\u1ea5p g\u1ecdn v\u00e0o ph\u00eda d\u01b0\u1edbi \u0111\u1ec7m khi kh\u00f4ng s\u1eed d\u1ee5ng.<\/p>\n<p data-start=\"429\" data-end=\"475\">K\u00edch th\u01b0\u1edbc: W635 x D510-1020 x H1155-1230 mm<\/p>\n<p data-start=\"477\" data-end=\"574\">Xu\u1ea5t x\u1ee9: S\u1ea3n ph\u1ea9m c\u1ee7a c\u00f4ng ty N\u1ed8I TH\u1ea4T THE ONE \u2013 Ph\u00e2n ph\u1ed1i b\u1edfi C\u00d4NG TY TNHH SXTM TTNT H\u1eeeU TH\u1ecaNH<\/p>\n<p data-start=\"576\" data-end=\"620\">B\u1ea3o h\u00e0nh: 12 th\u00e1ng theo ti\u00eau chu\u1ea9n nh\u00e0 m\u00e1y<\/p>\n<p data-start=\"622\" data-end=\"776\"><span style=\"color: #ed1c24;\"><em data-start=\"622\" data-end=\"774\">L\u01b0u \u00fd: Gi\u00e1 tr\u00ean ch\u01b0a bao g\u1ed3m VAT v\u00e0 ph\u00ed v\u1eadn chuy\u1ec3n. Gi\u00e1 s\u1ea3n ph\u1ea9m c\u00f3 th\u1ec3 thay \u0111\u1ed5i theo t\u1eebng th\u1eddi \u0111i\u1ec3m, vui l\u00f2ng li\u00ean h\u1ec7 \u0111\u1ec3 nh\u1eadn t\u01b0 v\u1ea5n \u01b0u \u0111\u00e3i t\u1ed1t nh\u1ea5t.<\/em><\/span><\/p>\n","protected":false},"featured_media":4746,"comment_status":"open","ping_status":"closed","template":"","meta":[],"product_brand":[],"product_cat":[17,356],"product_tag":[],"class_list":{"0":"post-4743","1":"product","2":"type-product","3":"status-publish","4":"has-post-thumbnail","6":"product_cat-noi-that-van-phong","7":"product_cat-ghe-luoi-cao-cap","9":"first","10":"instock","11":"taxable","12":"shipping-taxable","13":"purchasable","14":"product-type-simple"},"_links":{"self":[{"href":"https:\/\/www.noithathuuthinh.vn\/zh-hans\/wp-json\/wp\/v2\/product\/4743","targetHints":{"allow":["GET"]}}],"collection":[{"href":"https:\/\/www.noithathuuthinh.vn\/zh-hans\/wp-json\/wp\/v2\/product"}],"about":[{"href":"https:\/\/www.noithathuuthinh.vn\/zh-hans\/wp-json\/wp\/v2\/types\/product"}],"replies":[{"embeddable":true,"href":"https:\/\/www.noithathuuthinh.vn\/zh-hans\/wp-json\/wp\/v2\/comments?post=4743"}],"wp:featuredmedia":[{"embeddable":true,"href":"https:\/\/www.noithathuuthinh.vn\/zh-hans\/wp-json\/wp\/v2\/media\/4746"}],"wp:attachment":[{"href":"https:\/\/www.noithathuuthinh.vn\/zh-hans\/wp-json\/wp\/v2\/media?parent=4743"}],"wp:term":[{"taxonomy":"product_brand","embeddable":true,"href":"https:\/\/www.noithathuuthinh.vn\/zh-hans\/wp-json\/wp\/v2\/product_brand?post=4743"},{"taxonomy":"product_cat","embeddable":true,"href":"https:\/\/www.noithathuuthinh.vn\/zh-hans\/wp-json\/wp\/v2\/product_cat?post=4743"},{"taxonomy":"product_tag","embeddable":true,"href":"https:\/\/www.noithathuuthinh.vn\/zh-hans\/wp-json\/wp\/v2\/product_tag?post=4743"}],"curies":[{"name":"wp","href":"https:\/\/api.w.org\/{rel}","templated":true}]}}