{"id":4773,"date":"2025-11-28T11:23:23","date_gmt":"2025-11-28T04:23:23","guid":{"rendered":"https:\/\/noithathuuthinh.vn\/?post_type=product&#038;p=4773"},"modified":"2025-11-29T08:32:41","modified_gmt":"2025-11-29T01:32:41","slug":"ghe-luoi-gl334","status":"publish","type":"product","link":"https:\/\/www.noithathuuthinh.vn\/zh-hans\/san-pham\/ghe-luoi-gl334\/","title":{"rendered":"Gh\u1ebf l\u01b0\u1edbi GL334"},"content":{"rendered":"<p data-start=\"782\" data-end=\"1124\">Gh\u1ebf l\u01b0\u1edbi GL334 thu\u1ed9c d\u00f2ng gh\u1ebf l\u00e3nh \u0111\u1ea1o cao c\u1ea5p, \u0111\u01b0\u1ee3c thi\u1ebft k\u1ebf nh\u1eb1m mang \u0111\u1ebfn s\u1ef1 tho\u1ea3i m\u00e1i t\u1ed1i \u0111a v\u00e0 phong th\u00e1i chuy\u00ean nghi\u1ec7p cho ng\u01b0\u1eddi s\u1eed d\u1ee5ng. V\u1edbi ki\u1ec3u d\u00e1ng hi\u1ec7n \u0111\u1ea1i, l\u01b0ng cao sang tr\u1ecdng v\u00e0 ch\u1ea5t li\u1ec7u b\u1ec1n b\u1ec9, s\u1ea3n ph\u1ea9m ph\u00f9 h\u1ee3p cho c\u00e1c v\u1ecb tr\u00ed qu\u1ea3n l\u00fd, l\u00e3nh \u0111\u1ea1o ho\u1eb7c nh\u1eefng ai \u0111ang t\u00ecm ki\u1ebfm m\u1ed9t chi\u1ebfc gh\u1ebf cao c\u1ea5p gi\u00fap n\u00e2ng t\u1ea7m kh\u00f4ng gian l\u00e0m vi\u1ec7c.<\/p>\n<p data-start=\"1126\" data-end=\"1609\">Ph\u1ea7n t\u1ef1a l\u01b0ng c\u1ee7a gh\u1ebf \u0111\u01b0\u1ee3c thi\u1ebft k\u1ebf b\u1eb1ng khung nh\u1ef1a ch\u1eafc ch\u1eafn, b\u1ecdc l\u1edbp v\u1ea3i l\u01b0\u1edbi cao c\u1ea5p gi\u00fap t\u0103ng s\u1ef1 th\u00f4ng tho\u00e1ng trong su\u1ed1t qu\u00e1 tr\u00ecnh s\u1eed d\u1ee5ng. Nh\u1edd t\u00ednh n\u0103ng tho\u00e1t kh\u00ed v\u01b0\u1ee3t tr\u1ed9i c\u1ee7a l\u01b0\u1edbi, ng\u01b0\u1eddi d\u00f9ng lu\u00f4n c\u1ea3m th\u1ea5y d\u1ec5 ch\u1ecbu ngay c\u1ea3 khi ph\u1ea3i ng\u1ed3i l\u00e0m vi\u1ec7c trong nhi\u1ec1u gi\u1edd li\u00ean t\u1ee5c. Form t\u1ef1a l\u01b0ng cao theo chu\u1ea9n c\u00f4ng th\u00e1i h\u1ecdc gi\u00fap \u00f4m tr\u1ecdn ph\u1ea7n l\u01b0ng, h\u1ed7 tr\u1ee3 t\u1ed1t cho c\u1ed9t s\u1ed1ng v\u00e0 gi\u1ea3m \u00e1p l\u1ef1c l\u00ean vai, c\u1ed5, h\u1ea1n ch\u1ebf t\u1ed1i \u0111a t\u00ecnh tr\u1ea1ng m\u1ecfi l\u01b0ng \u2013 m\u1ed9t v\u1ea5n \u0111\u1ec1 th\u01b0\u1eddng g\u1eb7p \u1edf ng\u01b0\u1eddi l\u00e0m vi\u1ec7c v\u0103n ph\u00f2ng.<\/p>\n<p data-start=\"1611\" data-end=\"1923\">\u0110\u1ec7m ng\u1ed3i \u0111\u01b0\u1ee3c b\u1ecdc PVC d\u00e0y d\u1eb7n, \u00eam \u00e1i v\u00e0 c\u00f3 \u0111\u1ed9 \u0111\u00e0n h\u1ed3i cao, mang l\u1ea1i c\u1ea3m gi\u00e1c ch\u1eafc ch\u1eafn v\u00e0 tho\u1ea3i m\u00e1i khi s\u1eed d\u1ee5ng. Ch\u1ea5t li\u1ec7u PVC c\u00f2n c\u00f3 \u01b0u \u0111i\u1ec3m d\u1ec5 v\u1ec7 sinh, \u00edt th\u1ea5m n\u01b0\u1edbc v\u00e0 lu\u00f4n gi\u1eef \u0111\u01b0\u1ee3c b\u1ec1 m\u1eb7t \u0111\u1eb9p trong th\u1eddi gian d\u00e0i. K\u00edch th\u01b0\u1edbc \u0111\u1ec7m r\u1ed9ng r\u00e3i gi\u00fap ng\u01b0\u1eddi ng\u1ed3i c\u00f3 \u0111\u01b0\u1ee3c s\u1ef1 \u1ed5n \u0111\u1ecbnh v\u00e0 an to\u00e0n trong m\u1ecdi t\u01b0 th\u1ebf l\u00e0m vi\u1ec7c.<\/p>\n<p data-start=\"1925\" data-end=\"2319\">Tay gh\u1ebf \u0111\u01b0\u1ee3c l\u00e0m t\u1eeb nh\u1ef1a cao c\u1ea5p, thi\u1ebft k\u1ebf bo cong nh\u1eb9 t\u1ea1o s\u1ef1 tho\u1ea3i m\u00e1i cho c\u00e1nh tay v\u00e0 gi\u1ea3m c\u0103ng th\u1eb3ng v\u00f9ng vai. K\u1ebft h\u1ee3p c\u00f9ng ph\u1ea7n ch\u00e2n th\u00e9p m\u1ea1 s\u00e1ng b\u00f3ng, chi\u1ebfc gh\u1ebf tr\u1edf n\u00ean sang tr\u1ecdng v\u00e0 n\u1ed5i b\u1eadt h\u01a1n, \u0111\u1ed3ng th\u1eddi \u0111\u1ea3m b\u1ea3o kh\u1ea3 n\u0103ng ch\u1ecbu l\u1ef1c v\u00e0 \u0111\u1ed9 b\u1ec1n v\u01b0\u1ee3t tr\u1ed9i. Ch\u00e2n th\u00e9p m\u1ea1 kh\u00f4ng ch\u1ec9 gi\u00fap s\u1ea3n ph\u1ea9m ch\u1eafc ch\u1eafn h\u01a1n m\u00e0 c\u00f2n ch\u1ed1ng g\u1ec9 s\u00e9t hi\u1ec7u qu\u1ea3, gi\u1eef \u0111\u01b0\u1ee3c v\u1ebb \u0111\u1eb9p l\u00e2u d\u00e0i d\u00f9 s\u1eed d\u1ee5ng trong th\u1eddi gian d\u00e0i.<\/p>\n<p data-start=\"2321\" data-end=\"2756\">M\u1ed9t trong nh\u1eefng \u01b0u \u0111i\u1ec3m l\u1edbn c\u1ee7a gh\u1ebf l\u01b0\u1edbi GL334 l\u00e0 kh\u1ea3 n\u0103ng ng\u1ea3 h\u00e3m nhi\u1ec1u g\u00f3c \u0111\u1ed9, cho ph\u00e9p ng\u01b0\u1eddi d\u00f9ng \u0111i\u1ec1u ch\u1ec9nh d\u1ec5 d\u00e0ng m\u1ee9c \u0111\u1ed9 nghi\u00eang sao cho ph\u00f9 h\u1ee3p v\u1edbi c\u1ea3m gi\u00e1c th\u01b0 gi\u00e3n. \u0110\u00e2y l\u00e0 t\u00ednh n\u0103ng \u0111\u1eb7c bi\u1ec7t h\u1eefu \u00edch \u0111\u1ed1i v\u1edbi nh\u1eefng ng\u01b0\u1eddi ph\u1ea3i l\u00e0m vi\u1ec7c c\u0103ng th\u1eb3ng v\u00e0 c\u1ea7n nh\u1eefng kho\u1ea3ng ngh\u1ec9 ng\u1eafn nh\u01b0ng v\u1eabn mu\u1ed1n gi\u1eef v\u1ecb tr\u00ed ng\u1ed3i tho\u1ea3i m\u00e1i. Khi ng\u1ea3 l\u01b0ng, gh\u1ebf mang \u0111\u1ebfn t\u01b0 th\u1ebf th\u1ea3 l\u1ecfng t\u1ef1 nhi\u00ean, gi\u00fap gi\u1ea3m \u00e1p l\u1ef1c l\u00ean c\u1ed9t s\u1ed1ng v\u00e0 c\u1ea3i thi\u1ec7n tu\u1ea7n ho\u00e0n m\u00e1u.<\/p>\n<p data-start=\"2758\" data-end=\"3087\">\u0110i k\u00e8m v\u1edbi t\u00ednh n\u0103ng ng\u1ea3 l\u00e0 c\u01a1 c\u1ea5u \u0111\u1ec3 ch\u00e2n b\u1eb1ng nh\u1ef1a th\u00f4ng minh, c\u00f3 th\u1ec3 k\u00e9o ra khi c\u1ea7n ngh\u1ec9 ng\u01a1i v\u00e0 g\u1ea5p g\u1ecdn v\u00e0o d\u01b0\u1edbi \u0111\u1ec7m khi kh\u00f4ng s\u1eed d\u1ee5ng. C\u01a1 c\u1ea5u n\u00e0y bi\u1ebfn chi\u1ebfc gh\u1ebf th\u00e0nh m\u1ed9t chi\u1ebfc gh\u1ebf th\u01b0 gi\u00e3n d\u1ea1ng n\u1eb1m mini, gi\u00fap ng\u01b0\u1eddi d\u00f9ng c\u00f3 nh\u1eefng ph\u00fat gi\u00e2y ngh\u1ec9 ng\u01a1i tho\u1ea3i m\u00e1i ngay t\u1ea1i b\u00e0n l\u00e0m vi\u1ec7c m\u00e0 kh\u00f4ng c\u1ea7n r\u1eddi kh\u1ecfi kh\u00f4ng gian l\u00e0m vi\u1ec7c.<\/p>\n<p data-start=\"3089\" data-end=\"3331\">H\u1ec7 th\u1ed1ng b\u00e1nh xe c\u1ee7a gh\u1ebf l\u01b0\u1edbi GL334 \u0111\u01b0\u1ee3c thi\u1ebft k\u1ebf linh ho\u1ea1t, d\u1ec5 d\u00e0ng di chuy\u1ec3n tr\u00ean nhi\u1ec1u b\u1ec1 m\u1eb7t kh\u00e1c nhau m\u00e0 kh\u00f4ng g\u00e2y tr\u1ea7y x\u01b0\u1edbc s\u00e0n. Tr\u1ee5c h\u01a1i cao c\u1ea5p cho kh\u1ea3 n\u0103ng n\u00e2ng h\u1ea1 \u00eam \u00e1i, ph\u00f9 h\u1ee3p v\u1edbi chi\u1ec1u cao c\u1ee7a t\u1eebng ng\u01b0\u1eddi v\u00e0 c\u00e1c lo\u1ea1i b\u00e0n l\u00e0m vi\u1ec7c.<\/p>\n<p data-start=\"3333\" data-end=\"3674\">V\u1ec1 m\u1eb7t th\u1ea9m m\u1ef9, gh\u1ebf l\u01b0\u1edbi GL334 mang phong c\u00e1ch hi\u1ec7n \u0111\u1ea1i nh\u01b0ng v\u1eabn gi\u1eef \u0111\u01b0\u1ee3c s\u1ef1 tinh t\u1ebf v\u00e0 sang tr\u1ecdng c\u1ea7n c\u00f3 c\u1ee7a d\u00f2ng gh\u1ebf l\u00e3nh \u0111\u1ea1o. C\u00e1c chi ti\u1ebft \u0111\u01b0\u1ee3c ho\u00e0n thi\u1ec7n t\u1ec9 m\u1ec9, k\u1ebft h\u1ee3p h\u00e0i h\u00f2a gi\u1eefa ch\u1ea5t li\u1ec7u l\u01b0\u1edbi, PVC v\u00e0 th\u00e9p m\u1ea1, t\u1ea1o n\u00ean t\u1ed5ng th\u1ec3 \u0111\u1eb9p m\u1eaft v\u00e0 d\u1ec5 d\u00e0ng ph\u1ed1i h\u1ee3p v\u1edbi c\u00e1c m\u1eabu b\u00e0n l\u00e3nh \u0111\u1ea1o, b\u00e0n tr\u01b0\u1edfng ph\u00f2ng ho\u1eb7c kh\u00f4ng gian v\u0103n ph\u00f2ng cao c\u1ea5p.<\/p>\n<p data-start=\"3676\" data-end=\"4096\" data-is-last-node=\"\" data-is-only-node=\"\">V\u1edbi nh\u1eefng \u01b0u \u0111i\u1ec3m v\u01b0\u1ee3t tr\u1ed9i v\u1ec1 thi\u1ebft k\u1ebf, t\u00ednh n\u0103ng v\u00e0 \u0111\u1ed9 b\u1ec1n, gh\u1ebf l\u01b0\u1edbi GL334 kh\u00f4ng ch\u1ec9 \u0111\u00e1p \u1ee9ng t\u1ed1t nhu c\u1ea7u s\u1eed d\u1ee5ng h\u00e0ng ng\u00e0y m\u00e0 c\u00f2n g\u00f3p ph\u1ea7n x\u00e2y d\u1ef1ng h\u00ecnh \u1ea3nh chuy\u00ean nghi\u1ec7p cho ng\u01b0\u1eddi d\u00f9ng. \u0110\u00e2y l\u00e0 l\u1ef1a ch\u1ecdn l\u00fd t\u01b0\u1edfng cho c\u00e1c v\u0103n ph\u00f2ng hi\u1ec7n \u0111\u1ea1i mong mu\u1ed1n s\u1edf h\u1eefu m\u1ed9t s\u1ea3n ph\u1ea9m ch\u1ea5t l\u01b0\u1ee3ng cao, \u0111em l\u1ea1i c\u1ea3m gi\u00e1c tho\u1ea3i m\u00e1i t\u1ed1i \u01b0u v\u00e0 s\u1eed d\u1ee5ng l\u00e2u d\u00e0i. Gh\u1ebf l\u01b0\u1edbi GL334 x\u1ee9ng \u0111\u00e1ng l\u00e0 m\u1eabu gh\u1ebf m\u00e0 b\u1ea5t k\u1ef3 nh\u00e0 l\u00e3nh \u0111\u1ea1o n\u00e0o c\u0169ng n\u00ean s\u1edf h\u1eefu.<\/p>\n","protected":false},"excerpt":{"rendered":"<p data-start=\"50\" data-end=\"387\">Gh\u1ebf l\u01b0\u1edbi GL334 l\u00e0 m\u1eabu gh\u1ebf l\u00e3nh \u0111\u1ea1o l\u01b0ng cao hi\u1ec7n \u0111\u1ea1i, s\u1edf h\u1eefu thi\u1ebft k\u1ebf c\u00f4ng th\u00e1i h\u1ecdc v\u1edbi ph\u1ea7n t\u1ef1a b\u1eb1ng khung nh\u1ef1a b\u1ecdc v\u1ea3i l\u01b0\u1edbi tho\u00e1ng kh\u00ed, \u0111\u1ec7m ng\u1ed3i b\u1ecdc PVC \u00eam \u00e1i v\u00e0 tay gh\u1ebf nh\u1ef1a ch\u1eafc ch\u1eafn. S\u1ea3n ph\u1ea9m c\u00f2n \u0111\u01b0\u1ee3c trang b\u1ecb c\u01a1 c\u1ea5u ng\u1ea3 h\u00e3m nhi\u1ec1u g\u00f3c \u0111\u1ed9 c\u00f9ng \u0111\u1ec3 ch\u00e2n b\u1eb1ng nh\u1ef1a ti\u1ec7n d\u1ee5ng, gi\u00fap ng\u01b0\u1eddi d\u00f9ng d\u1ec5 d\u00e0ng ng\u1ea3 l\u01b0ng th\u01b0 gi\u00e3n ngay khi l\u00e0m vi\u1ec7c.<\/p>\n<p data-start=\"389\" data-end=\"436\">K\u00edch th\u01b0\u1edbc: W610 x D660-1610 x H1240-1320 mm<\/p>\n<p data-start=\"438\" data-end=\"580\">Xu\u1ea5t x\u1ee9: S\u1ea3n ph\u1ea9m c\u1ee7a c\u00f4ng ty N\u1ed8I TH\u1ea4T THE ONE \u2013 Ph\u00e2n ph\u1ed1i b\u1edfi C\u00d4NG TY TNHH SXTM TTNT H\u1eeeU TH\u1ecaNH<br data-start=\"533\" data-end=\"536\" \/>B\u1ea3o h\u00e0nh: 12 th\u00e1ng theo ti\u00eau chu\u1ea9n nh\u00e0 m\u00e1y<\/p>\n<p data-start=\"582\" data-end=\"734\"><span style=\"color: #ed1c24;\"><em data-start=\"582\" data-end=\"734\">L\u01b0u \u00fd: Gi\u00e1 tr\u00ean ch\u01b0a bao g\u1ed3m VAT v\u00e0 ph\u00ed v\u1eadn chuy\u1ec3n. Gi\u00e1 s\u1ea3n ph\u1ea9m c\u00f3 th\u1ec3 thay \u0111\u1ed5i theo t\u1eebng th\u1eddi \u0111i\u1ec3m, vui l\u00f2ng li\u00ean h\u1ec7 \u0111\u1ec3 nh\u1eadn t\u01b0 v\u1ea5n \u01b0u \u0111\u00e3i t\u1ed1t nh\u1ea5t.<\/em><\/span><\/p>\n","protected":false},"featured_media":4774,"comment_status":"open","ping_status":"closed","template":"","meta":[],"product_brand":[],"product_cat":[17,356],"product_tag":[],"class_list":{"0":"post-4773","1":"product","2":"type-product","3":"status-publish","4":"has-post-thumbnail","6":"product_cat-noi-that-van-phong","7":"product_cat-ghe-luoi-cao-cap","9":"first","10":"instock","11":"taxable","12":"shipping-taxable","13":"purchasable","14":"product-type-simple"},"_links":{"self":[{"href":"https:\/\/www.noithathuuthinh.vn\/zh-hans\/wp-json\/wp\/v2\/product\/4773","targetHints":{"allow":["GET"]}}],"collection":[{"href":"https:\/\/www.noithathuuthinh.vn\/zh-hans\/wp-json\/wp\/v2\/product"}],"about":[{"href":"https:\/\/www.noithathuuthinh.vn\/zh-hans\/wp-json\/wp\/v2\/types\/product"}],"replies":[{"embeddable":true,"href":"https:\/\/www.noithathuuthinh.vn\/zh-hans\/wp-json\/wp\/v2\/comments?post=4773"}],"wp:featuredmedia":[{"embeddable":true,"href":"https:\/\/www.noithathuuthinh.vn\/zh-hans\/wp-json\/wp\/v2\/media\/4774"}],"wp:attachment":[{"href":"https:\/\/www.noithathuuthinh.vn\/zh-hans\/wp-json\/wp\/v2\/media?parent=4773"}],"wp:term":[{"taxonomy":"product_brand","embeddable":true,"href":"https:\/\/www.noithathuuthinh.vn\/zh-hans\/wp-json\/wp\/v2\/product_brand?post=4773"},{"taxonomy":"product_cat","embeddable":true,"href":"https:\/\/www.noithathuuthinh.vn\/zh-hans\/wp-json\/wp\/v2\/product_cat?post=4773"},{"taxonomy":"product_tag","embeddable":true,"href":"https:\/\/www.noithathuuthinh.vn\/zh-hans\/wp-json\/wp\/v2\/product_tag?post=4773"}],"curies":[{"name":"wp","href":"https:\/\/api.w.org\/{rel}","templated":true}]}}