{"id":4790,"date":"2025-11-28T16:11:50","date_gmt":"2025-11-28T09:11:50","guid":{"rendered":"https:\/\/noithathuuthinh.vn\/?post_type=product&#038;p=4790"},"modified":"2025-11-28T16:11:51","modified_gmt":"2025-11-28T09:11:51","slug":"ghe-luoi-gl344","status":"publish","type":"product","link":"https:\/\/www.noithathuuthinh.vn\/zh-hans\/san-pham\/ghe-luoi-gl344\/","title":{"rendered":"Gh\u1ebf l\u01b0\u1edbi GL344"},"content":{"rendered":"<p data-start=\"775\" data-end=\"1207\">Gh\u1ebf l\u01b0\u1edbi GL344 thu\u1ed9c d\u00f2ng gh\u1ebf l\u01b0\u1edbi l\u01b0ng cao cao c\u1ea5p, \u0111\u01b0\u1ee3c thi\u1ebft k\u1ebf h\u01b0\u1edbng \u0111\u1ebfn s\u1ef1 tho\u1ea3i m\u00e1i, b\u1ec1n b\u1ec9 v\u00e0 t\u00ednh th\u1ea9m m\u1ef9 hi\u1ec7n \u0111\u1ea1i cho kh\u00f4ng gian l\u00e0m vi\u1ec7c. \u0110i\u1ec3m nh\u1ea5n n\u1ed5i b\u1eadt c\u1ee7a s\u1ea3n ph\u1ea9m l\u00e0 ph\u1ea7n t\u1ef1a s\u1eed d\u1ee5ng c\u1ed1t g\u1ed7 ch\u1eafc ch\u1eafn, \u0111\u01b0\u1ee3c b\u1ecdc v\u1ea3i l\u01b0\u1edbi x\u1ed1p tho\u00e1ng kh\u00ed gi\u00fap ng\u01b0\u1eddi d\u00f9ng c\u00f3 tr\u1ea3i nghi\u1ec7m ng\u1ed3i d\u1ec5 ch\u1ecbu trong su\u1ed1t ng\u00e0y d\u00e0i. L\u1edbp l\u01b0\u1edbi ch\u1ea5t l\u01b0\u1ee3ng cao cho ph\u00e9p kh\u00f4ng kh\u00ed l\u01b0u th\u00f4ng t\u1ed1t, h\u1ea1n ch\u1ebf t\u00edch nhi\u1ec7t v\u00e0 gi\u1ea3m c\u1ea3m gi\u00e1c n\u00f3ng l\u01b0ng khi ng\u1ed3i l\u00e2u.<\/p>\n<p data-start=\"1209\" data-end=\"1551\">Ph\u1ea7n \u0111\u1ec7m c\u1ee7a gh\u1ebf s\u1eed d\u1ee5ng m\u00fat ch\u1ea5t l\u01b0\u1ee3ng cao b\u1ecdc PVC m\u1ec1m m\u1ea1i, t\u1ea1o \u0111\u1ed9 \u00eam \u00e1i v\u1eeba ph\u1ea3i nh\u01b0ng kh\u00f4ng b\u1ecb l\u00fan, gi\u00fap gi\u1eef \u0111\u01b0\u1ee3c d\u00e1ng \u0111\u1ec7m sau th\u1eddi gian d\u00e0i s\u1eed d\u1ee5ng. B\u1ec1 m\u1eb7t PVC d\u1ec5 v\u1ec7 sinh, ph\u00f9 h\u1ee3p v\u1edbi m\u00f4i tr\u01b0\u1eddng v\u0103n ph\u00f2ng \u0111\u00f2i h\u1ecfi s\u1ef1 s\u1ea1ch s\u1ebd v\u00e0 g\u1ecdn g\u00e0ng. \u0110\u00e2y c\u0169ng l\u00e0 l\u1ef1a ch\u1ecdn t\u1ed1i \u01b0u cho ng\u01b0\u1eddi d\u00f9ng mong mu\u1ed1n m\u1ed9t chi\u1ebfc gh\u1ebf c\u00f3 \u0111\u1ed9 b\u1ec1n v\u01b0\u1ee3t tr\u1ed9i v\u00e0 d\u1ec5 b\u1ea3o tr\u00ec.<\/p>\n<p data-start=\"1553\" data-end=\"1847\">Gh\u1ebf l\u01b0\u1edbi GL344 \u0111\u01b0\u1ee3c trang b\u1ecb tay gh\u1ebf b\u1eb1ng nh\u1ef1a c\u1ed1 \u0111\u1ecbnh, c\u00f3 \u1ed1p tay b\u1ecdc PVC gi\u00fap gi\u1ea3m \u00e1p l\u1ef1c l\u00ean khu\u1ef7u tay v\u00e0 t\u1ea1o c\u1ea3m gi\u00e1c tho\u1ea3i m\u00e1i h\u01a1n khi l\u00e0m vi\u1ec7c. Thi\u1ebft k\u1ebf tay gh\u1ebf thanh tho\u00e1t, ph\u00f9 h\u1ee3p v\u1edbi nhi\u1ec1u ki\u1ec3u b\u00e0n l\u00e0m vi\u1ec7c v\u00e0 gi\u00fap t\u1ed5ng th\u1ec3 chi\u1ebfc gh\u1ebf tr\u1edf n\u00ean hi\u1ec7n \u0111\u1ea1i, h\u00e0i h\u00f2a h\u01a1n trong b\u1ed1 c\u1ee5c n\u1ed9i th\u1ea5t.<\/p>\n<p data-start=\"1849\" data-end=\"2220\">M\u1ed9t \u01b0u \u0111i\u1ec3m quan tr\u1ecdng c\u1ee7a m\u1eabu gh\u1ebf n\u00e0y l\u00e0 kh\u1ea3 n\u0103ng ng\u1ea3 th\u01b0 gi\u00e3n, cho ph\u00e9p ng\u01b0\u1eddi d\u00f9ng d\u1ec5 d\u00e0ng chuy\u1ec3n t\u1eeb tr\u1ea1ng th\u00e1i l\u00e0m vi\u1ec7c sang tr\u1ea1ng th\u00e1i ngh\u1ec9 ng\u01a1i nhanh ch\u00f3ng. C\u01a1 c\u1ea5u ng\u1ea3 \u0111\u01b0\u1ee3c thi\u1ebft k\u1ebf ch\u1eafc ch\u1eafn, cho ph\u00e9p h\u00e3m l\u1ea1i \u1edf nhi\u1ec1u g\u00f3c \u0111\u1ed9 ph\u00f9 h\u1ee3p v\u1edbi t\u1eebng nhu c\u1ea7u v\u00e0 th\u00f3i quen s\u1eed d\u1ee5ng. \u0110\u00e2y l\u00e0 t\u00ednh n\u0103ng quan tr\u1ecdng \u0111\u1eb7c bi\u1ec7t v\u1edbi nh\u1eefng ng\u01b0\u1eddi th\u01b0\u1eddng xuy\u00ean l\u00e0m vi\u1ec7c nhi\u1ec1u gi\u1edd li\u00ean t\u1ee5c.<\/p>\n<p data-start=\"2222\" data-end=\"2637\">Ch\u00e2n gh\u1ebf s\u1eed d\u1ee5ng ch\u1ea5t li\u1ec7u th\u00e9p m\u1ea1 cao c\u1ea5p, c\u00f3 kh\u1ea3 n\u0103ng ch\u1ecbu t\u1ea3i t\u1ed1t, ch\u1ed1ng han g\u1ec9 v\u00e0 t\u0103ng tu\u1ed5i th\u1ecd s\u1ea3n ph\u1ea9m. B\u1ec1 m\u1eb7t m\u1ea1 s\u00e1ng b\u00f3ng mang l\u1ea1i v\u1ebb sang tr\u1ecdng v\u00e0 chuy\u00ean nghi\u1ec7p cho chi\u1ebfc gh\u1ebf, \u0111\u1ed3ng th\u1eddi d\u1ec5 d\u00e0ng ph\u1ed1i h\u1ee3p v\u1edbi c\u00e1c d\u00f2ng b\u00e0n l\u00e0m vi\u1ec7c d\u00e0nh cho l\u00e3nh \u0111\u1ea1o ho\u1eb7c v\u0103n ph\u00f2ng hi\u1ec7n \u0111\u1ea1i. B\u00e1nh xe di chuy\u1ec3n linh ho\u1ea1t gi\u00fap ng\u01b0\u1eddi d\u00f9ng d\u1ec5 d\u00e0ng thao t\u00e1c trong khu v\u1ef1c l\u00e0m vi\u1ec7c m\u00e0 kh\u00f4ng g\u00e2y ti\u1ebfng \u0111\u1ed9ng hay l\u00e0m tr\u1ea7y x\u01b0\u1edbc m\u1eb7t s\u00e0n.<\/p>\n<p data-start=\"2639\" data-end=\"3034\">T\u1ed5ng th\u1ec3 thi\u1ebft k\u1ebf c\u1ee7a gh\u1ebf l\u01b0\u1edbi GL344 mang v\u1ebb sang tr\u1ecdng, v\u1eefng ch\u1eafc nh\u01b0ng v\u1eabn gi\u1eef \u0111\u01b0\u1ee3c s\u1ef1 thanh tho\u00e1t \u0111\u1eb7c tr\u01b0ng c\u1ee7a d\u00f2ng gh\u1ebf l\u01b0\u1edbi. T\u00f4ng m\u00e0u trung t\u00ednh c\u1ee7a v\u1ea3i l\u01b0\u1edbi v\u00e0 PVC gi\u00fap gh\u1ebf d\u1ec5 d\u00e0ng h\u00f2a h\u1ee3p v\u1edbi nhi\u1ec1u phong c\u00e1ch n\u1ed9i th\u1ea5t kh\u00e1c nhau. \u0110\u00e2y l\u00e0 l\u1ef1a ch\u1ecdn l\u00fd t\u01b0\u1edfng cho v\u0103n ph\u00f2ng l\u00e3nh \u0111\u1ea1o, nh\u00e2n vi\u00ean c\u1ea5p cao ho\u1eb7c b\u1ea5t k\u1ef3 kh\u00f4ng gian l\u00e0m vi\u1ec7c n\u00e0o y\u00eau c\u1ea7u s\u1ef1 tho\u1ea3i m\u00e1i \u0111i c\u00f9ng t\u00ednh th\u1ea9m m\u1ef9 v\u00e0 \u0111\u1ed9 b\u1ec1n cao.<\/p>\n<p data-start=\"3036\" data-end=\"3274\" data-is-last-node=\"\" data-is-only-node=\"\">V\u1edbi s\u1ef1 k\u1ebft h\u1ee3p h\u00e0i h\u00f2a gi\u1eefa ch\u1ea5t li\u1ec7u cao c\u1ea5p, t\u00ednh n\u0103ng ti\u1ec7n \u00edch v\u00e0 thi\u1ebft k\u1ebf hi\u1ec7n \u0111\u1ea1i, gh\u1ebf l\u01b0\u1edbi GL344 l\u00e0 gi\u1ea3i ph\u00e1p ho\u00e0n h\u1ea3o \u0111\u1ec3 n\u00e2ng c\u1ea5p tr\u1ea3i nghi\u1ec7m l\u00e0m vi\u1ec7c, h\u1ed7 tr\u1ee3 s\u1ee9c kh\u1ecfe ng\u01b0\u1eddi d\u00f9ng v\u00e0 t\u0103ng t\u00ednh chuy\u00ean nghi\u1ec7p cho m\u00f4i tr\u01b0\u1eddng v\u0103n ph\u00f2ng.<\/p>\n","protected":false},"excerpt":{"rendered":"<p data-start=\"50\" data-end=\"386\">Gh\u1ebf l\u01b0\u1edbi GL344 l\u00e0 m\u1eabu gh\u1ebf l\u01b0\u1edbi l\u01b0ng cao cao c\u1ea5p v\u1edbi thi\u1ebft k\u1ebf t\u1ef1a c\u1ed1t g\u1ed7 b\u1ecdc v\u1ea3i l\u01b0\u1edbi x\u1ed1p tho\u00e1ng kh\u00ed, k\u1ebft h\u1ee3p \u0111\u1ec7m m\u00fat b\u1ecdc PVC \u00eam \u00e1i, mang l\u1ea1i c\u1ea3m gi\u00e1c tho\u1ea3i m\u00e1i khi s\u1eed d\u1ee5ng l\u00e2u d\u00e0i. Tay gh\u1ebf b\u1eb1ng nh\u1ef1a c\u1ed1 \u0111\u1ecbnh c\u00f3 \u1ed1p PVC t\u1ea1o s\u1ef1 \u00eam tay v\u00e0 t\u0103ng t\u00ednh th\u1ea9m m\u1ef9. Gh\u1ebf c\u00f3 kh\u1ea3 n\u0103ng ng\u1ea3 th\u01b0 gi\u00e3n, gi\u00fap ng\u01b0\u1eddi d\u00f9ng d\u1ec5 d\u00e0ng thay \u0111\u1ed5i t\u01b0 th\u1ebf khi l\u00e0m vi\u1ec7c.<\/p>\n<p data-start=\"388\" data-end=\"429\">K\u00edch th\u01b0\u1edbc: W650 x D550 x H1160-1240 mm<\/p>\n<p data-start=\"431\" data-end=\"573\">Xu\u1ea5t x\u1ee9: S\u1ea3n ph\u1ea9m c\u1ee7a c\u00f4ng ty N\u1ed8I TH\u1ea4T THE ONE \u2013 Ph\u00e2n ph\u1ed1i b\u1edfi C\u00d4NG TY TNHH SXTM TTNT H\u1eeeU TH\u1ecaNH<br data-start=\"526\" data-end=\"529\" \/>B\u1ea3o h\u00e0nh: 12 th\u00e1ng theo ti\u00eau chu\u1ea9n nh\u00e0 m\u00e1y<\/p>\n<p data-start=\"575\" data-end=\"727\"><span style=\"color: #ed1c24;\"><em data-start=\"575\" data-end=\"727\">L\u01b0u \u00fd: Gi\u00e1 tr\u00ean ch\u01b0a bao g\u1ed3m VAT v\u00e0 ph\u00ed v\u1eadn chuy\u1ec3n. Gi\u00e1 s\u1ea3n ph\u1ea9m c\u00f3 th\u1ec3 thay \u0111\u1ed5i theo t\u1eebng th\u1eddi \u0111i\u1ec3m, vui l\u00f2ng li\u00ean h\u1ec7 \u0111\u1ec3 nh\u1eadn t\u01b0 v\u1ea5n \u01b0u \u0111\u00e3i t\u1ed1t nh\u1ea5t.<\/em><\/span><\/p>\n","protected":false},"featured_media":4791,"comment_status":"open","ping_status":"closed","template":"","meta":[],"product_brand":[],"product_cat":[17,356],"product_tag":[],"class_list":{"0":"post-4790","1":"product","2":"type-product","3":"status-publish","4":"has-post-thumbnail","6":"product_cat-noi-that-van-phong","7":"product_cat-ghe-luoi-cao-cap","9":"first","10":"instock","11":"taxable","12":"shipping-taxable","13":"purchasable","14":"product-type-simple"},"_links":{"self":[{"href":"https:\/\/www.noithathuuthinh.vn\/zh-hans\/wp-json\/wp\/v2\/product\/4790","targetHints":{"allow":["GET"]}}],"collection":[{"href":"https:\/\/www.noithathuuthinh.vn\/zh-hans\/wp-json\/wp\/v2\/product"}],"about":[{"href":"https:\/\/www.noithathuuthinh.vn\/zh-hans\/wp-json\/wp\/v2\/types\/product"}],"replies":[{"embeddable":true,"href":"https:\/\/www.noithathuuthinh.vn\/zh-hans\/wp-json\/wp\/v2\/comments?post=4790"}],"wp:featuredmedia":[{"embeddable":true,"href":"https:\/\/www.noithathuuthinh.vn\/zh-hans\/wp-json\/wp\/v2\/media\/4791"}],"wp:attachment":[{"href":"https:\/\/www.noithathuuthinh.vn\/zh-hans\/wp-json\/wp\/v2\/media?parent=4790"}],"wp:term":[{"taxonomy":"product_brand","embeddable":true,"href":"https:\/\/www.noithathuuthinh.vn\/zh-hans\/wp-json\/wp\/v2\/product_brand?post=4790"},{"taxonomy":"product_cat","embeddable":true,"href":"https:\/\/www.noithathuuthinh.vn\/zh-hans\/wp-json\/wp\/v2\/product_cat?post=4790"},{"taxonomy":"product_tag","embeddable":true,"href":"https:\/\/www.noithathuuthinh.vn\/zh-hans\/wp-json\/wp\/v2\/product_tag?post=4790"}],"curies":[{"name":"wp","href":"https:\/\/api.w.org\/{rel}","templated":true}]}}