{"id":4803,"date":"2025-11-28T16:43:20","date_gmt":"2025-11-28T09:43:20","guid":{"rendered":"https:\/\/noithathuuthinh.vn\/?post_type=product&#038;p=4803"},"modified":"2025-11-28T16:43:20","modified_gmt":"2025-11-28T09:43:20","slug":"ghe-luoi-gl349","status":"publish","type":"product","link":"https:\/\/www.noithathuuthinh.vn\/zh-hans\/san-pham\/ghe-luoi-gl349\/","title":{"rendered":"Gh\u1ebf l\u01b0\u1edbi GL349"},"content":{"rendered":"<p data-start=\"846\" data-end=\"1371\">Gh\u1ebf l\u01b0\u1edbi GL349 l\u00e0 d\u00f2ng gh\u1ebf l\u01b0\u1edbi cao c\u1ea5p \u0111\u01b0\u1ee3c thi\u1ebft k\u1ebf theo phong c\u00e1ch c\u00f4ng th\u00e1i h\u1ecdc hi\u1ec7n \u0111\u1ea1i, ph\u00f9 h\u1ee3p v\u1edbi xu h\u01b0\u1edbng n\u1ed9i th\u1ea5t v\u0103n ph\u00f2ng ng\u00e0y nay. V\u1edbi s\u1ef1 k\u1ebft h\u1ee3p gi\u1eefa ch\u1ea5t li\u1ec7u l\u01b0\u1edbi tho\u00e1ng kh\u00ed v\u00e0 \u0111\u1ec7m m\u00fat b\u1ecdc v\u1ea3i \u00eam \u00e1i, s\u1ea3n ph\u1ea9m mang \u0111\u1ebfn tr\u1ea3i nghi\u1ec7m ng\u1ed3i tho\u1ea3i m\u00e1i v\u00e0 d\u1ec5 ch\u1ecbu, \u0111\u1eb7c bi\u1ec7t ph\u00f9 h\u1ee3p cho nh\u1eefng ng\u01b0\u1eddi ph\u1ea3i l\u00e0m vi\u1ec7c li\u00ean t\u1ee5c nhi\u1ec1u gi\u1edd trong ng\u00e0y. Ph\u1ea7n t\u1ef1a l\u01b0ng s\u1eed d\u1ee5ng khung nh\u1ef1a b\u1ecdc l\u01b0\u1edbi \u0111\u00e0n h\u1ed3i t\u1ed1t, \u00f4m s\u00e1t \u0111\u01b0\u1eddng cong c\u1ed9t s\u1ed1ng, gi\u00fap n\u00e2ng \u0111\u1ee1 v\u00f9ng l\u01b0ng v\u00e0 gi\u1ea3m thi\u1ec3u t\u00ecnh tr\u1ea1ng \u0111au m\u1ecfi \u2013 m\u1ed9t v\u1ea5n \u0111\u1ec1 ph\u1ed5 bi\u1ebfn khi ng\u1ed3i l\u00e2u.<\/p>\n<p data-start=\"1373\" data-end=\"1768\">M\u1ed9t \u0111i\u1ec3m n\u1ed5i b\u1eadt quan tr\u1ecdng c\u1ee7a gh\u1ebf l\u01b0\u1edbi GL349 ch\u00ednh l\u00e0 b\u1ed9 ph\u1eadn tay gh\u1ebf c\u00f3 kh\u1ea3 n\u0103ng t\u0103ng ch\u1ec9nh chi\u1ec1u cao. Nh\u1edd v\u1eady, ng\u01b0\u1eddi d\u00f9ng c\u00f3 th\u1ec3 \u0111i\u1ec1u ch\u1ec9nh tay gh\u1ebf sao cho ph\u00f9 h\u1ee3p v\u1edbi chi\u1ec1u cao c\u01a1 th\u1ec3, t\u01b0 th\u1ebf ng\u1ed3i c\u0169ng nh\u01b0 m\u1eb7t b\u00e0n l\u00e0m vi\u1ec7c. T\u00ednh n\u0103ng n\u00e0y kh\u00f4ng ch\u1ec9 gi\u00fap ng\u01b0\u1eddi ng\u1ed3i duy tr\u00ec t\u01b0 th\u1ebf chu\u1ea9n m\u00e0 c\u00f2n gi\u1ea3m \u00e1p l\u1ef1c cho vai, khu\u1ef7u tay v\u00e0 ph\u1ea7n c\u1ed5 vai g\u00e1y, h\u1ea1n ch\u1ebf \u0111au m\u1ecfi khi thao t\u00e1c m\u00e1y t\u00ednh li\u00ean t\u1ee5c.<\/p>\n<p data-start=\"1770\" data-end=\"2119\">Ph\u1ea7n \u0111\u1ec7m ng\u1ed3i c\u1ee7a GL349 \u0111\u01b0\u1ee3c l\u00e0m t\u1eeb m\u00fat ch\u1ea5t l\u01b0\u1ee3ng cao b\u1ecdc v\u1ea3i m\u1ec1m m\u1ea1i. \u0110\u1ec7m d\u00e0y v\u1eeba ph\u1ea3i, t\u1ea1o c\u1ea3m gi\u00e1c \u00eam \u00e1i nh\u01b0ng v\u1eabn \u0111\u1ea3m b\u1ea3o \u0111\u1ed9 \u0111\u00e0n h\u1ed3i, h\u1ed7 tr\u1ee3 t\u1ed1t cho v\u00f9ng h\u00f4ng v\u00e0 \u0111\u00f9i. \u0110\u1eb7c bi\u1ec7t, ch\u1ea5t li\u1ec7u v\u1ea3i cao c\u1ea5p gi\u00fap b\u1ec1 m\u1eb7t \u0111\u1ec7m tho\u00e1ng kh\u00ed h\u01a1n so v\u1edbi c\u00e1c lo\u1ea1i \u0111\u1ec7m b\u1ecdc PVC th\u00f4ng th\u01b0\u1eddng, h\u1ea1n ch\u1ebf s\u1ef1 b\u00ed b\u00e1ch v\u00e0 mang l\u1ea1i c\u1ea3m gi\u00e1c d\u1ec5 ch\u1ecbu trong qu\u00e1 tr\u00ecnh s\u1eed d\u1ee5ng.<\/p>\n<p data-start=\"2121\" data-end=\"2445\">T\u1ef1a l\u01b0ng gh\u1ebf \u0111\u01b0\u1ee3c thi\u1ebft k\u1ebf t\u1eeb khung nh\u1ef1a ch\u1eafc ch\u1eafn b\u1ecdc l\u01b0\u1edbi tho\u00e1ng kh\u00ed, c\u00f3 \u0111\u1ed9 c\u0103ng h\u1ee3p l\u00fd gi\u00fap \u00f4m s\u00e1t l\u01b0ng ng\u01b0\u1eddi ng\u1ed3i. Ch\u1ea5t li\u1ec7u l\u01b0\u1edbi cao c\u1ea5p kh\u00f4ng b\u1ecb bai d\u00e3o theo th\u1eddi gian v\u00e0 gi\u00fap kh\u00f4ng kh\u00ed l\u01b0u th\u00f4ng li\u00ean t\u1ee5c, t\u1eeb \u0111\u00f3 ng\u0103n ng\u1eeba c\u1ea3m gi\u00e1c n\u00f3ng l\u01b0ng v\u00e0o nh\u1eefng ng\u00e0y l\u00e0m vi\u1ec7c d\u00e0i ho\u1eb7c m\u00f4i tr\u01b0\u1eddng v\u0103n ph\u00f2ng \u0111i\u1ec1u h\u00f2a kh\u00f4ng \u1ed5n \u0111\u1ecbnh.<\/p>\n<p data-start=\"2447\" data-end=\"2791\">Gh\u1ebf l\u01b0\u1edbi GL349 c\u00f2n \u0111\u01b0\u1ee3c trang b\u1ecb c\u01a1 c\u1ea5u ng\u1ea3 h\u00e3m th\u01b0 gi\u00e3n, cho ph\u00e9p ng\u01b0\u1eddi d\u00f9ng \u0111i\u1ec1u ch\u1ec9nh \u0111\u1ed9 ng\u1ea3 theo nhu c\u1ea7u. Khi c\u1ea7n ngh\u1ec9 ng\u01a1i ng\u1eafn gi\u1eefa gi\u1edd l\u00e0m, ng\u01b0\u1eddi d\u00f9ng ch\u1ec9 c\u1ea7n k\u00edch ho\u1ea1t ch\u1ebf \u0111\u1ed9 ng\u1ea3 \u0111\u1ec3 th\u01b0 gi\u00e3n ph\u1ea7n l\u01b0ng, th\u1ea3 l\u1ecfng c\u01a1 th\u1ec3 v\u00e0 h\u1ed3i ph\u1ee5c n\u0103ng l\u01b0\u1ee3ng nhanh ch\u00f3ng. C\u01a1 c\u1ea5u ng\u1ea3 ho\u1ea1t \u0111\u1ed9ng m\u01b0\u1ee3t m\u00e0 v\u00e0 an to\u00e0n, \u0111\u1ea3m b\u1ea3o \u0111\u1ed9 b\u1ec1n sau th\u1eddi gian d\u00e0i s\u1eed d\u1ee5ng.<\/p>\n<p data-start=\"2793\" data-end=\"3131\">Ch\u00e2n gh\u1ebf \u0111\u01b0\u1ee3c l\u00e0m t\u1eeb th\u00e9p m\u1ea1 s\u00e1ng b\u00f3ng, gi\u00fap t\u1ed5ng th\u1ec3 s\u1ea3n ph\u1ea9m tr\u1edf n\u00ean sang tr\u1ecdng v\u00e0 hi\u1ec7n \u0111\u1ea1i h\u01a1n. Ch\u1ea5t li\u1ec7u th\u00e9p m\u1ea1 mang l\u1ea1i \u0111\u1ed9 b\u1ec1n cao, ch\u1ed1ng g\u1ec9 s\u00e9t v\u00e0 ch\u1ecbu l\u1ef1c t\u1ed1t, ph\u00f9 h\u1ee3p v\u1edbi m\u00f4i tr\u01b0\u1eddng v\u0103n ph\u00f2ng chuy\u00ean nghi\u1ec7p. B\u00e1nh xe \u0111\u01b0\u1ee3c thi\u1ebft k\u1ebf linh ho\u1ea1t, di chuy\u1ec3n nh\u1eb9 nh\u00e0ng v\u00e0 h\u1ea1n ch\u1ebf t\u1ed1i \u0111a ti\u1ebfng \u1ed3n, \u0111\u1ed3ng th\u1eddi kh\u00f4ng l\u00e0m tr\u1ea7y x\u01b0\u1edbc b\u1ec1 m\u1eb7t s\u00e0n.<\/p>\n<p data-start=\"3133\" data-end=\"3529\">M\u1ed9t \u01b0u \u0111i\u1ec3m kh\u00e1c gi\u00fap gh\u1ebf l\u01b0\u1edbi GL349 tr\u1edf n\u00ean \u1ea5n t\u01b0\u1ee3ng h\u01a1n ch\u00ednh l\u00e0 vi\u1ec7c cung c\u1ea5p hai l\u1ef1a ch\u1ecdn m\u00e0u nh\u1ef1a g\u1ed3m nh\u1ef1a \u0111en v\u00e0 nh\u1ef1a ghi. M\u00e0u \u0111en m\u1ea1nh m\u1ebd, sang tr\u1ecdng, ph\u00f9 h\u1ee3p v\u1edbi nhi\u1ec1u kh\u00f4ng gian l\u00e0m vi\u1ec7c hi\u1ec7n \u0111\u1ea1i; trong khi m\u00e0u ghi mang \u0111\u1ebfn s\u1ef1 tinh t\u1ebf, trang nh\u00e3, d\u1ec5 k\u1ebft h\u1ee3p v\u1edbi c\u00e1c t\u00f4ng m\u00e0u n\u1ed9i th\u1ea5t kh\u00e1c. Nh\u1edd \u0111\u00f3, ng\u01b0\u1eddi d\u00f9ng c\u00f3 th\u1ec3 ch\u1ecdn phi\u00ean b\u1ea3n ph\u00f9 h\u1ee3p v\u1edbi phong c\u00e1ch kh\u00f4ng gian ho\u1eb7c s\u1edf th\u00edch c\u00e1 nh\u00e2n.<\/p>\n<p data-start=\"3531\" data-end=\"3898\">X\u00e9t t\u1ed5ng th\u1ec3, gh\u1ebf l\u01b0\u1edbi GL349 h\u1ed9i t\u1ee5 \u0111\u1ea7y \u0111\u1ee7 c\u00e1c y\u1ebfu t\u1ed1 c\u1ee7a m\u1ed9t chi\u1ebfc gh\u1ebf v\u0103n ph\u00f2ng cao c\u1ea5p: thi\u1ebft k\u1ebf \u0111\u1eb9p m\u1eaft, t\u00ednh n\u0103ng ti\u1ec7n \u00edch, ch\u1ea5t li\u1ec7u b\u1ec1n b\u1ec9 v\u00e0 kh\u1ea3 n\u0103ng h\u1ed7 tr\u1ee3 t\u01b0 th\u1ebf ng\u1ed3i khoa h\u1ecdc. S\u1ea3n ph\u1ea9m ph\u00f9 h\u1ee3p cho nhi\u1ec1u \u0111\u1ed1i t\u01b0\u1ee3ng s\u1eed d\u1ee5ng, \u0111\u1eb7c bi\u1ec7t l\u00e0 c\u1ea5p qu\u1ea3n l\u00fd, nh\u00e2n vi\u00ean v\u0103n ph\u00f2ng ho\u1eb7c nh\u1eefng ng\u01b0\u1eddi l\u00e0m vi\u1ec7c t\u1ea1i nh\u00e0 c\u1ea7n m\u1ed9t chi\u1ebfc gh\u1ebf c\u00f3 kh\u1ea3 n\u0103ng b\u1ea3o v\u1ec7 s\u1ee9c kh\u1ecfe c\u1ed9t s\u1ed1ng.<\/p>\n<p data-start=\"3900\" data-end=\"4191\" data-is-last-node=\"\" data-is-only-node=\"\">V\u1edbi nh\u1eefng \u01b0u \u0111i\u1ec3m n\u1ed5i b\u1eadt n\u00e0y, gh\u1ebf l\u01b0\u1edbi GL349 kh\u00f4ng ch\u1ec9 l\u00e0 s\u1ea3n ph\u1ea9m mang l\u1ea1i s\u1ef1 tho\u1ea3i m\u00e1i m\u00e0 c\u00f2n g\u00f3p ph\u1ea7n n\u00e2ng t\u1ea7m kh\u00f4ng gian l\u00e0m vi\u1ec7c, t\u1ea1o n\u00ean s\u1ef1 chuy\u00ean nghi\u1ec7p v\u00e0 hi\u1ec7n \u0111\u1ea1i. \u0110\u00e2y l\u00e0 l\u1ef1a ch\u1ecdn l\u00fd t\u01b0\u1edfng d\u00e0nh cho nh\u1eefng ai \u0111ang t\u00ecm ki\u1ebfm m\u1ed9t m\u1eabu gh\u1ebf l\u01b0\u1edbi cao c\u1ea5p v\u1eeba \u0111\u1eb9p v\u1eeba b\u1ec1n \u0111\u1ec3 s\u1eed d\u1ee5ng l\u00e2u d\u00e0i.<\/p>\n","protected":false},"excerpt":{"rendered":"<p data-start=\"50\" data-end=\"453\">Gh\u1ebf l\u01b0\u1edbi GL349 l\u00e0 m\u1eabu gh\u1ebf l\u01b0\u1edbi cao c\u1ea5p v\u1edbi thi\u1ebft k\u1ebf t\u1ef1a nh\u1ef1a b\u1ecdc v\u1ea3i l\u01b0\u1edbi tho\u00e1ng kh\u00ed k\u1ebft h\u1ee3p \u0111\u1ec7m m\u00fat b\u1ecdc v\u1ea3i \u00eam \u00e1i, mang \u0111\u1ebfn s\u1ef1 tho\u1ea3i m\u00e1i t\u1ed1i \u0111a cho ng\u01b0\u1eddi s\u1eed d\u1ee5ng. Tay gh\u1ebf c\u00f3 th\u1ec3 t\u0103ng ch\u1ec9nh chi\u1ec1u cao linh ho\u1ea1t, gi\u00fap ng\u01b0\u1eddi ng\u1ed3i d\u1ec5 d\u00e0ng t\u00f9y ch\u1ec9nh theo t\u01b0 th\u1ebf l\u00e0m vi\u1ec7c. Gh\u1ebf c\u00f3 kh\u1ea3 n\u0103ng ng\u1ea3 h\u00e3m th\u01b0 gi\u00e3n v\u00e0 s\u1eed d\u1ee5ng ch\u00e2n th\u00e9p m\u1ea1 ch\u1eafc ch\u1eafn. S\u1ea3n ph\u1ea9m c\u00f3 hai l\u1ef1a ch\u1ecdn m\u00e0u s\u1eafc ph\u1ea7n nh\u1ef1a g\u1ed3m nh\u1ef1a \u0111en v\u00e0 nh\u1ef1a ghi.<\/p>\n<p data-start=\"455\" data-end=\"500\">Nh\u1ef1a \u0111en &#8211; <span style=\"color: #ed1c24; font-size: 120%;\"><strong>2.341.000 \u0111<\/strong><\/span><br \/>\nNh\u1ef1a ghi &#8211; <span style=\"color: #ed1c24; font-size: 120%;\"><strong>2.444.000 \u0111<\/strong><\/span><br \/>\nK\u00edch th\u01b0\u1edbc: W610 x D650\u2013870 x H1180\u20131260 mm<br \/>\nXu\u1ea5t x\u1ee9: S\u1ea3n ph\u1ea9m c\u1ee7a c\u00f4ng ty N\u1ed8I TH\u1ea4T THE ONE \u2013 Ph\u00e2n ph\u1ed1i b\u1edfi C\u00d4NG TY TNHH SXTM TTNT H\u1eeeU TH\u1ecaNH<br data-start=\"597\" data-end=\"600\" \/>B\u1ea3o h\u00e0nh: 12 th\u00e1ng theo ti\u00eau chu\u1ea9n nh\u00e0 m\u00e1y<\/p>\n<p data-start=\"646\" data-end=\"798\"><span style=\"color: #ed1c24;\"><em data-start=\"646\" data-end=\"798\">L\u01b0u \u00fd: Gi\u00e1 tr\u00ean ch\u01b0a bao g\u1ed3m VAT v\u00e0 ph\u00ed v\u1eadn chuy\u1ec3n. Gi\u00e1 s\u1ea3n ph\u1ea9m c\u00f3 th\u1ec3 thay \u0111\u1ed5i theo t\u1eebng th\u1eddi \u0111i\u1ec3m, vui l\u00f2ng li\u00ean h\u1ec7 \u0111\u1ec3 nh\u1eadn t\u01b0 v\u1ea5n \u01b0u \u0111\u00e3i t\u1ed1t nh\u1ea5t.<\/em><\/span><\/p>\n","protected":false},"featured_media":4804,"comment_status":"open","ping_status":"closed","template":"","meta":[],"product_brand":[],"product_cat":[17,356],"product_tag":[],"class_list":{"0":"post-4803","1":"product","2":"type-product","3":"status-publish","4":"has-post-thumbnail","6":"product_cat-noi-that-van-phong","7":"product_cat-ghe-luoi-cao-cap","9":"first","10":"instock","11":"taxable","12":"shipping-taxable","13":"purchasable","14":"product-type-simple"},"_links":{"self":[{"href":"https:\/\/www.noithathuuthinh.vn\/zh-hans\/wp-json\/wp\/v2\/product\/4803","targetHints":{"allow":["GET"]}}],"collection":[{"href":"https:\/\/www.noithathuuthinh.vn\/zh-hans\/wp-json\/wp\/v2\/product"}],"about":[{"href":"https:\/\/www.noithathuuthinh.vn\/zh-hans\/wp-json\/wp\/v2\/types\/product"}],"replies":[{"embeddable":true,"href":"https:\/\/www.noithathuuthinh.vn\/zh-hans\/wp-json\/wp\/v2\/comments?post=4803"}],"wp:featuredmedia":[{"embeddable":true,"href":"https:\/\/www.noithathuuthinh.vn\/zh-hans\/wp-json\/wp\/v2\/media\/4804"}],"wp:attachment":[{"href":"https:\/\/www.noithathuuthinh.vn\/zh-hans\/wp-json\/wp\/v2\/media?parent=4803"}],"wp:term":[{"taxonomy":"product_brand","embeddable":true,"href":"https:\/\/www.noithathuuthinh.vn\/zh-hans\/wp-json\/wp\/v2\/product_brand?post=4803"},{"taxonomy":"product_cat","embeddable":true,"href":"https:\/\/www.noithathuuthinh.vn\/zh-hans\/wp-json\/wp\/v2\/product_cat?post=4803"},{"taxonomy":"product_tag","embeddable":true,"href":"https:\/\/www.noithathuuthinh.vn\/zh-hans\/wp-json\/wp\/v2\/product_tag?post=4803"}],"curies":[{"name":"wp","href":"https:\/\/api.w.org\/{rel}","templated":true}]}}